{"id":10883,"date":"2018-10-22T14:23:06","date_gmt":"2018-10-22T12:23:06","guid":{"rendered":"https:\/\/www.veltec.eu\/kirby-webshop\/cepillo-turbo-kirby-tipo-nuevo-nl3128\/"},"modified":"2026-04-08T13:50:20","modified_gmt":"2026-04-08T11:50:20","slug":"cepillo-turbo-kirby-tipo-nuevo-nl3128","status":"publish","type":"product","link":"https:\/\/www.veltec.eu\/es\/product\/cepillo-turbo-kirby-tipo-nuevo-nl3128\/","title":{"rendered":"Cepillo Turbo Kirby Tipo Nuevo"},"content":{"rendered":"<div class=\"text-base my-auto mx-auto [--thread-content-margin:var(--thread-content-margin-xs,calc(var(--spacing)*4))] @w-sm\/main:[--thread-content-margin:var(--thread-content-margin-sm,calc(var(--spacing)*6))] @w-lg\/main:[--thread-content-margin:var(--thread-content-margin-lg,calc(var(--spacing)*16))] px-(--thread-content-margin)\">\n<div class=\"[--thread-content-max-width:40rem] @w-lg\/main:[--thread-content-max-width:48rem] mx-auto max-w-(--thread-content-max-width) flex-1 group\/turn-messages focus-visible:outline-hidden relative flex w-full min-w-0 flex-col agent-turn\">\n<div class=\"flex max-w-full flex-col gap-4 grow\">\n<div class=\"min-h-8 text-message relative flex w-full flex-col items-end gap-2 text-start break-words whitespace-normal outline-none keyboard-focused:focus-ring [.text-message+&amp;]:mt-1\" dir=\"auto\" data-message-author-role=\"assistant\" data-message-id=\"4081ec7a-caa2-4ac9-9c83-6cf5aba3655d\" data-message-model-slug=\"gpt-5-3\">\n<div class=\"flex w-full flex-col gap-1 empty:hidden\">\n<div class=\"markdown prose dark:prose-invert w-full wrap-break-word light markdown-new-styling\">\n<h1 data-section-id=\"10s904w\" data-start=\"0\" data-end=\"34\">Cepillo Turbo Kirby Tipo Nuevo<\/h1>\n<p data-start=\"36\" data-end=\"390\">El Cepillo Turbo Kirby Tipo Nuevo est\u00e1 dise\u00f1ado para la limpieza profunda de tapicer\u00edas, escaleras e interiores de autom\u00f3viles. Gracias al rotor y al flujo de aire optimizado, este cepillo turbo elimina eficazmente la suciedad y el pelo. Con un dise\u00f1o silencioso y duradero, es compatible con todos los <a href=\"https:\/\/www.veltec.eu\/es\/aspiradora-kirby\/\" target=\"_blank\" rel=\"noopener\">aspiradores Kirby<\/a>.<\/p>\n<h2>Limpieza profunda con el Cepillo Turbo Kirby<\/h2>\n<p>El cepillo rotativo de esta versi\u00f3n nueva penetra profundamente en las superficies textiles, eliminando eficazmente pelos dif\u00edciles y polvo. Tambi\u00e9n limpia alfombras y moquetas con un esfuerzo m\u00ednimo.<\/p>\n<p data-start=\"767\" data-end=\"1000\">Adem\u00e1s, este cepillo turbo es ideal para muebles, escaleras y el interior del autom\u00f3vil, ya que limpia de manera focalizada sin da\u00f1ar las superficies. Consulta tambi\u00e9n nuestros <a href=\"https:\/\/www.veltec.eu\/es\/cepillos-y-accesorios-kirby\/\" target=\"_blank\" rel=\"noopener\">cepillos Kirby<\/a> para soluciones de limpieza adicionales o todos los componentes del <a href=\"https:\/\/www.veltec.eu\/es\/cepillo-turbo-kirby\/\" target=\"_blank\" rel=\"noopener\">Cepillo Turbo Kirby<\/a><\/p>\n<h3 data-section-id=\"1g7w1p7\" data-start=\"1002\" data-end=\"1065\">Tecnolog\u00eda de cepillo innovadora<\/h3>\n<p data-start=\"1067\" data-end=\"1359\">El rotor mejorado garantiza una succi\u00f3n m\u00e1xima, mientras que el flujo de aire est\u00e1 optimizado para un resultado uniforme. La cabeza del cepillo es f\u00e1cil de desmontar, lo que permite un mantenimiento r\u00e1pido y sencillo. As\u00ed se mantiene el rendimiento \u00f3ptimo a largo plazo.<\/p>\n<p data-start=\"1361\" data-end=\"1535\">Adem\u00e1s, el mecanismo interno se ha simplificado, lo que hace que el desmontaje sea m\u00e1s r\u00e1pido y el mantenimiento m\u00e1s f\u00e1cil. Esto asegura que el cepillo funcione de manera \u00f3ptima durante mucho tiempo.<\/p>\n<h2>Dise\u00f1o duradero y ergon\u00f3mico<\/h2>\n<p>El dise\u00f1o moderno combina estilo y facilidad de uso. El cepillo est\u00e1 dise\u00f1ado ergon\u00f3micamente para un agarre c\u00f3modo, haciendo que la limpieza prolongada sea menos fatigante. Adem\u00e1s, los materiales utilizados son resistentes a golpes y impactos, garantizando una vida \u00fatil m\u00e1s larga.<\/p>\n<h3>Pr\u00e1ctico en el uso<\/h3>\n<p>El cepillo turbo Kirby nueva versi\u00f3n es adecuado para diferentes superficies. Desde alfombras suaves hasta suelos duros: el cepillo se adapta gracias a la succi\u00f3n ajustable y a los cepillos rotativos. Se recomienda limpiar regularmente la cabeza del cepillo para un mantenimiento adecuado.<\/p>\n<p data-start=\"2464\" data-end=\"2635\">Para m\u00e1s informaci\u00f3n y consejos, lee el <a href=\"https:\/\/www.servicio-de-aspiradoras-kirby.es\/el-cepillo-kirby-zipp\/\" target=\"_blank\" rel=\"noopener\">art\u00edculo del blog: Todo sobre el Kirby Zipp Brush o Cepillo Turbo.<\/a><\/p>\n<h2 data-section-id=\"1rmy45g\" data-start=\"2637\" data-end=\"2695\">Compatibilidad del Cepillo Turbo Kirby Tipo Nuevo<\/h2>\n<p data-start=\"2697\" data-end=\"2899\">Este cepillo turbo es de uso universal y, por lo tanto, compatible con casi todos los aspiradores Kirby. As\u00ed, no necesitas adquirir accesorios separados para diferentes modelos.<\/p>\n<p data-start=\"2901\" data-end=\"2929\">Compatible con, entre otros:<\/p>\n<ul data-start=\"2930\" data-end=\"3113\">\n<li data-section-id=\"1jnepvj\" data-start=\"2930\" data-end=\"2949\">Avalir Platinum<\/li>\n<li data-section-id=\"20vfq8\" data-start=\"2950\" data-end=\"2974\">Avalir 2 y Avalir 1<\/li>\n<li data-section-id=\"1p695yc\" data-start=\"2975\" data-end=\"3014\">Sentria 2 (G10D) y Sentria 1 (G10)<\/li>\n<li data-section-id=\"1sk6jdp\" data-start=\"3015\" data-end=\"3054\">Ultimate G Diamond Edition (G7D\/DE)<\/li>\n<li data-section-id=\"vl5rqy\" data-start=\"3055\" data-end=\"3077\">Ultimate G (G7\/UG)<\/li>\n<li data-section-id=\"1t7fo0m\" data-start=\"3078\" data-end=\"3113\">Generation 6 (G6), G5, G4 y G3<\/li>\n<\/ul>\n<p data-start=\"3115\" data-end=\"3223\">Adem\u00e1s, el cepillo turbo funciona tambi\u00e9n con otros aspiradores, siempre que generen un flujo de aire suficiente.<\/p>\n<h3 data-section-id=\"1ty10vh\" data-start=\"3225\" data-end=\"3276\">Uso seguro del Cepillo Turbo<\/h3>\n<p data-start=\"3278\" data-end=\"3563\">Para obtener resultados \u00f3ptimos, es esencial usar correctamente el Cepillo Turbo Kirby Tipo Nuevo. Utiliza este cepillo \u00fanicamente para limpieza en seco. No se recomienda combinar con champ\u00fa o l\u00edquidos, ya que puede causar acumulaci\u00f3n de suciedad, moho y malos olores.<\/p>\n<h2 data-section-id=\"19v9qiv\" data-start=\"3565\" data-end=\"3622\">Por qu\u00e9 elegir el Cepillo Turbo Kirby Tipo Nuevo<\/h2>\n<p data-start=\"3624\" data-end=\"3891\">El cepillo turbo nueva versi\u00f3n combina potencia, durabilidad y facilidad de uso en un solo accesorio. Esto hace que la limpieza sea m\u00e1s eficiente y profunda. Adem\u00e1s, su dise\u00f1o moderno ofrece una experiencia de usuario agradable en cada tarea de limpieza.<\/p>\n<p data-start=\"3893\" data-end=\"4049\" data-is-last-node=\"\" data-is-only-node=\"\">Con el Cepillo Turbo Kirby Tipo Nuevo eliges una soluci\u00f3n confiable y vers\u00e1til que facilita significativamente cualquier tarea de limpieza.<\/p>\n<\/div>\n<\/div>\n<\/div>\n<\/div>\n<\/div>\n<\/div>\n","protected":false},"excerpt":{"rendered":"<p>El cepillo turbo Kirby nueva versi\u00f3n ofrece limpieza profunda de tapicer\u00edas, alfombras y interiores de autos con m\u00e1xima eficiencia. Su rotor optimizado y dise\u00f1o silencioso garantizan resultados profesionales. Compatible con todos los aspiradores Kirby, es resistente y f\u00e1cil de mantener.<\/p>\n[trustindex data-widget-id=48bbd87242952812953642309d4]\n<h3><span style=\"color: #008000;\"><br \/>\nEn stock<\/span><\/h3>\n[av_font_icon icon='ue812' font='entypo-fontello' style='' caption='' size='25px' position='left' color='#43ad66' link='' linktarget='' title_attr='' sonar_effect_effect='' sonar_effect_color='' sonar_effect_duration='1' sonar_effect_scale='' sonar_effect_opac='0.5' animation='' id='' custom_class='' template_class='' av_uid='' sc_version='1.0' admin_preview_bg=''][\/av_font_icon]\n<p><span style=\"color: #008000;\">Pedido antes de las 23:59, enviado ma\u00f1ana<\/span><\/p>\n<p>&nbsp;<\/p>\n","protected":false},"featured_media":86422,"comment_status":"open","ping_status":"closed","template":"","meta":[],"product_brand":[],"product_cat":[380],"product_tag":[],"class_list":{"0":"post-10883","1":"product","2":"type-product","3":"status-publish","4":"has-post-thumbnail","6":"product_cat-cepillo-turbo-kirby","7":"product_shipping_class-klein-es","9":"first","10":"instock","11":"sale","12":"taxable","13":"shipping-taxable","14":"purchasable","15":"product-type-simple"},"yoast_head":"<!-- This site is optimized with the Yoast SEO Premium plugin v27.1 (Yoast SEO v27.4) - https:\/\/yoast.com\/product\/yoast-seo-premium-wordpress\/ -->\n<title>Cepillo Turbo Kirby Tipo Nuevo - Limpieza Profunda<\/title>\n<meta name=\"description\" content=\"Descubre el Cepillo Turbo Kirby Tipo Nuevo: potente, silencioso y duradero, ideal para tapicer\u00edas, escaleras y autos. Para todos modelos Kirby.\" \/>\n<meta name=\"robots\" content=\"index, follow, max-snippet:-1, max-image-preview:large, max-video-preview:-1\" \/>\n<link rel=\"canonical\" href=\"https:\/\/www.veltec.eu\/es\/product\/cepillo-turbo-kirby-tipo-nuevo-nl3128\/\" \/>\n<meta property=\"og:locale\" content=\"es_ES\" \/>\n<meta property=\"og:type\" content=\"article\" \/>\n<meta property=\"og:title\" content=\"Cepillo Turbo Kirby Tipo Nuevo\" \/>\n<meta property=\"og:description\" content=\"El cepillo turbo Kirby nueva versi\u00f3n ofrece limpieza profunda de tapicer\u00edas, alfombras y interiores de autos con m\u00e1xima eficiencia. Su rotor optimizado y dise\u00f1o silencioso garantizan resultados profesionales. Compatible con todos los aspiradores Kirby, es resistente y f\u00e1cil de mantener.    En stock   Pedido antes de las 23:59, enviado ma\u00f1ana  &nbsp;\" \/>\n<meta property=\"og:url\" content=\"https:\/\/www.veltec.eu\/es\/product\/cepillo-turbo-kirby-tipo-nuevo-nl3128\/\" \/>\n<meta property=\"og:site_name\" content=\"Veltec Kirby specialist\" \/>\n<meta property=\"article:publisher\" content=\"https:\/\/www.facebook.com\/Veltec-Kirby-Specialist-236746293374877\/\" \/>\n<meta property=\"article:modified_time\" content=\"2026-04-08T11:50:20+00:00\" \/>\n<meta property=\"og:image\" content=\"https:\/\/www.veltec.eu\/wp-content\/uploads\/2018\/10\/Kirby-Zipp-brush.png\" \/>\n\t<meta property=\"og:image:width\" content=\"600\" \/>\n\t<meta property=\"og:image:height\" content=\"600\" \/>\n\t<meta property=\"og:image:type\" content=\"image\/png\" \/>\n<meta name=\"twitter:card\" content=\"summary_large_image\" \/>\n<meta name=\"twitter:label1\" content=\"Tiempo de lectura\" \/>\n\t<meta name=\"twitter:data1\" content=\"3 minutos\" \/>\n<script type=\"application\/ld+json\" class=\"yoast-schema-graph\">{\"@context\":\"https:\\\/\\\/schema.org\",\"@graph\":[{\"@type\":\"WebPage\",\"@id\":\"https:\\\/\\\/www.veltec.eu\\\/es\\\/product\\\/cepillo-turbo-kirby-tipo-nuevo-nl3128\\\/\",\"url\":\"https:\\\/\\\/www.veltec.eu\\\/es\\\/product\\\/cepillo-turbo-kirby-tipo-nuevo-nl3128\\\/\",\"name\":\"Cepillo Turbo Kirby Tipo Nuevo - Limpieza Profunda\",\"isPartOf\":{\"@id\":\"https:\\\/\\\/www.veltec.eu\\\/en\\\/#website\"},\"primaryImageOfPage\":{\"@id\":\"https:\\\/\\\/www.veltec.eu\\\/es\\\/product\\\/cepillo-turbo-kirby-tipo-nuevo-nl3128\\\/#primaryimage\"},\"image\":{\"@id\":\"https:\\\/\\\/www.veltec.eu\\\/es\\\/product\\\/cepillo-turbo-kirby-tipo-nuevo-nl3128\\\/#primaryimage\"},\"thumbnailUrl\":\"https:\\\/\\\/www.veltec.eu\\\/wp-content\\\/uploads\\\/2018\\\/10\\\/Kirby-Zipp-brush.png\",\"datePublished\":\"2018-10-22T12:23:06+00:00\",\"dateModified\":\"2026-04-08T11:50:20+00:00\",\"description\":\"Descubre el Cepillo Turbo Kirby Tipo Nuevo: potente, silencioso y duradero, ideal para tapicer\u00edas, escaleras y autos. Para todos modelos Kirby.\",\"breadcrumb\":{\"@id\":\"https:\\\/\\\/www.veltec.eu\\\/es\\\/product\\\/cepillo-turbo-kirby-tipo-nuevo-nl3128\\\/#breadcrumb\"},\"inLanguage\":\"es\",\"potentialAction\":[{\"@type\":\"ReadAction\",\"target\":[\"https:\\\/\\\/www.veltec.eu\\\/es\\\/product\\\/cepillo-turbo-kirby-tipo-nuevo-nl3128\\\/\"]}]},{\"@type\":\"ImageObject\",\"inLanguage\":\"es\",\"@id\":\"https:\\\/\\\/www.veltec.eu\\\/es\\\/product\\\/cepillo-turbo-kirby-tipo-nuevo-nl3128\\\/#primaryimage\",\"url\":\"https:\\\/\\\/www.veltec.eu\\\/wp-content\\\/uploads\\\/2018\\\/10\\\/Kirby-Zipp-brush.png\",\"contentUrl\":\"https:\\\/\\\/www.veltec.eu\\\/wp-content\\\/uploads\\\/2018\\\/10\\\/Kirby-Zipp-brush.png\",\"width\":600,\"height\":600},{\"@type\":\"BreadcrumbList\",\"@id\":\"https:\\\/\\\/www.veltec.eu\\\/es\\\/product\\\/cepillo-turbo-kirby-tipo-nuevo-nl3128\\\/#breadcrumb\",\"itemListElement\":[{\"@type\":\"ListItem\",\"position\":1,\"name\":\"Home\",\"item\":\"https:\\\/\\\/www.veltec.eu\\\/es\\\/\"},{\"@type\":\"ListItem\",\"position\":2,\"name\":\"Produits\",\"item\":\"https:\\\/\\\/www.veltec.eu\\\/fr\\\/shop\\\/\"},{\"@type\":\"ListItem\",\"position\":3,\"name\":\"Cepillo Turbo Kirby Tipo Nuevo\"}]},{\"@type\":\"WebSite\",\"@id\":\"https:\\\/\\\/www.veltec.eu\\\/en\\\/#website\",\"url\":\"https:\\\/\\\/www.veltec.eu\\\/en\\\/\",\"name\":\"Veltec Kirby specialist\",\"description\":\"Kirby stofzuiger producten\",\"publisher\":{\"@id\":\"https:\\\/\\\/www.veltec.eu\\\/en\\\/#organization\"},\"potentialAction\":[{\"@type\":\"SearchAction\",\"target\":{\"@type\":\"EntryPoint\",\"urlTemplate\":\"https:\\\/\\\/www.veltec.eu\\\/en\\\/?s={search_term_string}\"},\"query-input\":{\"@type\":\"PropertyValueSpecification\",\"valueRequired\":true,\"valueName\":\"search_term_string\"}}],\"inLanguage\":\"es\"},{\"@type\":\"Organization\",\"@id\":\"https:\\\/\\\/www.veltec.eu\\\/en\\\/#organization\",\"name\":\"Veltec Kirby Specialist\",\"url\":\"https:\\\/\\\/www.veltec.eu\\\/en\\\/\",\"logo\":{\"@type\":\"ImageObject\",\"inLanguage\":\"es\",\"@id\":\"https:\\\/\\\/www.veltec.eu\\\/en\\\/#\\\/schema\\\/logo\\\/image\\\/\",\"url\":\"https:\\\/\\\/www.veltec.eu\\\/wp-content\\\/uploads\\\/2021\\\/12\\\/Veltec-log-groot-e1537260889125.png\",\"contentUrl\":\"https:\\\/\\\/www.veltec.eu\\\/wp-content\\\/uploads\\\/2021\\\/12\\\/Veltec-log-groot-e1537260889125.png\",\"width\":200,\"height\":60,\"caption\":\"Veltec Kirby Specialist\"},\"image\":{\"@id\":\"https:\\\/\\\/www.veltec.eu\\\/en\\\/#\\\/schema\\\/logo\\\/image\\\/\"},\"sameAs\":[\"https:\\\/\\\/www.facebook.com\\\/Veltec-Kirby-Specialist-236746293374877\\\/\",\"https:\\\/\\\/www.youtube.com\\\/user\\\/VeltecService\"]}]}<\/script>\n<!-- \/ Yoast SEO Premium plugin. -->","yoast_head_json":{"title":"Cepillo Turbo Kirby Tipo Nuevo - Limpieza Profunda","description":"Descubre el Cepillo Turbo Kirby Tipo Nuevo: potente, silencioso y duradero, ideal para tapicer\u00edas, escaleras y autos. Para todos modelos Kirby.","robots":{"index":"index","follow":"follow","max-snippet":"max-snippet:-1","max-image-preview":"max-image-preview:large","max-video-preview":"max-video-preview:-1"},"canonical":"https:\/\/www.veltec.eu\/es\/product\/cepillo-turbo-kirby-tipo-nuevo-nl3128\/","og_locale":"es_ES","og_type":"article","og_title":"Cepillo Turbo Kirby Tipo Nuevo","og_description":"El cepillo turbo Kirby nueva versi\u00f3n ofrece limpieza profunda de tapicer\u00edas, alfombras y interiores de autos con m\u00e1xima eficiencia. Su rotor optimizado y dise\u00f1o silencioso garantizan resultados profesionales. Compatible con todos los aspiradores Kirby, es resistente y f\u00e1cil de mantener.    En stock   Pedido antes de las 23:59, enviado ma\u00f1ana  &nbsp;","og_url":"https:\/\/www.veltec.eu\/es\/product\/cepillo-turbo-kirby-tipo-nuevo-nl3128\/","og_site_name":"Veltec Kirby specialist","article_publisher":"https:\/\/www.facebook.com\/Veltec-Kirby-Specialist-236746293374877\/","article_modified_time":"2026-04-08T11:50:20+00:00","og_image":[{"width":600,"height":600,"url":"https:\/\/www.veltec.eu\/wp-content\/uploads\/2018\/10\/Kirby-Zipp-brush.png","type":"image\/png"}],"twitter_card":"summary_large_image","twitter_misc":{"Tiempo de lectura":"3 minutos"},"schema":{"@context":"https:\/\/schema.org","@graph":[{"@type":"WebPage","@id":"https:\/\/www.veltec.eu\/es\/product\/cepillo-turbo-kirby-tipo-nuevo-nl3128\/","url":"https:\/\/www.veltec.eu\/es\/product\/cepillo-turbo-kirby-tipo-nuevo-nl3128\/","name":"Cepillo Turbo Kirby Tipo Nuevo - Limpieza Profunda","isPartOf":{"@id":"https:\/\/www.veltec.eu\/en\/#website"},"primaryImageOfPage":{"@id":"https:\/\/www.veltec.eu\/es\/product\/cepillo-turbo-kirby-tipo-nuevo-nl3128\/#primaryimage"},"image":{"@id":"https:\/\/www.veltec.eu\/es\/product\/cepillo-turbo-kirby-tipo-nuevo-nl3128\/#primaryimage"},"thumbnailUrl":"https:\/\/www.veltec.eu\/wp-content\/uploads\/2018\/10\/Kirby-Zipp-brush.png","datePublished":"2018-10-22T12:23:06+00:00","dateModified":"2026-04-08T11:50:20+00:00","description":"Descubre el Cepillo Turbo Kirby Tipo Nuevo: potente, silencioso y duradero, ideal para tapicer\u00edas, escaleras y autos. Para todos modelos Kirby.","breadcrumb":{"@id":"https:\/\/www.veltec.eu\/es\/product\/cepillo-turbo-kirby-tipo-nuevo-nl3128\/#breadcrumb"},"inLanguage":"es","potentialAction":[{"@type":"ReadAction","target":["https:\/\/www.veltec.eu\/es\/product\/cepillo-turbo-kirby-tipo-nuevo-nl3128\/"]}]},{"@type":"ImageObject","inLanguage":"es","@id":"https:\/\/www.veltec.eu\/es\/product\/cepillo-turbo-kirby-tipo-nuevo-nl3128\/#primaryimage","url":"https:\/\/www.veltec.eu\/wp-content\/uploads\/2018\/10\/Kirby-Zipp-brush.png","contentUrl":"https:\/\/www.veltec.eu\/wp-content\/uploads\/2018\/10\/Kirby-Zipp-brush.png","width":600,"height":600},{"@type":"BreadcrumbList","@id":"https:\/\/www.veltec.eu\/es\/product\/cepillo-turbo-kirby-tipo-nuevo-nl3128\/#breadcrumb","itemListElement":[{"@type":"ListItem","position":1,"name":"Home","item":"https:\/\/www.veltec.eu\/es\/"},{"@type":"ListItem","position":2,"name":"Produits","item":"https:\/\/www.veltec.eu\/fr\/shop\/"},{"@type":"ListItem","position":3,"name":"Cepillo Turbo Kirby Tipo Nuevo"}]},{"@type":"WebSite","@id":"https:\/\/www.veltec.eu\/en\/#website","url":"https:\/\/www.veltec.eu\/en\/","name":"Veltec Kirby specialist","description":"Kirby stofzuiger producten","publisher":{"@id":"https:\/\/www.veltec.eu\/en\/#organization"},"potentialAction":[{"@type":"SearchAction","target":{"@type":"EntryPoint","urlTemplate":"https:\/\/www.veltec.eu\/en\/?s={search_term_string}"},"query-input":{"@type":"PropertyValueSpecification","valueRequired":true,"valueName":"search_term_string"}}],"inLanguage":"es"},{"@type":"Organization","@id":"https:\/\/www.veltec.eu\/en\/#organization","name":"Veltec Kirby Specialist","url":"https:\/\/www.veltec.eu\/en\/","logo":{"@type":"ImageObject","inLanguage":"es","@id":"https:\/\/www.veltec.eu\/en\/#\/schema\/logo\/image\/","url":"https:\/\/www.veltec.eu\/wp-content\/uploads\/2021\/12\/Veltec-log-groot-e1537260889125.png","contentUrl":"https:\/\/www.veltec.eu\/wp-content\/uploads\/2021\/12\/Veltec-log-groot-e1537260889125.png","width":200,"height":60,"caption":"Veltec Kirby Specialist"},"image":{"@id":"https:\/\/www.veltec.eu\/en\/#\/schema\/logo\/image\/"},"sameAs":["https:\/\/www.facebook.com\/Veltec-Kirby-Specialist-236746293374877\/","https:\/\/www.youtube.com\/user\/VeltecService"]}]}},"_links":{"self":[{"href":"https:\/\/www.veltec.eu\/es\/wp-json\/wp\/v2\/product\/10883","targetHints":{"allow":["GET"]}}],"collection":[{"href":"https:\/\/www.veltec.eu\/es\/wp-json\/wp\/v2\/product"}],"about":[{"href":"https:\/\/www.veltec.eu\/es\/wp-json\/wp\/v2\/types\/product"}],"replies":[{"embeddable":true,"href":"https:\/\/www.veltec.eu\/es\/wp-json\/wp\/v2\/comments?post=10883"}],"wp:featuredmedia":[{"embeddable":true,"href":"https:\/\/www.veltec.eu\/es\/wp-json\/wp\/v2\/media\/86422"}],"wp:attachment":[{"href":"https:\/\/www.veltec.eu\/es\/wp-json\/wp\/v2\/media?parent=10883"}],"wp:term":[{"taxonomy":"product_brand","embeddable":true,"href":"https:\/\/www.veltec.eu\/es\/wp-json\/wp\/v2\/product_brand?post=10883"},{"taxonomy":"product_cat","embeddable":true,"href":"https:\/\/www.veltec.eu\/es\/wp-json\/wp\/v2\/product_cat?post=10883"},{"taxonomy":"product_tag","embeddable":true,"href":"https:\/\/www.veltec.eu\/es\/wp-json\/wp\/v2\/product_tag?post=10883"}],"curies":[{"name":"wp","href":"https:\/\/api.w.org\/{rel}","templated":true}]}}