{"id":10853,"date":"2018-10-26T10:48:32","date_gmt":"2018-10-26T08:48:32","guid":{"rendered":"https:\/\/www.veltec.eu\/kirby-webshop\/conexion-ruedas-td-kirby-2x-nl3123\/"},"modified":"2025-03-28T14:08:18","modified_gmt":"2025-03-28T12:08:18","slug":"conjunto-de-conexiones-td-kirby","status":"publish","type":"product","link":"https:\/\/www.veltec.eu\/es\/product\/conjunto-de-conexiones-td-kirby\/","title":{"rendered":"Conjunto de conexiones TD Kirby"},"content":{"rendered":"<h1>Conjunto de conexiones TD Kirby<\/h1>\n<p>Conjunto de conexiones TD Kirby<\/p>\n<p><strong>Este producto es adecuado para los tipos:<\/strong><\/p>\n<ul>\n<li>Avalir Platinum<\/li>\n<li>Avalir 2<\/li>\n<li>Avalir 1<\/li>\n<li>Sentria 2 (G10D)<\/li>\n<li>Sentria 1 (G10)<\/li>\n<li>Ultimate G Diamond Ed.(G7D or DE)<\/li>\n<li>Ultimate G (G7 or UG)<\/li>\n<li>Generation 6 (G6)<\/li>\n<li>Generation 5 (G5)<\/li>\n<li>Generation 4 (G4)<\/li>\n<li>Generation 3 (G3)<\/li>\n<\/ul>\n<h2>Kirby TD Connection Set: Soluci\u00f3n todo en uno para su aspiradora Kirby<\/h2>\n<p>\u00bfSu aspiradora Kirby necesita una renovaci\u00f3n? El Connection Set es la elecci\u00f3n perfecta para restaurar el rendimiento de su aspiradora. Este juego completo incluye una correa TD, dos radios y clips de fijaci\u00f3n que se adaptan con precisi\u00f3n. Adem\u00e1s, el juego es apto para cualquier tipo de aspiradora Kirby, por lo que no tendr\u00e1 que preocuparse de devolver su aparato a su estado \u00f3ptimo.<\/p>\n<p><a href=\"https:\/\/www.veltec.eu\/es\/partes-para-motor-kirby\/\">Puede encontrar todas las piezas de motor Kirby aqu\u00ed<\/a><\/p>\n<h3>\u00bfPor qu\u00e9 elegir el kit de conexi\u00f3n TD de Kirby?<\/h3>\n<p>Con el kit de conexi\u00f3n obtendr\u00e1 una soluci\u00f3n fiable y duradera para el mantenimiento de su aspiradora. Este juego est\u00e1 especialmente dise\u00f1ado para cumplir con los altos est\u00e1ndares ofrecidos por Kirby, por lo que tiene asegurada una larga vida \u00fatil y un rendimiento \u00f3ptimo. Gracias a su f\u00e1cil instalaci\u00f3n, ahorrar\u00e1 tiempo y esfuerzo sin comprometer la calidad.<\/p>\n<p>Principales ventajas:<\/p>\n<ul>\n<li>Ajuste perfecto: Apto para cualquier tipo de aspiradora Kirby.<\/li>\n<li>Juego completo: Incluye correa TD, dos engranajes y clips de fijaci\u00f3n.<\/li>\n<li>Duraderas y fiables: Dise\u00f1ado para durar mucho tiempo.<\/li>\n<li>F\u00e1cil instalaci\u00f3n: Listo en cuesti\u00f3n de minutos.<\/li>\n<\/ul>\n<h3>C\u00f3mo mejora su aspiradora el juego de conexiones TD de Kirby<\/h3>\n<p>La sustituci\u00f3n de las piezas desgastadas por este juego de alta calidad mejora al instante el rendimiento de su aspiradora Kirby. La correa TD garantiza una transmisi\u00f3n suave y eficaz, mientras que los dientes y los clips de fijaci\u00f3n garantizan la estabilidad y una fijaci\u00f3n segura. Esto mantiene su aspiradora funcionando de forma \u00f3ptima, incluso durante un uso intensivo.<\/p>\n<p>Aplicaciones:<\/p>\n<ul>\n<li>Mantenimiento y sustituci\u00f3n de piezas desgastadas.<\/li>\n<li>Adecuado para tareas de limpieza diarias e intensivas.<\/li>\n<li>Mejora la potencia de succi\u00f3n y la eficacia.<\/li>\n<li>P\u00eddalo hoy mismo<\/li>\n<\/ul>\n<p>No espere m\u00e1s y d\u00e9 a su aspiradora Kirby el cuidado que se merece. Con el Connection Set usted elige calidad, comodidad y un rendimiento duradero. P\u00eddalo hoy y compruebe usted mismo la diferencia.<\/p>\n<p>Preguntas m\u00e1s frecuentes<\/p>\n<p>\u00bfTiene alguna pregunta sobre el Connection Set? No dude en ponerse en contacto con nuestro servicio de atenci\u00f3n al cliente. Estaremos encantados de ayudarle.<\/p>\n","protected":false},"excerpt":{"rendered":"<p>Conjunto de conexiones TD Kirby.<\/p>\n[trustindex data-widget-id=48bbd87242952812953642309d4]\n<h3><span style=\"color: #008000;\"><br \/>\nEn stock<\/span><\/h3>\n[av_font_icon icon='ue812' font='entypo-fontello' style='' caption='' size='25px' position='left' color='#43ad66' link='' linktarget='' title_attr='' sonar_effect_effect='' sonar_effect_color='' sonar_effect_duration='1' sonar_effect_scale='' sonar_effect_opac='0.5' animation='' id='' custom_class='' template_class='' av_uid='' sc_version='1.0' admin_preview_bg=''][\/av_font_icon]\n<p><span style=\"color: #008000;\">Pedido antes de las 23:59, enviado ma\u00f1ana<\/span><\/p>\n<p>&nbsp;<\/p>\n","protected":false},"featured_media":90553,"comment_status":"open","ping_status":"closed","template":"","meta":[],"product_brand":[],"product_cat":[362,332],"product_tag":[],"class_list":{"0":"post-10853","1":"product","2":"type-product","3":"status-publish","4":"has-post-thumbnail","6":"product_cat-partes-para-motor-kirby","7":"product_cat-traccion-trasera-kirby","8":"product_shipping_class-klein-es","10":"first","11":"instock","12":"taxable","13":"shipping-taxable","14":"purchasable","15":"product-type-simple"},"yoast_head":"<!-- This site is optimized with the Yoast SEO Premium plugin v27.1 (Yoast SEO v27.4) - https:\/\/yoast.com\/product\/yoast-seo-premium-wordpress\/ -->\n<title>Conjunto de conexiones TD Kirby - Veltec Kirby specialist<\/title>\n<meta name=\"description\" content=\"Conjunto de conexiones TD Kirby Veltec es el proveedor de las aspiradoras Kirby desde hace m\u00e1s de 25 a\u00f1os. Especialista Veltec Kirby\" \/>\n<meta name=\"robots\" content=\"index, follow, max-snippet:-1, max-image-preview:large, max-video-preview:-1\" \/>\n<link rel=\"canonical\" href=\"https:\/\/www.veltec.eu\/es\/product\/conjunto-de-conexiones-td-kirby\/\" \/>\n<meta property=\"og:locale\" content=\"es_ES\" \/>\n<meta property=\"og:type\" content=\"article\" \/>\n<meta property=\"og:title\" content=\"Conjunto de conexiones TD Kirby\" \/>\n<meta property=\"og:description\" content=\"Conjunto de conexiones TD Kirby.    En stock   Pedido antes de las 23:59, enviado ma\u00f1ana  &nbsp;\" \/>\n<meta property=\"og:url\" content=\"https:\/\/www.veltec.eu\/es\/product\/conjunto-de-conexiones-td-kirby\/\" \/>\n<meta property=\"og:site_name\" content=\"Veltec Kirby specialist\" \/>\n<meta property=\"article:publisher\" content=\"https:\/\/www.facebook.com\/Veltec-Kirby-Specialist-236746293374877\/\" \/>\n<meta property=\"article:modified_time\" content=\"2025-03-28T12:08:18+00:00\" \/>\n<meta property=\"og:image\" content=\"https:\/\/www.veltec.eu\/wp-content\/uploads\/2018\/10\/Kirby-verbindingset.jpg\" \/>\n\t<meta property=\"og:image:width\" content=\"500\" \/>\n\t<meta property=\"og:image:height\" content=\"500\" \/>\n\t<meta property=\"og:image:type\" content=\"image\/jpeg\" \/>\n<meta name=\"twitter:card\" content=\"summary_large_image\" \/>\n<meta name=\"twitter:label1\" content=\"Tiempo de lectura\" \/>\n\t<meta name=\"twitter:data1\" content=\"2 minutos\" \/>\n<script type=\"application\/ld+json\" class=\"yoast-schema-graph\">{\"@context\":\"https:\\\/\\\/schema.org\",\"@graph\":[{\"@type\":\"WebPage\",\"@id\":\"https:\\\/\\\/www.veltec.eu\\\/es\\\/product\\\/conjunto-de-conexiones-td-kirby\\\/\",\"url\":\"https:\\\/\\\/www.veltec.eu\\\/es\\\/product\\\/conjunto-de-conexiones-td-kirby\\\/\",\"name\":\"Conjunto de conexiones TD Kirby - Veltec Kirby specialist\",\"isPartOf\":{\"@id\":\"https:\\\/\\\/www.veltec.eu\\\/en\\\/#website\"},\"primaryImageOfPage\":{\"@id\":\"https:\\\/\\\/www.veltec.eu\\\/es\\\/product\\\/conjunto-de-conexiones-td-kirby\\\/#primaryimage\"},\"image\":{\"@id\":\"https:\\\/\\\/www.veltec.eu\\\/es\\\/product\\\/conjunto-de-conexiones-td-kirby\\\/#primaryimage\"},\"thumbnailUrl\":\"https:\\\/\\\/www.veltec.eu\\\/wp-content\\\/uploads\\\/2018\\\/10\\\/Kirby-verbindingset.jpg\",\"datePublished\":\"2018-10-26T08:48:32+00:00\",\"dateModified\":\"2025-03-28T12:08:18+00:00\",\"description\":\"Conjunto de conexiones TD Kirby Veltec es el proveedor de las aspiradoras Kirby desde hace m\u00e1s de 25 a\u00f1os. Especialista Veltec Kirby\",\"breadcrumb\":{\"@id\":\"https:\\\/\\\/www.veltec.eu\\\/es\\\/product\\\/conjunto-de-conexiones-td-kirby\\\/#breadcrumb\"},\"inLanguage\":\"es\",\"potentialAction\":[{\"@type\":\"ReadAction\",\"target\":[\"https:\\\/\\\/www.veltec.eu\\\/es\\\/product\\\/conjunto-de-conexiones-td-kirby\\\/\"]}]},{\"@type\":\"ImageObject\",\"inLanguage\":\"es\",\"@id\":\"https:\\\/\\\/www.veltec.eu\\\/es\\\/product\\\/conjunto-de-conexiones-td-kirby\\\/#primaryimage\",\"url\":\"https:\\\/\\\/www.veltec.eu\\\/wp-content\\\/uploads\\\/2018\\\/10\\\/Kirby-verbindingset.jpg\",\"contentUrl\":\"https:\\\/\\\/www.veltec.eu\\\/wp-content\\\/uploads\\\/2018\\\/10\\\/Kirby-verbindingset.jpg\",\"width\":500,\"height\":500},{\"@type\":\"BreadcrumbList\",\"@id\":\"https:\\\/\\\/www.veltec.eu\\\/es\\\/product\\\/conjunto-de-conexiones-td-kirby\\\/#breadcrumb\",\"itemListElement\":[{\"@type\":\"ListItem\",\"position\":1,\"name\":\"Home\",\"item\":\"https:\\\/\\\/www.veltec.eu\\\/es\\\/\"},{\"@type\":\"ListItem\",\"position\":2,\"name\":\"Produits\",\"item\":\"https:\\\/\\\/www.veltec.eu\\\/fr\\\/shop\\\/\"},{\"@type\":\"ListItem\",\"position\":3,\"name\":\"Conjunto de conexiones TD Kirby\"}]},{\"@type\":\"WebSite\",\"@id\":\"https:\\\/\\\/www.veltec.eu\\\/en\\\/#website\",\"url\":\"https:\\\/\\\/www.veltec.eu\\\/en\\\/\",\"name\":\"Veltec Kirby specialist\",\"description\":\"Kirby stofzuiger producten\",\"publisher\":{\"@id\":\"https:\\\/\\\/www.veltec.eu\\\/en\\\/#organization\"},\"potentialAction\":[{\"@type\":\"SearchAction\",\"target\":{\"@type\":\"EntryPoint\",\"urlTemplate\":\"https:\\\/\\\/www.veltec.eu\\\/en\\\/?s={search_term_string}\"},\"query-input\":{\"@type\":\"PropertyValueSpecification\",\"valueRequired\":true,\"valueName\":\"search_term_string\"}}],\"inLanguage\":\"es\"},{\"@type\":\"Organization\",\"@id\":\"https:\\\/\\\/www.veltec.eu\\\/en\\\/#organization\",\"name\":\"Veltec Kirby Specialist\",\"url\":\"https:\\\/\\\/www.veltec.eu\\\/en\\\/\",\"logo\":{\"@type\":\"ImageObject\",\"inLanguage\":\"es\",\"@id\":\"https:\\\/\\\/www.veltec.eu\\\/en\\\/#\\\/schema\\\/logo\\\/image\\\/\",\"url\":\"https:\\\/\\\/www.veltec.eu\\\/wp-content\\\/uploads\\\/2021\\\/12\\\/Veltec-log-groot-e1537260889125.png\",\"contentUrl\":\"https:\\\/\\\/www.veltec.eu\\\/wp-content\\\/uploads\\\/2021\\\/12\\\/Veltec-log-groot-e1537260889125.png\",\"width\":200,\"height\":60,\"caption\":\"Veltec Kirby Specialist\"},\"image\":{\"@id\":\"https:\\\/\\\/www.veltec.eu\\\/en\\\/#\\\/schema\\\/logo\\\/image\\\/\"},\"sameAs\":[\"https:\\\/\\\/www.facebook.com\\\/Veltec-Kirby-Specialist-236746293374877\\\/\",\"https:\\\/\\\/www.youtube.com\\\/user\\\/VeltecService\"]}]}<\/script>\n<!-- \/ Yoast SEO Premium plugin. -->","yoast_head_json":{"title":"Conjunto de conexiones TD Kirby - Veltec Kirby specialist","description":"Conjunto de conexiones TD Kirby Veltec es el proveedor de las aspiradoras Kirby desde hace m\u00e1s de 25 a\u00f1os. Especialista Veltec Kirby","robots":{"index":"index","follow":"follow","max-snippet":"max-snippet:-1","max-image-preview":"max-image-preview:large","max-video-preview":"max-video-preview:-1"},"canonical":"https:\/\/www.veltec.eu\/es\/product\/conjunto-de-conexiones-td-kirby\/","og_locale":"es_ES","og_type":"article","og_title":"Conjunto de conexiones TD Kirby","og_description":"Conjunto de conexiones TD Kirby.    En stock   Pedido antes de las 23:59, enviado ma\u00f1ana  &nbsp;","og_url":"https:\/\/www.veltec.eu\/es\/product\/conjunto-de-conexiones-td-kirby\/","og_site_name":"Veltec Kirby specialist","article_publisher":"https:\/\/www.facebook.com\/Veltec-Kirby-Specialist-236746293374877\/","article_modified_time":"2025-03-28T12:08:18+00:00","og_image":[{"width":500,"height":500,"url":"https:\/\/www.veltec.eu\/wp-content\/uploads\/2018\/10\/Kirby-verbindingset.jpg","type":"image\/jpeg"}],"twitter_card":"summary_large_image","twitter_misc":{"Tiempo de lectura":"2 minutos"},"schema":{"@context":"https:\/\/schema.org","@graph":[{"@type":"WebPage","@id":"https:\/\/www.veltec.eu\/es\/product\/conjunto-de-conexiones-td-kirby\/","url":"https:\/\/www.veltec.eu\/es\/product\/conjunto-de-conexiones-td-kirby\/","name":"Conjunto de conexiones TD Kirby - Veltec Kirby specialist","isPartOf":{"@id":"https:\/\/www.veltec.eu\/en\/#website"},"primaryImageOfPage":{"@id":"https:\/\/www.veltec.eu\/es\/product\/conjunto-de-conexiones-td-kirby\/#primaryimage"},"image":{"@id":"https:\/\/www.veltec.eu\/es\/product\/conjunto-de-conexiones-td-kirby\/#primaryimage"},"thumbnailUrl":"https:\/\/www.veltec.eu\/wp-content\/uploads\/2018\/10\/Kirby-verbindingset.jpg","datePublished":"2018-10-26T08:48:32+00:00","dateModified":"2025-03-28T12:08:18+00:00","description":"Conjunto de conexiones TD Kirby Veltec es el proveedor de las aspiradoras Kirby desde hace m\u00e1s de 25 a\u00f1os. Especialista Veltec Kirby","breadcrumb":{"@id":"https:\/\/www.veltec.eu\/es\/product\/conjunto-de-conexiones-td-kirby\/#breadcrumb"},"inLanguage":"es","potentialAction":[{"@type":"ReadAction","target":["https:\/\/www.veltec.eu\/es\/product\/conjunto-de-conexiones-td-kirby\/"]}]},{"@type":"ImageObject","inLanguage":"es","@id":"https:\/\/www.veltec.eu\/es\/product\/conjunto-de-conexiones-td-kirby\/#primaryimage","url":"https:\/\/www.veltec.eu\/wp-content\/uploads\/2018\/10\/Kirby-verbindingset.jpg","contentUrl":"https:\/\/www.veltec.eu\/wp-content\/uploads\/2018\/10\/Kirby-verbindingset.jpg","width":500,"height":500},{"@type":"BreadcrumbList","@id":"https:\/\/www.veltec.eu\/es\/product\/conjunto-de-conexiones-td-kirby\/#breadcrumb","itemListElement":[{"@type":"ListItem","position":1,"name":"Home","item":"https:\/\/www.veltec.eu\/es\/"},{"@type":"ListItem","position":2,"name":"Produits","item":"https:\/\/www.veltec.eu\/fr\/shop\/"},{"@type":"ListItem","position":3,"name":"Conjunto de conexiones TD Kirby"}]},{"@type":"WebSite","@id":"https:\/\/www.veltec.eu\/en\/#website","url":"https:\/\/www.veltec.eu\/en\/","name":"Veltec Kirby specialist","description":"Kirby stofzuiger producten","publisher":{"@id":"https:\/\/www.veltec.eu\/en\/#organization"},"potentialAction":[{"@type":"SearchAction","target":{"@type":"EntryPoint","urlTemplate":"https:\/\/www.veltec.eu\/en\/?s={search_term_string}"},"query-input":{"@type":"PropertyValueSpecification","valueRequired":true,"valueName":"search_term_string"}}],"inLanguage":"es"},{"@type":"Organization","@id":"https:\/\/www.veltec.eu\/en\/#organization","name":"Veltec Kirby Specialist","url":"https:\/\/www.veltec.eu\/en\/","logo":{"@type":"ImageObject","inLanguage":"es","@id":"https:\/\/www.veltec.eu\/en\/#\/schema\/logo\/image\/","url":"https:\/\/www.veltec.eu\/wp-content\/uploads\/2021\/12\/Veltec-log-groot-e1537260889125.png","contentUrl":"https:\/\/www.veltec.eu\/wp-content\/uploads\/2021\/12\/Veltec-log-groot-e1537260889125.png","width":200,"height":60,"caption":"Veltec Kirby Specialist"},"image":{"@id":"https:\/\/www.veltec.eu\/en\/#\/schema\/logo\/image\/"},"sameAs":["https:\/\/www.facebook.com\/Veltec-Kirby-Specialist-236746293374877\/","https:\/\/www.youtube.com\/user\/VeltecService"]}]}},"_links":{"self":[{"href":"https:\/\/www.veltec.eu\/es\/wp-json\/wp\/v2\/product\/10853","targetHints":{"allow":["GET"]}}],"collection":[{"href":"https:\/\/www.veltec.eu\/es\/wp-json\/wp\/v2\/product"}],"about":[{"href":"https:\/\/www.veltec.eu\/es\/wp-json\/wp\/v2\/types\/product"}],"replies":[{"embeddable":true,"href":"https:\/\/www.veltec.eu\/es\/wp-json\/wp\/v2\/comments?post=10853"}],"wp:featuredmedia":[{"embeddable":true,"href":"https:\/\/www.veltec.eu\/es\/wp-json\/wp\/v2\/media\/90553"}],"wp:attachment":[{"href":"https:\/\/www.veltec.eu\/es\/wp-json\/wp\/v2\/media?parent=10853"}],"wp:term":[{"taxonomy":"product_brand","embeddable":true,"href":"https:\/\/www.veltec.eu\/es\/wp-json\/wp\/v2\/product_brand?post=10853"},{"taxonomy":"product_cat","embeddable":true,"href":"https:\/\/www.veltec.eu\/es\/wp-json\/wp\/v2\/product_cat?post=10853"},{"taxonomy":"product_tag","embeddable":true,"href":"https:\/\/www.veltec.eu\/es\/wp-json\/wp\/v2\/product_tag?post=10853"}],"curies":[{"name":"wp","href":"https:\/\/api.w.org\/{rel}","templated":true}]}}