{"id":10837,"date":"2018-10-26T11:01:27","date_gmt":"2018-10-26T09:01:27","guid":{"rendered":"https:\/\/www.veltec.eu\/kirby-webshop\/correa-td-traccion-trasera-kirby-nl3001\/"},"modified":"2025-03-28T13:41:14","modified_gmt":"2025-03-28T11:41:14","slug":"correa-td-traccion-trasera-kirby-nl3001","status":"publish","type":"product","link":"https:\/\/www.veltec.eu\/es\/product\/correa-td-traccion-trasera-kirby-nl3001\/","title":{"rendered":"Correa TD Tracci\u00f3n Trasera Kirby"},"content":{"rendered":"<h1>Correa TD Tracci\u00f3n Trasera Kirby<\/h1>\n<p>Correa TD Tracci\u00f3n Trasera Kirby<\/p>\n<p><strong>Este producto es adecuado para los tipos:<\/strong><\/p>\n<ul>\n<li>Avalir Platinum<\/li>\n<li>Avalir 2<\/li>\n<li>Avalir 1<\/li>\n<li>Sentria 2 (G10D)<\/li>\n<li>Sentria 1 (G10)<\/li>\n<li>Ultimate G Diamond Ed.(G7D or DE)<\/li>\n<li>Ultimate G (G7 or UG)<\/li>\n<li>Generation 6 (G6)<\/li>\n<li>Generation 5 (G5)<\/li>\n<li>Generation 4 (G4)<\/li>\n<li>Generation 3 (G3)<\/li>\n<\/ul>\n<h2>Correa TD de accionamiento trasero para aspiradoras Kirby<\/h2>\n<p>\u00bfEst\u00e1 buscando un recambio de alta calidad para la correa TD de su aspiradora Kirby? Esta correa de distribuci\u00f3n estriada es la soluci\u00f3n para que la transmisi\u00f3n de la rueda trasera de su aspiradora vuelva a funcionar sin problemas. Especialmente dise\u00f1ada para conectar la transmisi\u00f3n de la rueda trasera con el rotor del potente motor Kirby, esta correa es adecuada para todo tipo de aspiradoras Kirby.<\/p>\n<p><a href=\"https:\/\/www.veltec.eu\/es\/partes-para-motor-kirby\/\">Aqu\u00ed puede encontrar todas las piezas del motor Kirby<\/a><\/p>\n<h3>\u00bfPor qu\u00e9 elegir la correa TD de tracci\u00f3n trasera?<\/h3>\n<p>Una correa TD que funcione correctamente es esencial para el rendimiento \u00f3ptimo de su aspiradora Kirby. Esta correa<\/p>\n<ul>\n<li>Garantiza una transmisi\u00f3n eficaz de la potencia entre el motor y la transmisi\u00f3n.<\/li>\n<li>Minimiza el desgaste gracias a su dise\u00f1o estriado, asegurando un funcionamiento suave.<\/li>\n<li>Est\u00e1 fabricada con materiales duraderos para garantizar una larga vida \u00fatil.<\/li>\n<\/ul>\n<p>Con esta pieza de recambio evitar\u00e1 costosas reparaciones y prolongar\u00e1 considerablemente la vida \u00fatil de su aspiradora Kirby.<\/p>\n<h3>Apto para todos los modelos Kirby<\/h3>\n<p>Sea cual sea el modelo de su aspiradora Kirby, esta correa TD de tracci\u00f3n trasera se adapta perfectamente. Su dise\u00f1o es universal y se adapta perfectamente a todos los modelos. Adem\u00e1s, es f\u00e1cil de sustituir usted mismo, lo que le ahorrar\u00e1 tiempo y costes adicionales.<\/p>\n<h3>Caracter\u00edsticas principales:<\/h3>\n<ul>\n<li>Dise\u00f1o moleteado para mayor agarre.<\/li>\n<li>Compatible con todas las aspiradoras Kirby.<\/li>\n<li>Alta resistencia al desgaste, incluso con un uso intensivo.<\/li>\n<\/ul>\n<h2>\u00bfC\u00f3mo se sustituye la Correa TD Tracci\u00f3n Trasera Kirby?<\/h2>\n<h3>La sustituci\u00f3n de esta correa es una tarea sencilla que puede realizar usted mismo:<\/h3>\n<ol>\n<li>Apague y desconecte la aspiradora.<\/li>\n<li>Abra el panel trasero de su Kirby.<\/li>\n<li>Retire la correa vieja y coloque la nueva con el lado dentado sobre el rotor.<\/li>\n<li>Cierre el panel y compruebe el funcionamiento.<\/li>\n<\/ol>\n<p>Estos pasos le ahorrar\u00e1n no s\u00f3lo tiempo, sino tambi\u00e9n los costes de un mec\u00e1nico.<\/p>\n<h3>Haga su pedido hoy mismo<\/h3>\n<p>\u00bfQuiere que su aspiradora Kirby vuelva a funcionar de forma \u00f3ptima? Entonces elija la Correa TD Tracci\u00f3n Trasera Kirby y disfrute de una experiencia de limpieza sin esfuerzo. P\u00eddala ahora y benef\u00edciese de una entrega r\u00e1pida.<\/p>\n","protected":false},"excerpt":{"rendered":"<p>Correa TD Tracci\u00f3n Trasera Kirby.<\/p>\n[trustindex data-widget-id=48bbd87242952812953642309d4]\n<h3><span style=\"color: #008000;\"><br \/>\nEn stock<\/span><\/h3>\n[av_font_icon icon='ue812' font='entypo-fontello' style='' caption='' size='25px' position='left' color='#43ad66' link='' linktarget='' title_attr='' sonar_effect_effect='' sonar_effect_color='' sonar_effect_duration='1' sonar_effect_scale='' sonar_effect_opac='0.5' animation='' id='' custom_class='' template_class='' av_uid='' sc_version='1.0' admin_preview_bg=''][\/av_font_icon]\n<p><span style=\"color: #008000;\">Pedido antes de las 23:59, enviado ma\u00f1ana<\/span><\/p>\n<p>&nbsp;<\/p>\n","protected":false},"featured_media":8358,"comment_status":"open","ping_status":"closed","template":"","meta":[],"product_brand":[],"product_cat":[362,332],"product_tag":[],"class_list":{"0":"post-10837","1":"product","2":"type-product","3":"status-publish","4":"has-post-thumbnail","6":"product_cat-partes-para-motor-kirby","7":"product_cat-traccion-trasera-kirby","8":"product_shipping_class-klein-es","10":"first","11":"instock","12":"taxable","13":"shipping-taxable","14":"purchasable","15":"product-type-simple"},"yoast_head":"<!-- This site is optimized with the Yoast SEO Premium plugin v27.1 (Yoast SEO v27.4) - https:\/\/yoast.com\/product\/yoast-seo-premium-wordpress\/ -->\n<title>Correa TD Tracci\u00f3n Trasera Kirby - Veltec Kirby specialist<\/title>\n<meta name=\"description\" content=\"Correa TD Tracci\u00f3n Trasera Kirby Veltec es el proveedor de las aspiradoras Kirby desde hace m\u00e1s de 25 a\u00f1os. Y es su especialista\" \/>\n<meta name=\"robots\" content=\"index, follow, max-snippet:-1, max-image-preview:large, max-video-preview:-1\" \/>\n<link rel=\"canonical\" href=\"https:\/\/www.veltec.eu\/nl\/product\/achterwielaandrijving-td-riempje-nl3001\/\" \/>\n<meta property=\"og:locale\" content=\"es_ES\" \/>\n<meta property=\"og:type\" content=\"article\" \/>\n<meta property=\"og:title\" content=\"Correa TD Tracci\u00f3n Trasera Kirby\" \/>\n<meta property=\"og:description\" content=\"Correa TD Tracci\u00f3n Trasera Kirby.    En stock   Pedido antes de las 23:59, enviado ma\u00f1ana  &nbsp;\" \/>\n<meta property=\"og:url\" content=\"https:\/\/www.veltec.eu\/nl\/product\/achterwielaandrijving-td-riempje-nl3001\/\" \/>\n<meta property=\"og:site_name\" content=\"Veltec Kirby specialist\" \/>\n<meta property=\"article:publisher\" content=\"https:\/\/www.facebook.com\/Veltec-Kirby-Specialist-236746293374877\/\" \/>\n<meta property=\"article:modified_time\" content=\"2025-03-28T11:41:14+00:00\" \/>\n<meta property=\"og:image\" content=\"https:\/\/www.veltec.eu\/wp-content\/uploads\/2018\/10\/kirby_td_riempje.jpg\" \/>\n\t<meta property=\"og:image:width\" content=\"300\" \/>\n\t<meta property=\"og:image:height\" content=\"300\" \/>\n\t<meta property=\"og:image:type\" content=\"image\/jpeg\" \/>\n<meta name=\"twitter:card\" content=\"summary_large_image\" \/>\n<meta name=\"twitter:label1\" content=\"Tiempo de lectura\" \/>\n\t<meta name=\"twitter:data1\" content=\"2 minutos\" \/>\n<script type=\"application\/ld+json\" class=\"yoast-schema-graph\">{\"@context\":\"https:\\\/\\\/schema.org\",\"@graph\":[{\"@type\":\"WebPage\",\"@id\":\"https:\\\/\\\/www.veltec.eu\\\/nl\\\/product\\\/achterwielaandrijving-td-riempje-nl3001\\\/\",\"url\":\"https:\\\/\\\/www.veltec.eu\\\/nl\\\/product\\\/achterwielaandrijving-td-riempje-nl3001\\\/\",\"name\":\"Correa TD Tracci\u00f3n Trasera Kirby - Veltec Kirby specialist\",\"isPartOf\":{\"@id\":\"https:\\\/\\\/www.veltec.eu\\\/en\\\/#website\"},\"primaryImageOfPage\":{\"@id\":\"https:\\\/\\\/www.veltec.eu\\\/nl\\\/product\\\/achterwielaandrijving-td-riempje-nl3001\\\/#primaryimage\"},\"image\":{\"@id\":\"https:\\\/\\\/www.veltec.eu\\\/nl\\\/product\\\/achterwielaandrijving-td-riempje-nl3001\\\/#primaryimage\"},\"thumbnailUrl\":\"https:\\\/\\\/www.veltec.eu\\\/wp-content\\\/uploads\\\/2018\\\/10\\\/kirby_td_riempje.jpg\",\"datePublished\":\"2018-10-26T09:01:27+00:00\",\"dateModified\":\"2025-03-28T11:41:14+00:00\",\"description\":\"Correa TD Tracci\u00f3n Trasera Kirby Veltec es el proveedor de las aspiradoras Kirby desde hace m\u00e1s de 25 a\u00f1os. Y es su especialista\",\"breadcrumb\":{\"@id\":\"https:\\\/\\\/www.veltec.eu\\\/nl\\\/product\\\/achterwielaandrijving-td-riempje-nl3001\\\/#breadcrumb\"},\"inLanguage\":\"es\",\"potentialAction\":[{\"@type\":\"ReadAction\",\"target\":[\"https:\\\/\\\/www.veltec.eu\\\/nl\\\/product\\\/achterwielaandrijving-td-riempje-nl3001\\\/\"]}]},{\"@type\":\"ImageObject\",\"inLanguage\":\"es\",\"@id\":\"https:\\\/\\\/www.veltec.eu\\\/nl\\\/product\\\/achterwielaandrijving-td-riempje-nl3001\\\/#primaryimage\",\"url\":\"https:\\\/\\\/www.veltec.eu\\\/wp-content\\\/uploads\\\/2018\\\/10\\\/kirby_td_riempje.jpg\",\"contentUrl\":\"https:\\\/\\\/www.veltec.eu\\\/wp-content\\\/uploads\\\/2018\\\/10\\\/kirby_td_riempje.jpg\",\"width\":300,\"height\":300},{\"@type\":\"BreadcrumbList\",\"@id\":\"https:\\\/\\\/www.veltec.eu\\\/nl\\\/product\\\/achterwielaandrijving-td-riempje-nl3001\\\/#breadcrumb\",\"itemListElement\":[{\"@type\":\"ListItem\",\"position\":1,\"name\":\"Home\",\"item\":\"https:\\\/\\\/www.veltec.eu\\\/es\\\/\"},{\"@type\":\"ListItem\",\"position\":2,\"name\":\"Produits\",\"item\":\"https:\\\/\\\/www.veltec.eu\\\/fr\\\/shop\\\/\"},{\"@type\":\"ListItem\",\"position\":3,\"name\":\"Correa TD Tracci\u00f3n Trasera Kirby\"}]},{\"@type\":\"WebSite\",\"@id\":\"https:\\\/\\\/www.veltec.eu\\\/en\\\/#website\",\"url\":\"https:\\\/\\\/www.veltec.eu\\\/en\\\/\",\"name\":\"Veltec Kirby specialist\",\"description\":\"Kirby stofzuiger producten\",\"publisher\":{\"@id\":\"https:\\\/\\\/www.veltec.eu\\\/en\\\/#organization\"},\"potentialAction\":[{\"@type\":\"SearchAction\",\"target\":{\"@type\":\"EntryPoint\",\"urlTemplate\":\"https:\\\/\\\/www.veltec.eu\\\/en\\\/?s={search_term_string}\"},\"query-input\":{\"@type\":\"PropertyValueSpecification\",\"valueRequired\":true,\"valueName\":\"search_term_string\"}}],\"inLanguage\":\"es\"},{\"@type\":\"Organization\",\"@id\":\"https:\\\/\\\/www.veltec.eu\\\/en\\\/#organization\",\"name\":\"Veltec Kirby Specialist\",\"url\":\"https:\\\/\\\/www.veltec.eu\\\/en\\\/\",\"logo\":{\"@type\":\"ImageObject\",\"inLanguage\":\"es\",\"@id\":\"https:\\\/\\\/www.veltec.eu\\\/en\\\/#\\\/schema\\\/logo\\\/image\\\/\",\"url\":\"https:\\\/\\\/www.veltec.eu\\\/wp-content\\\/uploads\\\/2021\\\/12\\\/Veltec-log-groot-e1537260889125.png\",\"contentUrl\":\"https:\\\/\\\/www.veltec.eu\\\/wp-content\\\/uploads\\\/2021\\\/12\\\/Veltec-log-groot-e1537260889125.png\",\"width\":200,\"height\":60,\"caption\":\"Veltec Kirby Specialist\"},\"image\":{\"@id\":\"https:\\\/\\\/www.veltec.eu\\\/en\\\/#\\\/schema\\\/logo\\\/image\\\/\"},\"sameAs\":[\"https:\\\/\\\/www.facebook.com\\\/Veltec-Kirby-Specialist-236746293374877\\\/\",\"https:\\\/\\\/www.youtube.com\\\/user\\\/VeltecService\"]}]}<\/script>\n<!-- \/ Yoast SEO Premium plugin. -->","yoast_head_json":{"title":"Correa TD Tracci\u00f3n Trasera Kirby - Veltec Kirby specialist","description":"Correa TD Tracci\u00f3n Trasera Kirby Veltec es el proveedor de las aspiradoras Kirby desde hace m\u00e1s de 25 a\u00f1os. Y es su especialista","robots":{"index":"index","follow":"follow","max-snippet":"max-snippet:-1","max-image-preview":"max-image-preview:large","max-video-preview":"max-video-preview:-1"},"canonical":"https:\/\/www.veltec.eu\/nl\/product\/achterwielaandrijving-td-riempje-nl3001\/","og_locale":"es_ES","og_type":"article","og_title":"Correa TD Tracci\u00f3n Trasera Kirby","og_description":"Correa TD Tracci\u00f3n Trasera Kirby.    En stock   Pedido antes de las 23:59, enviado ma\u00f1ana  &nbsp;","og_url":"https:\/\/www.veltec.eu\/nl\/product\/achterwielaandrijving-td-riempje-nl3001\/","og_site_name":"Veltec Kirby specialist","article_publisher":"https:\/\/www.facebook.com\/Veltec-Kirby-Specialist-236746293374877\/","article_modified_time":"2025-03-28T11:41:14+00:00","og_image":[{"width":300,"height":300,"url":"https:\/\/www.veltec.eu\/wp-content\/uploads\/2018\/10\/kirby_td_riempje.jpg","type":"image\/jpeg"}],"twitter_card":"summary_large_image","twitter_misc":{"Tiempo de lectura":"2 minutos"},"schema":{"@context":"https:\/\/schema.org","@graph":[{"@type":"WebPage","@id":"https:\/\/www.veltec.eu\/nl\/product\/achterwielaandrijving-td-riempje-nl3001\/","url":"https:\/\/www.veltec.eu\/nl\/product\/achterwielaandrijving-td-riempje-nl3001\/","name":"Correa TD Tracci\u00f3n Trasera Kirby - Veltec Kirby specialist","isPartOf":{"@id":"https:\/\/www.veltec.eu\/en\/#website"},"primaryImageOfPage":{"@id":"https:\/\/www.veltec.eu\/nl\/product\/achterwielaandrijving-td-riempje-nl3001\/#primaryimage"},"image":{"@id":"https:\/\/www.veltec.eu\/nl\/product\/achterwielaandrijving-td-riempje-nl3001\/#primaryimage"},"thumbnailUrl":"https:\/\/www.veltec.eu\/wp-content\/uploads\/2018\/10\/kirby_td_riempje.jpg","datePublished":"2018-10-26T09:01:27+00:00","dateModified":"2025-03-28T11:41:14+00:00","description":"Correa TD Tracci\u00f3n Trasera Kirby Veltec es el proveedor de las aspiradoras Kirby desde hace m\u00e1s de 25 a\u00f1os. Y es su especialista","breadcrumb":{"@id":"https:\/\/www.veltec.eu\/nl\/product\/achterwielaandrijving-td-riempje-nl3001\/#breadcrumb"},"inLanguage":"es","potentialAction":[{"@type":"ReadAction","target":["https:\/\/www.veltec.eu\/nl\/product\/achterwielaandrijving-td-riempje-nl3001\/"]}]},{"@type":"ImageObject","inLanguage":"es","@id":"https:\/\/www.veltec.eu\/nl\/product\/achterwielaandrijving-td-riempje-nl3001\/#primaryimage","url":"https:\/\/www.veltec.eu\/wp-content\/uploads\/2018\/10\/kirby_td_riempje.jpg","contentUrl":"https:\/\/www.veltec.eu\/wp-content\/uploads\/2018\/10\/kirby_td_riempje.jpg","width":300,"height":300},{"@type":"BreadcrumbList","@id":"https:\/\/www.veltec.eu\/nl\/product\/achterwielaandrijving-td-riempje-nl3001\/#breadcrumb","itemListElement":[{"@type":"ListItem","position":1,"name":"Home","item":"https:\/\/www.veltec.eu\/es\/"},{"@type":"ListItem","position":2,"name":"Produits","item":"https:\/\/www.veltec.eu\/fr\/shop\/"},{"@type":"ListItem","position":3,"name":"Correa TD Tracci\u00f3n Trasera Kirby"}]},{"@type":"WebSite","@id":"https:\/\/www.veltec.eu\/en\/#website","url":"https:\/\/www.veltec.eu\/en\/","name":"Veltec Kirby specialist","description":"Kirby stofzuiger producten","publisher":{"@id":"https:\/\/www.veltec.eu\/en\/#organization"},"potentialAction":[{"@type":"SearchAction","target":{"@type":"EntryPoint","urlTemplate":"https:\/\/www.veltec.eu\/en\/?s={search_term_string}"},"query-input":{"@type":"PropertyValueSpecification","valueRequired":true,"valueName":"search_term_string"}}],"inLanguage":"es"},{"@type":"Organization","@id":"https:\/\/www.veltec.eu\/en\/#organization","name":"Veltec Kirby Specialist","url":"https:\/\/www.veltec.eu\/en\/","logo":{"@type":"ImageObject","inLanguage":"es","@id":"https:\/\/www.veltec.eu\/en\/#\/schema\/logo\/image\/","url":"https:\/\/www.veltec.eu\/wp-content\/uploads\/2021\/12\/Veltec-log-groot-e1537260889125.png","contentUrl":"https:\/\/www.veltec.eu\/wp-content\/uploads\/2021\/12\/Veltec-log-groot-e1537260889125.png","width":200,"height":60,"caption":"Veltec Kirby Specialist"},"image":{"@id":"https:\/\/www.veltec.eu\/en\/#\/schema\/logo\/image\/"},"sameAs":["https:\/\/www.facebook.com\/Veltec-Kirby-Specialist-236746293374877\/","https:\/\/www.youtube.com\/user\/VeltecService"]}]}},"_links":{"self":[{"href":"https:\/\/www.veltec.eu\/es\/wp-json\/wp\/v2\/product\/10837","targetHints":{"allow":["GET"]}}],"collection":[{"href":"https:\/\/www.veltec.eu\/es\/wp-json\/wp\/v2\/product"}],"about":[{"href":"https:\/\/www.veltec.eu\/es\/wp-json\/wp\/v2\/types\/product"}],"replies":[{"embeddable":true,"href":"https:\/\/www.veltec.eu\/es\/wp-json\/wp\/v2\/comments?post=10837"}],"wp:featuredmedia":[{"embeddable":true,"href":"https:\/\/www.veltec.eu\/es\/wp-json\/wp\/v2\/media\/8358"}],"wp:attachment":[{"href":"https:\/\/www.veltec.eu\/es\/wp-json\/wp\/v2\/media?parent=10837"}],"wp:term":[{"taxonomy":"product_brand","embeddable":true,"href":"https:\/\/www.veltec.eu\/es\/wp-json\/wp\/v2\/product_brand?post=10837"},{"taxonomy":"product_cat","embeddable":true,"href":"https:\/\/www.veltec.eu\/es\/wp-json\/wp\/v2\/product_cat?post=10837"},{"taxonomy":"product_tag","embeddable":true,"href":"https:\/\/www.veltec.eu\/es\/wp-json\/wp\/v2\/product_tag?post=10837"}],"curies":[{"name":"wp","href":"https:\/\/api.w.org\/{rel}","templated":true}]}}