{"id":10832,"date":"2018-10-26T11:04:25","date_gmt":"2018-10-26T09:04:25","guid":{"rendered":"https:\/\/www.veltec.eu\/kirby-webshop\/conexion-lingote-pedal-de-pie-kirby-nl3129\/"},"modified":"2025-03-28T14:14:34","modified_gmt":"2025-03-28T12:14:34","slug":"conexion-lingote-pedal-de-pie-kirby-nl3129","status":"publish","type":"product","link":"https:\/\/www.veltec.eu\/es\/product\/conexion-lingote-pedal-de-pie-kirby-nl3129\/","title":{"rendered":"Conexi\u00f3n Lingote Pedal de Pie Kirby"},"content":{"rendered":"<h1>Conexi\u00f3n Lingote Pedal de Pie Kirby<\/h1>\n<p>Conexi\u00f3n Lingote Pedal de Pie Kirby<\/p>\n<p><strong>Este producto es adecuado para los tipos:<\/strong><\/p>\n<ul>\n<li>Avalir Platinum<\/li>\n<li>Avalir 2<\/li>\n<li>Avalir 1<\/li>\n<li>Sentria 2 (G10D)<\/li>\n<li>Sentria 1 (G10)<\/li>\n<li>Ultimate G Diamond Ed.(G7D or DE)<\/li>\n<li>Ultimate G (G7 or UG)<\/li>\n<li>Generation 6 (G6)<\/li>\n<li>Generation 5 (G5)<\/li>\n<li>Generation 4 (G4)<\/li>\n<li>Generation 3 (G3)<\/li>\n<\/ul>\n<h2>Conexi\u00f3n Lingote Pedal de Pie Kirby &#8211; Esencial para un aspirador que funciona perfectamente<\/h2>\n<p>La varilla de conexi\u00f3n es una pieza esencial para el funcionamiento \u00f3ptimo de su aspiradora Kirby. Esta varilla de conexi\u00f3n conecta el pedal al interruptor del motor, permiti\u00e9ndole encender y apagar su aspiradora con facilidad. Adecuado para cualquier tipo de aspiradora Kirby, este producto es una soluci\u00f3n duradera y fiable para una pieza defectuosa o desgastada.<\/p>\n<p><a href=\"https:\/\/www.veltec.eu\/es\/partes-para-motor-kirby\/\">Aqu\u00ed puede encontrar todas las piezas de motor Kirby<\/a><\/p>\n<h3>\u00bfPor qu\u00e9 elegir el Conexi\u00f3n Lingote Pedal de Pie Kirby?<\/h3>\n<p>El buen funcionamiento de su aspiradora Kirby depende de la cooperaci\u00f3n entre diferentes piezas. Una varilla de conexi\u00f3n da\u00f1ada o ausente puede provocar una experiencia de uso menos agradable o incluso una aspiradora inutilizable. Por eso es importante sustituir las piezas defectuosas por piezas originales de alta calidad, como esta biela.<\/p>\n<h3>Principales ventajas:<\/h3>\n<ul>\n<li>Funcionamiento fiable: Restaura la conexi\u00f3n entre el pedal y el interruptor del motor, manteniendo su aspiradora funcionando sin problemas.<\/li>\n<li>Compatibilidad: Dise\u00f1ada para adaptarse a todos los modelos de aspiradoras Kirby, lo que la convierte en una opci\u00f3n vers\u00e1til.<\/li>\n<li>F\u00e1cil instalaci\u00f3n: No necesita ser un experto; con un m\u00ednimo esfuerzo, puede sustituir la pieza usted mismo.<\/li>\n<\/ul>\n<h3>\u00bfCu\u00e1ndo hay que cambiar la biela?<\/h3>\n<p>Normalmente, puede reconocer una biela rota por un pedal que ya no responde o una aspiradora que no se enciende o apaga correctamente. Si nota que su aspiradora Kirby ya no funciona de forma \u00f3ptima, una biela rota podr\u00eda ser la causa.<\/p>\n<h3>\u00a1Pida su Biela hoy mismo !<\/h3>\n<p>No espere m\u00e1s y consiga que su aspiradora Kirby vuelva a funcionar correctamente. Pida f\u00e1cilmente la varilla de conexi\u00f3n en l\u00ednea y benef\u00edciese de una entrega r\u00e1pida. \u00a1Una aspiradora que funciona correctamente est\u00e1 a su alcance!<\/p>\n<p>Haga su vida m\u00e1s f\u00e1cil y mantenga su hogar libre de polvo con esta pieza indispensable.<\/p>\n","protected":false},"excerpt":{"rendered":"<p>Conexi\u00f3n Lingote Pedal de Pie Kirby.<\/p>\n[trustindex data-widget-id=48bbd87242952812953642309d4]\n<h3><span style=\"color: #008000;\"><br \/>\nEn stock<\/span><\/h3>\n[av_font_icon icon='ue812' font='entypo-fontello' style='' caption='' size='25px' position='left' color='#43ad66' link='' linktarget='' title_attr='' sonar_effect_effect='' sonar_effect_color='' sonar_effect_duration='1' sonar_effect_scale='' sonar_effect_opac='0.5' animation='' id='' custom_class='' template_class='' av_uid='' sc_version='1.0' admin_preview_bg=''][\/av_font_icon]\n<p><span style=\"color: #008000;\">Pedido antes de las 23:59, enviado ma\u00f1ana<\/span><\/p>\n<p>&nbsp;<\/p>\n","protected":false},"featured_media":8366,"comment_status":"open","ping_status":"closed","template":"","meta":[],"product_brand":[],"product_cat":[362,332],"product_tag":[],"class_list":{"0":"post-10832","1":"product","2":"type-product","3":"status-publish","4":"has-post-thumbnail","6":"product_cat-partes-para-motor-kirby","7":"product_cat-traccion-trasera-kirby","8":"product_shipping_class-klein-es","10":"first","11":"instock","12":"taxable","13":"shipping-taxable","14":"purchasable","15":"product-type-simple"},"yoast_head":"<!-- This site is optimized with the Yoast SEO Premium plugin v27.1 (Yoast SEO v27.4) - https:\/\/yoast.com\/product\/yoast-seo-premium-wordpress\/ -->\n<title>Conexi\u00f3n Lingote Pedal de Pie Kirby - Veltec Kirby specialist<\/title>\n<meta name=\"description\" content=\"Conexi\u00f3n Lingote Pedal de Pie Kirby Veltec es el proveedor de las aspiradoras Kirby desde hace m\u00e1s de 25 a\u00f1os. Especialista Veltec Kirby\" \/>\n<meta name=\"robots\" content=\"index, follow, max-snippet:-1, max-image-preview:large, max-video-preview:-1\" \/>\n<link rel=\"canonical\" href=\"https:\/\/www.veltec.eu\/nl\/product\/kirby-verbinding-stang-voetpedaal-nl3129\/\" \/>\n<meta property=\"og:locale\" content=\"es_ES\" \/>\n<meta property=\"og:type\" content=\"article\" \/>\n<meta property=\"og:title\" content=\"Conexi\u00f3n Lingote Pedal de Pie Kirby\" \/>\n<meta property=\"og:description\" content=\"Conexi\u00f3n Lingote Pedal de Pie Kirby.    En stock   Pedido antes de las 23:59, enviado ma\u00f1ana  &nbsp;\" \/>\n<meta property=\"og:url\" content=\"https:\/\/www.veltec.eu\/nl\/product\/kirby-verbinding-stang-voetpedaal-nl3129\/\" \/>\n<meta property=\"og:site_name\" content=\"Veltec Kirby specialist\" \/>\n<meta property=\"article:publisher\" content=\"https:\/\/www.facebook.com\/Veltec-Kirby-Specialist-236746293374877\/\" \/>\n<meta property=\"article:modified_time\" content=\"2025-03-28T12:14:34+00:00\" \/>\n<meta property=\"og:image\" content=\"https:\/\/www.veltec.eu\/wp-content\/uploads\/2018\/10\/kirby-actuating-rod-k-608789.jpg\" \/>\n\t<meta property=\"og:image:width\" content=\"300\" \/>\n\t<meta property=\"og:image:height\" content=\"300\" \/>\n\t<meta property=\"og:image:type\" content=\"image\/jpeg\" \/>\n<meta name=\"twitter:card\" content=\"summary_large_image\" \/>\n<meta name=\"twitter:label1\" content=\"Tiempo de lectura\" \/>\n\t<meta name=\"twitter:data1\" content=\"2 minutos\" \/>\n<script type=\"application\/ld+json\" class=\"yoast-schema-graph\">{\"@context\":\"https:\\\/\\\/schema.org\",\"@graph\":[{\"@type\":\"WebPage\",\"@id\":\"https:\\\/\\\/www.veltec.eu\\\/nl\\\/product\\\/kirby-verbinding-stang-voetpedaal-nl3129\\\/\",\"url\":\"https:\\\/\\\/www.veltec.eu\\\/nl\\\/product\\\/kirby-verbinding-stang-voetpedaal-nl3129\\\/\",\"name\":\"Conexi\u00f3n Lingote Pedal de Pie Kirby - Veltec Kirby specialist\",\"isPartOf\":{\"@id\":\"https:\\\/\\\/www.veltec.eu\\\/en\\\/#website\"},\"primaryImageOfPage\":{\"@id\":\"https:\\\/\\\/www.veltec.eu\\\/nl\\\/product\\\/kirby-verbinding-stang-voetpedaal-nl3129\\\/#primaryimage\"},\"image\":{\"@id\":\"https:\\\/\\\/www.veltec.eu\\\/nl\\\/product\\\/kirby-verbinding-stang-voetpedaal-nl3129\\\/#primaryimage\"},\"thumbnailUrl\":\"https:\\\/\\\/www.veltec.eu\\\/wp-content\\\/uploads\\\/2018\\\/10\\\/kirby-actuating-rod-k-608789.jpg\",\"datePublished\":\"2018-10-26T09:04:25+00:00\",\"dateModified\":\"2025-03-28T12:14:34+00:00\",\"description\":\"Conexi\u00f3n Lingote Pedal de Pie Kirby Veltec es el proveedor de las aspiradoras Kirby desde hace m\u00e1s de 25 a\u00f1os. Especialista Veltec Kirby\",\"breadcrumb\":{\"@id\":\"https:\\\/\\\/www.veltec.eu\\\/nl\\\/product\\\/kirby-verbinding-stang-voetpedaal-nl3129\\\/#breadcrumb\"},\"inLanguage\":\"es\",\"potentialAction\":[{\"@type\":\"ReadAction\",\"target\":[\"https:\\\/\\\/www.veltec.eu\\\/nl\\\/product\\\/kirby-verbinding-stang-voetpedaal-nl3129\\\/\"]}]},{\"@type\":\"ImageObject\",\"inLanguage\":\"es\",\"@id\":\"https:\\\/\\\/www.veltec.eu\\\/nl\\\/product\\\/kirby-verbinding-stang-voetpedaal-nl3129\\\/#primaryimage\",\"url\":\"https:\\\/\\\/www.veltec.eu\\\/wp-content\\\/uploads\\\/2018\\\/10\\\/kirby-actuating-rod-k-608789.jpg\",\"contentUrl\":\"https:\\\/\\\/www.veltec.eu\\\/wp-content\\\/uploads\\\/2018\\\/10\\\/kirby-actuating-rod-k-608789.jpg\",\"width\":300,\"height\":300},{\"@type\":\"BreadcrumbList\",\"@id\":\"https:\\\/\\\/www.veltec.eu\\\/nl\\\/product\\\/kirby-verbinding-stang-voetpedaal-nl3129\\\/#breadcrumb\",\"itemListElement\":[{\"@type\":\"ListItem\",\"position\":1,\"name\":\"Home\",\"item\":\"https:\\\/\\\/www.veltec.eu\\\/es\\\/\"},{\"@type\":\"ListItem\",\"position\":2,\"name\":\"Produits\",\"item\":\"https:\\\/\\\/www.veltec.eu\\\/fr\\\/shop\\\/\"},{\"@type\":\"ListItem\",\"position\":3,\"name\":\"Conexi\u00f3n Lingote Pedal de Pie Kirby\"}]},{\"@type\":\"WebSite\",\"@id\":\"https:\\\/\\\/www.veltec.eu\\\/en\\\/#website\",\"url\":\"https:\\\/\\\/www.veltec.eu\\\/en\\\/\",\"name\":\"Veltec Kirby specialist\",\"description\":\"Kirby stofzuiger producten\",\"publisher\":{\"@id\":\"https:\\\/\\\/www.veltec.eu\\\/en\\\/#organization\"},\"potentialAction\":[{\"@type\":\"SearchAction\",\"target\":{\"@type\":\"EntryPoint\",\"urlTemplate\":\"https:\\\/\\\/www.veltec.eu\\\/en\\\/?s={search_term_string}\"},\"query-input\":{\"@type\":\"PropertyValueSpecification\",\"valueRequired\":true,\"valueName\":\"search_term_string\"}}],\"inLanguage\":\"es\"},{\"@type\":\"Organization\",\"@id\":\"https:\\\/\\\/www.veltec.eu\\\/en\\\/#organization\",\"name\":\"Veltec Kirby Specialist\",\"url\":\"https:\\\/\\\/www.veltec.eu\\\/en\\\/\",\"logo\":{\"@type\":\"ImageObject\",\"inLanguage\":\"es\",\"@id\":\"https:\\\/\\\/www.veltec.eu\\\/en\\\/#\\\/schema\\\/logo\\\/image\\\/\",\"url\":\"https:\\\/\\\/www.veltec.eu\\\/wp-content\\\/uploads\\\/2021\\\/12\\\/Veltec-log-groot-e1537260889125.png\",\"contentUrl\":\"https:\\\/\\\/www.veltec.eu\\\/wp-content\\\/uploads\\\/2021\\\/12\\\/Veltec-log-groot-e1537260889125.png\",\"width\":200,\"height\":60,\"caption\":\"Veltec Kirby Specialist\"},\"image\":{\"@id\":\"https:\\\/\\\/www.veltec.eu\\\/en\\\/#\\\/schema\\\/logo\\\/image\\\/\"},\"sameAs\":[\"https:\\\/\\\/www.facebook.com\\\/Veltec-Kirby-Specialist-236746293374877\\\/\",\"https:\\\/\\\/www.youtube.com\\\/user\\\/VeltecService\"]}]}<\/script>\n<!-- \/ Yoast SEO Premium plugin. -->","yoast_head_json":{"title":"Conexi\u00f3n Lingote Pedal de Pie Kirby - Veltec Kirby specialist","description":"Conexi\u00f3n Lingote Pedal de Pie Kirby Veltec es el proveedor de las aspiradoras Kirby desde hace m\u00e1s de 25 a\u00f1os. Especialista Veltec Kirby","robots":{"index":"index","follow":"follow","max-snippet":"max-snippet:-1","max-image-preview":"max-image-preview:large","max-video-preview":"max-video-preview:-1"},"canonical":"https:\/\/www.veltec.eu\/nl\/product\/kirby-verbinding-stang-voetpedaal-nl3129\/","og_locale":"es_ES","og_type":"article","og_title":"Conexi\u00f3n Lingote Pedal de Pie Kirby","og_description":"Conexi\u00f3n Lingote Pedal de Pie Kirby.    En stock   Pedido antes de las 23:59, enviado ma\u00f1ana  &nbsp;","og_url":"https:\/\/www.veltec.eu\/nl\/product\/kirby-verbinding-stang-voetpedaal-nl3129\/","og_site_name":"Veltec Kirby specialist","article_publisher":"https:\/\/www.facebook.com\/Veltec-Kirby-Specialist-236746293374877\/","article_modified_time":"2025-03-28T12:14:34+00:00","og_image":[{"width":300,"height":300,"url":"https:\/\/www.veltec.eu\/wp-content\/uploads\/2018\/10\/kirby-actuating-rod-k-608789.jpg","type":"image\/jpeg"}],"twitter_card":"summary_large_image","twitter_misc":{"Tiempo de lectura":"2 minutos"},"schema":{"@context":"https:\/\/schema.org","@graph":[{"@type":"WebPage","@id":"https:\/\/www.veltec.eu\/nl\/product\/kirby-verbinding-stang-voetpedaal-nl3129\/","url":"https:\/\/www.veltec.eu\/nl\/product\/kirby-verbinding-stang-voetpedaal-nl3129\/","name":"Conexi\u00f3n Lingote Pedal de Pie Kirby - Veltec Kirby specialist","isPartOf":{"@id":"https:\/\/www.veltec.eu\/en\/#website"},"primaryImageOfPage":{"@id":"https:\/\/www.veltec.eu\/nl\/product\/kirby-verbinding-stang-voetpedaal-nl3129\/#primaryimage"},"image":{"@id":"https:\/\/www.veltec.eu\/nl\/product\/kirby-verbinding-stang-voetpedaal-nl3129\/#primaryimage"},"thumbnailUrl":"https:\/\/www.veltec.eu\/wp-content\/uploads\/2018\/10\/kirby-actuating-rod-k-608789.jpg","datePublished":"2018-10-26T09:04:25+00:00","dateModified":"2025-03-28T12:14:34+00:00","description":"Conexi\u00f3n Lingote Pedal de Pie Kirby Veltec es el proveedor de las aspiradoras Kirby desde hace m\u00e1s de 25 a\u00f1os. Especialista Veltec Kirby","breadcrumb":{"@id":"https:\/\/www.veltec.eu\/nl\/product\/kirby-verbinding-stang-voetpedaal-nl3129\/#breadcrumb"},"inLanguage":"es","potentialAction":[{"@type":"ReadAction","target":["https:\/\/www.veltec.eu\/nl\/product\/kirby-verbinding-stang-voetpedaal-nl3129\/"]}]},{"@type":"ImageObject","inLanguage":"es","@id":"https:\/\/www.veltec.eu\/nl\/product\/kirby-verbinding-stang-voetpedaal-nl3129\/#primaryimage","url":"https:\/\/www.veltec.eu\/wp-content\/uploads\/2018\/10\/kirby-actuating-rod-k-608789.jpg","contentUrl":"https:\/\/www.veltec.eu\/wp-content\/uploads\/2018\/10\/kirby-actuating-rod-k-608789.jpg","width":300,"height":300},{"@type":"BreadcrumbList","@id":"https:\/\/www.veltec.eu\/nl\/product\/kirby-verbinding-stang-voetpedaal-nl3129\/#breadcrumb","itemListElement":[{"@type":"ListItem","position":1,"name":"Home","item":"https:\/\/www.veltec.eu\/es\/"},{"@type":"ListItem","position":2,"name":"Produits","item":"https:\/\/www.veltec.eu\/fr\/shop\/"},{"@type":"ListItem","position":3,"name":"Conexi\u00f3n Lingote Pedal de Pie Kirby"}]},{"@type":"WebSite","@id":"https:\/\/www.veltec.eu\/en\/#website","url":"https:\/\/www.veltec.eu\/en\/","name":"Veltec Kirby specialist","description":"Kirby stofzuiger producten","publisher":{"@id":"https:\/\/www.veltec.eu\/en\/#organization"},"potentialAction":[{"@type":"SearchAction","target":{"@type":"EntryPoint","urlTemplate":"https:\/\/www.veltec.eu\/en\/?s={search_term_string}"},"query-input":{"@type":"PropertyValueSpecification","valueRequired":true,"valueName":"search_term_string"}}],"inLanguage":"es"},{"@type":"Organization","@id":"https:\/\/www.veltec.eu\/en\/#organization","name":"Veltec Kirby Specialist","url":"https:\/\/www.veltec.eu\/en\/","logo":{"@type":"ImageObject","inLanguage":"es","@id":"https:\/\/www.veltec.eu\/en\/#\/schema\/logo\/image\/","url":"https:\/\/www.veltec.eu\/wp-content\/uploads\/2021\/12\/Veltec-log-groot-e1537260889125.png","contentUrl":"https:\/\/www.veltec.eu\/wp-content\/uploads\/2021\/12\/Veltec-log-groot-e1537260889125.png","width":200,"height":60,"caption":"Veltec Kirby Specialist"},"image":{"@id":"https:\/\/www.veltec.eu\/en\/#\/schema\/logo\/image\/"},"sameAs":["https:\/\/www.facebook.com\/Veltec-Kirby-Specialist-236746293374877\/","https:\/\/www.youtube.com\/user\/VeltecService"]}]}},"_links":{"self":[{"href":"https:\/\/www.veltec.eu\/es\/wp-json\/wp\/v2\/product\/10832","targetHints":{"allow":["GET"]}}],"collection":[{"href":"https:\/\/www.veltec.eu\/es\/wp-json\/wp\/v2\/product"}],"about":[{"href":"https:\/\/www.veltec.eu\/es\/wp-json\/wp\/v2\/types\/product"}],"replies":[{"embeddable":true,"href":"https:\/\/www.veltec.eu\/es\/wp-json\/wp\/v2\/comments?post=10832"}],"wp:featuredmedia":[{"embeddable":true,"href":"https:\/\/www.veltec.eu\/es\/wp-json\/wp\/v2\/media\/8366"}],"wp:attachment":[{"href":"https:\/\/www.veltec.eu\/es\/wp-json\/wp\/v2\/media?parent=10832"}],"wp:term":[{"taxonomy":"product_brand","embeddable":true,"href":"https:\/\/www.veltec.eu\/es\/wp-json\/wp\/v2\/product_brand?post=10832"},{"taxonomy":"product_cat","embeddable":true,"href":"https:\/\/www.veltec.eu\/es\/wp-json\/wp\/v2\/product_cat?post=10832"},{"taxonomy":"product_tag","embeddable":true,"href":"https:\/\/www.veltec.eu\/es\/wp-json\/wp\/v2\/product_tag?post=10832"}],"curies":[{"name":"wp","href":"https:\/\/api.w.org\/{rel}","templated":true}]}}