{"id":10822,"date":"2018-10-26T11:16:58","date_gmt":"2018-10-26T09:16:58","guid":{"rendered":"https:\/\/www.veltec.eu\/kirby-webshop\/soporte-interruptor-kirby-nl3062\/"},"modified":"2025-03-28T13:19:09","modified_gmt":"2025-03-28T11:19:09","slug":"soporte-interruptor-kirby-nl3062","status":"publish","type":"product","link":"https:\/\/www.veltec.eu\/es\/product\/soporte-interruptor-kirby-nl3062\/","title":{"rendered":"Soporte Interruptor Kirby"},"content":{"rendered":"<h1>Soporte Interruptor Kirby<\/h1>\n<p>Soporte de acoplamiento Kirby para interruptor de tracci\u00f3n trasera.<\/p>\n<p><strong>Este soporte de acoplamiento es universal y adecuado para cualquier aspiradora Kirby;<\/strong><\/p>\n<ul>\n<li>Avalir Platinum<\/li>\n<li>Avalir 2<\/li>\n<li>Avalir 1<\/li>\n<li>Sentria 2 (G10D)<\/li>\n<li>Sentria 1 (G10)<\/li>\n<li>Ultimate G Diamond Ed.(G7D or DE)<\/li>\n<li>Ultimate G (G7 or UG)<\/li>\n<li>Generation 6 (G6)<\/li>\n<li>Generation 5 (G5)<\/li>\n<li>Generation 4 (G4)<\/li>\n<li>Generation 3 (G3)<\/li>\n<\/ul>\n<h2>Soporte de acoplamiento Kirby para Switch &#8211; Universal y fiable<\/h2>\n<p>El soporte de acoplamiento Kirby para interruptor es una pieza esencial para su aspiradora Kirby. Este mecanismo garantiza que el interruptor permanezca firmemente en su sitio y est\u00e9 conectado directamente a la transmisi\u00f3n de la rueda trasera. Gracias a su dise\u00f1o universal, este soporte de acoplamiento es adecuado para todas las aspiradoras Kirby. Esto significa que no tendr\u00e1 que preocuparse por la compatibilidad, y podr\u00e1 recuperar f\u00e1cilmente su aparato en las mejores condiciones.<\/p>\n<h3>\u00bfPor qu\u00e9 elegir el soporte de acoplamiento Kirby para Switch?<\/h3>\n<p>Una aspiradora que funcione correctamente es esencial para una limpieza a fondo. El soporte de acoplamiento desempe\u00f1a un papel importante en este sentido, ya que garantiza que el interruptor funcione de forma \u00f3ptima y est\u00e9 correctamente conectado a la unidad motriz. Esto contribuye a un uso suave y eficaz de su aspiradora Kirby.<\/p>\n<p><a href=\"https:\/\/www.veltec.eu\/es\/kirby-traccion-trasera-y-accesorios\/\">Aqu\u00ed encontrar\u00e1 todos los soportes de acoplamiento Kirby<\/a><\/p>\n<h3>Ventajas del soporte de acoplamiento Kirby:<\/h3>\n<ul>\n<li>Ajuste universal &#8211; Apto para todas las aspiradoras Kirby, sin necesidad de ajustes.<\/li>\n<li>Duradero y resistente &#8211; Fabricado con materiales de alta calidad para un uso duradero.<\/li>\n<li>F\u00e1cil instalaci\u00f3n &#8211; Montaje r\u00e1pido sin operaciones complicadas.<\/li>\n<li>Funcionamiento \u00f3ptimo &#8211; Garantiza que su aspiradora siga funcionando sin problemas.<\/li>\n<\/ul>\n<h3>F\u00e1cil instalaci\u00f3n y larga vida \u00fatil<\/h3>\n<p>Sustituir un soporte de torsi\u00f3n puede hacerse en cuesti\u00f3n de minutos. Gracias a su dise\u00f1o universal, no hay que preocuparse por el tama\u00f1o o la compatibilidad. La robusta construcci\u00f3n garantiza que el soporte de acoplamiento pueda soportar el uso diario y las tensiones a largo plazo, reduciendo la necesidad de sustituir piezas.<\/p>\n<h3>Apto para cualquier aspiradora Kirby<\/h3>\n<p>Tanto si tiene una aspiradora Kirby antigua como un modelo m\u00e1s reciente, este soporte de acoplamiento siempre es adecuado. Esto le ahorrar\u00e1 tiempo buscando la pieza correcta y le garantizar\u00e1 que su aspiradora volver\u00e1 a funcionar correctamente. Al elegir una pieza original y universalmente compatible, prolongar\u00e1 la vida \u00fatil de su aparato y mantendr\u00e1 su rendimiento \u00f3ptimo.<\/p>\n<h3>\u00a1Haga su pedido hoy mismo!<\/h3>\n<p>\u00bfQuiere que su aspiradora Kirby vuelva a funcionar sin problemas? Pida ahora el soporte de acoplamiento Kirby para interruptor y benef\u00edciese de una entrega r\u00e1pida y un recambio de alta calidad. Con una instalaci\u00f3n f\u00e1cil y una construcci\u00f3n robusta, le garantizamos una pieza duradera y fiable. Aseg\u00farese de que su aspiradora se mantiene siempre en perfectas condiciones con este pr\u00e1ctico y universal soporte de acoplamiento.<\/p>\n","protected":false},"excerpt":{"rendered":"<p>Acoplador para el interruptor para tracci\u00f3n trasera.<\/p>\n[trustindex data-widget-id=48bbd87242952812953642309d4]\n<h3><span style=\"color: #008000;\"><br \/>\nEn stock<\/span><\/h3>\n[av_font_icon icon='ue812' font='entypo-fontello' style='' caption='' size='25px' position='left' color='#43ad66' link='' linktarget='' title_attr='' sonar_effect_effect='' sonar_effect_color='' sonar_effect_duration='1' sonar_effect_scale='' sonar_effect_opac='0.5' animation='' id='' custom_class='' template_class='' av_uid='' sc_version='1.0' admin_preview_bg=''][\/av_font_icon]\n<p><span style=\"color: #008000;\">Pedido antes de las 23:59, enviado ma\u00f1ana<\/span><\/p>\n<p>&nbsp;<\/p>\n","protected":false},"featured_media":8385,"comment_status":"open","ping_status":"closed","template":"","meta":[],"product_brand":[],"product_cat":[332],"product_tag":[],"class_list":{"0":"post-10822","1":"product","2":"type-product","3":"status-publish","4":"has-post-thumbnail","6":"product_cat-traccion-trasera-kirby","7":"product_shipping_class-klein-es","9":"first","10":"instock","11":"taxable","12":"shipping-taxable","13":"purchasable","14":"product-type-simple"},"yoast_head":"<!-- This site is optimized with the Yoast SEO Premium plugin v27.1 (Yoast SEO v27.4) - https:\/\/yoast.com\/product\/yoast-seo-premium-wordpress\/ -->\n<title>Soporte Interruptor Kirby - Veltec Kirby specialist<\/title>\n<meta name=\"description\" content=\"Soporte Interruptor Kirby Veltec es el proveedor de las aspiradoras Kirby desde hace m\u00e1s de 25 a\u00f1os. Y es su especialista en servicio Kirby\" \/>\n<meta name=\"robots\" content=\"index, follow, max-snippet:-1, max-image-preview:large, max-video-preview:-1\" \/>\n<link rel=\"canonical\" href=\"https:\/\/www.veltec.eu\/nl\/product\/kirby-koppelsteun-voor-schakelaar-nl3062\/\" \/>\n<meta property=\"og:locale\" content=\"es_ES\" \/>\n<meta property=\"og:type\" content=\"article\" \/>\n<meta property=\"og:title\" content=\"Soporte Interruptor Kirby\" \/>\n<meta property=\"og:description\" content=\"Acoplador para el interruptor para tracci\u00f3n trasera.    En stock   Pedido antes de las 23:59, enviado ma\u00f1ana  &nbsp;\" \/>\n<meta property=\"og:url\" content=\"https:\/\/www.veltec.eu\/nl\/product\/kirby-koppelsteun-voor-schakelaar-nl3062\/\" \/>\n<meta property=\"og:site_name\" content=\"Veltec Kirby specialist\" \/>\n<meta property=\"article:publisher\" content=\"https:\/\/www.facebook.com\/Veltec-Kirby-Specialist-236746293374877\/\" \/>\n<meta property=\"article:modified_time\" content=\"2025-03-28T11:19:09+00:00\" \/>\n<meta property=\"og:image\" content=\"https:\/\/www.veltec.eu\/wp-content\/uploads\/2018\/10\/kirby_koppelsteun_voor_schakelaar.jpg\" \/>\n\t<meta property=\"og:image:width\" content=\"300\" \/>\n\t<meta property=\"og:image:height\" content=\"300\" \/>\n\t<meta property=\"og:image:type\" content=\"image\/jpeg\" \/>\n<meta name=\"twitter:card\" content=\"summary_large_image\" \/>\n<meta name=\"twitter:label1\" content=\"Tiempo de lectura\" \/>\n\t<meta name=\"twitter:data1\" content=\"3 minutos\" \/>\n<script type=\"application\/ld+json\" class=\"yoast-schema-graph\">{\"@context\":\"https:\\\/\\\/schema.org\",\"@graph\":[{\"@type\":\"WebPage\",\"@id\":\"https:\\\/\\\/www.veltec.eu\\\/nl\\\/product\\\/kirby-koppelsteun-voor-schakelaar-nl3062\\\/\",\"url\":\"https:\\\/\\\/www.veltec.eu\\\/nl\\\/product\\\/kirby-koppelsteun-voor-schakelaar-nl3062\\\/\",\"name\":\"Soporte Interruptor Kirby - Veltec Kirby specialist\",\"isPartOf\":{\"@id\":\"https:\\\/\\\/www.veltec.eu\\\/en\\\/#website\"},\"primaryImageOfPage\":{\"@id\":\"https:\\\/\\\/www.veltec.eu\\\/nl\\\/product\\\/kirby-koppelsteun-voor-schakelaar-nl3062\\\/#primaryimage\"},\"image\":{\"@id\":\"https:\\\/\\\/www.veltec.eu\\\/nl\\\/product\\\/kirby-koppelsteun-voor-schakelaar-nl3062\\\/#primaryimage\"},\"thumbnailUrl\":\"https:\\\/\\\/www.veltec.eu\\\/wp-content\\\/uploads\\\/2018\\\/10\\\/kirby_koppelsteun_voor_schakelaar.jpg\",\"datePublished\":\"2018-10-26T09:16:58+00:00\",\"dateModified\":\"2025-03-28T11:19:09+00:00\",\"description\":\"Soporte Interruptor Kirby Veltec es el proveedor de las aspiradoras Kirby desde hace m\u00e1s de 25 a\u00f1os. Y es su especialista en servicio Kirby\",\"breadcrumb\":{\"@id\":\"https:\\\/\\\/www.veltec.eu\\\/nl\\\/product\\\/kirby-koppelsteun-voor-schakelaar-nl3062\\\/#breadcrumb\"},\"inLanguage\":\"es\",\"potentialAction\":[{\"@type\":\"ReadAction\",\"target\":[\"https:\\\/\\\/www.veltec.eu\\\/nl\\\/product\\\/kirby-koppelsteun-voor-schakelaar-nl3062\\\/\"]}]},{\"@type\":\"ImageObject\",\"inLanguage\":\"es\",\"@id\":\"https:\\\/\\\/www.veltec.eu\\\/nl\\\/product\\\/kirby-koppelsteun-voor-schakelaar-nl3062\\\/#primaryimage\",\"url\":\"https:\\\/\\\/www.veltec.eu\\\/wp-content\\\/uploads\\\/2018\\\/10\\\/kirby_koppelsteun_voor_schakelaar.jpg\",\"contentUrl\":\"https:\\\/\\\/www.veltec.eu\\\/wp-content\\\/uploads\\\/2018\\\/10\\\/kirby_koppelsteun_voor_schakelaar.jpg\",\"width\":300,\"height\":300},{\"@type\":\"BreadcrumbList\",\"@id\":\"https:\\\/\\\/www.veltec.eu\\\/nl\\\/product\\\/kirby-koppelsteun-voor-schakelaar-nl3062\\\/#breadcrumb\",\"itemListElement\":[{\"@type\":\"ListItem\",\"position\":1,\"name\":\"Home\",\"item\":\"https:\\\/\\\/www.veltec.eu\\\/es\\\/\"},{\"@type\":\"ListItem\",\"position\":2,\"name\":\"Produits\",\"item\":\"https:\\\/\\\/www.veltec.eu\\\/fr\\\/shop\\\/\"},{\"@type\":\"ListItem\",\"position\":3,\"name\":\"Soporte Interruptor Kirby\"}]},{\"@type\":\"WebSite\",\"@id\":\"https:\\\/\\\/www.veltec.eu\\\/en\\\/#website\",\"url\":\"https:\\\/\\\/www.veltec.eu\\\/en\\\/\",\"name\":\"Veltec Kirby specialist\",\"description\":\"Kirby stofzuiger producten\",\"publisher\":{\"@id\":\"https:\\\/\\\/www.veltec.eu\\\/en\\\/#organization\"},\"potentialAction\":[{\"@type\":\"SearchAction\",\"target\":{\"@type\":\"EntryPoint\",\"urlTemplate\":\"https:\\\/\\\/www.veltec.eu\\\/en\\\/?s={search_term_string}\"},\"query-input\":{\"@type\":\"PropertyValueSpecification\",\"valueRequired\":true,\"valueName\":\"search_term_string\"}}],\"inLanguage\":\"es\"},{\"@type\":\"Organization\",\"@id\":\"https:\\\/\\\/www.veltec.eu\\\/en\\\/#organization\",\"name\":\"Veltec Kirby Specialist\",\"url\":\"https:\\\/\\\/www.veltec.eu\\\/en\\\/\",\"logo\":{\"@type\":\"ImageObject\",\"inLanguage\":\"es\",\"@id\":\"https:\\\/\\\/www.veltec.eu\\\/en\\\/#\\\/schema\\\/logo\\\/image\\\/\",\"url\":\"https:\\\/\\\/www.veltec.eu\\\/wp-content\\\/uploads\\\/2021\\\/12\\\/Veltec-log-groot-e1537260889125.png\",\"contentUrl\":\"https:\\\/\\\/www.veltec.eu\\\/wp-content\\\/uploads\\\/2021\\\/12\\\/Veltec-log-groot-e1537260889125.png\",\"width\":200,\"height\":60,\"caption\":\"Veltec Kirby Specialist\"},\"image\":{\"@id\":\"https:\\\/\\\/www.veltec.eu\\\/en\\\/#\\\/schema\\\/logo\\\/image\\\/\"},\"sameAs\":[\"https:\\\/\\\/www.facebook.com\\\/Veltec-Kirby-Specialist-236746293374877\\\/\",\"https:\\\/\\\/www.youtube.com\\\/user\\\/VeltecService\"]}]}<\/script>\n<!-- \/ Yoast SEO Premium plugin. -->","yoast_head_json":{"title":"Soporte Interruptor Kirby - Veltec Kirby specialist","description":"Soporte Interruptor Kirby Veltec es el proveedor de las aspiradoras Kirby desde hace m\u00e1s de 25 a\u00f1os. Y es su especialista en servicio Kirby","robots":{"index":"index","follow":"follow","max-snippet":"max-snippet:-1","max-image-preview":"max-image-preview:large","max-video-preview":"max-video-preview:-1"},"canonical":"https:\/\/www.veltec.eu\/nl\/product\/kirby-koppelsteun-voor-schakelaar-nl3062\/","og_locale":"es_ES","og_type":"article","og_title":"Soporte Interruptor Kirby","og_description":"Acoplador para el interruptor para tracci\u00f3n trasera.    En stock   Pedido antes de las 23:59, enviado ma\u00f1ana  &nbsp;","og_url":"https:\/\/www.veltec.eu\/nl\/product\/kirby-koppelsteun-voor-schakelaar-nl3062\/","og_site_name":"Veltec Kirby specialist","article_publisher":"https:\/\/www.facebook.com\/Veltec-Kirby-Specialist-236746293374877\/","article_modified_time":"2025-03-28T11:19:09+00:00","og_image":[{"width":300,"height":300,"url":"https:\/\/www.veltec.eu\/wp-content\/uploads\/2018\/10\/kirby_koppelsteun_voor_schakelaar.jpg","type":"image\/jpeg"}],"twitter_card":"summary_large_image","twitter_misc":{"Tiempo de lectura":"3 minutos"},"schema":{"@context":"https:\/\/schema.org","@graph":[{"@type":"WebPage","@id":"https:\/\/www.veltec.eu\/nl\/product\/kirby-koppelsteun-voor-schakelaar-nl3062\/","url":"https:\/\/www.veltec.eu\/nl\/product\/kirby-koppelsteun-voor-schakelaar-nl3062\/","name":"Soporte Interruptor Kirby - Veltec Kirby specialist","isPartOf":{"@id":"https:\/\/www.veltec.eu\/en\/#website"},"primaryImageOfPage":{"@id":"https:\/\/www.veltec.eu\/nl\/product\/kirby-koppelsteun-voor-schakelaar-nl3062\/#primaryimage"},"image":{"@id":"https:\/\/www.veltec.eu\/nl\/product\/kirby-koppelsteun-voor-schakelaar-nl3062\/#primaryimage"},"thumbnailUrl":"https:\/\/www.veltec.eu\/wp-content\/uploads\/2018\/10\/kirby_koppelsteun_voor_schakelaar.jpg","datePublished":"2018-10-26T09:16:58+00:00","dateModified":"2025-03-28T11:19:09+00:00","description":"Soporte Interruptor Kirby Veltec es el proveedor de las aspiradoras Kirby desde hace m\u00e1s de 25 a\u00f1os. Y es su especialista en servicio Kirby","breadcrumb":{"@id":"https:\/\/www.veltec.eu\/nl\/product\/kirby-koppelsteun-voor-schakelaar-nl3062\/#breadcrumb"},"inLanguage":"es","potentialAction":[{"@type":"ReadAction","target":["https:\/\/www.veltec.eu\/nl\/product\/kirby-koppelsteun-voor-schakelaar-nl3062\/"]}]},{"@type":"ImageObject","inLanguage":"es","@id":"https:\/\/www.veltec.eu\/nl\/product\/kirby-koppelsteun-voor-schakelaar-nl3062\/#primaryimage","url":"https:\/\/www.veltec.eu\/wp-content\/uploads\/2018\/10\/kirby_koppelsteun_voor_schakelaar.jpg","contentUrl":"https:\/\/www.veltec.eu\/wp-content\/uploads\/2018\/10\/kirby_koppelsteun_voor_schakelaar.jpg","width":300,"height":300},{"@type":"BreadcrumbList","@id":"https:\/\/www.veltec.eu\/nl\/product\/kirby-koppelsteun-voor-schakelaar-nl3062\/#breadcrumb","itemListElement":[{"@type":"ListItem","position":1,"name":"Home","item":"https:\/\/www.veltec.eu\/es\/"},{"@type":"ListItem","position":2,"name":"Produits","item":"https:\/\/www.veltec.eu\/fr\/shop\/"},{"@type":"ListItem","position":3,"name":"Soporte Interruptor Kirby"}]},{"@type":"WebSite","@id":"https:\/\/www.veltec.eu\/en\/#website","url":"https:\/\/www.veltec.eu\/en\/","name":"Veltec Kirby specialist","description":"Kirby stofzuiger producten","publisher":{"@id":"https:\/\/www.veltec.eu\/en\/#organization"},"potentialAction":[{"@type":"SearchAction","target":{"@type":"EntryPoint","urlTemplate":"https:\/\/www.veltec.eu\/en\/?s={search_term_string}"},"query-input":{"@type":"PropertyValueSpecification","valueRequired":true,"valueName":"search_term_string"}}],"inLanguage":"es"},{"@type":"Organization","@id":"https:\/\/www.veltec.eu\/en\/#organization","name":"Veltec Kirby Specialist","url":"https:\/\/www.veltec.eu\/en\/","logo":{"@type":"ImageObject","inLanguage":"es","@id":"https:\/\/www.veltec.eu\/en\/#\/schema\/logo\/image\/","url":"https:\/\/www.veltec.eu\/wp-content\/uploads\/2021\/12\/Veltec-log-groot-e1537260889125.png","contentUrl":"https:\/\/www.veltec.eu\/wp-content\/uploads\/2021\/12\/Veltec-log-groot-e1537260889125.png","width":200,"height":60,"caption":"Veltec Kirby Specialist"},"image":{"@id":"https:\/\/www.veltec.eu\/en\/#\/schema\/logo\/image\/"},"sameAs":["https:\/\/www.facebook.com\/Veltec-Kirby-Specialist-236746293374877\/","https:\/\/www.youtube.com\/user\/VeltecService"]}]}},"_links":{"self":[{"href":"https:\/\/www.veltec.eu\/es\/wp-json\/wp\/v2\/product\/10822","targetHints":{"allow":["GET"]}}],"collection":[{"href":"https:\/\/www.veltec.eu\/es\/wp-json\/wp\/v2\/product"}],"about":[{"href":"https:\/\/www.veltec.eu\/es\/wp-json\/wp\/v2\/types\/product"}],"replies":[{"embeddable":true,"href":"https:\/\/www.veltec.eu\/es\/wp-json\/wp\/v2\/comments?post=10822"}],"wp:featuredmedia":[{"embeddable":true,"href":"https:\/\/www.veltec.eu\/es\/wp-json\/wp\/v2\/media\/8385"}],"wp:attachment":[{"href":"https:\/\/www.veltec.eu\/es\/wp-json\/wp\/v2\/media?parent=10822"}],"wp:term":[{"taxonomy":"product_brand","embeddable":true,"href":"https:\/\/www.veltec.eu\/es\/wp-json\/wp\/v2\/product_brand?post=10822"},{"taxonomy":"product_cat","embeddable":true,"href":"https:\/\/www.veltec.eu\/es\/wp-json\/wp\/v2\/product_cat?post=10822"},{"taxonomy":"product_tag","embeddable":true,"href":"https:\/\/www.veltec.eu\/es\/wp-json\/wp\/v2\/product_tag?post=10822"}],"curies":[{"name":"wp","href":"https:\/\/api.w.org\/{rel}","templated":true}]}}