{"id":10817,"date":"2018-10-26T11:21:34","date_gmt":"2018-10-26T09:21:34","guid":{"rendered":"https:\/\/www.veltec.eu\/kirby-webshop\/interruptor-traccion-trasera-kirby-nl3000\/"},"modified":"2025-11-11T22:20:03","modified_gmt":"2025-11-11T20:20:03","slug":"interruptor-traccion-trasera-kirby-nl3000","status":"publish","type":"product","link":"https:\/\/www.veltec.eu\/es\/product\/interruptor-traccion-trasera-kirby-nl3000\/","title":{"rendered":"Interruptor Tracci\u00f3n Trasera Kirby"},"content":{"rendered":"<h1>Interruptor Tracci\u00f3n Trasera Kirby<\/h1>\n<p>Interruptor Tracci\u00f3n Trasera Kirby.<\/p>\n<p><strong>Este interruptor es universal y adecuado para cualquier aspiradora Kirby;<\/strong><\/p>\n<ul>\n<li>Avalir Platinum<\/li>\n<li>Avalir 2<\/li>\n<li>Avalir 1<\/li>\n<li>Sentria 2 (G10D)<\/li>\n<li>Sentria 1 (G10)<\/li>\n<li>Ultimate G Diamond Ed.(G7D or DE)<\/li>\n<li>Ultimate G (G7 or UG)<\/li>\n<li>Generation 6 (G6)<\/li>\n<li>Generation 5 (G5)<\/li>\n<li>Generation 4 (G4)<\/li>\n<li>Generation 3 (G3)<\/li>\n<\/ul>\n<h2>Interruptor de tracci\u00f3n trasera para aspiradoras Kirby &#8211; Universal e indispensable<\/h2>\n<p>\u00bfBusca un interruptor de tracci\u00f3n trasera de repuesto para su aspiradora Kirby? Este interruptor esencial se encarga de que su aspiradora cambie suavemente entre los modos neutro y de tracci\u00f3n. Cuando este interruptor se rompe o se suelta, la \u00fanica soluci\u00f3n es sustituirlo. Afortunadamente, este interruptor es universal y adecuado para todos los modelos Kirby.<\/p>\n<p><a href=\"https:\/\/www.veltec.eu\/es\/kirby-traccion-trasera-y-accesorios\/\">Aqu\u00ed encontrar\u00e1 todos los interruptores traseros Kirby.<\/a><\/p>\n<h3>\u00bfPor qu\u00e9 su Kirby necesita un nuevo interruptor de tracci\u00f3n trasera?<\/h3>\n<p>La tracci\u00f3n trasera de su aspiradora Kirby garantiza un movimiento sin esfuerzo durante la aspiraci\u00f3n. El interruptor es un componente peque\u00f1o pero crucial que pone o quita la tracci\u00f3n en punto muerto. Si se afloja o se desgasta, la transmisi\u00f3n deja de funcionar correctamente. Esto puede provocar una reducci\u00f3n del rendimiento y una experiencia de aspiraci\u00f3n menos eficaz. Dado que este interruptor no se puede reparar, sustit\u00fayalo en cuanto note que a su aspiradora le cuesta moverse.<\/p>\n<h3>Universal y apto para todos los modelos Kirby<\/h3>\n<p>Este interruptor est\u00e1 dise\u00f1ado para adaptarse perfectamente a cualquier modelo de aspiradora Kirby. Esto significa que no tiene que preocuparse por la compatibilidad. Tanto si tiene un modelo antiguo como uno nuevo, este interruptor le ofrece la soluci\u00f3n que necesita para que su aspiradora vuelva a funcionar sin problemas.<\/p>\n<h3>F\u00e1cil instalaci\u00f3n y listo para usar de inmediato<\/h3>\n<p>Una gran ventaja de este interruptor es que es f\u00e1cil de instalar. Con unos conocimientos t\u00e9cnicos m\u00ednimos, puede sustituir este interruptor usted mismo, evitando as\u00ed costosas reparaciones. En cuesti\u00f3n de minutos, su aspiradora Kirby volver\u00e1 a estar lista para su uso.<\/p>\n<h3>Pida hoy su interruptor de tracci\u00f3n trasera de repuesto<\/h3>\n<p>No espere m\u00e1s para reparar su aspiradora Kirby. Pida hoy mismo este interruptor universal de tracci\u00f3n trasera y vuelva a disfrutar de una aspiradora que funciona sin problemas. Con entrega r\u00e1pida y compatibilidad garantizada, \u00a1esta es la soluci\u00f3n ideal para cualquier modelo Kirby!<\/p>\n","protected":false},"excerpt":{"rendered":"<p>Interruptor para Tracci\u00f3n Trasera.<\/p>\n[trustindex data-widget-id=48bbd87242952812953642309d4]\n<h3><span style=\"color: #008000;\"><br \/>\nEn stock<\/span><\/h3>\n[av_font_icon icon='ue812' font='entypo-fontello' style='' caption='' size='25px' position='left' color='#43ad66' link='' linktarget='' title_attr='' sonar_effect_effect='' sonar_effect_color='' sonar_effect_duration='1' sonar_effect_scale='' sonar_effect_opac='0.5' animation='' id='' custom_class='' template_class='' av_uid='' sc_version='1.0' admin_preview_bg=''][\/av_font_icon]\n<p><span style=\"color: #008000;\">Pedido antes de las 23:59, enviado ma\u00f1ana<\/span><\/p>\n<p>&nbsp;<\/p>\n","protected":false},"featured_media":90518,"comment_status":"open","ping_status":"closed","template":"","meta":[],"product_brand":[],"product_cat":[332],"product_tag":[],"class_list":{"0":"post-10817","1":"product","2":"type-product","3":"status-publish","4":"has-post-thumbnail","6":"product_cat-traccion-trasera-kirby","7":"product_shipping_class-klein-es","9":"first","10":"instock","11":"taxable","12":"shipping-taxable","13":"purchasable","14":"product-type-simple"},"yoast_head":"<!-- This site is optimized with the Yoast SEO Premium plugin v27.1 (Yoast SEO v27.4) - https:\/\/yoast.com\/product\/yoast-seo-premium-wordpress\/ -->\n<title>Interruptor Tracci\u00f3n Trasera Kirby - Veltec Kirby specialist<\/title>\n<meta name=\"description\" content=\"Interruptor Tracci\u00f3n Trasera Kirby Veltec es el proveedor de las aspiradoras Kirby desde hace m\u00e1s de 25 a\u00f1os. Y es su especialista\" \/>\n<meta name=\"robots\" content=\"index, follow, max-snippet:-1, max-image-preview:large, max-video-preview:-1\" \/>\n<link rel=\"canonical\" href=\"https:\/\/www.veltec.eu\/nl\/product\/achterwielaandrijving-schakelaar-nl3000\/\" \/>\n<meta property=\"og:locale\" content=\"es_ES\" \/>\n<meta property=\"og:type\" content=\"article\" \/>\n<meta property=\"og:title\" content=\"Interruptor Tracci\u00f3n Trasera Kirby\" \/>\n<meta property=\"og:description\" content=\"Interruptor para Tracci\u00f3n Trasera.    En stock   Pedido antes de las 23:59, enviado ma\u00f1ana  &nbsp;\" \/>\n<meta property=\"og:url\" content=\"https:\/\/www.veltec.eu\/nl\/product\/achterwielaandrijving-schakelaar-nl3000\/\" \/>\n<meta property=\"og:site_name\" content=\"Veltec Kirby specialist\" \/>\n<meta property=\"article:publisher\" content=\"https:\/\/www.facebook.com\/Veltec-Kirby-Specialist-236746293374877\/\" \/>\n<meta property=\"article:modified_time\" content=\"2025-11-11T20:20:03+00:00\" \/>\n<meta property=\"og:image\" content=\"https:\/\/www.veltec.eu\/wp-content\/uploads\/2018\/10\/achterwielaandrijving_schakelaar.jpg\" \/>\n\t<meta property=\"og:image:width\" content=\"300\" \/>\n\t<meta property=\"og:image:height\" content=\"300\" \/>\n\t<meta property=\"og:image:type\" content=\"image\/jpeg\" \/>\n<meta name=\"twitter:card\" content=\"summary_large_image\" \/>\n<meta name=\"twitter:label1\" content=\"Tiempo de lectura\" \/>\n\t<meta name=\"twitter:data1\" content=\"2 minutos\" \/>\n<script type=\"application\/ld+json\" class=\"yoast-schema-graph\">{\"@context\":\"https:\\\/\\\/schema.org\",\"@graph\":[{\"@type\":\"WebPage\",\"@id\":\"https:\\\/\\\/www.veltec.eu\\\/nl\\\/product\\\/achterwielaandrijving-schakelaar-nl3000\\\/\",\"url\":\"https:\\\/\\\/www.veltec.eu\\\/nl\\\/product\\\/achterwielaandrijving-schakelaar-nl3000\\\/\",\"name\":\"Interruptor Tracci\u00f3n Trasera Kirby - Veltec Kirby specialist\",\"isPartOf\":{\"@id\":\"https:\\\/\\\/www.veltec.eu\\\/en\\\/#website\"},\"primaryImageOfPage\":{\"@id\":\"https:\\\/\\\/www.veltec.eu\\\/nl\\\/product\\\/achterwielaandrijving-schakelaar-nl3000\\\/#primaryimage\"},\"image\":{\"@id\":\"https:\\\/\\\/www.veltec.eu\\\/nl\\\/product\\\/achterwielaandrijving-schakelaar-nl3000\\\/#primaryimage\"},\"thumbnailUrl\":\"https:\\\/\\\/www.veltec.eu\\\/wp-content\\\/uploads\\\/2018\\\/10\\\/Kirby-achterwielschakelaar1.jpg\",\"datePublished\":\"2018-10-26T09:21:34+00:00\",\"dateModified\":\"2025-11-11T20:20:03+00:00\",\"description\":\"Interruptor Tracci\u00f3n Trasera Kirby Veltec es el proveedor de las aspiradoras Kirby desde hace m\u00e1s de 25 a\u00f1os. Y es su especialista\",\"breadcrumb\":{\"@id\":\"https:\\\/\\\/www.veltec.eu\\\/nl\\\/product\\\/achterwielaandrijving-schakelaar-nl3000\\\/#breadcrumb\"},\"inLanguage\":\"es\",\"potentialAction\":[{\"@type\":\"ReadAction\",\"target\":[\"https:\\\/\\\/www.veltec.eu\\\/nl\\\/product\\\/achterwielaandrijving-schakelaar-nl3000\\\/\"]}]},{\"@type\":\"ImageObject\",\"inLanguage\":\"es\",\"@id\":\"https:\\\/\\\/www.veltec.eu\\\/nl\\\/product\\\/achterwielaandrijving-schakelaar-nl3000\\\/#primaryimage\",\"url\":\"https:\\\/\\\/www.veltec.eu\\\/wp-content\\\/uploads\\\/2018\\\/10\\\/Kirby-achterwielschakelaar1.jpg\",\"contentUrl\":\"https:\\\/\\\/www.veltec.eu\\\/wp-content\\\/uploads\\\/2018\\\/10\\\/Kirby-achterwielschakelaar1.jpg\",\"width\":600,\"height\":600},{\"@type\":\"BreadcrumbList\",\"@id\":\"https:\\\/\\\/www.veltec.eu\\\/nl\\\/product\\\/achterwielaandrijving-schakelaar-nl3000\\\/#breadcrumb\",\"itemListElement\":[{\"@type\":\"ListItem\",\"position\":1,\"name\":\"Home\",\"item\":\"https:\\\/\\\/www.veltec.eu\\\/es\\\/\"},{\"@type\":\"ListItem\",\"position\":2,\"name\":\"Produits\",\"item\":\"https:\\\/\\\/www.veltec.eu\\\/fr\\\/shop\\\/\"},{\"@type\":\"ListItem\",\"position\":3,\"name\":\"Interruptor Tracci\u00f3n Trasera Kirby\"}]},{\"@type\":\"WebSite\",\"@id\":\"https:\\\/\\\/www.veltec.eu\\\/en\\\/#website\",\"url\":\"https:\\\/\\\/www.veltec.eu\\\/en\\\/\",\"name\":\"Veltec Kirby specialist\",\"description\":\"Kirby stofzuiger producten\",\"publisher\":{\"@id\":\"https:\\\/\\\/www.veltec.eu\\\/en\\\/#organization\"},\"potentialAction\":[{\"@type\":\"SearchAction\",\"target\":{\"@type\":\"EntryPoint\",\"urlTemplate\":\"https:\\\/\\\/www.veltec.eu\\\/en\\\/?s={search_term_string}\"},\"query-input\":{\"@type\":\"PropertyValueSpecification\",\"valueRequired\":true,\"valueName\":\"search_term_string\"}}],\"inLanguage\":\"es\"},{\"@type\":\"Organization\",\"@id\":\"https:\\\/\\\/www.veltec.eu\\\/en\\\/#organization\",\"name\":\"Veltec Kirby Specialist\",\"url\":\"https:\\\/\\\/www.veltec.eu\\\/en\\\/\",\"logo\":{\"@type\":\"ImageObject\",\"inLanguage\":\"es\",\"@id\":\"https:\\\/\\\/www.veltec.eu\\\/en\\\/#\\\/schema\\\/logo\\\/image\\\/\",\"url\":\"https:\\\/\\\/www.veltec.eu\\\/wp-content\\\/uploads\\\/2021\\\/12\\\/Veltec-log-groot-e1537260889125.png\",\"contentUrl\":\"https:\\\/\\\/www.veltec.eu\\\/wp-content\\\/uploads\\\/2021\\\/12\\\/Veltec-log-groot-e1537260889125.png\",\"width\":200,\"height\":60,\"caption\":\"Veltec Kirby Specialist\"},\"image\":{\"@id\":\"https:\\\/\\\/www.veltec.eu\\\/en\\\/#\\\/schema\\\/logo\\\/image\\\/\"},\"sameAs\":[\"https:\\\/\\\/www.facebook.com\\\/Veltec-Kirby-Specialist-236746293374877\\\/\",\"https:\\\/\\\/www.youtube.com\\\/user\\\/VeltecService\"]}]}<\/script>\n<!-- \/ Yoast SEO Premium plugin. -->","yoast_head_json":{"title":"Interruptor Tracci\u00f3n Trasera Kirby - Veltec Kirby specialist","description":"Interruptor Tracci\u00f3n Trasera Kirby Veltec es el proveedor de las aspiradoras Kirby desde hace m\u00e1s de 25 a\u00f1os. Y es su especialista","robots":{"index":"index","follow":"follow","max-snippet":"max-snippet:-1","max-image-preview":"max-image-preview:large","max-video-preview":"max-video-preview:-1"},"canonical":"https:\/\/www.veltec.eu\/nl\/product\/achterwielaandrijving-schakelaar-nl3000\/","og_locale":"es_ES","og_type":"article","og_title":"Interruptor Tracci\u00f3n Trasera Kirby","og_description":"Interruptor para Tracci\u00f3n Trasera.    En stock   Pedido antes de las 23:59, enviado ma\u00f1ana  &nbsp;","og_url":"https:\/\/www.veltec.eu\/nl\/product\/achterwielaandrijving-schakelaar-nl3000\/","og_site_name":"Veltec Kirby specialist","article_publisher":"https:\/\/www.facebook.com\/Veltec-Kirby-Specialist-236746293374877\/","article_modified_time":"2025-11-11T20:20:03+00:00","og_image":[{"width":300,"height":300,"url":"https:\/\/www.veltec.eu\/wp-content\/uploads\/2018\/10\/achterwielaandrijving_schakelaar.jpg","type":"image\/jpeg"}],"twitter_card":"summary_large_image","twitter_misc":{"Tiempo de lectura":"2 minutos"},"schema":{"@context":"https:\/\/schema.org","@graph":[{"@type":"WebPage","@id":"https:\/\/www.veltec.eu\/nl\/product\/achterwielaandrijving-schakelaar-nl3000\/","url":"https:\/\/www.veltec.eu\/nl\/product\/achterwielaandrijving-schakelaar-nl3000\/","name":"Interruptor Tracci\u00f3n Trasera Kirby - Veltec Kirby specialist","isPartOf":{"@id":"https:\/\/www.veltec.eu\/en\/#website"},"primaryImageOfPage":{"@id":"https:\/\/www.veltec.eu\/nl\/product\/achterwielaandrijving-schakelaar-nl3000\/#primaryimage"},"image":{"@id":"https:\/\/www.veltec.eu\/nl\/product\/achterwielaandrijving-schakelaar-nl3000\/#primaryimage"},"thumbnailUrl":"https:\/\/www.veltec.eu\/wp-content\/uploads\/2018\/10\/Kirby-achterwielschakelaar1.jpg","datePublished":"2018-10-26T09:21:34+00:00","dateModified":"2025-11-11T20:20:03+00:00","description":"Interruptor Tracci\u00f3n Trasera Kirby Veltec es el proveedor de las aspiradoras Kirby desde hace m\u00e1s de 25 a\u00f1os. Y es su especialista","breadcrumb":{"@id":"https:\/\/www.veltec.eu\/nl\/product\/achterwielaandrijving-schakelaar-nl3000\/#breadcrumb"},"inLanguage":"es","potentialAction":[{"@type":"ReadAction","target":["https:\/\/www.veltec.eu\/nl\/product\/achterwielaandrijving-schakelaar-nl3000\/"]}]},{"@type":"ImageObject","inLanguage":"es","@id":"https:\/\/www.veltec.eu\/nl\/product\/achterwielaandrijving-schakelaar-nl3000\/#primaryimage","url":"https:\/\/www.veltec.eu\/wp-content\/uploads\/2018\/10\/Kirby-achterwielschakelaar1.jpg","contentUrl":"https:\/\/www.veltec.eu\/wp-content\/uploads\/2018\/10\/Kirby-achterwielschakelaar1.jpg","width":600,"height":600},{"@type":"BreadcrumbList","@id":"https:\/\/www.veltec.eu\/nl\/product\/achterwielaandrijving-schakelaar-nl3000\/#breadcrumb","itemListElement":[{"@type":"ListItem","position":1,"name":"Home","item":"https:\/\/www.veltec.eu\/es\/"},{"@type":"ListItem","position":2,"name":"Produits","item":"https:\/\/www.veltec.eu\/fr\/shop\/"},{"@type":"ListItem","position":3,"name":"Interruptor Tracci\u00f3n Trasera Kirby"}]},{"@type":"WebSite","@id":"https:\/\/www.veltec.eu\/en\/#website","url":"https:\/\/www.veltec.eu\/en\/","name":"Veltec Kirby specialist","description":"Kirby stofzuiger producten","publisher":{"@id":"https:\/\/www.veltec.eu\/en\/#organization"},"potentialAction":[{"@type":"SearchAction","target":{"@type":"EntryPoint","urlTemplate":"https:\/\/www.veltec.eu\/en\/?s={search_term_string}"},"query-input":{"@type":"PropertyValueSpecification","valueRequired":true,"valueName":"search_term_string"}}],"inLanguage":"es"},{"@type":"Organization","@id":"https:\/\/www.veltec.eu\/en\/#organization","name":"Veltec Kirby Specialist","url":"https:\/\/www.veltec.eu\/en\/","logo":{"@type":"ImageObject","inLanguage":"es","@id":"https:\/\/www.veltec.eu\/en\/#\/schema\/logo\/image\/","url":"https:\/\/www.veltec.eu\/wp-content\/uploads\/2021\/12\/Veltec-log-groot-e1537260889125.png","contentUrl":"https:\/\/www.veltec.eu\/wp-content\/uploads\/2021\/12\/Veltec-log-groot-e1537260889125.png","width":200,"height":60,"caption":"Veltec Kirby Specialist"},"image":{"@id":"https:\/\/www.veltec.eu\/en\/#\/schema\/logo\/image\/"},"sameAs":["https:\/\/www.facebook.com\/Veltec-Kirby-Specialist-236746293374877\/","https:\/\/www.youtube.com\/user\/VeltecService"]}]}},"_links":{"self":[{"href":"https:\/\/www.veltec.eu\/es\/wp-json\/wp\/v2\/product\/10817","targetHints":{"allow":["GET"]}}],"collection":[{"href":"https:\/\/www.veltec.eu\/es\/wp-json\/wp\/v2\/product"}],"about":[{"href":"https:\/\/www.veltec.eu\/es\/wp-json\/wp\/v2\/types\/product"}],"replies":[{"embeddable":true,"href":"https:\/\/www.veltec.eu\/es\/wp-json\/wp\/v2\/comments?post=10817"}],"wp:featuredmedia":[{"embeddable":true,"href":"https:\/\/www.veltec.eu\/es\/wp-json\/wp\/v2\/media\/90518"}],"wp:attachment":[{"href":"https:\/\/www.veltec.eu\/es\/wp-json\/wp\/v2\/media?parent=10817"}],"wp:term":[{"taxonomy":"product_brand","embeddable":true,"href":"https:\/\/www.veltec.eu\/es\/wp-json\/wp\/v2\/product_brand?post=10817"},{"taxonomy":"product_cat","embeddable":true,"href":"https:\/\/www.veltec.eu\/es\/wp-json\/wp\/v2\/product_cat?post=10817"},{"taxonomy":"product_tag","embeddable":true,"href":"https:\/\/www.veltec.eu\/es\/wp-json\/wp\/v2\/product_tag?post=10817"}],"curies":[{"name":"wp","href":"https:\/\/api.w.org\/{rel}","templated":true}]}}