{"id":10807,"date":"2018-10-26T11:33:25","date_gmt":"2018-10-26T09:33:25","guid":{"rendered":"https:\/\/www.veltec.eu\/kirby-webshop\/kirby-traccion-trasera-re-acondicionado-nl400056\/"},"modified":"2025-09-02T15:26:59","modified_gmt":"2025-09-02T13:26:59","slug":"kirby-traccion-trasera-re-acondicionado-nl400056","status":"publish","type":"product","link":"https:\/\/www.veltec.eu\/es\/product\/kirby-traccion-trasera-re-acondicionado-nl400056\/","title":{"rendered":"Kirby Tracci\u00f3n Trasera Reacondicionado"},"content":{"rendered":"<h1 data-start=\"153\" data-end=\"218\">Kirby Tracci\u00f3n Trasera Reacondicionado \u2013 Completa y fiable<\/h1>\n<h2 data-start=\"220\" data-end=\"287\">\u00bfPor qu\u00e9 elegir una Kirby Tracci\u00f3n Trasera Reacondicionado?<\/h2>\n<p data-start=\"288\" data-end=\"763\">\u00bfNota que su aspiradora Kirby se mueve con m\u00e1s dificultad o que las ruedas est\u00e1n r\u00edgidas? Entonces, lo m\u00e1s probable es que la transmisi\u00f3n trasera Kirby necesite ser reemplazada. Una transmisi\u00f3n trasera nueva suele ser costosa, pero una Kirby Tracci\u00f3n Trasera Reacondicionado\u00a0ofrece la misma fiabilidad a un precio mucho m\u00e1s accesible. Adem\u00e1s, esta soluci\u00f3n es sostenible, ya que cada componente se limpia, revisa y renueva cuidadosamente cuando es necesario.<\/p>\n<p data-start=\"765\" data-end=\"980\">Al optar por una pieza reacondicionada, alarga la vida \u00fatil de su aspiradora sin necesidad de invertir en un aparato completamente nuevo. Esto le permite ahorrar dinero y, al mismo tiempo, cuidar el medioambiente.<\/p>\n<p><a href=\"https:\/\/www.veltec.eu\/es\/kirby-traccion-trasera-y-accesorios\/\">Aqu\u00ed encontrar\u00e1 todo lo que necesita para comprar la tracci\u00f3n trasera Kirby.<\/a><\/p>\n<p data-start=\"959\" data-end=\"1168\"><img decoding=\"async\" class=\"alignright wp-image-82051 size-full\" src=\"https:\/\/www.veltec.eu\/wp-content\/uploads\/2020\/07\/recon-reconBadgeConcrete.png\" alt=\"Kirby Tracci\u00f3n Trasera Reacondicionado\" width=\"265\" height=\"257\" srcset=\"https:\/\/www.veltec.eu\/wp-content\/uploads\/2020\/07\/recon-reconBadgeConcrete.png 265w, https:\/\/www.veltec.eu\/wp-content\/uploads\/2020\/07\/recon-reconBadgeConcrete-36x36.png 36w\" sizes=\"(max-width: 265px) 100vw, 265px\" \/><\/p>\n<h2 data-start=\"987\" data-end=\"1055\">\u00bfQu\u00e9 hace \u00fanica a la Kirby Tracci\u00f3n Trasera Reacondicionado?<\/h2>\n<p data-start=\"1056\" data-end=\"1396\">La transmisi\u00f3n trasera Kirby reacondicionada se somete a una revisi\u00f3n completa y, en caso necesario, se equipa con dos ruedas traseras nuevas con sus tapas protectoras. Gracias al interruptor integrado, podr\u00e1 cambiar f\u00e1cilmente entre la posici\u00f3n neutra y la posici\u00f3n de tracci\u00f3n, lo que har\u00e1 que el aspirado sea ligero y sin esfuerzo.<\/p>\n<h3 data-start=\"1398\" data-end=\"1419\">El set incluye:<\/h3>\n<ul>\n<li data-start=\"1422\" data-end=\"1473\">Transmisi\u00f3n trasera completamente reacondicionada<\/li>\n<li data-start=\"1476\" data-end=\"1519\">Dos ruedas traseras con tapas protectoras<\/li>\n<li data-start=\"1522\" data-end=\"1569\">Cubiertas de las ruedas para mayor protecci\u00f3n<\/li>\n<li data-start=\"1572\" data-end=\"1603\">Garant\u00eda de servicio del 100%<\/li>\n<\/ul>\n<p data-start=\"1605\" data-end=\"1694\">Con este set completo, su aspiradora Kirby volver\u00e1 a funcionar como si fuera nueva.<\/p>\n<h2 data-start=\"1701\" data-end=\"1768\">\u00bfEn qu\u00e9 modelos de Kirby es compatible la transmisi\u00f3n trasera?<\/h2>\n<p data-start=\"1769\" data-end=\"1993\">Una pregunta frecuente es: <em data-start=\"1796\" data-end=\"1874\">\u201c\u00bfLa transmisi\u00f3n trasera Kirby reacondicionada es compatible con mi modelo?\u201d<\/em> La respuesta es <strong data-start=\"1891\" data-end=\"1897\">s\u00ed<\/strong>. Esta pieza es universal y se adapta a todos los modelos m\u00e1s populares de Kirby, entre ellos:<\/p>\n<ul>\n<li data-start=\"2122\" data-end=\"2139\">Avalir Platinum<\/li>\n<li data-start=\"2142\" data-end=\"2152\">Avalir 2<\/li>\n<li data-start=\"2155\" data-end=\"2165\">Avalir 1<\/li>\n<li data-start=\"2168\" data-end=\"2186\">Sentria 2 (G10D)<\/li>\n<li data-start=\"2189\" data-end=\"2206\">Sentria 1 (G10)<\/li>\n<li data-start=\"2209\" data-end=\"2246\">Ultimate G Diamond Edition (G7D\/DE)<\/li>\n<li data-start=\"2249\" data-end=\"2269\">Ultimate G (G7\/UG)<\/li>\n<li data-start=\"2272\" data-end=\"2291\">Generation 6 (G6)<\/li>\n<li data-start=\"2294\" data-end=\"2313\">Generation 5 (G5)<\/li>\n<li data-start=\"2316\" data-end=\"2335\">Generation 4 (G4)<\/li>\n<li data-start=\"2338\" data-end=\"2357\">Generation 3 (G3)<\/li>\n<\/ul>\n<p data-start=\"2234\" data-end=\"2292\">As\u00ed que no tendr\u00e1 que preocuparse por la compatibilidad.<\/p>\n<h2 data-start=\"2299\" data-end=\"2360\">\u00bfQu\u00e9 tan f\u00e1cil es instalar la transmisi\u00f3n trasera Kirby?<\/h2>\n<p data-start=\"2361\" data-end=\"2706\">\u00bfSe pregunta si puede instalar usted mismo la transmisi\u00f3n trasera Kirby reacondicionada? La respuesta es clara: s\u00ed. El montaje es muy sencillo y apenas requiere tiempo. El set se entrega completo, por lo que podr\u00e1 comenzar de inmediato. En pocos minutos, su aspiradora Kirby volver\u00e1 a deslizarse suavemente y funcionar\u00e1 como nueva.<\/p>\n<p data-start=\"2494\" data-end=\"2843\"><a href=\"https:\/\/www.servicio-de-aspiradoras-kirby.es\/kirby-traccion-trasera\/\">Aqu\u00ed encontrar\u00e1 Todo lo que necesita saber sobre la tracci\u00f3n trasera Kirby<\/a><\/p>\n<h2 data-start=\"2713\" data-end=\"2775\">Ventajas de una tracci\u00f3n trasera Kirby reacondicionada<\/h2>\n<p data-start=\"2776\" data-end=\"2926\">Muchos usuarios se preguntan: <em data-start=\"2806\" data-end=\"2888\">\u201c\u00bfPor qu\u00e9 elegir una transmisi\u00f3n trasera reacondicionada en lugar de una nueva?\u201d<\/em> Estas son las principales ventajas:<\/p>\n<ul>\n<li data-start=\"2930\" data-end=\"3008\"><strong data-start=\"2930\" data-end=\"2943\">Econ\u00f3mica<\/strong>: Ahorra significativamente en comparaci\u00f3n con una pieza nueva.<\/li>\n<li data-start=\"3011\" data-end=\"3099\"><strong data-start=\"3011\" data-end=\"3025\">Sostenible<\/strong>: El reacondicionamiento de piezas reduce residuos y protege el planeta.<\/li>\n<li data-start=\"3102\" data-end=\"3185\"><strong data-start=\"3102\" data-end=\"3115\">Confiable<\/strong>: Cada componente es limpiado, probado y renovado en caso necesario.<\/li>\n<li data-start=\"3188\" data-end=\"3270\"><strong data-start=\"3188\" data-end=\"3207\">Lista para usar<\/strong>: El set se entrega completo, listo para instalar y utilizar.<\/li>\n<\/ul>\n<h2 data-start=\"3277\" data-end=\"3361\">Pida hoy mismo su Kirby Tracci\u00f3n Trasera Reacondicionado \u2013 R\u00e1pido y sencillo<\/h2>\n<p data-start=\"3362\" data-end=\"3720\">\u00bfQuiere volver a aspirar sin esfuerzo y sin complicaciones? Este es el momento ideal para elegir la transmisi\u00f3n trasera Kirby reacondicionada. Gracias a nuestra garant\u00eda de servicio del 100%, tendr\u00e1 la seguridad de recibir un producto de alta calidad y fiabilidad. Realice su pedido online de forma sencilla y reciba el set completo en muy poco tiempo.<\/p>\n<p data-start=\"3722\" data-end=\"3986\">\u00bfTiene alguna pregunta sobre la transmisi\u00f3n trasera Kirby o sobre el proceso de instalaci\u00f3n? No dude en ponerse en <a href=\"https:\/\/www.veltec.eu\/es\/contacte-con\/\">contacto con<\/a> nosotros. Nuestro equipo de <strong data-start=\"3882\" data-end=\"3905\">especialistas Kirby<\/strong> estar\u00e1 encantado de ayudarle para que su aspiradora vuelva a rendir al m\u00e1ximo.<\/p>\n","protected":false},"excerpt":{"rendered":"<p>La conjunto de tracci\u00f3n trasera Kirby reacondicionado es una pieza completamente revisada y renovada, que incluye ruedas y tapas protectoras. Apta para todas las aspiradoras Kirby y con garant\u00eda de servicio del 100 %.<\/p>\n[trustindex data-widget-id=48bbd87242952812953642309d4]\n<h3><span style=\"color: #008000;\"><br \/>\nEn stock<\/span><\/h3>\n[av_font_icon icon='ue812' font='entypo-fontello' style='' caption='' size='25px' position='left' color='#43ad66' link='' linktarget='' title_attr='' sonar_effect_effect='' sonar_effect_color='' sonar_effect_duration='1' sonar_effect_scale='' sonar_effect_opac='0.5' animation='' id='' custom_class='' template_class='' av_uid='' sc_version='1.0' admin_preview_bg=''][\/av_font_icon]\n<p><span style=\"color: #008000;\">Pedido antes de las 23:59, enviado ma\u00f1ana<\/span><\/p>\n<p>&nbsp;<\/p>\n","protected":false},"featured_media":86152,"comment_status":"open","ping_status":"closed","template":"","meta":[],"product_brand":[],"product_cat":[332],"product_tag":[],"class_list":{"0":"post-10807","1":"product","2":"type-product","3":"status-publish","4":"has-post-thumbnail","6":"product_cat-traccion-trasera-kirby","7":"product_shipping_class-klein-es","9":"first","10":"instock","11":"sale","12":"taxable","13":"shipping-taxable","14":"purchasable","15":"product-type-simple"},"yoast_head":"<!-- This site is optimized with the Yoast SEO Premium plugin v27.1 (Yoast SEO v27.4) - https:\/\/yoast.com\/product\/yoast-seo-premium-wordpress\/ -->\n<title>Kirby Tracci\u00f3n Trasera Reacondicionado \u2013 Completo<\/title>\n<meta name=\"description\" content=\"Compra el Conjunto de Tracci\u00f3n Trasera Kirby Reacondicionado. Incluye ruedas, cubiertas y garant\u00eda de servicio. Compatible con todos los modelos Kirby.\" \/>\n<meta name=\"robots\" content=\"index, follow, max-snippet:-1, max-image-preview:large, max-video-preview:-1\" \/>\n<link rel=\"canonical\" href=\"https:\/\/www.veltec.eu\/es\/product\/kirby-traccion-trasera-re-acondicionado-nl400056\/\" \/>\n<meta property=\"og:locale\" content=\"es_ES\" \/>\n<meta property=\"og:type\" content=\"article\" \/>\n<meta property=\"og:title\" content=\"Kirby Tracci\u00f3n Trasera Reacondicionado\" \/>\n<meta property=\"og:description\" content=\"La conjunto de tracci\u00f3n trasera Kirby reacondicionado es una pieza completamente revisada y renovada, que incluye ruedas y tapas protectoras. Apta para todas las aspiradoras Kirby y con garant\u00eda de servicio del 100 %.    En stock   Pedido antes de las 23:59, enviado ma\u00f1ana  &nbsp;\" \/>\n<meta property=\"og:url\" content=\"https:\/\/www.veltec.eu\/es\/product\/kirby-traccion-trasera-re-acondicionado-nl400056\/\" \/>\n<meta property=\"og:site_name\" content=\"Veltec Kirby specialist\" \/>\n<meta property=\"article:publisher\" content=\"https:\/\/www.facebook.com\/Veltec-Kirby-Specialist-236746293374877\/\" \/>\n<meta property=\"article:modified_time\" content=\"2025-09-02T13:26:59+00:00\" \/>\n<meta property=\"og:image\" content=\"https:\/\/www.veltec.eu\/wp-content\/uploads\/2018\/10\/Kirby-achterwielschakelaar.png\" \/>\n\t<meta property=\"og:image:width\" content=\"300\" \/>\n\t<meta property=\"og:image:height\" content=\"300\" \/>\n\t<meta property=\"og:image:type\" content=\"image\/png\" \/>\n<meta name=\"twitter:card\" content=\"summary_large_image\" \/>\n<meta name=\"twitter:label1\" content=\"Tiempo de lectura\" \/>\n\t<meta name=\"twitter:data1\" content=\"4 minutos\" \/>\n<script type=\"application\/ld+json\" class=\"yoast-schema-graph\">{\"@context\":\"https:\\\/\\\/schema.org\",\"@graph\":[{\"@type\":\"WebPage\",\"@id\":\"https:\\\/\\\/www.veltec.eu\\\/es\\\/product\\\/kirby-traccion-trasera-re-acondicionado-nl400056\\\/\",\"url\":\"https:\\\/\\\/www.veltec.eu\\\/es\\\/product\\\/kirby-traccion-trasera-re-acondicionado-nl400056\\\/\",\"name\":\"Kirby Tracci\u00f3n Trasera Reacondicionado \u2013 Completo\",\"isPartOf\":{\"@id\":\"https:\\\/\\\/www.veltec.eu\\\/en\\\/#website\"},\"primaryImageOfPage\":{\"@id\":\"https:\\\/\\\/www.veltec.eu\\\/es\\\/product\\\/kirby-traccion-trasera-re-acondicionado-nl400056\\\/#primaryimage\"},\"image\":{\"@id\":\"https:\\\/\\\/www.veltec.eu\\\/es\\\/product\\\/kirby-traccion-trasera-re-acondicionado-nl400056\\\/#primaryimage\"},\"thumbnailUrl\":\"https:\\\/\\\/www.veltec.eu\\\/wp-content\\\/uploads\\\/2018\\\/10\\\/Kirby-achterwielschakelaar.png\",\"datePublished\":\"2018-10-26T09:33:25+00:00\",\"dateModified\":\"2025-09-02T13:26:59+00:00\",\"description\":\"Compra el Conjunto de Tracci\u00f3n Trasera Kirby Reacondicionado. Incluye ruedas, cubiertas y garant\u00eda de servicio. Compatible con todos los modelos Kirby.\",\"breadcrumb\":{\"@id\":\"https:\\\/\\\/www.veltec.eu\\\/es\\\/product\\\/kirby-traccion-trasera-re-acondicionado-nl400056\\\/#breadcrumb\"},\"inLanguage\":\"es\",\"potentialAction\":[{\"@type\":\"ReadAction\",\"target\":[\"https:\\\/\\\/www.veltec.eu\\\/es\\\/product\\\/kirby-traccion-trasera-re-acondicionado-nl400056\\\/\"]}]},{\"@type\":\"ImageObject\",\"inLanguage\":\"es\",\"@id\":\"https:\\\/\\\/www.veltec.eu\\\/es\\\/product\\\/kirby-traccion-trasera-re-acondicionado-nl400056\\\/#primaryimage\",\"url\":\"https:\\\/\\\/www.veltec.eu\\\/wp-content\\\/uploads\\\/2018\\\/10\\\/Kirby-achterwielschakelaar.png\",\"contentUrl\":\"https:\\\/\\\/www.veltec.eu\\\/wp-content\\\/uploads\\\/2018\\\/10\\\/Kirby-achterwielschakelaar.png\",\"width\":300,\"height\":300},{\"@type\":\"BreadcrumbList\",\"@id\":\"https:\\\/\\\/www.veltec.eu\\\/es\\\/product\\\/kirby-traccion-trasera-re-acondicionado-nl400056\\\/#breadcrumb\",\"itemListElement\":[{\"@type\":\"ListItem\",\"position\":1,\"name\":\"Home\",\"item\":\"https:\\\/\\\/www.veltec.eu\\\/es\\\/\"},{\"@type\":\"ListItem\",\"position\":2,\"name\":\"Produits\",\"item\":\"https:\\\/\\\/www.veltec.eu\\\/fr\\\/shop\\\/\"},{\"@type\":\"ListItem\",\"position\":3,\"name\":\"Kirby Tracci\u00f3n Trasera Reacondicionado\"}]},{\"@type\":\"WebSite\",\"@id\":\"https:\\\/\\\/www.veltec.eu\\\/en\\\/#website\",\"url\":\"https:\\\/\\\/www.veltec.eu\\\/en\\\/\",\"name\":\"Veltec Kirby specialist\",\"description\":\"Kirby stofzuiger producten\",\"publisher\":{\"@id\":\"https:\\\/\\\/www.veltec.eu\\\/en\\\/#organization\"},\"potentialAction\":[{\"@type\":\"SearchAction\",\"target\":{\"@type\":\"EntryPoint\",\"urlTemplate\":\"https:\\\/\\\/www.veltec.eu\\\/en\\\/?s={search_term_string}\"},\"query-input\":{\"@type\":\"PropertyValueSpecification\",\"valueRequired\":true,\"valueName\":\"search_term_string\"}}],\"inLanguage\":\"es\"},{\"@type\":\"Organization\",\"@id\":\"https:\\\/\\\/www.veltec.eu\\\/en\\\/#organization\",\"name\":\"Veltec Kirby Specialist\",\"url\":\"https:\\\/\\\/www.veltec.eu\\\/en\\\/\",\"logo\":{\"@type\":\"ImageObject\",\"inLanguage\":\"es\",\"@id\":\"https:\\\/\\\/www.veltec.eu\\\/en\\\/#\\\/schema\\\/logo\\\/image\\\/\",\"url\":\"https:\\\/\\\/www.veltec.eu\\\/wp-content\\\/uploads\\\/2021\\\/12\\\/Veltec-log-groot-e1537260889125.png\",\"contentUrl\":\"https:\\\/\\\/www.veltec.eu\\\/wp-content\\\/uploads\\\/2021\\\/12\\\/Veltec-log-groot-e1537260889125.png\",\"width\":200,\"height\":60,\"caption\":\"Veltec Kirby Specialist\"},\"image\":{\"@id\":\"https:\\\/\\\/www.veltec.eu\\\/en\\\/#\\\/schema\\\/logo\\\/image\\\/\"},\"sameAs\":[\"https:\\\/\\\/www.facebook.com\\\/Veltec-Kirby-Specialist-236746293374877\\\/\",\"https:\\\/\\\/www.youtube.com\\\/user\\\/VeltecService\"]}]}<\/script>\n<!-- \/ Yoast SEO Premium plugin. -->","yoast_head_json":{"title":"Kirby Tracci\u00f3n Trasera Reacondicionado \u2013 Completo","description":"Compra el Conjunto de Tracci\u00f3n Trasera Kirby Reacondicionado. Incluye ruedas, cubiertas y garant\u00eda de servicio. Compatible con todos los modelos Kirby.","robots":{"index":"index","follow":"follow","max-snippet":"max-snippet:-1","max-image-preview":"max-image-preview:large","max-video-preview":"max-video-preview:-1"},"canonical":"https:\/\/www.veltec.eu\/es\/product\/kirby-traccion-trasera-re-acondicionado-nl400056\/","og_locale":"es_ES","og_type":"article","og_title":"Kirby Tracci\u00f3n Trasera Reacondicionado","og_description":"La conjunto de tracci\u00f3n trasera Kirby reacondicionado es una pieza completamente revisada y renovada, que incluye ruedas y tapas protectoras. Apta para todas las aspiradoras Kirby y con garant\u00eda de servicio del 100 %.    En stock   Pedido antes de las 23:59, enviado ma\u00f1ana  &nbsp;","og_url":"https:\/\/www.veltec.eu\/es\/product\/kirby-traccion-trasera-re-acondicionado-nl400056\/","og_site_name":"Veltec Kirby specialist","article_publisher":"https:\/\/www.facebook.com\/Veltec-Kirby-Specialist-236746293374877\/","article_modified_time":"2025-09-02T13:26:59+00:00","og_image":[{"width":300,"height":300,"url":"https:\/\/www.veltec.eu\/wp-content\/uploads\/2018\/10\/Kirby-achterwielschakelaar.png","type":"image\/png"}],"twitter_card":"summary_large_image","twitter_misc":{"Tiempo de lectura":"4 minutos"},"schema":{"@context":"https:\/\/schema.org","@graph":[{"@type":"WebPage","@id":"https:\/\/www.veltec.eu\/es\/product\/kirby-traccion-trasera-re-acondicionado-nl400056\/","url":"https:\/\/www.veltec.eu\/es\/product\/kirby-traccion-trasera-re-acondicionado-nl400056\/","name":"Kirby Tracci\u00f3n Trasera Reacondicionado \u2013 Completo","isPartOf":{"@id":"https:\/\/www.veltec.eu\/en\/#website"},"primaryImageOfPage":{"@id":"https:\/\/www.veltec.eu\/es\/product\/kirby-traccion-trasera-re-acondicionado-nl400056\/#primaryimage"},"image":{"@id":"https:\/\/www.veltec.eu\/es\/product\/kirby-traccion-trasera-re-acondicionado-nl400056\/#primaryimage"},"thumbnailUrl":"https:\/\/www.veltec.eu\/wp-content\/uploads\/2018\/10\/Kirby-achterwielschakelaar.png","datePublished":"2018-10-26T09:33:25+00:00","dateModified":"2025-09-02T13:26:59+00:00","description":"Compra el Conjunto de Tracci\u00f3n Trasera Kirby Reacondicionado. Incluye ruedas, cubiertas y garant\u00eda de servicio. Compatible con todos los modelos Kirby.","breadcrumb":{"@id":"https:\/\/www.veltec.eu\/es\/product\/kirby-traccion-trasera-re-acondicionado-nl400056\/#breadcrumb"},"inLanguage":"es","potentialAction":[{"@type":"ReadAction","target":["https:\/\/www.veltec.eu\/es\/product\/kirby-traccion-trasera-re-acondicionado-nl400056\/"]}]},{"@type":"ImageObject","inLanguage":"es","@id":"https:\/\/www.veltec.eu\/es\/product\/kirby-traccion-trasera-re-acondicionado-nl400056\/#primaryimage","url":"https:\/\/www.veltec.eu\/wp-content\/uploads\/2018\/10\/Kirby-achterwielschakelaar.png","contentUrl":"https:\/\/www.veltec.eu\/wp-content\/uploads\/2018\/10\/Kirby-achterwielschakelaar.png","width":300,"height":300},{"@type":"BreadcrumbList","@id":"https:\/\/www.veltec.eu\/es\/product\/kirby-traccion-trasera-re-acondicionado-nl400056\/#breadcrumb","itemListElement":[{"@type":"ListItem","position":1,"name":"Home","item":"https:\/\/www.veltec.eu\/es\/"},{"@type":"ListItem","position":2,"name":"Produits","item":"https:\/\/www.veltec.eu\/fr\/shop\/"},{"@type":"ListItem","position":3,"name":"Kirby Tracci\u00f3n Trasera Reacondicionado"}]},{"@type":"WebSite","@id":"https:\/\/www.veltec.eu\/en\/#website","url":"https:\/\/www.veltec.eu\/en\/","name":"Veltec Kirby specialist","description":"Kirby stofzuiger producten","publisher":{"@id":"https:\/\/www.veltec.eu\/en\/#organization"},"potentialAction":[{"@type":"SearchAction","target":{"@type":"EntryPoint","urlTemplate":"https:\/\/www.veltec.eu\/en\/?s={search_term_string}"},"query-input":{"@type":"PropertyValueSpecification","valueRequired":true,"valueName":"search_term_string"}}],"inLanguage":"es"},{"@type":"Organization","@id":"https:\/\/www.veltec.eu\/en\/#organization","name":"Veltec Kirby Specialist","url":"https:\/\/www.veltec.eu\/en\/","logo":{"@type":"ImageObject","inLanguage":"es","@id":"https:\/\/www.veltec.eu\/en\/#\/schema\/logo\/image\/","url":"https:\/\/www.veltec.eu\/wp-content\/uploads\/2021\/12\/Veltec-log-groot-e1537260889125.png","contentUrl":"https:\/\/www.veltec.eu\/wp-content\/uploads\/2021\/12\/Veltec-log-groot-e1537260889125.png","width":200,"height":60,"caption":"Veltec Kirby Specialist"},"image":{"@id":"https:\/\/www.veltec.eu\/en\/#\/schema\/logo\/image\/"},"sameAs":["https:\/\/www.facebook.com\/Veltec-Kirby-Specialist-236746293374877\/","https:\/\/www.youtube.com\/user\/VeltecService"]}]}},"_links":{"self":[{"href":"https:\/\/www.veltec.eu\/es\/wp-json\/wp\/v2\/product\/10807","targetHints":{"allow":["GET"]}}],"collection":[{"href":"https:\/\/www.veltec.eu\/es\/wp-json\/wp\/v2\/product"}],"about":[{"href":"https:\/\/www.veltec.eu\/es\/wp-json\/wp\/v2\/types\/product"}],"replies":[{"embeddable":true,"href":"https:\/\/www.veltec.eu\/es\/wp-json\/wp\/v2\/comments?post=10807"}],"wp:featuredmedia":[{"embeddable":true,"href":"https:\/\/www.veltec.eu\/es\/wp-json\/wp\/v2\/media\/86152"}],"wp:attachment":[{"href":"https:\/\/www.veltec.eu\/es\/wp-json\/wp\/v2\/media?parent=10807"}],"wp:term":[{"taxonomy":"product_brand","embeddable":true,"href":"https:\/\/www.veltec.eu\/es\/wp-json\/wp\/v2\/product_brand?post=10807"},{"taxonomy":"product_cat","embeddable":true,"href":"https:\/\/www.veltec.eu\/es\/wp-json\/wp\/v2\/product_cat?post=10807"},{"taxonomy":"product_tag","embeddable":true,"href":"https:\/\/www.veltec.eu\/es\/wp-json\/wp\/v2\/product_tag?post=10807"}],"curies":[{"name":"wp","href":"https:\/\/api.w.org\/{rel}","templated":true}]}}