{"id":10802,"date":"2018-10-26T12:19:46","date_gmt":"2018-10-26T10:19:46","guid":{"rendered":"https:\/\/www.veltec.eu\/kirby-webshop\/kirby-turbo-accessoires-systeem-motor-unit\/"},"modified":"2025-04-15T09:29:01","modified_gmt":"2025-04-15T07:29:01","slug":"accesorios-sistema-turbo-kirby-unidad-de-motor","status":"publish","type":"product","link":"https:\/\/www.veltec.eu\/es\/product\/accesorios-sistema-turbo-kirby-unidad-de-motor\/","title":{"rendered":"Accesorios Sistema Turbo Kirby unidad de motor"},"content":{"rendered":"<p>&nbsp;<\/p>\n<h2>Accesorios Sistema Turbo Kirby unidad de motor &#8211; Potente, vers\u00e1til y de uso universal<\/h2>\n<p>\u00bfEst\u00e1 buscando una potente extensi\u00f3n para su aspiradora Kirby? Entonces el Accesorios Sistema Turbo Kirby unidad de motor es exactamente lo que necesita. Esta unidad de motor est\u00e1 especialmente dise\u00f1ada como fuerza motriz para el Sistema de Accesorios Turbo de Kirby. Aunque s\u00f3lo se refiere a la parte del motor, esta unidad permite realizar varias tareas especializadas como lijar, fregar, pulir e incluso masajear.<\/p>\n<p>Gracias a su estudiado dise\u00f1o, esta unidad de motor es compatible con todas las <a href=\"https:\/\/www.veltec.eu\/es\/aspiradora-kirby\/\">aspiradoras Kirby<\/a>, independientemente del modelo. As\u00ed que nunca tendr\u00e1 que preocuparse por el ajuste o la conexi\u00f3n, lo que supone inmediatamente una gran ventaja en comparaci\u00f3n con otras marcas.<\/p>\n<p><strong>Este sistema de accesorios Turbo es universal y apto para todas las aspiradoras Kirby;<\/strong><\/p>\n<ul>\n<li><i><\/i>Avalir Platinum<\/li>\n<li>Avalir 2<\/li>\n<li>Avalir 1<\/li>\n<li>Sentria 2 (G10D)<\/li>\n<li>Sentria 1 (G10)<\/li>\n<li>Ultimate G Diamond Ed.(G7D or DE)<\/li>\n<li>Ultimate G (G7 or UG)<\/li>\n<li>Generation 6 (G6)<\/li>\n<li>Generation 5 (G5)<\/li>\n<li>Generation 4 (G4)<\/li>\n<li>Generation 3 (G3)<\/li>\n<\/ul>\n<p><a href=\"https:\/\/www.veltec.eu\/es\/accesorios-turbo-kirby\/\">Aqu\u00ed encontrar\u00e1 todos los Accesorios Kirby Turbo<\/a><\/p>\n<h2>\u00bfQu\u00e9 hace que los Accesorios Sistema Turbo Kirby unidad de motor sean tan especiales?<\/h2>\n<h3>Compacta, pero extremadamente potente<\/h3>\n<p>Aunque a primera vista parece un componente compacto, esta unidad de motor proporciona una sorprendente cantidad de potencia. Como resultado, puede realizar incluso los trabajos m\u00e1s intensivos con facilidad. Tanto si desea pulir suelos de madera, fregar baldosas apelmazadas o experimentar un masaje relajante, esta unidad le proporciona la potencia necesaria.<\/p>\n<p>Adem\u00e1s, es bueno saber que este motor est\u00e1 especialmente sintonizado con los dem\u00e1s accesorios del sistema Kirby Turbo. Como resultado, todo funciona conjuntamente de forma eficaz y segura.<\/p>\n<h3>Cuatro aplicaciones en un potente m\u00f3dulo<\/h3>\n<p>Lo que realmente distingue a este producto es su versatilidad. La unidad de motor es adecuada para:<\/p>\n<ul>\n<li>Lijar madera u otras superficies.<\/li>\n<li>Fregado de suciedad persistente en suelos o baldosas.<\/li>\n<li>Pulir madera, piedra natural u otras superficies lisas.<\/li>\n<li>Masaje &#8211; utilizando el accesorio adecuado, puede incluso relajar los m\u00fasculos.<\/li>\n<\/ul>\n<p>Gracias a estas funciones, el motor Kirby Turbo es un complemento indispensable tanto para uso dom\u00e9stico como semiprofesional. Adem\u00e1s, le ahorrar\u00e1 tiempo y esfuerzo, ya que no tendr\u00e1 que cambiar de aparato cada vez.<\/p>\n<h2>Compatibilidad universal para un uso sin preocupaciones<\/h2>\n<p>Otra gran ventaja es la compatibilidad universal. La unidad de motor puede utilizarse con todas las <a href=\"https:\/\/www.veltec.eu\/es\/aspiradora-kirby\/\">aspiradoras Kirby<\/a>, desde los modelos m\u00e1s antiguos hasta las generaciones m\u00e1s recientes. Esto significa que no tiene que comprar una nueva aspiradora para utilizar este sistema.<\/p>\n<p>Adem\u00e1s, la sencilla conexi\u00f3n garantiza que pueda empezar a utilizarlo inmediatamente. Sin manuales complicados, sin necesidad de conocimientos t\u00e9cnicos &#8211; s\u00f3lo plug &amp;amp; play.<\/p>\n<h2>\u00bfPor qu\u00e9 elegir el Accesorios Sistema Turbo Kirby unidad de motor?<\/h2>\n<p>Si est\u00e1 buscando una unidad de motor duradera, potente y vers\u00e1til, este producto le ofrece la soluci\u00f3n perfecta. Se beneficiar\u00e1 de:<\/p>\n<ul>\n<li>Uso vers\u00e1til para diferentes trabajos.<\/li>\n<li>Compatibilidad con cualquier aspiradora Kirby.<\/li>\n<li>Ahorro de tiempo y facilidad de uso.<\/li>\n<li>Resultado profesional, s\u00f3lo en su casa.<\/li>\n<\/ul>\n<p>\u00bfQuiere convertir su aspiradora Kirby en un aparato multifuncional? Entonces esta unidad de motor Kirby Turbo Accessories System es sin duda la elecci\u00f3n inteligente.<\/p>\n","protected":false},"excerpt":{"rendered":"<p>Accesorios Sistema Turbo Kirby unidad de motor.<\/p>\n[trustindex data-widget-id=48bbd87242952812953642309d4]\n<h3><span style=\"color: #008000;\"><br \/>\nEn stock<\/span><\/h3>\n[av_font_icon icon='ue812' font='entypo-fontello' style='' caption='' size='25px' position='left' color='#43ad66' link='' linktarget='' title_attr='' sonar_effect_effect='' sonar_effect_color='' sonar_effect_duration='1' sonar_effect_scale='' sonar_effect_opac='0.5' animation='' id='' custom_class='' template_class='' av_uid='' sc_version='1.0' admin_preview_bg=''][\/av_font_icon]\n<p><span style=\"color: #008000;\">Pedido antes de las 23:59, enviado ma\u00f1ana<\/span><\/p>\n<p>&nbsp;<\/p>\n","protected":false},"featured_media":8424,"comment_status":"open","ping_status":"closed","template":"","meta":[],"product_brand":[],"product_cat":[327],"product_tag":[],"class_list":{"0":"post-10802","1":"product","2":"type-product","3":"status-publish","4":"has-post-thumbnail","6":"product_cat-accesorios-turbo-kirby","7":"product_shipping_class-klein-es","9":"first","10":"instock","11":"taxable","12":"shipping-taxable","13":"purchasable","14":"product-type-simple"},"yoast_head":"<!-- This site is optimized with the Yoast SEO Premium plugin v27.1 (Yoast SEO v27.4) - https:\/\/yoast.com\/product\/yoast-seo-premium-wordpress\/ -->\n<title>Accesorios Sistema Turbo Kirby unidad de motor - Veltec Kirby specialist<\/title>\n<meta name=\"description\" content=\"Accesorios Sistema Turbo Kirby unidad de motor - Veltec es el proveedor de las aspiradoras Kirby desde hace m\u00e1s de 25 a\u00f1os.\" \/>\n<meta name=\"robots\" content=\"index, follow, max-snippet:-1, max-image-preview:large, max-video-preview:-1\" \/>\n<link rel=\"canonical\" href=\"https:\/\/www.veltec.eu\/nl\/product\/kirby-turbo-accessoires-systeem-motor-unit\/\" \/>\n<meta property=\"og:locale\" content=\"es_ES\" \/>\n<meta property=\"og:type\" content=\"article\" \/>\n<meta property=\"og:title\" content=\"Accesorios Sistema Turbo Kirby unidad de motor\" \/>\n<meta property=\"og:description\" content=\"Accesorios Sistema Turbo Kirby unidad de motor.    En stock   Pedido antes de las 23:59, enviado ma\u00f1ana  &nbsp;\" \/>\n<meta property=\"og:url\" content=\"https:\/\/www.veltec.eu\/nl\/product\/kirby-turbo-accessoires-systeem-motor-unit\/\" \/>\n<meta property=\"og:site_name\" content=\"Veltec Kirby specialist\" \/>\n<meta property=\"article:publisher\" content=\"https:\/\/www.facebook.com\/Veltec-Kirby-Specialist-236746293374877\/\" \/>\n<meta property=\"article:modified_time\" content=\"2025-04-15T07:29:01+00:00\" \/>\n<meta property=\"og:image\" content=\"https:\/\/www.veltec.eu\/wp-content\/uploads\/2018\/10\/dsc0592_1.jpg\" \/>\n\t<meta property=\"og:image:width\" content=\"300\" \/>\n\t<meta property=\"og:image:height\" content=\"300\" \/>\n\t<meta property=\"og:image:type\" content=\"image\/jpeg\" \/>\n<meta name=\"twitter:card\" content=\"summary_large_image\" \/>\n<meta name=\"twitter:label1\" content=\"Tiempo de lectura\" \/>\n\t<meta name=\"twitter:data1\" content=\"3 minutos\" \/>\n<script type=\"application\/ld+json\" class=\"yoast-schema-graph\">{\"@context\":\"https:\\\/\\\/schema.org\",\"@graph\":[{\"@type\":\"WebPage\",\"@id\":\"https:\\\/\\\/www.veltec.eu\\\/nl\\\/product\\\/kirby-turbo-accessoires-systeem-motor-unit\\\/\",\"url\":\"https:\\\/\\\/www.veltec.eu\\\/nl\\\/product\\\/kirby-turbo-accessoires-systeem-motor-unit\\\/\",\"name\":\"Accesorios Sistema Turbo Kirby unidad de motor - Veltec Kirby specialist\",\"isPartOf\":{\"@id\":\"https:\\\/\\\/www.veltec.eu\\\/en\\\/#website\"},\"primaryImageOfPage\":{\"@id\":\"https:\\\/\\\/www.veltec.eu\\\/nl\\\/product\\\/kirby-turbo-accessoires-systeem-motor-unit\\\/#primaryimage\"},\"image\":{\"@id\":\"https:\\\/\\\/www.veltec.eu\\\/nl\\\/product\\\/kirby-turbo-accessoires-systeem-motor-unit\\\/#primaryimage\"},\"thumbnailUrl\":\"https:\\\/\\\/www.veltec.eu\\\/wp-content\\\/uploads\\\/2018\\\/10\\\/dsc0592_1.jpg\",\"datePublished\":\"2018-10-26T10:19:46+00:00\",\"dateModified\":\"2025-04-15T07:29:01+00:00\",\"description\":\"Accesorios Sistema Turbo Kirby unidad de motor - Veltec es el proveedor de las aspiradoras Kirby desde hace m\u00e1s de 25 a\u00f1os.\",\"breadcrumb\":{\"@id\":\"https:\\\/\\\/www.veltec.eu\\\/nl\\\/product\\\/kirby-turbo-accessoires-systeem-motor-unit\\\/#breadcrumb\"},\"inLanguage\":\"es\",\"potentialAction\":[{\"@type\":\"ReadAction\",\"target\":[\"https:\\\/\\\/www.veltec.eu\\\/nl\\\/product\\\/kirby-turbo-accessoires-systeem-motor-unit\\\/\"]}]},{\"@type\":\"ImageObject\",\"inLanguage\":\"es\",\"@id\":\"https:\\\/\\\/www.veltec.eu\\\/nl\\\/product\\\/kirby-turbo-accessoires-systeem-motor-unit\\\/#primaryimage\",\"url\":\"https:\\\/\\\/www.veltec.eu\\\/wp-content\\\/uploads\\\/2018\\\/10\\\/dsc0592_1.jpg\",\"contentUrl\":\"https:\\\/\\\/www.veltec.eu\\\/wp-content\\\/uploads\\\/2018\\\/10\\\/dsc0592_1.jpg\",\"width\":300,\"height\":300},{\"@type\":\"BreadcrumbList\",\"@id\":\"https:\\\/\\\/www.veltec.eu\\\/nl\\\/product\\\/kirby-turbo-accessoires-systeem-motor-unit\\\/#breadcrumb\",\"itemListElement\":[{\"@type\":\"ListItem\",\"position\":1,\"name\":\"Home\",\"item\":\"https:\\\/\\\/www.veltec.eu\\\/es\\\/\"},{\"@type\":\"ListItem\",\"position\":2,\"name\":\"Produits\",\"item\":\"https:\\\/\\\/www.veltec.eu\\\/fr\\\/shop\\\/\"},{\"@type\":\"ListItem\",\"position\":3,\"name\":\"Accesorios Sistema Turbo Kirby unidad de motor\"}]},{\"@type\":\"WebSite\",\"@id\":\"https:\\\/\\\/www.veltec.eu\\\/en\\\/#website\",\"url\":\"https:\\\/\\\/www.veltec.eu\\\/en\\\/\",\"name\":\"Veltec Kirby specialist\",\"description\":\"Kirby stofzuiger producten\",\"publisher\":{\"@id\":\"https:\\\/\\\/www.veltec.eu\\\/en\\\/#organization\"},\"potentialAction\":[{\"@type\":\"SearchAction\",\"target\":{\"@type\":\"EntryPoint\",\"urlTemplate\":\"https:\\\/\\\/www.veltec.eu\\\/en\\\/?s={search_term_string}\"},\"query-input\":{\"@type\":\"PropertyValueSpecification\",\"valueRequired\":true,\"valueName\":\"search_term_string\"}}],\"inLanguage\":\"es\"},{\"@type\":\"Organization\",\"@id\":\"https:\\\/\\\/www.veltec.eu\\\/en\\\/#organization\",\"name\":\"Veltec Kirby Specialist\",\"url\":\"https:\\\/\\\/www.veltec.eu\\\/en\\\/\",\"logo\":{\"@type\":\"ImageObject\",\"inLanguage\":\"es\",\"@id\":\"https:\\\/\\\/www.veltec.eu\\\/en\\\/#\\\/schema\\\/logo\\\/image\\\/\",\"url\":\"https:\\\/\\\/www.veltec.eu\\\/wp-content\\\/uploads\\\/2021\\\/12\\\/Veltec-log-groot-e1537260889125.png\",\"contentUrl\":\"https:\\\/\\\/www.veltec.eu\\\/wp-content\\\/uploads\\\/2021\\\/12\\\/Veltec-log-groot-e1537260889125.png\",\"width\":200,\"height\":60,\"caption\":\"Veltec Kirby Specialist\"},\"image\":{\"@id\":\"https:\\\/\\\/www.veltec.eu\\\/en\\\/#\\\/schema\\\/logo\\\/image\\\/\"},\"sameAs\":[\"https:\\\/\\\/www.facebook.com\\\/Veltec-Kirby-Specialist-236746293374877\\\/\",\"https:\\\/\\\/www.youtube.com\\\/user\\\/VeltecService\"]}]}<\/script>\n<!-- \/ Yoast SEO Premium plugin. -->","yoast_head_json":{"title":"Accesorios Sistema Turbo Kirby unidad de motor - Veltec Kirby specialist","description":"Accesorios Sistema Turbo Kirby unidad de motor - Veltec es el proveedor de las aspiradoras Kirby desde hace m\u00e1s de 25 a\u00f1os.","robots":{"index":"index","follow":"follow","max-snippet":"max-snippet:-1","max-image-preview":"max-image-preview:large","max-video-preview":"max-video-preview:-1"},"canonical":"https:\/\/www.veltec.eu\/nl\/product\/kirby-turbo-accessoires-systeem-motor-unit\/","og_locale":"es_ES","og_type":"article","og_title":"Accesorios Sistema Turbo Kirby unidad de motor","og_description":"Accesorios Sistema Turbo Kirby unidad de motor.    En stock   Pedido antes de las 23:59, enviado ma\u00f1ana  &nbsp;","og_url":"https:\/\/www.veltec.eu\/nl\/product\/kirby-turbo-accessoires-systeem-motor-unit\/","og_site_name":"Veltec Kirby specialist","article_publisher":"https:\/\/www.facebook.com\/Veltec-Kirby-Specialist-236746293374877\/","article_modified_time":"2025-04-15T07:29:01+00:00","og_image":[{"width":300,"height":300,"url":"https:\/\/www.veltec.eu\/wp-content\/uploads\/2018\/10\/dsc0592_1.jpg","type":"image\/jpeg"}],"twitter_card":"summary_large_image","twitter_misc":{"Tiempo de lectura":"3 minutos"},"schema":{"@context":"https:\/\/schema.org","@graph":[{"@type":"WebPage","@id":"https:\/\/www.veltec.eu\/nl\/product\/kirby-turbo-accessoires-systeem-motor-unit\/","url":"https:\/\/www.veltec.eu\/nl\/product\/kirby-turbo-accessoires-systeem-motor-unit\/","name":"Accesorios Sistema Turbo Kirby unidad de motor - Veltec Kirby specialist","isPartOf":{"@id":"https:\/\/www.veltec.eu\/en\/#website"},"primaryImageOfPage":{"@id":"https:\/\/www.veltec.eu\/nl\/product\/kirby-turbo-accessoires-systeem-motor-unit\/#primaryimage"},"image":{"@id":"https:\/\/www.veltec.eu\/nl\/product\/kirby-turbo-accessoires-systeem-motor-unit\/#primaryimage"},"thumbnailUrl":"https:\/\/www.veltec.eu\/wp-content\/uploads\/2018\/10\/dsc0592_1.jpg","datePublished":"2018-10-26T10:19:46+00:00","dateModified":"2025-04-15T07:29:01+00:00","description":"Accesorios Sistema Turbo Kirby unidad de motor - Veltec es el proveedor de las aspiradoras Kirby desde hace m\u00e1s de 25 a\u00f1os.","breadcrumb":{"@id":"https:\/\/www.veltec.eu\/nl\/product\/kirby-turbo-accessoires-systeem-motor-unit\/#breadcrumb"},"inLanguage":"es","potentialAction":[{"@type":"ReadAction","target":["https:\/\/www.veltec.eu\/nl\/product\/kirby-turbo-accessoires-systeem-motor-unit\/"]}]},{"@type":"ImageObject","inLanguage":"es","@id":"https:\/\/www.veltec.eu\/nl\/product\/kirby-turbo-accessoires-systeem-motor-unit\/#primaryimage","url":"https:\/\/www.veltec.eu\/wp-content\/uploads\/2018\/10\/dsc0592_1.jpg","contentUrl":"https:\/\/www.veltec.eu\/wp-content\/uploads\/2018\/10\/dsc0592_1.jpg","width":300,"height":300},{"@type":"BreadcrumbList","@id":"https:\/\/www.veltec.eu\/nl\/product\/kirby-turbo-accessoires-systeem-motor-unit\/#breadcrumb","itemListElement":[{"@type":"ListItem","position":1,"name":"Home","item":"https:\/\/www.veltec.eu\/es\/"},{"@type":"ListItem","position":2,"name":"Produits","item":"https:\/\/www.veltec.eu\/fr\/shop\/"},{"@type":"ListItem","position":3,"name":"Accesorios Sistema Turbo Kirby unidad de motor"}]},{"@type":"WebSite","@id":"https:\/\/www.veltec.eu\/en\/#website","url":"https:\/\/www.veltec.eu\/en\/","name":"Veltec Kirby specialist","description":"Kirby stofzuiger producten","publisher":{"@id":"https:\/\/www.veltec.eu\/en\/#organization"},"potentialAction":[{"@type":"SearchAction","target":{"@type":"EntryPoint","urlTemplate":"https:\/\/www.veltec.eu\/en\/?s={search_term_string}"},"query-input":{"@type":"PropertyValueSpecification","valueRequired":true,"valueName":"search_term_string"}}],"inLanguage":"es"},{"@type":"Organization","@id":"https:\/\/www.veltec.eu\/en\/#organization","name":"Veltec Kirby Specialist","url":"https:\/\/www.veltec.eu\/en\/","logo":{"@type":"ImageObject","inLanguage":"es","@id":"https:\/\/www.veltec.eu\/en\/#\/schema\/logo\/image\/","url":"https:\/\/www.veltec.eu\/wp-content\/uploads\/2021\/12\/Veltec-log-groot-e1537260889125.png","contentUrl":"https:\/\/www.veltec.eu\/wp-content\/uploads\/2021\/12\/Veltec-log-groot-e1537260889125.png","width":200,"height":60,"caption":"Veltec Kirby Specialist"},"image":{"@id":"https:\/\/www.veltec.eu\/en\/#\/schema\/logo\/image\/"},"sameAs":["https:\/\/www.facebook.com\/Veltec-Kirby-Specialist-236746293374877\/","https:\/\/www.youtube.com\/user\/VeltecService"]}]}},"_links":{"self":[{"href":"https:\/\/www.veltec.eu\/es\/wp-json\/wp\/v2\/product\/10802","targetHints":{"allow":["GET"]}}],"collection":[{"href":"https:\/\/www.veltec.eu\/es\/wp-json\/wp\/v2\/product"}],"about":[{"href":"https:\/\/www.veltec.eu\/es\/wp-json\/wp\/v2\/types\/product"}],"replies":[{"embeddable":true,"href":"https:\/\/www.veltec.eu\/es\/wp-json\/wp\/v2\/comments?post=10802"}],"wp:featuredmedia":[{"embeddable":true,"href":"https:\/\/www.veltec.eu\/es\/wp-json\/wp\/v2\/media\/8424"}],"wp:attachment":[{"href":"https:\/\/www.veltec.eu\/es\/wp-json\/wp\/v2\/media?parent=10802"}],"wp:term":[{"taxonomy":"product_brand","embeddable":true,"href":"https:\/\/www.veltec.eu\/es\/wp-json\/wp\/v2\/product_brand?post=10802"},{"taxonomy":"product_cat","embeddable":true,"href":"https:\/\/www.veltec.eu\/es\/wp-json\/wp\/v2\/product_cat?post=10802"},{"taxonomy":"product_tag","embeddable":true,"href":"https:\/\/www.veltec.eu\/es\/wp-json\/wp\/v2\/product_tag?post=10802"}],"curies":[{"name":"wp","href":"https:\/\/api.w.org\/{rel}","templated":true}]}}