{"id":10782,"date":"2018-10-26T12:37:47","date_gmt":"2018-10-26T10:37:47","guid":{"rendered":"https:\/\/www.veltec.eu\/kirby-webshop\/almohadilla-de-pulido-kirby-nl3090\/"},"modified":"2025-04-15T15:08:16","modified_gmt":"2025-04-15T13:08:16","slug":"almohadilla-de-pulido-kirby-nl3090","status":"publish","type":"product","link":"https:\/\/www.veltec.eu\/es\/product\/almohadilla-de-pulido-kirby-nl3090\/","title":{"rendered":"Almohadilla de Pulido Kirby"},"content":{"rendered":"<h2>Almohadilla de Pulido Kirby &#8211; Transforme su Kirby en una pulidora profesional<\/h2>\n<p>\u00bfEst\u00e1 buscando una soluci\u00f3n potente para pulir o abrillantar superficies profesionalmente? Entonces la Almohadilla de Pulido Kirby es justo lo que necesita. Esta almohadilla de pulido de alta calidad est\u00e1 especialmente dise\u00f1ada para su uso con el <a href=\"https:\/\/www.veltec.eu\/es\/product\/accesorios-sistema-turbo-kirby-nl3126\/\">Sistema de Accesorios Turbo Kirby<\/a>, con el que podr\u00e1 convertir f\u00e1cilmente su aspiradora en una pulidora o abrillantadora profesional.<\/p>\n<p><strong>Esta almohadilla es universal y adecuada para todas las <a href=\"https:\/\/www.veltec.eu\/es\/aspiradora-kirby\/\">aspiradoras Kirby<\/a>;<\/strong><\/p>\n<ul>\n<li>Avalir Platinum<\/li>\n<li>Avalir 2<\/li>\n<li>Avalir 1<\/li>\n<li>Sentria 2 (G10D)<\/li>\n<li>Sentria 1 (G10)<\/li>\n<li>Ultimate G Diamond Ed.(G7D or DE)<\/li>\n<li>Ultimate G (G7 or UG)<\/li>\n<li>Generation 6 (G6)<\/li>\n<li>Generation 5 (G5)<\/li>\n<li>Generation 4 (G4)<\/li>\n<li>Generation 3 (G3)<\/li>\n<\/ul>\n<p><a href=\"https:\/\/www.veltec.eu\/es\/accesorios-turbo-kirby\/\">Aqu\u00ed encontrar\u00e1 todos los accesorios Turbo de Kirby<\/a><\/p>\n<h3>\u00bfPor qu\u00e9 elegir la Almohadilla de Pulido Kirby?<\/h3>\n<p>Cuando est\u00e9 pensando en dejar su suelo, baldosas u otras superficies duras como nuevas, es esencial contar con una herramienta fiable. La almohadilla de pulido no es un accesorio m\u00e1s, sino un verdadero cambio de juego. Gracias a su estructura de fibra firme pero suave, esta almohadilla pule con extrema precisi\u00f3n, sin dejar ara\u00f1azos ni da\u00f1os. Adem\u00e1s, esta almohadilla se adapta a todas las versiones del <a href=\"https:\/\/www.veltec.eu\/es\/product\/accesorios-sistema-turbo-kirby-nl3126\/\">sistema de accesorios Kirby Turbo<\/a>, por lo que siempre tendr\u00e1 garantizada su compatibilidad.<\/p>\n<p>En otras palabras, tanto si tiene una Kirby antigua como un modelo m\u00e1s reciente, esta almohadilla de pulido siempre se adapta perfectamente.<\/p>\n<h2>F\u00e1cil de convertir &#8211; de aspiradora a pulidora<\/h2>\n<p>La gran ventaja de la almohadilla de pulido es su sencilla aplicaci\u00f3n. Sin complicadas instalaciones, usted convierte el sistema de accesorios Turbo en una robusta pulidora o abrillantadora en s\u00f3lo unos pasos. Como resultado, no s\u00f3lo ahorrar\u00e1 en costosos equipos profesionales, sino que tambi\u00e9n tendr\u00e1 en casa una soluci\u00f3n compacta y multifuncional.<\/p>\n<h3>Uso vers\u00e1til y duradero<\/h3>\n<p>Gracias a su material duradero, la almohadilla dura mucho tiempo, incluso cuando se utiliza de forma intensiva. Tanto si desea pulir madera, piedra natural o azulejos, esta almohadilla ofrece un resultado de alto brillo. Combinado con un agente abrillantador adecuado, el pa\u00f1o garantiza una limpieza profunda y un acabado protector de la superficie.<\/p>\n<h2>Resumen &#8211; Esto hace que la Almohadilla de Pulido Kirby sea indispensable<\/h2>\n<ul>\n<li>Resultado profesional al pulir y abrillantar<\/li>\n<li>Se adapta a todos los accesorios Kirby Turbo Accessories System<\/li>\n<li>Material duradero y resistente al desgaste<\/li>\n<li>F\u00e1cil instalaci\u00f3n sin herramientas adicionales<\/li>\n<li>Vers\u00e1til para usar en diferentes superficies<\/li>\n<\/ul>\n<p>Cuando se toma en serio el mantenimiento de sus suelos o muebles, esta Almohadilla de Pulido Kirby no debe faltar en su arsenal de limpieza. Gracias a la inteligente combinaci\u00f3n de calidad, compatibilidad y facilidad de uso, sacar\u00e1 el m\u00e1ximo partido a su aparato Kirby.<\/p>\n<p class=\"\" data-start=\"2650\" data-end=\"2819\">\n","protected":false},"excerpt":{"rendered":"<p>Almohadilla para pulir para el Sistema Accesorios Turbo.<\/p>\n[trustindex data-widget-id=48bbd87242952812953642309d4]\n<h3><span style=\"color: #008000;\"><br \/>\nEn stock<\/span><\/h3>\n[av_font_icon icon='ue812' font='entypo-fontello' style='' caption='' size='25px' position='left' color='#43ad66' link='' linktarget='' title_attr='' sonar_effect_effect='' sonar_effect_color='' sonar_effect_duration='1' sonar_effect_scale='' sonar_effect_opac='0.5' animation='' id='' custom_class='' template_class='' av_uid='' sc_version='1.0' admin_preview_bg=''][\/av_font_icon]\n<p><span style=\"color: #008000;\">Pedido antes de las 23:59, enviado ma\u00f1ana<\/span><\/p>\n<p>&nbsp;<\/p>\n","protected":false},"featured_media":8468,"comment_status":"open","ping_status":"closed","template":"","meta":[],"product_brand":[],"product_cat":[327],"product_tag":[],"class_list":{"0":"post-10782","1":"product","2":"type-product","3":"status-publish","4":"has-post-thumbnail","6":"product_cat-accesorios-turbo-kirby","7":"product_shipping_class-klein-es","9":"first","10":"instock","11":"taxable","12":"shipping-taxable","13":"purchasable","14":"product-type-simple"},"yoast_head":"<!-- This site is optimized with the Yoast SEO Premium plugin v27.1 (Yoast SEO v27.4) - https:\/\/yoast.com\/product\/yoast-seo-premium-wordpress\/ -->\n<title>Almohadilla de Pulido Kirby - Veltec Kirby specialist<\/title>\n<meta name=\"description\" content=\"Almohadilla de Pulido Kirby - Veltec es el proveedor de las aspiradoras Kirby desde hace m\u00e1s de 25 a\u00f1os. Y es su especialista en servicio\" \/>\n<meta name=\"robots\" content=\"index, follow, max-snippet:-1, max-image-preview:large, max-video-preview:-1\" \/>\n<link rel=\"canonical\" href=\"https:\/\/www.veltec.eu\/nl\/product\/kirby-polijst-pad-nl3090\/\" \/>\n<meta property=\"og:locale\" content=\"es_ES\" \/>\n<meta property=\"og:type\" content=\"article\" \/>\n<meta property=\"og:title\" content=\"Almohadilla de Pulido Kirby\" \/>\n<meta property=\"og:description\" content=\"Almohadilla para pulir para el Sistema Accesorios Turbo.    En stock   Pedido antes de las 23:59, enviado ma\u00f1ana  &nbsp;\" \/>\n<meta property=\"og:url\" content=\"https:\/\/www.veltec.eu\/nl\/product\/kirby-polijst-pad-nl3090\/\" \/>\n<meta property=\"og:site_name\" content=\"Veltec Kirby specialist\" \/>\n<meta property=\"article:publisher\" content=\"https:\/\/www.facebook.com\/Veltec-Kirby-Specialist-236746293374877\/\" \/>\n<meta property=\"article:modified_time\" content=\"2025-04-15T13:08:16+00:00\" \/>\n<meta property=\"og:image\" content=\"https:\/\/www.veltec.eu\/wp-content\/uploads\/2018\/10\/dsc0577.jpg\" \/>\n\t<meta property=\"og:image:width\" content=\"300\" \/>\n\t<meta property=\"og:image:height\" content=\"300\" \/>\n\t<meta property=\"og:image:type\" content=\"image\/jpeg\" \/>\n<meta name=\"twitter:card\" content=\"summary_large_image\" \/>\n<meta name=\"twitter:label1\" content=\"Tiempo de lectura\" \/>\n\t<meta name=\"twitter:data1\" content=\"3 minutos\" \/>\n<script type=\"application\/ld+json\" class=\"yoast-schema-graph\">{\"@context\":\"https:\\\/\\\/schema.org\",\"@graph\":[{\"@type\":\"WebPage\",\"@id\":\"https:\\\/\\\/www.veltec.eu\\\/nl\\\/product\\\/kirby-polijst-pad-nl3090\\\/\",\"url\":\"https:\\\/\\\/www.veltec.eu\\\/nl\\\/product\\\/kirby-polijst-pad-nl3090\\\/\",\"name\":\"Almohadilla de Pulido Kirby - Veltec Kirby specialist\",\"isPartOf\":{\"@id\":\"https:\\\/\\\/www.veltec.eu\\\/en\\\/#website\"},\"primaryImageOfPage\":{\"@id\":\"https:\\\/\\\/www.veltec.eu\\\/nl\\\/product\\\/kirby-polijst-pad-nl3090\\\/#primaryimage\"},\"image\":{\"@id\":\"https:\\\/\\\/www.veltec.eu\\\/nl\\\/product\\\/kirby-polijst-pad-nl3090\\\/#primaryimage\"},\"thumbnailUrl\":\"https:\\\/\\\/www.veltec.eu\\\/wp-content\\\/uploads\\\/2018\\\/10\\\/dsc0577.jpg\",\"datePublished\":\"2018-10-26T10:37:47+00:00\",\"dateModified\":\"2025-04-15T13:08:16+00:00\",\"description\":\"Almohadilla de Pulido Kirby - Veltec es el proveedor de las aspiradoras Kirby desde hace m\u00e1s de 25 a\u00f1os. Y es su especialista en servicio\",\"breadcrumb\":{\"@id\":\"https:\\\/\\\/www.veltec.eu\\\/nl\\\/product\\\/kirby-polijst-pad-nl3090\\\/#breadcrumb\"},\"inLanguage\":\"es\",\"potentialAction\":[{\"@type\":\"ReadAction\",\"target\":[\"https:\\\/\\\/www.veltec.eu\\\/nl\\\/product\\\/kirby-polijst-pad-nl3090\\\/\"]}]},{\"@type\":\"ImageObject\",\"inLanguage\":\"es\",\"@id\":\"https:\\\/\\\/www.veltec.eu\\\/nl\\\/product\\\/kirby-polijst-pad-nl3090\\\/#primaryimage\",\"url\":\"https:\\\/\\\/www.veltec.eu\\\/wp-content\\\/uploads\\\/2018\\\/10\\\/dsc0577.jpg\",\"contentUrl\":\"https:\\\/\\\/www.veltec.eu\\\/wp-content\\\/uploads\\\/2018\\\/10\\\/dsc0577.jpg\",\"width\":300,\"height\":300,\"caption\":\"Schuurspons\"},{\"@type\":\"BreadcrumbList\",\"@id\":\"https:\\\/\\\/www.veltec.eu\\\/nl\\\/product\\\/kirby-polijst-pad-nl3090\\\/#breadcrumb\",\"itemListElement\":[{\"@type\":\"ListItem\",\"position\":1,\"name\":\"Home\",\"item\":\"https:\\\/\\\/www.veltec.eu\\\/es\\\/\"},{\"@type\":\"ListItem\",\"position\":2,\"name\":\"Produits\",\"item\":\"https:\\\/\\\/www.veltec.eu\\\/fr\\\/shop\\\/\"},{\"@type\":\"ListItem\",\"position\":3,\"name\":\"Almohadilla de Pulido Kirby\"}]},{\"@type\":\"WebSite\",\"@id\":\"https:\\\/\\\/www.veltec.eu\\\/en\\\/#website\",\"url\":\"https:\\\/\\\/www.veltec.eu\\\/en\\\/\",\"name\":\"Veltec Kirby specialist\",\"description\":\"Kirby stofzuiger producten\",\"publisher\":{\"@id\":\"https:\\\/\\\/www.veltec.eu\\\/en\\\/#organization\"},\"potentialAction\":[{\"@type\":\"SearchAction\",\"target\":{\"@type\":\"EntryPoint\",\"urlTemplate\":\"https:\\\/\\\/www.veltec.eu\\\/en\\\/?s={search_term_string}\"},\"query-input\":{\"@type\":\"PropertyValueSpecification\",\"valueRequired\":true,\"valueName\":\"search_term_string\"}}],\"inLanguage\":\"es\"},{\"@type\":\"Organization\",\"@id\":\"https:\\\/\\\/www.veltec.eu\\\/en\\\/#organization\",\"name\":\"Veltec Kirby Specialist\",\"url\":\"https:\\\/\\\/www.veltec.eu\\\/en\\\/\",\"logo\":{\"@type\":\"ImageObject\",\"inLanguage\":\"es\",\"@id\":\"https:\\\/\\\/www.veltec.eu\\\/en\\\/#\\\/schema\\\/logo\\\/image\\\/\",\"url\":\"https:\\\/\\\/www.veltec.eu\\\/wp-content\\\/uploads\\\/2021\\\/12\\\/Veltec-log-groot-e1537260889125.png\",\"contentUrl\":\"https:\\\/\\\/www.veltec.eu\\\/wp-content\\\/uploads\\\/2021\\\/12\\\/Veltec-log-groot-e1537260889125.png\",\"width\":200,\"height\":60,\"caption\":\"Veltec Kirby Specialist\"},\"image\":{\"@id\":\"https:\\\/\\\/www.veltec.eu\\\/en\\\/#\\\/schema\\\/logo\\\/image\\\/\"},\"sameAs\":[\"https:\\\/\\\/www.facebook.com\\\/Veltec-Kirby-Specialist-236746293374877\\\/\",\"https:\\\/\\\/www.youtube.com\\\/user\\\/VeltecService\"]}]}<\/script>\n<!-- \/ Yoast SEO Premium plugin. -->","yoast_head_json":{"title":"Almohadilla de Pulido Kirby - Veltec Kirby specialist","description":"Almohadilla de Pulido Kirby - Veltec es el proveedor de las aspiradoras Kirby desde hace m\u00e1s de 25 a\u00f1os. Y es su especialista en servicio","robots":{"index":"index","follow":"follow","max-snippet":"max-snippet:-1","max-image-preview":"max-image-preview:large","max-video-preview":"max-video-preview:-1"},"canonical":"https:\/\/www.veltec.eu\/nl\/product\/kirby-polijst-pad-nl3090\/","og_locale":"es_ES","og_type":"article","og_title":"Almohadilla de Pulido Kirby","og_description":"Almohadilla para pulir para el Sistema Accesorios Turbo.    En stock   Pedido antes de las 23:59, enviado ma\u00f1ana  &nbsp;","og_url":"https:\/\/www.veltec.eu\/nl\/product\/kirby-polijst-pad-nl3090\/","og_site_name":"Veltec Kirby specialist","article_publisher":"https:\/\/www.facebook.com\/Veltec-Kirby-Specialist-236746293374877\/","article_modified_time":"2025-04-15T13:08:16+00:00","og_image":[{"width":300,"height":300,"url":"https:\/\/www.veltec.eu\/wp-content\/uploads\/2018\/10\/dsc0577.jpg","type":"image\/jpeg"}],"twitter_card":"summary_large_image","twitter_misc":{"Tiempo de lectura":"3 minutos"},"schema":{"@context":"https:\/\/schema.org","@graph":[{"@type":"WebPage","@id":"https:\/\/www.veltec.eu\/nl\/product\/kirby-polijst-pad-nl3090\/","url":"https:\/\/www.veltec.eu\/nl\/product\/kirby-polijst-pad-nl3090\/","name":"Almohadilla de Pulido Kirby - Veltec Kirby specialist","isPartOf":{"@id":"https:\/\/www.veltec.eu\/en\/#website"},"primaryImageOfPage":{"@id":"https:\/\/www.veltec.eu\/nl\/product\/kirby-polijst-pad-nl3090\/#primaryimage"},"image":{"@id":"https:\/\/www.veltec.eu\/nl\/product\/kirby-polijst-pad-nl3090\/#primaryimage"},"thumbnailUrl":"https:\/\/www.veltec.eu\/wp-content\/uploads\/2018\/10\/dsc0577.jpg","datePublished":"2018-10-26T10:37:47+00:00","dateModified":"2025-04-15T13:08:16+00:00","description":"Almohadilla de Pulido Kirby - Veltec es el proveedor de las aspiradoras Kirby desde hace m\u00e1s de 25 a\u00f1os. Y es su especialista en servicio","breadcrumb":{"@id":"https:\/\/www.veltec.eu\/nl\/product\/kirby-polijst-pad-nl3090\/#breadcrumb"},"inLanguage":"es","potentialAction":[{"@type":"ReadAction","target":["https:\/\/www.veltec.eu\/nl\/product\/kirby-polijst-pad-nl3090\/"]}]},{"@type":"ImageObject","inLanguage":"es","@id":"https:\/\/www.veltec.eu\/nl\/product\/kirby-polijst-pad-nl3090\/#primaryimage","url":"https:\/\/www.veltec.eu\/wp-content\/uploads\/2018\/10\/dsc0577.jpg","contentUrl":"https:\/\/www.veltec.eu\/wp-content\/uploads\/2018\/10\/dsc0577.jpg","width":300,"height":300,"caption":"Schuurspons"},{"@type":"BreadcrumbList","@id":"https:\/\/www.veltec.eu\/nl\/product\/kirby-polijst-pad-nl3090\/#breadcrumb","itemListElement":[{"@type":"ListItem","position":1,"name":"Home","item":"https:\/\/www.veltec.eu\/es\/"},{"@type":"ListItem","position":2,"name":"Produits","item":"https:\/\/www.veltec.eu\/fr\/shop\/"},{"@type":"ListItem","position":3,"name":"Almohadilla de Pulido Kirby"}]},{"@type":"WebSite","@id":"https:\/\/www.veltec.eu\/en\/#website","url":"https:\/\/www.veltec.eu\/en\/","name":"Veltec Kirby specialist","description":"Kirby stofzuiger producten","publisher":{"@id":"https:\/\/www.veltec.eu\/en\/#organization"},"potentialAction":[{"@type":"SearchAction","target":{"@type":"EntryPoint","urlTemplate":"https:\/\/www.veltec.eu\/en\/?s={search_term_string}"},"query-input":{"@type":"PropertyValueSpecification","valueRequired":true,"valueName":"search_term_string"}}],"inLanguage":"es"},{"@type":"Organization","@id":"https:\/\/www.veltec.eu\/en\/#organization","name":"Veltec Kirby Specialist","url":"https:\/\/www.veltec.eu\/en\/","logo":{"@type":"ImageObject","inLanguage":"es","@id":"https:\/\/www.veltec.eu\/en\/#\/schema\/logo\/image\/","url":"https:\/\/www.veltec.eu\/wp-content\/uploads\/2021\/12\/Veltec-log-groot-e1537260889125.png","contentUrl":"https:\/\/www.veltec.eu\/wp-content\/uploads\/2021\/12\/Veltec-log-groot-e1537260889125.png","width":200,"height":60,"caption":"Veltec Kirby Specialist"},"image":{"@id":"https:\/\/www.veltec.eu\/en\/#\/schema\/logo\/image\/"},"sameAs":["https:\/\/www.facebook.com\/Veltec-Kirby-Specialist-236746293374877\/","https:\/\/www.youtube.com\/user\/VeltecService"]}]}},"_links":{"self":[{"href":"https:\/\/www.veltec.eu\/es\/wp-json\/wp\/v2\/product\/10782","targetHints":{"allow":["GET"]}}],"collection":[{"href":"https:\/\/www.veltec.eu\/es\/wp-json\/wp\/v2\/product"}],"about":[{"href":"https:\/\/www.veltec.eu\/es\/wp-json\/wp\/v2\/types\/product"}],"replies":[{"embeddable":true,"href":"https:\/\/www.veltec.eu\/es\/wp-json\/wp\/v2\/comments?post=10782"}],"wp:featuredmedia":[{"embeddable":true,"href":"https:\/\/www.veltec.eu\/es\/wp-json\/wp\/v2\/media\/8468"}],"wp:attachment":[{"href":"https:\/\/www.veltec.eu\/es\/wp-json\/wp\/v2\/media?parent=10782"}],"wp:term":[{"taxonomy":"product_brand","embeddable":true,"href":"https:\/\/www.veltec.eu\/es\/wp-json\/wp\/v2\/product_brand?post=10782"},{"taxonomy":"product_cat","embeddable":true,"href":"https:\/\/www.veltec.eu\/es\/wp-json\/wp\/v2\/product_cat?post=10782"},{"taxonomy":"product_tag","embeddable":true,"href":"https:\/\/www.veltec.eu\/es\/wp-json\/wp\/v2\/product_tag?post=10782"}],"curies":[{"name":"wp","href":"https:\/\/api.w.org\/{rel}","templated":true}]}}