{"id":10772,"date":"2018-10-26T12:43:06","date_gmt":"2018-10-26T10:43:06","guid":{"rendered":"https:\/\/www.veltec.eu\/kirby-webshop\/almohadilla-con-papel-de-lija-kirby-nl3098\/"},"modified":"2025-04-15T16:39:01","modified_gmt":"2025-04-15T14:39:01","slug":"almohadilla-con-papel-de-lija-kirby-nl3098","status":"publish","type":"product","link":"https:\/\/www.veltec.eu\/es\/product\/almohadilla-con-papel-de-lija-kirby-nl3098\/","title":{"rendered":"Almohadilla con Papel de Lija Kirby"},"content":{"rendered":"<h2>Almohadilla con Papel de Lija Kirby &#8211; Para un Acabado Perfecto con su Sistema Turbo Kirby<\/h2>\n<p>\u00bfEst\u00e1 buscando una soluci\u00f3n potente para lijar eficazmente sus suelos, muebles u otras superficies con su <a href=\"https:\/\/www.veltec.eu\/es\/aspiradora-kirby\/\">aspiradora Kirby<\/a>? Entonces el set Almohadilla con Papel de Lija Kirby es justo lo que necesita. Este juego de almohadillas de lijado de alta calidad est\u00e1 especialmente dise\u00f1ado para el <a href=\"https:\/\/www.veltec.eu\/es\/product\/accesorios-sistema-turbo-kirby-nl3126\/\">sistema de accesorios Kirby Turbo<\/a> y ofrece un acabado profesional en todo momento.<\/p>\n<p>Tanto si desea nivelar una superficie rugosa como si busca un acabado fino, con este juego de papel de lija tendr\u00e1 todas las variantes al alcance de la mano. Y gracias a su ajuste universal, este juego se adapta sin esfuerzo a cualquier sistema Kirby Turbo, por lo que es ideal para cualquier usuario de Kirby.<\/p>\n<p><strong>Esta almohadilla es universal y apta para cualquier aspiradora Kirby;<\/strong><\/p>\n<ul>\n<li>Avalir Platinum<\/li>\n<li>Avalir 2<\/li>\n<li>Avalir 1<\/li>\n<li>Sentria 2 (G10D)<\/li>\n<li>Sentria 1 (G10)<\/li>\n<li>Ultimate G Diamond Ed.(G7D or DE)<\/li>\n<li>Ultimate G (G7 or UG)<\/li>\n<li>Generation 6 (G6)<\/li>\n<li>Generation 5 (G5)<\/li>\n<li>Generation 4 (G4)<\/li>\n<li>Generation 3 (G3)<\/li>\n<\/ul>\n<p><a href=\"https:\/\/www.veltec.eu\/es\/?page_id=60061\">Hier vindt u alle Kirby Turbo Accessoires<\/a><\/p>\n<h2>\u00bfQu\u00e9 contiene el juego Almohadilla con Papel de Lija Kirby?<\/h2>\n<h3>De grueso a fino: el papel de lija adecuado para cada trabajo<\/h3>\n<p>Este juego de almohadillas de lija Kirby contiene una gama cuidadosamente compuesta de almohadillas de lija con diferentes tama\u00f1os de grano. Esto le permite abordar cualquier trabajo de lijado, desde la eliminaci\u00f3n r\u00e1pida de capas viejas de pintura hasta el alisado cuidadoso de madera o pl\u00e1stico.<\/p>\n<p>Las almohadillas van desde grano grueso (para un lijado intensivo) hasta grano fino (para un resultado final suave). Como resultado, no necesita buscar nuevos accesorios cada vez; tiene todo lo que necesita en un juego completo. Adem\u00e1s, el cambio de almohadillas es r\u00e1pido y sencillo, para que pueda seguir trabajando sin perder tiempo.<\/p>\n<h2>\u00bfPor qu\u00e9 elegir la Almohadilla con Papel de Lija Kirby?<\/h2>\n<h3>Calidad fiable, m\u00e1xima compatibilidad<\/h3>\n<p>Una de las principales ventajas de estas Almohadillas con Papel de Lija Kirby es su total compatibilidad con cualquier <a href=\"https:\/\/www.veltec.eu\/es\/product\/accesorios-sistema-turbo-kirby-nl3126\/\">sistema de accesorios Kirby Turbo<\/a>. Por lo tanto, no importa qu\u00e9 modelo de <a href=\"https:\/\/www.veltec.eu\/es\/aspiradora-kirby\/\">aspiradora Kirby<\/a> utilice: si tiene un accesorio Turbo, est\u00e1 garantizado que este juego encajar\u00e1.<\/p>\n<p>Adem\u00e1s, el papel de lija est\u00e1 fabricado con materiales duraderos que resisten un uso intensivo. Como resultado, puede seguir confiando en resultados consistentes, una y otra vez.<\/p>\n<p>Gracias a la clasificaci\u00f3n inteligente en granos gruesos y finos, as\u00ed como al ajuste perfecto, trabajar\u00e1 con m\u00e1s precisi\u00f3n y comodidad. Esto no s\u00f3lo ahorra tiempo, sino que tambi\u00e9n produce un resultado final m\u00e1s profesional.<\/p>\n<h2>Pida hoy mismo su Almohadilla con Papel de Lija Kirby<\/h2>\n<p>Si le gusta trabajar de forma eficiente y profesional con su sistema Kirby, entonces este juego de papel de lija no debe faltar entre sus accesorios. Pida hoy mismo su Almohadilla con Papel de Lija Kirby y experimente usted mismo la diferencia en calidad, facilidad de uso y resultado.<\/p>\n<p>Con este juego estar\u00e1 totalmente preparado para cualquier trabajo de lijado, desde el m\u00e1s basto hasta el m\u00e1s refinado. As\u00ed sacar\u00e1 el m\u00e1ximo partido a su aspiradora Kirby y a su trabajo.<\/p>\n","protected":false},"excerpt":{"rendered":"<p>Almohadilla con papel de lija para el Sistema Accesorios Turbo.<\/p>\n[trustindex data-widget-id=48bbd87242952812953642309d4]\n<h3><span style=\"color: #008000;\"><br \/>\nEn stock<\/span><\/h3>\n[av_font_icon icon='ue812' font='entypo-fontello' style='' caption='' size='25px' position='left' color='#43ad66' link='' linktarget='' title_attr='' sonar_effect_effect='' sonar_effect_color='' sonar_effect_duration='1' sonar_effect_scale='' sonar_effect_opac='0.5' animation='' id='' custom_class='' template_class='' av_uid='' sc_version='1.0' admin_preview_bg=''][\/av_font_icon]\n<p><span style=\"color: #008000;\">Pedido antes de las 23:59, enviado ma\u00f1ana<\/span><\/p>\n<p>&nbsp;<\/p>\n","protected":false},"featured_media":8484,"comment_status":"open","ping_status":"closed","template":"","meta":{"_acf_changed":false},"product_brand":[],"product_cat":[327],"product_tag":[],"class_list":{"0":"post-10772","1":"product","2":"type-product","3":"status-publish","4":"has-post-thumbnail","6":"product_cat-accesorios-turbo-kirby","7":"product_shipping_class-klein-es","9":"first","10":"instock","11":"taxable","12":"shipping-taxable","13":"purchasable","14":"product-type-simple"},"acf":[],"yoast_head":"<!-- This site is optimized with the Yoast SEO Premium plugin v27.1 (Yoast SEO v27.5) - https:\/\/yoast.com\/product\/yoast-seo-premium-wordpress\/ -->\n<title>Almohadilla con Papel de Lija Kirby - Veltec Kirby specialist<\/title>\n<meta name=\"description\" content=\"Almohadilla con Papel de Lija Kirby - Veltec es el proveedor de las aspiradoras Kirby desde hace m\u00e1s de 25 a\u00f1os. Y es su especialista\" \/>\n<meta name=\"robots\" content=\"index, follow, max-snippet:-1, max-image-preview:large, max-video-preview:-1\" \/>\n<link rel=\"canonical\" href=\"https:\/\/www.veltec.eu\/es\/product\/almohadilla-con-papel-de-lija-kirby-nl3098\/\" \/>\n<meta property=\"og:locale\" content=\"es_ES\" \/>\n<meta property=\"og:type\" content=\"article\" \/>\n<meta property=\"og:title\" content=\"Almohadilla con Papel de Lija Kirby\" \/>\n<meta property=\"og:description\" content=\"Almohadilla con papel de lija para el Sistema Accesorios Turbo.    En stock   Pedido antes de las 23:59, enviado ma\u00f1ana  &nbsp;\" \/>\n<meta property=\"og:url\" content=\"https:\/\/www.veltec.eu\/es\/product\/almohadilla-con-papel-de-lija-kirby-nl3098\/\" \/>\n<meta property=\"og:site_name\" content=\"Veltec Kirby specialist\" \/>\n<meta property=\"article:publisher\" content=\"https:\/\/www.facebook.com\/Veltec-Kirby-Specialist-236746293374877\/\" \/>\n<meta property=\"article:modified_time\" content=\"2025-04-15T14:39:01+00:00\" \/>\n<meta property=\"og:image\" content=\"https:\/\/www.veltec.eu\/wp-content\/uploads\/2018\/10\/dsc0589.jpg\" \/>\n\t<meta property=\"og:image:width\" content=\"300\" \/>\n\t<meta property=\"og:image:height\" content=\"300\" \/>\n\t<meta property=\"og:image:type\" content=\"image\/jpeg\" \/>\n<meta name=\"twitter:card\" content=\"summary_large_image\" \/>\n<meta name=\"twitter:label1\" content=\"Tiempo de lectura\" \/>\n\t<meta name=\"twitter:data1\" content=\"3 minutos\" \/>\n<script type=\"application\/ld+json\" class=\"yoast-schema-graph\">{\"@context\":\"https:\\\/\\\/schema.org\",\"@graph\":[{\"@type\":\"WebPage\",\"@id\":\"https:\\\/\\\/www.veltec.eu\\\/es\\\/product\\\/almohadilla-con-papel-de-lija-kirby-nl3098\\\/\",\"url\":\"https:\\\/\\\/www.veltec.eu\\\/es\\\/product\\\/almohadilla-con-papel-de-lija-kirby-nl3098\\\/\",\"name\":\"Almohadilla con Papel de Lija Kirby - Veltec Kirby specialist\",\"isPartOf\":{\"@id\":\"https:\\\/\\\/www.veltec.eu\\\/en\\\/#website\"},\"primaryImageOfPage\":{\"@id\":\"https:\\\/\\\/www.veltec.eu\\\/es\\\/product\\\/almohadilla-con-papel-de-lija-kirby-nl3098\\\/#primaryimage\"},\"image\":{\"@id\":\"https:\\\/\\\/www.veltec.eu\\\/es\\\/product\\\/almohadilla-con-papel-de-lija-kirby-nl3098\\\/#primaryimage\"},\"thumbnailUrl\":\"https:\\\/\\\/www.veltec.eu\\\/wp-content\\\/uploads\\\/2018\\\/10\\\/dsc0589.jpg\",\"datePublished\":\"2018-10-26T10:43:06+00:00\",\"dateModified\":\"2025-04-15T14:39:01+00:00\",\"description\":\"Almohadilla con Papel de Lija Kirby - Veltec es el proveedor de las aspiradoras Kirby desde hace m\u00e1s de 25 a\u00f1os. Y es su especialista\",\"breadcrumb\":{\"@id\":\"https:\\\/\\\/www.veltec.eu\\\/es\\\/product\\\/almohadilla-con-papel-de-lija-kirby-nl3098\\\/#breadcrumb\"},\"inLanguage\":\"es\",\"potentialAction\":[{\"@type\":\"ReadAction\",\"target\":[\"https:\\\/\\\/www.veltec.eu\\\/es\\\/product\\\/almohadilla-con-papel-de-lija-kirby-nl3098\\\/\"]}]},{\"@type\":\"ImageObject\",\"inLanguage\":\"es\",\"@id\":\"https:\\\/\\\/www.veltec.eu\\\/es\\\/product\\\/almohadilla-con-papel-de-lija-kirby-nl3098\\\/#primaryimage\",\"url\":\"https:\\\/\\\/www.veltec.eu\\\/wp-content\\\/uploads\\\/2018\\\/10\\\/dsc0589.jpg\",\"contentUrl\":\"https:\\\/\\\/www.veltec.eu\\\/wp-content\\\/uploads\\\/2018\\\/10\\\/dsc0589.jpg\",\"width\":300,\"height\":300,\"caption\":\"Schuurpapier\"},{\"@type\":\"BreadcrumbList\",\"@id\":\"https:\\\/\\\/www.veltec.eu\\\/es\\\/product\\\/almohadilla-con-papel-de-lija-kirby-nl3098\\\/#breadcrumb\",\"itemListElement\":[{\"@type\":\"ListItem\",\"position\":1,\"name\":\"Home\",\"item\":\"https:\\\/\\\/www.veltec.eu\\\/es\\\/pagina-de-inicio\\\/\"},{\"@type\":\"ListItem\",\"position\":2,\"name\":\"Tienda Kirby\",\"item\":\"https:\\\/\\\/www.veltec.eu\\\/es\\\/tienda-kirby\\\/\"},{\"@type\":\"ListItem\",\"position\":3,\"name\":\"Almohadilla con Papel de Lija Kirby\"}]},{\"@type\":\"WebSite\",\"@id\":\"https:\\\/\\\/www.veltec.eu\\\/en\\\/#website\",\"url\":\"https:\\\/\\\/www.veltec.eu\\\/en\\\/\",\"name\":\"Veltec Kirby specialist\",\"description\":\"Kirby stofzuiger producten\",\"publisher\":{\"@id\":\"https:\\\/\\\/www.veltec.eu\\\/en\\\/#organization\"},\"potentialAction\":[{\"@type\":\"SearchAction\",\"target\":{\"@type\":\"EntryPoint\",\"urlTemplate\":\"https:\\\/\\\/www.veltec.eu\\\/en\\\/?s={search_term_string}\"},\"query-input\":{\"@type\":\"PropertyValueSpecification\",\"valueRequired\":true,\"valueName\":\"search_term_string\"}}],\"inLanguage\":\"es\"},{\"@type\":\"Organization\",\"@id\":\"https:\\\/\\\/www.veltec.eu\\\/en\\\/#organization\",\"name\":\"Veltec Kirby Specialist\",\"url\":\"https:\\\/\\\/www.veltec.eu\\\/en\\\/\",\"logo\":{\"@type\":\"ImageObject\",\"inLanguage\":\"es\",\"@id\":\"https:\\\/\\\/www.veltec.eu\\\/en\\\/#\\\/schema\\\/logo\\\/image\\\/\",\"url\":\"https:\\\/\\\/www.veltec.eu\\\/wp-content\\\/uploads\\\/2021\\\/12\\\/Veltec-log-groot-e1537260889125.png\",\"contentUrl\":\"https:\\\/\\\/www.veltec.eu\\\/wp-content\\\/uploads\\\/2021\\\/12\\\/Veltec-log-groot-e1537260889125.png\",\"width\":200,\"height\":60,\"caption\":\"Veltec Kirby Specialist\"},\"image\":{\"@id\":\"https:\\\/\\\/www.veltec.eu\\\/en\\\/#\\\/schema\\\/logo\\\/image\\\/\"},\"sameAs\":[\"https:\\\/\\\/www.facebook.com\\\/Veltec-Kirby-Specialist-236746293374877\\\/\",\"https:\\\/\\\/www.youtube.com\\\/user\\\/VeltecService\"]}]}<\/script>\n<!-- \/ Yoast SEO Premium plugin. -->","yoast_head_json":{"title":"Almohadilla con Papel de Lija Kirby - Veltec Kirby specialist","description":"Almohadilla con Papel de Lija Kirby - Veltec es el proveedor de las aspiradoras Kirby desde hace m\u00e1s de 25 a\u00f1os. Y es su especialista","robots":{"index":"index","follow":"follow","max-snippet":"max-snippet:-1","max-image-preview":"max-image-preview:large","max-video-preview":"max-video-preview:-1"},"canonical":"https:\/\/www.veltec.eu\/es\/product\/almohadilla-con-papel-de-lija-kirby-nl3098\/","og_locale":"es_ES","og_type":"article","og_title":"Almohadilla con Papel de Lija Kirby","og_description":"Almohadilla con papel de lija para el Sistema Accesorios Turbo.    En stock   Pedido antes de las 23:59, enviado ma\u00f1ana  &nbsp;","og_url":"https:\/\/www.veltec.eu\/es\/product\/almohadilla-con-papel-de-lija-kirby-nl3098\/","og_site_name":"Veltec Kirby specialist","article_publisher":"https:\/\/www.facebook.com\/Veltec-Kirby-Specialist-236746293374877\/","article_modified_time":"2025-04-15T14:39:01+00:00","og_image":[{"width":300,"height":300,"url":"https:\/\/www.veltec.eu\/wp-content\/uploads\/2018\/10\/dsc0589.jpg","type":"image\/jpeg"}],"twitter_card":"summary_large_image","twitter_misc":{"Tiempo de lectura":"3 minutos"},"schema":{"@context":"https:\/\/schema.org","@graph":[{"@type":"WebPage","@id":"https:\/\/www.veltec.eu\/es\/product\/almohadilla-con-papel-de-lija-kirby-nl3098\/","url":"https:\/\/www.veltec.eu\/es\/product\/almohadilla-con-papel-de-lija-kirby-nl3098\/","name":"Almohadilla con Papel de Lija Kirby - Veltec Kirby specialist","isPartOf":{"@id":"https:\/\/www.veltec.eu\/en\/#website"},"primaryImageOfPage":{"@id":"https:\/\/www.veltec.eu\/es\/product\/almohadilla-con-papel-de-lija-kirby-nl3098\/#primaryimage"},"image":{"@id":"https:\/\/www.veltec.eu\/es\/product\/almohadilla-con-papel-de-lija-kirby-nl3098\/#primaryimage"},"thumbnailUrl":"https:\/\/www.veltec.eu\/wp-content\/uploads\/2018\/10\/dsc0589.jpg","datePublished":"2018-10-26T10:43:06+00:00","dateModified":"2025-04-15T14:39:01+00:00","description":"Almohadilla con Papel de Lija Kirby - Veltec es el proveedor de las aspiradoras Kirby desde hace m\u00e1s de 25 a\u00f1os. Y es su especialista","breadcrumb":{"@id":"https:\/\/www.veltec.eu\/es\/product\/almohadilla-con-papel-de-lija-kirby-nl3098\/#breadcrumb"},"inLanguage":"es","potentialAction":[{"@type":"ReadAction","target":["https:\/\/www.veltec.eu\/es\/product\/almohadilla-con-papel-de-lija-kirby-nl3098\/"]}]},{"@type":"ImageObject","inLanguage":"es","@id":"https:\/\/www.veltec.eu\/es\/product\/almohadilla-con-papel-de-lija-kirby-nl3098\/#primaryimage","url":"https:\/\/www.veltec.eu\/wp-content\/uploads\/2018\/10\/dsc0589.jpg","contentUrl":"https:\/\/www.veltec.eu\/wp-content\/uploads\/2018\/10\/dsc0589.jpg","width":300,"height":300,"caption":"Schuurpapier"},{"@type":"BreadcrumbList","@id":"https:\/\/www.veltec.eu\/es\/product\/almohadilla-con-papel-de-lija-kirby-nl3098\/#breadcrumb","itemListElement":[{"@type":"ListItem","position":1,"name":"Home","item":"https:\/\/www.veltec.eu\/es\/pagina-de-inicio\/"},{"@type":"ListItem","position":2,"name":"Tienda Kirby","item":"https:\/\/www.veltec.eu\/es\/tienda-kirby\/"},{"@type":"ListItem","position":3,"name":"Almohadilla con Papel de Lija Kirby"}]},{"@type":"WebSite","@id":"https:\/\/www.veltec.eu\/en\/#website","url":"https:\/\/www.veltec.eu\/en\/","name":"Veltec Kirby specialist","description":"Kirby stofzuiger producten","publisher":{"@id":"https:\/\/www.veltec.eu\/en\/#organization"},"potentialAction":[{"@type":"SearchAction","target":{"@type":"EntryPoint","urlTemplate":"https:\/\/www.veltec.eu\/en\/?s={search_term_string}"},"query-input":{"@type":"PropertyValueSpecification","valueRequired":true,"valueName":"search_term_string"}}],"inLanguage":"es"},{"@type":"Organization","@id":"https:\/\/www.veltec.eu\/en\/#organization","name":"Veltec Kirby Specialist","url":"https:\/\/www.veltec.eu\/en\/","logo":{"@type":"ImageObject","inLanguage":"es","@id":"https:\/\/www.veltec.eu\/en\/#\/schema\/logo\/image\/","url":"https:\/\/www.veltec.eu\/wp-content\/uploads\/2021\/12\/Veltec-log-groot-e1537260889125.png","contentUrl":"https:\/\/www.veltec.eu\/wp-content\/uploads\/2021\/12\/Veltec-log-groot-e1537260889125.png","width":200,"height":60,"caption":"Veltec Kirby Specialist"},"image":{"@id":"https:\/\/www.veltec.eu\/en\/#\/schema\/logo\/image\/"},"sameAs":["https:\/\/www.facebook.com\/Veltec-Kirby-Specialist-236746293374877\/","https:\/\/www.youtube.com\/user\/VeltecService"]}]}},"_links":{"self":[{"href":"https:\/\/www.veltec.eu\/es\/wp-json\/wp\/v2\/product\/10772","targetHints":{"allow":["GET"]}}],"collection":[{"href":"https:\/\/www.veltec.eu\/es\/wp-json\/wp\/v2\/product"}],"about":[{"href":"https:\/\/www.veltec.eu\/es\/wp-json\/wp\/v2\/types\/product"}],"replies":[{"embeddable":true,"href":"https:\/\/www.veltec.eu\/es\/wp-json\/wp\/v2\/comments?post=10772"}],"wp:featuredmedia":[{"embeddable":true,"href":"https:\/\/www.veltec.eu\/es\/wp-json\/wp\/v2\/media\/8484"}],"wp:attachment":[{"href":"https:\/\/www.veltec.eu\/es\/wp-json\/wp\/v2\/media?parent=10772"}],"wp:term":[{"taxonomy":"product_brand","embeddable":true,"href":"https:\/\/www.veltec.eu\/es\/wp-json\/wp\/v2\/product_brand?post=10772"},{"taxonomy":"product_cat","embeddable":true,"href":"https:\/\/www.veltec.eu\/es\/wp-json\/wp\/v2\/product_cat?post=10772"},{"taxonomy":"product_tag","embeddable":true,"href":"https:\/\/www.veltec.eu\/es\/wp-json\/wp\/v2\/product_tag?post=10772"}],"curies":[{"name":"wp","href":"https:\/\/api.w.org\/{rel}","templated":true}]}}