{"id":10767,"date":"2018-10-26T12:49:03","date_gmt":"2018-10-26T10:49:03","guid":{"rendered":"https:\/\/www.veltec.eu\/kirby-webshop\/kirby-handi-butler\/"},"modified":"2025-04-14T13:50:27","modified_gmt":"2025-04-14T11:50:27","slug":"kit-de-accesorios-kirby-handi-butler","status":"publish","type":"product","link":"https:\/\/www.veltec.eu\/es\/product\/kit-de-accesorios-kirby-handi-butler\/","title":{"rendered":"Kit de accesorios Kirby Handi-Butler"},"content":{"rendered":"<h2>Descubra la versatilidad del Kit de accesorios Kirby Handi-Butler<\/h2>\n<p>\u00bfEs usted un bricolador o un aficionado al que le gusta trabajar con precisi\u00f3n? Entonces el Kit de accesorios Kirby Handi-Butler es exactamente lo que est\u00e1 buscando. Este kit de accesorios multifuncional est\u00e1 especialmente dise\u00f1ado para transformar su aspiradora Kirby en una potente miniherramienta para diversas aplicaciones. Con este kit obtendr\u00e1 mucho m\u00e1s de su aspiradora que simplemente limpiar. Gracias a las inteligentes funciones del Handi-Butler, no s\u00f3lo ahorrar\u00e1 espacio, sino tambi\u00e9n tiempo y dinero.<\/p>\n<p><strong>Este Handi-Butler es universal y adecuado para todas las aspiradoras Kirby;<\/strong><\/p>\n<ul>\n<li>Avalir Platinum<\/li>\n<li>Avalir 2<\/li>\n<li>Avalir 1<\/li>\n<li>Sentria 2 (G10D)<\/li>\n<li>Sentria 1 (G10)<\/li>\n<li>Ultimate G Diamond Ed.(G7D or DE)<\/li>\n<li>Ultimate G (G7 or UG)<\/li>\n<li>Generation 6 (G6)<\/li>\n<li>Generation 5 (G5)<\/li>\n<li>Generation 4 (G4)<\/li>\n<li>Generation 3 (G3)<\/li>\n<\/ul>\n<p><a href=\"https:\/\/www.veltec.eu\/es\/accesorios-turbo-kirby\/\">Aqu\u00ed encontrar\u00e1 todos los accesorios Turbo<\/a><\/p>\n<h3>\u00bfPor qu\u00e9 elegir el Kirby Handi-Butler?<\/h3>\n<p>El juego de herramientas multifuncional Kirby es un kit de accesorios que se acopla directamente a su <a href=\"https:\/\/www.veltec.eu\/es\/aspiradora-kirby\/\">aspiradora Kirby<\/a>. Gracias a ello, no tendr\u00e1 que comprar m\u00e1quinas separadas para los peque\u00f1os trabajos dentro y alrededor de la casa. Gracias a su dise\u00f1o inteligente, este kit es ideal para personas que trabajan regularmente en proyectos creativos o t\u00e9cnicos. Especialmente para el peque\u00f1o aficionado, esta herramienta ofrece la soluci\u00f3n perfecta.<\/p>\n<p>Con la herramienta Kirby para aficionados podr\u00e1, entre otras cosas<\/p>\n<ul>\n<li>Pulir superficies met\u00e1licas, como joyas, mangos o herramientas.<\/li>\n<li>Afilar cuchillos, piezas peque\u00f1as o materiales de hobby.<\/li>\n<li>Taladrar, lijar o grabar con accesorios opcionales (seg\u00fan el kit).<\/li>\n<li>Esto hace que el kit de accesorios Handi Butler sea una inversi\u00f3n inteligente para cualquiera que quiera sacar m\u00e1s partido a su sistema Kirby.<\/li>\n<\/ul>\n<h2>F\u00e1cil de usar y se adapta a cualquier Kirby<\/h2>\n<p>Una de las grandes ventajas del kit de accesorios Kirby Handi-Butler es que se adapta a cualquier modelo Kirby. Tanto si tiene un aparato antiguo como si utiliza la \u00faltima generaci\u00f3n: el Handi-Butler se conecta sin esfuerzo. Como resultado, no tiene que preocuparse por la compatibilidad, que es, por supuesto, un punto de compra importante para cualquier consumidor experto.<\/p>\n<h3>Empiece a trabajar de forma r\u00e1pida y segura<\/h3>\n<p>Gracias a su f\u00e1cil instalaci\u00f3n, podr\u00e1 empezar a trabajar casi de inmediato. Adem\u00e1s, el accesorio multifuncional Kirby est\u00e1 dise\u00f1ado pensando en la seguridad. Todos los accesorios encajan firmemente en su sitio y permanecen fijos durante su uso. Esto no s\u00f3lo es c\u00f3modo, sino que tambi\u00e9n evita accidentes durante el trabajo.<\/p>\n<p>El manejo es intuitivo, por lo que no necesita un extenso manual para empezar. En pocos minutos ya estar\u00e1 trabajando en su primer trabajo de pulido o lijado.<\/p>\n<h2>El complemento perfecto para su sistema Kirby<\/h2>\n<p>En resumen, Kirby Handi-Butler es el kit de accesorios para aquellos que quieren hacer con su aspiradora algo m\u00e1s que limpiar. Gracias a su versatilidad, compatibilidad y facilidad de uso, este kit es imprescindible para cualquier aficionado o manitas.<\/p>\n<p>\u00bfEst\u00e1 buscando una herramienta compacta y multifuncional que apoye su creatividad y funcione perfectamente con su Kirby? Entonces el kit de accesorios Kirby Handi-Butler es sin duda una elecci\u00f3n inteligente.<\/p>\n","protected":false},"excerpt":{"rendered":"<p>Este es un accesorio giratorio Kirby. Convertir\u00e1 su aspiradora Kirby en una m\u00e1quina cortadora, pulidora y fregadora de metales.<\/p>\n[trustindex data-widget-id=48bbd87242952812953642309d4]\n<h3><span style=\"color: #008000;\"><br \/>\nEn stock<\/span><\/h3>\n[av_font_icon icon='ue812' font='entypo-fontello' style='' caption='' size='25px' position='left' color='#43ad66' link='' linktarget='' title_attr='' sonar_effect_effect='' sonar_effect_color='' sonar_effect_duration='1' sonar_effect_scale='' sonar_effect_opac='0.5' animation='' id='' custom_class='' template_class='' av_uid='' sc_version='1.0' admin_preview_bg=''][\/av_font_icon]\n<p><span style=\"color: #008000;\">Pedido antes de las 23:59, enviado ma\u00f1ana<\/span><\/p>\n<p>&nbsp;<\/p>\n","protected":false},"featured_media":8492,"comment_status":"open","ping_status":"closed","template":"","meta":[],"product_brand":[],"product_cat":[327],"product_tag":[],"class_list":{"0":"post-10767","1":"product","2":"type-product","3":"status-publish","4":"has-post-thumbnail","6":"product_cat-accesorios-turbo-kirby","7":"product_shipping_class-klein-es","9":"first","10":"instock","11":"sale","12":"taxable","13":"shipping-taxable","14":"purchasable","15":"product-type-simple"},"yoast_head":"<!-- This site is optimized with the Yoast SEO Premium plugin v27.1 (Yoast SEO v27.4) - https:\/\/yoast.com\/product\/yoast-seo-premium-wordpress\/ -->\n<title>Kit de accesorios Kirby Handi-Butler - Veltec Kirby specialist<\/title>\n<meta name=\"description\" content=\"Kit de accesorios Kirby Handi-Butler - Veltec es el proveedor de las aspiradoras Kirby desde hace m\u00e1s de 25 a\u00f1os. Y es su especialista en servicio Kirby\" \/>\n<meta name=\"robots\" content=\"index, follow, max-snippet:-1, max-image-preview:large, max-video-preview:-1\" \/>\n<link rel=\"canonical\" href=\"https:\/\/www.veltec.eu\/nl\/product\/kirby-handi-butler-accessoirekit-nl98764\/\" \/>\n<meta property=\"og:locale\" content=\"es_ES\" \/>\n<meta property=\"og:type\" content=\"article\" \/>\n<meta property=\"og:title\" content=\"Kit de accesorios Kirby Handi-Butler\" \/>\n<meta property=\"og:description\" content=\"Este es un accesorio giratorio Kirby. Convertir\u00e1 su aspiradora Kirby en una m\u00e1quina cortadora, pulidora y fregadora de metales.    En stock   Pedido antes de las 23:59, enviado ma\u00f1ana  &nbsp;\" \/>\n<meta property=\"og:url\" content=\"https:\/\/www.veltec.eu\/nl\/product\/kirby-handi-butler-accessoirekit-nl98764\/\" \/>\n<meta property=\"og:site_name\" content=\"Veltec Kirby specialist\" \/>\n<meta property=\"article:publisher\" content=\"https:\/\/www.facebook.com\/Veltec-Kirby-Specialist-236746293374877\/\" \/>\n<meta property=\"article:modified_time\" content=\"2025-04-14T11:50:27+00:00\" \/>\n<meta property=\"og:image\" content=\"https:\/\/www.veltec.eu\/wp-content\/uploads\/2018\/10\/handi-butler_vs169p_1_large_2.jpg\" \/>\n\t<meta property=\"og:image:width\" content=\"300\" \/>\n\t<meta property=\"og:image:height\" content=\"300\" \/>\n\t<meta property=\"og:image:type\" content=\"image\/jpeg\" \/>\n<meta name=\"twitter:card\" content=\"summary_large_image\" \/>\n<meta name=\"twitter:label1\" content=\"Tiempo de lectura\" \/>\n\t<meta name=\"twitter:data1\" content=\"3 minutos\" \/>\n<script type=\"application\/ld+json\" class=\"yoast-schema-graph\">{\"@context\":\"https:\\\/\\\/schema.org\",\"@graph\":[{\"@type\":\"WebPage\",\"@id\":\"https:\\\/\\\/www.veltec.eu\\\/nl\\\/product\\\/kirby-handi-butler-accessoirekit-nl98764\\\/\",\"url\":\"https:\\\/\\\/www.veltec.eu\\\/nl\\\/product\\\/kirby-handi-butler-accessoirekit-nl98764\\\/\",\"name\":\"Kit de accesorios Kirby Handi-Butler - Veltec Kirby specialist\",\"isPartOf\":{\"@id\":\"https:\\\/\\\/www.veltec.eu\\\/en\\\/#website\"},\"primaryImageOfPage\":{\"@id\":\"https:\\\/\\\/www.veltec.eu\\\/nl\\\/product\\\/kirby-handi-butler-accessoirekit-nl98764\\\/#primaryimage\"},\"image\":{\"@id\":\"https:\\\/\\\/www.veltec.eu\\\/nl\\\/product\\\/kirby-handi-butler-accessoirekit-nl98764\\\/#primaryimage\"},\"thumbnailUrl\":\"https:\\\/\\\/www.veltec.eu\\\/wp-content\\\/uploads\\\/2018\\\/10\\\/handi-butler_vs169p_1_large_2.jpg\",\"datePublished\":\"2018-10-26T10:49:03+00:00\",\"dateModified\":\"2025-04-14T11:50:27+00:00\",\"description\":\"Kit de accesorios Kirby Handi-Butler - Veltec es el proveedor de las aspiradoras Kirby desde hace m\u00e1s de 25 a\u00f1os. Y es su especialista en servicio Kirby\",\"breadcrumb\":{\"@id\":\"https:\\\/\\\/www.veltec.eu\\\/nl\\\/product\\\/kirby-handi-butler-accessoirekit-nl98764\\\/#breadcrumb\"},\"inLanguage\":\"es\",\"potentialAction\":[{\"@type\":\"ReadAction\",\"target\":[\"https:\\\/\\\/www.veltec.eu\\\/nl\\\/product\\\/kirby-handi-butler-accessoirekit-nl98764\\\/\"]}]},{\"@type\":\"ImageObject\",\"inLanguage\":\"es\",\"@id\":\"https:\\\/\\\/www.veltec.eu\\\/nl\\\/product\\\/kirby-handi-butler-accessoirekit-nl98764\\\/#primaryimage\",\"url\":\"https:\\\/\\\/www.veltec.eu\\\/wp-content\\\/uploads\\\/2018\\\/10\\\/handi-butler_vs169p_1_large_2.jpg\",\"contentUrl\":\"https:\\\/\\\/www.veltec.eu\\\/wp-content\\\/uploads\\\/2018\\\/10\\\/handi-butler_vs169p_1_large_2.jpg\",\"width\":300,\"height\":300},{\"@type\":\"BreadcrumbList\",\"@id\":\"https:\\\/\\\/www.veltec.eu\\\/nl\\\/product\\\/kirby-handi-butler-accessoirekit-nl98764\\\/#breadcrumb\",\"itemListElement\":[{\"@type\":\"ListItem\",\"position\":1,\"name\":\"Home\",\"item\":\"https:\\\/\\\/www.veltec.eu\\\/es\\\/\"},{\"@type\":\"ListItem\",\"position\":2,\"name\":\"Produits\",\"item\":\"https:\\\/\\\/www.veltec.eu\\\/fr\\\/shop\\\/\"},{\"@type\":\"ListItem\",\"position\":3,\"name\":\"Kit de accesorios Kirby Handi-Butler\"}]},{\"@type\":\"WebSite\",\"@id\":\"https:\\\/\\\/www.veltec.eu\\\/en\\\/#website\",\"url\":\"https:\\\/\\\/www.veltec.eu\\\/en\\\/\",\"name\":\"Veltec Kirby specialist\",\"description\":\"Kirby stofzuiger producten\",\"publisher\":{\"@id\":\"https:\\\/\\\/www.veltec.eu\\\/en\\\/#organization\"},\"potentialAction\":[{\"@type\":\"SearchAction\",\"target\":{\"@type\":\"EntryPoint\",\"urlTemplate\":\"https:\\\/\\\/www.veltec.eu\\\/en\\\/?s={search_term_string}\"},\"query-input\":{\"@type\":\"PropertyValueSpecification\",\"valueRequired\":true,\"valueName\":\"search_term_string\"}}],\"inLanguage\":\"es\"},{\"@type\":\"Organization\",\"@id\":\"https:\\\/\\\/www.veltec.eu\\\/en\\\/#organization\",\"name\":\"Veltec Kirby Specialist\",\"url\":\"https:\\\/\\\/www.veltec.eu\\\/en\\\/\",\"logo\":{\"@type\":\"ImageObject\",\"inLanguage\":\"es\",\"@id\":\"https:\\\/\\\/www.veltec.eu\\\/en\\\/#\\\/schema\\\/logo\\\/image\\\/\",\"url\":\"https:\\\/\\\/www.veltec.eu\\\/wp-content\\\/uploads\\\/2021\\\/12\\\/Veltec-log-groot-e1537260889125.png\",\"contentUrl\":\"https:\\\/\\\/www.veltec.eu\\\/wp-content\\\/uploads\\\/2021\\\/12\\\/Veltec-log-groot-e1537260889125.png\",\"width\":200,\"height\":60,\"caption\":\"Veltec Kirby Specialist\"},\"image\":{\"@id\":\"https:\\\/\\\/www.veltec.eu\\\/en\\\/#\\\/schema\\\/logo\\\/image\\\/\"},\"sameAs\":[\"https:\\\/\\\/www.facebook.com\\\/Veltec-Kirby-Specialist-236746293374877\\\/\",\"https:\\\/\\\/www.youtube.com\\\/user\\\/VeltecService\"]}]}<\/script>\n<!-- \/ Yoast SEO Premium plugin. -->","yoast_head_json":{"title":"Kit de accesorios Kirby Handi-Butler - Veltec Kirby specialist","description":"Kit de accesorios Kirby Handi-Butler - Veltec es el proveedor de las aspiradoras Kirby desde hace m\u00e1s de 25 a\u00f1os. Y es su especialista en servicio Kirby","robots":{"index":"index","follow":"follow","max-snippet":"max-snippet:-1","max-image-preview":"max-image-preview:large","max-video-preview":"max-video-preview:-1"},"canonical":"https:\/\/www.veltec.eu\/nl\/product\/kirby-handi-butler-accessoirekit-nl98764\/","og_locale":"es_ES","og_type":"article","og_title":"Kit de accesorios Kirby Handi-Butler","og_description":"Este es un accesorio giratorio Kirby. Convertir\u00e1 su aspiradora Kirby en una m\u00e1quina cortadora, pulidora y fregadora de metales.    En stock   Pedido antes de las 23:59, enviado ma\u00f1ana  &nbsp;","og_url":"https:\/\/www.veltec.eu\/nl\/product\/kirby-handi-butler-accessoirekit-nl98764\/","og_site_name":"Veltec Kirby specialist","article_publisher":"https:\/\/www.facebook.com\/Veltec-Kirby-Specialist-236746293374877\/","article_modified_time":"2025-04-14T11:50:27+00:00","og_image":[{"width":300,"height":300,"url":"https:\/\/www.veltec.eu\/wp-content\/uploads\/2018\/10\/handi-butler_vs169p_1_large_2.jpg","type":"image\/jpeg"}],"twitter_card":"summary_large_image","twitter_misc":{"Tiempo de lectura":"3 minutos"},"schema":{"@context":"https:\/\/schema.org","@graph":[{"@type":"WebPage","@id":"https:\/\/www.veltec.eu\/nl\/product\/kirby-handi-butler-accessoirekit-nl98764\/","url":"https:\/\/www.veltec.eu\/nl\/product\/kirby-handi-butler-accessoirekit-nl98764\/","name":"Kit de accesorios Kirby Handi-Butler - Veltec Kirby specialist","isPartOf":{"@id":"https:\/\/www.veltec.eu\/en\/#website"},"primaryImageOfPage":{"@id":"https:\/\/www.veltec.eu\/nl\/product\/kirby-handi-butler-accessoirekit-nl98764\/#primaryimage"},"image":{"@id":"https:\/\/www.veltec.eu\/nl\/product\/kirby-handi-butler-accessoirekit-nl98764\/#primaryimage"},"thumbnailUrl":"https:\/\/www.veltec.eu\/wp-content\/uploads\/2018\/10\/handi-butler_vs169p_1_large_2.jpg","datePublished":"2018-10-26T10:49:03+00:00","dateModified":"2025-04-14T11:50:27+00:00","description":"Kit de accesorios Kirby Handi-Butler - Veltec es el proveedor de las aspiradoras Kirby desde hace m\u00e1s de 25 a\u00f1os. Y es su especialista en servicio Kirby","breadcrumb":{"@id":"https:\/\/www.veltec.eu\/nl\/product\/kirby-handi-butler-accessoirekit-nl98764\/#breadcrumb"},"inLanguage":"es","potentialAction":[{"@type":"ReadAction","target":["https:\/\/www.veltec.eu\/nl\/product\/kirby-handi-butler-accessoirekit-nl98764\/"]}]},{"@type":"ImageObject","inLanguage":"es","@id":"https:\/\/www.veltec.eu\/nl\/product\/kirby-handi-butler-accessoirekit-nl98764\/#primaryimage","url":"https:\/\/www.veltec.eu\/wp-content\/uploads\/2018\/10\/handi-butler_vs169p_1_large_2.jpg","contentUrl":"https:\/\/www.veltec.eu\/wp-content\/uploads\/2018\/10\/handi-butler_vs169p_1_large_2.jpg","width":300,"height":300},{"@type":"BreadcrumbList","@id":"https:\/\/www.veltec.eu\/nl\/product\/kirby-handi-butler-accessoirekit-nl98764\/#breadcrumb","itemListElement":[{"@type":"ListItem","position":1,"name":"Home","item":"https:\/\/www.veltec.eu\/es\/"},{"@type":"ListItem","position":2,"name":"Produits","item":"https:\/\/www.veltec.eu\/fr\/shop\/"},{"@type":"ListItem","position":3,"name":"Kit de accesorios Kirby Handi-Butler"}]},{"@type":"WebSite","@id":"https:\/\/www.veltec.eu\/en\/#website","url":"https:\/\/www.veltec.eu\/en\/","name":"Veltec Kirby specialist","description":"Kirby stofzuiger producten","publisher":{"@id":"https:\/\/www.veltec.eu\/en\/#organization"},"potentialAction":[{"@type":"SearchAction","target":{"@type":"EntryPoint","urlTemplate":"https:\/\/www.veltec.eu\/en\/?s={search_term_string}"},"query-input":{"@type":"PropertyValueSpecification","valueRequired":true,"valueName":"search_term_string"}}],"inLanguage":"es"},{"@type":"Organization","@id":"https:\/\/www.veltec.eu\/en\/#organization","name":"Veltec Kirby Specialist","url":"https:\/\/www.veltec.eu\/en\/","logo":{"@type":"ImageObject","inLanguage":"es","@id":"https:\/\/www.veltec.eu\/en\/#\/schema\/logo\/image\/","url":"https:\/\/www.veltec.eu\/wp-content\/uploads\/2021\/12\/Veltec-log-groot-e1537260889125.png","contentUrl":"https:\/\/www.veltec.eu\/wp-content\/uploads\/2021\/12\/Veltec-log-groot-e1537260889125.png","width":200,"height":60,"caption":"Veltec Kirby Specialist"},"image":{"@id":"https:\/\/www.veltec.eu\/en\/#\/schema\/logo\/image\/"},"sameAs":["https:\/\/www.facebook.com\/Veltec-Kirby-Specialist-236746293374877\/","https:\/\/www.youtube.com\/user\/VeltecService"]}]}},"_links":{"self":[{"href":"https:\/\/www.veltec.eu\/es\/wp-json\/wp\/v2\/product\/10767","targetHints":{"allow":["GET"]}}],"collection":[{"href":"https:\/\/www.veltec.eu\/es\/wp-json\/wp\/v2\/product"}],"about":[{"href":"https:\/\/www.veltec.eu\/es\/wp-json\/wp\/v2\/types\/product"}],"replies":[{"embeddable":true,"href":"https:\/\/www.veltec.eu\/es\/wp-json\/wp\/v2\/comments?post=10767"}],"wp:featuredmedia":[{"embeddable":true,"href":"https:\/\/www.veltec.eu\/es\/wp-json\/wp\/v2\/media\/8492"}],"wp:attachment":[{"href":"https:\/\/www.veltec.eu\/es\/wp-json\/wp\/v2\/media?parent=10767"}],"wp:term":[{"taxonomy":"product_brand","embeddable":true,"href":"https:\/\/www.veltec.eu\/es\/wp-json\/wp\/v2\/product_brand?post=10767"},{"taxonomy":"product_cat","embeddable":true,"href":"https:\/\/www.veltec.eu\/es\/wp-json\/wp\/v2\/product_cat?post=10767"},{"taxonomy":"product_tag","embeddable":true,"href":"https:\/\/www.veltec.eu\/es\/wp-json\/wp\/v2\/product_tag?post=10767"}],"curies":[{"name":"wp","href":"https:\/\/api.w.org\/{rel}","templated":true}]}}