{"id":10752,"date":"2018-10-26T13:09:22","date_gmt":"2018-10-26T11:09:22","guid":{"rendered":"https:\/\/www.veltec.eu\/kirby-webshop\/manguera-flexible-para-aspiradora-kirby-nl3160\/"},"modified":"2026-03-02T08:05:28","modified_gmt":"2026-03-02T06:05:28","slug":"manguera-flexible-para-aspiradora-kirby-nl3160","status":"publish","type":"product","link":"https:\/\/www.veltec.eu\/es\/product\/manguera-flexible-para-aspiradora-kirby-nl3160\/","title":{"rendered":"Manguera Flexible para Aspiradora Kirby"},"content":{"rendered":"<h1 data-start=\"0\" data-end=\"35\">Manguera Flexible para Aspiradora Kirby<\/h1>\n<p data-start=\"37\" data-end=\"393\">La manguera flexible para aspiradora Kirby se suministra completa con fijaci\u00f3n delantera y trasera, lo que garantiza una conexi\u00f3n fiable a su aspiradora Kirby. Gracias a su longitud compacta de 1 metro, que adem\u00e1s se puede extender hasta 4 metros, esta manguera flexible Kirby combina la m\u00e1xima libertad de movimiento con la practicidad de su almacenamiento.<\/p>\n<h2 data-start=\"395\" data-end=\"454\">\u00bfPor qu\u00e9 elegir la manguera flexible para aspiradora?<\/h2>\n<p data-start=\"456\" data-end=\"740\">La manguera flexible para aspiradora Kirby ha sido especialmente dise\u00f1ada para llegar a los lugares m\u00e1s dif\u00edciles, lo que te permite limpiar de forma m\u00e1s eficaz y profunda. Gracias a su dise\u00f1o extensible, puedes trabajar de forma compacta, al tiempo que llegas f\u00e1cilmente a techos altos, escaleras y rincones profundos.<\/p>\n<p data-start=\"742\" data-end=\"984\">Adem\u00e1s, su dise\u00f1o flexible te permite limpiar sin esfuerzo innecesario, mientras que la manguera se mantiene firme y conserva su forma. Por eso, esta manguera extensible para aspiradoras Kirby es ideal para un uso dom\u00e9stico intensivo.<\/p>\n<p data-start=\"986\" data-end=\"1067\">Esta manguera es universal y apta para cualquier modelo, incluyendo:<\/p>\n<ul>\n<li>Avalir Platinum<\/li>\n<li>Avalir 2<\/li>\n<li>Avalir 1<\/li>\n<li>Sentria 2 (G10D)<\/li>\n<li>Sentria 1 (G10)<\/li>\n<li>Ultimate G Diamond Ed.(G7D or DE)<\/li>\n<li>Ultimate G (G7 or UG)<\/li>\n<li>Generation 6 (G6)<\/li>\n<li>Generation 5 (G5)<\/li>\n<li>Generation 4 (G4)<\/li>\n<li>Generation 3 (G3)<\/li>\n<\/ul>\n<div class=\"flex-1 overflow-hidden\">\n<div class=\"h-full\">\n<div class=\"react-scroll-to-bottom--css-ciwdx-79elbk h-full\">\n<div class=\"react-scroll-to-bottom--css-ciwdx-1n7m0yu\">\n<div class=\"flex flex-col text-sm md:pb-9\">\n<div class=\"w-full text-token-text-primary\" dir=\"auto\" data-testid=\"conversation-turn-3\" data-scroll-anchor=\"true\">\n<div class=\"text-base py-[18px] px-3 md:px-4 m-auto md:px-5 lg:px-1 xl:px-5\">\n<div class=\"mx-auto flex flex-1 gap-4 text-base md:gap-5 lg:gap-6 md:max-w-3xl lg:max-w-[40rem] xl:max-w-[48rem]\">\n<div class=\"group\/conversation-turn relative flex w-full min-w-0 flex-col agent-turn\">\n<div class=\"flex-col gap-1 md:gap-3\">\n<div class=\"flex flex-grow flex-col max-w-full\">\n<div class=\"min-h-[20px] text-message flex w-full flex-col items-end gap-2 whitespace-pre-wrap break-words [.text-message+&amp;]:mt-5 overflow-x-auto\" dir=\"auto\" data-message-author-role=\"assistant\" data-message-id=\"75e84a25-7f0c-45d2-8ea4-22e4da0190fb\">\n<div class=\"flex w-full flex-col gap-1 empty:hidden first:pt-[3px]\">\n<div class=\"markdown prose w-full break-words dark:prose-invert light\">\n<div class=\"flex flex-col text-sm pb-25\">\n<article class=\"text-token-text-primary w-full focus:outline-none [--shadow-height:45px] has-data-writing-block:pointer-events-none has-data-writing-block:-mt-(--shadow-height) has-data-writing-block:pt-(--shadow-height) [&amp;:has([data-writing-block])&gt;*]:pointer-events-auto scroll-mt-[calc(var(--header-height)+min(200px,max(70px,20svh)))]\" dir=\"auto\" tabindex=\"-1\" data-turn-id=\"request-WEB:22b633c4-4082-4f46-b35a-0e42ce4f3021-8\" data-testid=\"conversation-turn-2\" data-scroll-anchor=\"true\" data-turn=\"assistant\">\n<div class=\"text-base my-auto mx-auto pb-10 [--thread-content-margin:--spacing(4)] @w-sm\/main:[--thread-content-margin:--spacing(6)] @w-lg\/main:[--thread-content-margin:--spacing(16)] px-(--thread-content-margin)\">\n<div class=\"[--thread-content-max-width:40rem] @w-lg\/main:[--thread-content-max-width:48rem] mx-auto max-w-(--thread-content-max-width) flex-1 group\/turn-messages focus-visible:outline-hidden relative flex w-full min-w-0 flex-col agent-turn\" tabindex=\"-1\">\n<div class=\"flex max-w-full flex-col grow\">\n<div class=\"min-h-8 text-message relative flex w-full flex-col items-end gap-2 text-start break-words whitespace-normal [.text-message+&amp;]:mt-1\" dir=\"auto\" data-message-author-role=\"assistant\" data-message-id=\"f8790694-e7c6-474a-8612-60f2f19c16db\" data-message-model-slug=\"gpt-5-2\">\n<div class=\"flex w-full flex-col gap-1 empty:hidden first:pt-[1px]\">\n<div class=\"markdown prose dark:prose-invert w-full wrap-break-word light markdown-new-styling\">\n<p data-start=\"1311\" data-end=\"1415\">Consulte tambi\u00e9n nuestras otras <a href=\"https:\/\/www.veltec.eu\/es\/manguera-accesorios-kirby\/\" target=\"_blank\" rel=\"noopener\">mangueras para aspiradoras Kirby<\/a> para ver otras opciones.<\/p>\n<h2 data-start=\"1417\" data-end=\"1473\">Manguera flexible con alcance m\u00e1ximo<\/h2>\n<p data-start=\"1475\" data-end=\"1718\">Gracias a su longitud extensible de 1 a 4 metros, la manguera flexible para aspiradora Kirby ofrece un alcance excepcional. Esto le permite limpiar f\u00e1cilmente encima de armarios, debajo de camas y detr\u00e1s de muebles, sin tener que agacharse ni levantar peso.<\/p>\n<p data-start=\"1720\" data-end=\"1944\">Al mismo tiempo, la manguera sigue siendo ligera, lo que permite moverla c\u00f3modamente por toda la casa. Una vez terminado el trabajo, la manguera flexible Kirby se vuelve a guardar de forma compacta, por lo que ocupa poco espacio.<\/p>\n<p data-start=\"1946\" data-end=\"2089\">Para obtener m\u00e1s informaci\u00f3n, lee nuestra p\u00e1gina del blog: <a href=\"https:\/\/www.servicio-de-aspiradoras-kirby.es\/manguera-aspiradora-kirby\/\" target=\"_blank\" rel=\"noopener\">Todo sobre la manguera de la aspiradora Kirby.<\/a><\/p>\n<h2 data-start=\"2219\" data-end=\"2287\">Manguera flexible y duradera para aspiradoras de uso intensivo<\/h2>\n<p data-start=\"2289\" data-end=\"2529\">La manguera flexible para aspiradora Kirby est\u00e1 fabricada con material de alta calidad y resistente al desgaste, lo que garantiza un rendimiento duradero. De este modo, la potencia de succi\u00f3n se mantiene \u00f3ptima, mientras que la manguera resiste el uso diario.<\/p>\n<p data-start=\"2531\" data-end=\"2803\">Adem\u00e1s, la manguera extensible Kirby es f\u00e1cil de conectar y desconectar, lo que le permite cambiar r\u00e1pidamente de accesorio. Vea aqu\u00ed <a href=\"https:\/\/www.veltec.eu\/es\/accesorios-kirby-comprar\/\" target=\"_blank\" rel=\"noopener\">todos los accesorios Kirby.<\/a><\/p>\n<h2 data-start=\"2805\" data-end=\"2872\">Manguera flexible y vers\u00e1til para aspiradoras, apta para cualquier superficie.<\/h2>\n<p data-start=\"2874\" data-end=\"3103\">La manguera flexible para aspiradora Kirby es adecuada para suelos duros, alfombras, escaleras, colchones e interiores de autom\u00f3viles. Esto le permite cambiar f\u00e1cilmente entre diferentes tareas de limpieza utilizando una sola manguera.<\/p>\n<p data-start=\"3105\" data-end=\"3343\">Especialmente para hogares con mascotas, esta manguera flexible ofrece una comodidad adicional, ya que elimina eficazmente el pelo y el polvo incluso en lugares de dif\u00edcil acceso. De este modo, se trabaja m\u00e1s r\u00e1pido y el resultado es visiblemente m\u00e1s profundo.<\/p>\n<p data-start=\"3345\" data-end=\"3496\" data-is-last-node=\"\" data-is-only-node=\"\">En resumen, con la manguera flexible para aspiradora Kirby, usted elige flexibilidad, durabilidad y comodidad de limpieza profesional en una soluci\u00f3n pr\u00e1ctica.<\/p>\n<\/div>\n<\/div>\n<\/div>\n<\/div>\n<\/div>\n<\/div>\n<\/article>\n<\/div>\n<\/div>\n<\/div>\n<\/div>\n<\/div>\n<\/div>\n<\/div>\n<\/div>\n<\/div>\n<\/div>\n<\/div>\n<\/div>\n<\/div>\n<\/div>\n<\/div>\n","protected":false},"excerpt":{"rendered":"<p>La manguera flexible para aspiradora Kirby es extensible de 1 a 4 metros y se suministra completa con accesorios de fijaci\u00f3n. Ideal para lugares de dif\u00edcil acceso y apta para todos los modelos Kirby.<\/p>\n[trustindex data-widget-id=48bbd87242952812953642309d4]\n<h3><span style=\"color: #008000;\"><br \/>\nEn stock<\/span><\/h3>\n[av_font_icon icon='ue812' font='entypo-fontello' style='' caption='' size='25px' position='left' color='#43ad66' link='' linktarget='' title_attr='' sonar_effect_effect='' sonar_effect_color='' sonar_effect_duration='1' sonar_effect_scale='' sonar_effect_opac='0.5' animation='' id='' custom_class='' template_class='' av_uid='' sc_version='1.0' admin_preview_bg=''][\/av_font_icon]\n<p><span style=\"color: #008000;\">Pedido antes de las 23:59, enviado ma\u00f1ana<\/span><\/p>\n<p>&nbsp;<\/p>\n","protected":false},"featured_media":66546,"comment_status":"open","ping_status":"closed","template":"","meta":{"_acf_changed":false},"product_brand":[],"product_cat":[322],"product_tag":[],"class_list":{"0":"post-10752","1":"product","2":"type-product","3":"status-publish","4":"has-post-thumbnail","6":"product_cat-manguera-accesorios-kirby","7":"product_shipping_class-klein-es","9":"first","10":"instock","11":"sale","12":"taxable","13":"shipping-taxable","14":"purchasable","15":"product-type-variable"},"acf":[],"yoast_head":"<!-- This site is optimized with the Yoast SEO Premium plugin v27.1 (Yoast SEO v27.4) - https:\/\/yoast.com\/product\/yoast-seo-premium-wordpress\/ -->\n<title>Manguera Flexible para Aspiradora Kirby 1-4 metros universal<\/title>\n<meta name=\"description\" content=\"Manguera Flexible para Aspiradora Kirby Extensible de 1 a 4 metros. De uso universal e ideal para escaleras, techos y lugares de dif\u00edcil acceso.\" \/>\n<meta name=\"robots\" content=\"index, follow, max-snippet:-1, max-image-preview:large, max-video-preview:-1\" \/>\n<link rel=\"canonical\" href=\"https:\/\/www.veltec.eu\/es\/product\/manguera-flexible-para-aspiradora-kirby-nl3160\/\" \/>\n<meta property=\"og:locale\" content=\"es_ES\" \/>\n<meta property=\"og:type\" content=\"article\" \/>\n<meta property=\"og:title\" content=\"Manguera Flexible para Aspiradora Kirby\" \/>\n<meta property=\"og:description\" content=\"La manguera flexible para aspiradora Kirby es extensible de 1 a 4 metros y se suministra completa con accesorios de fijaci\u00f3n. Ideal para lugares de dif\u00edcil acceso y apta para todos los modelos Kirby.    En stock   Pedido antes de las 23:59, enviado ma\u00f1ana  &nbsp;\" \/>\n<meta property=\"og:url\" content=\"https:\/\/www.veltec.eu\/es\/product\/manguera-flexible-para-aspiradora-kirby-nl3160\/\" \/>\n<meta property=\"og:site_name\" content=\"Veltec Kirby specialist\" \/>\n<meta property=\"article:publisher\" content=\"https:\/\/www.facebook.com\/Veltec-Kirby-Specialist-236746293374877\/\" \/>\n<meta property=\"article:modified_time\" content=\"2026-03-02T06:05:28+00:00\" \/>\n<meta property=\"og:image\" content=\"https:\/\/www.veltec.eu\/wp-content\/uploads\/2018\/10\/IMG_6684.jpg\" \/>\n\t<meta property=\"og:image:width\" content=\"500\" \/>\n\t<meta property=\"og:image:height\" content=\"500\" \/>\n\t<meta property=\"og:image:type\" content=\"image\/jpeg\" \/>\n<meta name=\"twitter:card\" content=\"summary_large_image\" \/>\n<meta name=\"twitter:label1\" content=\"Tiempo de lectura\" \/>\n\t<meta name=\"twitter:data1\" content=\"3 minutos\" \/>\n<script type=\"application\/ld+json\" class=\"yoast-schema-graph\">{\"@context\":\"https:\\\/\\\/schema.org\",\"@graph\":[{\"@type\":\"WebPage\",\"@id\":\"https:\\\/\\\/www.veltec.eu\\\/es\\\/product\\\/manguera-flexible-para-aspiradora-kirby-nl3160\\\/\",\"url\":\"https:\\\/\\\/www.veltec.eu\\\/es\\\/product\\\/manguera-flexible-para-aspiradora-kirby-nl3160\\\/\",\"name\":\"Manguera Flexible para Aspiradora Kirby 1-4 metros universal\",\"isPartOf\":{\"@id\":\"https:\\\/\\\/www.veltec.eu\\\/en\\\/#website\"},\"primaryImageOfPage\":{\"@id\":\"https:\\\/\\\/www.veltec.eu\\\/es\\\/product\\\/manguera-flexible-para-aspiradora-kirby-nl3160\\\/#primaryimage\"},\"image\":{\"@id\":\"https:\\\/\\\/www.veltec.eu\\\/es\\\/product\\\/manguera-flexible-para-aspiradora-kirby-nl3160\\\/#primaryimage\"},\"thumbnailUrl\":\"https:\\\/\\\/www.veltec.eu\\\/wp-content\\\/uploads\\\/2018\\\/10\\\/IMG_6684.jpg\",\"datePublished\":\"2018-10-26T11:09:22+00:00\",\"dateModified\":\"2026-03-02T06:05:28+00:00\",\"description\":\"Manguera Flexible para Aspiradora Kirby Extensible de 1 a 4 metros. De uso universal e ideal para escaleras, techos y lugares de dif\u00edcil acceso.\",\"breadcrumb\":{\"@id\":\"https:\\\/\\\/www.veltec.eu\\\/es\\\/product\\\/manguera-flexible-para-aspiradora-kirby-nl3160\\\/#breadcrumb\"},\"inLanguage\":\"es\",\"potentialAction\":[{\"@type\":\"ReadAction\",\"target\":[\"https:\\\/\\\/www.veltec.eu\\\/es\\\/product\\\/manguera-flexible-para-aspiradora-kirby-nl3160\\\/\"]}]},{\"@type\":\"ImageObject\",\"inLanguage\":\"es\",\"@id\":\"https:\\\/\\\/www.veltec.eu\\\/es\\\/product\\\/manguera-flexible-para-aspiradora-kirby-nl3160\\\/#primaryimage\",\"url\":\"https:\\\/\\\/www.veltec.eu\\\/wp-content\\\/uploads\\\/2018\\\/10\\\/IMG_6684.jpg\",\"contentUrl\":\"https:\\\/\\\/www.veltec.eu\\\/wp-content\\\/uploads\\\/2018\\\/10\\\/IMG_6684.jpg\",\"width\":500,\"height\":500},{\"@type\":\"BreadcrumbList\",\"@id\":\"https:\\\/\\\/www.veltec.eu\\\/es\\\/product\\\/manguera-flexible-para-aspiradora-kirby-nl3160\\\/#breadcrumb\",\"itemListElement\":[{\"@type\":\"ListItem\",\"position\":1,\"name\":\"Home\",\"item\":\"https:\\\/\\\/www.veltec.eu\\\/es\\\/\"},{\"@type\":\"ListItem\",\"position\":2,\"name\":\"Kirby Shop\",\"item\":\"https:\\\/\\\/www.veltec.eu\\\/nl\\\/shop-page\\\/\"},{\"@type\":\"ListItem\",\"position\":3,\"name\":\"Manguera Flexible para Aspiradora Kirby\"}]},{\"@type\":\"WebSite\",\"@id\":\"https:\\\/\\\/www.veltec.eu\\\/en\\\/#website\",\"url\":\"https:\\\/\\\/www.veltec.eu\\\/en\\\/\",\"name\":\"Veltec Kirby specialist\",\"description\":\"Kirby stofzuiger producten\",\"publisher\":{\"@id\":\"https:\\\/\\\/www.veltec.eu\\\/en\\\/#organization\"},\"potentialAction\":[{\"@type\":\"SearchAction\",\"target\":{\"@type\":\"EntryPoint\",\"urlTemplate\":\"https:\\\/\\\/www.veltec.eu\\\/en\\\/?s={search_term_string}\"},\"query-input\":{\"@type\":\"PropertyValueSpecification\",\"valueRequired\":true,\"valueName\":\"search_term_string\"}}],\"inLanguage\":\"es\"},{\"@type\":\"Organization\",\"@id\":\"https:\\\/\\\/www.veltec.eu\\\/en\\\/#organization\",\"name\":\"Veltec Kirby Specialist\",\"url\":\"https:\\\/\\\/www.veltec.eu\\\/en\\\/\",\"logo\":{\"@type\":\"ImageObject\",\"inLanguage\":\"es\",\"@id\":\"https:\\\/\\\/www.veltec.eu\\\/en\\\/#\\\/schema\\\/logo\\\/image\\\/\",\"url\":\"https:\\\/\\\/www.veltec.eu\\\/wp-content\\\/uploads\\\/2021\\\/12\\\/Veltec-log-groot-e1537260889125.png\",\"contentUrl\":\"https:\\\/\\\/www.veltec.eu\\\/wp-content\\\/uploads\\\/2021\\\/12\\\/Veltec-log-groot-e1537260889125.png\",\"width\":200,\"height\":60,\"caption\":\"Veltec Kirby Specialist\"},\"image\":{\"@id\":\"https:\\\/\\\/www.veltec.eu\\\/en\\\/#\\\/schema\\\/logo\\\/image\\\/\"},\"sameAs\":[\"https:\\\/\\\/www.facebook.com\\\/Veltec-Kirby-Specialist-236746293374877\\\/\",\"https:\\\/\\\/www.youtube.com\\\/user\\\/VeltecService\"]}]}<\/script>\n<!-- \/ Yoast SEO Premium plugin. -->","yoast_head_json":{"title":"Manguera Flexible para Aspiradora Kirby 1-4 metros universal","description":"Manguera Flexible para Aspiradora Kirby Extensible de 1 a 4 metros. De uso universal e ideal para escaleras, techos y lugares de dif\u00edcil acceso.","robots":{"index":"index","follow":"follow","max-snippet":"max-snippet:-1","max-image-preview":"max-image-preview:large","max-video-preview":"max-video-preview:-1"},"canonical":"https:\/\/www.veltec.eu\/es\/product\/manguera-flexible-para-aspiradora-kirby-nl3160\/","og_locale":"es_ES","og_type":"article","og_title":"Manguera Flexible para Aspiradora Kirby","og_description":"La manguera flexible para aspiradora Kirby es extensible de 1 a 4 metros y se suministra completa con accesorios de fijaci\u00f3n. Ideal para lugares de dif\u00edcil acceso y apta para todos los modelos Kirby.    En stock   Pedido antes de las 23:59, enviado ma\u00f1ana  &nbsp;","og_url":"https:\/\/www.veltec.eu\/es\/product\/manguera-flexible-para-aspiradora-kirby-nl3160\/","og_site_name":"Veltec Kirby specialist","article_publisher":"https:\/\/www.facebook.com\/Veltec-Kirby-Specialist-236746293374877\/","article_modified_time":"2026-03-02T06:05:28+00:00","og_image":[{"width":500,"height":500,"url":"https:\/\/www.veltec.eu\/wp-content\/uploads\/2018\/10\/IMG_6684.jpg","type":"image\/jpeg"}],"twitter_card":"summary_large_image","twitter_misc":{"Tiempo de lectura":"3 minutos"},"schema":{"@context":"https:\/\/schema.org","@graph":[{"@type":"WebPage","@id":"https:\/\/www.veltec.eu\/es\/product\/manguera-flexible-para-aspiradora-kirby-nl3160\/","url":"https:\/\/www.veltec.eu\/es\/product\/manguera-flexible-para-aspiradora-kirby-nl3160\/","name":"Manguera Flexible para Aspiradora Kirby 1-4 metros universal","isPartOf":{"@id":"https:\/\/www.veltec.eu\/en\/#website"},"primaryImageOfPage":{"@id":"https:\/\/www.veltec.eu\/es\/product\/manguera-flexible-para-aspiradora-kirby-nl3160\/#primaryimage"},"image":{"@id":"https:\/\/www.veltec.eu\/es\/product\/manguera-flexible-para-aspiradora-kirby-nl3160\/#primaryimage"},"thumbnailUrl":"https:\/\/www.veltec.eu\/wp-content\/uploads\/2018\/10\/IMG_6684.jpg","datePublished":"2018-10-26T11:09:22+00:00","dateModified":"2026-03-02T06:05:28+00:00","description":"Manguera Flexible para Aspiradora Kirby Extensible de 1 a 4 metros. De uso universal e ideal para escaleras, techos y lugares de dif\u00edcil acceso.","breadcrumb":{"@id":"https:\/\/www.veltec.eu\/es\/product\/manguera-flexible-para-aspiradora-kirby-nl3160\/#breadcrumb"},"inLanguage":"es","potentialAction":[{"@type":"ReadAction","target":["https:\/\/www.veltec.eu\/es\/product\/manguera-flexible-para-aspiradora-kirby-nl3160\/"]}]},{"@type":"ImageObject","inLanguage":"es","@id":"https:\/\/www.veltec.eu\/es\/product\/manguera-flexible-para-aspiradora-kirby-nl3160\/#primaryimage","url":"https:\/\/www.veltec.eu\/wp-content\/uploads\/2018\/10\/IMG_6684.jpg","contentUrl":"https:\/\/www.veltec.eu\/wp-content\/uploads\/2018\/10\/IMG_6684.jpg","width":500,"height":500},{"@type":"BreadcrumbList","@id":"https:\/\/www.veltec.eu\/es\/product\/manguera-flexible-para-aspiradora-kirby-nl3160\/#breadcrumb","itemListElement":[{"@type":"ListItem","position":1,"name":"Home","item":"https:\/\/www.veltec.eu\/es\/"},{"@type":"ListItem","position":2,"name":"Kirby Shop","item":"https:\/\/www.veltec.eu\/nl\/shop-page\/"},{"@type":"ListItem","position":3,"name":"Manguera Flexible para Aspiradora Kirby"}]},{"@type":"WebSite","@id":"https:\/\/www.veltec.eu\/en\/#website","url":"https:\/\/www.veltec.eu\/en\/","name":"Veltec Kirby specialist","description":"Kirby stofzuiger producten","publisher":{"@id":"https:\/\/www.veltec.eu\/en\/#organization"},"potentialAction":[{"@type":"SearchAction","target":{"@type":"EntryPoint","urlTemplate":"https:\/\/www.veltec.eu\/en\/?s={search_term_string}"},"query-input":{"@type":"PropertyValueSpecification","valueRequired":true,"valueName":"search_term_string"}}],"inLanguage":"es"},{"@type":"Organization","@id":"https:\/\/www.veltec.eu\/en\/#organization","name":"Veltec Kirby Specialist","url":"https:\/\/www.veltec.eu\/en\/","logo":{"@type":"ImageObject","inLanguage":"es","@id":"https:\/\/www.veltec.eu\/en\/#\/schema\/logo\/image\/","url":"https:\/\/www.veltec.eu\/wp-content\/uploads\/2021\/12\/Veltec-log-groot-e1537260889125.png","contentUrl":"https:\/\/www.veltec.eu\/wp-content\/uploads\/2021\/12\/Veltec-log-groot-e1537260889125.png","width":200,"height":60,"caption":"Veltec Kirby Specialist"},"image":{"@id":"https:\/\/www.veltec.eu\/en\/#\/schema\/logo\/image\/"},"sameAs":["https:\/\/www.facebook.com\/Veltec-Kirby-Specialist-236746293374877\/","https:\/\/www.youtube.com\/user\/VeltecService"]}]}},"_links":{"self":[{"href":"https:\/\/www.veltec.eu\/es\/wp-json\/wp\/v2\/product\/10752","targetHints":{"allow":["GET"]}}],"collection":[{"href":"https:\/\/www.veltec.eu\/es\/wp-json\/wp\/v2\/product"}],"about":[{"href":"https:\/\/www.veltec.eu\/es\/wp-json\/wp\/v2\/types\/product"}],"replies":[{"embeddable":true,"href":"https:\/\/www.veltec.eu\/es\/wp-json\/wp\/v2\/comments?post=10752"}],"wp:featuredmedia":[{"embeddable":true,"href":"https:\/\/www.veltec.eu\/es\/wp-json\/wp\/v2\/media\/66546"}],"wp:attachment":[{"href":"https:\/\/www.veltec.eu\/es\/wp-json\/wp\/v2\/media?parent=10752"}],"wp:term":[{"taxonomy":"product_brand","embeddable":true,"href":"https:\/\/www.veltec.eu\/es\/wp-json\/wp\/v2\/product_brand?post=10752"},{"taxonomy":"product_cat","embeddable":true,"href":"https:\/\/www.veltec.eu\/es\/wp-json\/wp\/v2\/product_cat?post=10752"},{"taxonomy":"product_tag","embeddable":true,"href":"https:\/\/www.veltec.eu\/es\/wp-json\/wp\/v2\/product_tag?post=10752"}],"curies":[{"name":"wp","href":"https:\/\/api.w.org\/{rel}","templated":true}]}}