{"id":10707,"date":"2018-10-26T13:16:39","date_gmt":"2018-10-26T11:16:39","guid":{"rendered":"https:\/\/www.veltec.eu\/kirby-webshop\/extremo-de-manguera-kirby-nl3048\/"},"modified":"2026-03-04T14:23:45","modified_gmt":"2026-03-04T12:23:45","slug":"extremo-de-manguera-kirby-nl3048","status":"publish","type":"product","link":"https:\/\/www.veltec.eu\/es\/product\/extremo-de-manguera-kirby-nl3048\/","title":{"rendered":"Extremo de Manguera Kirby"},"content":{"rendered":"<div class=\"flex max-w-full flex-col grow\">\n<div class=\"min-h-8 text-message relative flex w-full flex-col items-end gap-2 text-start break-words whitespace-normal [.text-message+&amp;]:mt-1\" dir=\"auto\" data-message-author-role=\"assistant\" data-message-id=\"c5e7b5f0-bab9-46f2-adea-58f7b1a10d50\" data-message-model-slug=\"gpt-5-2\">\n<div class=\"flex w-full flex-col gap-1 empty:hidden first:pt-[1px]\">\n<div class=\"markdown prose dark:prose-invert w-full wrap-break-word light markdown-new-styling\">\n<h1 data-start=\"0\" data-end=\"24\">Extremo de Manguera Kirby<\/h1>\n<p data-start=\"26\" data-end=\"324\">El extremo de manguera Kirby es una pieza de conexi\u00f3n esencial para fijar de forma segura los accesorios Kirby a la manguera de su aspiradora. Gracias a su ajuste universal y su construcci\u00f3n robusta, este extremo garantiza una conexi\u00f3n estable y herm\u00e9tica, as\u00ed como un rendimiento \u00f3ptimo de su aspiradora Kirby.<\/p>\n<h2 data-start=\"331\" data-end=\"395\">Manguera para una conexi\u00f3n firme de los accesorios<\/h2>\n<p data-start=\"397\" data-end=\"778\">En primer lugar, el extremo de la manguera Kirby permite acoplar diversos accesorios de forma r\u00e1pida y precisa. De este modo, se puede cambiar sin esfuerzo entre boquillas, cepillos y otros accesorios, sin perder potencia de succi\u00f3n. Adem\u00e1s, el ajuste preciso garantiza una conexi\u00f3n estable, de modo que los accesorios quedan bien sujetos durante un uso intensivo.<\/p>\n<p data-start=\"780\" data-end=\"1113\">Gracias al material duradero, el extremo final sigue siendo fiable durante mucho tiempo, incluso si se cambian los accesorios con frecuencia. De este modo, se evita el desgaste innecesario de la manguera o los acoplamientos. Eche un vistazo a nuestra gama de <a href=\"https:\/\/www.veltec.eu\/es\/accesorios-kirby-comprar\/\" target=\"_blank\" rel=\"noopener\">accesorios Kirby<\/a> para ampliar al m\u00e1ximo sus posibilidades de limpieza.<\/p>\n<p data-start=\"1115\" data-end=\"1264\">Encontrar\u00e1 m\u00e1s informaci\u00f3n t\u00e9cnica en nuestra p\u00e1gina del blog: <a href=\"https:\/\/www.servicio-de-aspiradoras-kirby.es\/manguera-aspiradora-kirby\/\" target=\"_blank\" rel=\"noopener\">Todo sobre la manguera de la aspiradora Kirby.<\/a><\/p>\n<h2 data-start=\"1271\" data-end=\"1326\">Manguera con extremo universal para todos los modelos<\/h2>\n<p data-start=\"1328\" data-end=\"1499\">El extremo de la manguera es universalmente compatible con cualquier aspiradora Kirby, lo que elimina los problemas de compatibilidad. El extremo encaja, entre otros, en:<\/p>\n<ul data-start=\"1501\" data-end=\"1742\">\n<li data-start=\"1501\" data-end=\"1520\">Avalir Platinum<\/li>\n<li data-start=\"1521\" data-end=\"1533\">Avalir 2<\/li>\n<li data-start=\"1534\" data-end=\"1546\">Avalir 1<\/li>\n<li data-start=\"1547\" data-end=\"1567\">Sentria 2 (G10D)<\/li>\n<li data-start=\"1568\" data-end=\"1587\">Sentria 1 (G10)<\/li>\n<li data-start=\"1588\" data-end=\"1629\">Ultimate G Diamond Edition (G7D \/ DE)<\/li>\n<li data-start=\"1630\" data-end=\"1654\">Ultimate G (G7 \/ UG)<\/li>\n<li data-start=\"1655\" data-end=\"1676\">Generation 6 (G6)<\/li>\n<li data-start=\"1677\" data-end=\"1698\">Generation 5 (G5)<\/li>\n<li data-start=\"1699\" data-end=\"1720\">Generation 4 (G4)<\/li>\n<li data-start=\"1721\" data-end=\"1742\">Generation 3 (G3)<\/li>\n<\/ul>\n<p data-start=\"1744\" data-end=\"1983\">Esto lo hace adecuado tanto para las generaciones m\u00e1s antiguas como para las m\u00e1s recientes de sistemas Kirby. Mientras que otras piezas pueden depender del modelo, este extremo de manguera universal ofrece la m\u00e1xima flexibilidad dentro de toda la gama Kirby.<\/p>\n<p data-start=\"1985\" data-end=\"2118\">Combine este producto con una nueva <a href=\"https:\/\/www.veltec.eu\/es\/manguera-accesorios-kirby\/\" target=\"_blank\" rel=\"noopener\">manguera para aspiradora Kirby<\/a> para obtener un rendimiento \u00f3ptimo.<\/p>\n<h2 data-start=\"2125\" data-end=\"2187\">Manguera con extremo giratorio de 360 grados<\/h2>\n<p data-start=\"2189\" data-end=\"2412\">Adem\u00e1s, el extremo de la manguera cuenta con una conexi\u00f3n flexible y giratoria de 360 grados. Esto permite que la manguera se mueva libremente durante la limpieza, al tiempo que se evitan eficazmente los pliegues o torceduras.<\/p>\n<p data-start=\"2414\" data-end=\"2652\">Esta funci\u00f3n giratoria resulta especialmente pr\u00e1ctica para limpiar escaleras, muebles y rincones de dif\u00edcil acceso. Adem\u00e1s, la suave rotaci\u00f3n reduce la tensi\u00f3n sobre la manguera, lo que prolonga la vida \u00fatil de los accesorios Kirby.<\/p>\n<p data-start=\"2654\" data-end=\"2832\">Para obtener instrucciones de montaje y explicaciones pr\u00e1cticas, vea el v\u00eddeo:<\/p>\n<div  class='avia-video av-kirbyvideo-7be79502974b0481fd5cf740e731c208 avia-video-16-9 av-no-preview-image avia-video-load-always av-lazyload-immediate av-lazyload-video-embed'  itemprop=\"video\" itemtype=\"https:\/\/schema.org\/VideoObject\"  data-original_url='https:\/\/youtu.be\/PsbmjyBy-Do'><script type='text\/html' class='av-video-tmpl'><div class='avia-iframe-wrap'><iframe loading=\"lazy\" title=\"Kirby vacuum Veltec - Replace the attachment parts\" width=\"1500\" height=\"844\" src=\"https:\/\/www.youtube.com\/embed\/PsbmjyBy-Do?feature=oembed&enablejsapi=1&origin=https:\/\/www.veltec.eu&autoplay=0&loop=0&controls=1&mute=0\" frameborder=\"0\" allow=\"accelerometer; autoplay; clipboard-write; encrypted-media; gyroscope; picture-in-picture; web-share\" referrerpolicy=\"strict-origin-when-cross-origin\" allowfullscreen><\/iframe><\/div><\/script><div class='av-click-to-play-overlay'><div class=\"avia_playpause_icon\"><\/div><\/div><\/div>\n<h2 data-start=\"2839\" data-end=\"2896\">Extremo de manguera como accesorio esencial Kirby<\/h2>\n<p data-start=\"2898\" data-end=\"3150\">El extremo de manguera Kirby es un accesorio de conexi\u00f3n indispensable dentro del sistema de mangueras Kirby. Gracias a su ajuste universal, su acoplamiento resistente y su dise\u00f1o giratorio, este extremo de manguera optimiza tanto la facilidad de uso como el rendimiento.<\/p>\n<p data-start=\"3152\" data-end=\"3422\" data-is-last-node=\"\" data-is-only-node=\"\">Cuando elige calidad original y conexiones fiables, invierte en durabilidad y eficiencia. De este modo, su aspiradora Kirby seguir\u00e1 funcionando tal y como fue dise\u00f1ada, mientras usted disfruta del m\u00e1ximo control y flexibilidad en cada tarea de limpieza.<\/p>\n<\/div>\n<\/div>\n<\/div>\n<\/div>\n","protected":false},"excerpt":{"rendered":"<p>El extremo de manguera Kirby garantiza una conexi\u00f3n firme y herm\u00e9tica de los accesorios Kirby. De ajuste universal y giratorio en 360 grados para una facilidad de uso \u00f3ptima.<\/p>\n[trustindex data-widget-id=48bbd87242952812953642309d4]\n<h3><span style=\"color: #008000;\"><br \/>\nEn stock<\/span><\/h3>\n[av_font_icon icon='ue812' font='entypo-fontello' style='' caption='' size='25px' position='left' color='#43ad66' link='' linktarget='' title_attr='' sonar_effect_effect='' sonar_effect_color='' sonar_effect_duration='1' sonar_effect_scale='' sonar_effect_opac='0.5' animation='' id='' custom_class='' template_class='' av_uid='' sc_version='1.0' admin_preview_bg=''][\/av_font_icon]\n<p><span style=\"color: #008000;\">Pedido antes de las 23:59, enviado ma\u00f1ana<\/span><\/p>\n<p>&nbsp;<\/p>\n","protected":false},"featured_media":8543,"comment_status":"open","ping_status":"closed","template":"","meta":{"_acf_changed":false},"product_brand":[],"product_cat":[322],"product_tag":[],"class_list":{"0":"post-10707","1":"product","2":"type-product","3":"status-publish","4":"has-post-thumbnail","6":"product_cat-manguera-accesorios-kirby","7":"product_shipping_class-klein-es","9":"first","10":"instock","11":"taxable","12":"shipping-taxable","13":"purchasable","14":"product-type-simple"},"acf":[],"yoast_head":"<!-- This site is optimized with the Yoast SEO Premium plugin v27.1 (Yoast SEO v27.4) - https:\/\/yoast.com\/product\/yoast-seo-premium-wordpress\/ -->\n<title>Extremo de Manguera Kirby \u2013 Conexi\u00f3n universal<\/title>\n<meta name=\"description\" content=\"Extremo de manguera Kirby para una conexi\u00f3n firme de los accesorios. Apta para todos los modelos Kirby y giratoria en 360\u00b0.\" \/>\n<meta name=\"robots\" content=\"index, follow, max-snippet:-1, max-image-preview:large, max-video-preview:-1\" \/>\n<link rel=\"canonical\" href=\"https:\/\/www.veltec.eu\/es\/product\/extremo-de-manguera-kirby-nl3048\/\" \/>\n<meta property=\"og:locale\" content=\"es_ES\" \/>\n<meta property=\"og:type\" content=\"article\" \/>\n<meta property=\"og:title\" content=\"Extremo de Manguera Kirby\" \/>\n<meta property=\"og:description\" content=\"El extremo de manguera Kirby garantiza una conexi\u00f3n firme y herm\u00e9tica de los accesorios Kirby. De ajuste universal y giratorio en 360 grados para una facilidad de uso \u00f3ptima.    En stock   Pedido antes de las 23:59, enviado ma\u00f1ana  &nbsp;\" \/>\n<meta property=\"og:url\" content=\"https:\/\/www.veltec.eu\/es\/product\/extremo-de-manguera-kirby-nl3048\/\" \/>\n<meta property=\"og:site_name\" content=\"Veltec Kirby specialist\" \/>\n<meta property=\"article:publisher\" content=\"https:\/\/www.facebook.com\/Veltec-Kirby-Specialist-236746293374877\/\" \/>\n<meta property=\"article:modified_time\" content=\"2026-03-04T12:23:45+00:00\" \/>\n<meta property=\"og:image\" content=\"https:\/\/www.veltec.eu\/wp-content\/uploads\/2018\/10\/kirby_eindstuk_slang.jpg\" \/>\n\t<meta property=\"og:image:width\" content=\"300\" \/>\n\t<meta property=\"og:image:height\" content=\"300\" \/>\n\t<meta property=\"og:image:type\" content=\"image\/jpeg\" \/>\n<meta name=\"twitter:card\" content=\"summary_large_image\" \/>\n<meta name=\"twitter:label1\" content=\"Tiempo de lectura\" \/>\n\t<meta name=\"twitter:data1\" content=\"3 minutos\" \/>\n<script type=\"application\/ld+json\" class=\"yoast-schema-graph\">{\"@context\":\"https:\\\/\\\/schema.org\",\"@graph\":[{\"@type\":\"WebPage\",\"@id\":\"https:\\\/\\\/www.veltec.eu\\\/es\\\/product\\\/extremo-de-manguera-kirby-nl3048\\\/\",\"url\":\"https:\\\/\\\/www.veltec.eu\\\/es\\\/product\\\/extremo-de-manguera-kirby-nl3048\\\/\",\"name\":\"Extremo de Manguera Kirby \u2013 Conexi\u00f3n universal\",\"isPartOf\":{\"@id\":\"https:\\\/\\\/www.veltec.eu\\\/en\\\/#website\"},\"primaryImageOfPage\":{\"@id\":\"https:\\\/\\\/www.veltec.eu\\\/es\\\/product\\\/extremo-de-manguera-kirby-nl3048\\\/#primaryimage\"},\"image\":{\"@id\":\"https:\\\/\\\/www.veltec.eu\\\/es\\\/product\\\/extremo-de-manguera-kirby-nl3048\\\/#primaryimage\"},\"thumbnailUrl\":\"https:\\\/\\\/www.veltec.eu\\\/wp-content\\\/uploads\\\/2018\\\/10\\\/kirby_eindstuk_slang.jpg\",\"datePublished\":\"2018-10-26T11:16:39+00:00\",\"dateModified\":\"2026-03-04T12:23:45+00:00\",\"description\":\"Extremo de manguera Kirby para una conexi\u00f3n firme de los accesorios. Apta para todos los modelos Kirby y giratoria en 360\u00b0.\",\"breadcrumb\":{\"@id\":\"https:\\\/\\\/www.veltec.eu\\\/es\\\/product\\\/extremo-de-manguera-kirby-nl3048\\\/#breadcrumb\"},\"inLanguage\":\"es\",\"potentialAction\":[{\"@type\":\"ReadAction\",\"target\":[\"https:\\\/\\\/www.veltec.eu\\\/es\\\/product\\\/extremo-de-manguera-kirby-nl3048\\\/\"]}]},{\"@type\":\"ImageObject\",\"inLanguage\":\"es\",\"@id\":\"https:\\\/\\\/www.veltec.eu\\\/es\\\/product\\\/extremo-de-manguera-kirby-nl3048\\\/#primaryimage\",\"url\":\"https:\\\/\\\/www.veltec.eu\\\/wp-content\\\/uploads\\\/2018\\\/10\\\/kirby_eindstuk_slang.jpg\",\"contentUrl\":\"https:\\\/\\\/www.veltec.eu\\\/wp-content\\\/uploads\\\/2018\\\/10\\\/kirby_eindstuk_slang.jpg\",\"width\":300,\"height\":300,\"caption\":\"Extremo de Manguera Kirby\"},{\"@type\":\"BreadcrumbList\",\"@id\":\"https:\\\/\\\/www.veltec.eu\\\/es\\\/product\\\/extremo-de-manguera-kirby-nl3048\\\/#breadcrumb\",\"itemListElement\":[{\"@type\":\"ListItem\",\"position\":1,\"name\":\"Home\",\"item\":\"https:\\\/\\\/www.veltec.eu\\\/es\\\/\"},{\"@type\":\"ListItem\",\"position\":2,\"name\":\"Kirby Shop\",\"item\":\"https:\\\/\\\/www.veltec.eu\\\/nl\\\/shop-page\\\/\"},{\"@type\":\"ListItem\",\"position\":3,\"name\":\"Extremo de Manguera Kirby\"}]},{\"@type\":\"WebSite\",\"@id\":\"https:\\\/\\\/www.veltec.eu\\\/en\\\/#website\",\"url\":\"https:\\\/\\\/www.veltec.eu\\\/en\\\/\",\"name\":\"Veltec Kirby specialist\",\"description\":\"Kirby stofzuiger producten\",\"publisher\":{\"@id\":\"https:\\\/\\\/www.veltec.eu\\\/en\\\/#organization\"},\"potentialAction\":[{\"@type\":\"SearchAction\",\"target\":{\"@type\":\"EntryPoint\",\"urlTemplate\":\"https:\\\/\\\/www.veltec.eu\\\/en\\\/?s={search_term_string}\"},\"query-input\":{\"@type\":\"PropertyValueSpecification\",\"valueRequired\":true,\"valueName\":\"search_term_string\"}}],\"inLanguage\":\"es\"},{\"@type\":\"Organization\",\"@id\":\"https:\\\/\\\/www.veltec.eu\\\/en\\\/#organization\",\"name\":\"Veltec Kirby Specialist\",\"url\":\"https:\\\/\\\/www.veltec.eu\\\/en\\\/\",\"logo\":{\"@type\":\"ImageObject\",\"inLanguage\":\"es\",\"@id\":\"https:\\\/\\\/www.veltec.eu\\\/en\\\/#\\\/schema\\\/logo\\\/image\\\/\",\"url\":\"https:\\\/\\\/www.veltec.eu\\\/wp-content\\\/uploads\\\/2021\\\/12\\\/Veltec-log-groot-e1537260889125.png\",\"contentUrl\":\"https:\\\/\\\/www.veltec.eu\\\/wp-content\\\/uploads\\\/2021\\\/12\\\/Veltec-log-groot-e1537260889125.png\",\"width\":200,\"height\":60,\"caption\":\"Veltec Kirby Specialist\"},\"image\":{\"@id\":\"https:\\\/\\\/www.veltec.eu\\\/en\\\/#\\\/schema\\\/logo\\\/image\\\/\"},\"sameAs\":[\"https:\\\/\\\/www.facebook.com\\\/Veltec-Kirby-Specialist-236746293374877\\\/\",\"https:\\\/\\\/www.youtube.com\\\/user\\\/VeltecService\"]}]}<\/script>\n<!-- \/ Yoast SEO Premium plugin. -->","yoast_head_json":{"title":"Extremo de Manguera Kirby \u2013 Conexi\u00f3n universal","description":"Extremo de manguera Kirby para una conexi\u00f3n firme de los accesorios. Apta para todos los modelos Kirby y giratoria en 360\u00b0.","robots":{"index":"index","follow":"follow","max-snippet":"max-snippet:-1","max-image-preview":"max-image-preview:large","max-video-preview":"max-video-preview:-1"},"canonical":"https:\/\/www.veltec.eu\/es\/product\/extremo-de-manguera-kirby-nl3048\/","og_locale":"es_ES","og_type":"article","og_title":"Extremo de Manguera Kirby","og_description":"El extremo de manguera Kirby garantiza una conexi\u00f3n firme y herm\u00e9tica de los accesorios Kirby. De ajuste universal y giratorio en 360 grados para una facilidad de uso \u00f3ptima.    En stock   Pedido antes de las 23:59, enviado ma\u00f1ana  &nbsp;","og_url":"https:\/\/www.veltec.eu\/es\/product\/extremo-de-manguera-kirby-nl3048\/","og_site_name":"Veltec Kirby specialist","article_publisher":"https:\/\/www.facebook.com\/Veltec-Kirby-Specialist-236746293374877\/","article_modified_time":"2026-03-04T12:23:45+00:00","og_image":[{"width":300,"height":300,"url":"https:\/\/www.veltec.eu\/wp-content\/uploads\/2018\/10\/kirby_eindstuk_slang.jpg","type":"image\/jpeg"}],"twitter_card":"summary_large_image","twitter_misc":{"Tiempo de lectura":"3 minutos"},"schema":{"@context":"https:\/\/schema.org","@graph":[{"@type":"WebPage","@id":"https:\/\/www.veltec.eu\/es\/product\/extremo-de-manguera-kirby-nl3048\/","url":"https:\/\/www.veltec.eu\/es\/product\/extremo-de-manguera-kirby-nl3048\/","name":"Extremo de Manguera Kirby \u2013 Conexi\u00f3n universal","isPartOf":{"@id":"https:\/\/www.veltec.eu\/en\/#website"},"primaryImageOfPage":{"@id":"https:\/\/www.veltec.eu\/es\/product\/extremo-de-manguera-kirby-nl3048\/#primaryimage"},"image":{"@id":"https:\/\/www.veltec.eu\/es\/product\/extremo-de-manguera-kirby-nl3048\/#primaryimage"},"thumbnailUrl":"https:\/\/www.veltec.eu\/wp-content\/uploads\/2018\/10\/kirby_eindstuk_slang.jpg","datePublished":"2018-10-26T11:16:39+00:00","dateModified":"2026-03-04T12:23:45+00:00","description":"Extremo de manguera Kirby para una conexi\u00f3n firme de los accesorios. Apta para todos los modelos Kirby y giratoria en 360\u00b0.","breadcrumb":{"@id":"https:\/\/www.veltec.eu\/es\/product\/extremo-de-manguera-kirby-nl3048\/#breadcrumb"},"inLanguage":"es","potentialAction":[{"@type":"ReadAction","target":["https:\/\/www.veltec.eu\/es\/product\/extremo-de-manguera-kirby-nl3048\/"]}]},{"@type":"ImageObject","inLanguage":"es","@id":"https:\/\/www.veltec.eu\/es\/product\/extremo-de-manguera-kirby-nl3048\/#primaryimage","url":"https:\/\/www.veltec.eu\/wp-content\/uploads\/2018\/10\/kirby_eindstuk_slang.jpg","contentUrl":"https:\/\/www.veltec.eu\/wp-content\/uploads\/2018\/10\/kirby_eindstuk_slang.jpg","width":300,"height":300,"caption":"Extremo de Manguera Kirby"},{"@type":"BreadcrumbList","@id":"https:\/\/www.veltec.eu\/es\/product\/extremo-de-manguera-kirby-nl3048\/#breadcrumb","itemListElement":[{"@type":"ListItem","position":1,"name":"Home","item":"https:\/\/www.veltec.eu\/es\/"},{"@type":"ListItem","position":2,"name":"Kirby Shop","item":"https:\/\/www.veltec.eu\/nl\/shop-page\/"},{"@type":"ListItem","position":3,"name":"Extremo de Manguera Kirby"}]},{"@type":"WebSite","@id":"https:\/\/www.veltec.eu\/en\/#website","url":"https:\/\/www.veltec.eu\/en\/","name":"Veltec Kirby specialist","description":"Kirby stofzuiger producten","publisher":{"@id":"https:\/\/www.veltec.eu\/en\/#organization"},"potentialAction":[{"@type":"SearchAction","target":{"@type":"EntryPoint","urlTemplate":"https:\/\/www.veltec.eu\/en\/?s={search_term_string}"},"query-input":{"@type":"PropertyValueSpecification","valueRequired":true,"valueName":"search_term_string"}}],"inLanguage":"es"},{"@type":"Organization","@id":"https:\/\/www.veltec.eu\/en\/#organization","name":"Veltec Kirby Specialist","url":"https:\/\/www.veltec.eu\/en\/","logo":{"@type":"ImageObject","inLanguage":"es","@id":"https:\/\/www.veltec.eu\/en\/#\/schema\/logo\/image\/","url":"https:\/\/www.veltec.eu\/wp-content\/uploads\/2021\/12\/Veltec-log-groot-e1537260889125.png","contentUrl":"https:\/\/www.veltec.eu\/wp-content\/uploads\/2021\/12\/Veltec-log-groot-e1537260889125.png","width":200,"height":60,"caption":"Veltec Kirby Specialist"},"image":{"@id":"https:\/\/www.veltec.eu\/en\/#\/schema\/logo\/image\/"},"sameAs":["https:\/\/www.facebook.com\/Veltec-Kirby-Specialist-236746293374877\/","https:\/\/www.youtube.com\/user\/VeltecService"]}]}},"_links":{"self":[{"href":"https:\/\/www.veltec.eu\/es\/wp-json\/wp\/v2\/product\/10707","targetHints":{"allow":["GET"]}}],"collection":[{"href":"https:\/\/www.veltec.eu\/es\/wp-json\/wp\/v2\/product"}],"about":[{"href":"https:\/\/www.veltec.eu\/es\/wp-json\/wp\/v2\/types\/product"}],"replies":[{"embeddable":true,"href":"https:\/\/www.veltec.eu\/es\/wp-json\/wp\/v2\/comments?post=10707"}],"wp:featuredmedia":[{"embeddable":true,"href":"https:\/\/www.veltec.eu\/es\/wp-json\/wp\/v2\/media\/8543"}],"wp:attachment":[{"href":"https:\/\/www.veltec.eu\/es\/wp-json\/wp\/v2\/media?parent=10707"}],"wp:term":[{"taxonomy":"product_brand","embeddable":true,"href":"https:\/\/www.veltec.eu\/es\/wp-json\/wp\/v2\/product_brand?post=10707"},{"taxonomy":"product_cat","embeddable":true,"href":"https:\/\/www.veltec.eu\/es\/wp-json\/wp\/v2\/product_cat?post=10707"},{"taxonomy":"product_tag","embeddable":true,"href":"https:\/\/www.veltec.eu\/es\/wp-json\/wp\/v2\/product_tag?post=10707"}],"curies":[{"name":"wp","href":"https:\/\/api.w.org\/{rel}","templated":true}]}}