{"id":10702,"date":"2018-10-26T13:20:43","date_gmt":"2018-10-26T11:20:43","guid":{"rendered":"https:\/\/www.veltec.eu\/kirby-webshop\/manguera-sin-piezas-de-union-kirby-2-metros-nl3103\/"},"modified":"2026-03-02T14:42:54","modified_gmt":"2026-03-02T12:42:54","slug":"manguera-sin-piezas-de-union-kirby-2-metros-nl3103","status":"publish","type":"product","link":"https:\/\/www.veltec.eu\/es\/product\/manguera-sin-piezas-de-union-kirby-2-metros-nl3103\/","title":{"rendered":"Manguera sin Piezas de Uni\u00f3n Kirby 2 Metros"},"content":{"rendered":"<div class=\"text-base my-auto mx-auto [--thread-content-margin:--spacing(4)] @w-sm\/main:[--thread-content-margin:--spacing(6)] @w-lg\/main:[--thread-content-margin:--spacing(16)] px-(--thread-content-margin)\">\n<div class=\"[--thread-content-max-width:40rem] @w-lg\/main:[--thread-content-max-width:48rem] mx-auto max-w-(--thread-content-max-width) flex-1 group\/turn-messages focus-visible:outline-hidden relative flex w-full min-w-0 flex-col agent-turn\" tabindex=\"-1\">\n<div class=\"flex max-w-full flex-col grow\">\n<div class=\"min-h-8 text-message relative flex w-full flex-col items-end gap-2 text-start break-words whitespace-normal [.text-message+&amp;]:mt-1\" dir=\"auto\" data-message-author-role=\"assistant\" data-message-id=\"a4882257-4ae7-4448-ac8d-ce2663b350f3\" data-message-model-slug=\"gpt-5-2\">\n<div class=\"flex w-full flex-col gap-1 empty:hidden first:pt-[1px]\">\n<div class=\"markdown prose dark:prose-invert w-full wrap-break-word light markdown-new-styling\">\n<h1 data-start=\"0\" data-end=\"39\">Manguera sin Piezas de Uni\u00f3n Kirby 2 Metros<\/h1>\n<p data-start=\"40\" data-end=\"281\">La Manguera sin Piezas de Uni\u00f3n Kirby 2 Metros es una pr\u00e1ctica manguera de repuesto de 2 metros con la que podr\u00e1 renovar f\u00e1cilmente su manguera desgastada. De este modo, podr\u00e1 reutilizar los conectores existentes y su aspiradora Kirby seguir\u00e1 funcionando de forma \u00f3ptima.<\/p>\n<h2 data-start=\"283\" data-end=\"345\">\u00bfPor qu\u00e9 elegir la manguera Kirby sin conectores?<\/h2>\n<p data-start=\"346\" data-end=\"710\">La manguera Kirby sin conectores ofrece una soluci\u00f3n inteligente cuando su manguera actual est\u00e1 desgastada. Adem\u00e1s, gracias a este recambio, no es necesario comprar el juego de mangueras completo. De este modo, ahorrar\u00e1 dinero y conservar\u00e1 los conectores originales. Adem\u00e1s, su s\u00f3lida construcci\u00f3n garantiza que se mantenga la potencia de succi\u00f3n de su Kirby.<\/p>\n<p>\u00bfBusca piezas adicionales? Eche un vistazo a nuestra p\u00e1gina interna con <a href=\"https:\/\/www.veltec.eu\/es\/manguera-accesorios-kirby\/\" target=\"_blank\" rel=\"noopener\">mangueras y accesorios Kirby<\/a>. Para obtener una explicaci\u00f3n detallada, lea tambi\u00e9n el blog <a href=\"https:\/\/www.servicio-de-aspiradoras-kirby.es\/manguera-aspiradora-kirby\/\" target=\"_blank\" rel=\"noopener\">Todo sobre la manguera de la aspiradora Kirby.<\/a><\/p>\n<h2 data-start=\"998\" data-end=\"1060\">manguera Kirby sin piezas de uni\u00f3n de 2 m, f\u00e1cil de montar<\/h2>\n<p data-start=\"1061\" data-end=\"1400\">La manguera Kirby sin conectores est\u00e1 especialmente dise\u00f1ada para un montaje r\u00e1pido. Esto le permite transferir f\u00e1cilmente los conectores antiguos a la nueva manguera. Primero, caliente los extremos con agua caliente; a continuaci\u00f3n, retire los conectores antiguos sin esfuerzo. Despu\u00e9s, col\u00f3quelos firmemente en la nueva manguera para obtener una conexi\u00f3n perfecta.<\/p>\n<p data-start=\"1402\" data-end=\"1646\">Para obtener ayuda adicional, vea el v\u00eddeo:<\/p>\n<div  class='avia-video av-kirbyvideo-7be79502974b0481fd5cf740e731c208 avia-video-16-9 av-no-preview-image avia-video-load-always av-lazyload-immediate av-lazyload-video-embed'  itemprop=\"video\" itemtype=\"https:\/\/schema.org\/VideoObject\"  data-original_url='https:\/\/youtu.be\/PsbmjyBy-Do'><script type='text\/html' class='av-video-tmpl'><div class='avia-iframe-wrap'><iframe loading=\"lazy\" title=\"Kirby vacuum Veltec - Replace the attachment parts\" width=\"1500\" height=\"844\" src=\"https:\/\/www.youtube.com\/embed\/PsbmjyBy-Do?feature=oembed&enablejsapi=1&origin=https:\/\/www.veltec.eu&autoplay=0&loop=0&controls=1&mute=0\" frameborder=\"0\" allow=\"accelerometer; autoplay; clipboard-write; encrypted-media; gyroscope; picture-in-picture; web-share\" referrerpolicy=\"strict-origin-when-cross-origin\" allowfullscreen><\/iframe><\/div><\/script><div class='av-click-to-play-overlay'><div class=\"avia_playpause_icon\"><\/div><\/div><\/div>\n<p data-start=\"1402\" data-end=\"1646\">De este modo, podr\u00e1 realizar la instalaci\u00f3n de forma r\u00e1pida y correcta.<\/p>\n<h2 data-start=\"1648\" data-end=\"1686\">Apto para cualquier aspiradora Kirby.<\/h2>\n<p data-start=\"1687\" data-end=\"1817\">La manguera sin conectores se adapta a casi todos los modelos Kirby. Esto le garantiza una amplia compatibilidad.<\/p>\n<h3 data-start=\"1819\" data-end=\"1876\">Compatibilidad de mangueras sin conectores<\/h3>\n<p data-start=\"1877\" data-end=\"1906\">Adecuado para, entre otros:<\/p>\n<ul data-start=\"1907\" data-end=\"2142\">\n<li data-start=\"1907\" data-end=\"1926\">Avalir Platinum<\/li>\n<li data-start=\"1927\" data-end=\"1939\">Avalir 2<\/li>\n<li data-start=\"1940\" data-end=\"1952\">Avalir 1<\/li>\n<li data-start=\"1953\" data-end=\"1973\">Sentria 2 (G10D)<\/li>\n<li data-start=\"1974\" data-end=\"1993\">Sentria 1 (G10)<\/li>\n<li data-start=\"1994\" data-end=\"2033\">Ultimate G Diamond Edition (G7D\/DE)<\/li>\n<li data-start=\"2034\" data-end=\"2056\">Ultimate G (G7\/UG)<\/li>\n<li data-start=\"2057\" data-end=\"2078\">Generation 6 (G6)<\/li>\n<li data-start=\"2079\" data-end=\"2100\">Generation 5 (G5)<\/li>\n<li data-start=\"2101\" data-end=\"2122\">Generation 4 (G4)<\/li>\n<li data-start=\"2123\" data-end=\"2142\">Generation 3 (G3)<\/li>\n<\/ul>\n<h2 data-start=\"2144\" data-end=\"2210\">Calidad duradera de la manguera Kirby sin piezas de uni\u00f3n de 2 metros<\/h2>\n<p data-start=\"2211\" data-end=\"2516\">La manguera Kirby sin conectores est\u00e1 fabricada con materiales resistentes al desgaste. Esto hace que la manguera siga siendo flexible y resistente durante un uso prolongado. Adem\u00e1s, la estructura resistente de la pared evita la p\u00e9rdida de aire, por lo que se mantiene la potencia de succi\u00f3n. De este modo, su aspiradora Kirby volver\u00e1 a funcionar como es debido.<\/p>\n<h2 data-start=\"2518\" data-end=\"2560\">Ajuste perfecto y m\u00e1ximo rendimiento<\/h2>\n<p data-start=\"2561\" data-end=\"2850\">Dado que la manguera Kirby sin conectores es una pieza original, encaja perfectamente en sus conectores actuales. De este modo, se evitan fugas o una reducci\u00f3n de la potencia de succi\u00f3n. Adem\u00e1s, gracias a su longitud de 2 metros, la libertad de movimiento sigue siendo \u00f3ptima durante la limpieza.<\/p>\n<p data-start=\"2852\" data-end=\"3043\" data-is-last-node=\"\" data-is-only-node=\"\">La manguera Kirby sin piezas de uni\u00f3n de 2 m es una manguera de repuesto econ\u00f3mica, duradera y f\u00e1cil de instalar que devolver\u00e1 su aspiradora Kirby a su estado \u00f3ptimo.<\/p>\n<\/div>\n<\/div>\n<\/div>\n<\/div>\n<\/div>\n<\/div>\n","protected":false},"excerpt":{"rendered":"<p>La manguera Kirby sin conectores de 2 metros es una manguera de repuesto duradera que le permite reutilizar f\u00e1cilmente sus conectores existentes. De este modo, ahorrar\u00e1 dinero y su aspiradora Kirby seguir\u00e1 funcionando de manera \u00f3ptima.<\/p>\n[trustindex data-widget-id=48bbd87242952812953642309d4]\n<h3><span style=\"color: #008080;\"><br \/>\nEn stock<\/span><\/h3>\n[av_font_icon icon='ue812' font='entypo-fontello' style='' caption='' size='25px' position='left' color='#43ad66' link='' linktarget='' title_attr='' sonar_effect_effect='' sonar_effect_color='' sonar_effect_duration='1' sonar_effect_scale='' sonar_effect_opac='0.5' animation='' id='' custom_class='' template_class='' av_uid='' sc_version='1.0' admin_preview_bg=''][\/av_font_icon]\n<p><span style=\"color: #008080;\">Pedido antes de las 23:59, enviado ma\u00f1ana<\/span><\/p>\n<p>&nbsp;<\/p>\n","protected":false},"featured_media":8551,"comment_status":"open","ping_status":"closed","template":"","meta":{"_acf_changed":false},"product_brand":[],"product_cat":[322],"product_tag":[],"class_list":{"0":"post-10702","1":"product","2":"type-product","3":"status-publish","4":"has-post-thumbnail","6":"product_cat-manguera-accesorios-kirby","7":"product_shipping_class-klein-es","9":"first","10":"instock","11":"taxable","12":"shipping-taxable","13":"purchasable","14":"product-type-simple"},"acf":[],"yoast_head":"<!-- This site is optimized with the Yoast SEO Premium plugin v27.1 (Yoast SEO v27.4) - https:\/\/yoast.com\/product\/yoast-seo-premium-wordpress\/ -->\n<title>Manguera sin Piezas de Uni\u00f3n Kirby 2 Metros | Originales<\/title>\n<meta name=\"description\" content=\"Reemplace f\u00e1cilmente su vieja Manguera sin Piezas de Uni\u00f3n Kirby 2 Metros, reutilice los conectores existentes y mantenga as\u00ed la m\u00e1xima potencia de succi\u00f3n.\" \/>\n<meta name=\"robots\" content=\"index, follow, max-snippet:-1, max-image-preview:large, max-video-preview:-1\" \/>\n<link rel=\"canonical\" href=\"https:\/\/www.veltec.eu\/es\/product\/manguera-sin-piezas-de-union-kirby-2-metros-nl3103\/\" \/>\n<meta property=\"og:locale\" content=\"es_ES\" \/>\n<meta property=\"og:type\" content=\"article\" \/>\n<meta property=\"og:title\" content=\"Manguera sin Piezas de Uni\u00f3n Kirby 2 Metros\" \/>\n<meta property=\"og:description\" content=\"La manguera Kirby sin conectores de 2 metros es una manguera de repuesto duradera que le permite reutilizar f\u00e1cilmente sus conectores existentes. De este modo, ahorrar\u00e1 dinero y su aspiradora Kirby seguir\u00e1 funcionando de manera \u00f3ptima.    En stock   Pedido antes de las 23:59, enviado ma\u00f1ana  &nbsp;\" \/>\n<meta property=\"og:url\" content=\"https:\/\/www.veltec.eu\/es\/product\/manguera-sin-piezas-de-union-kirby-2-metros-nl3103\/\" \/>\n<meta property=\"og:site_name\" content=\"Veltec Kirby specialist\" \/>\n<meta property=\"article:publisher\" content=\"https:\/\/www.facebook.com\/Veltec-Kirby-Specialist-236746293374877\/\" \/>\n<meta property=\"article:modified_time\" content=\"2026-03-02T12:42:54+00:00\" \/>\n<meta property=\"og:image\" content=\"https:\/\/www.veltec.eu\/wp-content\/uploads\/2018\/10\/kirby_slang.jpg\" \/>\n\t<meta property=\"og:image:width\" content=\"300\" \/>\n\t<meta property=\"og:image:height\" content=\"300\" \/>\n\t<meta property=\"og:image:type\" content=\"image\/jpeg\" \/>\n<meta name=\"twitter:card\" content=\"summary_large_image\" \/>\n<meta name=\"twitter:label1\" content=\"Tiempo de lectura\" \/>\n\t<meta name=\"twitter:data1\" content=\"3 minutos\" \/>\n<script type=\"application\/ld+json\" class=\"yoast-schema-graph\">{\"@context\":\"https:\\\/\\\/schema.org\",\"@graph\":[{\"@type\":\"WebPage\",\"@id\":\"https:\\\/\\\/www.veltec.eu\\\/es\\\/product\\\/manguera-sin-piezas-de-union-kirby-2-metros-nl3103\\\/\",\"url\":\"https:\\\/\\\/www.veltec.eu\\\/es\\\/product\\\/manguera-sin-piezas-de-union-kirby-2-metros-nl3103\\\/\",\"name\":\"Manguera sin Piezas de Uni\u00f3n Kirby 2 Metros | Originales\",\"isPartOf\":{\"@id\":\"https:\\\/\\\/www.veltec.eu\\\/en\\\/#website\"},\"primaryImageOfPage\":{\"@id\":\"https:\\\/\\\/www.veltec.eu\\\/es\\\/product\\\/manguera-sin-piezas-de-union-kirby-2-metros-nl3103\\\/#primaryimage\"},\"image\":{\"@id\":\"https:\\\/\\\/www.veltec.eu\\\/es\\\/product\\\/manguera-sin-piezas-de-union-kirby-2-metros-nl3103\\\/#primaryimage\"},\"thumbnailUrl\":\"https:\\\/\\\/www.veltec.eu\\\/wp-content\\\/uploads\\\/2018\\\/10\\\/kirby_slang.jpg\",\"datePublished\":\"2018-10-26T11:20:43+00:00\",\"dateModified\":\"2026-03-02T12:42:54+00:00\",\"description\":\"Reemplace f\u00e1cilmente su vieja Manguera sin Piezas de Uni\u00f3n Kirby 2 Metros, reutilice los conectores existentes y mantenga as\u00ed la m\u00e1xima potencia de succi\u00f3n.\",\"breadcrumb\":{\"@id\":\"https:\\\/\\\/www.veltec.eu\\\/es\\\/product\\\/manguera-sin-piezas-de-union-kirby-2-metros-nl3103\\\/#breadcrumb\"},\"inLanguage\":\"es\",\"potentialAction\":[{\"@type\":\"ReadAction\",\"target\":[\"https:\\\/\\\/www.veltec.eu\\\/es\\\/product\\\/manguera-sin-piezas-de-union-kirby-2-metros-nl3103\\\/\"]}]},{\"@type\":\"ImageObject\",\"inLanguage\":\"es\",\"@id\":\"https:\\\/\\\/www.veltec.eu\\\/es\\\/product\\\/manguera-sin-piezas-de-union-kirby-2-metros-nl3103\\\/#primaryimage\",\"url\":\"https:\\\/\\\/www.veltec.eu\\\/wp-content\\\/uploads\\\/2018\\\/10\\\/kirby_slang.jpg\",\"contentUrl\":\"https:\\\/\\\/www.veltec.eu\\\/wp-content\\\/uploads\\\/2018\\\/10\\\/kirby_slang.jpg\",\"width\":300,\"height\":300,\"caption\":\"Manguera sin Piezas de Uni\u00f3n Kirby 4 Metros\"},{\"@type\":\"BreadcrumbList\",\"@id\":\"https:\\\/\\\/www.veltec.eu\\\/es\\\/product\\\/manguera-sin-piezas-de-union-kirby-2-metros-nl3103\\\/#breadcrumb\",\"itemListElement\":[{\"@type\":\"ListItem\",\"position\":1,\"name\":\"Home\",\"item\":\"https:\\\/\\\/www.veltec.eu\\\/es\\\/\"},{\"@type\":\"ListItem\",\"position\":2,\"name\":\"Kirby Shop\",\"item\":\"https:\\\/\\\/www.veltec.eu\\\/nl\\\/shop-page\\\/\"},{\"@type\":\"ListItem\",\"position\":3,\"name\":\"Manguera sin Piezas de Uni\u00f3n Kirby 2 Metros\"}]},{\"@type\":\"WebSite\",\"@id\":\"https:\\\/\\\/www.veltec.eu\\\/en\\\/#website\",\"url\":\"https:\\\/\\\/www.veltec.eu\\\/en\\\/\",\"name\":\"Veltec Kirby specialist\",\"description\":\"Kirby stofzuiger producten\",\"publisher\":{\"@id\":\"https:\\\/\\\/www.veltec.eu\\\/en\\\/#organization\"},\"potentialAction\":[{\"@type\":\"SearchAction\",\"target\":{\"@type\":\"EntryPoint\",\"urlTemplate\":\"https:\\\/\\\/www.veltec.eu\\\/en\\\/?s={search_term_string}\"},\"query-input\":{\"@type\":\"PropertyValueSpecification\",\"valueRequired\":true,\"valueName\":\"search_term_string\"}}],\"inLanguage\":\"es\"},{\"@type\":\"Organization\",\"@id\":\"https:\\\/\\\/www.veltec.eu\\\/en\\\/#organization\",\"name\":\"Veltec Kirby Specialist\",\"url\":\"https:\\\/\\\/www.veltec.eu\\\/en\\\/\",\"logo\":{\"@type\":\"ImageObject\",\"inLanguage\":\"es\",\"@id\":\"https:\\\/\\\/www.veltec.eu\\\/en\\\/#\\\/schema\\\/logo\\\/image\\\/\",\"url\":\"https:\\\/\\\/www.veltec.eu\\\/wp-content\\\/uploads\\\/2021\\\/12\\\/Veltec-log-groot-e1537260889125.png\",\"contentUrl\":\"https:\\\/\\\/www.veltec.eu\\\/wp-content\\\/uploads\\\/2021\\\/12\\\/Veltec-log-groot-e1537260889125.png\",\"width\":200,\"height\":60,\"caption\":\"Veltec Kirby Specialist\"},\"image\":{\"@id\":\"https:\\\/\\\/www.veltec.eu\\\/en\\\/#\\\/schema\\\/logo\\\/image\\\/\"},\"sameAs\":[\"https:\\\/\\\/www.facebook.com\\\/Veltec-Kirby-Specialist-236746293374877\\\/\",\"https:\\\/\\\/www.youtube.com\\\/user\\\/VeltecService\"]}]}<\/script>\n<!-- \/ Yoast SEO Premium plugin. -->","yoast_head_json":{"title":"Manguera sin Piezas de Uni\u00f3n Kirby 2 Metros | Originales","description":"Reemplace f\u00e1cilmente su vieja Manguera sin Piezas de Uni\u00f3n Kirby 2 Metros, reutilice los conectores existentes y mantenga as\u00ed la m\u00e1xima potencia de succi\u00f3n.","robots":{"index":"index","follow":"follow","max-snippet":"max-snippet:-1","max-image-preview":"max-image-preview:large","max-video-preview":"max-video-preview:-1"},"canonical":"https:\/\/www.veltec.eu\/es\/product\/manguera-sin-piezas-de-union-kirby-2-metros-nl3103\/","og_locale":"es_ES","og_type":"article","og_title":"Manguera sin Piezas de Uni\u00f3n Kirby 2 Metros","og_description":"La manguera Kirby sin conectores de 2 metros es una manguera de repuesto duradera que le permite reutilizar f\u00e1cilmente sus conectores existentes. De este modo, ahorrar\u00e1 dinero y su aspiradora Kirby seguir\u00e1 funcionando de manera \u00f3ptima.    En stock   Pedido antes de las 23:59, enviado ma\u00f1ana  &nbsp;","og_url":"https:\/\/www.veltec.eu\/es\/product\/manguera-sin-piezas-de-union-kirby-2-metros-nl3103\/","og_site_name":"Veltec Kirby specialist","article_publisher":"https:\/\/www.facebook.com\/Veltec-Kirby-Specialist-236746293374877\/","article_modified_time":"2026-03-02T12:42:54+00:00","og_image":[{"width":300,"height":300,"url":"https:\/\/www.veltec.eu\/wp-content\/uploads\/2018\/10\/kirby_slang.jpg","type":"image\/jpeg"}],"twitter_card":"summary_large_image","twitter_misc":{"Tiempo de lectura":"3 minutos"},"schema":{"@context":"https:\/\/schema.org","@graph":[{"@type":"WebPage","@id":"https:\/\/www.veltec.eu\/es\/product\/manguera-sin-piezas-de-union-kirby-2-metros-nl3103\/","url":"https:\/\/www.veltec.eu\/es\/product\/manguera-sin-piezas-de-union-kirby-2-metros-nl3103\/","name":"Manguera sin Piezas de Uni\u00f3n Kirby 2 Metros | Originales","isPartOf":{"@id":"https:\/\/www.veltec.eu\/en\/#website"},"primaryImageOfPage":{"@id":"https:\/\/www.veltec.eu\/es\/product\/manguera-sin-piezas-de-union-kirby-2-metros-nl3103\/#primaryimage"},"image":{"@id":"https:\/\/www.veltec.eu\/es\/product\/manguera-sin-piezas-de-union-kirby-2-metros-nl3103\/#primaryimage"},"thumbnailUrl":"https:\/\/www.veltec.eu\/wp-content\/uploads\/2018\/10\/kirby_slang.jpg","datePublished":"2018-10-26T11:20:43+00:00","dateModified":"2026-03-02T12:42:54+00:00","description":"Reemplace f\u00e1cilmente su vieja Manguera sin Piezas de Uni\u00f3n Kirby 2 Metros, reutilice los conectores existentes y mantenga as\u00ed la m\u00e1xima potencia de succi\u00f3n.","breadcrumb":{"@id":"https:\/\/www.veltec.eu\/es\/product\/manguera-sin-piezas-de-union-kirby-2-metros-nl3103\/#breadcrumb"},"inLanguage":"es","potentialAction":[{"@type":"ReadAction","target":["https:\/\/www.veltec.eu\/es\/product\/manguera-sin-piezas-de-union-kirby-2-metros-nl3103\/"]}]},{"@type":"ImageObject","inLanguage":"es","@id":"https:\/\/www.veltec.eu\/es\/product\/manguera-sin-piezas-de-union-kirby-2-metros-nl3103\/#primaryimage","url":"https:\/\/www.veltec.eu\/wp-content\/uploads\/2018\/10\/kirby_slang.jpg","contentUrl":"https:\/\/www.veltec.eu\/wp-content\/uploads\/2018\/10\/kirby_slang.jpg","width":300,"height":300,"caption":"Manguera sin Piezas de Uni\u00f3n Kirby 4 Metros"},{"@type":"BreadcrumbList","@id":"https:\/\/www.veltec.eu\/es\/product\/manguera-sin-piezas-de-union-kirby-2-metros-nl3103\/#breadcrumb","itemListElement":[{"@type":"ListItem","position":1,"name":"Home","item":"https:\/\/www.veltec.eu\/es\/"},{"@type":"ListItem","position":2,"name":"Kirby Shop","item":"https:\/\/www.veltec.eu\/nl\/shop-page\/"},{"@type":"ListItem","position":3,"name":"Manguera sin Piezas de Uni\u00f3n Kirby 2 Metros"}]},{"@type":"WebSite","@id":"https:\/\/www.veltec.eu\/en\/#website","url":"https:\/\/www.veltec.eu\/en\/","name":"Veltec Kirby specialist","description":"Kirby stofzuiger producten","publisher":{"@id":"https:\/\/www.veltec.eu\/en\/#organization"},"potentialAction":[{"@type":"SearchAction","target":{"@type":"EntryPoint","urlTemplate":"https:\/\/www.veltec.eu\/en\/?s={search_term_string}"},"query-input":{"@type":"PropertyValueSpecification","valueRequired":true,"valueName":"search_term_string"}}],"inLanguage":"es"},{"@type":"Organization","@id":"https:\/\/www.veltec.eu\/en\/#organization","name":"Veltec Kirby Specialist","url":"https:\/\/www.veltec.eu\/en\/","logo":{"@type":"ImageObject","inLanguage":"es","@id":"https:\/\/www.veltec.eu\/en\/#\/schema\/logo\/image\/","url":"https:\/\/www.veltec.eu\/wp-content\/uploads\/2021\/12\/Veltec-log-groot-e1537260889125.png","contentUrl":"https:\/\/www.veltec.eu\/wp-content\/uploads\/2021\/12\/Veltec-log-groot-e1537260889125.png","width":200,"height":60,"caption":"Veltec Kirby Specialist"},"image":{"@id":"https:\/\/www.veltec.eu\/en\/#\/schema\/logo\/image\/"},"sameAs":["https:\/\/www.facebook.com\/Veltec-Kirby-Specialist-236746293374877\/","https:\/\/www.youtube.com\/user\/VeltecService"]}]}},"_links":{"self":[{"href":"https:\/\/www.veltec.eu\/es\/wp-json\/wp\/v2\/product\/10702","targetHints":{"allow":["GET"]}}],"collection":[{"href":"https:\/\/www.veltec.eu\/es\/wp-json\/wp\/v2\/product"}],"about":[{"href":"https:\/\/www.veltec.eu\/es\/wp-json\/wp\/v2\/types\/product"}],"replies":[{"embeddable":true,"href":"https:\/\/www.veltec.eu\/es\/wp-json\/wp\/v2\/comments?post=10702"}],"wp:featuredmedia":[{"embeddable":true,"href":"https:\/\/www.veltec.eu\/es\/wp-json\/wp\/v2\/media\/8551"}],"wp:attachment":[{"href":"https:\/\/www.veltec.eu\/es\/wp-json\/wp\/v2\/media?parent=10702"}],"wp:term":[{"taxonomy":"product_brand","embeddable":true,"href":"https:\/\/www.veltec.eu\/es\/wp-json\/wp\/v2\/product_brand?post=10702"},{"taxonomy":"product_cat","embeddable":true,"href":"https:\/\/www.veltec.eu\/es\/wp-json\/wp\/v2\/product_cat?post=10702"},{"taxonomy":"product_tag","embeddable":true,"href":"https:\/\/www.veltec.eu\/es\/wp-json\/wp\/v2\/product_tag?post=10702"}],"curies":[{"name":"wp","href":"https:\/\/api.w.org\/{rel}","templated":true}]}}