{"id":10697,"date":"2018-10-26T13:24:34","date_gmt":"2018-10-26T11:24:34","guid":{"rendered":"https:\/\/www.veltec.eu\/kirby-webshop\/manguera-sin-piezas-de-union-kirby-4-metros-nl3104\/"},"modified":"2026-05-14T14:48:54","modified_gmt":"2026-05-14T12:48:54","slug":"manguera-sin-piezas-de-union-kirby-4-metros-nl3104","status":"publish","type":"product","link":"https:\/\/www.veltec.eu\/es\/product\/manguera-sin-piezas-de-union-kirby-4-metros-nl3104\/","title":{"rendered":"Manguera sin Piezas de Uni\u00f3n Kirby 4 Metros"},"content":{"rendered":"<div class=\"flex max-w-full flex-col grow\">\n<div class=\"min-h-8 text-message relative flex w-full flex-col items-end gap-2 text-start break-words whitespace-normal [.text-message+&amp;]:mt-1\" dir=\"auto\" data-message-author-role=\"assistant\" data-message-id=\"58874b1f-2d44-4e1f-862c-8c37b4878d0d\" data-message-model-slug=\"gpt-5-2\">\n<div class=\"flex w-full flex-col gap-1 empty:hidden first:pt-[1px]\">\n<div class=\"markdown prose dark:prose-invert w-full wrap-break-word light markdown-new-styling\">\n<h1 data-start=\"0\" data-end=\"42\">Manguera sin Piezas de Uni\u00f3n Kirby 4 Metros<\/h1>\n<p data-start=\"44\" data-end=\"389\">La Manguera sin Piezas de Uni\u00f3n Kirby 4 Metros es la soluci\u00f3n pr\u00e1ctica para quienes desean reutilizar sus uniones existentes. Gracias a su dise\u00f1o inteligente, solo tendr\u00e1 que sustituir la manguera, conservando las uniones originales. De este modo, ahorrar\u00e1 dinero y mantendr\u00e1 la calidad habitual de su aspiradora Kirby.<\/p>\n<h2 data-start=\"396\" data-end=\"461\">Manguera Kirby sin conectores, 4 metros: manguera de repuesto ideal<\/h2>\n<p data-start=\"463\" data-end=\"843\">\u00bfLa manguera de su aspiradora actual est\u00e1 desgastada o da\u00f1ada? Entonces, la manguera Kirby sin conectores le ofrece una soluci\u00f3n eficaz y econ\u00f3mica. En lugar de comprar un juego completo de mangueras, simplemente vuelva a utilizar los conectores delantero y trasero existentes. De este modo, evitar\u00e1 gastos adicionales innecesarios y, al mismo tiempo, prolongar\u00e1 la vida \u00fatil de su Kirby.<\/p>\n<p data-start=\"845\" data-end=\"1144\">Adem\u00e1s, esta tubo de repuesto Kirby de 4 metros de largo garantiza la m\u00e1xima libertad de movimiento durante el aspirado. De este modo, podr\u00e1 llegar sin esfuerzo a escaleras, techos y zonas de dif\u00edcil acceso. Gracias a su ajuste original, se mantiene una potencia de succi\u00f3n \u00f3ptima, lo cual es esencial para un rendimiento m\u00e1ximo.<\/p>\n<p data-start=\"1146\" data-end=\"1357\">Encontrar\u00e1 m\u00e1s informaci\u00f3n sobre accesorios compatibles en la secci\u00f3n de <a href=\"https:\/\/www.veltec.eu\/es\/accesorios-kirby\/\">recambios Kirby<\/a>. Adem\u00e1s, puede leer informaci\u00f3n detallada en la p\u00e1gina del blog: <a href=\"https:\/\/www.servicio-de-aspiradoras-kirby.es\/manguera-aspiradora-kirby\/\" target=\"_blank\" rel=\"noopener\">Todo sobre la manguera de la aspiradora Kirby.<\/a><\/p>\n<h2 data-start=\"1364\" data-end=\"1430\">Compatibilidad de la manguera Kirby sin conectores<\/h2>\n<p data-start=\"1432\" data-end=\"1521\">La manguera de repuesto sin acoplamientos es adecuada para todos los modelos Kirby, incluidos:<\/p>\n<ul data-start=\"1523\" data-end=\"1762\">\n<li data-start=\"1523\" data-end=\"1542\">Avalir Platinum<\/li>\n<li data-start=\"1543\" data-end=\"1555\">Avalir 2<\/li>\n<li data-start=\"1556\" data-end=\"1568\">Avalir 1<\/li>\n<li data-start=\"1569\" data-end=\"1589\">Sentria 2 (G10D)<\/li>\n<li data-start=\"1590\" data-end=\"1609\">Sentria 1 (G10)<\/li>\n<li data-start=\"1610\" data-end=\"1651\">Ultimate G Diamond Edition (G7D \/ DE)<\/li>\n<li data-start=\"1652\" data-end=\"1676\">Ultimate G (G7 \/ UG)<\/li>\n<li data-start=\"1677\" data-end=\"1698\">Generation 6 (G6)<\/li>\n<li data-start=\"1699\" data-end=\"1720\">Generation 5 (G5)<\/li>\n<li data-start=\"1721\" data-end=\"1742\">Generation 4 (G4)<\/li>\n<li data-start=\"1743\" data-end=\"1762\">Generation 3 (G3)<\/li>\n<\/ul>\n<p data-start=\"1764\" data-end=\"1989\">De este modo, tendr\u00e1 la certeza de que esta manguera para aspiradora Kirby se adapta perfectamente a su sistema actual sin necesidad de conectores. Consulte tambi\u00e9n nuestras <a href=\"https:\/\/www.veltec.eu\/es\/accesorios-y-mangueras\/manguera-y-accesorios-kirby\/\">mangueras para aspiradoras Kirby <\/a>para ver otras variantes.<\/p>\n<h2 data-start=\"1996\" data-end=\"2062\">\u00bfPor qu\u00e9 elegir la tubo sin conectores de 4 metros?<\/h2>\n<p data-start=\"2064\" data-end=\"2334\">En primer lugar, ahorrar\u00e1 considerablemente en costes de adquisici\u00f3n, ya que no tendr\u00e1 que comprar acoplamientos nuevos. Adem\u00e1s, contribuir\u00e1 a la sostenibilidad, ya que la reutilizaci\u00f3n de piezas reduce los residuos. De este modo, no solo tomar\u00e1 una decisi\u00f3n sensata desde el punto de vista financiero, sino tambi\u00e9n respetuosa con el medio ambiente.<\/p>\n<p data-start=\"2336\" data-end=\"2618\">Adem\u00e1s, con esta manguera original Kirby sin conectores evitar\u00e1 la p\u00e9rdida de potencia de succi\u00f3n. Las mangueras universales pueden provocar fugas, mientras que esta manguera de repuesto original garantiza un ajuste perfecto. De este modo, su aspiradora seguir\u00e1 funcionando con potencia y fiabilidad.<\/p>\n<h2 data-start=\"2625\" data-end=\"2694\">F\u00e1cil montaje de la manguera sin conectores<\/h2>\n<p data-start=\"2696\" data-end=\"3010\">La sustituci\u00f3n de la manguera es r\u00e1pida y sencilla. Primero, caliente los extremos de la manguera antigua con agua caliente para que se suelten los conectores. A continuaci\u00f3n, simplemente desl\u00edcelos sobre la nueva manguera Kirby de 4 metros. De este modo, no necesitar\u00e1 herramientas especiales ni llamar a un t\u00e9cnico.<\/p>\n<p data-start=\"3012\" data-end=\"3201\">Para obtener ayuda adicional, vea el claro v\u00eddeo instructivo:<\/p>\n<div  class='avia-video av-kirbyvideo-7be79502974b0481fd5cf740e731c208 avia-video-16-9 av-no-preview-image avia-video-load-always av-lazyload-immediate av-lazyload-video-embed'  itemprop=\"video\" itemtype=\"https:\/\/schema.org\/VideoObject\"  data-original_url='https:\/\/youtu.be\/PsbmjyBy-Do'><script type='text\/html' class='av-video-tmpl'><div class='avia-iframe-wrap'><iframe loading=\"lazy\" title=\"Kirby vacuum Veltec - Replace the attachment parts\" width=\"1500\" height=\"844\" src=\"https:\/\/www.youtube.com\/embed\/PsbmjyBy-Do?feature=oembed&enablejsapi=1&origin=https:\/\/www.veltec.eu&autoplay=0&loop=0&controls=1&mute=0\" frameborder=\"0\" allow=\"accelerometer; autoplay; clipboard-write; encrypted-media; gyroscope; picture-in-picture; web-share\" referrerpolicy=\"strict-origin-when-cross-origin\" allowfullscreen><\/iframe><\/div><\/script><div class='av-click-to-play-overlay'><div class=\"avia_playpause_icon\"><\/div><\/div><\/div>\n<p data-start=\"3203\" data-end=\"3298\">Gracias a estas instrucciones visuales, la instalaci\u00f3n se realiza de forma a\u00fan m\u00e1s eficiente y con total seguridad.<\/p>\n<h2 data-start=\"3305\" data-end=\"3349\">Calidad duradera y rendimiento \u00f3ptimo<\/h2>\n<p data-start=\"3351\" data-end=\"3581\">La manguera de repuesto Kirby sin conectores est\u00e1 fabricada con materiales resistentes al desgaste, por lo que el uso intensivo no supone ning\u00fan problema. De este modo, disfrutar\u00e1 durante mucho tiempo de flexibilidad, resistencia y m\u00e1xima potencia de succi\u00f3n.<\/p>\n<p data-start=\"3583\" data-end=\"3851\" data-is-last-node=\"\" data-is-only-node=\"\">En resumen, la manguera Kirby sin conectores de 4 metros es una inversi\u00f3n inteligente para quienes desean combinar calidad, durabilidad y ahorro. Dale a tu aspiradora Kirby una segunda vida de forma r\u00e1pida y sencilla, al tiempo que sigues garantizando un rendimiento \u00f3ptimo.<\/p>\n<\/div>\n<\/div>\n<\/div>\n<\/div>\n","protected":false},"excerpt":{"rendered":"<p>La manguera Kirby sin conectores de 4 metros es una manguera de repuesto econ\u00f3mica que le permite reutilizar f\u00e1cilmente sus conectores existentes. De este modo, conservar\u00e1 una potencia de succi\u00f3n \u00f3ptima y el ajuste original.<\/p>\n[trustindex data-widget-id=48bbd87242952812953642309d4]\n<h3><span style=\"color: #008000;\"><br \/>\nEn stock<\/span><\/h3>\n[av_font_icon icon='ue812' font='entypo-fontello' style='' caption='' size='25px' position='left' color='#43ad66' link='' linktarget='' title_attr='' sonar_effect_effect='' sonar_effect_color='' sonar_effect_duration='1' sonar_effect_scale='' sonar_effect_opac='0.5' animation='' id='' custom_class='' template_class='' av_uid='' sc_version='1.0' admin_preview_bg=''][\/av_font_icon]\n<p><span style=\"color: #008000;\">Pedido antes de las 23:59, enviado ma\u00f1ana<\/span><\/p>\n<p>&nbsp;<\/p>\n","protected":false},"featured_media":8551,"comment_status":"open","ping_status":"closed","template":"","meta":{"_acf_changed":false},"product_brand":[],"product_cat":[322],"product_tag":[],"class_list":{"0":"post-10697","1":"product","2":"type-product","3":"status-publish","4":"has-post-thumbnail","6":"product_cat-manguera-y-accesorios-kirby","7":"product_shipping_class-klein-es","9":"first","10":"instock","11":"taxable","12":"shipping-taxable","13":"purchasable","14":"product-type-simple"},"acf":[],"yoast_head":"<!-- This site is optimized with the Yoast SEO Premium plugin v27.1 (Yoast SEO v27.5) - https:\/\/yoast.com\/product\/yoast-seo-premium-wordpress\/ -->\n<title>Manguera sin Piezas de Uni\u00f3n Kirby 4 Metros<\/title>\n<meta name=\"description\" content=\"Manguera sin Piezas de Uni\u00f3n Kirby 4 Metros es la soluci\u00f3n ideal para sustituir su manguera desgastada y reutilizar los acoplamientos existentes.\" \/>\n<meta name=\"robots\" content=\"index, follow, max-snippet:-1, max-image-preview:large, max-video-preview:-1\" \/>\n<link rel=\"canonical\" href=\"https:\/\/www.veltec.eu\/es\/product\/manguera-sin-piezas-de-union-kirby-4-metros-nl3104\/\" \/>\n<meta property=\"og:locale\" content=\"es_ES\" \/>\n<meta property=\"og:type\" content=\"article\" \/>\n<meta property=\"og:title\" content=\"Manguera sin Piezas de Uni\u00f3n Kirby 4 Metros\" \/>\n<meta property=\"og:description\" content=\"La manguera Kirby sin conectores de 4 metros es una manguera de repuesto econ\u00f3mica que le permite reutilizar f\u00e1cilmente sus conectores existentes. De este modo, conservar\u00e1 una potencia de succi\u00f3n \u00f3ptima y el ajuste original.    En stock   Pedido antes de las 23:59, enviado ma\u00f1ana  &nbsp;\" \/>\n<meta property=\"og:url\" content=\"https:\/\/www.veltec.eu\/es\/product\/manguera-sin-piezas-de-union-kirby-4-metros-nl3104\/\" \/>\n<meta property=\"og:site_name\" content=\"Veltec Kirby specialist\" \/>\n<meta property=\"article:publisher\" content=\"https:\/\/www.facebook.com\/Veltec-Kirby-Specialist-236746293374877\/\" \/>\n<meta property=\"article:modified_time\" content=\"2026-05-14T12:48:54+00:00\" \/>\n<meta property=\"og:image\" content=\"https:\/\/www.veltec.eu\/wp-content\/uploads\/2018\/10\/kirby_slang.jpg\" \/>\n\t<meta property=\"og:image:width\" content=\"300\" \/>\n\t<meta property=\"og:image:height\" content=\"300\" \/>\n\t<meta property=\"og:image:type\" content=\"image\/jpeg\" \/>\n<meta name=\"twitter:card\" content=\"summary_large_image\" \/>\n<meta name=\"twitter:label1\" content=\"Tiempo de lectura\" \/>\n\t<meta name=\"twitter:data1\" content=\"3 minutos\" \/>\n<script type=\"application\/ld+json\" class=\"yoast-schema-graph\">{\"@context\":\"https:\\\/\\\/schema.org\",\"@graph\":[{\"@type\":\"WebPage\",\"@id\":\"https:\\\/\\\/www.veltec.eu\\\/es\\\/product\\\/manguera-sin-piezas-de-union-kirby-4-metros-nl3104\\\/\",\"url\":\"https:\\\/\\\/www.veltec.eu\\\/es\\\/product\\\/manguera-sin-piezas-de-union-kirby-4-metros-nl3104\\\/\",\"name\":\"Manguera sin Piezas de Uni\u00f3n Kirby 4 Metros\",\"isPartOf\":{\"@id\":\"https:\\\/\\\/www.veltec.eu\\\/en\\\/#website\"},\"primaryImageOfPage\":{\"@id\":\"https:\\\/\\\/www.veltec.eu\\\/es\\\/product\\\/manguera-sin-piezas-de-union-kirby-4-metros-nl3104\\\/#primaryimage\"},\"image\":{\"@id\":\"https:\\\/\\\/www.veltec.eu\\\/es\\\/product\\\/manguera-sin-piezas-de-union-kirby-4-metros-nl3104\\\/#primaryimage\"},\"thumbnailUrl\":\"https:\\\/\\\/www.veltec.eu\\\/wp-content\\\/uploads\\\/2018\\\/10\\\/kirby_slang.jpg\",\"datePublished\":\"2018-10-26T11:24:34+00:00\",\"dateModified\":\"2026-05-14T12:48:54+00:00\",\"description\":\"Manguera sin Piezas de Uni\u00f3n Kirby 4 Metros es la soluci\u00f3n ideal para sustituir su manguera desgastada y reutilizar los acoplamientos existentes.\",\"breadcrumb\":{\"@id\":\"https:\\\/\\\/www.veltec.eu\\\/es\\\/product\\\/manguera-sin-piezas-de-union-kirby-4-metros-nl3104\\\/#breadcrumb\"},\"inLanguage\":\"es\",\"potentialAction\":[{\"@type\":\"ReadAction\",\"target\":[\"https:\\\/\\\/www.veltec.eu\\\/es\\\/product\\\/manguera-sin-piezas-de-union-kirby-4-metros-nl3104\\\/\"]}]},{\"@type\":\"ImageObject\",\"inLanguage\":\"es\",\"@id\":\"https:\\\/\\\/www.veltec.eu\\\/es\\\/product\\\/manguera-sin-piezas-de-union-kirby-4-metros-nl3104\\\/#primaryimage\",\"url\":\"https:\\\/\\\/www.veltec.eu\\\/wp-content\\\/uploads\\\/2018\\\/10\\\/kirby_slang.jpg\",\"contentUrl\":\"https:\\\/\\\/www.veltec.eu\\\/wp-content\\\/uploads\\\/2018\\\/10\\\/kirby_slang.jpg\",\"width\":300,\"height\":300,\"caption\":\"Manguera sin Piezas de Uni\u00f3n Kirby 4 Metros\"},{\"@type\":\"BreadcrumbList\",\"@id\":\"https:\\\/\\\/www.veltec.eu\\\/es\\\/product\\\/manguera-sin-piezas-de-union-kirby-4-metros-nl3104\\\/#breadcrumb\",\"itemListElement\":[{\"@type\":\"ListItem\",\"position\":1,\"name\":\"Home\",\"item\":\"https:\\\/\\\/www.veltec.eu\\\/es\\\/pagina-de-inicio\\\/\"},{\"@type\":\"ListItem\",\"position\":2,\"name\":\"Tienda Kirby\",\"item\":\"https:\\\/\\\/www.veltec.eu\\\/es\\\/tienda-kirby\\\/\"},{\"@type\":\"ListItem\",\"position\":3,\"name\":\"Manguera sin Piezas de Uni\u00f3n Kirby 4 Metros\"}]},{\"@type\":\"WebSite\",\"@id\":\"https:\\\/\\\/www.veltec.eu\\\/en\\\/#website\",\"url\":\"https:\\\/\\\/www.veltec.eu\\\/en\\\/\",\"name\":\"Veltec Kirby specialist\",\"description\":\"Kirby stofzuiger producten\",\"publisher\":{\"@id\":\"https:\\\/\\\/www.veltec.eu\\\/en\\\/#organization\"},\"potentialAction\":[{\"@type\":\"SearchAction\",\"target\":{\"@type\":\"EntryPoint\",\"urlTemplate\":\"https:\\\/\\\/www.veltec.eu\\\/en\\\/?s={search_term_string}\"},\"query-input\":{\"@type\":\"PropertyValueSpecification\",\"valueRequired\":true,\"valueName\":\"search_term_string\"}}],\"inLanguage\":\"es\"},{\"@type\":\"Organization\",\"@id\":\"https:\\\/\\\/www.veltec.eu\\\/en\\\/#organization\",\"name\":\"Veltec Kirby Specialist\",\"url\":\"https:\\\/\\\/www.veltec.eu\\\/en\\\/\",\"logo\":{\"@type\":\"ImageObject\",\"inLanguage\":\"es\",\"@id\":\"https:\\\/\\\/www.veltec.eu\\\/en\\\/#\\\/schema\\\/logo\\\/image\\\/\",\"url\":\"https:\\\/\\\/www.veltec.eu\\\/wp-content\\\/uploads\\\/2021\\\/12\\\/Veltec-log-groot-e1537260889125.png\",\"contentUrl\":\"https:\\\/\\\/www.veltec.eu\\\/wp-content\\\/uploads\\\/2021\\\/12\\\/Veltec-log-groot-e1537260889125.png\",\"width\":200,\"height\":60,\"caption\":\"Veltec Kirby Specialist\"},\"image\":{\"@id\":\"https:\\\/\\\/www.veltec.eu\\\/en\\\/#\\\/schema\\\/logo\\\/image\\\/\"},\"sameAs\":[\"https:\\\/\\\/www.facebook.com\\\/Veltec-Kirby-Specialist-236746293374877\\\/\",\"https:\\\/\\\/www.youtube.com\\\/user\\\/VeltecService\"]}]}<\/script>\n<!-- \/ Yoast SEO Premium plugin. -->","yoast_head_json":{"title":"Manguera sin Piezas de Uni\u00f3n Kirby 4 Metros","description":"Manguera sin Piezas de Uni\u00f3n Kirby 4 Metros es la soluci\u00f3n ideal para sustituir su manguera desgastada y reutilizar los acoplamientos existentes.","robots":{"index":"index","follow":"follow","max-snippet":"max-snippet:-1","max-image-preview":"max-image-preview:large","max-video-preview":"max-video-preview:-1"},"canonical":"https:\/\/www.veltec.eu\/es\/product\/manguera-sin-piezas-de-union-kirby-4-metros-nl3104\/","og_locale":"es_ES","og_type":"article","og_title":"Manguera sin Piezas de Uni\u00f3n Kirby 4 Metros","og_description":"La manguera Kirby sin conectores de 4 metros es una manguera de repuesto econ\u00f3mica que le permite reutilizar f\u00e1cilmente sus conectores existentes. De este modo, conservar\u00e1 una potencia de succi\u00f3n \u00f3ptima y el ajuste original.    En stock   Pedido antes de las 23:59, enviado ma\u00f1ana  &nbsp;","og_url":"https:\/\/www.veltec.eu\/es\/product\/manguera-sin-piezas-de-union-kirby-4-metros-nl3104\/","og_site_name":"Veltec Kirby specialist","article_publisher":"https:\/\/www.facebook.com\/Veltec-Kirby-Specialist-236746293374877\/","article_modified_time":"2026-05-14T12:48:54+00:00","og_image":[{"width":300,"height":300,"url":"https:\/\/www.veltec.eu\/wp-content\/uploads\/2018\/10\/kirby_slang.jpg","type":"image\/jpeg"}],"twitter_card":"summary_large_image","twitter_misc":{"Tiempo de lectura":"3 minutos"},"schema":{"@context":"https:\/\/schema.org","@graph":[{"@type":"WebPage","@id":"https:\/\/www.veltec.eu\/es\/product\/manguera-sin-piezas-de-union-kirby-4-metros-nl3104\/","url":"https:\/\/www.veltec.eu\/es\/product\/manguera-sin-piezas-de-union-kirby-4-metros-nl3104\/","name":"Manguera sin Piezas de Uni\u00f3n Kirby 4 Metros","isPartOf":{"@id":"https:\/\/www.veltec.eu\/en\/#website"},"primaryImageOfPage":{"@id":"https:\/\/www.veltec.eu\/es\/product\/manguera-sin-piezas-de-union-kirby-4-metros-nl3104\/#primaryimage"},"image":{"@id":"https:\/\/www.veltec.eu\/es\/product\/manguera-sin-piezas-de-union-kirby-4-metros-nl3104\/#primaryimage"},"thumbnailUrl":"https:\/\/www.veltec.eu\/wp-content\/uploads\/2018\/10\/kirby_slang.jpg","datePublished":"2018-10-26T11:24:34+00:00","dateModified":"2026-05-14T12:48:54+00:00","description":"Manguera sin Piezas de Uni\u00f3n Kirby 4 Metros es la soluci\u00f3n ideal para sustituir su manguera desgastada y reutilizar los acoplamientos existentes.","breadcrumb":{"@id":"https:\/\/www.veltec.eu\/es\/product\/manguera-sin-piezas-de-union-kirby-4-metros-nl3104\/#breadcrumb"},"inLanguage":"es","potentialAction":[{"@type":"ReadAction","target":["https:\/\/www.veltec.eu\/es\/product\/manguera-sin-piezas-de-union-kirby-4-metros-nl3104\/"]}]},{"@type":"ImageObject","inLanguage":"es","@id":"https:\/\/www.veltec.eu\/es\/product\/manguera-sin-piezas-de-union-kirby-4-metros-nl3104\/#primaryimage","url":"https:\/\/www.veltec.eu\/wp-content\/uploads\/2018\/10\/kirby_slang.jpg","contentUrl":"https:\/\/www.veltec.eu\/wp-content\/uploads\/2018\/10\/kirby_slang.jpg","width":300,"height":300,"caption":"Manguera sin Piezas de Uni\u00f3n Kirby 4 Metros"},{"@type":"BreadcrumbList","@id":"https:\/\/www.veltec.eu\/es\/product\/manguera-sin-piezas-de-union-kirby-4-metros-nl3104\/#breadcrumb","itemListElement":[{"@type":"ListItem","position":1,"name":"Home","item":"https:\/\/www.veltec.eu\/es\/pagina-de-inicio\/"},{"@type":"ListItem","position":2,"name":"Tienda Kirby","item":"https:\/\/www.veltec.eu\/es\/tienda-kirby\/"},{"@type":"ListItem","position":3,"name":"Manguera sin Piezas de Uni\u00f3n Kirby 4 Metros"}]},{"@type":"WebSite","@id":"https:\/\/www.veltec.eu\/en\/#website","url":"https:\/\/www.veltec.eu\/en\/","name":"Veltec Kirby specialist","description":"Kirby stofzuiger producten","publisher":{"@id":"https:\/\/www.veltec.eu\/en\/#organization"},"potentialAction":[{"@type":"SearchAction","target":{"@type":"EntryPoint","urlTemplate":"https:\/\/www.veltec.eu\/en\/?s={search_term_string}"},"query-input":{"@type":"PropertyValueSpecification","valueRequired":true,"valueName":"search_term_string"}}],"inLanguage":"es"},{"@type":"Organization","@id":"https:\/\/www.veltec.eu\/en\/#organization","name":"Veltec Kirby Specialist","url":"https:\/\/www.veltec.eu\/en\/","logo":{"@type":"ImageObject","inLanguage":"es","@id":"https:\/\/www.veltec.eu\/en\/#\/schema\/logo\/image\/","url":"https:\/\/www.veltec.eu\/wp-content\/uploads\/2021\/12\/Veltec-log-groot-e1537260889125.png","contentUrl":"https:\/\/www.veltec.eu\/wp-content\/uploads\/2021\/12\/Veltec-log-groot-e1537260889125.png","width":200,"height":60,"caption":"Veltec Kirby Specialist"},"image":{"@id":"https:\/\/www.veltec.eu\/en\/#\/schema\/logo\/image\/"},"sameAs":["https:\/\/www.facebook.com\/Veltec-Kirby-Specialist-236746293374877\/","https:\/\/www.youtube.com\/user\/VeltecService"]}]}},"_links":{"self":[{"href":"https:\/\/www.veltec.eu\/es\/wp-json\/wp\/v2\/product\/10697","targetHints":{"allow":["GET"]}}],"collection":[{"href":"https:\/\/www.veltec.eu\/es\/wp-json\/wp\/v2\/product"}],"about":[{"href":"https:\/\/www.veltec.eu\/es\/wp-json\/wp\/v2\/types\/product"}],"replies":[{"embeddable":true,"href":"https:\/\/www.veltec.eu\/es\/wp-json\/wp\/v2\/comments?post=10697"}],"wp:featuredmedia":[{"embeddable":true,"href":"https:\/\/www.veltec.eu\/es\/wp-json\/wp\/v2\/media\/8551"}],"wp:attachment":[{"href":"https:\/\/www.veltec.eu\/es\/wp-json\/wp\/v2\/media?parent=10697"}],"wp:term":[{"taxonomy":"product_brand","embeddable":true,"href":"https:\/\/www.veltec.eu\/es\/wp-json\/wp\/v2\/product_brand?post=10697"},{"taxonomy":"product_cat","embeddable":true,"href":"https:\/\/www.veltec.eu\/es\/wp-json\/wp\/v2\/product_cat?post=10697"},{"taxonomy":"product_tag","embeddable":true,"href":"https:\/\/www.veltec.eu\/es\/wp-json\/wp\/v2\/product_tag?post=10697"}],"curies":[{"name":"wp","href":"https:\/\/api.w.org\/{rel}","templated":true}]}}