{"id":10682,"date":"2018-10-26T13:37:35","date_gmt":"2018-10-26T11:37:35","guid":{"rendered":"https:\/\/www.veltec.eu\/kirby-webshop\/conector-de-manguera-kirby-nl3159\/"},"modified":"2026-03-02T09:58:49","modified_gmt":"2026-03-02T07:58:49","slug":"conector-de-manguera-kirby-nl3159","status":"publish","type":"product","link":"https:\/\/www.veltec.eu\/es\/product\/conector-de-manguera-kirby-nl3159\/","title":{"rendered":"Conector de Manguera Kirby"},"content":{"rendered":"<article class=\"text-token-text-primary w-full focus:outline-none [--shadow-height:45px] has-data-writing-block:pointer-events-none has-data-writing-block:-mt-(--shadow-height) has-data-writing-block:pt-(--shadow-height) [&amp;:has([data-writing-block])&gt;*]:pointer-events-auto scroll-mt-[calc(var(--header-height)+min(200px,max(70px,20svh)))]\" dir=\"auto\" tabindex=\"-1\" data-turn-id=\"request-WEB:023e45d2-0ec0-4ea3-b036-ab014f2e4cdc-0\" data-testid=\"conversation-turn-2\" data-scroll-anchor=\"false\" data-turn=\"assistant\">\n<div class=\"text-base my-auto mx-auto [--thread-content-margin:--spacing(4)] @w-sm\/main:[--thread-content-margin:--spacing(6)] @w-lg\/main:[--thread-content-margin:--spacing(16)] px-(--thread-content-margin)\">\n<div class=\"[--thread-content-max-width:40rem] @w-lg\/main:[--thread-content-max-width:48rem] mx-auto max-w-(--thread-content-max-width) flex-1 group\/turn-messages focus-visible:outline-hidden relative flex w-full min-w-0 flex-col agent-turn\" tabindex=\"-1\">\n<div class=\"flex max-w-full flex-col grow\">\n<div class=\"min-h-8 text-message relative flex w-full flex-col items-end gap-2 text-start break-words whitespace-normal [.text-message+&amp;]:mt-1\" dir=\"auto\" data-message-author-role=\"assistant\" data-message-id=\"27e2529e-5f5d-424c-9621-3341a4b21ffd\" data-message-model-slug=\"gpt-5-2\">\n<div class=\"flex w-full flex-col gap-1 empty:hidden first:pt-[1px]\">\n<div class=\"markdown prose dark:prose-invert w-full wrap-break-word light markdown-new-styling\">\n<h1 data-start=\"0\" data-end=\"25\">Conector de Manguera Kirby<\/h1>\n<p data-start=\"26\" data-end=\"245\">La Conector de Manguera Kirby garantiza una conexi\u00f3n firme y segura entre la manguera de su aspiradora Kirby y la m\u00e1quina. De este modo, su aspiradora Kirby conserva una potencia de succi\u00f3n \u00f3ptima y todos los accesorios funcionan a la perfecci\u00f3n.<\/p>\n<h2 data-start=\"247\" data-end=\"295\">Conexi\u00f3n fiable para su manguera Kirby<\/h2>\n<p data-start=\"296\" data-end=\"585\">Este conector ha sido especialmente dise\u00f1ado para conectar correctamente la manguera de la aspiradora a la aspiradora Kirby. De este modo, se evita que la manguera se suelte durante la limpieza y se mantiene intacto el flujo de aire. Gracias a su ajuste preciso, la pieza encaja perfectamente en la m\u00e1quina.<\/p>\n<p data-start=\"587\" data-end=\"952\">Adem\u00e1s, este acoplamiento garantiza una fijaci\u00f3n estable, lo que le permite trabajar sin interrupciones. Esto es especialmente importante en caso de uso intensivo o al limpiar varias superficies seguidas. Combine este accesorio con la <a href=\"https:\/\/www.veltec.eu\/es\/manguera-accesorios-kirby\/\" target=\"_blank\" rel=\"noopener\">manguera para aspiradora Kirby<\/a> para obtener una soluci\u00f3n completa y fiable.<\/p>\n<h4 data-start=\"781\" data-end=\"800\">Compatibel met:<\/h4>\n<ul data-start=\"802\" data-end=\"1039\">\n<li data-start=\"802\" data-end=\"821\">Avalir Platinum<\/li>\n<li data-start=\"822\" data-end=\"834\">Avalir 2<\/li>\n<li data-start=\"835\" data-end=\"847\">Avalir 1<\/li>\n<li data-start=\"848\" data-end=\"868\">Sentria 2 (G10D)<\/li>\n<li data-start=\"869\" data-end=\"888\">Sentria 1 (G10)<\/li>\n<li data-start=\"889\" data-end=\"928\">Ultimate G Diamond Edition (G7D\/DE)<\/li>\n<li data-start=\"929\" data-end=\"951\">Ultimate G (G7\/UG)<\/li>\n<li data-start=\"952\" data-end=\"973\">Generation 6 (G6)<\/li>\n<li data-start=\"974\" data-end=\"995\">Generation 5 (G5)<\/li>\n<li data-start=\"996\" data-end=\"1017\">Generation 4 (G4)<\/li>\n<li data-start=\"1018\" data-end=\"1039\">Generation 3 (G3)<\/li>\n<\/ul>\n<h2 data-start=\"1046\" data-end=\"1112\">\u00bfQu\u00e9 es el conector de manguera Kirby y por qu\u00e9 es importante?<\/h2>\n<p data-start=\"1113\" data-end=\"1364\">El conector de manguera es la pieza esencial que une la manguera y la aspiradora. De este modo, la conexi\u00f3n permanece herm\u00e9tica y estable durante cada uso. Si el conector falta o est\u00e1 desgastado, se puede perder potencia de succi\u00f3n.<\/p>\n<p data-start=\"1366\" data-end=\"1630\">Adem\u00e1s, este componente evita el juego no deseado. De este modo, su Kirby funciona de forma m\u00e1s eficiente y notar\u00e1 la diferencia inmediatamente al aspirar. \u00bfDesea obtener m\u00e1s informaci\u00f3n sobre mangueras y accesorios? Consulte el blog: <a href=\"https:\/\/www.servicio-de-aspiradoras-kirby.es\/manguera-aspiradora-kirby\/\" target=\"_blank\" rel=\"noopener\">Todo sobre la manguera de la aspiradora Kirby.<\/a><\/p>\n<h3 data-start=\"1637\" data-end=\"1687\">Seleccionar el tubo conector seg\u00fan el modelo Kirby<\/h3>\n<p data-start=\"1688\" data-end=\"1918\">Aunque la manguera con conector Kirby parece universal, es importante seleccionar el tipo adecuado. Para los modelos G3 y G4 existe una versi\u00f3n espec\u00edfica, mientras que los modelos G5 hasta Avalir utilizan otra variante.<\/p>\n<p data-start=\"1920\" data-end=\"2043\">Por eso es aconsejable comprobar su modelo de antemano. De este modo, evitar\u00e1 devoluciones y garantizar\u00e1 un funcionamiento \u00f3ptimo.<\/p>\n<p data-start=\"2239\" data-end=\"2295\">Vea tambi\u00e9n el v\u00eddeo instructivo para obtener ayuda adicional sobre el montaje:<\/p>\n<p data-start=\"2239\" data-end=\"2295\"><div  class='avia-video av-kirbyvideo-7be79502974b0481fd5cf740e731c208 avia-video-16-9 av-no-preview-image avia-video-load-always av-lazyload-immediate av-lazyload-video-embed'  itemprop=\"video\" itemtype=\"https:\/\/schema.org\/VideoObject\"  data-original_url='https:\/\/youtu.be\/PsbmjyBy-Do'><script type='text\/html' class='av-video-tmpl'><div class='avia-iframe-wrap'><iframe loading=\"lazy\" title=\"Kirby vacuum Veltec - Replace the attachment parts\" width=\"1500\" height=\"844\" src=\"https:\/\/www.youtube.com\/embed\/PsbmjyBy-Do?feature=oembed&enablejsapi=1&origin=https:\/\/www.veltec.eu&autoplay=0&loop=0&controls=1&mute=0\" frameborder=\"0\" allow=\"accelerometer; autoplay; clipboard-write; encrypted-media; gyroscope; picture-in-picture; web-share\" referrerpolicy=\"strict-origin-when-cross-origin\" allowfullscreen><\/iframe><\/div><\/script><div class='av-click-to-play-overlay'><div class=\"avia_playpause_icon\"><\/div><\/div><\/div><\/p>\n<h2 data-start=\"2302\" data-end=\"2356\">Ventajas de una manguera Kirby Connector original<\/h2>\n<p data-start=\"2357\" data-end=\"2678\">Un conector de manguera Kirby original ofrece claras ventajas frente a las piezas de imitaci\u00f3n. En primer lugar, se beneficia de un ajuste perfecto, ya que la pieza se ha fabricado siguiendo exactamente las especificaciones de Kirby. Adem\u00e1s, el material dura mucho m\u00e1s, por lo que no tendr\u00e1 que sustituirlo tan a menudo.<\/p>\n<p data-start=\"2680\" data-end=\"2870\">Es m\u00e1s, su aspiradora Kirby se mantendr\u00e1 en \u00f3ptimas condiciones si utiliza piezas originales. De este modo, evitar\u00e1 p\u00e9rdidas de potencia y conservar\u00e1 el potente rendimiento por el que Kirby es conocida.<\/p>\n<h3 data-start=\"2872\" data-end=\"2900\">Ventajas principales:<\/h3>\n<ul data-start=\"2902\" data-end=\"3047\">\n<li data-start=\"2902\" data-end=\"2938\">Conexi\u00f3n herm\u00e9tica \u00f3ptima.<\/li>\n<li data-start=\"2902\" data-end=\"2938\">Mantiene la m\u00e1xima potencia de succi\u00f3n.<\/li>\n<li data-start=\"2902\" data-end=\"2938\">Larga vida \u00fatil.<\/li>\n<li data-start=\"2902\" data-end=\"2938\">Compatibilidad perfecta.<\/li>\n<li data-start=\"2902\" data-end=\"2938\">Funcionamiento fiable.<\/li>\n<\/ul>\n<h2>Peque\u00f1a inversi\u00f3n, gran resultado<\/h2>\n<p data-start=\"3118\" data-end=\"3407\">Aunque la manguera con conector Kirby es una pieza compacta, tiene una gran influencia en el rendimiento de su aspiradora. Por eso es fundamental sustituirla a tiempo cuando se desgasta. Con el conector adecuado, su Kirby seguir\u00e1 funcionando con fluidez y evitar\u00e1 p\u00e9rdidas de potencia innecesarias.<\/p>\n<p data-start=\"3409\" data-end=\"3534\" data-is-last-node=\"\" data-is-only-node=\"\">En conclusi\u00f3n, este pr\u00e1ctico accesorio es una inversi\u00f3n inteligente para cualquiera que desee mantener su aspiradora Kirby en \u00f3ptimas condiciones.<\/p>\n<\/div>\n<\/div>\n<\/div>\n<\/div>\n<\/div>\n<\/div>\n<\/article>\n","protected":false},"excerpt":{"rendered":"<p>La manguera con conector Kirby garantiza una conexi\u00f3n firme y herm\u00e9tica entre la manguera y la aspiradora Kirby. Apta para varios modelos Kirby e ideal para mantener una potencia de succi\u00f3n \u00f3ptima.<\/p>\n[trustindex data-widget-id=48bbd87242952812953642309d4]\n<h3><span style=\"color: #008000;\"><br \/>\nEn stock<\/span><\/h3>\n[av_font_icon icon='ue812' font='entypo-fontello' style='' caption='' size='25px' position='left' color='#43ad66' link='' linktarget='' title_attr='' sonar_effect_effect='' sonar_effect_color='' sonar_effect_duration='1' sonar_effect_scale='' sonar_effect_opac='0.5' animation='' id='' custom_class='' template_class='' av_uid='' sc_version='1.0' admin_preview_bg=''][\/av_font_icon]\n<p><span style=\"color: #008000;\">Pedido antes de las 23:59, enviado ma\u00f1ana<\/span><\/p>\n<p>&nbsp;<\/p>\n","protected":false},"featured_media":8574,"comment_status":"open","ping_status":"closed","template":"","meta":{"_acf_changed":false},"product_brand":[],"product_cat":[322],"product_tag":[],"class_list":{"0":"post-10682","1":"product","2":"type-product","3":"status-publish","4":"has-post-thumbnail","6":"product_cat-manguera-accesorios-kirby","7":"product_shipping_class-klein-es","9":"first","10":"instock","11":"taxable","12":"shipping-taxable","13":"purchasable","14":"product-type-variable"},"acf":[],"yoast_head":"<!-- This site is optimized with the Yoast SEO Premium plugin v27.1 (Yoast SEO v27.4) - https:\/\/yoast.com\/product\/yoast-seo-premium-wordpress\/ -->\n<title>Conector de Manguera Kirby | Acoplamiento de manguera original<\/title>\n<meta name=\"description\" content=\"Conector de Manguera Kirby original para una fijaci\u00f3n firme. Apta para todos los modelos Kirby y mantiene la m\u00e1xima potencia de succi\u00f3n.\" \/>\n<meta name=\"robots\" content=\"index, follow, max-snippet:-1, max-image-preview:large, max-video-preview:-1\" \/>\n<link rel=\"canonical\" href=\"https:\/\/www.veltec.eu\/es\/product\/conector-de-manguera-kirby-nl3159\/\" \/>\n<meta property=\"og:locale\" content=\"es_ES\" \/>\n<meta property=\"og:type\" content=\"article\" \/>\n<meta property=\"og:title\" content=\"Conector de Manguera Kirby\" \/>\n<meta property=\"og:description\" content=\"La manguera con conector Kirby garantiza una conexi\u00f3n firme y herm\u00e9tica entre la manguera y la aspiradora Kirby. Apta para varios modelos Kirby e ideal para mantener una potencia de succi\u00f3n \u00f3ptima.    En stock   Pedido antes de las 23:59, enviado ma\u00f1ana  &nbsp;\" \/>\n<meta property=\"og:url\" content=\"https:\/\/www.veltec.eu\/es\/product\/conector-de-manguera-kirby-nl3159\/\" \/>\n<meta property=\"og:site_name\" content=\"Veltec Kirby specialist\" \/>\n<meta property=\"article:publisher\" content=\"https:\/\/www.facebook.com\/Veltec-Kirby-Specialist-236746293374877\/\" \/>\n<meta property=\"article:modified_time\" content=\"2026-03-02T07:58:49+00:00\" \/>\n<meta property=\"og:image\" content=\"https:\/\/www.veltec.eu\/wp-content\/uploads\/2018\/10\/kirby_connector_slang.jpg\" \/>\n\t<meta property=\"og:image:width\" content=\"300\" \/>\n\t<meta property=\"og:image:height\" content=\"300\" \/>\n\t<meta property=\"og:image:type\" content=\"image\/jpeg\" \/>\n<meta name=\"twitter:card\" content=\"summary_large_image\" \/>\n<meta name=\"twitter:label1\" content=\"Tiempo de lectura\" \/>\n\t<meta name=\"twitter:data1\" content=\"3 minutos\" \/>\n<script type=\"application\/ld+json\" class=\"yoast-schema-graph\">{\"@context\":\"https:\\\/\\\/schema.org\",\"@graph\":[{\"@type\":\"WebPage\",\"@id\":\"https:\\\/\\\/www.veltec.eu\\\/es\\\/product\\\/conector-de-manguera-kirby-nl3159\\\/\",\"url\":\"https:\\\/\\\/www.veltec.eu\\\/es\\\/product\\\/conector-de-manguera-kirby-nl3159\\\/\",\"name\":\"Conector de Manguera Kirby | Acoplamiento de manguera original\",\"isPartOf\":{\"@id\":\"https:\\\/\\\/www.veltec.eu\\\/en\\\/#website\"},\"primaryImageOfPage\":{\"@id\":\"https:\\\/\\\/www.veltec.eu\\\/es\\\/product\\\/conector-de-manguera-kirby-nl3159\\\/#primaryimage\"},\"image\":{\"@id\":\"https:\\\/\\\/www.veltec.eu\\\/es\\\/product\\\/conector-de-manguera-kirby-nl3159\\\/#primaryimage\"},\"thumbnailUrl\":\"https:\\\/\\\/www.veltec.eu\\\/wp-content\\\/uploads\\\/2018\\\/10\\\/kirby_connector_slang.jpg\",\"datePublished\":\"2018-10-26T11:37:35+00:00\",\"dateModified\":\"2026-03-02T07:58:49+00:00\",\"description\":\"Conector de Manguera Kirby original para una fijaci\u00f3n firme. Apta para todos los modelos Kirby y mantiene la m\u00e1xima potencia de succi\u00f3n.\",\"breadcrumb\":{\"@id\":\"https:\\\/\\\/www.veltec.eu\\\/es\\\/product\\\/conector-de-manguera-kirby-nl3159\\\/#breadcrumb\"},\"inLanguage\":\"es\",\"potentialAction\":[{\"@type\":\"ReadAction\",\"target\":[\"https:\\\/\\\/www.veltec.eu\\\/es\\\/product\\\/conector-de-manguera-kirby-nl3159\\\/\"]}]},{\"@type\":\"ImageObject\",\"inLanguage\":\"es\",\"@id\":\"https:\\\/\\\/www.veltec.eu\\\/es\\\/product\\\/conector-de-manguera-kirby-nl3159\\\/#primaryimage\",\"url\":\"https:\\\/\\\/www.veltec.eu\\\/wp-content\\\/uploads\\\/2018\\\/10\\\/kirby_connector_slang.jpg\",\"contentUrl\":\"https:\\\/\\\/www.veltec.eu\\\/wp-content\\\/uploads\\\/2018\\\/10\\\/kirby_connector_slang.jpg\",\"width\":300,\"height\":300,\"caption\":\"Conector de Manguera Kirby\"},{\"@type\":\"BreadcrumbList\",\"@id\":\"https:\\\/\\\/www.veltec.eu\\\/es\\\/product\\\/conector-de-manguera-kirby-nl3159\\\/#breadcrumb\",\"itemListElement\":[{\"@type\":\"ListItem\",\"position\":1,\"name\":\"Home\",\"item\":\"https:\\\/\\\/www.veltec.eu\\\/es\\\/\"},{\"@type\":\"ListItem\",\"position\":2,\"name\":\"Kirby Shop\",\"item\":\"https:\\\/\\\/www.veltec.eu\\\/nl\\\/shop-page\\\/\"},{\"@type\":\"ListItem\",\"position\":3,\"name\":\"Conector de Manguera Kirby\"}]},{\"@type\":\"WebSite\",\"@id\":\"https:\\\/\\\/www.veltec.eu\\\/en\\\/#website\",\"url\":\"https:\\\/\\\/www.veltec.eu\\\/en\\\/\",\"name\":\"Veltec Kirby specialist\",\"description\":\"Kirby stofzuiger producten\",\"publisher\":{\"@id\":\"https:\\\/\\\/www.veltec.eu\\\/en\\\/#organization\"},\"potentialAction\":[{\"@type\":\"SearchAction\",\"target\":{\"@type\":\"EntryPoint\",\"urlTemplate\":\"https:\\\/\\\/www.veltec.eu\\\/en\\\/?s={search_term_string}\"},\"query-input\":{\"@type\":\"PropertyValueSpecification\",\"valueRequired\":true,\"valueName\":\"search_term_string\"}}],\"inLanguage\":\"es\"},{\"@type\":\"Organization\",\"@id\":\"https:\\\/\\\/www.veltec.eu\\\/en\\\/#organization\",\"name\":\"Veltec Kirby Specialist\",\"url\":\"https:\\\/\\\/www.veltec.eu\\\/en\\\/\",\"logo\":{\"@type\":\"ImageObject\",\"inLanguage\":\"es\",\"@id\":\"https:\\\/\\\/www.veltec.eu\\\/en\\\/#\\\/schema\\\/logo\\\/image\\\/\",\"url\":\"https:\\\/\\\/www.veltec.eu\\\/wp-content\\\/uploads\\\/2021\\\/12\\\/Veltec-log-groot-e1537260889125.png\",\"contentUrl\":\"https:\\\/\\\/www.veltec.eu\\\/wp-content\\\/uploads\\\/2021\\\/12\\\/Veltec-log-groot-e1537260889125.png\",\"width\":200,\"height\":60,\"caption\":\"Veltec Kirby Specialist\"},\"image\":{\"@id\":\"https:\\\/\\\/www.veltec.eu\\\/en\\\/#\\\/schema\\\/logo\\\/image\\\/\"},\"sameAs\":[\"https:\\\/\\\/www.facebook.com\\\/Veltec-Kirby-Specialist-236746293374877\\\/\",\"https:\\\/\\\/www.youtube.com\\\/user\\\/VeltecService\"]}]}<\/script>\n<!-- \/ Yoast SEO Premium plugin. -->","yoast_head_json":{"title":"Conector de Manguera Kirby | Acoplamiento de manguera original","description":"Conector de Manguera Kirby original para una fijaci\u00f3n firme. Apta para todos los modelos Kirby y mantiene la m\u00e1xima potencia de succi\u00f3n.","robots":{"index":"index","follow":"follow","max-snippet":"max-snippet:-1","max-image-preview":"max-image-preview:large","max-video-preview":"max-video-preview:-1"},"canonical":"https:\/\/www.veltec.eu\/es\/product\/conector-de-manguera-kirby-nl3159\/","og_locale":"es_ES","og_type":"article","og_title":"Conector de Manguera Kirby","og_description":"La manguera con conector Kirby garantiza una conexi\u00f3n firme y herm\u00e9tica entre la manguera y la aspiradora Kirby. Apta para varios modelos Kirby e ideal para mantener una potencia de succi\u00f3n \u00f3ptima.    En stock   Pedido antes de las 23:59, enviado ma\u00f1ana  &nbsp;","og_url":"https:\/\/www.veltec.eu\/es\/product\/conector-de-manguera-kirby-nl3159\/","og_site_name":"Veltec Kirby specialist","article_publisher":"https:\/\/www.facebook.com\/Veltec-Kirby-Specialist-236746293374877\/","article_modified_time":"2026-03-02T07:58:49+00:00","og_image":[{"width":300,"height":300,"url":"https:\/\/www.veltec.eu\/wp-content\/uploads\/2018\/10\/kirby_connector_slang.jpg","type":"image\/jpeg"}],"twitter_card":"summary_large_image","twitter_misc":{"Tiempo de lectura":"3 minutos"},"schema":{"@context":"https:\/\/schema.org","@graph":[{"@type":"WebPage","@id":"https:\/\/www.veltec.eu\/es\/product\/conector-de-manguera-kirby-nl3159\/","url":"https:\/\/www.veltec.eu\/es\/product\/conector-de-manguera-kirby-nl3159\/","name":"Conector de Manguera Kirby | Acoplamiento de manguera original","isPartOf":{"@id":"https:\/\/www.veltec.eu\/en\/#website"},"primaryImageOfPage":{"@id":"https:\/\/www.veltec.eu\/es\/product\/conector-de-manguera-kirby-nl3159\/#primaryimage"},"image":{"@id":"https:\/\/www.veltec.eu\/es\/product\/conector-de-manguera-kirby-nl3159\/#primaryimage"},"thumbnailUrl":"https:\/\/www.veltec.eu\/wp-content\/uploads\/2018\/10\/kirby_connector_slang.jpg","datePublished":"2018-10-26T11:37:35+00:00","dateModified":"2026-03-02T07:58:49+00:00","description":"Conector de Manguera Kirby original para una fijaci\u00f3n firme. Apta para todos los modelos Kirby y mantiene la m\u00e1xima potencia de succi\u00f3n.","breadcrumb":{"@id":"https:\/\/www.veltec.eu\/es\/product\/conector-de-manguera-kirby-nl3159\/#breadcrumb"},"inLanguage":"es","potentialAction":[{"@type":"ReadAction","target":["https:\/\/www.veltec.eu\/es\/product\/conector-de-manguera-kirby-nl3159\/"]}]},{"@type":"ImageObject","inLanguage":"es","@id":"https:\/\/www.veltec.eu\/es\/product\/conector-de-manguera-kirby-nl3159\/#primaryimage","url":"https:\/\/www.veltec.eu\/wp-content\/uploads\/2018\/10\/kirby_connector_slang.jpg","contentUrl":"https:\/\/www.veltec.eu\/wp-content\/uploads\/2018\/10\/kirby_connector_slang.jpg","width":300,"height":300,"caption":"Conector de Manguera Kirby"},{"@type":"BreadcrumbList","@id":"https:\/\/www.veltec.eu\/es\/product\/conector-de-manguera-kirby-nl3159\/#breadcrumb","itemListElement":[{"@type":"ListItem","position":1,"name":"Home","item":"https:\/\/www.veltec.eu\/es\/"},{"@type":"ListItem","position":2,"name":"Kirby Shop","item":"https:\/\/www.veltec.eu\/nl\/shop-page\/"},{"@type":"ListItem","position":3,"name":"Conector de Manguera Kirby"}]},{"@type":"WebSite","@id":"https:\/\/www.veltec.eu\/en\/#website","url":"https:\/\/www.veltec.eu\/en\/","name":"Veltec Kirby specialist","description":"Kirby stofzuiger producten","publisher":{"@id":"https:\/\/www.veltec.eu\/en\/#organization"},"potentialAction":[{"@type":"SearchAction","target":{"@type":"EntryPoint","urlTemplate":"https:\/\/www.veltec.eu\/en\/?s={search_term_string}"},"query-input":{"@type":"PropertyValueSpecification","valueRequired":true,"valueName":"search_term_string"}}],"inLanguage":"es"},{"@type":"Organization","@id":"https:\/\/www.veltec.eu\/en\/#organization","name":"Veltec Kirby Specialist","url":"https:\/\/www.veltec.eu\/en\/","logo":{"@type":"ImageObject","inLanguage":"es","@id":"https:\/\/www.veltec.eu\/en\/#\/schema\/logo\/image\/","url":"https:\/\/www.veltec.eu\/wp-content\/uploads\/2021\/12\/Veltec-log-groot-e1537260889125.png","contentUrl":"https:\/\/www.veltec.eu\/wp-content\/uploads\/2021\/12\/Veltec-log-groot-e1537260889125.png","width":200,"height":60,"caption":"Veltec Kirby Specialist"},"image":{"@id":"https:\/\/www.veltec.eu\/en\/#\/schema\/logo\/image\/"},"sameAs":["https:\/\/www.facebook.com\/Veltec-Kirby-Specialist-236746293374877\/","https:\/\/www.youtube.com\/user\/VeltecService"]}]}},"_links":{"self":[{"href":"https:\/\/www.veltec.eu\/es\/wp-json\/wp\/v2\/product\/10682","targetHints":{"allow":["GET"]}}],"collection":[{"href":"https:\/\/www.veltec.eu\/es\/wp-json\/wp\/v2\/product"}],"about":[{"href":"https:\/\/www.veltec.eu\/es\/wp-json\/wp\/v2\/types\/product"}],"replies":[{"embeddable":true,"href":"https:\/\/www.veltec.eu\/es\/wp-json\/wp\/v2\/comments?post=10682"}],"wp:featuredmedia":[{"embeddable":true,"href":"https:\/\/www.veltec.eu\/es\/wp-json\/wp\/v2\/media\/8574"}],"wp:attachment":[{"href":"https:\/\/www.veltec.eu\/es\/wp-json\/wp\/v2\/media?parent=10682"}],"wp:term":[{"taxonomy":"product_brand","embeddable":true,"href":"https:\/\/www.veltec.eu\/es\/wp-json\/wp\/v2\/product_brand?post=10682"},{"taxonomy":"product_cat","embeddable":true,"href":"https:\/\/www.veltec.eu\/es\/wp-json\/wp\/v2\/product_cat?post=10682"},{"taxonomy":"product_tag","embeddable":true,"href":"https:\/\/www.veltec.eu\/es\/wp-json\/wp\/v2\/product_tag?post=10682"}],"curies":[{"name":"wp","href":"https:\/\/api.w.org\/{rel}","templated":true}]}}