{"id":10627,"date":"2018-10-26T13:48:17","date_gmt":"2018-10-26T11:48:17","guid":{"rendered":"https:\/\/www.veltec.eu\/kirby-webshop\/tubo-para-aspiradora-kirby-2-metros-nl3167\/"},"modified":"2026-03-02T07:58:07","modified_gmt":"2026-03-02T05:58:07","slug":"tubo-para-aspiradora-kirby-2-metros-nl3167","status":"publish","type":"product","link":"https:\/\/www.veltec.eu\/es\/product\/tubo-para-aspiradora-kirby-2-metros-nl3167\/","title":{"rendered":"Tubo para Aspiradora Kirby 2 Metros"},"content":{"rendered":"<div class=\"text-base my-auto mx-auto [--thread-content-margin:--spacing(4)] @w-sm\/main:[--thread-content-margin:--spacing(6)] @w-lg\/main:[--thread-content-margin:--spacing(16)] px-(--thread-content-margin)\">\n<div class=\"[--thread-content-max-width:40rem] @w-lg\/main:[--thread-content-max-width:48rem] mx-auto max-w-(--thread-content-max-width) flex-1 group\/turn-messages focus-visible:outline-hidden relative flex w-full min-w-0 flex-col agent-turn\" tabindex=\"-1\">\n<div class=\"flex max-w-full flex-col grow\">\n<div class=\"min-h-8 text-message relative flex w-full flex-col items-end gap-2 text-start break-words whitespace-normal [.text-message+&amp;]:mt-1\" dir=\"auto\" data-message-author-role=\"assistant\" data-message-id=\"df68aceb-1f1e-4a47-95ac-9d83deff8a2a\" data-message-model-slug=\"gpt-5-2\">\n<div class=\"flex w-full flex-col gap-1 empty:hidden first:pt-[1px]\">\n<div class=\"markdown prose dark:prose-invert w-full wrap-break-word light markdown-new-styling\">\n<h1 data-start=\"0\" data-end=\"30\">Tubo para Aspiradora Kirby 2 Metros<\/h1>\n<p data-start=\"31\" data-end=\"275\">Apto inmediatamente para un uso intensivo, adem\u00e1s, el tubo para aspiradora Kirby 2 metros se suministra completo con fijaci\u00f3n delantera y trasera. De este modo, se beneficia inmediatamente de una conexi\u00f3n fiable y un flujo de aire \u00f3ptimo durante el aspirado.<\/p>\n<h2 data-start=\"277\" data-end=\"333\">Tubo de aspiradora Kirby para un alcance m\u00e1ximo<\/h2>\n<p data-start=\"334\" data-end=\"667\">En primer lugar, la manguera para aspiradora Kirby de 2 metros ofrece una longitud de dos metros, lo que le proporciona una libertad de movimiento considerablemente mayor. De este modo, podr\u00e1 limpiar sin esfuerzo escaleras, techos y esquinas sin tener que cambiar constantemente de enchufe. Adem\u00e1s, su dise\u00f1o flexible permite limpiar m\u00e1s r\u00e1pidamente los lugares de dif\u00edcil acceso.<\/p>\n<p data-start=\"669\" data-end=\"978\">Adem\u00e1s, esta manguera universal es compatible con pr\u00e1cticamente cualquier aspiradora Kirby, por lo que puede empezar a utilizarla inmediatamente sin necesidad de realizar ajustes. Eche un vistazo a nuestros <a href=\"https:\/\/www.veltec.eu\/es\/accesorios-kirby-comprar\/\" target=\"_blank\" rel=\"noopener\">accesorios Kirby<\/a> para obtener una soluci\u00f3n de limpieza completa. Para obtener m\u00e1s informaci\u00f3n, consulte la gu\u00eda externa: <a href=\"https:\/\/www.servicio-de-aspiradoras-kirby.es\/manguera-aspiradora-kirby\/\" target=\"_blank\" rel=\"noopener\">Todo sobre la manguera de aspiradora Kirby<\/a><\/p>\n<h3 data-start=\"980\" data-end=\"1028\">Tubo para aspiradora Kirby compatible<\/h3>\n<p data-start=\"1029\" data-end=\"1135\">Dise\u00f1ada especialmente para una amplia gama de aplicaciones, la manguera para aspiradora de 2 m se adapta a los siguientes modelos:<\/p>\n<ul data-start=\"1136\" data-end=\"1373\">\n<li data-start=\"1136\" data-end=\"1155\">Avalir Platinum<\/li>\n<li data-start=\"1156\" data-end=\"1168\">Avalir 2<\/li>\n<li data-start=\"1169\" data-end=\"1181\">Avalir 1<\/li>\n<li data-start=\"1182\" data-end=\"1202\">Sentria 2 (G10D)<\/li>\n<li data-start=\"1203\" data-end=\"1222\">Sentria 1 (G10)<\/li>\n<li data-start=\"1223\" data-end=\"1262\">Ultimate G Diamond Edition (G7D\/DE)<\/li>\n<li data-start=\"1263\" data-end=\"1285\">Ultimate G (G7\/UG)<\/li>\n<li data-start=\"1286\" data-end=\"1307\">Generation 6 (G6)<\/li>\n<li data-start=\"1308\" data-end=\"1329\">Generation 5 (G5)<\/li>\n<li data-start=\"1330\" data-end=\"1351\">Generation 4 (G4)<\/li>\n<li data-start=\"1352\" data-end=\"1373\">Generation 3 (G3)<\/li>\n<\/ul>\n<p data-start=\"1375\" data-end=\"1460\">De este modo, tendr\u00e1 la garant\u00eda de disponer de una manguera Kirby universal que se acopla perfectamente al instante.<\/p>\n<h2 data-start=\"1462\" data-end=\"1518\">Tubo para aspiradora Kirby: duradero y fiable<\/h2>\n<p data-start=\"1519\" data-end=\"1819\">La manguera para aspiradora Kirby de 2 metros no solo es flexible, sino que tambi\u00e9n est\u00e1 fabricada con un material resistente que garantiza un rendimiento duradero. Por lo tanto, la manguera es capaz de soportar un uso dom\u00e9stico intensivo. Adem\u00e1s, su s\u00f3lida construcci\u00f3n evita las fugas de aire y que se suelte durante el aspirado.<\/p>\n<p data-start=\"1821\" data-end=\"2026\">Adem\u00e1s, Kirby es conocida por su calidad, por lo que esta manguera Kirby original es una inversi\u00f3n inteligente. Combine la manguera con una nueva <a href=\"https:\/\/www.veltec.eu\/es\/bolsas-de-aspiradora-kirby\/\" target=\"_blank\" rel=\"noopener\">bolsa para aspiradora Kirby<\/a> para obtener una potencia de succi\u00f3n \u00f3ptima.<\/p>\n<h3 data-start=\"2028\" data-end=\"2079\">Kirby Tubo aspirador f\u00e1cil de montar<\/h3>\n<p data-start=\"2080\" data-end=\"2371\">Afortunadamente, la manguera para aspiradora Kirby de 2 metros se monta r\u00e1pidamente y sin herramientas, por lo que la instalaci\u00f3n solo lleva unos segundos. De este modo, cualquier usuario puede sustituir la manguera sin problemas. Adem\u00e1s, el mantenimiento es sencillo, ya que el interior liso ayuda a evitar obstrucciones.<\/p>\n<h2 data-start=\"2490\" data-end=\"2546\">Manguera para aspiradora Kirby para una limpieza higi\u00e9nica<\/h2>\n<p data-start=\"2547\" data-end=\"2826\">Gracias a que la manguera para aspiradora Kirby mantiene un flujo de aire constante, elimina eficazmente el polvo, los al\u00e9rgenos y las part\u00edculas de suciedad. Esto mejora notablemente la calidad del aire en el interior de la vivienda. Se trata de una ventaja importante, especialmente para hogares con mascotas o personas al\u00e9rgicas.<\/p>\n<p data-start=\"2828\" data-end=\"2991\">Adem\u00e1s, gracias a su mayor longitud, podr\u00e1 trabajar de forma m\u00e1s r\u00e1pida y eficiente, lo que reducir\u00e1 el tiempo dedicado a la limpieza. De este modo, dispondr\u00e1 de m\u00e1s tiempo para otras tareas.<\/p>\n<h3 data-start=\"2993\" data-end=\"3038\">Consejos de uso de la manguera para aspiradora Kirby<\/h3>\n<p data-start=\"3039\" data-end=\"3320\">Para obtener un rendimiento \u00f3ptimo, compruebe peri\u00f3dicamente que la manguera de 2 metros del aspirador Kirby no presente obstrucciones ni desgaste. Adem\u00e1s, evite da\u00f1os no aspirando objetos calientes o afilados. Por \u00faltimo, un uso correcto prolongar\u00e1 la vida \u00fatil tanto de la manguera como de su aspirador Kirby.<\/p>\n<\/div>\n<\/div>\n<\/div>\n<\/div>\n<\/div>\n<\/div>\n","protected":false},"excerpt":{"rendered":"<p>La manguera para aspiradora Kirby de 2 metros es una manguera universal y flexible con fijaci\u00f3n completa para una potencia de succi\u00f3n \u00f3ptima. Apta para casi todas las aspiradoras Kirby y f\u00e1cil de montar.<\/p>\n[trustindex data-widget-id=48bbd87242952812953642309d4]\n<h3><span style=\"color: #008000;\"><br \/>\nEn stock<\/span><\/h3>\n[av_font_icon icon='ue812' font='entypo-fontello' style='' caption='' size='25px' position='left' color='#43ad66' link='' linktarget='' title_attr='' sonar_effect_effect='' sonar_effect_color='' sonar_effect_duration='1' sonar_effect_scale='' sonar_effect_opac='0.5' animation='' id='' custom_class='' template_class='' av_uid='' sc_version='1.0' admin_preview_bg=''][\/av_font_icon]\n<p><span style=\"color: #008000;\">Pedido antes de las 23:59, enviado ma\u00f1ana<\/span><\/p>\n<p>&nbsp;<\/p>\n","protected":false},"featured_media":8599,"comment_status":"open","ping_status":"closed","template":"","meta":{"_acf_changed":false},"product_brand":[],"product_cat":[322],"product_tag":[],"class_list":{"0":"post-10627","1":"product","2":"type-product","3":"status-publish","4":"has-post-thumbnail","6":"product_cat-manguera-accesorios-kirby","7":"product_shipping_class-klein-es","9":"first","10":"instock","11":"taxable","12":"shipping-taxable","13":"purchasable","14":"product-type-variable"},"acf":[],"yoast_head":"<!-- This site is optimized with the Yoast SEO Premium plugin v27.1 (Yoast SEO v27.4) - https:\/\/yoast.com\/product\/yoast-seo-premium-wordpress\/ -->\n<title>Tubo para Aspiradora Kirby 2 Metros - Completo y universal<\/title>\n<meta name=\"description\" content=\"Tubo universal para aspiradora Kirby de 2 Metros con fijaci\u00f3n delantera y trasera. Flexible, duradero y apto para todos los modelos Kirby.\" \/>\n<meta name=\"robots\" content=\"index, follow, max-snippet:-1, max-image-preview:large, max-video-preview:-1\" \/>\n<link rel=\"canonical\" href=\"https:\/\/www.veltec.eu\/es\/product\/tubo-para-aspiradora-kirby-2-metros-nl3167\/\" \/>\n<meta property=\"og:locale\" content=\"es_ES\" \/>\n<meta property=\"og:type\" content=\"article\" \/>\n<meta property=\"og:title\" content=\"Tubo para Aspiradora Kirby 2 Metros\" \/>\n<meta property=\"og:description\" content=\"La manguera para aspiradora Kirby de 2 metros es una manguera universal y flexible con fijaci\u00f3n completa para una potencia de succi\u00f3n \u00f3ptima. Apta para casi todas las aspiradoras Kirby y f\u00e1cil de montar.    En stock   Pedido antes de las 23:59, enviado ma\u00f1ana  &nbsp;\" \/>\n<meta property=\"og:url\" content=\"https:\/\/www.veltec.eu\/es\/product\/tubo-para-aspiradora-kirby-2-metros-nl3167\/\" \/>\n<meta property=\"og:site_name\" content=\"Veltec Kirby specialist\" \/>\n<meta property=\"article:publisher\" content=\"https:\/\/www.facebook.com\/Veltec-Kirby-Specialist-236746293374877\/\" \/>\n<meta property=\"article:modified_time\" content=\"2026-03-02T05:58:07+00:00\" \/>\n<meta property=\"og:image\" content=\"https:\/\/www.veltec.eu\/wp-content\/uploads\/2018\/10\/slang_2mtr_1.jpg\" \/>\n\t<meta property=\"og:image:width\" content=\"300\" \/>\n\t<meta property=\"og:image:height\" content=\"300\" \/>\n\t<meta property=\"og:image:type\" content=\"image\/jpeg\" \/>\n<meta name=\"twitter:card\" content=\"summary_large_image\" \/>\n<meta name=\"twitter:label1\" content=\"Tiempo de lectura\" \/>\n\t<meta name=\"twitter:data1\" content=\"3 minutos\" \/>\n<script type=\"application\/ld+json\" class=\"yoast-schema-graph\">{\"@context\":\"https:\\\/\\\/schema.org\",\"@graph\":[{\"@type\":\"WebPage\",\"@id\":\"https:\\\/\\\/www.veltec.eu\\\/es\\\/product\\\/tubo-para-aspiradora-kirby-2-metros-nl3167\\\/\",\"url\":\"https:\\\/\\\/www.veltec.eu\\\/es\\\/product\\\/tubo-para-aspiradora-kirby-2-metros-nl3167\\\/\",\"name\":\"Tubo para Aspiradora Kirby 2 Metros - Completo y universal\",\"isPartOf\":{\"@id\":\"https:\\\/\\\/www.veltec.eu\\\/en\\\/#website\"},\"primaryImageOfPage\":{\"@id\":\"https:\\\/\\\/www.veltec.eu\\\/es\\\/product\\\/tubo-para-aspiradora-kirby-2-metros-nl3167\\\/#primaryimage\"},\"image\":{\"@id\":\"https:\\\/\\\/www.veltec.eu\\\/es\\\/product\\\/tubo-para-aspiradora-kirby-2-metros-nl3167\\\/#primaryimage\"},\"thumbnailUrl\":\"https:\\\/\\\/www.veltec.eu\\\/wp-content\\\/uploads\\\/2018\\\/10\\\/slang_2mtr_1.jpg\",\"datePublished\":\"2018-10-26T11:48:17+00:00\",\"dateModified\":\"2026-03-02T05:58:07+00:00\",\"description\":\"Tubo universal para aspiradora Kirby de 2 Metros con fijaci\u00f3n delantera y trasera. Flexible, duradero y apto para todos los modelos Kirby.\",\"breadcrumb\":{\"@id\":\"https:\\\/\\\/www.veltec.eu\\\/es\\\/product\\\/tubo-para-aspiradora-kirby-2-metros-nl3167\\\/#breadcrumb\"},\"inLanguage\":\"es\",\"potentialAction\":[{\"@type\":\"ReadAction\",\"target\":[\"https:\\\/\\\/www.veltec.eu\\\/es\\\/product\\\/tubo-para-aspiradora-kirby-2-metros-nl3167\\\/\"]}]},{\"@type\":\"ImageObject\",\"inLanguage\":\"es\",\"@id\":\"https:\\\/\\\/www.veltec.eu\\\/es\\\/product\\\/tubo-para-aspiradora-kirby-2-metros-nl3167\\\/#primaryimage\",\"url\":\"https:\\\/\\\/www.veltec.eu\\\/wp-content\\\/uploads\\\/2018\\\/10\\\/slang_2mtr_1.jpg\",\"contentUrl\":\"https:\\\/\\\/www.veltec.eu\\\/wp-content\\\/uploads\\\/2018\\\/10\\\/slang_2mtr_1.jpg\",\"width\":300,\"height\":300,\"caption\":\"Tubo para Aspiradora Kirby 2 Metros\"},{\"@type\":\"BreadcrumbList\",\"@id\":\"https:\\\/\\\/www.veltec.eu\\\/es\\\/product\\\/tubo-para-aspiradora-kirby-2-metros-nl3167\\\/#breadcrumb\",\"itemListElement\":[{\"@type\":\"ListItem\",\"position\":1,\"name\":\"Home\",\"item\":\"https:\\\/\\\/www.veltec.eu\\\/es\\\/\"},{\"@type\":\"ListItem\",\"position\":2,\"name\":\"Kirby Shop\",\"item\":\"https:\\\/\\\/www.veltec.eu\\\/nl\\\/shop-page\\\/\"},{\"@type\":\"ListItem\",\"position\":3,\"name\":\"Tubo para Aspiradora Kirby 2 Metros\"}]},{\"@type\":\"WebSite\",\"@id\":\"https:\\\/\\\/www.veltec.eu\\\/en\\\/#website\",\"url\":\"https:\\\/\\\/www.veltec.eu\\\/en\\\/\",\"name\":\"Veltec Kirby specialist\",\"description\":\"Kirby stofzuiger producten\",\"publisher\":{\"@id\":\"https:\\\/\\\/www.veltec.eu\\\/en\\\/#organization\"},\"potentialAction\":[{\"@type\":\"SearchAction\",\"target\":{\"@type\":\"EntryPoint\",\"urlTemplate\":\"https:\\\/\\\/www.veltec.eu\\\/en\\\/?s={search_term_string}\"},\"query-input\":{\"@type\":\"PropertyValueSpecification\",\"valueRequired\":true,\"valueName\":\"search_term_string\"}}],\"inLanguage\":\"es\"},{\"@type\":\"Organization\",\"@id\":\"https:\\\/\\\/www.veltec.eu\\\/en\\\/#organization\",\"name\":\"Veltec Kirby Specialist\",\"url\":\"https:\\\/\\\/www.veltec.eu\\\/en\\\/\",\"logo\":{\"@type\":\"ImageObject\",\"inLanguage\":\"es\",\"@id\":\"https:\\\/\\\/www.veltec.eu\\\/en\\\/#\\\/schema\\\/logo\\\/image\\\/\",\"url\":\"https:\\\/\\\/www.veltec.eu\\\/wp-content\\\/uploads\\\/2021\\\/12\\\/Veltec-log-groot-e1537260889125.png\",\"contentUrl\":\"https:\\\/\\\/www.veltec.eu\\\/wp-content\\\/uploads\\\/2021\\\/12\\\/Veltec-log-groot-e1537260889125.png\",\"width\":200,\"height\":60,\"caption\":\"Veltec Kirby Specialist\"},\"image\":{\"@id\":\"https:\\\/\\\/www.veltec.eu\\\/en\\\/#\\\/schema\\\/logo\\\/image\\\/\"},\"sameAs\":[\"https:\\\/\\\/www.facebook.com\\\/Veltec-Kirby-Specialist-236746293374877\\\/\",\"https:\\\/\\\/www.youtube.com\\\/user\\\/VeltecService\"]}]}<\/script>\n<!-- \/ Yoast SEO Premium plugin. -->","yoast_head_json":{"title":"Tubo para Aspiradora Kirby 2 Metros - Completo y universal","description":"Tubo universal para aspiradora Kirby de 2 Metros con fijaci\u00f3n delantera y trasera. Flexible, duradero y apto para todos los modelos Kirby.","robots":{"index":"index","follow":"follow","max-snippet":"max-snippet:-1","max-image-preview":"max-image-preview:large","max-video-preview":"max-video-preview:-1"},"canonical":"https:\/\/www.veltec.eu\/es\/product\/tubo-para-aspiradora-kirby-2-metros-nl3167\/","og_locale":"es_ES","og_type":"article","og_title":"Tubo para Aspiradora Kirby 2 Metros","og_description":"La manguera para aspiradora Kirby de 2 metros es una manguera universal y flexible con fijaci\u00f3n completa para una potencia de succi\u00f3n \u00f3ptima. Apta para casi todas las aspiradoras Kirby y f\u00e1cil de montar.    En stock   Pedido antes de las 23:59, enviado ma\u00f1ana  &nbsp;","og_url":"https:\/\/www.veltec.eu\/es\/product\/tubo-para-aspiradora-kirby-2-metros-nl3167\/","og_site_name":"Veltec Kirby specialist","article_publisher":"https:\/\/www.facebook.com\/Veltec-Kirby-Specialist-236746293374877\/","article_modified_time":"2026-03-02T05:58:07+00:00","og_image":[{"width":300,"height":300,"url":"https:\/\/www.veltec.eu\/wp-content\/uploads\/2018\/10\/slang_2mtr_1.jpg","type":"image\/jpeg"}],"twitter_card":"summary_large_image","twitter_misc":{"Tiempo de lectura":"3 minutos"},"schema":{"@context":"https:\/\/schema.org","@graph":[{"@type":"WebPage","@id":"https:\/\/www.veltec.eu\/es\/product\/tubo-para-aspiradora-kirby-2-metros-nl3167\/","url":"https:\/\/www.veltec.eu\/es\/product\/tubo-para-aspiradora-kirby-2-metros-nl3167\/","name":"Tubo para Aspiradora Kirby 2 Metros - Completo y universal","isPartOf":{"@id":"https:\/\/www.veltec.eu\/en\/#website"},"primaryImageOfPage":{"@id":"https:\/\/www.veltec.eu\/es\/product\/tubo-para-aspiradora-kirby-2-metros-nl3167\/#primaryimage"},"image":{"@id":"https:\/\/www.veltec.eu\/es\/product\/tubo-para-aspiradora-kirby-2-metros-nl3167\/#primaryimage"},"thumbnailUrl":"https:\/\/www.veltec.eu\/wp-content\/uploads\/2018\/10\/slang_2mtr_1.jpg","datePublished":"2018-10-26T11:48:17+00:00","dateModified":"2026-03-02T05:58:07+00:00","description":"Tubo universal para aspiradora Kirby de 2 Metros con fijaci\u00f3n delantera y trasera. Flexible, duradero y apto para todos los modelos Kirby.","breadcrumb":{"@id":"https:\/\/www.veltec.eu\/es\/product\/tubo-para-aspiradora-kirby-2-metros-nl3167\/#breadcrumb"},"inLanguage":"es","potentialAction":[{"@type":"ReadAction","target":["https:\/\/www.veltec.eu\/es\/product\/tubo-para-aspiradora-kirby-2-metros-nl3167\/"]}]},{"@type":"ImageObject","inLanguage":"es","@id":"https:\/\/www.veltec.eu\/es\/product\/tubo-para-aspiradora-kirby-2-metros-nl3167\/#primaryimage","url":"https:\/\/www.veltec.eu\/wp-content\/uploads\/2018\/10\/slang_2mtr_1.jpg","contentUrl":"https:\/\/www.veltec.eu\/wp-content\/uploads\/2018\/10\/slang_2mtr_1.jpg","width":300,"height":300,"caption":"Tubo para Aspiradora Kirby 2 Metros"},{"@type":"BreadcrumbList","@id":"https:\/\/www.veltec.eu\/es\/product\/tubo-para-aspiradora-kirby-2-metros-nl3167\/#breadcrumb","itemListElement":[{"@type":"ListItem","position":1,"name":"Home","item":"https:\/\/www.veltec.eu\/es\/"},{"@type":"ListItem","position":2,"name":"Kirby Shop","item":"https:\/\/www.veltec.eu\/nl\/shop-page\/"},{"@type":"ListItem","position":3,"name":"Tubo para Aspiradora Kirby 2 Metros"}]},{"@type":"WebSite","@id":"https:\/\/www.veltec.eu\/en\/#website","url":"https:\/\/www.veltec.eu\/en\/","name":"Veltec Kirby specialist","description":"Kirby stofzuiger producten","publisher":{"@id":"https:\/\/www.veltec.eu\/en\/#organization"},"potentialAction":[{"@type":"SearchAction","target":{"@type":"EntryPoint","urlTemplate":"https:\/\/www.veltec.eu\/en\/?s={search_term_string}"},"query-input":{"@type":"PropertyValueSpecification","valueRequired":true,"valueName":"search_term_string"}}],"inLanguage":"es"},{"@type":"Organization","@id":"https:\/\/www.veltec.eu\/en\/#organization","name":"Veltec Kirby Specialist","url":"https:\/\/www.veltec.eu\/en\/","logo":{"@type":"ImageObject","inLanguage":"es","@id":"https:\/\/www.veltec.eu\/en\/#\/schema\/logo\/image\/","url":"https:\/\/www.veltec.eu\/wp-content\/uploads\/2021\/12\/Veltec-log-groot-e1537260889125.png","contentUrl":"https:\/\/www.veltec.eu\/wp-content\/uploads\/2021\/12\/Veltec-log-groot-e1537260889125.png","width":200,"height":60,"caption":"Veltec Kirby Specialist"},"image":{"@id":"https:\/\/www.veltec.eu\/en\/#\/schema\/logo\/image\/"},"sameAs":["https:\/\/www.facebook.com\/Veltec-Kirby-Specialist-236746293374877\/","https:\/\/www.youtube.com\/user\/VeltecService"]}]}},"_links":{"self":[{"href":"https:\/\/www.veltec.eu\/es\/wp-json\/wp\/v2\/product\/10627","targetHints":{"allow":["GET"]}}],"collection":[{"href":"https:\/\/www.veltec.eu\/es\/wp-json\/wp\/v2\/product"}],"about":[{"href":"https:\/\/www.veltec.eu\/es\/wp-json\/wp\/v2\/types\/product"}],"replies":[{"embeddable":true,"href":"https:\/\/www.veltec.eu\/es\/wp-json\/wp\/v2\/comments?post=10627"}],"wp:featuredmedia":[{"embeddable":true,"href":"https:\/\/www.veltec.eu\/es\/wp-json\/wp\/v2\/media\/8599"}],"wp:attachment":[{"href":"https:\/\/www.veltec.eu\/es\/wp-json\/wp\/v2\/media?parent=10627"}],"wp:term":[{"taxonomy":"product_brand","embeddable":true,"href":"https:\/\/www.veltec.eu\/es\/wp-json\/wp\/v2\/product_brand?post=10627"},{"taxonomy":"product_cat","embeddable":true,"href":"https:\/\/www.veltec.eu\/es\/wp-json\/wp\/v2\/product_cat?post=10627"},{"taxonomy":"product_tag","embeddable":true,"href":"https:\/\/www.veltec.eu\/es\/wp-json\/wp\/v2\/product_tag?post=10627"}],"curies":[{"name":"wp","href":"https:\/\/api.w.org\/{rel}","templated":true}]}}