{"id":10572,"date":"2018-10-26T13:58:37","date_gmt":"2018-10-26T11:58:37","guid":{"rendered":"https:\/\/www.veltec.eu\/kirby-webshop\/tubo-para-aspiradora-kirby-4-metros-nl3168\/"},"modified":"2026-03-02T07:46:51","modified_gmt":"2026-03-02T05:46:51","slug":"tubo-para-aspiradora-kirby-4-metros-nl3168","status":"publish","type":"product","link":"https:\/\/www.veltec.eu\/es\/product\/tubo-para-aspiradora-kirby-4-metros-nl3168\/","title":{"rendered":"Tubo para Aspiradora Kirby 4 Metros"},"content":{"rendered":"<h1 data-start=\"0\" data-end=\"37\">Tubo para Aspiradora Kirby 4 Metros<\/h1>\n<p data-start=\"39\" data-end=\"265\">El Tubo para Aspiradora Kirby 4 Metros es una manguera completa y extra larga con conexi\u00f3n delantera y trasera. Este pr\u00e1ctico repuesto garantiza m\u00e1xima libertad de movimiento y un rendimiento \u00f3ptimo de su aspiradora Kirby.<\/p>\n<h2 data-start=\"267\" data-end=\"294\">Compatibilidad Universal<\/h2>\n<p data-start=\"296\" data-end=\"506\">El tubo para aspiradora ha sido dise\u00f1ado de forma universal, por lo que es compatible con casi todos los modelos de Kirby. De este modo, no tendr\u00e1 que preocuparse por la conexi\u00f3n o el ajuste.<\/p>\n<p data-start=\"508\" data-end=\"550\">Compatible con los siguientes modelos:<\/p>\n<ul data-start=\"546\" data-end=\"787\">\n<li data-start=\"546\" data-end=\"565\">Avalir Platinum<\/li>\n<li data-start=\"566\" data-end=\"578\">Avalir 2<\/li>\n<li data-start=\"579\" data-end=\"591\">Avalir 1<\/li>\n<li data-start=\"592\" data-end=\"612\">Sentria 2 (G10D)<\/li>\n<li data-start=\"613\" data-end=\"632\">Sentria 1 (G10)<\/li>\n<li data-start=\"633\" data-end=\"674\">Ultimate G Diamond Edition (G7D \/ DE)<\/li>\n<li data-start=\"675\" data-end=\"699\">Ultimate G (G7 \/ UG)<\/li>\n<li data-start=\"700\" data-end=\"721\">Generation 6 (G6)<\/li>\n<li data-start=\"722\" data-end=\"743\">Generation 5 (G5)<\/li>\n<li data-start=\"744\" data-end=\"765\">Generation 4 (G4)<\/li>\n<li data-start=\"766\" data-end=\"787\">Generation 3 (G3)<\/li>\n<\/ul>\n<p data-start=\"795\" data-end=\"887\">Adem\u00e1s, esta manguera es un sustituto ideal para mangueras originales desgastadas o da\u00f1adas.<\/p>\n<h2 data-start=\"889\" data-end=\"947\">\u00bfPor qu\u00e9 elegir el Tubo para Aspiradora Kirby ?<\/h2>\n<h3 data-start=\"949\" data-end=\"970\">Fiable y duradero<\/h3>\n<p data-start=\"972\" data-end=\"1222\">En primer lugar, el tubo para aspiradora\u00a0est\u00e1 fabricado con materiales de alta calidad, lo que ayuda a prevenir eficazmente el desgaste y las roturas. Gracias a ello, disfrutar\u00e1 de una larga vida \u00fatil y menores costes de reemplazo.<\/p>\n<p data-start=\"1224\" data-end=\"1336\">Asimismo, la manguera mantiene su forma incluso durante un uso intensivo, garantizando un rendimiento constante.<\/p>\n<h3 data-start=\"1338\" data-end=\"1368\">Potencia de succi\u00f3n \u00f3ptima<\/h3>\n<p data-start=\"1370\" data-end=\"1584\">Gracias al flujo de aire optimizado, el manguera para aspiradoras Kirby ofrece un excelente rendimiento de aspiraci\u00f3n. De este modo, la aspiradora Kirby elimina el polvo, la suciedad y el pelo de forma m\u00e1s eficaz.<\/p>\n<p data-start=\"1586\" data-end=\"1742\">Adem\u00e1s, su estructura resistente favorece una conducci\u00f3n estable del aire, permitiendo que el motor rinda al m\u00e1ximo en alfombras, suelos duros y tapicer\u00edas.<\/p>\n<h2 data-start=\"1744\" data-end=\"1803\">Comodidad de uso del Tubo para Aspiradora Kirby<\/h2>\n<h3 data-start=\"1805\" data-end=\"1829\">Instalaci\u00f3n sencilla<\/h3>\n<p data-start=\"1831\" data-end=\"2023\">A continuaci\u00f3n, el tubo para aspiradora Kirby\u00a0se instala r\u00e1pida y f\u00e1cilmente sin necesidad de herramientas. De esta forma, podr\u00e1 volver a utilizar su aspiradora casi de inmediato.<\/p>\n<p data-start=\"2088\" data-end=\"2206\">Adem\u00e1s, puede buscar accesorios a juego en: <a href=\"https:\/\/www.veltec.eu\/es\/accesorios-kirby-comprar\/\" target=\"_blank\" rel=\"noopener\">Accesorios Kirby<\/a> y <a href=\"https:\/\/www.veltec.eu\/es\/bolsas-de-aspiradora-kirby\/\" target=\"_blank\" rel=\"noopener\">Bolsas para aspiradoras Kirby.<\/a><\/p>\n<h3 data-start=\"2208\" data-end=\"2234\">Extra largo y flexible<\/h3>\n<p data-start=\"2236\" data-end=\"2469\">Con una longitud de nada menos que 4 metros, el tubo para aspiradora Kirby\u00a0ofrece un alcance considerablemente mayor. As\u00ed podr\u00e1 limpiar sin esfuerzo debajo de muebles, detr\u00e1s de electrodom\u00e9sticos y en espacios reducidos.<\/p>\n<p>Por otra parte, su estructura flexible evita torceduras y dobleces durante el uso, haciendo la limpieza m\u00e1s c\u00f3moda.<\/p>\n<h2 data-start=\"2588\" data-end=\"2644\">Mantenimiento del Tubo para Aspiradora Kirby 4 Metros<\/h2>\n<p data-start=\"2646\" data-end=\"2787\">El mantenimiento del manguera de 4 metros para aspiradoras Kirby\u00a0es sencillo y r\u00e1pido. Puede limpiarlo f\u00e1cilmente con un pa\u00f1o ligeramente h\u00famedo.<\/p>\n<p data-start=\"2789\" data-end=\"2887\">De este modo, el flujo de aire se mantiene \u00f3ptimo y su aspiradora Kirby conserva toda su potencia.<\/p>\n<p data-start=\"2889\" data-end=\"2983\">Para m\u00e1s informaci\u00f3n, consulte la gu\u00eda del blog: <a href=\"https:\/\/www.servicio-de-aspiradoras-kirby.es\/manguera-aspiradora-kirby\/\" target=\"_blank\" rel=\"noopener\"><em data-start=\"2938\" data-end=\"2982\">Todo sobre la manguera de aspiradora Kirby<\/em>.<\/a><\/p>\n<h2 data-start=\"2985\" data-end=\"3036\">Ventajas del Tubo para Aspiradora Kirby 4 Metros<\/h2>\n<p data-start=\"3038\" data-end=\"3247\">En resumen, el tubo para aspiradora Kirby 4 Metros combina durabilidad, flexibilidad y alto rendimiento en un solo componente fiable. Por ello, es una inversi\u00f3n inteligente para cualquier usuario de Kirby.<\/p>\n<p data-start=\"3249\" data-end=\"3430\" data-is-last-node=\"\" data-is-only-node=\"\">Ya sea para reemplazar o mejorar su equipo, con esta manguera extra larga su aspiradora volver\u00e1 a funcionar de forma eficiente y c\u00f3moda. Pida la suya hoy mismo y note la diferencia.<\/p>\n","protected":false},"excerpt":{"rendered":"<p>Tubo para aspiradora de 4 metros,\u00a0es una manguera de repuesto completa y flexible con acoplamiento delantero y trasero. Apta para todas las aspiradoras Kirby e ideal para un mayor alcance.<\/p>\n[trustindex data-widget-id=48bbd87242952812953642309d4]\n<h3><span style=\"color: #008000;\"><br \/>\nEn stock<\/span><\/h3>\n[av_font_icon icon='ue812' font='entypo-fontello' style='' caption='' size='25px' position='left' color='#43ad66' link='' linktarget='' title_attr='' sonar_effect_effect='' sonar_effect_color='' sonar_effect_duration='1' sonar_effect_scale='' sonar_effect_opac='0.5' animation='' id='' custom_class='' template_class='' av_uid='' sc_version='1.0' admin_preview_bg=''][\/av_font_icon]\n<p><span style=\"color: #008000;\">Pedido antes de las 23:59, enviado ma\u00f1ana<\/span><\/p>\n<p>&nbsp;<\/p>\n","protected":false},"featured_media":8622,"comment_status":"open","ping_status":"closed","template":"","meta":[],"product_brand":[],"product_cat":[322],"product_tag":[],"class_list":{"0":"post-10572","1":"product","2":"type-product","3":"status-publish","4":"has-post-thumbnail","6":"product_cat-manguera-accesorios-kirby","7":"product_shipping_class-klein-es","9":"first","10":"instock","11":"taxable","12":"shipping-taxable","13":"purchasable","14":"product-type-variable"},"yoast_head":"<!-- This site is optimized with the Yoast SEO Premium plugin v27.1 (Yoast SEO v27.3) - https:\/\/yoast.com\/product\/yoast-seo-premium-wordpress\/ -->\n<title>Tubo para Aspiradora Kirby 4 Metros - Manguera universal<\/title>\n<meta name=\"description\" content=\"Tubo para Aspiradora Kirby 4 Metros - Completo con acoplamiento delantero y trasero. Extra largo y flexible. Apta para todas las aspiradoras Kirby.\" \/>\n<meta name=\"robots\" content=\"index, follow, max-snippet:-1, max-image-preview:large, max-video-preview:-1\" \/>\n<link rel=\"canonical\" href=\"https:\/\/www.veltec.eu\/nl\/product\/kirby-stofzuigerslang-4mtr-nl3168\/\" \/>\n<meta property=\"og:locale\" content=\"es_ES\" \/>\n<meta property=\"og:type\" content=\"article\" \/>\n<meta property=\"og:title\" content=\"Tubo para Aspiradora Kirby 4 Metros\" \/>\n<meta property=\"og:description\" content=\"Tubo para aspiradora de 4 metros,\u00a0es una manguera de repuesto completa y flexible con acoplamiento delantero y trasero. Apta para todas las aspiradoras Kirby e ideal para un mayor alcance.    En stock   Pedido antes de las 23:59, enviado ma\u00f1ana  &nbsp;\" \/>\n<meta property=\"og:url\" content=\"https:\/\/www.veltec.eu\/nl\/product\/kirby-stofzuigerslang-4mtr-nl3168\/\" \/>\n<meta property=\"og:site_name\" content=\"Veltec Kirby specialist\" \/>\n<meta property=\"article:publisher\" content=\"https:\/\/www.facebook.com\/Veltec-Kirby-Specialist-236746293374877\/\" \/>\n<meta property=\"article:modified_time\" content=\"2026-03-02T05:46:51+00:00\" \/>\n<meta property=\"og:image\" content=\"https:\/\/www.veltec.eu\/wp-content\/uploads\/2018\/10\/slang_4mtr_1.jpg\" \/>\n\t<meta property=\"og:image:width\" content=\"300\" \/>\n\t<meta property=\"og:image:height\" content=\"300\" \/>\n\t<meta property=\"og:image:type\" content=\"image\/jpeg\" \/>\n<meta name=\"twitter:card\" content=\"summary_large_image\" \/>\n<meta name=\"twitter:label1\" content=\"Tiempo de lectura\" \/>\n\t<meta name=\"twitter:data1\" content=\"3 minutos\" \/>\n<script type=\"application\/ld+json\" class=\"yoast-schema-graph\">{\"@context\":\"https:\\\/\\\/schema.org\",\"@graph\":[{\"@type\":\"WebPage\",\"@id\":\"https:\\\/\\\/www.veltec.eu\\\/nl\\\/product\\\/kirby-stofzuigerslang-4mtr-nl3168\\\/\",\"url\":\"https:\\\/\\\/www.veltec.eu\\\/nl\\\/product\\\/kirby-stofzuigerslang-4mtr-nl3168\\\/\",\"name\":\"Tubo para Aspiradora Kirby 4 Metros - Manguera universal\",\"isPartOf\":{\"@id\":\"https:\\\/\\\/www.veltec.eu\\\/en\\\/#website\"},\"primaryImageOfPage\":{\"@id\":\"https:\\\/\\\/www.veltec.eu\\\/nl\\\/product\\\/kirby-stofzuigerslang-4mtr-nl3168\\\/#primaryimage\"},\"image\":{\"@id\":\"https:\\\/\\\/www.veltec.eu\\\/nl\\\/product\\\/kirby-stofzuigerslang-4mtr-nl3168\\\/#primaryimage\"},\"thumbnailUrl\":\"https:\\\/\\\/www.veltec.eu\\\/wp-content\\\/uploads\\\/2018\\\/10\\\/slang_4mtr_1.jpg\",\"datePublished\":\"2018-10-26T11:58:37+00:00\",\"dateModified\":\"2026-03-02T05:46:51+00:00\",\"description\":\"Tubo para Aspiradora Kirby 4 Metros - Completo con acoplamiento delantero y trasero. Extra largo y flexible. Apta para todas las aspiradoras Kirby.\",\"breadcrumb\":{\"@id\":\"https:\\\/\\\/www.veltec.eu\\\/nl\\\/product\\\/kirby-stofzuigerslang-4mtr-nl3168\\\/#breadcrumb\"},\"inLanguage\":\"es\",\"potentialAction\":[{\"@type\":\"ReadAction\",\"target\":[\"https:\\\/\\\/www.veltec.eu\\\/nl\\\/product\\\/kirby-stofzuigerslang-4mtr-nl3168\\\/\"]}]},{\"@type\":\"ImageObject\",\"inLanguage\":\"es\",\"@id\":\"https:\\\/\\\/www.veltec.eu\\\/nl\\\/product\\\/kirby-stofzuigerslang-4mtr-nl3168\\\/#primaryimage\",\"url\":\"https:\\\/\\\/www.veltec.eu\\\/wp-content\\\/uploads\\\/2018\\\/10\\\/slang_4mtr_1.jpg\",\"contentUrl\":\"https:\\\/\\\/www.veltec.eu\\\/wp-content\\\/uploads\\\/2018\\\/10\\\/slang_4mtr_1.jpg\",\"width\":300,\"height\":300,\"caption\":\"Tubo para aspiradora Kirby 4 metros\"},{\"@type\":\"BreadcrumbList\",\"@id\":\"https:\\\/\\\/www.veltec.eu\\\/nl\\\/product\\\/kirby-stofzuigerslang-4mtr-nl3168\\\/#breadcrumb\",\"itemListElement\":[{\"@type\":\"ListItem\",\"position\":1,\"name\":\"Home\",\"item\":\"https:\\\/\\\/www.veltec.eu\\\/es\\\/\"},{\"@type\":\"ListItem\",\"position\":2,\"name\":\"Produits\",\"item\":\"https:\\\/\\\/www.veltec.eu\\\/fr\\\/shop\\\/\"},{\"@type\":\"ListItem\",\"position\":3,\"name\":\"Tubo para Aspiradora Kirby 4 Metros\"}]},{\"@type\":\"WebSite\",\"@id\":\"https:\\\/\\\/www.veltec.eu\\\/en\\\/#website\",\"url\":\"https:\\\/\\\/www.veltec.eu\\\/en\\\/\",\"name\":\"Veltec Kirby specialist\",\"description\":\"Kirby stofzuiger producten\",\"publisher\":{\"@id\":\"https:\\\/\\\/www.veltec.eu\\\/en\\\/#organization\"},\"potentialAction\":[{\"@type\":\"SearchAction\",\"target\":{\"@type\":\"EntryPoint\",\"urlTemplate\":\"https:\\\/\\\/www.veltec.eu\\\/en\\\/?s={search_term_string}\"},\"query-input\":{\"@type\":\"PropertyValueSpecification\",\"valueRequired\":true,\"valueName\":\"search_term_string\"}}],\"inLanguage\":\"es\"},{\"@type\":\"Organization\",\"@id\":\"https:\\\/\\\/www.veltec.eu\\\/en\\\/#organization\",\"name\":\"Veltec Kirby Specialist\",\"url\":\"https:\\\/\\\/www.veltec.eu\\\/en\\\/\",\"logo\":{\"@type\":\"ImageObject\",\"inLanguage\":\"es\",\"@id\":\"https:\\\/\\\/www.veltec.eu\\\/en\\\/#\\\/schema\\\/logo\\\/image\\\/\",\"url\":\"https:\\\/\\\/www.veltec.eu\\\/wp-content\\\/uploads\\\/2021\\\/12\\\/Veltec-log-groot-e1537260889125.png\",\"contentUrl\":\"https:\\\/\\\/www.veltec.eu\\\/wp-content\\\/uploads\\\/2021\\\/12\\\/Veltec-log-groot-e1537260889125.png\",\"width\":200,\"height\":60,\"caption\":\"Veltec Kirby Specialist\"},\"image\":{\"@id\":\"https:\\\/\\\/www.veltec.eu\\\/en\\\/#\\\/schema\\\/logo\\\/image\\\/\"},\"sameAs\":[\"https:\\\/\\\/www.facebook.com\\\/Veltec-Kirby-Specialist-236746293374877\\\/\",\"https:\\\/\\\/www.youtube.com\\\/user\\\/VeltecService\"]}]}<\/script>\n<!-- \/ Yoast SEO Premium plugin. -->","yoast_head_json":{"title":"Tubo para Aspiradora Kirby 4 Metros - Manguera universal","description":"Tubo para Aspiradora Kirby 4 Metros - Completo con acoplamiento delantero y trasero. Extra largo y flexible. Apta para todas las aspiradoras Kirby.","robots":{"index":"index","follow":"follow","max-snippet":"max-snippet:-1","max-image-preview":"max-image-preview:large","max-video-preview":"max-video-preview:-1"},"canonical":"https:\/\/www.veltec.eu\/nl\/product\/kirby-stofzuigerslang-4mtr-nl3168\/","og_locale":"es_ES","og_type":"article","og_title":"Tubo para Aspiradora Kirby 4 Metros","og_description":"Tubo para aspiradora de 4 metros,\u00a0es una manguera de repuesto completa y flexible con acoplamiento delantero y trasero. Apta para todas las aspiradoras Kirby e ideal para un mayor alcance.    En stock   Pedido antes de las 23:59, enviado ma\u00f1ana  &nbsp;","og_url":"https:\/\/www.veltec.eu\/nl\/product\/kirby-stofzuigerslang-4mtr-nl3168\/","og_site_name":"Veltec Kirby specialist","article_publisher":"https:\/\/www.facebook.com\/Veltec-Kirby-Specialist-236746293374877\/","article_modified_time":"2026-03-02T05:46:51+00:00","og_image":[{"width":300,"height":300,"url":"https:\/\/www.veltec.eu\/wp-content\/uploads\/2018\/10\/slang_4mtr_1.jpg","type":"image\/jpeg"}],"twitter_card":"summary_large_image","twitter_misc":{"Tiempo de lectura":"3 minutos"},"schema":{"@context":"https:\/\/schema.org","@graph":[{"@type":"WebPage","@id":"https:\/\/www.veltec.eu\/nl\/product\/kirby-stofzuigerslang-4mtr-nl3168\/","url":"https:\/\/www.veltec.eu\/nl\/product\/kirby-stofzuigerslang-4mtr-nl3168\/","name":"Tubo para Aspiradora Kirby 4 Metros - Manguera universal","isPartOf":{"@id":"https:\/\/www.veltec.eu\/en\/#website"},"primaryImageOfPage":{"@id":"https:\/\/www.veltec.eu\/nl\/product\/kirby-stofzuigerslang-4mtr-nl3168\/#primaryimage"},"image":{"@id":"https:\/\/www.veltec.eu\/nl\/product\/kirby-stofzuigerslang-4mtr-nl3168\/#primaryimage"},"thumbnailUrl":"https:\/\/www.veltec.eu\/wp-content\/uploads\/2018\/10\/slang_4mtr_1.jpg","datePublished":"2018-10-26T11:58:37+00:00","dateModified":"2026-03-02T05:46:51+00:00","description":"Tubo para Aspiradora Kirby 4 Metros - Completo con acoplamiento delantero y trasero. Extra largo y flexible. Apta para todas las aspiradoras Kirby.","breadcrumb":{"@id":"https:\/\/www.veltec.eu\/nl\/product\/kirby-stofzuigerslang-4mtr-nl3168\/#breadcrumb"},"inLanguage":"es","potentialAction":[{"@type":"ReadAction","target":["https:\/\/www.veltec.eu\/nl\/product\/kirby-stofzuigerslang-4mtr-nl3168\/"]}]},{"@type":"ImageObject","inLanguage":"es","@id":"https:\/\/www.veltec.eu\/nl\/product\/kirby-stofzuigerslang-4mtr-nl3168\/#primaryimage","url":"https:\/\/www.veltec.eu\/wp-content\/uploads\/2018\/10\/slang_4mtr_1.jpg","contentUrl":"https:\/\/www.veltec.eu\/wp-content\/uploads\/2018\/10\/slang_4mtr_1.jpg","width":300,"height":300,"caption":"Tubo para aspiradora Kirby 4 metros"},{"@type":"BreadcrumbList","@id":"https:\/\/www.veltec.eu\/nl\/product\/kirby-stofzuigerslang-4mtr-nl3168\/#breadcrumb","itemListElement":[{"@type":"ListItem","position":1,"name":"Home","item":"https:\/\/www.veltec.eu\/es\/"},{"@type":"ListItem","position":2,"name":"Produits","item":"https:\/\/www.veltec.eu\/fr\/shop\/"},{"@type":"ListItem","position":3,"name":"Tubo para Aspiradora Kirby 4 Metros"}]},{"@type":"WebSite","@id":"https:\/\/www.veltec.eu\/en\/#website","url":"https:\/\/www.veltec.eu\/en\/","name":"Veltec Kirby specialist","description":"Kirby stofzuiger producten","publisher":{"@id":"https:\/\/www.veltec.eu\/en\/#organization"},"potentialAction":[{"@type":"SearchAction","target":{"@type":"EntryPoint","urlTemplate":"https:\/\/www.veltec.eu\/en\/?s={search_term_string}"},"query-input":{"@type":"PropertyValueSpecification","valueRequired":true,"valueName":"search_term_string"}}],"inLanguage":"es"},{"@type":"Organization","@id":"https:\/\/www.veltec.eu\/en\/#organization","name":"Veltec Kirby Specialist","url":"https:\/\/www.veltec.eu\/en\/","logo":{"@type":"ImageObject","inLanguage":"es","@id":"https:\/\/www.veltec.eu\/en\/#\/schema\/logo\/image\/","url":"https:\/\/www.veltec.eu\/wp-content\/uploads\/2021\/12\/Veltec-log-groot-e1537260889125.png","contentUrl":"https:\/\/www.veltec.eu\/wp-content\/uploads\/2021\/12\/Veltec-log-groot-e1537260889125.png","width":200,"height":60,"caption":"Veltec Kirby Specialist"},"image":{"@id":"https:\/\/www.veltec.eu\/en\/#\/schema\/logo\/image\/"},"sameAs":["https:\/\/www.facebook.com\/Veltec-Kirby-Specialist-236746293374877\/","https:\/\/www.youtube.com\/user\/VeltecService"]}]}},"_links":{"self":[{"href":"https:\/\/www.veltec.eu\/es\/wp-json\/wp\/v2\/product\/10572","targetHints":{"allow":["GET"]}}],"collection":[{"href":"https:\/\/www.veltec.eu\/es\/wp-json\/wp\/v2\/product"}],"about":[{"href":"https:\/\/www.veltec.eu\/es\/wp-json\/wp\/v2\/types\/product"}],"replies":[{"embeddable":true,"href":"https:\/\/www.veltec.eu\/es\/wp-json\/wp\/v2\/comments?post=10572"}],"wp:featuredmedia":[{"embeddable":true,"href":"https:\/\/www.veltec.eu\/es\/wp-json\/wp\/v2\/media\/8622"}],"wp:attachment":[{"href":"https:\/\/www.veltec.eu\/es\/wp-json\/wp\/v2\/media?parent=10572"}],"wp:term":[{"taxonomy":"product_brand","embeddable":true,"href":"https:\/\/www.veltec.eu\/es\/wp-json\/wp\/v2\/product_brand?post=10572"},{"taxonomy":"product_cat","embeddable":true,"href":"https:\/\/www.veltec.eu\/es\/wp-json\/wp\/v2\/product_cat?post=10572"},{"taxonomy":"product_tag","embeddable":true,"href":"https:\/\/www.veltec.eu\/es\/wp-json\/wp\/v2\/product_tag?post=10572"}],"curies":[{"name":"wp","href":"https:\/\/api.w.org\/{rel}","templated":true}]}}