{"id":10387,"date":"2018-10-30T09:53:58","date_gmt":"2018-10-30T07:53:58","guid":{"rendered":"https:\/\/www.veltec.eu\/kirby-webshop\/tapa-kirby-nl3017\/"},"modified":"2025-04-08T15:50:07","modified_gmt":"2025-04-08T13:50:07","slug":"tapa-kirby-nl3017","status":"publish","type":"product","link":"https:\/\/www.veltec.eu\/es\/product\/tapa-kirby-nl3017\/","title":{"rendered":"Tapa Kirby"},"content":{"rendered":"<h2>Kirby Tapa &#8211; Protecci\u00f3n duradera y ajuste perfecto<\/h2>\n<p>\u00bfBusca una soluci\u00f3n fiable para que su aspiradora Kirby vuelva a funcionar como nueva? Entonces la Tapa Kirby es exactamente lo que necesita. Esta tapa de pl\u00e1stico de alta calidad no s\u00f3lo proporciona un acabado impecable a la parte superior de su aspiradora, sino que tambi\u00e9n garantiza que el cable el\u00e9ctrico est\u00e9 guiado de forma segura y estable gracias al pr\u00e1ctico hueco para aliviar la tensi\u00f3n. Esto significa que puede utilizar su Kirby sin preocupaciones, en todo momento.<\/p>\n<p><strong>Esta tapa es apta para todas las aspiradoras Kirby;<\/strong><\/p>\n<ul>\n<li>Avalir Platinum<\/li>\n<li>Avalir 2<\/li>\n<li>Avalir 1<\/li>\n<li>Sentria 2 (G10D)<\/li>\n<li>Sentria 1 (G10)<\/li>\n<li>Ultimate G Diamond Ed.(G7D or DE)<\/li>\n<li>Ultimate G (G7 or UG)<\/li>\n<li>Generation 6 (G6)<\/li>\n<li>Generation 5 (G5)<\/li>\n<li>Generation 4 (G4)<\/li>\n<li>Generation 3 (G3)<\/li>\n<\/ul>\n<p><a href=\"https:\/\/www.veltec.eu\/es\/cubierta-kirby\/\">Aqu\u00ed encontrar\u00e1 todas las carcasas Kirby<\/a><\/p>\n<h3>\u00bfPor qu\u00e9 elegir esta tapa original Kirby?<\/h3>\n<p>En primer lugar, esta tapa de cubierta est\u00e1 especialmente dise\u00f1ada para todos los modelos de aspiradoras Kirby. Esto significa que no tiene que preocuparse por la compatibilidad, porque esta tapa est\u00e1 garantizada para todos los modelos Kirby. Adem\u00e1s, la tapa est\u00e1 fabricada con pl\u00e1stico resistente que puede soportar un uso intensivo. Como resultado, durar\u00e1 a\u00f1os, incluso con el uso diario de la aspiradora.<\/p>\n<p>Lo que hace que esta funda sea \u00fanica es el hueco para la descarga de tracci\u00f3n del cable. Esta caracter\u00edstica evita que el cable se da\u00f1e o se afloje, lo que contribuye a alargar la vida de su aspiradora. Como resultado, no tendr\u00e1 que preocuparse por aver\u00edas inesperadas o reparaciones costosas. En resumen, esta tapa Kirby es una inversi\u00f3n pr\u00e1ctica y sostenible.<\/p>\n<h3>F\u00e1cil instalaci\u00f3n y listo para usar de inmediato<\/h3>\n<p>Instalar el tap\u00f3n es sorprendentemente f\u00e1cil. Gracias a su dise\u00f1o bien pensado, puede colocar esta tapa sin necesidad de herramientas. Esto significa que puede volver a sus tareas de limpieza en cuesti\u00f3n de minutos, sin demoras ni frustraciones innecesarias. Adem\u00e1s, una vez instalada, la tapa queda firmemente sujeta, lo que garantiza un funcionamiento seguro y estable.<\/p>\n<p>Una ventaja adicional es que esta funda no s\u00f3lo tiene un aspecto funcional, sino que tambi\u00e9n garantiza un acabado profesional de su aspiradora Kirby. Esto hace que su aparato vuelva a parecer nuevo, lo que no s\u00f3lo es agradable para usted, sino tambi\u00e9n una ventaja si est\u00e1 pensando en revender su aspiradora.<\/p>\n<h2>Resumen: las ventajas de la tapa protectora Kirby<\/h2>\n<ul>\n<li>Ajuste universal &#8211; Apta para todos los modelos Kirby<\/li>\n<li>Material pl\u00e1stico resistente &#8211; Durar\u00e1 a\u00f1os<\/li>\n<li>Hueco para aliviar la tensi\u00f3n &#8211; Protege el cable<\/li>\n<li>F\u00e1cil montaje &#8211; No necesita herramientas<\/li>\n<li>Aspecto profesional &#8211; Deje que su aspiradora vuelva a brillar<\/li>\n<\/ul>\n<p>Si valora la calidad, la durabilidad y la facilidad de uso, esta tapa protectora Kirby es sin duda la elecci\u00f3n correcta. Por lo tanto, no lo dude m\u00e1s y dele a su aspiradora la protecci\u00f3n que se merece. P\u00eddalo hoy mismo y compruebe usted mismo la diferencia.<\/p>\n","protected":false},"excerpt":{"rendered":"<p>Tapa para la cubierta del motor.<\/p>\n[trustindex data-widget-id=48bbd87242952812953642309d4]\n<h3><span style=\"color: #008000;\"><br \/>\nEn stock<\/span><\/h3>\n[av_font_icon icon='ue812' font='entypo-fontello' style='' caption='' size='25px' position='left' color='#43ad66' link='' linktarget='' title_attr='' sonar_effect_effect='' sonar_effect_color='' sonar_effect_duration='1' sonar_effect_scale='' sonar_effect_opac='0.5' animation='' id='' custom_class='' template_class='' av_uid='' sc_version='1.0' admin_preview_bg=''][\/av_font_icon]\n<p><span style=\"color: #008000;\">Pedido antes de las 23:59, enviado ma\u00f1ana<\/span><\/p>\n<p>&nbsp;<\/p>\n","protected":false},"featured_media":9301,"comment_status":"open","ping_status":"closed","template":"","meta":[],"product_brand":[],"product_cat":[307],"product_tag":[],"class_list":{"0":"post-10387","1":"product","2":"type-product","3":"status-publish","4":"has-post-thumbnail","6":"product_cat-cubierta-kirby","7":"product_shipping_class-klein-es","9":"first","10":"instock","11":"taxable","12":"shipping-taxable","13":"purchasable","14":"product-type-simple"},"yoast_head":"<!-- This site is optimized with the Yoast SEO Premium plugin v27.1 (Yoast SEO v27.2) - https:\/\/yoast.com\/product\/yoast-seo-premium-wordpress\/ -->\n<title>Tapa Kirby - Veltec Kirby specialist<\/title>\n<meta name=\"description\" content=\"Tapa Kirby - Veltec es el proveedor de las aspiradoras Kirby desde hace m\u00e1s de 25 a\u00f1os. Y es su especialista en servicio Kirby de confianza.\" \/>\n<meta name=\"robots\" content=\"index, follow, max-snippet:-1, max-image-preview:large, max-video-preview:-1\" \/>\n<link rel=\"canonical\" href=\"https:\/\/www.veltec.eu\/nl\/product\/kirby-afdekkap-nl3017\/\" \/>\n<meta property=\"og:locale\" content=\"es_ES\" \/>\n<meta property=\"og:type\" content=\"article\" \/>\n<meta property=\"og:title\" content=\"Tapa Kirby\" \/>\n<meta property=\"og:description\" content=\"Tapa para la cubierta del motor.    En stock   Pedido antes de las 23:59, enviado ma\u00f1ana  &nbsp;\" \/>\n<meta property=\"og:url\" content=\"https:\/\/www.veltec.eu\/nl\/product\/kirby-afdekkap-nl3017\/\" \/>\n<meta property=\"og:site_name\" content=\"Veltec Kirby specialist\" \/>\n<meta property=\"article:publisher\" content=\"https:\/\/www.facebook.com\/Veltec-Kirby-Specialist-236746293374877\/\" \/>\n<meta property=\"article:modified_time\" content=\"2025-04-08T13:50:07+00:00\" \/>\n<meta property=\"og:image\" content=\"https:\/\/www.veltec.eu\/wp-content\/uploads\/2018\/10\/kirby_afdekkap.jpg\" \/>\n\t<meta property=\"og:image:width\" content=\"300\" \/>\n\t<meta property=\"og:image:height\" content=\"300\" \/>\n\t<meta property=\"og:image:type\" content=\"image\/jpeg\" \/>\n<meta name=\"twitter:card\" content=\"summary_large_image\" \/>\n<meta name=\"twitter:label1\" content=\"Tiempo de lectura\" \/>\n\t<meta name=\"twitter:data1\" content=\"3 minutos\" \/>\n<script type=\"application\/ld+json\" class=\"yoast-schema-graph\">{\"@context\":\"https:\/\/schema.org\",\"@graph\":[{\"@type\":\"WebPage\",\"@id\":\"https:\/\/www.veltec.eu\/nl\/product\/kirby-afdekkap-nl3017\/\",\"url\":\"https:\/\/www.veltec.eu\/nl\/product\/kirby-afdekkap-nl3017\/\",\"name\":\"Tapa Kirby - Veltec Kirby specialist\",\"isPartOf\":{\"@id\":\"https:\/\/www.veltec.eu\/en\/#website\"},\"primaryImageOfPage\":{\"@id\":\"https:\/\/www.veltec.eu\/nl\/product\/kirby-afdekkap-nl3017\/#primaryimage\"},\"image\":{\"@id\":\"https:\/\/www.veltec.eu\/nl\/product\/kirby-afdekkap-nl3017\/#primaryimage\"},\"thumbnailUrl\":\"https:\/\/www.veltec.eu\/wp-content\/uploads\/2018\/10\/kirby_afdekkap.jpg\",\"datePublished\":\"2018-10-30T07:53:58+00:00\",\"dateModified\":\"2025-04-08T13:50:07+00:00\",\"description\":\"Tapa Kirby - Veltec es el proveedor de las aspiradoras Kirby desde hace m\u00e1s de 25 a\u00f1os. Y es su especialista en servicio Kirby de confianza.\",\"breadcrumb\":{\"@id\":\"https:\/\/www.veltec.eu\/nl\/product\/kirby-afdekkap-nl3017\/#breadcrumb\"},\"inLanguage\":\"es\",\"potentialAction\":[{\"@type\":\"ReadAction\",\"target\":[\"https:\/\/www.veltec.eu\/nl\/product\/kirby-afdekkap-nl3017\/\"]}]},{\"@type\":\"ImageObject\",\"inLanguage\":\"es\",\"@id\":\"https:\/\/www.veltec.eu\/nl\/product\/kirby-afdekkap-nl3017\/#primaryimage\",\"url\":\"https:\/\/www.veltec.eu\/wp-content\/uploads\/2018\/10\/kirby_afdekkap.jpg\",\"contentUrl\":\"https:\/\/www.veltec.eu\/wp-content\/uploads\/2018\/10\/kirby_afdekkap.jpg\",\"width\":300,\"height\":300},{\"@type\":\"BreadcrumbList\",\"@id\":\"https:\/\/www.veltec.eu\/nl\/product\/kirby-afdekkap-nl3017\/#breadcrumb\",\"itemListElement\":[{\"@type\":\"ListItem\",\"position\":1,\"name\":\"Home\",\"item\":\"https:\/\/www.veltec.eu\/es\/\"},{\"@type\":\"ListItem\",\"position\":2,\"name\":\"Produits\",\"item\":\"https:\/\/www.veltec.eu\/fr\/shop\/\"},{\"@type\":\"ListItem\",\"position\":3,\"name\":\"Tapa Kirby\"}]},{\"@type\":\"WebSite\",\"@id\":\"https:\/\/www.veltec.eu\/en\/#website\",\"url\":\"https:\/\/www.veltec.eu\/en\/\",\"name\":\"Veltec Kirby specialist\",\"description\":\"Kirby stofzuiger producten\",\"publisher\":{\"@id\":\"https:\/\/www.veltec.eu\/en\/#organization\"},\"potentialAction\":[{\"@type\":\"SearchAction\",\"target\":{\"@type\":\"EntryPoint\",\"urlTemplate\":\"https:\/\/www.veltec.eu\/en\/?s={search_term_string}\"},\"query-input\":{\"@type\":\"PropertyValueSpecification\",\"valueRequired\":true,\"valueName\":\"search_term_string\"}}],\"inLanguage\":\"es\"},{\"@type\":\"Organization\",\"@id\":\"https:\/\/www.veltec.eu\/en\/#organization\",\"name\":\"Veltec Kirby Specialist\",\"url\":\"https:\/\/www.veltec.eu\/en\/\",\"logo\":{\"@type\":\"ImageObject\",\"inLanguage\":\"es\",\"@id\":\"https:\/\/www.veltec.eu\/en\/#\/schema\/logo\/image\/\",\"url\":\"https:\/\/www.veltec.eu\/wp-content\/uploads\/2021\/12\/Veltec-log-groot-e1537260889125.png\",\"contentUrl\":\"https:\/\/www.veltec.eu\/wp-content\/uploads\/2021\/12\/Veltec-log-groot-e1537260889125.png\",\"width\":200,\"height\":60,\"caption\":\"Veltec Kirby Specialist\"},\"image\":{\"@id\":\"https:\/\/www.veltec.eu\/en\/#\/schema\/logo\/image\/\"},\"sameAs\":[\"https:\/\/www.facebook.com\/Veltec-Kirby-Specialist-236746293374877\/\",\"https:\/\/www.youtube.com\/user\/VeltecService\"]}]}<\/script>\n<!-- \/ Yoast SEO Premium plugin. -->","yoast_head_json":{"title":"Tapa Kirby - Veltec Kirby specialist","description":"Tapa Kirby - Veltec es el proveedor de las aspiradoras Kirby desde hace m\u00e1s de 25 a\u00f1os. Y es su especialista en servicio Kirby de confianza.","robots":{"index":"index","follow":"follow","max-snippet":"max-snippet:-1","max-image-preview":"max-image-preview:large","max-video-preview":"max-video-preview:-1"},"canonical":"https:\/\/www.veltec.eu\/nl\/product\/kirby-afdekkap-nl3017\/","og_locale":"es_ES","og_type":"article","og_title":"Tapa Kirby","og_description":"Tapa para la cubierta del motor.    En stock   Pedido antes de las 23:59, enviado ma\u00f1ana  &nbsp;","og_url":"https:\/\/www.veltec.eu\/nl\/product\/kirby-afdekkap-nl3017\/","og_site_name":"Veltec Kirby specialist","article_publisher":"https:\/\/www.facebook.com\/Veltec-Kirby-Specialist-236746293374877\/","article_modified_time":"2025-04-08T13:50:07+00:00","og_image":[{"width":300,"height":300,"url":"https:\/\/www.veltec.eu\/wp-content\/uploads\/2018\/10\/kirby_afdekkap.jpg","type":"image\/jpeg"}],"twitter_card":"summary_large_image","twitter_misc":{"Tiempo de lectura":"3 minutos"},"schema":{"@context":"https:\/\/schema.org","@graph":[{"@type":"WebPage","@id":"https:\/\/www.veltec.eu\/nl\/product\/kirby-afdekkap-nl3017\/","url":"https:\/\/www.veltec.eu\/nl\/product\/kirby-afdekkap-nl3017\/","name":"Tapa Kirby - Veltec Kirby specialist","isPartOf":{"@id":"https:\/\/www.veltec.eu\/en\/#website"},"primaryImageOfPage":{"@id":"https:\/\/www.veltec.eu\/nl\/product\/kirby-afdekkap-nl3017\/#primaryimage"},"image":{"@id":"https:\/\/www.veltec.eu\/nl\/product\/kirby-afdekkap-nl3017\/#primaryimage"},"thumbnailUrl":"https:\/\/www.veltec.eu\/wp-content\/uploads\/2018\/10\/kirby_afdekkap.jpg","datePublished":"2018-10-30T07:53:58+00:00","dateModified":"2025-04-08T13:50:07+00:00","description":"Tapa Kirby - Veltec es el proveedor de las aspiradoras Kirby desde hace m\u00e1s de 25 a\u00f1os. Y es su especialista en servicio Kirby de confianza.","breadcrumb":{"@id":"https:\/\/www.veltec.eu\/nl\/product\/kirby-afdekkap-nl3017\/#breadcrumb"},"inLanguage":"es","potentialAction":[{"@type":"ReadAction","target":["https:\/\/www.veltec.eu\/nl\/product\/kirby-afdekkap-nl3017\/"]}]},{"@type":"ImageObject","inLanguage":"es","@id":"https:\/\/www.veltec.eu\/nl\/product\/kirby-afdekkap-nl3017\/#primaryimage","url":"https:\/\/www.veltec.eu\/wp-content\/uploads\/2018\/10\/kirby_afdekkap.jpg","contentUrl":"https:\/\/www.veltec.eu\/wp-content\/uploads\/2018\/10\/kirby_afdekkap.jpg","width":300,"height":300},{"@type":"BreadcrumbList","@id":"https:\/\/www.veltec.eu\/nl\/product\/kirby-afdekkap-nl3017\/#breadcrumb","itemListElement":[{"@type":"ListItem","position":1,"name":"Home","item":"https:\/\/www.veltec.eu\/es\/"},{"@type":"ListItem","position":2,"name":"Produits","item":"https:\/\/www.veltec.eu\/fr\/shop\/"},{"@type":"ListItem","position":3,"name":"Tapa Kirby"}]},{"@type":"WebSite","@id":"https:\/\/www.veltec.eu\/en\/#website","url":"https:\/\/www.veltec.eu\/en\/","name":"Veltec Kirby specialist","description":"Kirby stofzuiger producten","publisher":{"@id":"https:\/\/www.veltec.eu\/en\/#organization"},"potentialAction":[{"@type":"SearchAction","target":{"@type":"EntryPoint","urlTemplate":"https:\/\/www.veltec.eu\/en\/?s={search_term_string}"},"query-input":{"@type":"PropertyValueSpecification","valueRequired":true,"valueName":"search_term_string"}}],"inLanguage":"es"},{"@type":"Organization","@id":"https:\/\/www.veltec.eu\/en\/#organization","name":"Veltec Kirby Specialist","url":"https:\/\/www.veltec.eu\/en\/","logo":{"@type":"ImageObject","inLanguage":"es","@id":"https:\/\/www.veltec.eu\/en\/#\/schema\/logo\/image\/","url":"https:\/\/www.veltec.eu\/wp-content\/uploads\/2021\/12\/Veltec-log-groot-e1537260889125.png","contentUrl":"https:\/\/www.veltec.eu\/wp-content\/uploads\/2021\/12\/Veltec-log-groot-e1537260889125.png","width":200,"height":60,"caption":"Veltec Kirby Specialist"},"image":{"@id":"https:\/\/www.veltec.eu\/en\/#\/schema\/logo\/image\/"},"sameAs":["https:\/\/www.facebook.com\/Veltec-Kirby-Specialist-236746293374877\/","https:\/\/www.youtube.com\/user\/VeltecService"]}]}},"_links":{"self":[{"href":"https:\/\/www.veltec.eu\/es\/wp-json\/wp\/v2\/product\/10387","targetHints":{"allow":["GET"]}}],"collection":[{"href":"https:\/\/www.veltec.eu\/es\/wp-json\/wp\/v2\/product"}],"about":[{"href":"https:\/\/www.veltec.eu\/es\/wp-json\/wp\/v2\/types\/product"}],"replies":[{"embeddable":true,"href":"https:\/\/www.veltec.eu\/es\/wp-json\/wp\/v2\/comments?post=10387"}],"wp:featuredmedia":[{"embeddable":true,"href":"https:\/\/www.veltec.eu\/es\/wp-json\/wp\/v2\/media\/9301"}],"wp:attachment":[{"href":"https:\/\/www.veltec.eu\/es\/wp-json\/wp\/v2\/media?parent=10387"}],"wp:term":[{"taxonomy":"product_brand","embeddable":true,"href":"https:\/\/www.veltec.eu\/es\/wp-json\/wp\/v2\/product_brand?post=10387"},{"taxonomy":"product_cat","embeddable":true,"href":"https:\/\/www.veltec.eu\/es\/wp-json\/wp\/v2\/product_cat?post=10387"},{"taxonomy":"product_tag","embeddable":true,"href":"https:\/\/www.veltec.eu\/es\/wp-json\/wp\/v2\/product_tag?post=10387"}],"curies":[{"name":"wp","href":"https:\/\/api.w.org\/{rel}","templated":true}]}}