{"id":10372,"date":"2018-10-30T10:06:23","date_gmt":"2018-10-30T08:06:23","guid":{"rendered":"https:\/\/www.veltec.eu\/kirby-webshop\/cubierta-inferior-kirby-nl3153\/"},"modified":"2026-04-13T12:45:55","modified_gmt":"2026-04-13T10:45:55","slug":"cubierta-inferior-kirby-nl3153","status":"publish","type":"product","link":"https:\/\/www.veltec.eu\/es\/product\/cubierta-inferior-kirby-nl3153\/","title":{"rendered":"Cubierta Inferior Kirby"},"content":{"rendered":"<h1>Cubierta Inferior Kirby<\/h1>\n<p>Cubierta Inferior Kirby.<\/p>\n<p><strong>Esta parte inferior es adecuada para cualquier aspiradora Kirby;<\/strong><\/p>\n<ul>\n<li>Avalir Platinum<\/li>\n<li>Avalir 2<\/li>\n<li>Avalir 1<\/li>\n<li>Sentria 2 (G10D)<\/li>\n<li>Sentria 1 (G10)<\/li>\n<li>Ultimate G Diamond Ed.(G7D or DE)<\/li>\n<li>Ultimate G (G7 or UG)<\/li>\n<li>Generation 6 (G6)<\/li>\n<li>Generation 5 (G5)<\/li>\n<li>Generation 4 (G4)<\/li>\n<li>Generation 3 (G3)<\/li>\n<\/ul>\n<h2>Cubierta Inferior Kirby &#8211; Piezas duraderas y de ajuste perfecto<\/h2>\n<p>\u00bfBusca una parte inferior de la carcasa duradera y que encaje perfectamente para su aspiradora Kirby? La parte inferior de la carcasa es una pieza esencial de su aspiradora Kirby y proporciona la base s\u00f3lida necesaria para un funcionamiento eficaz. Fabricada de una sola pieza de aluminio fundido a presi\u00f3n, esta carcasa garantiza una robustez \u00f3ptima y una larga vida \u00fatil.<\/p>\n<p><a href=\"https:\/\/www.veltec.eu\/es\/cubierta-kirby\/\">Aqu\u00ed encontrar\u00e1 todas las Cubierta Kirby<\/a><\/p>\n<h3>Fabricada en aluminio fundido a presi\u00f3n de alta calidad<\/h3>\n<p>Esta parte inferior para aspiradoras Kirby est\u00e1 fabricada en aluminio moldeado por inyecci\u00f3n de alta calidad. Este proceso de fabricaci\u00f3n garantiza una construcci\u00f3n fuerte y resistente al desgaste que soporta un uso prolongado. Gracias a este material, su aspiradora Kirby se mantiene estable y funciona bien, incluso despu\u00e9s de a\u00f1os de uso intensivo.<\/p>\n<ul>\n<li>Carcasa fuerte y duradera<\/li>\n<li>Resistente al desgaste y a los golpes<\/li>\n<li>Soporta el funcionamiento mec\u00e1nico de su aspiradora Kirby<\/li>\n<\/ul>\n<h3>Compatible con todas las aspiradoras Kirby<\/h3>\n<p>Una de las mayores ventajas de este fondo de carcasa Kirby es su amplia compatibilidad. Esta pieza est\u00e1 dise\u00f1ada para encajar perfectamente en todas las aspiradoras Kirby, independientemente del modelo. Esto significa que no tendr\u00e1 que preocuparse por problemas de compatibilidad a la hora de sustituir la parte inferior.<\/p>\n<ul>\n<li>Ajuste universal para todos los modelos Kirby<\/li>\n<li>No requiere ajustes ni herramientas adicionales<\/li>\n<li>F\u00e1cil instalaci\u00f3n para una r\u00e1pida sustituci\u00f3n<\/li>\n<\/ul>\n<h3>\u00bfPor qu\u00e9 elegir el Cubierta Inferior Kirby?<\/h3>\n<p>Si desea que su aspiradora Kirby rinda al m\u00e1ximo, es importante invertir en piezas originales y de alta calidad. La parte inferior de la carcasa Kirby ofrece numerosas ventajas:<\/p>\n<ul>\n<li>Mayor durabilidad gracias al resistente aluminio<\/li>\n<li>Ajuste \u00f3ptimo para un montaje f\u00e1cil<\/li>\n<li>Mayor vida \u00fatil de su aspiradora gracias a un soporte s\u00f3lido<\/li>\n<\/ul>\n<p>\u00bfEst\u00e1 buscando un recambio fiable para su aspiradora Kirby? Pida hoy mismo la carcasa inferior Kirby y disfrute de las ventajas de una carcasa robusta y duradera.<\/p>\n","protected":false},"excerpt":{"rendered":"<p>Parte inferior de la cubierta.<\/p>\n[trustindex data-widget-id=48bbd87242952812953642309d4]\n<h3><span style=\"color: #008000;\"><br \/>\nEn stock<\/span><\/h3>\n[av_font_icon icon='ue812' font='entypo-fontello' style='' caption='' size='25px' position='left' color='#43ad66' link='' linktarget='' title_attr='' sonar_effect_effect='' sonar_effect_color='' sonar_effect_duration='1' sonar_effect_scale='' sonar_effect_opac='0.5' animation='' id='' custom_class='' template_class='' av_uid='' sc_version='1.0' admin_preview_bg=''][\/av_font_icon]\n<p><span style=\"color: #008000;\">Pedido antes de las 23:59, enviado ma\u00f1ana<\/span><\/p>\n<p>&nbsp;<\/p>\n","protected":false},"featured_media":90286,"comment_status":"open","ping_status":"closed","template":"","meta":{"_acf_changed":false},"product_brand":[],"product_cat":[307],"product_tag":[],"class_list":{"0":"post-10372","1":"product","2":"type-product","3":"status-publish","4":"has-post-thumbnail","6":"product_cat-cubierta-kirby","7":"product_shipping_class-klein-es","9":"first","10":"instock","11":"taxable","12":"shipping-taxable","13":"purchasable","14":"product-type-simple"},"acf":[],"yoast_head":"<!-- This site is optimized with the Yoast SEO Premium plugin v27.1 (Yoast SEO v27.4) - https:\/\/yoast.com\/product\/yoast-seo-premium-wordpress\/ -->\n<title>Cubierta Inferior Kirby - Veltec Kirby specialist<\/title>\n<meta name=\"description\" content=\"Cubierta Inferior Kirby Veltec es el proveedor de las aspiradoras Kirby desde hace m\u00e1s de 25 a\u00f1os. Y es su especialista en servicio\" \/>\n<meta name=\"robots\" content=\"index, follow, max-snippet:-1, max-image-preview:large, max-video-preview:-1\" \/>\n<link rel=\"canonical\" href=\"https:\/\/www.veltec.eu\/es\/product\/cubierta-inferior-kirby-nl3153\/\" \/>\n<meta property=\"og:locale\" content=\"es_ES\" \/>\n<meta property=\"og:type\" content=\"article\" \/>\n<meta property=\"og:title\" content=\"Cubierta Inferior Kirby\" \/>\n<meta property=\"og:description\" content=\"Parte inferior de la cubierta.    En stock   Pedido antes de las 23:59, enviado ma\u00f1ana  &nbsp;\" \/>\n<meta property=\"og:url\" content=\"https:\/\/www.veltec.eu\/es\/product\/cubierta-inferior-kirby-nl3153\/\" \/>\n<meta property=\"og:site_name\" content=\"Veltec Kirby specialist\" \/>\n<meta property=\"article:publisher\" content=\"https:\/\/www.facebook.com\/Veltec-Kirby-Specialist-236746293374877\/\" \/>\n<meta property=\"article:modified_time\" content=\"2026-04-13T10:45:55+00:00\" \/>\n<meta property=\"og:image\" content=\"https:\/\/www.veltec.eu\/wp-content\/uploads\/2018\/10\/IMG_8595.png\" \/>\n\t<meta property=\"og:image:width\" content=\"500\" \/>\n\t<meta property=\"og:image:height\" content=\"500\" \/>\n\t<meta property=\"og:image:type\" content=\"image\/png\" \/>\n<meta name=\"twitter:card\" content=\"summary_large_image\" \/>\n<meta name=\"twitter:label1\" content=\"Tiempo de lectura\" \/>\n\t<meta name=\"twitter:data1\" content=\"2 minutos\" \/>\n<script type=\"application\/ld+json\" class=\"yoast-schema-graph\">{\"@context\":\"https:\\\/\\\/schema.org\",\"@graph\":[{\"@type\":\"WebPage\",\"@id\":\"https:\\\/\\\/www.veltec.eu\\\/es\\\/product\\\/cubierta-inferior-kirby-nl3153\\\/\",\"url\":\"https:\\\/\\\/www.veltec.eu\\\/es\\\/product\\\/cubierta-inferior-kirby-nl3153\\\/\",\"name\":\"Cubierta Inferior Kirby - Veltec Kirby specialist\",\"isPartOf\":{\"@id\":\"https:\\\/\\\/www.veltec.eu\\\/en\\\/#website\"},\"primaryImageOfPage\":{\"@id\":\"https:\\\/\\\/www.veltec.eu\\\/es\\\/product\\\/cubierta-inferior-kirby-nl3153\\\/#primaryimage\"},\"image\":{\"@id\":\"https:\\\/\\\/www.veltec.eu\\\/es\\\/product\\\/cubierta-inferior-kirby-nl3153\\\/#primaryimage\"},\"thumbnailUrl\":\"https:\\\/\\\/www.veltec.eu\\\/wp-content\\\/uploads\\\/2018\\\/10\\\/IMG_8595.png\",\"datePublished\":\"2018-10-30T08:06:23+00:00\",\"dateModified\":\"2026-04-13T10:45:55+00:00\",\"description\":\"Cubierta Inferior Kirby Veltec es el proveedor de las aspiradoras Kirby desde hace m\u00e1s de 25 a\u00f1os. Y es su especialista en servicio\",\"breadcrumb\":{\"@id\":\"https:\\\/\\\/www.veltec.eu\\\/es\\\/product\\\/cubierta-inferior-kirby-nl3153\\\/#breadcrumb\"},\"inLanguage\":\"es\",\"potentialAction\":[{\"@type\":\"ReadAction\",\"target\":[\"https:\\\/\\\/www.veltec.eu\\\/es\\\/product\\\/cubierta-inferior-kirby-nl3153\\\/\"]}]},{\"@type\":\"ImageObject\",\"inLanguage\":\"es\",\"@id\":\"https:\\\/\\\/www.veltec.eu\\\/es\\\/product\\\/cubierta-inferior-kirby-nl3153\\\/#primaryimage\",\"url\":\"https:\\\/\\\/www.veltec.eu\\\/wp-content\\\/uploads\\\/2018\\\/10\\\/IMG_8595.png\",\"contentUrl\":\"https:\\\/\\\/www.veltec.eu\\\/wp-content\\\/uploads\\\/2018\\\/10\\\/IMG_8595.png\",\"width\":500,\"height\":500},{\"@type\":\"BreadcrumbList\",\"@id\":\"https:\\\/\\\/www.veltec.eu\\\/es\\\/product\\\/cubierta-inferior-kirby-nl3153\\\/#breadcrumb\",\"itemListElement\":[{\"@type\":\"ListItem\",\"position\":1,\"name\":\"Home\",\"item\":\"https:\\\/\\\/www.veltec.eu\\\/es\\\/\"},{\"@type\":\"ListItem\",\"position\":2,\"name\":\"Kirby Shop\",\"item\":\"https:\\\/\\\/www.veltec.eu\\\/nl\\\/shop-page\\\/\"},{\"@type\":\"ListItem\",\"position\":3,\"name\":\"Cubierta Inferior Kirby\"}]},{\"@type\":\"WebSite\",\"@id\":\"https:\\\/\\\/www.veltec.eu\\\/en\\\/#website\",\"url\":\"https:\\\/\\\/www.veltec.eu\\\/en\\\/\",\"name\":\"Veltec Kirby specialist\",\"description\":\"Kirby stofzuiger producten\",\"publisher\":{\"@id\":\"https:\\\/\\\/www.veltec.eu\\\/en\\\/#organization\"},\"potentialAction\":[{\"@type\":\"SearchAction\",\"target\":{\"@type\":\"EntryPoint\",\"urlTemplate\":\"https:\\\/\\\/www.veltec.eu\\\/en\\\/?s={search_term_string}\"},\"query-input\":{\"@type\":\"PropertyValueSpecification\",\"valueRequired\":true,\"valueName\":\"search_term_string\"}}],\"inLanguage\":\"es\"},{\"@type\":\"Organization\",\"@id\":\"https:\\\/\\\/www.veltec.eu\\\/en\\\/#organization\",\"name\":\"Veltec Kirby Specialist\",\"url\":\"https:\\\/\\\/www.veltec.eu\\\/en\\\/\",\"logo\":{\"@type\":\"ImageObject\",\"inLanguage\":\"es\",\"@id\":\"https:\\\/\\\/www.veltec.eu\\\/en\\\/#\\\/schema\\\/logo\\\/image\\\/\",\"url\":\"https:\\\/\\\/www.veltec.eu\\\/wp-content\\\/uploads\\\/2021\\\/12\\\/Veltec-log-groot-e1537260889125.png\",\"contentUrl\":\"https:\\\/\\\/www.veltec.eu\\\/wp-content\\\/uploads\\\/2021\\\/12\\\/Veltec-log-groot-e1537260889125.png\",\"width\":200,\"height\":60,\"caption\":\"Veltec Kirby Specialist\"},\"image\":{\"@id\":\"https:\\\/\\\/www.veltec.eu\\\/en\\\/#\\\/schema\\\/logo\\\/image\\\/\"},\"sameAs\":[\"https:\\\/\\\/www.facebook.com\\\/Veltec-Kirby-Specialist-236746293374877\\\/\",\"https:\\\/\\\/www.youtube.com\\\/user\\\/VeltecService\"]}]}<\/script>\n<!-- \/ Yoast SEO Premium plugin. -->","yoast_head_json":{"title":"Cubierta Inferior Kirby - Veltec Kirby specialist","description":"Cubierta Inferior Kirby Veltec es el proveedor de las aspiradoras Kirby desde hace m\u00e1s de 25 a\u00f1os. Y es su especialista en servicio","robots":{"index":"index","follow":"follow","max-snippet":"max-snippet:-1","max-image-preview":"max-image-preview:large","max-video-preview":"max-video-preview:-1"},"canonical":"https:\/\/www.veltec.eu\/es\/product\/cubierta-inferior-kirby-nl3153\/","og_locale":"es_ES","og_type":"article","og_title":"Cubierta Inferior Kirby","og_description":"Parte inferior de la cubierta.    En stock   Pedido antes de las 23:59, enviado ma\u00f1ana  &nbsp;","og_url":"https:\/\/www.veltec.eu\/es\/product\/cubierta-inferior-kirby-nl3153\/","og_site_name":"Veltec Kirby specialist","article_publisher":"https:\/\/www.facebook.com\/Veltec-Kirby-Specialist-236746293374877\/","article_modified_time":"2026-04-13T10:45:55+00:00","og_image":[{"width":500,"height":500,"url":"https:\/\/www.veltec.eu\/wp-content\/uploads\/2018\/10\/IMG_8595.png","type":"image\/png"}],"twitter_card":"summary_large_image","twitter_misc":{"Tiempo de lectura":"2 minutos"},"schema":{"@context":"https:\/\/schema.org","@graph":[{"@type":"WebPage","@id":"https:\/\/www.veltec.eu\/es\/product\/cubierta-inferior-kirby-nl3153\/","url":"https:\/\/www.veltec.eu\/es\/product\/cubierta-inferior-kirby-nl3153\/","name":"Cubierta Inferior Kirby - Veltec Kirby specialist","isPartOf":{"@id":"https:\/\/www.veltec.eu\/en\/#website"},"primaryImageOfPage":{"@id":"https:\/\/www.veltec.eu\/es\/product\/cubierta-inferior-kirby-nl3153\/#primaryimage"},"image":{"@id":"https:\/\/www.veltec.eu\/es\/product\/cubierta-inferior-kirby-nl3153\/#primaryimage"},"thumbnailUrl":"https:\/\/www.veltec.eu\/wp-content\/uploads\/2018\/10\/IMG_8595.png","datePublished":"2018-10-30T08:06:23+00:00","dateModified":"2026-04-13T10:45:55+00:00","description":"Cubierta Inferior Kirby Veltec es el proveedor de las aspiradoras Kirby desde hace m\u00e1s de 25 a\u00f1os. Y es su especialista en servicio","breadcrumb":{"@id":"https:\/\/www.veltec.eu\/es\/product\/cubierta-inferior-kirby-nl3153\/#breadcrumb"},"inLanguage":"es","potentialAction":[{"@type":"ReadAction","target":["https:\/\/www.veltec.eu\/es\/product\/cubierta-inferior-kirby-nl3153\/"]}]},{"@type":"ImageObject","inLanguage":"es","@id":"https:\/\/www.veltec.eu\/es\/product\/cubierta-inferior-kirby-nl3153\/#primaryimage","url":"https:\/\/www.veltec.eu\/wp-content\/uploads\/2018\/10\/IMG_8595.png","contentUrl":"https:\/\/www.veltec.eu\/wp-content\/uploads\/2018\/10\/IMG_8595.png","width":500,"height":500},{"@type":"BreadcrumbList","@id":"https:\/\/www.veltec.eu\/es\/product\/cubierta-inferior-kirby-nl3153\/#breadcrumb","itemListElement":[{"@type":"ListItem","position":1,"name":"Home","item":"https:\/\/www.veltec.eu\/es\/"},{"@type":"ListItem","position":2,"name":"Kirby Shop","item":"https:\/\/www.veltec.eu\/nl\/shop-page\/"},{"@type":"ListItem","position":3,"name":"Cubierta Inferior Kirby"}]},{"@type":"WebSite","@id":"https:\/\/www.veltec.eu\/en\/#website","url":"https:\/\/www.veltec.eu\/en\/","name":"Veltec Kirby specialist","description":"Kirby stofzuiger producten","publisher":{"@id":"https:\/\/www.veltec.eu\/en\/#organization"},"potentialAction":[{"@type":"SearchAction","target":{"@type":"EntryPoint","urlTemplate":"https:\/\/www.veltec.eu\/en\/?s={search_term_string}"},"query-input":{"@type":"PropertyValueSpecification","valueRequired":true,"valueName":"search_term_string"}}],"inLanguage":"es"},{"@type":"Organization","@id":"https:\/\/www.veltec.eu\/en\/#organization","name":"Veltec Kirby Specialist","url":"https:\/\/www.veltec.eu\/en\/","logo":{"@type":"ImageObject","inLanguage":"es","@id":"https:\/\/www.veltec.eu\/en\/#\/schema\/logo\/image\/","url":"https:\/\/www.veltec.eu\/wp-content\/uploads\/2021\/12\/Veltec-log-groot-e1537260889125.png","contentUrl":"https:\/\/www.veltec.eu\/wp-content\/uploads\/2021\/12\/Veltec-log-groot-e1537260889125.png","width":200,"height":60,"caption":"Veltec Kirby Specialist"},"image":{"@id":"https:\/\/www.veltec.eu\/en\/#\/schema\/logo\/image\/"},"sameAs":["https:\/\/www.facebook.com\/Veltec-Kirby-Specialist-236746293374877\/","https:\/\/www.youtube.com\/user\/VeltecService"]}]}},"_links":{"self":[{"href":"https:\/\/www.veltec.eu\/es\/wp-json\/wp\/v2\/product\/10372","targetHints":{"allow":["GET"]}}],"collection":[{"href":"https:\/\/www.veltec.eu\/es\/wp-json\/wp\/v2\/product"}],"about":[{"href":"https:\/\/www.veltec.eu\/es\/wp-json\/wp\/v2\/types\/product"}],"replies":[{"embeddable":true,"href":"https:\/\/www.veltec.eu\/es\/wp-json\/wp\/v2\/comments?post=10372"}],"wp:featuredmedia":[{"embeddable":true,"href":"https:\/\/www.veltec.eu\/es\/wp-json\/wp\/v2\/media\/90286"}],"wp:attachment":[{"href":"https:\/\/www.veltec.eu\/es\/wp-json\/wp\/v2\/media?parent=10372"}],"wp:term":[{"taxonomy":"product_brand","embeddable":true,"href":"https:\/\/www.veltec.eu\/es\/wp-json\/wp\/v2\/product_brand?post=10372"},{"taxonomy":"product_cat","embeddable":true,"href":"https:\/\/www.veltec.eu\/es\/wp-json\/wp\/v2\/product_cat?post=10372"},{"taxonomy":"product_tag","embeddable":true,"href":"https:\/\/www.veltec.eu\/es\/wp-json\/wp\/v2\/product_tag?post=10372"}],"curies":[{"name":"wp","href":"https:\/\/api.w.org\/{rel}","templated":true}]}}