{"id":10367,"date":"2018-10-30T10:10:56","date_gmt":"2018-10-30T08:10:56","guid":{"rendered":"https:\/\/www.veltec.eu\/kirby-webshop\/cubierta-superior-kirby-nl3152\/"},"modified":"2025-04-02T14:13:56","modified_gmt":"2025-04-02T12:13:56","slug":"cubierta-superior-kirby-nl3152","status":"publish","type":"product","link":"https:\/\/www.veltec.eu\/es\/product\/cubierta-superior-kirby-nl3152\/","title":{"rendered":"Cubierta Superior Kirby"},"content":{"rendered":"<h2>Cubierta Superior Kirby \u2013 Ahorre de forma inteligente en el mantenimiento<\/h2>\n<p>\u00bfBusca una soluci\u00f3n asequible para sustituir la cubierta superior de su aspiradora Kirby? \u00a1La Cubierta Superior Kirby es la elecci\u00f3n perfecta! Esta cubierta superior est\u00e1 totalmente reacondicionada, se adapta a todos los modelos Kirby y es hasta un 50% m\u00e1s barata que una cubierta nueva. \u00a1Una inversi\u00f3n inteligente para aquellos que quieren mantener su aspiradora sin pagar el precio m\u00e1s alto!<\/p>\n<p><strong>Esta cubierta superior es adecuada para todas las aspiradoras Kirby;<\/strong><\/p>\n<ul>\n<li>Avalir Platinum<\/li>\n<li>Avalir 2<\/li>\n<li>Avalir 1<\/li>\n<li>Sentria 2 (G10D)<\/li>\n<li>Sentria 1 (G10)<\/li>\n<li>Ultimate G Diamond Ed.(G7D or DE)<\/li>\n<li>Ultimate G (G7 or UG)<\/li>\n<li>Generation 6 (G6)<\/li>\n<li>Generation 5 (G5)<\/li>\n<li>Generation 4 (G4)<\/li>\n<li>Generation 3 (G3)<\/li>\n<\/ul>\n<p><a href=\"https:\/\/www.veltec.eu\/es\/cubierta-kirby\/\">Aqu\u00ed encontrar\u00e1 todos los Cubierta Kirby<\/a><\/p>\n<h3>\u00bfPor qu\u00e9 elegir Cubierta Superior Kirby?<\/h3>\n<p>Sustituir piezas de su aspiradora Kirby puede resultar caro, pero con una Cubierta Superior reacondicionada ahorrar\u00e1 considerablemente. He aqu\u00ed algunas ventajas en pocas palabras:<\/p>\n<ul>\n<li>Excelente calidad &#8211; Cada pieza ha sido cuidadosamente limpiada, revisada y reparada si es necesario.<\/li>\n<li>Sostenible y respetuosa con el medio ambiente &#8211; Al reutilizar las piezas, contribuye a reducir los residuos.<\/li>\n<li>Ajuste perfecto &#8211; Dise\u00f1ado para adaptarse perfectamente a todas las aspiradoras Kirby.<\/li>\n<li>Alternativa asequible &#8211; Usted paga la mitad del precio de una pieza nueva sin comprometer el rendimiento.<\/li>\n<\/ul>\n<p>Con esta tapa, su aspiradora Kirby tiene una segunda vida y sigue funcionando de forma \u00f3ptima.<\/p>\n<h3>\u00bfEsta tapa superior se adapta a su aspiradora Kirby?<\/h3>\n<p>\u00bfDuda si esta tapa superior es adecuada para su modelo Kirby? \u00a1No se preocupe! Esta carcasa es compatible con todas las aspiradoras Kirby, independientemente del modelo o la fecha de fabricaci\u00f3n. Gracias a su dise\u00f1o universal, esta cubierta superior se adapta perfectamente a su aparato sin necesidad de modificaciones.<\/p>\n<p>\u00bfQuiere saber con seguridad si \u00e9sta es la elecci\u00f3n correcta? Entonces simplemente compruebe su cubierta superior actual y comp\u00e1rela con las im\u00e1genes del producto. \u00bfTiene alguna duda? No dude en ponerse en contacto con nosotros para que le asesoremos.<\/p>\n<h3>Ahorre de forma inteligente: \u00a1un 50% m\u00e1s barata que nueva!<\/h3>\n<p>Una parte superior nueva para su aspiradora Kirby puede costar bastante. \u00bfPor qu\u00e9 pagar m\u00e1s cuando puede conseguir una reacondicionada por la mitad de precio?<\/p>\n<p>Con los productos reacondicionados, cada pieza se revisa cuidadosamente y se repara si es necesario, por lo que obtiene la misma calidad que con un producto nuevo. As\u00ed que se beneficiar\u00e1 del mismo rendimiento a un precio mucho m\u00e1s bajo.<\/p>\n<h3>Haga su pedido hoy y recupere su aspiradora Kirby.<\/h3>\n<p>\u00bfPor qu\u00e9 esperar? Pida hoy mismo la carcasa superior reacondicionada Kirby y d\u00e9 una segunda vida a su aspiradora. Gracias al env\u00edo r\u00e1pido, tendr\u00e1 la pieza en casa r\u00e1pidamente para que pueda volver a disfrutar del potente rendimiento de su aspiradora Kirby.<\/p>\n<p>No deje pasar esta oportunidad y benef\u00edciese de una soluci\u00f3n asequible y duradera para el mantenimiento de su aspiradora.<\/p>\n","protected":false},"excerpt":{"rendered":"<p>Parte superior de la cubierta.<\/p>\n[trustindex data-widget-id=48bbd87242952812953642309d4]\n<h3><span style=\"color: #008000;\"><br \/>\nEn stock<\/span><\/h3>\n[av_font_icon icon='ue812' font='entypo-fontello' style='' caption='' size='25px' position='left' color='#43ad66' link='' linktarget='' title_attr='' sonar_effect_effect='' sonar_effect_color='' sonar_effect_duration='1' sonar_effect_scale='' sonar_effect_opac='0.5' animation='' id='' custom_class='' template_class='' av_uid='' sc_version='1.0' admin_preview_bg=''][\/av_font_icon]\n<p><span style=\"color: #008000;\">Pedido antes de las 23:59, enviado ma\u00f1ana<\/span><\/p>\n<p>&nbsp;<\/p>\n","protected":false},"featured_media":90773,"comment_status":"open","ping_status":"closed","template":"","meta":[],"product_brand":[],"product_cat":[307],"product_tag":[],"class_list":{"0":"post-10367","1":"product","2":"type-product","3":"status-publish","4":"has-post-thumbnail","6":"product_cat-cubierta-kirby","7":"product_shipping_class-klein-es","9":"first","10":"instock","11":"sale","12":"taxable","13":"shipping-taxable","14":"purchasable","15":"product-type-simple"},"yoast_head":"<!-- This site is optimized with the Yoast SEO Premium plugin v27.1 (Yoast SEO v27.4) - https:\/\/yoast.com\/product\/yoast-seo-premium-wordpress\/ -->\n<title>Cubierta Superior Kirby - Veltec Kirby specialist<\/title>\n<meta name=\"description\" content=\"Cubierta Superior Kirby Veltec es el proveedor de las aspiradoras Kirby desde hace m\u00e1s de 25 a\u00f1os. Y es su especialista en servicio\" \/>\n<meta name=\"robots\" content=\"index, follow, max-snippet:-1, max-image-preview:large, max-video-preview:-1\" \/>\n<link rel=\"canonical\" href=\"https:\/\/www.veltec.eu\/nl\/product\/kirby-behuizing-bovenzijde-nl3152\/\" \/>\n<meta property=\"og:locale\" content=\"es_ES\" \/>\n<meta property=\"og:type\" content=\"article\" \/>\n<meta property=\"og:title\" content=\"Cubierta Superior Kirby\" \/>\n<meta property=\"og:description\" content=\"Parte superior de la cubierta.    En stock   Pedido antes de las 23:59, enviado ma\u00f1ana  &nbsp;\" \/>\n<meta property=\"og:url\" content=\"https:\/\/www.veltec.eu\/nl\/product\/kirby-behuizing-bovenzijde-nl3152\/\" \/>\n<meta property=\"og:site_name\" content=\"Veltec Kirby specialist\" \/>\n<meta property=\"article:publisher\" content=\"https:\/\/www.facebook.com\/Veltec-Kirby-Specialist-236746293374877\/\" \/>\n<meta property=\"article:modified_time\" content=\"2025-04-02T12:13:56+00:00\" \/>\n<meta property=\"og:image\" content=\"https:\/\/www.veltec.eu\/wp-content\/uploads\/2018\/10\/Kirby-bovenkant.png\" \/>\n\t<meta property=\"og:image:width\" content=\"300\" \/>\n\t<meta property=\"og:image:height\" content=\"300\" \/>\n\t<meta property=\"og:image:type\" content=\"image\/png\" \/>\n<meta name=\"twitter:card\" content=\"summary_large_image\" \/>\n<meta name=\"twitter:label1\" content=\"Tiempo de lectura\" \/>\n\t<meta name=\"twitter:data1\" content=\"3 minutos\" \/>\n<script type=\"application\/ld+json\" class=\"yoast-schema-graph\">{\"@context\":\"https:\\\/\\\/schema.org\",\"@graph\":[{\"@type\":\"WebPage\",\"@id\":\"https:\\\/\\\/www.veltec.eu\\\/nl\\\/product\\\/kirby-behuizing-bovenzijde-nl3152\\\/\",\"url\":\"https:\\\/\\\/www.veltec.eu\\\/nl\\\/product\\\/kirby-behuizing-bovenzijde-nl3152\\\/\",\"name\":\"Cubierta Superior Kirby - Veltec Kirby specialist\",\"isPartOf\":{\"@id\":\"https:\\\/\\\/www.veltec.eu\\\/en\\\/#website\"},\"primaryImageOfPage\":{\"@id\":\"https:\\\/\\\/www.veltec.eu\\\/nl\\\/product\\\/kirby-behuizing-bovenzijde-nl3152\\\/#primaryimage\"},\"image\":{\"@id\":\"https:\\\/\\\/www.veltec.eu\\\/nl\\\/product\\\/kirby-behuizing-bovenzijde-nl3152\\\/#primaryimage\"},\"thumbnailUrl\":\"https:\\\/\\\/www.veltec.eu\\\/wp-content\\\/uploads\\\/2018\\\/10\\\/bovenkant-Kirby-behuizing-1.jpg\",\"datePublished\":\"2018-10-30T08:10:56+00:00\",\"dateModified\":\"2025-04-02T12:13:56+00:00\",\"description\":\"Cubierta Superior Kirby Veltec es el proveedor de las aspiradoras Kirby desde hace m\u00e1s de 25 a\u00f1os. Y es su especialista en servicio\",\"breadcrumb\":{\"@id\":\"https:\\\/\\\/www.veltec.eu\\\/nl\\\/product\\\/kirby-behuizing-bovenzijde-nl3152\\\/#breadcrumb\"},\"inLanguage\":\"es\",\"potentialAction\":[{\"@type\":\"ReadAction\",\"target\":[\"https:\\\/\\\/www.veltec.eu\\\/nl\\\/product\\\/kirby-behuizing-bovenzijde-nl3152\\\/\"]}]},{\"@type\":\"ImageObject\",\"inLanguage\":\"es\",\"@id\":\"https:\\\/\\\/www.veltec.eu\\\/nl\\\/product\\\/kirby-behuizing-bovenzijde-nl3152\\\/#primaryimage\",\"url\":\"https:\\\/\\\/www.veltec.eu\\\/wp-content\\\/uploads\\\/2018\\\/10\\\/bovenkant-Kirby-behuizing-1.jpg\",\"contentUrl\":\"https:\\\/\\\/www.veltec.eu\\\/wp-content\\\/uploads\\\/2018\\\/10\\\/bovenkant-Kirby-behuizing-1.jpg\",\"width\":600,\"height\":600},{\"@type\":\"BreadcrumbList\",\"@id\":\"https:\\\/\\\/www.veltec.eu\\\/nl\\\/product\\\/kirby-behuizing-bovenzijde-nl3152\\\/#breadcrumb\",\"itemListElement\":[{\"@type\":\"ListItem\",\"position\":1,\"name\":\"Home\",\"item\":\"https:\\\/\\\/www.veltec.eu\\\/es\\\/\"},{\"@type\":\"ListItem\",\"position\":2,\"name\":\"Produits\",\"item\":\"https:\\\/\\\/www.veltec.eu\\\/fr\\\/shop\\\/\"},{\"@type\":\"ListItem\",\"position\":3,\"name\":\"Cubierta Superior Kirby\"}]},{\"@type\":\"WebSite\",\"@id\":\"https:\\\/\\\/www.veltec.eu\\\/en\\\/#website\",\"url\":\"https:\\\/\\\/www.veltec.eu\\\/en\\\/\",\"name\":\"Veltec Kirby specialist\",\"description\":\"Kirby stofzuiger producten\",\"publisher\":{\"@id\":\"https:\\\/\\\/www.veltec.eu\\\/en\\\/#organization\"},\"potentialAction\":[{\"@type\":\"SearchAction\",\"target\":{\"@type\":\"EntryPoint\",\"urlTemplate\":\"https:\\\/\\\/www.veltec.eu\\\/en\\\/?s={search_term_string}\"},\"query-input\":{\"@type\":\"PropertyValueSpecification\",\"valueRequired\":true,\"valueName\":\"search_term_string\"}}],\"inLanguage\":\"es\"},{\"@type\":\"Organization\",\"@id\":\"https:\\\/\\\/www.veltec.eu\\\/en\\\/#organization\",\"name\":\"Veltec Kirby Specialist\",\"url\":\"https:\\\/\\\/www.veltec.eu\\\/en\\\/\",\"logo\":{\"@type\":\"ImageObject\",\"inLanguage\":\"es\",\"@id\":\"https:\\\/\\\/www.veltec.eu\\\/en\\\/#\\\/schema\\\/logo\\\/image\\\/\",\"url\":\"https:\\\/\\\/www.veltec.eu\\\/wp-content\\\/uploads\\\/2021\\\/12\\\/Veltec-log-groot-e1537260889125.png\",\"contentUrl\":\"https:\\\/\\\/www.veltec.eu\\\/wp-content\\\/uploads\\\/2021\\\/12\\\/Veltec-log-groot-e1537260889125.png\",\"width\":200,\"height\":60,\"caption\":\"Veltec Kirby Specialist\"},\"image\":{\"@id\":\"https:\\\/\\\/www.veltec.eu\\\/en\\\/#\\\/schema\\\/logo\\\/image\\\/\"},\"sameAs\":[\"https:\\\/\\\/www.facebook.com\\\/Veltec-Kirby-Specialist-236746293374877\\\/\",\"https:\\\/\\\/www.youtube.com\\\/user\\\/VeltecService\"]}]}<\/script>\n<!-- \/ Yoast SEO Premium plugin. -->","yoast_head_json":{"title":"Cubierta Superior Kirby - Veltec Kirby specialist","description":"Cubierta Superior Kirby Veltec es el proveedor de las aspiradoras Kirby desde hace m\u00e1s de 25 a\u00f1os. Y es su especialista en servicio","robots":{"index":"index","follow":"follow","max-snippet":"max-snippet:-1","max-image-preview":"max-image-preview:large","max-video-preview":"max-video-preview:-1"},"canonical":"https:\/\/www.veltec.eu\/nl\/product\/kirby-behuizing-bovenzijde-nl3152\/","og_locale":"es_ES","og_type":"article","og_title":"Cubierta Superior Kirby","og_description":"Parte superior de la cubierta.    En stock   Pedido antes de las 23:59, enviado ma\u00f1ana  &nbsp;","og_url":"https:\/\/www.veltec.eu\/nl\/product\/kirby-behuizing-bovenzijde-nl3152\/","og_site_name":"Veltec Kirby specialist","article_publisher":"https:\/\/www.facebook.com\/Veltec-Kirby-Specialist-236746293374877\/","article_modified_time":"2025-04-02T12:13:56+00:00","og_image":[{"width":300,"height":300,"url":"https:\/\/www.veltec.eu\/wp-content\/uploads\/2018\/10\/Kirby-bovenkant.png","type":"image\/png"}],"twitter_card":"summary_large_image","twitter_misc":{"Tiempo de lectura":"3 minutos"},"schema":{"@context":"https:\/\/schema.org","@graph":[{"@type":"WebPage","@id":"https:\/\/www.veltec.eu\/nl\/product\/kirby-behuizing-bovenzijde-nl3152\/","url":"https:\/\/www.veltec.eu\/nl\/product\/kirby-behuizing-bovenzijde-nl3152\/","name":"Cubierta Superior Kirby - Veltec Kirby specialist","isPartOf":{"@id":"https:\/\/www.veltec.eu\/en\/#website"},"primaryImageOfPage":{"@id":"https:\/\/www.veltec.eu\/nl\/product\/kirby-behuizing-bovenzijde-nl3152\/#primaryimage"},"image":{"@id":"https:\/\/www.veltec.eu\/nl\/product\/kirby-behuizing-bovenzijde-nl3152\/#primaryimage"},"thumbnailUrl":"https:\/\/www.veltec.eu\/wp-content\/uploads\/2018\/10\/bovenkant-Kirby-behuizing-1.jpg","datePublished":"2018-10-30T08:10:56+00:00","dateModified":"2025-04-02T12:13:56+00:00","description":"Cubierta Superior Kirby Veltec es el proveedor de las aspiradoras Kirby desde hace m\u00e1s de 25 a\u00f1os. Y es su especialista en servicio","breadcrumb":{"@id":"https:\/\/www.veltec.eu\/nl\/product\/kirby-behuizing-bovenzijde-nl3152\/#breadcrumb"},"inLanguage":"es","potentialAction":[{"@type":"ReadAction","target":["https:\/\/www.veltec.eu\/nl\/product\/kirby-behuizing-bovenzijde-nl3152\/"]}]},{"@type":"ImageObject","inLanguage":"es","@id":"https:\/\/www.veltec.eu\/nl\/product\/kirby-behuizing-bovenzijde-nl3152\/#primaryimage","url":"https:\/\/www.veltec.eu\/wp-content\/uploads\/2018\/10\/bovenkant-Kirby-behuizing-1.jpg","contentUrl":"https:\/\/www.veltec.eu\/wp-content\/uploads\/2018\/10\/bovenkant-Kirby-behuizing-1.jpg","width":600,"height":600},{"@type":"BreadcrumbList","@id":"https:\/\/www.veltec.eu\/nl\/product\/kirby-behuizing-bovenzijde-nl3152\/#breadcrumb","itemListElement":[{"@type":"ListItem","position":1,"name":"Home","item":"https:\/\/www.veltec.eu\/es\/"},{"@type":"ListItem","position":2,"name":"Produits","item":"https:\/\/www.veltec.eu\/fr\/shop\/"},{"@type":"ListItem","position":3,"name":"Cubierta Superior Kirby"}]},{"@type":"WebSite","@id":"https:\/\/www.veltec.eu\/en\/#website","url":"https:\/\/www.veltec.eu\/en\/","name":"Veltec Kirby specialist","description":"Kirby stofzuiger producten","publisher":{"@id":"https:\/\/www.veltec.eu\/en\/#organization"},"potentialAction":[{"@type":"SearchAction","target":{"@type":"EntryPoint","urlTemplate":"https:\/\/www.veltec.eu\/en\/?s={search_term_string}"},"query-input":{"@type":"PropertyValueSpecification","valueRequired":true,"valueName":"search_term_string"}}],"inLanguage":"es"},{"@type":"Organization","@id":"https:\/\/www.veltec.eu\/en\/#organization","name":"Veltec Kirby Specialist","url":"https:\/\/www.veltec.eu\/en\/","logo":{"@type":"ImageObject","inLanguage":"es","@id":"https:\/\/www.veltec.eu\/en\/#\/schema\/logo\/image\/","url":"https:\/\/www.veltec.eu\/wp-content\/uploads\/2021\/12\/Veltec-log-groot-e1537260889125.png","contentUrl":"https:\/\/www.veltec.eu\/wp-content\/uploads\/2021\/12\/Veltec-log-groot-e1537260889125.png","width":200,"height":60,"caption":"Veltec Kirby Specialist"},"image":{"@id":"https:\/\/www.veltec.eu\/en\/#\/schema\/logo\/image\/"},"sameAs":["https:\/\/www.facebook.com\/Veltec-Kirby-Specialist-236746293374877\/","https:\/\/www.youtube.com\/user\/VeltecService"]}]}},"_links":{"self":[{"href":"https:\/\/www.veltec.eu\/es\/wp-json\/wp\/v2\/product\/10367","targetHints":{"allow":["GET"]}}],"collection":[{"href":"https:\/\/www.veltec.eu\/es\/wp-json\/wp\/v2\/product"}],"about":[{"href":"https:\/\/www.veltec.eu\/es\/wp-json\/wp\/v2\/types\/product"}],"replies":[{"embeddable":true,"href":"https:\/\/www.veltec.eu\/es\/wp-json\/wp\/v2\/comments?post=10367"}],"wp:featuredmedia":[{"embeddable":true,"href":"https:\/\/www.veltec.eu\/es\/wp-json\/wp\/v2\/media\/90773"}],"wp:attachment":[{"href":"https:\/\/www.veltec.eu\/es\/wp-json\/wp\/v2\/media?parent=10367"}],"wp:term":[{"taxonomy":"product_brand","embeddable":true,"href":"https:\/\/www.veltec.eu\/es\/wp-json\/wp\/v2\/product_brand?post=10367"},{"taxonomy":"product_cat","embeddable":true,"href":"https:\/\/www.veltec.eu\/es\/wp-json\/wp\/v2\/product_cat?post=10367"},{"taxonomy":"product_tag","embeddable":true,"href":"https:\/\/www.veltec.eu\/es\/wp-json\/wp\/v2\/product_tag?post=10367"}],"curies":[{"name":"wp","href":"https:\/\/api.w.org\/{rel}","templated":true}]}}