{"id":10307,"date":"2018-10-30T10:26:56","date_gmt":"2018-10-30T08:26:56","guid":{"rendered":"https:\/\/www.veltec.eu\/kirby-webshop\/kirby-pakkingsring-voorzijde-nl220989\/"},"modified":"2025-04-08T13:15:28","modified_gmt":"2025-04-08T11:15:28","slug":"anillo-de-junta-frontal-kirby","status":"publish","type":"product","link":"https:\/\/www.veltec.eu\/es\/product\/anillo-de-junta-frontal-kirby\/","title":{"rendered":"Anillo de junta frontal Kirby"},"content":{"rendered":"<h2>Anillo de Junta Frontal Kirby &#8211; Para una conexi\u00f3n herm\u00e9tica perfecta<\/h2>\n<p>Cuando quiera sacar el m\u00e1ximo partido a su aspiradora Kirby, es esencial que el sellado herm\u00e9tico sea correcto. Por eso el anillo de junta frontal Kirby es indispensable. Este anillo de junta de alta calidad garantiza que la manguera se conecte perfectamente a la placa frontal de su Kirby. De este modo evitar\u00e1 fugas de aire, p\u00e9rdida de potencia de succi\u00f3n y desgaste innecesario.<\/p>\n<p><strong>Este anillo de junta es adecuado para las siguientes aspiradoras Kirby;<\/strong><\/p>\n<ul>\n<li>Avalir Platinum<\/li>\n<li>Avalir 2<\/li>\n<li>Avalir 1<\/li>\n<li>Sentria 2 (G10D)<\/li>\n<li>Sentria 1 (G10)<\/li>\n<li>Ultimate G Diamond Ed.(G7D or DE)<\/li>\n<li>Ultimate G (G7 or UG)<\/li>\n<li>Generation 6 (G6)<\/li>\n<li>Generation 5 (G5)<\/li>\n<li>Generation 4 (G4)<\/li>\n<li>Generation 3 (G3)<\/li>\n<\/ul>\n<p><a href=\"https:\/\/www.veltec.eu\/es\/cubierta-kirby\/\">Aqu\u00ed encontrar\u00e1 todas las carcasas Kirby<\/a><\/p>\n<h3>\u00bfQu\u00e9 es exactamente el anillo de goma frontal Kirby?<\/h3>\n<p>El Kirby Gasket Ring Front es un anillo de goma especialmente dise\u00f1ado que se coloca alrededor del orificio de la parte delantera de su aspiradora Kirby. En el momento en que conecta la manguera, este anillo garantiza una conexi\u00f3n firme y completamente herm\u00e9tica. Como resultado, la potencia de succi\u00f3n se mantiene de forma \u00f3ptima y su aspiradora puede seguir funcionando como hasta ahora.<\/p>\n<p>Es importante tener en cuenta que incluso una peque\u00f1a fuga puede tener un gran impacto en el rendimiento de su aspiradora. Por lo tanto, este anillo de junta se recomienda como pieza esencial para cualquier mantenimiento o revisi\u00f3n.<\/p>\n<h2>Ajuste universal para todos los modelos Kirby<\/h2>\n<p>Tanto si tiene un modelo antiguo como una variante m\u00e1s reciente, este anillo de junta se adapta a cualquier aspiradora Kirby. Gracias a su material flexible y duradero, el anillo encaja perfectamente sin necesidad de herramientas adicionales. Esto hace que la sustituci\u00f3n del anillo viejo sea f\u00e1cil y r\u00e1pida.<\/p>\n<h3>Por qu\u00e9 este anillo de junta es una inversi\u00f3n inteligente<\/h3>\n<p>Hay varias razones por las que deber\u00eda elegir este anillo de junta original Kirby:<\/p>\n<ul>\n<li>Adecuado para todos los modelos Kirby &#8211; No tiene que dudar si encaja.<\/li>\n<li>Mantiene la m\u00e1xima potencia de succi\u00f3n &#8211; Sin fugas, por lo que el rendimiento es del 100%.<\/li>\n<li>Material duradero &#8211; Mayor vida \u00fatil que las alternativas baratas.<\/li>\n<li>F\u00e1cil montaje &#8211; La sustituci\u00f3n s\u00f3lo lleva unos minutos.<\/li>\n<\/ul>\n<h2>\u00bfCu\u00e1ndo es el momento de sustituir su anillo de junta delantero Kirby?<\/h2>\n<p>Es aconsejable comprobar regularmente el estado de su anillo de junta. Si nota que la manguera no se mantiene en su sitio correctamente, o si experimenta una notable disminuci\u00f3n de la potencia de succi\u00f3n, lo m\u00e1s probable es que el anillo actual est\u00e9 desgastado. En estos casos, es aconsejable sustituirlo inmediatamente para evitar da\u00f1os mayores o p\u00e9rdida de rendimiento.<\/p>\n<h3>Parte de un buen mantenimiento<\/h3>\n<p>Un buen mantenimiento no s\u00f3lo prolonga la vida \u00fatil de su aspiradora Kirby, sino que tambi\u00e9n le garantiza menos gastos a largo plazo. As\u00ed que una peque\u00f1a inversi\u00f3n como este anillo de junta delantero puede evitar muchos problemas y ayudar a mantener un sistema que funcione perfectamente.<\/p>\n<h2>Pida hoy mismo su anillo de junta delantero Kirby<\/h2>\n<p>No espere a que disminuya la potencia de succi\u00f3n o a que las piezas empiecen a desgastarse. Pida hoy mismo el anillo de junta delantero Kirby y experimente la diferencia de inmediato. Utilizando la pieza correcta, se asegurar\u00e1 un mejor rendimiento, menos desgaste y una vida m\u00e1s larga de su aspiradora.<\/p>\n","protected":false},"excerpt":{"rendered":"<p>No intente instalarlo en las barredoras Kirby G4 o Kirby G3, ya que el extremo de la manguera que se conecta a la aspiradora Kirby tiene una junta y hace que sea grueso bloquearlo en la unidad. Puede acabar rompiendo el conector de la manguera.<\/p>\n[trustindex data-widget-id=48bbd87242952812953642309d4]\n<h3><span style=\"color: #008000;\"><br \/>\nEn stock<\/span><\/h3>\n[av_font_icon icon='ue812' font='entypo-fontello' style='' caption='' size='25px' position='left' color='#43ad66' link='' linktarget='' title_attr='' sonar_effect_effect='' sonar_effect_color='' sonar_effect_duration='1' sonar_effect_scale='' sonar_effect_opac='0.5' animation='' id='' custom_class='' template_class='' av_uid='' sc_version='1.0' admin_preview_bg=''][\/av_font_icon]\n<p><span style=\"color: #008000;\">Pedido antes de las 23:59, enviado ma\u00f1ana<\/span><\/p>\n<p>&nbsp;<\/p>\n","protected":false},"featured_media":90466,"comment_status":"open","ping_status":"closed","template":"","meta":{"_acf_changed":false},"product_brand":[],"product_cat":[307],"product_tag":[],"class_list":{"0":"post-10307","1":"product","2":"type-product","3":"status-publish","4":"has-post-thumbnail","6":"product_cat-cubierta-kirby","7":"product_shipping_class-klein-es","9":"first","10":"instock","11":"taxable","12":"shipping-taxable","13":"purchasable","14":"product-type-simple"},"acf":[],"yoast_head":"<!-- This site is optimized with the Yoast SEO Premium plugin v27.1 (Yoast SEO v27.4) - https:\/\/yoast.com\/product\/yoast-seo-premium-wordpress\/ -->\n<title>Anillo de junta frontal Kirby - Veltec Kirby specialist<\/title>\n<meta name=\"description\" content=\"Anillo de junta frontal Kirby - Veltec es desde hace m\u00e1s de 25 a\u00f1os proveedor de equipos Kirby. Y es su especialista en servicio\" \/>\n<meta name=\"robots\" content=\"index, follow, max-snippet:-1, max-image-preview:large, max-video-preview:-1\" \/>\n<link rel=\"canonical\" href=\"https:\/\/www.veltec.eu\/es\/product\/anillo-de-junta-frontal-kirby\/\" \/>\n<meta property=\"og:locale\" content=\"es_ES\" \/>\n<meta property=\"og:type\" content=\"article\" \/>\n<meta property=\"og:title\" content=\"Anillo de junta frontal Kirby\" \/>\n<meta property=\"og:description\" content=\"No intente instalarlo en las barredoras Kirby G4 o Kirby G3, ya que el extremo de la manguera que se conecta a la aspiradora Kirby tiene una junta y hace que sea grueso bloquearlo en la unidad. Puede acabar rompiendo el conector de la manguera.    En stock   Pedido antes de las 23:59, enviado ma\u00f1ana  &nbsp;\" \/>\n<meta property=\"og:url\" content=\"https:\/\/www.veltec.eu\/es\/product\/anillo-de-junta-frontal-kirby\/\" \/>\n<meta property=\"og:site_name\" content=\"Veltec Kirby specialist\" \/>\n<meta property=\"article:publisher\" content=\"https:\/\/www.facebook.com\/Veltec-Kirby-Specialist-236746293374877\/\" \/>\n<meta property=\"article:modified_time\" content=\"2025-04-08T11:15:28+00:00\" \/>\n<meta property=\"og:image\" content=\"https:\/\/www.veltec.eu\/wp-content\/uploads\/2018\/10\/20118108.jpg\" \/>\n\t<meta property=\"og:image:width\" content=\"300\" \/>\n\t<meta property=\"og:image:height\" content=\"300\" \/>\n\t<meta property=\"og:image:type\" content=\"image\/jpeg\" \/>\n<meta name=\"twitter:card\" content=\"summary_large_image\" \/>\n<meta name=\"twitter:label1\" content=\"Tiempo de lectura\" \/>\n\t<meta name=\"twitter:data1\" content=\"3 minutos\" \/>\n<script type=\"application\/ld+json\" class=\"yoast-schema-graph\">{\"@context\":\"https:\\\/\\\/schema.org\",\"@graph\":[{\"@type\":\"WebPage\",\"@id\":\"https:\\\/\\\/www.veltec.eu\\\/es\\\/product\\\/anillo-de-junta-frontal-kirby\\\/\",\"url\":\"https:\\\/\\\/www.veltec.eu\\\/es\\\/product\\\/anillo-de-junta-frontal-kirby\\\/\",\"name\":\"Anillo de junta frontal Kirby - Veltec Kirby specialist\",\"isPartOf\":{\"@id\":\"https:\\\/\\\/www.veltec.eu\\\/en\\\/#website\"},\"primaryImageOfPage\":{\"@id\":\"https:\\\/\\\/www.veltec.eu\\\/es\\\/product\\\/anillo-de-junta-frontal-kirby\\\/#primaryimage\"},\"image\":{\"@id\":\"https:\\\/\\\/www.veltec.eu\\\/es\\\/product\\\/anillo-de-junta-frontal-kirby\\\/#primaryimage\"},\"thumbnailUrl\":\"https:\\\/\\\/www.veltec.eu\\\/wp-content\\\/uploads\\\/2018\\\/10\\\/Kirby-pakkingsring1.jpg\",\"datePublished\":\"2018-10-30T08:26:56+00:00\",\"dateModified\":\"2025-04-08T11:15:28+00:00\",\"description\":\"Anillo de junta frontal Kirby - Veltec es desde hace m\u00e1s de 25 a\u00f1os proveedor de equipos Kirby. Y es su especialista en servicio\",\"breadcrumb\":{\"@id\":\"https:\\\/\\\/www.veltec.eu\\\/es\\\/product\\\/anillo-de-junta-frontal-kirby\\\/#breadcrumb\"},\"inLanguage\":\"es\",\"potentialAction\":[{\"@type\":\"ReadAction\",\"target\":[\"https:\\\/\\\/www.veltec.eu\\\/es\\\/product\\\/anillo-de-junta-frontal-kirby\\\/\"]}]},{\"@type\":\"ImageObject\",\"inLanguage\":\"es\",\"@id\":\"https:\\\/\\\/www.veltec.eu\\\/es\\\/product\\\/anillo-de-junta-frontal-kirby\\\/#primaryimage\",\"url\":\"https:\\\/\\\/www.veltec.eu\\\/wp-content\\\/uploads\\\/2018\\\/10\\\/Kirby-pakkingsring1.jpg\",\"contentUrl\":\"https:\\\/\\\/www.veltec.eu\\\/wp-content\\\/uploads\\\/2018\\\/10\\\/Kirby-pakkingsring1.jpg\",\"width\":600,\"height\":600},{\"@type\":\"BreadcrumbList\",\"@id\":\"https:\\\/\\\/www.veltec.eu\\\/es\\\/product\\\/anillo-de-junta-frontal-kirby\\\/#breadcrumb\",\"itemListElement\":[{\"@type\":\"ListItem\",\"position\":1,\"name\":\"Home\",\"item\":\"https:\\\/\\\/www.veltec.eu\\\/es\\\/\"},{\"@type\":\"ListItem\",\"position\":2,\"name\":\"Kirby Shop\",\"item\":\"https:\\\/\\\/www.veltec.eu\\\/nl\\\/shop-page\\\/\"},{\"@type\":\"ListItem\",\"position\":3,\"name\":\"Anillo de junta frontal Kirby\"}]},{\"@type\":\"WebSite\",\"@id\":\"https:\\\/\\\/www.veltec.eu\\\/en\\\/#website\",\"url\":\"https:\\\/\\\/www.veltec.eu\\\/en\\\/\",\"name\":\"Veltec Kirby specialist\",\"description\":\"Kirby stofzuiger producten\",\"publisher\":{\"@id\":\"https:\\\/\\\/www.veltec.eu\\\/en\\\/#organization\"},\"potentialAction\":[{\"@type\":\"SearchAction\",\"target\":{\"@type\":\"EntryPoint\",\"urlTemplate\":\"https:\\\/\\\/www.veltec.eu\\\/en\\\/?s={search_term_string}\"},\"query-input\":{\"@type\":\"PropertyValueSpecification\",\"valueRequired\":true,\"valueName\":\"search_term_string\"}}],\"inLanguage\":\"es\"},{\"@type\":\"Organization\",\"@id\":\"https:\\\/\\\/www.veltec.eu\\\/en\\\/#organization\",\"name\":\"Veltec Kirby Specialist\",\"url\":\"https:\\\/\\\/www.veltec.eu\\\/en\\\/\",\"logo\":{\"@type\":\"ImageObject\",\"inLanguage\":\"es\",\"@id\":\"https:\\\/\\\/www.veltec.eu\\\/en\\\/#\\\/schema\\\/logo\\\/image\\\/\",\"url\":\"https:\\\/\\\/www.veltec.eu\\\/wp-content\\\/uploads\\\/2021\\\/12\\\/Veltec-log-groot-e1537260889125.png\",\"contentUrl\":\"https:\\\/\\\/www.veltec.eu\\\/wp-content\\\/uploads\\\/2021\\\/12\\\/Veltec-log-groot-e1537260889125.png\",\"width\":200,\"height\":60,\"caption\":\"Veltec Kirby Specialist\"},\"image\":{\"@id\":\"https:\\\/\\\/www.veltec.eu\\\/en\\\/#\\\/schema\\\/logo\\\/image\\\/\"},\"sameAs\":[\"https:\\\/\\\/www.facebook.com\\\/Veltec-Kirby-Specialist-236746293374877\\\/\",\"https:\\\/\\\/www.youtube.com\\\/user\\\/VeltecService\"]}]}<\/script>\n<!-- \/ Yoast SEO Premium plugin. -->","yoast_head_json":{"title":"Anillo de junta frontal Kirby - Veltec Kirby specialist","description":"Anillo de junta frontal Kirby - Veltec es desde hace m\u00e1s de 25 a\u00f1os proveedor de equipos Kirby. Y es su especialista en servicio","robots":{"index":"index","follow":"follow","max-snippet":"max-snippet:-1","max-image-preview":"max-image-preview:large","max-video-preview":"max-video-preview:-1"},"canonical":"https:\/\/www.veltec.eu\/es\/product\/anillo-de-junta-frontal-kirby\/","og_locale":"es_ES","og_type":"article","og_title":"Anillo de junta frontal Kirby","og_description":"No intente instalarlo en las barredoras Kirby G4 o Kirby G3, ya que el extremo de la manguera que se conecta a la aspiradora Kirby tiene una junta y hace que sea grueso bloquearlo en la unidad. Puede acabar rompiendo el conector de la manguera.    En stock   Pedido antes de las 23:59, enviado ma\u00f1ana  &nbsp;","og_url":"https:\/\/www.veltec.eu\/es\/product\/anillo-de-junta-frontal-kirby\/","og_site_name":"Veltec Kirby specialist","article_publisher":"https:\/\/www.facebook.com\/Veltec-Kirby-Specialist-236746293374877\/","article_modified_time":"2025-04-08T11:15:28+00:00","og_image":[{"width":300,"height":300,"url":"https:\/\/www.veltec.eu\/wp-content\/uploads\/2018\/10\/20118108.jpg","type":"image\/jpeg"}],"twitter_card":"summary_large_image","twitter_misc":{"Tiempo de lectura":"3 minutos"},"schema":{"@context":"https:\/\/schema.org","@graph":[{"@type":"WebPage","@id":"https:\/\/www.veltec.eu\/es\/product\/anillo-de-junta-frontal-kirby\/","url":"https:\/\/www.veltec.eu\/es\/product\/anillo-de-junta-frontal-kirby\/","name":"Anillo de junta frontal Kirby - Veltec Kirby specialist","isPartOf":{"@id":"https:\/\/www.veltec.eu\/en\/#website"},"primaryImageOfPage":{"@id":"https:\/\/www.veltec.eu\/es\/product\/anillo-de-junta-frontal-kirby\/#primaryimage"},"image":{"@id":"https:\/\/www.veltec.eu\/es\/product\/anillo-de-junta-frontal-kirby\/#primaryimage"},"thumbnailUrl":"https:\/\/www.veltec.eu\/wp-content\/uploads\/2018\/10\/Kirby-pakkingsring1.jpg","datePublished":"2018-10-30T08:26:56+00:00","dateModified":"2025-04-08T11:15:28+00:00","description":"Anillo de junta frontal Kirby - Veltec es desde hace m\u00e1s de 25 a\u00f1os proveedor de equipos Kirby. Y es su especialista en servicio","breadcrumb":{"@id":"https:\/\/www.veltec.eu\/es\/product\/anillo-de-junta-frontal-kirby\/#breadcrumb"},"inLanguage":"es","potentialAction":[{"@type":"ReadAction","target":["https:\/\/www.veltec.eu\/es\/product\/anillo-de-junta-frontal-kirby\/"]}]},{"@type":"ImageObject","inLanguage":"es","@id":"https:\/\/www.veltec.eu\/es\/product\/anillo-de-junta-frontal-kirby\/#primaryimage","url":"https:\/\/www.veltec.eu\/wp-content\/uploads\/2018\/10\/Kirby-pakkingsring1.jpg","contentUrl":"https:\/\/www.veltec.eu\/wp-content\/uploads\/2018\/10\/Kirby-pakkingsring1.jpg","width":600,"height":600},{"@type":"BreadcrumbList","@id":"https:\/\/www.veltec.eu\/es\/product\/anillo-de-junta-frontal-kirby\/#breadcrumb","itemListElement":[{"@type":"ListItem","position":1,"name":"Home","item":"https:\/\/www.veltec.eu\/es\/"},{"@type":"ListItem","position":2,"name":"Kirby Shop","item":"https:\/\/www.veltec.eu\/nl\/shop-page\/"},{"@type":"ListItem","position":3,"name":"Anillo de junta frontal Kirby"}]},{"@type":"WebSite","@id":"https:\/\/www.veltec.eu\/en\/#website","url":"https:\/\/www.veltec.eu\/en\/","name":"Veltec Kirby specialist","description":"Kirby stofzuiger producten","publisher":{"@id":"https:\/\/www.veltec.eu\/en\/#organization"},"potentialAction":[{"@type":"SearchAction","target":{"@type":"EntryPoint","urlTemplate":"https:\/\/www.veltec.eu\/en\/?s={search_term_string}"},"query-input":{"@type":"PropertyValueSpecification","valueRequired":true,"valueName":"search_term_string"}}],"inLanguage":"es"},{"@type":"Organization","@id":"https:\/\/www.veltec.eu\/en\/#organization","name":"Veltec Kirby Specialist","url":"https:\/\/www.veltec.eu\/en\/","logo":{"@type":"ImageObject","inLanguage":"es","@id":"https:\/\/www.veltec.eu\/en\/#\/schema\/logo\/image\/","url":"https:\/\/www.veltec.eu\/wp-content\/uploads\/2021\/12\/Veltec-log-groot-e1537260889125.png","contentUrl":"https:\/\/www.veltec.eu\/wp-content\/uploads\/2021\/12\/Veltec-log-groot-e1537260889125.png","width":200,"height":60,"caption":"Veltec Kirby Specialist"},"image":{"@id":"https:\/\/www.veltec.eu\/en\/#\/schema\/logo\/image\/"},"sameAs":["https:\/\/www.facebook.com\/Veltec-Kirby-Specialist-236746293374877\/","https:\/\/www.youtube.com\/user\/VeltecService"]}]}},"_links":{"self":[{"href":"https:\/\/www.veltec.eu\/es\/wp-json\/wp\/v2\/product\/10307","targetHints":{"allow":["GET"]}}],"collection":[{"href":"https:\/\/www.veltec.eu\/es\/wp-json\/wp\/v2\/product"}],"about":[{"href":"https:\/\/www.veltec.eu\/es\/wp-json\/wp\/v2\/types\/product"}],"replies":[{"embeddable":true,"href":"https:\/\/www.veltec.eu\/es\/wp-json\/wp\/v2\/comments?post=10307"}],"wp:featuredmedia":[{"embeddable":true,"href":"https:\/\/www.veltec.eu\/es\/wp-json\/wp\/v2\/media\/90466"}],"wp:attachment":[{"href":"https:\/\/www.veltec.eu\/es\/wp-json\/wp\/v2\/media?parent=10307"}],"wp:term":[{"taxonomy":"product_brand","embeddable":true,"href":"https:\/\/www.veltec.eu\/es\/wp-json\/wp\/v2\/product_brand?post=10307"},{"taxonomy":"product_cat","embeddable":true,"href":"https:\/\/www.veltec.eu\/es\/wp-json\/wp\/v2\/product_cat?post=10307"},{"taxonomy":"product_tag","embeddable":true,"href":"https:\/\/www.veltec.eu\/es\/wp-json\/wp\/v2\/product_tag?post=10307"}],"curies":[{"name":"wp","href":"https:\/\/api.w.org\/{rel}","templated":true}]}}