{"id":10302,"date":"2018-10-30T10:33:46","date_gmt":"2018-10-30T08:33:46","guid":{"rendered":"https:\/\/www.veltec.eu\/kirby-webshop\/clear-100-silicone-adhesive\/"},"modified":"2025-04-08T11:02:42","modified_gmt":"2025-04-08T09:02:42","slug":"silicona-adhesiva-delantera-nl1134567","status":"publish","type":"product","link":"https:\/\/www.veltec.eu\/es\/product\/silicona-adhesiva-delantera-nl1134567\/","title":{"rendered":"Silicona Adhesiva Delantera"},"content":{"rendered":"<h2>Silicona Adhesiva Delantera &#8211; Para un sellado perfecto y duradero de su aspiradora Kirby<\/h2>\n<p>Cuando busque una soluci\u00f3n fiable para evitar fugas de aire y la entrada de suciedad en su aspiradora Kirby, el Silicona Adhesiva Delantera exactamente lo que necesita. Este adhesivo de sellado de alta calidad se ha desarrollado especialmente para sellar perfectamente la parte delantera de su aspiradora Kirby, de modo que pueda estar seguro de un funcionamiento \u00f3ptimo y la m\u00e1xima higiene.<\/p>\n<p><strong>Este adhesivo de sellado de silicona es adecuado para todas las aspiradoras Kirby;<\/strong><\/p>\n<ul>\n<li>Avalir Platinum<\/li>\n<li>Avalir 2<\/li>\n<li>Avalir 1<\/li>\n<li>Sentria 2 (G10D)<\/li>\n<li>Sentria 1 (G10)<\/li>\n<li>Ultimate G Diamond Ed.(G7D or DE)<\/li>\n<li>Ultimate G (G7 or UG)<\/li>\n<li>Generation 6 (G6)<\/li>\n<li>Generation 5 (G5)<\/li>\n<li>Generation 4 (G4)<\/li>\n<li>Generation 3 (G3)<\/li>\n<\/ul>\n<p><a href=\"https:\/\/www.veltec.eu\/es\/cubierta-kirby\/\">Aqu\u00ed encontrar\u00e1 todas las carcasas Kirby<\/a><\/p>\n<h3>\u00bfQu\u00e9 es el Silicona Adhesiva Sellado Frontal?<\/h3>\n<p>Silicona adhesiva sellado delanteroes un adhesivo de silicona flexible y resistente que puede utilizar f\u00e1cilmente para fijar una nueva placa frontal. Adem\u00e1s, este adhesivo es ideal para sellar huecos o agujeros existentes en la carcasa. Como este adhesivo da un resultado el\u00e1stico pero herm\u00e9tico despu\u00e9s del curado, evita que se escape el polvo, la suciedad o el aire sin filtrar.<\/p>\n<h3>Caracter\u00edsticas principales:<\/h3>\n<ul>\n<li>Especialmente desarrollado para aspiradoras Kirby<\/li>\n<li>Resistente al calor, las vibraciones y la acumulaci\u00f3n de polvo<\/li>\n<li>Flexible y f\u00e1cil de aplicar<\/li>\n<li>Garantiza un sellado duradero y fiable<\/li>\n<\/ul>\n<p>Gracias a la versatilidad de este adhesivo, puede utilizarlo tanto de forma preventiva durante el montaje como de forma correctiva para fugas o da\u00f1os menores.<\/p>\n<h2>Aplicaciones del Silicona Adhesiva Delantera<\/h2>\n<h3>Al instalar una nueva placa frontal<\/h3>\n<p>Al colocar una nueva placa frontal en su aspiradora Kirby, es esencial que se ajuste perfectamente a la parte inferior del aparato. Aplicando silicona adhesiva sellado delantero, evitar\u00e1 huecos o holguras que podr\u00edan afectar a la potencia de succi\u00f3n. Adem\u00e1s, el adhesivo garantiza que la uni\u00f3n permanezca herm\u00e9tica, incluso despu\u00e9s de un uso prolongado.<\/p>\n<h3>Para mantenimiento y peque\u00f1as reparaciones<\/h3>\n<p>Adem\u00e1s de utilizarse para piezas nuevas, este adhesivo sellador es ideal para sellar grietas, agujeros o conexiones sueltas ya existentes. Esto no s\u00f3lo prolonga la vida \u00fatil de su electrodom\u00e9stico, sino que tambi\u00e9n evita que se acumulen part\u00edculas de suciedad en lugares no deseados.<\/p>\n<p>Como el adhesivo es resistente a la acumulaci\u00f3n de polvo, las fluctuaciones de temperatura y las vibraciones del motor, la junta se mantendr\u00e1 en perfecto estado durante mucho tiempo.<\/p>\n<h2>\u00bfPor qu\u00e9 elegir este adhesivo de sellado de silicona?<\/h2>\n<p>Si valora la durabilidad, la fiabilidad y la facilidad de aplicaci\u00f3n, este adhesivo es una elecci\u00f3n l\u00f3gica. Como el adhesivo de sellado de silicona frontal es compatible con todos los modelos de aspiradoras Kirby, no tendr\u00e1 que preocuparse por su idoneidad o rendimiento.<\/p>\n<h3>Ventajas de un vistazo:<\/h3>\n<ul>\n<li>Sin p\u00e9rdida de aire, por lo que mejora la potencia de succi\u00f3n<\/li>\n<li>Sin acumulaci\u00f3n de suciedad en la carcasa<\/li>\n<li>F\u00e1cil de aplicar usted mismo, sin herramientas especiales<\/li>\n<li>Resistente al desgaste, la humedad y las fluctuaciones de temperatura<\/li>\n<\/ul>\n<p>As\u00ed que si quiere estar seguro de un sellado duradero y eficaz para su aspiradora Kirby, este adhesivo es indispensable en su kit de mantenimiento.<\/p>\n<h2>Haga su pedido ahora y experimente la diferencia<\/h2>\n<p>No lo dude m\u00e1s y elija la seguridad con el adhesivo de sellado de silicona frontal. Tanto si va a instalar una nueva placa frontal como si va a realizar una peque\u00f1a reparaci\u00f3n, este adhesivo le garantizar\u00e1 un sellado perfecto que durar\u00e1 a\u00f1os. P\u00eddalo hoy mismo y benef\u00edciese de un mejor funcionamiento de su aspiradora Kirby.<\/p>\n","protected":false},"excerpt":{"rendered":"<p>Aplique adhesivo de sellado de silicona en el borde del frontal Kirby y s\u00f3lo entonces atorn\u00edllelo.<br \/>\nEsto asegura un cierre herm\u00e9tico del frontal para que no pueda pasar m\u00e1s aire.<\/p>\n<p>85 ml.<\/p>\n[trustindex data-widget-id=48bbd87242952812953642309d4]\n<h3><span style=\"color: #008000;\"><br \/>\nEn stock<\/span><\/h3>\n[av_font_icon icon='ue812' font='entypo-fontello' style='' caption='' size='25px' position='left' color='#43ad66' link='' linktarget='' title_attr='' sonar_effect_effect='' sonar_effect_color='' sonar_effect_duration='1' sonar_effect_scale='' sonar_effect_opac='0.5' animation='' id='' custom_class='' template_class='' av_uid='' sc_version='1.0' admin_preview_bg=''][\/av_font_icon]\n<p><span style=\"color: #008000;\">Pedido antes de las 23:59, enviado ma\u00f1ana<\/span><\/p>\n<p>&nbsp;<\/p>\n","protected":false},"featured_media":39969,"comment_status":"open","ping_status":"closed","template":"","meta":{"_acf_changed":false},"product_brand":[],"product_cat":[307],"product_tag":[],"class_list":{"0":"post-10302","1":"product","2":"type-product","3":"status-publish","4":"has-post-thumbnail","6":"product_cat-cubierta-kirby","7":"product_shipping_class-klein-es","9":"first","10":"instock","11":"taxable","12":"shipping-taxable","13":"purchasable","14":"product-type-simple"},"acf":[],"yoast_head":"<!-- This site is optimized with the Yoast SEO Premium plugin v27.1 (Yoast SEO v27.4) - https:\/\/yoast.com\/product\/yoast-seo-premium-wordpress\/ -->\n<title>Silicona Adhesiva Delantera - Veltec Kirby specialist<\/title>\n<meta name=\"description\" content=\"Silicona Adhesiva Delantera - Veltec es desde hace m\u00e1s de 25 a\u00f1os proveedor de equipos Kirby. Y es su especialista en servicio t\u00e9cnico Kirby.\" \/>\n<meta name=\"robots\" content=\"index, follow, max-snippet:-1, max-image-preview:large, max-video-preview:-1\" \/>\n<link rel=\"canonical\" href=\"https:\/\/www.veltec.eu\/es\/product\/silicona-adhesiva-delantera-nl1134567\/\" \/>\n<meta property=\"og:locale\" content=\"es_ES\" \/>\n<meta property=\"og:type\" content=\"article\" \/>\n<meta property=\"og:title\" content=\"Silicona Adhesiva Delantera\" \/>\n<meta property=\"og:description\" content=\"Aplique adhesivo de sellado de silicona en el borde del frontal Kirby y s\u00f3lo entonces atorn\u00edllelo. Esto asegura un cierre herm\u00e9tico del frontal para que no pueda pasar m\u00e1s aire.  85 ml.    En stock   Pedido antes de las 23:59, enviado ma\u00f1ana  &nbsp;\" \/>\n<meta property=\"og:url\" content=\"https:\/\/www.veltec.eu\/es\/product\/silicona-adhesiva-delantera-nl1134567\/\" \/>\n<meta property=\"og:site_name\" content=\"Veltec Kirby specialist\" \/>\n<meta property=\"article:publisher\" content=\"https:\/\/www.facebook.com\/Veltec-Kirby-Specialist-236746293374877\/\" \/>\n<meta property=\"article:modified_time\" content=\"2025-04-08T09:02:42+00:00\" \/>\n<meta property=\"og:image\" content=\"https:\/\/www.veltec.eu\/wp-content\/uploads\/2018\/10\/h-preview.jpg\" \/>\n\t<meta property=\"og:image:width\" content=\"500\" \/>\n\t<meta property=\"og:image:height\" content=\"500\" \/>\n\t<meta property=\"og:image:type\" content=\"image\/jpeg\" \/>\n<meta name=\"twitter:card\" content=\"summary_large_image\" \/>\n<meta name=\"twitter:label1\" content=\"Tiempo de lectura\" \/>\n\t<meta name=\"twitter:data1\" content=\"3 minutos\" \/>\n<script type=\"application\/ld+json\" class=\"yoast-schema-graph\">{\"@context\":\"https:\\\/\\\/schema.org\",\"@graph\":[{\"@type\":\"WebPage\",\"@id\":\"https:\\\/\\\/www.veltec.eu\\\/es\\\/product\\\/silicona-adhesiva-delantera-nl1134567\\\/\",\"url\":\"https:\\\/\\\/www.veltec.eu\\\/es\\\/product\\\/silicona-adhesiva-delantera-nl1134567\\\/\",\"name\":\"Silicona Adhesiva Delantera - Veltec Kirby specialist\",\"isPartOf\":{\"@id\":\"https:\\\/\\\/www.veltec.eu\\\/en\\\/#website\"},\"primaryImageOfPage\":{\"@id\":\"https:\\\/\\\/www.veltec.eu\\\/es\\\/product\\\/silicona-adhesiva-delantera-nl1134567\\\/#primaryimage\"},\"image\":{\"@id\":\"https:\\\/\\\/www.veltec.eu\\\/es\\\/product\\\/silicona-adhesiva-delantera-nl1134567\\\/#primaryimage\"},\"thumbnailUrl\":\"https:\\\/\\\/www.veltec.eu\\\/wp-content\\\/uploads\\\/2018\\\/10\\\/h-preview.jpg\",\"datePublished\":\"2018-10-30T08:33:46+00:00\",\"dateModified\":\"2025-04-08T09:02:42+00:00\",\"description\":\"Silicona Adhesiva Delantera - Veltec es desde hace m\u00e1s de 25 a\u00f1os proveedor de equipos Kirby. Y es su especialista en servicio t\u00e9cnico Kirby.\",\"breadcrumb\":{\"@id\":\"https:\\\/\\\/www.veltec.eu\\\/es\\\/product\\\/silicona-adhesiva-delantera-nl1134567\\\/#breadcrumb\"},\"inLanguage\":\"es\",\"potentialAction\":[{\"@type\":\"ReadAction\",\"target\":[\"https:\\\/\\\/www.veltec.eu\\\/es\\\/product\\\/silicona-adhesiva-delantera-nl1134567\\\/\"]}]},{\"@type\":\"ImageObject\",\"inLanguage\":\"es\",\"@id\":\"https:\\\/\\\/www.veltec.eu\\\/es\\\/product\\\/silicona-adhesiva-delantera-nl1134567\\\/#primaryimage\",\"url\":\"https:\\\/\\\/www.veltec.eu\\\/wp-content\\\/uploads\\\/2018\\\/10\\\/h-preview.jpg\",\"contentUrl\":\"https:\\\/\\\/www.veltec.eu\\\/wp-content\\\/uploads\\\/2018\\\/10\\\/h-preview.jpg\",\"width\":500,\"height\":500},{\"@type\":\"BreadcrumbList\",\"@id\":\"https:\\\/\\\/www.veltec.eu\\\/es\\\/product\\\/silicona-adhesiva-delantera-nl1134567\\\/#breadcrumb\",\"itemListElement\":[{\"@type\":\"ListItem\",\"position\":1,\"name\":\"Home\",\"item\":\"https:\\\/\\\/www.veltec.eu\\\/es\\\/\"},{\"@type\":\"ListItem\",\"position\":2,\"name\":\"Tienda Kirby\",\"item\":\"https:\\\/\\\/www.veltec.eu\\\/es\\\/tienda-kirby\\\/\"},{\"@type\":\"ListItem\",\"position\":3,\"name\":\"Silicona Adhesiva Delantera\"}]},{\"@type\":\"WebSite\",\"@id\":\"https:\\\/\\\/www.veltec.eu\\\/en\\\/#website\",\"url\":\"https:\\\/\\\/www.veltec.eu\\\/en\\\/\",\"name\":\"Veltec Kirby specialist\",\"description\":\"Kirby stofzuiger producten\",\"publisher\":{\"@id\":\"https:\\\/\\\/www.veltec.eu\\\/en\\\/#organization\"},\"potentialAction\":[{\"@type\":\"SearchAction\",\"target\":{\"@type\":\"EntryPoint\",\"urlTemplate\":\"https:\\\/\\\/www.veltec.eu\\\/en\\\/?s={search_term_string}\"},\"query-input\":{\"@type\":\"PropertyValueSpecification\",\"valueRequired\":true,\"valueName\":\"search_term_string\"}}],\"inLanguage\":\"es\"},{\"@type\":\"Organization\",\"@id\":\"https:\\\/\\\/www.veltec.eu\\\/en\\\/#organization\",\"name\":\"Veltec Kirby Specialist\",\"url\":\"https:\\\/\\\/www.veltec.eu\\\/en\\\/\",\"logo\":{\"@type\":\"ImageObject\",\"inLanguage\":\"es\",\"@id\":\"https:\\\/\\\/www.veltec.eu\\\/en\\\/#\\\/schema\\\/logo\\\/image\\\/\",\"url\":\"https:\\\/\\\/www.veltec.eu\\\/wp-content\\\/uploads\\\/2021\\\/12\\\/Veltec-log-groot-e1537260889125.png\",\"contentUrl\":\"https:\\\/\\\/www.veltec.eu\\\/wp-content\\\/uploads\\\/2021\\\/12\\\/Veltec-log-groot-e1537260889125.png\",\"width\":200,\"height\":60,\"caption\":\"Veltec Kirby Specialist\"},\"image\":{\"@id\":\"https:\\\/\\\/www.veltec.eu\\\/en\\\/#\\\/schema\\\/logo\\\/image\\\/\"},\"sameAs\":[\"https:\\\/\\\/www.facebook.com\\\/Veltec-Kirby-Specialist-236746293374877\\\/\",\"https:\\\/\\\/www.youtube.com\\\/user\\\/VeltecService\"]}]}<\/script>\n<!-- \/ Yoast SEO Premium plugin. -->","yoast_head_json":{"title":"Silicona Adhesiva Delantera - Veltec Kirby specialist","description":"Silicona Adhesiva Delantera - Veltec es desde hace m\u00e1s de 25 a\u00f1os proveedor de equipos Kirby. Y es su especialista en servicio t\u00e9cnico Kirby.","robots":{"index":"index","follow":"follow","max-snippet":"max-snippet:-1","max-image-preview":"max-image-preview:large","max-video-preview":"max-video-preview:-1"},"canonical":"https:\/\/www.veltec.eu\/es\/product\/silicona-adhesiva-delantera-nl1134567\/","og_locale":"es_ES","og_type":"article","og_title":"Silicona Adhesiva Delantera","og_description":"Aplique adhesivo de sellado de silicona en el borde del frontal Kirby y s\u00f3lo entonces atorn\u00edllelo. Esto asegura un cierre herm\u00e9tico del frontal para que no pueda pasar m\u00e1s aire.  85 ml.    En stock   Pedido antes de las 23:59, enviado ma\u00f1ana  &nbsp;","og_url":"https:\/\/www.veltec.eu\/es\/product\/silicona-adhesiva-delantera-nl1134567\/","og_site_name":"Veltec Kirby specialist","article_publisher":"https:\/\/www.facebook.com\/Veltec-Kirby-Specialist-236746293374877\/","article_modified_time":"2025-04-08T09:02:42+00:00","og_image":[{"width":500,"height":500,"url":"https:\/\/www.veltec.eu\/wp-content\/uploads\/2018\/10\/h-preview.jpg","type":"image\/jpeg"}],"twitter_card":"summary_large_image","twitter_misc":{"Tiempo de lectura":"3 minutos"},"schema":{"@context":"https:\/\/schema.org","@graph":[{"@type":"WebPage","@id":"https:\/\/www.veltec.eu\/es\/product\/silicona-adhesiva-delantera-nl1134567\/","url":"https:\/\/www.veltec.eu\/es\/product\/silicona-adhesiva-delantera-nl1134567\/","name":"Silicona Adhesiva Delantera - Veltec Kirby specialist","isPartOf":{"@id":"https:\/\/www.veltec.eu\/en\/#website"},"primaryImageOfPage":{"@id":"https:\/\/www.veltec.eu\/es\/product\/silicona-adhesiva-delantera-nl1134567\/#primaryimage"},"image":{"@id":"https:\/\/www.veltec.eu\/es\/product\/silicona-adhesiva-delantera-nl1134567\/#primaryimage"},"thumbnailUrl":"https:\/\/www.veltec.eu\/wp-content\/uploads\/2018\/10\/h-preview.jpg","datePublished":"2018-10-30T08:33:46+00:00","dateModified":"2025-04-08T09:02:42+00:00","description":"Silicona Adhesiva Delantera - Veltec es desde hace m\u00e1s de 25 a\u00f1os proveedor de equipos Kirby. Y es su especialista en servicio t\u00e9cnico Kirby.","breadcrumb":{"@id":"https:\/\/www.veltec.eu\/es\/product\/silicona-adhesiva-delantera-nl1134567\/#breadcrumb"},"inLanguage":"es","potentialAction":[{"@type":"ReadAction","target":["https:\/\/www.veltec.eu\/es\/product\/silicona-adhesiva-delantera-nl1134567\/"]}]},{"@type":"ImageObject","inLanguage":"es","@id":"https:\/\/www.veltec.eu\/es\/product\/silicona-adhesiva-delantera-nl1134567\/#primaryimage","url":"https:\/\/www.veltec.eu\/wp-content\/uploads\/2018\/10\/h-preview.jpg","contentUrl":"https:\/\/www.veltec.eu\/wp-content\/uploads\/2018\/10\/h-preview.jpg","width":500,"height":500},{"@type":"BreadcrumbList","@id":"https:\/\/www.veltec.eu\/es\/product\/silicona-adhesiva-delantera-nl1134567\/#breadcrumb","itemListElement":[{"@type":"ListItem","position":1,"name":"Home","item":"https:\/\/www.veltec.eu\/es\/"},{"@type":"ListItem","position":2,"name":"Tienda Kirby","item":"https:\/\/www.veltec.eu\/es\/tienda-kirby\/"},{"@type":"ListItem","position":3,"name":"Silicona Adhesiva Delantera"}]},{"@type":"WebSite","@id":"https:\/\/www.veltec.eu\/en\/#website","url":"https:\/\/www.veltec.eu\/en\/","name":"Veltec Kirby specialist","description":"Kirby stofzuiger producten","publisher":{"@id":"https:\/\/www.veltec.eu\/en\/#organization"},"potentialAction":[{"@type":"SearchAction","target":{"@type":"EntryPoint","urlTemplate":"https:\/\/www.veltec.eu\/en\/?s={search_term_string}"},"query-input":{"@type":"PropertyValueSpecification","valueRequired":true,"valueName":"search_term_string"}}],"inLanguage":"es"},{"@type":"Organization","@id":"https:\/\/www.veltec.eu\/en\/#organization","name":"Veltec Kirby Specialist","url":"https:\/\/www.veltec.eu\/en\/","logo":{"@type":"ImageObject","inLanguage":"es","@id":"https:\/\/www.veltec.eu\/en\/#\/schema\/logo\/image\/","url":"https:\/\/www.veltec.eu\/wp-content\/uploads\/2021\/12\/Veltec-log-groot-e1537260889125.png","contentUrl":"https:\/\/www.veltec.eu\/wp-content\/uploads\/2021\/12\/Veltec-log-groot-e1537260889125.png","width":200,"height":60,"caption":"Veltec Kirby Specialist"},"image":{"@id":"https:\/\/www.veltec.eu\/en\/#\/schema\/logo\/image\/"},"sameAs":["https:\/\/www.facebook.com\/Veltec-Kirby-Specialist-236746293374877\/","https:\/\/www.youtube.com\/user\/VeltecService"]}]}},"_links":{"self":[{"href":"https:\/\/www.veltec.eu\/es\/wp-json\/wp\/v2\/product\/10302","targetHints":{"allow":["GET"]}}],"collection":[{"href":"https:\/\/www.veltec.eu\/es\/wp-json\/wp\/v2\/product"}],"about":[{"href":"https:\/\/www.veltec.eu\/es\/wp-json\/wp\/v2\/types\/product"}],"replies":[{"embeddable":true,"href":"https:\/\/www.veltec.eu\/es\/wp-json\/wp\/v2\/comments?post=10302"}],"wp:featuredmedia":[{"embeddable":true,"href":"https:\/\/www.veltec.eu\/es\/wp-json\/wp\/v2\/media\/39969"}],"wp:attachment":[{"href":"https:\/\/www.veltec.eu\/es\/wp-json\/wp\/v2\/media?parent=10302"}],"wp:term":[{"taxonomy":"product_brand","embeddable":true,"href":"https:\/\/www.veltec.eu\/es\/wp-json\/wp\/v2\/product_brand?post=10302"},{"taxonomy":"product_cat","embeddable":true,"href":"https:\/\/www.veltec.eu\/es\/wp-json\/wp\/v2\/product_cat?post=10302"},{"taxonomy":"product_tag","embeddable":true,"href":"https:\/\/www.veltec.eu\/es\/wp-json\/wp\/v2\/product_tag?post=10302"}],"curies":[{"name":"wp","href":"https:\/\/api.w.org\/{rel}","templated":true}]}}