{"id":10287,"date":"2018-10-30T10:45:59","date_gmt":"2018-10-30T08:45:59","guid":{"rendered":"https:\/\/www.veltec.eu\/kirby-webshop\/kirby-behuizing-gereconditioneerd-nl266778\/"},"modified":"2025-03-31T15:39:33","modified_gmt":"2025-03-31T13:39:33","slug":"carcasa-kirby-reacondicionada","status":"publish","type":"product","link":"https:\/\/www.veltec.eu\/es\/product\/carcasa-kirby-reacondicionada\/","title":{"rendered":"Carcasa Kirby Reacondicionada"},"content":{"rendered":"<h1>Carcasa Kirby Reacondicionada<\/h1>\n<p>Carcasa Kirby Reacondicionada &#8211; Carcasa delantera e inferior completa con eje de rueda y ruedas.<br \/>\nEsta es una parte usada, y por lo tanto no es nuevo. \u00a1\u00a1\u00a1!!!<br \/>\nEste producto ha sido limpiado y se ha comprobado la estanqueidad entre la parte delantera y la parte inferior.<br \/>\nEl eje delantero se ha desmontado y limpiado, y se ha colocado un muelle nuevo en el eje delantero del gato.<br \/>\nSe han limpiado las ruedas y se les han colocado cubiertas nuevas si fuera necesario.<\/p>\n<p>Este producto se ha encontrado 100% OK y viene con una garant\u00eda completa de 2 a\u00f1os.<\/p>\n<p><strong>Esta carcasa es adecuada para cualquier aspiradora Kirby;<\/strong><\/p>\n<ul>\n<li>Avalir Platinum<\/li>\n<li>Avalir 2<\/li>\n<li>Avalir 1<\/li>\n<li>Sentria 2 (G10D)<\/li>\n<li>Sentria 1 (G10)<\/li>\n<li>Ultimate G Diamond Ed.(G7D or DE)<\/li>\n<li>Ultimate G (G7 or UG)<\/li>\n<li>Generation 6 (G6)<\/li>\n<li>Generation 5 (G5)<\/li>\n<li>Generation 4 (G4)<\/li>\n<li>Generation 3 (G3)<\/li>\n<\/ul>\n<h2>Carcasa Kirby Reacondicionada &#8211; El recambio perfecto para su aspiradora<\/h2>\n<p>\u00bfEst\u00e1 buscando un recambio duradero y fiable para la carcasa de su aspiradora Kirby? \u00a1Nuestra carcasa Kirby reacondicionada es la soluci\u00f3n ideal! Este juego completo consta de la parte delantera e inferior de la carcasa, incluyendo el eje de la rueda y las ruedas. Este producto est\u00e1 totalmente reacondicionado y ofrece la misma calidad que una pieza nueva, pero a un precio m\u00e1s econ\u00f3mico.<\/p>\n<p><a href=\"https:\/\/www.veltec.eu\/es\/cubierta-kirby\/\">Aqu\u00ed encontrar\u00e1 todas las carcasas Kirby<\/a><\/p>\n<h3>\u00bfPor qu\u00e9 elegir una carcasa Kirby reacondicionada?<\/h3>\n<p>Una aspiradora como Kirby es conocida por su larga vida \u00fatil y su potente rendimiento. Sin embargo, las piezas pueden desgastarse con el tiempo. Al elegir una carcasa reacondicionada, se beneficiar\u00e1 de las siguientes ventajas:<\/p>\n<ul>\n<li>Limpieza y revisi\u00f3n a fondo &#8211; La carcasa se ha limpiado a fondo, eliminando la suciedad y los restos de polvo.<\/li>\n<li>Nueva junta si es necesario &#8211; La junta entre la parte delantera y la parte inferior se comprueba y se vuelve a sellar si es necesario para conseguir una estanqueidad \u00f3ptima.<\/li>\n<li>Revisi\u00f3n del eje delantero &#8211; El eje delantero se desmonta cuidadosamente y se limpia para garantizar un funcionamiento suave.<\/li>\n<li>Muelle nuevo &#8211; Se coloca un muelle nuevo en el gato del eje delantero para garantizar un funcionamiento suave.<\/li>\n<li>Ruedas revisadas &#8211; Las ruedas se limpian y se les colocan cubiertas nuevas si es necesario.<\/li>\n<li>Dos a\u00f1os de garant\u00eda total &#8211; Este producto tiene 24 meses de garant\u00eda, lo que garantiza una compra sin preocupaciones.<\/li>\n<\/ul>\n<h3>Compatibilidad &#8211; Se adapta a cualquier aspiradora Kirby<\/h3>\n<p>Esta carcasa reacondicionada es adecuada para todas las aspiradoras Kirby. Independientemente del modelo que utilice, puede estar seguro de que esta carcasa encajar\u00e1 a la perfecci\u00f3n. Gracias al reacondicionamiento de alta calidad y al estricto control de calidad, esta pieza es un recambio duradero y rentable para su antigua carcasa.<\/p>\n<h3>Ahorre dinero y elija la sostenibilidad<\/h3>\n<p>Al elegir una pieza reacondicionada, no s\u00f3lo contribuye a un medio ambiente sostenible, sino que tambi\u00e9n ahorra en el coste de una carcasa nueva. Nuestros procesos de reacondicionamiento garantizan que cada producto cumpla estrictas normas de calidad, ofreci\u00e9ndole una soluci\u00f3n fiable y duradera sin comprometer el rendimiento.<\/p>\n<h3>Haga su pedido hoy mismo<\/h3>\n<p>No espere m\u00e1s y sustituya la carcasa de su aspiradora Kirby por este modelo reacondicionado. Benef\u00edciese de la m\u00e1xima calidad, garant\u00eda total y un precio excelente. Haga su pedido hoy y experimente de nuevo la potencia y eficacia de su aspiradora Kirby.<\/p>\n","protected":false},"excerpt":{"rendered":"<p>Carcasa Kirby Reacondicionada<\/p>\n[trustindex data-widget-id=48bbd87242952812953642309d4]\n<h3><span style=\"color: #008000;\"><br \/>\nEn stock<\/span><\/h3>\n[av_font_icon icon='ue812' font='entypo-fontello' style='' caption='' size='25px' position='left' color='#43ad66' link='' linktarget='' title_attr='' sonar_effect_effect='' sonar_effect_color='' sonar_effect_duration='1' sonar_effect_scale='' sonar_effect_opac='0.5' animation='' id='' custom_class='' template_class='' av_uid='' sc_version='1.0' admin_preview_bg=''][\/av_font_icon]\n<p><span style=\"color: #008000;\">Pedido antes de las 23:59, enviado ma\u00f1ana<\/span><\/p>\n<p>&nbsp;<\/p>\n","protected":false},"featured_media":91040,"comment_status":"open","ping_status":"closed","template":"","meta":{"_acf_changed":false},"product_brand":[],"product_cat":[307],"product_tag":[],"class_list":{"0":"post-10287","1":"product","2":"type-product","3":"status-publish","4":"has-post-thumbnail","6":"product_cat-cubierta-kirby","7":"product_shipping_class-klein-es","9":"first","10":"instock","11":"sale","12":"taxable","13":"shipping-taxable","14":"purchasable","15":"product-type-variable"},"acf":[],"yoast_head":"<!-- This site is optimized with the Yoast SEO Premium plugin v27.1 (Yoast SEO v27.4) - https:\/\/yoast.com\/product\/yoast-seo-premium-wordpress\/ -->\n<title>Carcasa Kirby Reacondicionada - Veltec Kirby specialist<\/title>\n<meta name=\"description\" content=\"Carcasa Kirby Reacondicionada Veltec es el proveedor de las aspiradoras Kirby desde hace m\u00e1s de 25 a\u00f1os. Y es su especialista\" \/>\n<meta name=\"robots\" content=\"index, follow, max-snippet:-1, max-image-preview:large, max-video-preview:-1\" \/>\n<link rel=\"canonical\" href=\"https:\/\/www.veltec.eu\/es\/product\/carcasa-kirby-reacondicionada\/\" \/>\n<meta property=\"og:locale\" content=\"es_ES\" \/>\n<meta property=\"og:type\" content=\"article\" \/>\n<meta property=\"og:title\" content=\"Carcasa Kirby Reacondicionada\" \/>\n<meta property=\"og:description\" content=\"Carcasa Kirby Reacondicionada    En stock   Pedido antes de las 23:59, enviado ma\u00f1ana  &nbsp;\" \/>\n<meta property=\"og:url\" content=\"https:\/\/www.veltec.eu\/es\/product\/carcasa-kirby-reacondicionada\/\" \/>\n<meta property=\"og:site_name\" content=\"Veltec Kirby specialist\" \/>\n<meta property=\"article:publisher\" content=\"https:\/\/www.facebook.com\/Veltec-Kirby-Specialist-236746293374877\/\" \/>\n<meta property=\"article:modified_time\" content=\"2025-03-31T13:39:33+00:00\" \/>\n<meta property=\"og:image\" content=\"https:\/\/www.veltec.eu\/wp-content\/uploads\/2018\/10\/Kirby-onderkant.png\" \/>\n\t<meta property=\"og:image:width\" content=\"300\" \/>\n\t<meta property=\"og:image:height\" content=\"300\" \/>\n\t<meta property=\"og:image:type\" content=\"image\/png\" \/>\n<meta name=\"twitter:card\" content=\"summary_large_image\" \/>\n<meta name=\"twitter:label1\" content=\"Tiempo de lectura\" \/>\n\t<meta name=\"twitter:data1\" content=\"3 minutos\" \/>\n<script type=\"application\/ld+json\" class=\"yoast-schema-graph\">{\"@context\":\"https:\\\/\\\/schema.org\",\"@graph\":[{\"@type\":\"WebPage\",\"@id\":\"https:\\\/\\\/www.veltec.eu\\\/es\\\/product\\\/carcasa-kirby-reacondicionada\\\/\",\"url\":\"https:\\\/\\\/www.veltec.eu\\\/es\\\/product\\\/carcasa-kirby-reacondicionada\\\/\",\"name\":\"Carcasa Kirby Reacondicionada - Veltec Kirby specialist\",\"isPartOf\":{\"@id\":\"https:\\\/\\\/www.veltec.eu\\\/en\\\/#website\"},\"primaryImageOfPage\":{\"@id\":\"https:\\\/\\\/www.veltec.eu\\\/es\\\/product\\\/carcasa-kirby-reacondicionada\\\/#primaryimage\"},\"image\":{\"@id\":\"https:\\\/\\\/www.veltec.eu\\\/es\\\/product\\\/carcasa-kirby-reacondicionada\\\/#primaryimage\"},\"thumbnailUrl\":\"https:\\\/\\\/www.veltec.eu\\\/wp-content\\\/uploads\\\/2018\\\/10\\\/Kirby-behuizing-2.jpg\",\"datePublished\":\"2018-10-30T08:45:59+00:00\",\"dateModified\":\"2025-03-31T13:39:33+00:00\",\"description\":\"Carcasa Kirby Reacondicionada Veltec es el proveedor de las aspiradoras Kirby desde hace m\u00e1s de 25 a\u00f1os. Y es su especialista\",\"breadcrumb\":{\"@id\":\"https:\\\/\\\/www.veltec.eu\\\/es\\\/product\\\/carcasa-kirby-reacondicionada\\\/#breadcrumb\"},\"inLanguage\":\"es\",\"potentialAction\":[{\"@type\":\"ReadAction\",\"target\":[\"https:\\\/\\\/www.veltec.eu\\\/es\\\/product\\\/carcasa-kirby-reacondicionada\\\/\"]}]},{\"@type\":\"ImageObject\",\"inLanguage\":\"es\",\"@id\":\"https:\\\/\\\/www.veltec.eu\\\/es\\\/product\\\/carcasa-kirby-reacondicionada\\\/#primaryimage\",\"url\":\"https:\\\/\\\/www.veltec.eu\\\/wp-content\\\/uploads\\\/2018\\\/10\\\/Kirby-behuizing-2.jpg\",\"contentUrl\":\"https:\\\/\\\/www.veltec.eu\\\/wp-content\\\/uploads\\\/2018\\\/10\\\/Kirby-behuizing-2.jpg\",\"width\":600,\"height\":600},{\"@type\":\"BreadcrumbList\",\"@id\":\"https:\\\/\\\/www.veltec.eu\\\/es\\\/product\\\/carcasa-kirby-reacondicionada\\\/#breadcrumb\",\"itemListElement\":[{\"@type\":\"ListItem\",\"position\":1,\"name\":\"Home\",\"item\":\"https:\\\/\\\/www.veltec.eu\\\/es\\\/\"},{\"@type\":\"ListItem\",\"position\":2,\"name\":\"Kirby Shop\",\"item\":\"https:\\\/\\\/www.veltec.eu\\\/nl\\\/shop-page\\\/\"},{\"@type\":\"ListItem\",\"position\":3,\"name\":\"Carcasa Kirby Reacondicionada\"}]},{\"@type\":\"WebSite\",\"@id\":\"https:\\\/\\\/www.veltec.eu\\\/en\\\/#website\",\"url\":\"https:\\\/\\\/www.veltec.eu\\\/en\\\/\",\"name\":\"Veltec Kirby specialist\",\"description\":\"Kirby stofzuiger producten\",\"publisher\":{\"@id\":\"https:\\\/\\\/www.veltec.eu\\\/en\\\/#organization\"},\"potentialAction\":[{\"@type\":\"SearchAction\",\"target\":{\"@type\":\"EntryPoint\",\"urlTemplate\":\"https:\\\/\\\/www.veltec.eu\\\/en\\\/?s={search_term_string}\"},\"query-input\":{\"@type\":\"PropertyValueSpecification\",\"valueRequired\":true,\"valueName\":\"search_term_string\"}}],\"inLanguage\":\"es\"},{\"@type\":\"Organization\",\"@id\":\"https:\\\/\\\/www.veltec.eu\\\/en\\\/#organization\",\"name\":\"Veltec Kirby Specialist\",\"url\":\"https:\\\/\\\/www.veltec.eu\\\/en\\\/\",\"logo\":{\"@type\":\"ImageObject\",\"inLanguage\":\"es\",\"@id\":\"https:\\\/\\\/www.veltec.eu\\\/en\\\/#\\\/schema\\\/logo\\\/image\\\/\",\"url\":\"https:\\\/\\\/www.veltec.eu\\\/wp-content\\\/uploads\\\/2021\\\/12\\\/Veltec-log-groot-e1537260889125.png\",\"contentUrl\":\"https:\\\/\\\/www.veltec.eu\\\/wp-content\\\/uploads\\\/2021\\\/12\\\/Veltec-log-groot-e1537260889125.png\",\"width\":200,\"height\":60,\"caption\":\"Veltec Kirby Specialist\"},\"image\":{\"@id\":\"https:\\\/\\\/www.veltec.eu\\\/en\\\/#\\\/schema\\\/logo\\\/image\\\/\"},\"sameAs\":[\"https:\\\/\\\/www.facebook.com\\\/Veltec-Kirby-Specialist-236746293374877\\\/\",\"https:\\\/\\\/www.youtube.com\\\/user\\\/VeltecService\"]}]}<\/script>\n<!-- \/ Yoast SEO Premium plugin. -->","yoast_head_json":{"title":"Carcasa Kirby Reacondicionada - Veltec Kirby specialist","description":"Carcasa Kirby Reacondicionada Veltec es el proveedor de las aspiradoras Kirby desde hace m\u00e1s de 25 a\u00f1os. Y es su especialista","robots":{"index":"index","follow":"follow","max-snippet":"max-snippet:-1","max-image-preview":"max-image-preview:large","max-video-preview":"max-video-preview:-1"},"canonical":"https:\/\/www.veltec.eu\/es\/product\/carcasa-kirby-reacondicionada\/","og_locale":"es_ES","og_type":"article","og_title":"Carcasa Kirby Reacondicionada","og_description":"Carcasa Kirby Reacondicionada    En stock   Pedido antes de las 23:59, enviado ma\u00f1ana  &nbsp;","og_url":"https:\/\/www.veltec.eu\/es\/product\/carcasa-kirby-reacondicionada\/","og_site_name":"Veltec Kirby specialist","article_publisher":"https:\/\/www.facebook.com\/Veltec-Kirby-Specialist-236746293374877\/","article_modified_time":"2025-03-31T13:39:33+00:00","og_image":[{"width":300,"height":300,"url":"https:\/\/www.veltec.eu\/wp-content\/uploads\/2018\/10\/Kirby-onderkant.png","type":"image\/png"}],"twitter_card":"summary_large_image","twitter_misc":{"Tiempo de lectura":"3 minutos"},"schema":{"@context":"https:\/\/schema.org","@graph":[{"@type":"WebPage","@id":"https:\/\/www.veltec.eu\/es\/product\/carcasa-kirby-reacondicionada\/","url":"https:\/\/www.veltec.eu\/es\/product\/carcasa-kirby-reacondicionada\/","name":"Carcasa Kirby Reacondicionada - Veltec Kirby specialist","isPartOf":{"@id":"https:\/\/www.veltec.eu\/en\/#website"},"primaryImageOfPage":{"@id":"https:\/\/www.veltec.eu\/es\/product\/carcasa-kirby-reacondicionada\/#primaryimage"},"image":{"@id":"https:\/\/www.veltec.eu\/es\/product\/carcasa-kirby-reacondicionada\/#primaryimage"},"thumbnailUrl":"https:\/\/www.veltec.eu\/wp-content\/uploads\/2018\/10\/Kirby-behuizing-2.jpg","datePublished":"2018-10-30T08:45:59+00:00","dateModified":"2025-03-31T13:39:33+00:00","description":"Carcasa Kirby Reacondicionada Veltec es el proveedor de las aspiradoras Kirby desde hace m\u00e1s de 25 a\u00f1os. Y es su especialista","breadcrumb":{"@id":"https:\/\/www.veltec.eu\/es\/product\/carcasa-kirby-reacondicionada\/#breadcrumb"},"inLanguage":"es","potentialAction":[{"@type":"ReadAction","target":["https:\/\/www.veltec.eu\/es\/product\/carcasa-kirby-reacondicionada\/"]}]},{"@type":"ImageObject","inLanguage":"es","@id":"https:\/\/www.veltec.eu\/es\/product\/carcasa-kirby-reacondicionada\/#primaryimage","url":"https:\/\/www.veltec.eu\/wp-content\/uploads\/2018\/10\/Kirby-behuizing-2.jpg","contentUrl":"https:\/\/www.veltec.eu\/wp-content\/uploads\/2018\/10\/Kirby-behuizing-2.jpg","width":600,"height":600},{"@type":"BreadcrumbList","@id":"https:\/\/www.veltec.eu\/es\/product\/carcasa-kirby-reacondicionada\/#breadcrumb","itemListElement":[{"@type":"ListItem","position":1,"name":"Home","item":"https:\/\/www.veltec.eu\/es\/"},{"@type":"ListItem","position":2,"name":"Kirby Shop","item":"https:\/\/www.veltec.eu\/nl\/shop-page\/"},{"@type":"ListItem","position":3,"name":"Carcasa Kirby Reacondicionada"}]},{"@type":"WebSite","@id":"https:\/\/www.veltec.eu\/en\/#website","url":"https:\/\/www.veltec.eu\/en\/","name":"Veltec Kirby specialist","description":"Kirby stofzuiger producten","publisher":{"@id":"https:\/\/www.veltec.eu\/en\/#organization"},"potentialAction":[{"@type":"SearchAction","target":{"@type":"EntryPoint","urlTemplate":"https:\/\/www.veltec.eu\/en\/?s={search_term_string}"},"query-input":{"@type":"PropertyValueSpecification","valueRequired":true,"valueName":"search_term_string"}}],"inLanguage":"es"},{"@type":"Organization","@id":"https:\/\/www.veltec.eu\/en\/#organization","name":"Veltec Kirby Specialist","url":"https:\/\/www.veltec.eu\/en\/","logo":{"@type":"ImageObject","inLanguage":"es","@id":"https:\/\/www.veltec.eu\/en\/#\/schema\/logo\/image\/","url":"https:\/\/www.veltec.eu\/wp-content\/uploads\/2021\/12\/Veltec-log-groot-e1537260889125.png","contentUrl":"https:\/\/www.veltec.eu\/wp-content\/uploads\/2021\/12\/Veltec-log-groot-e1537260889125.png","width":200,"height":60,"caption":"Veltec Kirby Specialist"},"image":{"@id":"https:\/\/www.veltec.eu\/en\/#\/schema\/logo\/image\/"},"sameAs":["https:\/\/www.facebook.com\/Veltec-Kirby-Specialist-236746293374877\/","https:\/\/www.youtube.com\/user\/VeltecService"]}]}},"_links":{"self":[{"href":"https:\/\/www.veltec.eu\/es\/wp-json\/wp\/v2\/product\/10287","targetHints":{"allow":["GET"]}}],"collection":[{"href":"https:\/\/www.veltec.eu\/es\/wp-json\/wp\/v2\/product"}],"about":[{"href":"https:\/\/www.veltec.eu\/es\/wp-json\/wp\/v2\/types\/product"}],"replies":[{"embeddable":true,"href":"https:\/\/www.veltec.eu\/es\/wp-json\/wp\/v2\/comments?post=10287"}],"wp:featuredmedia":[{"embeddable":true,"href":"https:\/\/www.veltec.eu\/es\/wp-json\/wp\/v2\/media\/91040"}],"wp:attachment":[{"href":"https:\/\/www.veltec.eu\/es\/wp-json\/wp\/v2\/media?parent=10287"}],"wp:term":[{"taxonomy":"product_brand","embeddable":true,"href":"https:\/\/www.veltec.eu\/es\/wp-json\/wp\/v2\/product_brand?post=10287"},{"taxonomy":"product_cat","embeddable":true,"href":"https:\/\/www.veltec.eu\/es\/wp-json\/wp\/v2\/product_cat?post=10287"},{"taxonomy":"product_tag","embeddable":true,"href":"https:\/\/www.veltec.eu\/es\/wp-json\/wp\/v2\/product_tag?post=10287"}],"curies":[{"name":"wp","href":"https:\/\/api.w.org\/{rel}","templated":true}]}}