{"id":10232,"date":"2018-10-30T10:59:00","date_gmt":"2018-10-30T08:59:00","guid":{"rendered":"https:\/\/www.veltec.eu\/kirby-webshop\/kirby-light-holder-including-sliding-console-reconditioned-nl332456\/"},"modified":"2025-04-11T16:05:06","modified_gmt":"2025-04-11T14:05:06","slug":"lampara-kirby-con-consola-deslizante-reacondicionada-nl332456","status":"publish","type":"product","link":"https:\/\/www.veltec.eu\/es\/product\/lampara-kirby-con-consola-deslizante-reacondicionada-nl332456\/","title":{"rendered":"L\u00e1mpara Kirby con Consola Deslizante Reacondicionada"},"content":{"rendered":"<h2>L\u00e1mpara Kirby con Consola Deslizante &#8211; Reacondicionada<\/h2>\n<h3>La soluci\u00f3n perfecta para renovar su aspiradora Kirby<\/h3>\n<p>Cuando su <a href=\"https:\/\/www.veltec.eu\/es\/aspiradora-kirby\/\">aspiradora Kirby<\/a> necesita una renovaci\u00f3n o cuando la cubierta superior, la consola deslizante o la pantalla est\u00e1n desgastadas, esta L\u00e1mpara Kirby con Consola Deslizante Reacondicionada ofrece la soluci\u00f3n perfecta. Este conjunto no s\u00f3lo es funcional y duradero, sino que tambi\u00e9n est\u00e1 totalmente revisado, limpiado y reparado profesionalmente, lo que le garantiza calidad y fiabilidad.<\/p>\n<p>Con estas piezas, podr\u00e1 restaurar f\u00e1cilmente su aspiradora y dejarla en las mejores condiciones. Adem\u00e1s, tiene la opci\u00f3n de seleccionar el modelo de aspiradora Kirby adecuado, por lo que puede estar seguro de que la cubierta superior, la cubierta de la l\u00e1mpara y la consola se adaptan perfectamente a su aparato.<\/p>\n<p><strong>Este portal\u00e1mparas Kirby es adecuado para todas las aspiradoras Kirby;<\/strong><\/p>\n<ul>\n<li>Avalir Platinum<\/li>\n<li>Avalir 2<\/li>\n<li>Avalir 1<\/li>\n<li>Sentria 2 (G10D)<\/li>\n<li>Sentria 1 (G10)<\/li>\n<li>Ultimate G Diamond Ed.(G7D or DE)<\/li>\n<li>Ultimate G (G7 or UG)<\/li>\n<li>Generation 6 (G6)<\/li>\n<li>Generation 5 (G5)<\/li>\n<li>Generation 4 (G4)<\/li>\n<li>Generation 3 (G3)<\/li>\n<\/ul>\n<p><a href=\"https:\/\/www.veltec.eu\/es\/cubierta-kirby\/\">Encuentre aqu\u00ed todas las carcasas Kirby<\/a><\/p>\n<p><a href=\"https:\/\/www.veltec.eu\/es\/luces-y-tapas-kirby\/\">Encuentre Luces y Tapas Kirby aqu\u00ed<\/a><\/p>\n<h2>\u00bfPor qu\u00e9 elegir una L\u00e1mpara Kirby con Consola Deslizante Reacondicionada?<\/h2>\n<h3>Alternativa duradera y econ\u00f3mica a la nueva<\/h3>\n<p>Si valora la durabilidad y desea ahorrar costes al mismo tiempo, esta l\u00e1mpara Kirby reacondicionada con consola extensible es una excelente elecci\u00f3n. Dado que ha sido revisada a fondo, limpiada profesionalmente y, en caso necesario, equipada con piezas nuevas, este producto ofrece el mismo rendimiento que una variante nueva, pero a un precio considerablemente inferior.<\/p>\n<p>Adem\u00e1s, contribuye a una econom\u00eda circular, lo que es importante para un estilo de vida respetuoso con el medio ambiente. As\u00ed matar\u00e1 dos p\u00e1jaros de un tiro: su Kirby volver\u00e1 a lucir como nueva y limitar\u00e1 los residuos innecesarios.<\/p>\n<h2>L\u00e1mpara Kirby con Consola Deslizante Reacondicionada se adapta a varios modelos Kirby<\/h2>\n<h3>F\u00e1cil de elegir el modelo adecuado<\/h3>\n<p>Una de las ventajas m\u00e1s importantes de este portal\u00e1mparas con consola deslizante es que puede seleccionar f\u00e1cilmente el modelo adecuado entre las opciones disponibles. As\u00ed puede estar seguro de que la cubierta superior se adapta a su aspiradora Kirby. Esto evita decepciones y hace que el montaje sea r\u00e1pido y sin problemas.<\/p>\n<p>Para hacerlo a\u00fan m\u00e1s f\u00e1cil, la p\u00e1gina del producto contiene un campo de selecci\u00f3n con el que puede indicar su tipo de aspiradora. As\u00ed no tendr\u00e1 que preocuparse de la compatibilidad ni de los detalles t\u00e9cnicos: nosotros hacemos el trabajo por usted.<\/p>\n<h2>\u00bfQu\u00e9 puede esperar?<\/h2>\n<h3>Especificaciones y caracter\u00edsticas de un vistazo<\/h3>\n<ul>\n<li>Tipo de producto: L\u00e1mpara Kirby con Consola Deslizante Reacondicionada<\/li>\n<li>Estado: Reacondicionado (revisado t\u00e9cnicamente, limpiado profesionalmente, listo para usar)<\/li>\n<li>Incluye:\n<ul>\n<li>Cubierta superior<\/li>\n<li>Consola deslizante<\/li>\n<li>Pantalla<\/li>\n<\/ul>\n<\/li>\n<li>Compatibilidad: Disponible para varios modelos Kirby (seleccione su modelo al realizar el pedido)<\/li>\n<li>Ventajas:\n<ul>\n<li>Duradero y respetuoso con el medio ambiente<\/li>\n<li>Rentable<\/li>\n<li>Listo para usar inmediatamente<\/li>\n<li>Probado por profesionales<\/li>\n<\/ul>\n<\/li>\n<\/ul>\n<h2>P\u00eddalo hoy y restaure la potencia de su Kirby<\/h2>\n<p>\u00bfA\u00fan tiene dudas? Al optar por este portal\u00e1mparas Kirby reacondicionado que incluye consola corredera, se lleva a casa un producto de calidad que garantiza un rendimiento a largo plazo.\u00a0No s\u00f3lo ahorrar\u00e1 dinero, sino que tambi\u00e9n prolongar\u00e1 la vida de su aspiradora Kirby de confianza.<\/p>\n<p>Haga su pedido hoy mismo y experimente de nuevo la potencia y el aspecto de una Kirby que funciona a la perfecci\u00f3n.<\/p>\n","protected":false},"excerpt":{"rendered":"<p>Soporte de luz Kirby incluyendo consola deslizante Reacondicionado.<\/p>\n[trustindex data-widget-id=48bbd87242952812953642309d4]\n<h3><span style=\"color: #008000;\"><br \/>\nEn stock<\/span><\/h3>\n[av_font_icon icon='ue812' font='entypo-fontello' style='' caption='' size='25px' position='left' color='#43ad66' link='' linktarget='' title_attr='' sonar_effect_effect='' sonar_effect_color='' sonar_effect_duration='1' sonar_effect_scale='' sonar_effect_opac='0.5' animation='' id='' custom_class='' template_class='' av_uid='' sc_version='1.0' admin_preview_bg=''][\/av_font_icon]\n<p><span style=\"color: #008000;\">Pedido antes de las 23:59, enviado ma\u00f1ana<\/span><\/p>\n<p>&nbsp;<\/p>\n","protected":false},"featured_media":90621,"comment_status":"open","ping_status":"closed","template":"","meta":[],"product_brand":[],"product_cat":[307,302],"product_tag":[],"class_list":{"0":"post-10232","1":"product","2":"type-product","3":"status-publish","4":"has-post-thumbnail","6":"product_cat-cubierta-kirby","7":"product_cat-luces-y-tapas-kirby","8":"product_shipping_class-klein-es","10":"first","11":"instock","12":"sale","13":"taxable","14":"shipping-taxable","15":"purchasable","16":"product-type-variable"},"yoast_head":"<!-- This site is optimized with the Yoast SEO Premium plugin v27.1 (Yoast SEO v27.4) - https:\/\/yoast.com\/product\/yoast-seo-premium-wordpress\/ -->\n<title>L\u00e1mpara Kirby con Consola Deslizante Reacondicionada - Veltec Kirby specialist<\/title>\n<meta name=\"description\" content=\"L\u00e1mpara Kirby con Consola Deslizante Reacondicionada - Veltec es desde hace m\u00e1s de 25 a\u00f1os proveedor de equipos Kirby. Para reparaciones.\" \/>\n<meta name=\"robots\" content=\"index, follow, max-snippet:-1, max-image-preview:large, max-video-preview:-1\" \/>\n<link rel=\"canonical\" href=\"https:\/\/www.veltec.eu\/nl\/product\/kirby-lamp-houder-inclusief-schuif-console-gereconditioneerd-nl332456\/\" \/>\n<meta property=\"og:locale\" content=\"es_ES\" \/>\n<meta property=\"og:type\" content=\"article\" \/>\n<meta property=\"og:title\" content=\"L\u00e1mpara Kirby con Consola Deslizante Reacondicionada\" \/>\n<meta property=\"og:description\" content=\"Soporte de luz Kirby incluyendo consola deslizante Reacondicionado.    En stock   Pedido antes de las 23:59, enviado ma\u00f1ana  &nbsp;\" \/>\n<meta property=\"og:url\" content=\"https:\/\/www.veltec.eu\/nl\/product\/kirby-lamp-houder-inclusief-schuif-console-gereconditioneerd-nl332456\/\" \/>\n<meta property=\"og:site_name\" content=\"Veltec Kirby specialist\" \/>\n<meta property=\"article:publisher\" content=\"https:\/\/www.facebook.com\/Veltec-Kirby-Specialist-236746293374877\/\" \/>\n<meta property=\"article:modified_time\" content=\"2025-04-11T14:05:06+00:00\" \/>\n<meta property=\"og:image\" content=\"https:\/\/www.veltec.eu\/wp-content\/uploads\/2018\/10\/Kirby-lamphouder.png\" \/>\n\t<meta property=\"og:image:width\" content=\"300\" \/>\n\t<meta property=\"og:image:height\" content=\"300\" \/>\n\t<meta property=\"og:image:type\" content=\"image\/png\" \/>\n<meta name=\"twitter:card\" content=\"summary_large_image\" \/>\n<meta name=\"twitter:label1\" content=\"Tiempo de lectura\" \/>\n\t<meta name=\"twitter:data1\" content=\"3 minutos\" \/>\n<script type=\"application\/ld+json\" class=\"yoast-schema-graph\">{\"@context\":\"https:\\\/\\\/schema.org\",\"@graph\":[{\"@type\":\"WebPage\",\"@id\":\"https:\\\/\\\/www.veltec.eu\\\/nl\\\/product\\\/kirby-lamp-houder-inclusief-schuif-console-gereconditioneerd-nl332456\\\/\",\"url\":\"https:\\\/\\\/www.veltec.eu\\\/nl\\\/product\\\/kirby-lamp-houder-inclusief-schuif-console-gereconditioneerd-nl332456\\\/\",\"name\":\"L\u00e1mpara Kirby con Consola Deslizante Reacondicionada - Veltec Kirby specialist\",\"isPartOf\":{\"@id\":\"https:\\\/\\\/www.veltec.eu\\\/en\\\/#website\"},\"primaryImageOfPage\":{\"@id\":\"https:\\\/\\\/www.veltec.eu\\\/nl\\\/product\\\/kirby-lamp-houder-inclusief-schuif-console-gereconditioneerd-nl332456\\\/#primaryimage\"},\"image\":{\"@id\":\"https:\\\/\\\/www.veltec.eu\\\/nl\\\/product\\\/kirby-lamp-houder-inclusief-schuif-console-gereconditioneerd-nl332456\\\/#primaryimage\"},\"thumbnailUrl\":\"https:\\\/\\\/www.veltec.eu\\\/wp-content\\\/uploads\\\/2018\\\/10\\\/Kirby-lamphouder-incl.Schuif.jpg\",\"datePublished\":\"2018-10-30T08:59:00+00:00\",\"dateModified\":\"2025-04-11T14:05:06+00:00\",\"description\":\"L\u00e1mpara Kirby con Consola Deslizante Reacondicionada - Veltec es desde hace m\u00e1s de 25 a\u00f1os proveedor de equipos Kirby. Para reparaciones.\",\"breadcrumb\":{\"@id\":\"https:\\\/\\\/www.veltec.eu\\\/nl\\\/product\\\/kirby-lamp-houder-inclusief-schuif-console-gereconditioneerd-nl332456\\\/#breadcrumb\"},\"inLanguage\":\"es\",\"potentialAction\":[{\"@type\":\"ReadAction\",\"target\":[\"https:\\\/\\\/www.veltec.eu\\\/nl\\\/product\\\/kirby-lamp-houder-inclusief-schuif-console-gereconditioneerd-nl332456\\\/\"]}]},{\"@type\":\"ImageObject\",\"inLanguage\":\"es\",\"@id\":\"https:\\\/\\\/www.veltec.eu\\\/nl\\\/product\\\/kirby-lamp-houder-inclusief-schuif-console-gereconditioneerd-nl332456\\\/#primaryimage\",\"url\":\"https:\\\/\\\/www.veltec.eu\\\/wp-content\\\/uploads\\\/2018\\\/10\\\/Kirby-lamphouder-incl.Schuif.jpg\",\"contentUrl\":\"https:\\\/\\\/www.veltec.eu\\\/wp-content\\\/uploads\\\/2018\\\/10\\\/Kirby-lamphouder-incl.Schuif.jpg\",\"width\":600,\"height\":600},{\"@type\":\"BreadcrumbList\",\"@id\":\"https:\\\/\\\/www.veltec.eu\\\/nl\\\/product\\\/kirby-lamp-houder-inclusief-schuif-console-gereconditioneerd-nl332456\\\/#breadcrumb\",\"itemListElement\":[{\"@type\":\"ListItem\",\"position\":1,\"name\":\"Home\",\"item\":\"https:\\\/\\\/www.veltec.eu\\\/es\\\/\"},{\"@type\":\"ListItem\",\"position\":2,\"name\":\"Produits\",\"item\":\"https:\\\/\\\/www.veltec.eu\\\/fr\\\/shop\\\/\"},{\"@type\":\"ListItem\",\"position\":3,\"name\":\"L\u00e1mpara Kirby con Consola Deslizante Reacondicionada\"}]},{\"@type\":\"WebSite\",\"@id\":\"https:\\\/\\\/www.veltec.eu\\\/en\\\/#website\",\"url\":\"https:\\\/\\\/www.veltec.eu\\\/en\\\/\",\"name\":\"Veltec Kirby specialist\",\"description\":\"Kirby stofzuiger producten\",\"publisher\":{\"@id\":\"https:\\\/\\\/www.veltec.eu\\\/en\\\/#organization\"},\"potentialAction\":[{\"@type\":\"SearchAction\",\"target\":{\"@type\":\"EntryPoint\",\"urlTemplate\":\"https:\\\/\\\/www.veltec.eu\\\/en\\\/?s={search_term_string}\"},\"query-input\":{\"@type\":\"PropertyValueSpecification\",\"valueRequired\":true,\"valueName\":\"search_term_string\"}}],\"inLanguage\":\"es\"},{\"@type\":\"Organization\",\"@id\":\"https:\\\/\\\/www.veltec.eu\\\/en\\\/#organization\",\"name\":\"Veltec Kirby Specialist\",\"url\":\"https:\\\/\\\/www.veltec.eu\\\/en\\\/\",\"logo\":{\"@type\":\"ImageObject\",\"inLanguage\":\"es\",\"@id\":\"https:\\\/\\\/www.veltec.eu\\\/en\\\/#\\\/schema\\\/logo\\\/image\\\/\",\"url\":\"https:\\\/\\\/www.veltec.eu\\\/wp-content\\\/uploads\\\/2021\\\/12\\\/Veltec-log-groot-e1537260889125.png\",\"contentUrl\":\"https:\\\/\\\/www.veltec.eu\\\/wp-content\\\/uploads\\\/2021\\\/12\\\/Veltec-log-groot-e1537260889125.png\",\"width\":200,\"height\":60,\"caption\":\"Veltec Kirby Specialist\"},\"image\":{\"@id\":\"https:\\\/\\\/www.veltec.eu\\\/en\\\/#\\\/schema\\\/logo\\\/image\\\/\"},\"sameAs\":[\"https:\\\/\\\/www.facebook.com\\\/Veltec-Kirby-Specialist-236746293374877\\\/\",\"https:\\\/\\\/www.youtube.com\\\/user\\\/VeltecService\"]}]}<\/script>\n<!-- \/ Yoast SEO Premium plugin. -->","yoast_head_json":{"title":"L\u00e1mpara Kirby con Consola Deslizante Reacondicionada - Veltec Kirby specialist","description":"L\u00e1mpara Kirby con Consola Deslizante Reacondicionada - Veltec es desde hace m\u00e1s de 25 a\u00f1os proveedor de equipos Kirby. Para reparaciones.","robots":{"index":"index","follow":"follow","max-snippet":"max-snippet:-1","max-image-preview":"max-image-preview:large","max-video-preview":"max-video-preview:-1"},"canonical":"https:\/\/www.veltec.eu\/nl\/product\/kirby-lamp-houder-inclusief-schuif-console-gereconditioneerd-nl332456\/","og_locale":"es_ES","og_type":"article","og_title":"L\u00e1mpara Kirby con Consola Deslizante Reacondicionada","og_description":"Soporte de luz Kirby incluyendo consola deslizante Reacondicionado.    En stock   Pedido antes de las 23:59, enviado ma\u00f1ana  &nbsp;","og_url":"https:\/\/www.veltec.eu\/nl\/product\/kirby-lamp-houder-inclusief-schuif-console-gereconditioneerd-nl332456\/","og_site_name":"Veltec Kirby specialist","article_publisher":"https:\/\/www.facebook.com\/Veltec-Kirby-Specialist-236746293374877\/","article_modified_time":"2025-04-11T14:05:06+00:00","og_image":[{"width":300,"height":300,"url":"https:\/\/www.veltec.eu\/wp-content\/uploads\/2018\/10\/Kirby-lamphouder.png","type":"image\/png"}],"twitter_card":"summary_large_image","twitter_misc":{"Tiempo de lectura":"3 minutos"},"schema":{"@context":"https:\/\/schema.org","@graph":[{"@type":"WebPage","@id":"https:\/\/www.veltec.eu\/nl\/product\/kirby-lamp-houder-inclusief-schuif-console-gereconditioneerd-nl332456\/","url":"https:\/\/www.veltec.eu\/nl\/product\/kirby-lamp-houder-inclusief-schuif-console-gereconditioneerd-nl332456\/","name":"L\u00e1mpara Kirby con Consola Deslizante Reacondicionada - Veltec Kirby specialist","isPartOf":{"@id":"https:\/\/www.veltec.eu\/en\/#website"},"primaryImageOfPage":{"@id":"https:\/\/www.veltec.eu\/nl\/product\/kirby-lamp-houder-inclusief-schuif-console-gereconditioneerd-nl332456\/#primaryimage"},"image":{"@id":"https:\/\/www.veltec.eu\/nl\/product\/kirby-lamp-houder-inclusief-schuif-console-gereconditioneerd-nl332456\/#primaryimage"},"thumbnailUrl":"https:\/\/www.veltec.eu\/wp-content\/uploads\/2018\/10\/Kirby-lamphouder-incl.Schuif.jpg","datePublished":"2018-10-30T08:59:00+00:00","dateModified":"2025-04-11T14:05:06+00:00","description":"L\u00e1mpara Kirby con Consola Deslizante Reacondicionada - Veltec es desde hace m\u00e1s de 25 a\u00f1os proveedor de equipos Kirby. Para reparaciones.","breadcrumb":{"@id":"https:\/\/www.veltec.eu\/nl\/product\/kirby-lamp-houder-inclusief-schuif-console-gereconditioneerd-nl332456\/#breadcrumb"},"inLanguage":"es","potentialAction":[{"@type":"ReadAction","target":["https:\/\/www.veltec.eu\/nl\/product\/kirby-lamp-houder-inclusief-schuif-console-gereconditioneerd-nl332456\/"]}]},{"@type":"ImageObject","inLanguage":"es","@id":"https:\/\/www.veltec.eu\/nl\/product\/kirby-lamp-houder-inclusief-schuif-console-gereconditioneerd-nl332456\/#primaryimage","url":"https:\/\/www.veltec.eu\/wp-content\/uploads\/2018\/10\/Kirby-lamphouder-incl.Schuif.jpg","contentUrl":"https:\/\/www.veltec.eu\/wp-content\/uploads\/2018\/10\/Kirby-lamphouder-incl.Schuif.jpg","width":600,"height":600},{"@type":"BreadcrumbList","@id":"https:\/\/www.veltec.eu\/nl\/product\/kirby-lamp-houder-inclusief-schuif-console-gereconditioneerd-nl332456\/#breadcrumb","itemListElement":[{"@type":"ListItem","position":1,"name":"Home","item":"https:\/\/www.veltec.eu\/es\/"},{"@type":"ListItem","position":2,"name":"Produits","item":"https:\/\/www.veltec.eu\/fr\/shop\/"},{"@type":"ListItem","position":3,"name":"L\u00e1mpara Kirby con Consola Deslizante Reacondicionada"}]},{"@type":"WebSite","@id":"https:\/\/www.veltec.eu\/en\/#website","url":"https:\/\/www.veltec.eu\/en\/","name":"Veltec Kirby specialist","description":"Kirby stofzuiger producten","publisher":{"@id":"https:\/\/www.veltec.eu\/en\/#organization"},"potentialAction":[{"@type":"SearchAction","target":{"@type":"EntryPoint","urlTemplate":"https:\/\/www.veltec.eu\/en\/?s={search_term_string}"},"query-input":{"@type":"PropertyValueSpecification","valueRequired":true,"valueName":"search_term_string"}}],"inLanguage":"es"},{"@type":"Organization","@id":"https:\/\/www.veltec.eu\/en\/#organization","name":"Veltec Kirby Specialist","url":"https:\/\/www.veltec.eu\/en\/","logo":{"@type":"ImageObject","inLanguage":"es","@id":"https:\/\/www.veltec.eu\/en\/#\/schema\/logo\/image\/","url":"https:\/\/www.veltec.eu\/wp-content\/uploads\/2021\/12\/Veltec-log-groot-e1537260889125.png","contentUrl":"https:\/\/www.veltec.eu\/wp-content\/uploads\/2021\/12\/Veltec-log-groot-e1537260889125.png","width":200,"height":60,"caption":"Veltec Kirby Specialist"},"image":{"@id":"https:\/\/www.veltec.eu\/en\/#\/schema\/logo\/image\/"},"sameAs":["https:\/\/www.facebook.com\/Veltec-Kirby-Specialist-236746293374877\/","https:\/\/www.youtube.com\/user\/VeltecService"]}]}},"_links":{"self":[{"href":"https:\/\/www.veltec.eu\/es\/wp-json\/wp\/v2\/product\/10232","targetHints":{"allow":["GET"]}}],"collection":[{"href":"https:\/\/www.veltec.eu\/es\/wp-json\/wp\/v2\/product"}],"about":[{"href":"https:\/\/www.veltec.eu\/es\/wp-json\/wp\/v2\/types\/product"}],"replies":[{"embeddable":true,"href":"https:\/\/www.veltec.eu\/es\/wp-json\/wp\/v2\/comments?post=10232"}],"wp:featuredmedia":[{"embeddable":true,"href":"https:\/\/www.veltec.eu\/es\/wp-json\/wp\/v2\/media\/90621"}],"wp:attachment":[{"href":"https:\/\/www.veltec.eu\/es\/wp-json\/wp\/v2\/media?parent=10232"}],"wp:term":[{"taxonomy":"product_brand","embeddable":true,"href":"https:\/\/www.veltec.eu\/es\/wp-json\/wp\/v2\/product_brand?post=10232"},{"taxonomy":"product_cat","embeddable":true,"href":"https:\/\/www.veltec.eu\/es\/wp-json\/wp\/v2\/product_cat?post=10232"},{"taxonomy":"product_tag","embeddable":true,"href":"https:\/\/www.veltec.eu\/es\/wp-json\/wp\/v2\/product_tag?post=10232"}],"curies":[{"name":"wp","href":"https:\/\/api.w.org\/{rel}","templated":true}]}}