{"id":10187,"date":"2018-10-30T11:41:43","date_gmt":"2018-10-30T09:41:43","guid":{"rendered":"https:\/\/www.veltec.eu\/kirby-webshop\/casquillo-lampara-kirby-g3-g4-nl3066\/"},"modified":"2025-04-11T14:18:26","modified_gmt":"2025-04-11T12:18:26","slug":"pantalla-kirby-g3-y-g4","status":"publish","type":"product","link":"https:\/\/www.veltec.eu\/es\/product\/pantalla-kirby-g3-y-g4\/","title":{"rendered":"Pantalla Kirby G3 y G4"},"content":{"rendered":"<h2>Pantalla Kirby G3 y G4 &#8211; Protecci\u00f3n y ajuste perfecto<\/h2>\n<p>\u00bfEst\u00e1 buscando una Pantalla Kirby G3 y G4 de repuesto? Entonces esta tapa original es justo lo que necesita. Esta tapa est\u00e1 especialmente dise\u00f1ada para proteger la luz de la parte delantera de su <a href=\"https:\/\/www.veltec.eu\/es\/aspiradora-kirby\/\">aspiradora Kirby<\/a>. Gracias a su ajuste resistente y a sus materiales duraderos, esta pieza es esencial para mantener el aspecto y la funcionalidad de su aspiradora.<\/p>\n<p>Esta tapa de la l\u00e1mpara s\u00f3lo es adecuada para las aspiradoras Kirby que se enumeran a continuaci\u00f3n;<\/p>\n<ul>\n<li>Generaci\u00f3n 4 (G4)<\/li>\n<li>Generaci\u00f3n 3 (G3)<\/li>\n<\/ul>\n<h3>\u00bfPor qu\u00e9 elegir la Pantalla Kirby G3 y G4?<\/h3>\n<p>Si observa que la pantalla de la l\u00e1mpara est\u00e1 da\u00f1ada, descolorida o incluso falta, esto puede afectar al funcionamiento de la aspiradora. No s\u00f3lo la bombilla es vulnerable, sino que tambi\u00e9n puede entrar suciedad y causar da\u00f1os. Por lo tanto, es importante adquirir una pantalla de repuesto a tiempo.<\/p>\n<p>Adem\u00e1s, esta pantalla es compatible con los modelos Kirby G3 y Kirby G4. Por ello, no tiene que preocuparse por el tama\u00f1o o la conexi\u00f3n adecuados. Recibir\u00e1 una pantalla que se adapta perfectamente a su aspiradora Kirby actual, sin tener que ajustar nada ni comprar piezas adicionales.<\/p>\n<p>Aqu\u00ed encontrar\u00e1 todas las <a href=\"https:\/\/www.veltec.eu\/es\/luces-y-tapas-kirby\/\">L\u00e1mparas y Tapas para aspiradoras Kirby<\/a><\/p>\n<h2>F\u00e1cil montaje y material duradero<\/h2>\n<h3>F\u00e1cil de sustituir<\/h3>\n<p>Gracias a su dise\u00f1o inteligente, la pantalla Kirby es f\u00e1cil de sustituir. No necesita conocimientos t\u00e9cnicos ni herramientas especiales para montar esta pieza. Esto significa que puede volver a utilizar su aspiradora r\u00e1pidamente, sin molestias ni largas esperas en un servicio de reparaciones.<\/p>\n<h3>Fabricado para un uso duradero<\/h3>\n<p>El tap\u00f3n est\u00e1 fabricado en pl\u00e1stico de alta calidad resistente a golpes, ara\u00f1azos y decoloraci\u00f3n. Esto no s\u00f3lo mantiene el tap\u00f3n con un aspecto estupendo, sino que tambi\u00e9n protege la luz durante mucho tiempo. Esto significa que no s\u00f3lo elige comodidad, sino tambi\u00e9n calidad y durabilidad.<\/p>\n<h2>Su aspiradora Kirby como nueva<\/h2>\n<p>Una peque\u00f1a pieza como una pantalla puede marcar una diferencia sorprendentemente grande. No s\u00f3lo en t\u00e9rminos de apariencia, sino tambi\u00e9n en t\u00e9rminos de seguridad y funcionamiento. Comprar esta visor Kirby G3 y G4:<\/p>\n<ul>\n<li>Prolongar\u00e1 la vida \u00fatil de su aspiradora<\/li>\n<li>Protege las piezas importantes contra da\u00f1os<\/li>\n<li>Asegura un aspecto limpio y ordenado<\/li>\n<\/ul>\n<p>As\u00ed que no espere demasiado para sustituirla y dele a su aspiradora Kirby la atenci\u00f3n que se merece.<\/p>\n","protected":false},"excerpt":{"rendered":"<p>Casquillo para la L\u00e1mpara Kirby G3 y G4.<\/p>\n[trustindex data-widget-id=48bbd87242952812953642309d4]\n<h3><span style=\"color: #008000;\"><br \/>\nEn stock<\/span><\/h3>\n[av_font_icon icon='ue812' font='entypo-fontello' style='' caption='' size='25px' position='left' color='#43ad66' link='' linktarget='' title_attr='' sonar_effect_effect='' sonar_effect_color='' sonar_effect_duration='1' sonar_effect_scale='' sonar_effect_opac='0.5' animation='' id='' custom_class='' template_class='' av_uid='' sc_version='1.0' admin_preview_bg=''][\/av_font_icon]\n<p><span style=\"color: #008000;\">Pedido antes de las 23:59, enviado ma\u00f1ana<\/span><\/p>\n<p>&nbsp;<\/p>\n","protected":false},"featured_media":90566,"comment_status":"open","ping_status":"closed","template":"","meta":[],"product_brand":[],"product_cat":[302],"product_tag":[],"class_list":{"0":"post-10187","1":"product","2":"type-product","3":"status-publish","4":"has-post-thumbnail","6":"product_cat-luces-y-tapas-kirby","7":"product_shipping_class-klein-es","9":"first","10":"instock","11":"taxable","12":"shipping-taxable","13":"purchasable","14":"product-type-simple"},"yoast_head":"<!-- This site is optimized with the Yoast SEO Premium plugin v27.1 (Yoast SEO v27.4) - https:\/\/yoast.com\/product\/yoast-seo-premium-wordpress\/ -->\n<title>Pantalla Kirby G3 y G4 - Veltec Kirby specialist<\/title>\n<meta name=\"description\" content=\"Pantalla Kirby G3 y G4 - Veltec es el proveedor de las aspiradoras Kirby desde hace m\u00e1s de 25 a\u00f1os. Y es su especialista en servicio\" \/>\n<meta name=\"robots\" content=\"index, follow, max-snippet:-1, max-image-preview:large, max-video-preview:-1\" \/>\n<link rel=\"canonical\" href=\"https:\/\/www.veltec.eu\/es\/product\/pantalla-kirby-g3-y-g4\/\" \/>\n<meta property=\"og:locale\" content=\"es_ES\" \/>\n<meta property=\"og:type\" content=\"article\" \/>\n<meta property=\"og:title\" content=\"Pantalla Kirby G3 y G4\" \/>\n<meta property=\"og:description\" content=\"Casquillo para la L\u00e1mpara Kirby G3 y G4.    En stock   Pedido antes de las 23:59, enviado ma\u00f1ana  &nbsp;\" \/>\n<meta property=\"og:url\" content=\"https:\/\/www.veltec.eu\/es\/product\/pantalla-kirby-g3-y-g4\/\" \/>\n<meta property=\"og:site_name\" content=\"Veltec Kirby specialist\" \/>\n<meta property=\"article:publisher\" content=\"https:\/\/www.facebook.com\/Veltec-Kirby-Specialist-236746293374877\/\" \/>\n<meta property=\"article:modified_time\" content=\"2025-04-11T12:18:26+00:00\" \/>\n<meta property=\"og:image\" content=\"https:\/\/www.veltec.eu\/wp-content\/uploads\/2018\/10\/Lampenkapje-Kirby-G3-G4.jpg\" \/>\n\t<meta property=\"og:image:width\" content=\"600\" \/>\n\t<meta property=\"og:image:height\" content=\"600\" \/>\n\t<meta property=\"og:image:type\" content=\"image\/jpeg\" \/>\n<meta name=\"twitter:card\" content=\"summary_large_image\" \/>\n<meta name=\"twitter:label1\" content=\"Tiempo de lectura\" \/>\n\t<meta name=\"twitter:data1\" content=\"2 minutos\" \/>\n<script type=\"application\/ld+json\" class=\"yoast-schema-graph\">{\"@context\":\"https:\\\/\\\/schema.org\",\"@graph\":[{\"@type\":\"WebPage\",\"@id\":\"https:\\\/\\\/www.veltec.eu\\\/es\\\/product\\\/pantalla-kirby-g3-y-g4\\\/\",\"url\":\"https:\\\/\\\/www.veltec.eu\\\/es\\\/product\\\/pantalla-kirby-g3-y-g4\\\/\",\"name\":\"Pantalla Kirby G3 y G4 - Veltec Kirby specialist\",\"isPartOf\":{\"@id\":\"https:\\\/\\\/www.veltec.eu\\\/en\\\/#website\"},\"primaryImageOfPage\":{\"@id\":\"https:\\\/\\\/www.veltec.eu\\\/es\\\/product\\\/pantalla-kirby-g3-y-g4\\\/#primaryimage\"},\"image\":{\"@id\":\"https:\\\/\\\/www.veltec.eu\\\/es\\\/product\\\/pantalla-kirby-g3-y-g4\\\/#primaryimage\"},\"thumbnailUrl\":\"https:\\\/\\\/www.veltec.eu\\\/wp-content\\\/uploads\\\/2018\\\/10\\\/Lampenkapje-Kirby-G3-G4.jpg\",\"datePublished\":\"2018-10-30T09:41:43+00:00\",\"dateModified\":\"2025-04-11T12:18:26+00:00\",\"description\":\"Pantalla Kirby G3 y G4 - Veltec es el proveedor de las aspiradoras Kirby desde hace m\u00e1s de 25 a\u00f1os. Y es su especialista en servicio\",\"breadcrumb\":{\"@id\":\"https:\\\/\\\/www.veltec.eu\\\/es\\\/product\\\/pantalla-kirby-g3-y-g4\\\/#breadcrumb\"},\"inLanguage\":\"es\",\"potentialAction\":[{\"@type\":\"ReadAction\",\"target\":[\"https:\\\/\\\/www.veltec.eu\\\/es\\\/product\\\/pantalla-kirby-g3-y-g4\\\/\"]}]},{\"@type\":\"ImageObject\",\"inLanguage\":\"es\",\"@id\":\"https:\\\/\\\/www.veltec.eu\\\/es\\\/product\\\/pantalla-kirby-g3-y-g4\\\/#primaryimage\",\"url\":\"https:\\\/\\\/www.veltec.eu\\\/wp-content\\\/uploads\\\/2018\\\/10\\\/Lampenkapje-Kirby-G3-G4.jpg\",\"contentUrl\":\"https:\\\/\\\/www.veltec.eu\\\/wp-content\\\/uploads\\\/2018\\\/10\\\/Lampenkapje-Kirby-G3-G4.jpg\",\"width\":600,\"height\":600},{\"@type\":\"BreadcrumbList\",\"@id\":\"https:\\\/\\\/www.veltec.eu\\\/es\\\/product\\\/pantalla-kirby-g3-y-g4\\\/#breadcrumb\",\"itemListElement\":[{\"@type\":\"ListItem\",\"position\":1,\"name\":\"Home\",\"item\":\"https:\\\/\\\/www.veltec.eu\\\/es\\\/\"},{\"@type\":\"ListItem\",\"position\":2,\"name\":\"Produits\",\"item\":\"https:\\\/\\\/www.veltec.eu\\\/fr\\\/shop\\\/\"},{\"@type\":\"ListItem\",\"position\":3,\"name\":\"Pantalla Kirby G3 y G4\"}]},{\"@type\":\"WebSite\",\"@id\":\"https:\\\/\\\/www.veltec.eu\\\/en\\\/#website\",\"url\":\"https:\\\/\\\/www.veltec.eu\\\/en\\\/\",\"name\":\"Veltec Kirby specialist\",\"description\":\"Kirby stofzuiger producten\",\"publisher\":{\"@id\":\"https:\\\/\\\/www.veltec.eu\\\/en\\\/#organization\"},\"potentialAction\":[{\"@type\":\"SearchAction\",\"target\":{\"@type\":\"EntryPoint\",\"urlTemplate\":\"https:\\\/\\\/www.veltec.eu\\\/en\\\/?s={search_term_string}\"},\"query-input\":{\"@type\":\"PropertyValueSpecification\",\"valueRequired\":true,\"valueName\":\"search_term_string\"}}],\"inLanguage\":\"es\"},{\"@type\":\"Organization\",\"@id\":\"https:\\\/\\\/www.veltec.eu\\\/en\\\/#organization\",\"name\":\"Veltec Kirby Specialist\",\"url\":\"https:\\\/\\\/www.veltec.eu\\\/en\\\/\",\"logo\":{\"@type\":\"ImageObject\",\"inLanguage\":\"es\",\"@id\":\"https:\\\/\\\/www.veltec.eu\\\/en\\\/#\\\/schema\\\/logo\\\/image\\\/\",\"url\":\"https:\\\/\\\/www.veltec.eu\\\/wp-content\\\/uploads\\\/2021\\\/12\\\/Veltec-log-groot-e1537260889125.png\",\"contentUrl\":\"https:\\\/\\\/www.veltec.eu\\\/wp-content\\\/uploads\\\/2021\\\/12\\\/Veltec-log-groot-e1537260889125.png\",\"width\":200,\"height\":60,\"caption\":\"Veltec Kirby Specialist\"},\"image\":{\"@id\":\"https:\\\/\\\/www.veltec.eu\\\/en\\\/#\\\/schema\\\/logo\\\/image\\\/\"},\"sameAs\":[\"https:\\\/\\\/www.facebook.com\\\/Veltec-Kirby-Specialist-236746293374877\\\/\",\"https:\\\/\\\/www.youtube.com\\\/user\\\/VeltecService\"]}]}<\/script>\n<!-- \/ Yoast SEO Premium plugin. -->","yoast_head_json":{"title":"Pantalla Kirby G3 y G4 - Veltec Kirby specialist","description":"Pantalla Kirby G3 y G4 - Veltec es el proveedor de las aspiradoras Kirby desde hace m\u00e1s de 25 a\u00f1os. Y es su especialista en servicio","robots":{"index":"index","follow":"follow","max-snippet":"max-snippet:-1","max-image-preview":"max-image-preview:large","max-video-preview":"max-video-preview:-1"},"canonical":"https:\/\/www.veltec.eu\/es\/product\/pantalla-kirby-g3-y-g4\/","og_locale":"es_ES","og_type":"article","og_title":"Pantalla Kirby G3 y G4","og_description":"Casquillo para la L\u00e1mpara Kirby G3 y G4.    En stock   Pedido antes de las 23:59, enviado ma\u00f1ana  &nbsp;","og_url":"https:\/\/www.veltec.eu\/es\/product\/pantalla-kirby-g3-y-g4\/","og_site_name":"Veltec Kirby specialist","article_publisher":"https:\/\/www.facebook.com\/Veltec-Kirby-Specialist-236746293374877\/","article_modified_time":"2025-04-11T12:18:26+00:00","og_image":[{"width":600,"height":600,"url":"https:\/\/www.veltec.eu\/wp-content\/uploads\/2018\/10\/Lampenkapje-Kirby-G3-G4.jpg","type":"image\/jpeg"}],"twitter_card":"summary_large_image","twitter_misc":{"Tiempo de lectura":"2 minutos"},"schema":{"@context":"https:\/\/schema.org","@graph":[{"@type":"WebPage","@id":"https:\/\/www.veltec.eu\/es\/product\/pantalla-kirby-g3-y-g4\/","url":"https:\/\/www.veltec.eu\/es\/product\/pantalla-kirby-g3-y-g4\/","name":"Pantalla Kirby G3 y G4 - Veltec Kirby specialist","isPartOf":{"@id":"https:\/\/www.veltec.eu\/en\/#website"},"primaryImageOfPage":{"@id":"https:\/\/www.veltec.eu\/es\/product\/pantalla-kirby-g3-y-g4\/#primaryimage"},"image":{"@id":"https:\/\/www.veltec.eu\/es\/product\/pantalla-kirby-g3-y-g4\/#primaryimage"},"thumbnailUrl":"https:\/\/www.veltec.eu\/wp-content\/uploads\/2018\/10\/Lampenkapje-Kirby-G3-G4.jpg","datePublished":"2018-10-30T09:41:43+00:00","dateModified":"2025-04-11T12:18:26+00:00","description":"Pantalla Kirby G3 y G4 - Veltec es el proveedor de las aspiradoras Kirby desde hace m\u00e1s de 25 a\u00f1os. Y es su especialista en servicio","breadcrumb":{"@id":"https:\/\/www.veltec.eu\/es\/product\/pantalla-kirby-g3-y-g4\/#breadcrumb"},"inLanguage":"es","potentialAction":[{"@type":"ReadAction","target":["https:\/\/www.veltec.eu\/es\/product\/pantalla-kirby-g3-y-g4\/"]}]},{"@type":"ImageObject","inLanguage":"es","@id":"https:\/\/www.veltec.eu\/es\/product\/pantalla-kirby-g3-y-g4\/#primaryimage","url":"https:\/\/www.veltec.eu\/wp-content\/uploads\/2018\/10\/Lampenkapje-Kirby-G3-G4.jpg","contentUrl":"https:\/\/www.veltec.eu\/wp-content\/uploads\/2018\/10\/Lampenkapje-Kirby-G3-G4.jpg","width":600,"height":600},{"@type":"BreadcrumbList","@id":"https:\/\/www.veltec.eu\/es\/product\/pantalla-kirby-g3-y-g4\/#breadcrumb","itemListElement":[{"@type":"ListItem","position":1,"name":"Home","item":"https:\/\/www.veltec.eu\/es\/"},{"@type":"ListItem","position":2,"name":"Produits","item":"https:\/\/www.veltec.eu\/fr\/shop\/"},{"@type":"ListItem","position":3,"name":"Pantalla Kirby G3 y G4"}]},{"@type":"WebSite","@id":"https:\/\/www.veltec.eu\/en\/#website","url":"https:\/\/www.veltec.eu\/en\/","name":"Veltec Kirby specialist","description":"Kirby stofzuiger producten","publisher":{"@id":"https:\/\/www.veltec.eu\/en\/#organization"},"potentialAction":[{"@type":"SearchAction","target":{"@type":"EntryPoint","urlTemplate":"https:\/\/www.veltec.eu\/en\/?s={search_term_string}"},"query-input":{"@type":"PropertyValueSpecification","valueRequired":true,"valueName":"search_term_string"}}],"inLanguage":"es"},{"@type":"Organization","@id":"https:\/\/www.veltec.eu\/en\/#organization","name":"Veltec Kirby Specialist","url":"https:\/\/www.veltec.eu\/en\/","logo":{"@type":"ImageObject","inLanguage":"es","@id":"https:\/\/www.veltec.eu\/en\/#\/schema\/logo\/image\/","url":"https:\/\/www.veltec.eu\/wp-content\/uploads\/2021\/12\/Veltec-log-groot-e1537260889125.png","contentUrl":"https:\/\/www.veltec.eu\/wp-content\/uploads\/2021\/12\/Veltec-log-groot-e1537260889125.png","width":200,"height":60,"caption":"Veltec Kirby Specialist"},"image":{"@id":"https:\/\/www.veltec.eu\/en\/#\/schema\/logo\/image\/"},"sameAs":["https:\/\/www.facebook.com\/Veltec-Kirby-Specialist-236746293374877\/","https:\/\/www.youtube.com\/user\/VeltecService"]}]}},"_links":{"self":[{"href":"https:\/\/www.veltec.eu\/es\/wp-json\/wp\/v2\/product\/10187","targetHints":{"allow":["GET"]}}],"collection":[{"href":"https:\/\/www.veltec.eu\/es\/wp-json\/wp\/v2\/product"}],"about":[{"href":"https:\/\/www.veltec.eu\/es\/wp-json\/wp\/v2\/types\/product"}],"replies":[{"embeddable":true,"href":"https:\/\/www.veltec.eu\/es\/wp-json\/wp\/v2\/comments?post=10187"}],"wp:featuredmedia":[{"embeddable":true,"href":"https:\/\/www.veltec.eu\/es\/wp-json\/wp\/v2\/media\/90566"}],"wp:attachment":[{"href":"https:\/\/www.veltec.eu\/es\/wp-json\/wp\/v2\/media?parent=10187"}],"wp:term":[{"taxonomy":"product_brand","embeddable":true,"href":"https:\/\/www.veltec.eu\/es\/wp-json\/wp\/v2\/product_brand?post=10187"},{"taxonomy":"product_cat","embeddable":true,"href":"https:\/\/www.veltec.eu\/es\/wp-json\/wp\/v2\/product_cat?post=10187"},{"taxonomy":"product_tag","embeddable":true,"href":"https:\/\/www.veltec.eu\/es\/wp-json\/wp\/v2\/product_tag?post=10187"}],"curies":[{"name":"wp","href":"https:\/\/api.w.org\/{rel}","templated":true}]}}