{"id":10182,"date":"2018-10-30T11:46:09","date_gmt":"2018-10-30T09:46:09","guid":{"rendered":"https:\/\/www.veltec.eu\/kirby-webshop\/casquillo-kirby-lampara-g5-hasta-g8-nl3067\/"},"modified":"2025-04-11T13:09:48","modified_gmt":"2025-04-11T11:09:48","slug":"casquillo-kirby-lampara-g5-hasta-g8-nl3067","status":"publish","type":"product","link":"https:\/\/www.veltec.eu\/es\/product\/casquillo-kirby-lampara-g5-hasta-g8-nl3067\/","title":{"rendered":"Casquillo Kirby L\u00e1mpara G5 hasta G8"},"content":{"rendered":"<h2>Casquillo Kirby L\u00e1mpara G5 hasta G8 &#8211; Para un acabado limpio y seguro<\/h2>\n<p>\u00bfEst\u00e1 buscando un Casquillo Kirby L\u00e1mpara G5 hasta G8 de repuesto? Entonces este casquillo original es justo lo que necesita. Tanto si desea sustituir una tapa da\u00f1ada como darle un repaso a su aspiradora, esta pieza es indispensable para el acabado y la protecci\u00f3n de su <a href=\"https:\/\/www.veltec.eu\/es\/aspiradora-kirby\/\">aspiradora Kirby<\/a>.<\/p>\n<h3>\u00bfQu\u00e9 es el Casquillo Kirby L\u00e1mpara G5 hasta G8?<\/h3>\n<p>El casquillo de la parte delantera de su <a href=\"https:\/\/www.veltec.eu\/es\/aspiradora-kirby\/\">aspiradora Kirby<\/a> tiene una doble funci\u00f3n. Por un lado, garantiza un acabado cuidado del dise\u00f1o. Por otro lado, ofrece la tan necesaria protecci\u00f3n a la luz incorporada. Sin esta cubierta, la luz es vulnerable a golpes, polvo o incluso da\u00f1os por agua, lo que por supuesto puede acortar la vida \u00fatil de su aparato.<\/p>\n<p>Por lo tanto, es aconsejable sustituir esta pieza a tiempo, especialmente si la tapa presenta grietas, grietas o decoloraci\u00f3n.<\/p>\n<p>Aqu\u00ed encontrar\u00e1 todas las<a href=\"https:\/\/www.veltec.eu\/es\/luces-y-tapas-kirby\/\"> luces y tapas para aspiradoras Kirby<\/a><\/p>\n<h2>Compatibilidad: G5, G6, G7 Ultimate y G8 Diamond<\/h2>\n<h3>Se adapta perfectamente a varios modelos Kirby<\/h3>\n<p>Una de las mayores ventajas de este Casquillo Kirby L\u00e1mpara G5 hasta G8 es su amplia compatibilidad. El casquillo est\u00e1 especialmente dise\u00f1ado para los siguientes modelos Kirby:<\/p>\n<ul>\n<li>Kirby G5<\/li>\n<li>Kirby G6<\/li>\n<li>Kirby G7 Ultimate G<\/li>\n<li>Kirby G8 Edici\u00f3n Diamante<\/li>\n<\/ul>\n<p>Al tratarse de una pieza original, puede estar seguro de que se adapta perfectamente a su aspiradora. Por ello, no tiene que retocar ni hacer ajustes. S\u00f3lo tiene que encajar el tap\u00f3n en su sitio y ya puede seguir limpiando.<\/p>\n<p>Adem\u00e1s, el uso de piezas originales evita problemas con otros componentes de su aspiradora Kirby, como la iluminaci\u00f3n o la construcci\u00f3n de la campana.<\/p>\n<h2>F\u00e1cil montaje y r\u00e1pida sustituci\u00f3n<\/h2>\n<h3>Se instala en pocos minutos<\/h3>\n<p>Afortunadamente, sustituir la pantalla es muy f\u00e1cil. Incluso si no tiene experiencia con piezas de aspiradoras, puede realizar este trabajo usted mismo. Gracias al mecanismo de clic y deslizamiento, la instalaci\u00f3n es un juego de ni\u00f1os.<\/p>\n<p>Una vez que haya quitado la tapa vieja, deslice la tapa nueva hasta que oiga un clic. A continuaci\u00f3n, compruebe que est\u00e1 bien colocado. Si es as\u00ed, su Kirby estar\u00e1 de nuevo listo para usar, con un aspecto renovado y una mejor protecci\u00f3n.<\/p>\n<p>Consejo: Antes de montarlo, limpie la superficie para eliminar el polvo o la suciedad. De este modo, la tapa permanecer\u00e1 en su sitio y evitar\u00e1 que la suciedad se introduzca entre la l\u00e1mpara y la tapa.<\/p>\n<h2>\u00bfPor qu\u00e9 elegir este Casquillo Kirby L\u00e1mpara G5 hasta G8?<\/h2>\n<h3>Las ventajas de un vistazo<\/h3>\n<p>En resumen, este casquillo Kirby L\u00e1mpara G5 a G8 es la soluci\u00f3n ideal cuando Ud:<\/p>\n<ul>\n<li>Ha perdido o da\u00f1ado el viejo casquillo<\/li>\n<li>Quiere mantener ordenada la parte delantera de su aspiradora<\/li>\n<li>Quiere estar seguro de que encaja correctamente<\/li>\n<li>Las piezas originales son importantes<\/li>\n<\/ul>\n<p>Con esta tapa, usted elige calidad, seguridad y sencillez. Y como es apta para varios modelos Kirby, hay muchas posibilidades de que tambi\u00e9n se adapte a su aparato.<\/p>\n<p>As\u00ed que no espere a que la l\u00e1mpara quede al descubierto: proteja su aspiradora Kirby hoy mismo con esta indispensable tapa para l\u00e1mpara.<\/p>\n","protected":false},"excerpt":{"rendered":"<p>Casquillo para la L\u00e1mpara Kirby G5 hasta G8.<\/p>\n[trustindex data-widget-id=48bbd87242952812953642309d4]\n<h3><span style=\"color: #008000;\"><br \/>\nEn stock<\/span><\/h3>\n[av_font_icon icon='ue812' font='entypo-fontello' style='' caption='' size='25px' position='left' color='#43ad66' link='' linktarget='' title_attr='' sonar_effect_effect='' sonar_effect_color='' sonar_effect_duration='1' sonar_effect_scale='' sonar_effect_opac='0.5' animation='' id='' custom_class='' template_class='' av_uid='' sc_version='1.0' admin_preview_bg=''][\/av_font_icon]\n<p><span style=\"color: #008000;\">Pedido antes de las 23:59, enviado ma\u00f1ana<\/span><\/p>\n<p>&nbsp;<\/p>\n","protected":false},"featured_media":90572,"comment_status":"open","ping_status":"closed","template":"","meta":{"_acf_changed":false},"product_brand":[],"product_cat":[302],"product_tag":[],"class_list":{"0":"post-10182","1":"product","2":"type-product","3":"status-publish","4":"has-post-thumbnail","6":"product_cat-luces-y-tapas-kirby","7":"product_shipping_class-klein-es","9":"first","10":"instock","11":"taxable","12":"shipping-taxable","13":"purchasable","14":"product-type-simple"},"acf":[],"yoast_head":"<!-- This site is optimized with the Yoast SEO Premium plugin v27.1 (Yoast SEO v27.4) - https:\/\/yoast.com\/product\/yoast-seo-premium-wordpress\/ -->\n<title>Casquillo Kirby L\u00e1mpara G5 hasta G8 - Veltec Kirby specialist<\/title>\n<meta name=\"description\" content=\"Casquillo Kirby L\u00e1mpara G5 hasta G8 - Veltec es el proveedor de las aspiradoras Kirby desde hace m\u00e1s de 25 a\u00f1os. Y es su especialista\" \/>\n<meta name=\"robots\" content=\"index, follow, max-snippet:-1, max-image-preview:large, max-video-preview:-1\" \/>\n<link rel=\"canonical\" href=\"https:\/\/www.veltec.eu\/es\/product\/casquillo-kirby-lampara-g5-hasta-g8-nl3067\/\" \/>\n<meta property=\"og:locale\" content=\"es_ES\" \/>\n<meta property=\"og:type\" content=\"article\" \/>\n<meta property=\"og:title\" content=\"Casquillo Kirby L\u00e1mpara G5 hasta G8\" \/>\n<meta property=\"og:description\" content=\"Casquillo para la L\u00e1mpara Kirby G5 hasta G8.    En stock   Pedido antes de las 23:59, enviado ma\u00f1ana  &nbsp;\" \/>\n<meta property=\"og:url\" content=\"https:\/\/www.veltec.eu\/es\/product\/casquillo-kirby-lampara-g5-hasta-g8-nl3067\/\" \/>\n<meta property=\"og:site_name\" content=\"Veltec Kirby specialist\" \/>\n<meta property=\"article:publisher\" content=\"https:\/\/www.facebook.com\/Veltec-Kirby-Specialist-236746293374877\/\" \/>\n<meta property=\"article:modified_time\" content=\"2025-04-11T11:09:48+00:00\" \/>\n<meta property=\"og:image\" content=\"https:\/\/www.veltec.eu\/wp-content\/uploads\/2018\/10\/Kirby-lampenkapje-G5-G8.jpg\" \/>\n\t<meta property=\"og:image:width\" content=\"600\" \/>\n\t<meta property=\"og:image:height\" content=\"600\" \/>\n\t<meta property=\"og:image:type\" content=\"image\/jpeg\" \/>\n<meta name=\"twitter:card\" content=\"summary_large_image\" \/>\n<meta name=\"twitter:label1\" content=\"Tiempo de lectura\" \/>\n\t<meta name=\"twitter:data1\" content=\"3 minutos\" \/>\n<script type=\"application\/ld+json\" class=\"yoast-schema-graph\">{\"@context\":\"https:\\\/\\\/schema.org\",\"@graph\":[{\"@type\":\"WebPage\",\"@id\":\"https:\\\/\\\/www.veltec.eu\\\/es\\\/product\\\/casquillo-kirby-lampara-g5-hasta-g8-nl3067\\\/\",\"url\":\"https:\\\/\\\/www.veltec.eu\\\/es\\\/product\\\/casquillo-kirby-lampara-g5-hasta-g8-nl3067\\\/\",\"name\":\"Casquillo Kirby L\u00e1mpara G5 hasta G8 - Veltec Kirby specialist\",\"isPartOf\":{\"@id\":\"https:\\\/\\\/www.veltec.eu\\\/en\\\/#website\"},\"primaryImageOfPage\":{\"@id\":\"https:\\\/\\\/www.veltec.eu\\\/es\\\/product\\\/casquillo-kirby-lampara-g5-hasta-g8-nl3067\\\/#primaryimage\"},\"image\":{\"@id\":\"https:\\\/\\\/www.veltec.eu\\\/es\\\/product\\\/casquillo-kirby-lampara-g5-hasta-g8-nl3067\\\/#primaryimage\"},\"thumbnailUrl\":\"https:\\\/\\\/www.veltec.eu\\\/wp-content\\\/uploads\\\/2018\\\/10\\\/Kirby-lampenkapje-G5-G8.jpg\",\"datePublished\":\"2018-10-30T09:46:09+00:00\",\"dateModified\":\"2025-04-11T11:09:48+00:00\",\"description\":\"Casquillo Kirby L\u00e1mpara G5 hasta G8 - Veltec es el proveedor de las aspiradoras Kirby desde hace m\u00e1s de 25 a\u00f1os. Y es su especialista\",\"breadcrumb\":{\"@id\":\"https:\\\/\\\/www.veltec.eu\\\/es\\\/product\\\/casquillo-kirby-lampara-g5-hasta-g8-nl3067\\\/#breadcrumb\"},\"inLanguage\":\"es\",\"potentialAction\":[{\"@type\":\"ReadAction\",\"target\":[\"https:\\\/\\\/www.veltec.eu\\\/es\\\/product\\\/casquillo-kirby-lampara-g5-hasta-g8-nl3067\\\/\"]}]},{\"@type\":\"ImageObject\",\"inLanguage\":\"es\",\"@id\":\"https:\\\/\\\/www.veltec.eu\\\/es\\\/product\\\/casquillo-kirby-lampara-g5-hasta-g8-nl3067\\\/#primaryimage\",\"url\":\"https:\\\/\\\/www.veltec.eu\\\/wp-content\\\/uploads\\\/2018\\\/10\\\/Kirby-lampenkapje-G5-G8.jpg\",\"contentUrl\":\"https:\\\/\\\/www.veltec.eu\\\/wp-content\\\/uploads\\\/2018\\\/10\\\/Kirby-lampenkapje-G5-G8.jpg\",\"width\":600,\"height\":600},{\"@type\":\"BreadcrumbList\",\"@id\":\"https:\\\/\\\/www.veltec.eu\\\/es\\\/product\\\/casquillo-kirby-lampara-g5-hasta-g8-nl3067\\\/#breadcrumb\",\"itemListElement\":[{\"@type\":\"ListItem\",\"position\":1,\"name\":\"Home\",\"item\":\"https:\\\/\\\/www.veltec.eu\\\/es\\\/\"},{\"@type\":\"ListItem\",\"position\":2,\"name\":\"Tienda Kirby\",\"item\":\"https:\\\/\\\/www.veltec.eu\\\/es\\\/tienda-kirby\\\/\"},{\"@type\":\"ListItem\",\"position\":3,\"name\":\"Casquillo Kirby L\u00e1mpara G5 hasta G8\"}]},{\"@type\":\"WebSite\",\"@id\":\"https:\\\/\\\/www.veltec.eu\\\/en\\\/#website\",\"url\":\"https:\\\/\\\/www.veltec.eu\\\/en\\\/\",\"name\":\"Veltec Kirby specialist\",\"description\":\"Kirby stofzuiger producten\",\"publisher\":{\"@id\":\"https:\\\/\\\/www.veltec.eu\\\/en\\\/#organization\"},\"potentialAction\":[{\"@type\":\"SearchAction\",\"target\":{\"@type\":\"EntryPoint\",\"urlTemplate\":\"https:\\\/\\\/www.veltec.eu\\\/en\\\/?s={search_term_string}\"},\"query-input\":{\"@type\":\"PropertyValueSpecification\",\"valueRequired\":true,\"valueName\":\"search_term_string\"}}],\"inLanguage\":\"es\"},{\"@type\":\"Organization\",\"@id\":\"https:\\\/\\\/www.veltec.eu\\\/en\\\/#organization\",\"name\":\"Veltec Kirby Specialist\",\"url\":\"https:\\\/\\\/www.veltec.eu\\\/en\\\/\",\"logo\":{\"@type\":\"ImageObject\",\"inLanguage\":\"es\",\"@id\":\"https:\\\/\\\/www.veltec.eu\\\/en\\\/#\\\/schema\\\/logo\\\/image\\\/\",\"url\":\"https:\\\/\\\/www.veltec.eu\\\/wp-content\\\/uploads\\\/2021\\\/12\\\/Veltec-log-groot-e1537260889125.png\",\"contentUrl\":\"https:\\\/\\\/www.veltec.eu\\\/wp-content\\\/uploads\\\/2021\\\/12\\\/Veltec-log-groot-e1537260889125.png\",\"width\":200,\"height\":60,\"caption\":\"Veltec Kirby Specialist\"},\"image\":{\"@id\":\"https:\\\/\\\/www.veltec.eu\\\/en\\\/#\\\/schema\\\/logo\\\/image\\\/\"},\"sameAs\":[\"https:\\\/\\\/www.facebook.com\\\/Veltec-Kirby-Specialist-236746293374877\\\/\",\"https:\\\/\\\/www.youtube.com\\\/user\\\/VeltecService\"]}]}<\/script>\n<!-- \/ Yoast SEO Premium plugin. -->","yoast_head_json":{"title":"Casquillo Kirby L\u00e1mpara G5 hasta G8 - Veltec Kirby specialist","description":"Casquillo Kirby L\u00e1mpara G5 hasta G8 - Veltec es el proveedor de las aspiradoras Kirby desde hace m\u00e1s de 25 a\u00f1os. Y es su especialista","robots":{"index":"index","follow":"follow","max-snippet":"max-snippet:-1","max-image-preview":"max-image-preview:large","max-video-preview":"max-video-preview:-1"},"canonical":"https:\/\/www.veltec.eu\/es\/product\/casquillo-kirby-lampara-g5-hasta-g8-nl3067\/","og_locale":"es_ES","og_type":"article","og_title":"Casquillo Kirby L\u00e1mpara G5 hasta G8","og_description":"Casquillo para la L\u00e1mpara Kirby G5 hasta G8.    En stock   Pedido antes de las 23:59, enviado ma\u00f1ana  &nbsp;","og_url":"https:\/\/www.veltec.eu\/es\/product\/casquillo-kirby-lampara-g5-hasta-g8-nl3067\/","og_site_name":"Veltec Kirby specialist","article_publisher":"https:\/\/www.facebook.com\/Veltec-Kirby-Specialist-236746293374877\/","article_modified_time":"2025-04-11T11:09:48+00:00","og_image":[{"width":600,"height":600,"url":"https:\/\/www.veltec.eu\/wp-content\/uploads\/2018\/10\/Kirby-lampenkapje-G5-G8.jpg","type":"image\/jpeg"}],"twitter_card":"summary_large_image","twitter_misc":{"Tiempo de lectura":"3 minutos"},"schema":{"@context":"https:\/\/schema.org","@graph":[{"@type":"WebPage","@id":"https:\/\/www.veltec.eu\/es\/product\/casquillo-kirby-lampara-g5-hasta-g8-nl3067\/","url":"https:\/\/www.veltec.eu\/es\/product\/casquillo-kirby-lampara-g5-hasta-g8-nl3067\/","name":"Casquillo Kirby L\u00e1mpara G5 hasta G8 - Veltec Kirby specialist","isPartOf":{"@id":"https:\/\/www.veltec.eu\/en\/#website"},"primaryImageOfPage":{"@id":"https:\/\/www.veltec.eu\/es\/product\/casquillo-kirby-lampara-g5-hasta-g8-nl3067\/#primaryimage"},"image":{"@id":"https:\/\/www.veltec.eu\/es\/product\/casquillo-kirby-lampara-g5-hasta-g8-nl3067\/#primaryimage"},"thumbnailUrl":"https:\/\/www.veltec.eu\/wp-content\/uploads\/2018\/10\/Kirby-lampenkapje-G5-G8.jpg","datePublished":"2018-10-30T09:46:09+00:00","dateModified":"2025-04-11T11:09:48+00:00","description":"Casquillo Kirby L\u00e1mpara G5 hasta G8 - Veltec es el proveedor de las aspiradoras Kirby desde hace m\u00e1s de 25 a\u00f1os. Y es su especialista","breadcrumb":{"@id":"https:\/\/www.veltec.eu\/es\/product\/casquillo-kirby-lampara-g5-hasta-g8-nl3067\/#breadcrumb"},"inLanguage":"es","potentialAction":[{"@type":"ReadAction","target":["https:\/\/www.veltec.eu\/es\/product\/casquillo-kirby-lampara-g5-hasta-g8-nl3067\/"]}]},{"@type":"ImageObject","inLanguage":"es","@id":"https:\/\/www.veltec.eu\/es\/product\/casquillo-kirby-lampara-g5-hasta-g8-nl3067\/#primaryimage","url":"https:\/\/www.veltec.eu\/wp-content\/uploads\/2018\/10\/Kirby-lampenkapje-G5-G8.jpg","contentUrl":"https:\/\/www.veltec.eu\/wp-content\/uploads\/2018\/10\/Kirby-lampenkapje-G5-G8.jpg","width":600,"height":600},{"@type":"BreadcrumbList","@id":"https:\/\/www.veltec.eu\/es\/product\/casquillo-kirby-lampara-g5-hasta-g8-nl3067\/#breadcrumb","itemListElement":[{"@type":"ListItem","position":1,"name":"Home","item":"https:\/\/www.veltec.eu\/es\/"},{"@type":"ListItem","position":2,"name":"Tienda Kirby","item":"https:\/\/www.veltec.eu\/es\/tienda-kirby\/"},{"@type":"ListItem","position":3,"name":"Casquillo Kirby L\u00e1mpara G5 hasta G8"}]},{"@type":"WebSite","@id":"https:\/\/www.veltec.eu\/en\/#website","url":"https:\/\/www.veltec.eu\/en\/","name":"Veltec Kirby specialist","description":"Kirby stofzuiger producten","publisher":{"@id":"https:\/\/www.veltec.eu\/en\/#organization"},"potentialAction":[{"@type":"SearchAction","target":{"@type":"EntryPoint","urlTemplate":"https:\/\/www.veltec.eu\/en\/?s={search_term_string}"},"query-input":{"@type":"PropertyValueSpecification","valueRequired":true,"valueName":"search_term_string"}}],"inLanguage":"es"},{"@type":"Organization","@id":"https:\/\/www.veltec.eu\/en\/#organization","name":"Veltec Kirby Specialist","url":"https:\/\/www.veltec.eu\/en\/","logo":{"@type":"ImageObject","inLanguage":"es","@id":"https:\/\/www.veltec.eu\/en\/#\/schema\/logo\/image\/","url":"https:\/\/www.veltec.eu\/wp-content\/uploads\/2021\/12\/Veltec-log-groot-e1537260889125.png","contentUrl":"https:\/\/www.veltec.eu\/wp-content\/uploads\/2021\/12\/Veltec-log-groot-e1537260889125.png","width":200,"height":60,"caption":"Veltec Kirby Specialist"},"image":{"@id":"https:\/\/www.veltec.eu\/en\/#\/schema\/logo\/image\/"},"sameAs":["https:\/\/www.facebook.com\/Veltec-Kirby-Specialist-236746293374877\/","https:\/\/www.youtube.com\/user\/VeltecService"]}]}},"_links":{"self":[{"href":"https:\/\/www.veltec.eu\/es\/wp-json\/wp\/v2\/product\/10182","targetHints":{"allow":["GET"]}}],"collection":[{"href":"https:\/\/www.veltec.eu\/es\/wp-json\/wp\/v2\/product"}],"about":[{"href":"https:\/\/www.veltec.eu\/es\/wp-json\/wp\/v2\/types\/product"}],"replies":[{"embeddable":true,"href":"https:\/\/www.veltec.eu\/es\/wp-json\/wp\/v2\/comments?post=10182"}],"wp:featuredmedia":[{"embeddable":true,"href":"https:\/\/www.veltec.eu\/es\/wp-json\/wp\/v2\/media\/90572"}],"wp:attachment":[{"href":"https:\/\/www.veltec.eu\/es\/wp-json\/wp\/v2\/media?parent=10182"}],"wp:term":[{"taxonomy":"product_brand","embeddable":true,"href":"https:\/\/www.veltec.eu\/es\/wp-json\/wp\/v2\/product_brand?post=10182"},{"taxonomy":"product_cat","embeddable":true,"href":"https:\/\/www.veltec.eu\/es\/wp-json\/wp\/v2\/product_cat?post=10182"},{"taxonomy":"product_tag","embeddable":true,"href":"https:\/\/www.veltec.eu\/es\/wp-json\/wp\/v2\/product_tag?post=10182"}],"curies":[{"name":"wp","href":"https:\/\/api.w.org\/{rel}","templated":true}]}}