{"id":10177,"date":"2018-10-30T11:52:28","date_gmt":"2018-10-30T09:52:28","guid":{"rendered":"https:\/\/www.veltec.eu\/kirby-webshop\/casquillo-lampara-kirby-sentria-nl3068\/"},"modified":"2025-04-11T12:09:31","modified_gmt":"2025-04-11T10:09:31","slug":"casquillo-lampara-kirby-sentria-nl3068","status":"publish","type":"product","link":"https:\/\/www.veltec.eu\/es\/product\/casquillo-lampara-kirby-sentria-nl3068\/","title":{"rendered":"Casquillo L\u00e1mpara Kirby Sentria"},"content":{"rendered":"<h2>Casquillo L\u00e1mpara Kirby Sentria &#8211; Protecci\u00f3n y perfecci\u00f3n en uno<\/h2>\n<p>Cuando usted posee una <a href=\"https:\/\/www.veltec.eu\/es\/aspiradora-kirby\/\">aspiradora Kirby<\/a>, sabe mejor que nadie que cada pieza contribuye a un rendimiento \u00f3ptimo. Una de esas piezas esenciales es el Casquillo L\u00e1mpara Kirby Sentria. Este peque\u00f1o pero muy importante casquillo asegura que la luz hal\u00f3gena de la parte delantera de su aspiradora permanezca bien protegida. Esto evita que se da\u00f1e la bombilla y garantiza que su aspiradora Kirby dure a\u00f1os.<\/p>\n<p>Este casquillo s\u00f3lo es adecuado para las <a href=\"https:\/\/www.veltec.eu\/es\/aspiradora-kirby\/\">aspiradoras Kirby<\/a> mencionadas;<\/p>\n<ul>\n<li>Avalir I en II<\/li>\n<li>Sentria II (G10D)<\/li>\n<li>Sentria (G10)<\/li>\n<\/ul>\n<h3>Especialmente dise\u00f1ado para los modelos Kirby Sentria y Avalir<\/h3>\n<p>Lo que hace que este Casquillo L\u00e1mpara Kirby Sentria sea \u00fanico es que est\u00e1 especialmente dise\u00f1ado para los modelos Kirby Sentria y Kirby Avalir. Debido a esto, usted est\u00e1 seguro de un ajuste perfecto. El casquillo se conecta perfectamente a la parte delantera de la aspiradora, de modo que la suciedad, el polvo y otras part\u00edculas no tienen ninguna posibilidad de afectar a la luz. \u00bfTiene otro modelo Kirby? Entonces es importante saber que esta pantalla en particular s\u00f3lo es adecuada para Sentria y Avalir.<\/p>\n<p>Gracias a su ajuste preciso, no tendr\u00e1 que preocuparse por piezas sueltas o un montaje inestable. Adem\u00e1s, es f\u00e1cil de montar, por lo que podr\u00e1 volver r\u00e1pidamente a la limpieza sin interrupciones.<\/p>\n<p>Encuentre todas las <a href=\"https:\/\/www.veltec.eu\/es\/luces-y-tapas-kirby\/\">L\u00e1mparas y Casquillos para Aspiradoras Kirby<\/a> aqu\u00ed<\/p>\n<h2>\u00bfPor qu\u00e9 elegir el Casquillo L\u00e1mpara Kirby Sentria?<\/h2>\n<p>Si tiene dudas sobre si esta pieza es realmente necesaria, es bueno que sepa que un casquillo l\u00e1mpara da\u00f1ado o ausente no s\u00f3lo afecta al funcionamiento de la luz, sino que tambi\u00e9n puede afectar a la seguridad de su aspiradora. A continuaci\u00f3n le presentamos algunas ventajas convincentes:<\/p>\n<h3>Protecci\u00f3n fiable de la bombilla hal\u00f3gena<\/h3>\n<p>Dado que la caperuza se coloca directamente sobre la bombilla, act\u00faa como una s\u00f3lida capa protectora. Esto protege la bombilla de golpes, part\u00edculas de polvo e impactos inesperados. Especialmente si utiliza la aspiradora con frecuencia, el casquillo proporciona una pieza extra de seguridad.<\/p>\n<h3>Duradera y de alta calidad<\/h3>\n<p>Al igual que el resto de los componentes Kirby, esta pantalla est\u00e1 fabricada con materiales resistentes y duraderos. Esto significa que no se rompe ni se da\u00f1a f\u00e1cilmente, incluso con un uso intensivo. Por eso, los que apuestan por la calidad eligen piezas originales Kirby como \u00e9sta.<\/p>\n<h3>F\u00e1cil de sustituir y mantener<\/h3>\n<p>Otra ventaja del Casquillo L\u00e1mpara Kirby Sentria es su sencillo proceso de instalaci\u00f3n. Sin necesidad de utilizar herramientas especiales, usted mismo puede sustituir f\u00e1cilmente este casquillo. Esto no s\u00f3lo ahorra tiempo, sino tambi\u00e9n los costes de un posible servicio de reparaci\u00f3n.<\/p>\n<h2>Pida hoy mismo su Casquillo L\u00e1mpara Kirby Sentria<\/h2>\n<p>En resumen, \u00bfest\u00e1 buscando un Casquillo L\u00e1mpara Kirby Sentria fiable y original? Entonces esta es la pieza perfecta para completar su aspiradora Kirby. Proteja su bombilla hal\u00f3gena, prolongue la vida \u00fatil de su aparato y garantice un acabado de aspecto profesional para su aspiradora.<\/p>\n<p>No espere m\u00e1s y pida esta pieza esencial hoy mismo. As\u00ed evitar\u00e1 da\u00f1os mayores y estar\u00e1 siempre listo para dejar su hogar libre de polvo, con el potente rendimiento que espera de Kirby.<\/p>\n","protected":false},"excerpt":{"rendered":"<p>Casquillo para la L\u00e1mpara Sentira.<\/p>\n[trustindex data-widget-id=48bbd87242952812953642309d4]\n<h3><span style=\"color: #008000;\"><br \/>\nEn stock<\/span><\/h3>\n[av_font_icon icon='ue812' font='entypo-fontello' style='' caption='' size='25px' position='left' color='#43ad66' link='' linktarget='' title_attr='' sonar_effect_effect='' sonar_effect_color='' sonar_effect_duration='1' sonar_effect_scale='' sonar_effect_opac='0.5' animation='' id='' custom_class='' template_class='' av_uid='' sc_version='1.0' admin_preview_bg=''][\/av_font_icon]\n<p><span style=\"color: #008000;\">Pedido antes de las 23:59, enviado ma\u00f1ana<\/span><\/p>\n<p>&nbsp;<\/p>\n","protected":false},"featured_media":90581,"comment_status":"open","ping_status":"closed","template":"","meta":{"_acf_changed":false},"product_brand":[],"product_cat":[302],"product_tag":[],"class_list":{"0":"post-10177","1":"product","2":"type-product","3":"status-publish","4":"has-post-thumbnail","6":"product_cat-luces-y-tapas-kirby","7":"product_shipping_class-klein-es","9":"first","10":"instock","11":"taxable","12":"shipping-taxable","13":"purchasable","14":"product-type-simple"},"acf":[],"yoast_head":"<!-- This site is optimized with the Yoast SEO Premium plugin v27.1 (Yoast SEO v27.4) - https:\/\/yoast.com\/product\/yoast-seo-premium-wordpress\/ -->\n<title>Casquillo L\u00e1mpara Kirby Sentria - Veltec Kirby specialist<\/title>\n<meta name=\"description\" content=\"Casquillo L\u00e1mpara Kirby Sentria - Veltec es el proveedor de las aspiradoras Kirby desde hace m\u00e1s de 25 a\u00f1os. Y es su especialista\" \/>\n<meta name=\"robots\" content=\"index, follow, max-snippet:-1, max-image-preview:large, max-video-preview:-1\" \/>\n<link rel=\"canonical\" href=\"https:\/\/www.veltec.eu\/es\/product\/casquillo-lampara-kirby-sentria-nl3068\/\" \/>\n<meta property=\"og:locale\" content=\"es_ES\" \/>\n<meta property=\"og:type\" content=\"article\" \/>\n<meta property=\"og:title\" content=\"Casquillo L\u00e1mpara Kirby Sentria\" \/>\n<meta property=\"og:description\" content=\"Casquillo para la L\u00e1mpara Sentira.    En stock   Pedido antes de las 23:59, enviado ma\u00f1ana  &nbsp;\" \/>\n<meta property=\"og:url\" content=\"https:\/\/www.veltec.eu\/es\/product\/casquillo-lampara-kirby-sentria-nl3068\/\" \/>\n<meta property=\"og:site_name\" content=\"Veltec Kirby specialist\" \/>\n<meta property=\"article:publisher\" content=\"https:\/\/www.facebook.com\/Veltec-Kirby-Specialist-236746293374877\/\" \/>\n<meta property=\"article:modified_time\" content=\"2025-04-11T10:09:31+00:00\" \/>\n<meta property=\"og:image\" content=\"https:\/\/www.veltec.eu\/wp-content\/uploads\/2018\/10\/Kirby-lampenkapje-Sentria-Avalir.jpg\" \/>\n\t<meta property=\"og:image:width\" content=\"600\" \/>\n\t<meta property=\"og:image:height\" content=\"600\" \/>\n\t<meta property=\"og:image:type\" content=\"image\/jpeg\" \/>\n<meta name=\"twitter:card\" content=\"summary_large_image\" \/>\n<meta name=\"twitter:label1\" content=\"Tiempo de lectura\" \/>\n\t<meta name=\"twitter:data1\" content=\"3 minutos\" \/>\n<script type=\"application\/ld+json\" class=\"yoast-schema-graph\">{\"@context\":\"https:\\\/\\\/schema.org\",\"@graph\":[{\"@type\":\"WebPage\",\"@id\":\"https:\\\/\\\/www.veltec.eu\\\/es\\\/product\\\/casquillo-lampara-kirby-sentria-nl3068\\\/\",\"url\":\"https:\\\/\\\/www.veltec.eu\\\/es\\\/product\\\/casquillo-lampara-kirby-sentria-nl3068\\\/\",\"name\":\"Casquillo L\u00e1mpara Kirby Sentria - Veltec Kirby specialist\",\"isPartOf\":{\"@id\":\"https:\\\/\\\/www.veltec.eu\\\/en\\\/#website\"},\"primaryImageOfPage\":{\"@id\":\"https:\\\/\\\/www.veltec.eu\\\/es\\\/product\\\/casquillo-lampara-kirby-sentria-nl3068\\\/#primaryimage\"},\"image\":{\"@id\":\"https:\\\/\\\/www.veltec.eu\\\/es\\\/product\\\/casquillo-lampara-kirby-sentria-nl3068\\\/#primaryimage\"},\"thumbnailUrl\":\"https:\\\/\\\/www.veltec.eu\\\/wp-content\\\/uploads\\\/2018\\\/10\\\/Kirby-lampenkapje-Sentria-Avalir.jpg\",\"datePublished\":\"2018-10-30T09:52:28+00:00\",\"dateModified\":\"2025-04-11T10:09:31+00:00\",\"description\":\"Casquillo L\u00e1mpara Kirby Sentria - Veltec es el proveedor de las aspiradoras Kirby desde hace m\u00e1s de 25 a\u00f1os. Y es su especialista\",\"breadcrumb\":{\"@id\":\"https:\\\/\\\/www.veltec.eu\\\/es\\\/product\\\/casquillo-lampara-kirby-sentria-nl3068\\\/#breadcrumb\"},\"inLanguage\":\"es\",\"potentialAction\":[{\"@type\":\"ReadAction\",\"target\":[\"https:\\\/\\\/www.veltec.eu\\\/es\\\/product\\\/casquillo-lampara-kirby-sentria-nl3068\\\/\"]}]},{\"@type\":\"ImageObject\",\"inLanguage\":\"es\",\"@id\":\"https:\\\/\\\/www.veltec.eu\\\/es\\\/product\\\/casquillo-lampara-kirby-sentria-nl3068\\\/#primaryimage\",\"url\":\"https:\\\/\\\/www.veltec.eu\\\/wp-content\\\/uploads\\\/2018\\\/10\\\/Kirby-lampenkapje-Sentria-Avalir.jpg\",\"contentUrl\":\"https:\\\/\\\/www.veltec.eu\\\/wp-content\\\/uploads\\\/2018\\\/10\\\/Kirby-lampenkapje-Sentria-Avalir.jpg\",\"width\":600,\"height\":600},{\"@type\":\"BreadcrumbList\",\"@id\":\"https:\\\/\\\/www.veltec.eu\\\/es\\\/product\\\/casquillo-lampara-kirby-sentria-nl3068\\\/#breadcrumb\",\"itemListElement\":[{\"@type\":\"ListItem\",\"position\":1,\"name\":\"Home\",\"item\":\"https:\\\/\\\/www.veltec.eu\\\/es\\\/\"},{\"@type\":\"ListItem\",\"position\":2,\"name\":\"Tienda Kirby\",\"item\":\"https:\\\/\\\/www.veltec.eu\\\/es\\\/tienda-kirby\\\/\"},{\"@type\":\"ListItem\",\"position\":3,\"name\":\"Casquillo L\u00e1mpara Kirby Sentria\"}]},{\"@type\":\"WebSite\",\"@id\":\"https:\\\/\\\/www.veltec.eu\\\/en\\\/#website\",\"url\":\"https:\\\/\\\/www.veltec.eu\\\/en\\\/\",\"name\":\"Veltec Kirby specialist\",\"description\":\"Kirby stofzuiger producten\",\"publisher\":{\"@id\":\"https:\\\/\\\/www.veltec.eu\\\/en\\\/#organization\"},\"potentialAction\":[{\"@type\":\"SearchAction\",\"target\":{\"@type\":\"EntryPoint\",\"urlTemplate\":\"https:\\\/\\\/www.veltec.eu\\\/en\\\/?s={search_term_string}\"},\"query-input\":{\"@type\":\"PropertyValueSpecification\",\"valueRequired\":true,\"valueName\":\"search_term_string\"}}],\"inLanguage\":\"es\"},{\"@type\":\"Organization\",\"@id\":\"https:\\\/\\\/www.veltec.eu\\\/en\\\/#organization\",\"name\":\"Veltec Kirby Specialist\",\"url\":\"https:\\\/\\\/www.veltec.eu\\\/en\\\/\",\"logo\":{\"@type\":\"ImageObject\",\"inLanguage\":\"es\",\"@id\":\"https:\\\/\\\/www.veltec.eu\\\/en\\\/#\\\/schema\\\/logo\\\/image\\\/\",\"url\":\"https:\\\/\\\/www.veltec.eu\\\/wp-content\\\/uploads\\\/2021\\\/12\\\/Veltec-log-groot-e1537260889125.png\",\"contentUrl\":\"https:\\\/\\\/www.veltec.eu\\\/wp-content\\\/uploads\\\/2021\\\/12\\\/Veltec-log-groot-e1537260889125.png\",\"width\":200,\"height\":60,\"caption\":\"Veltec Kirby Specialist\"},\"image\":{\"@id\":\"https:\\\/\\\/www.veltec.eu\\\/en\\\/#\\\/schema\\\/logo\\\/image\\\/\"},\"sameAs\":[\"https:\\\/\\\/www.facebook.com\\\/Veltec-Kirby-Specialist-236746293374877\\\/\",\"https:\\\/\\\/www.youtube.com\\\/user\\\/VeltecService\"]}]}<\/script>\n<!-- \/ Yoast SEO Premium plugin. -->","yoast_head_json":{"title":"Casquillo L\u00e1mpara Kirby Sentria - Veltec Kirby specialist","description":"Casquillo L\u00e1mpara Kirby Sentria - Veltec es el proveedor de las aspiradoras Kirby desde hace m\u00e1s de 25 a\u00f1os. Y es su especialista","robots":{"index":"index","follow":"follow","max-snippet":"max-snippet:-1","max-image-preview":"max-image-preview:large","max-video-preview":"max-video-preview:-1"},"canonical":"https:\/\/www.veltec.eu\/es\/product\/casquillo-lampara-kirby-sentria-nl3068\/","og_locale":"es_ES","og_type":"article","og_title":"Casquillo L\u00e1mpara Kirby Sentria","og_description":"Casquillo para la L\u00e1mpara Sentira.    En stock   Pedido antes de las 23:59, enviado ma\u00f1ana  &nbsp;","og_url":"https:\/\/www.veltec.eu\/es\/product\/casquillo-lampara-kirby-sentria-nl3068\/","og_site_name":"Veltec Kirby specialist","article_publisher":"https:\/\/www.facebook.com\/Veltec-Kirby-Specialist-236746293374877\/","article_modified_time":"2025-04-11T10:09:31+00:00","og_image":[{"width":600,"height":600,"url":"https:\/\/www.veltec.eu\/wp-content\/uploads\/2018\/10\/Kirby-lampenkapje-Sentria-Avalir.jpg","type":"image\/jpeg"}],"twitter_card":"summary_large_image","twitter_misc":{"Tiempo de lectura":"3 minutos"},"schema":{"@context":"https:\/\/schema.org","@graph":[{"@type":"WebPage","@id":"https:\/\/www.veltec.eu\/es\/product\/casquillo-lampara-kirby-sentria-nl3068\/","url":"https:\/\/www.veltec.eu\/es\/product\/casquillo-lampara-kirby-sentria-nl3068\/","name":"Casquillo L\u00e1mpara Kirby Sentria - Veltec Kirby specialist","isPartOf":{"@id":"https:\/\/www.veltec.eu\/en\/#website"},"primaryImageOfPage":{"@id":"https:\/\/www.veltec.eu\/es\/product\/casquillo-lampara-kirby-sentria-nl3068\/#primaryimage"},"image":{"@id":"https:\/\/www.veltec.eu\/es\/product\/casquillo-lampara-kirby-sentria-nl3068\/#primaryimage"},"thumbnailUrl":"https:\/\/www.veltec.eu\/wp-content\/uploads\/2018\/10\/Kirby-lampenkapje-Sentria-Avalir.jpg","datePublished":"2018-10-30T09:52:28+00:00","dateModified":"2025-04-11T10:09:31+00:00","description":"Casquillo L\u00e1mpara Kirby Sentria - Veltec es el proveedor de las aspiradoras Kirby desde hace m\u00e1s de 25 a\u00f1os. Y es su especialista","breadcrumb":{"@id":"https:\/\/www.veltec.eu\/es\/product\/casquillo-lampara-kirby-sentria-nl3068\/#breadcrumb"},"inLanguage":"es","potentialAction":[{"@type":"ReadAction","target":["https:\/\/www.veltec.eu\/es\/product\/casquillo-lampara-kirby-sentria-nl3068\/"]}]},{"@type":"ImageObject","inLanguage":"es","@id":"https:\/\/www.veltec.eu\/es\/product\/casquillo-lampara-kirby-sentria-nl3068\/#primaryimage","url":"https:\/\/www.veltec.eu\/wp-content\/uploads\/2018\/10\/Kirby-lampenkapje-Sentria-Avalir.jpg","contentUrl":"https:\/\/www.veltec.eu\/wp-content\/uploads\/2018\/10\/Kirby-lampenkapje-Sentria-Avalir.jpg","width":600,"height":600},{"@type":"BreadcrumbList","@id":"https:\/\/www.veltec.eu\/es\/product\/casquillo-lampara-kirby-sentria-nl3068\/#breadcrumb","itemListElement":[{"@type":"ListItem","position":1,"name":"Home","item":"https:\/\/www.veltec.eu\/es\/"},{"@type":"ListItem","position":2,"name":"Tienda Kirby","item":"https:\/\/www.veltec.eu\/es\/tienda-kirby\/"},{"@type":"ListItem","position":3,"name":"Casquillo L\u00e1mpara Kirby Sentria"}]},{"@type":"WebSite","@id":"https:\/\/www.veltec.eu\/en\/#website","url":"https:\/\/www.veltec.eu\/en\/","name":"Veltec Kirby specialist","description":"Kirby stofzuiger producten","publisher":{"@id":"https:\/\/www.veltec.eu\/en\/#organization"},"potentialAction":[{"@type":"SearchAction","target":{"@type":"EntryPoint","urlTemplate":"https:\/\/www.veltec.eu\/en\/?s={search_term_string}"},"query-input":{"@type":"PropertyValueSpecification","valueRequired":true,"valueName":"search_term_string"}}],"inLanguage":"es"},{"@type":"Organization","@id":"https:\/\/www.veltec.eu\/en\/#organization","name":"Veltec Kirby Specialist","url":"https:\/\/www.veltec.eu\/en\/","logo":{"@type":"ImageObject","inLanguage":"es","@id":"https:\/\/www.veltec.eu\/en\/#\/schema\/logo\/image\/","url":"https:\/\/www.veltec.eu\/wp-content\/uploads\/2021\/12\/Veltec-log-groot-e1537260889125.png","contentUrl":"https:\/\/www.veltec.eu\/wp-content\/uploads\/2021\/12\/Veltec-log-groot-e1537260889125.png","width":200,"height":60,"caption":"Veltec Kirby Specialist"},"image":{"@id":"https:\/\/www.veltec.eu\/en\/#\/schema\/logo\/image\/"},"sameAs":["https:\/\/www.facebook.com\/Veltec-Kirby-Specialist-236746293374877\/","https:\/\/www.youtube.com\/user\/VeltecService"]}]}},"_links":{"self":[{"href":"https:\/\/www.veltec.eu\/es\/wp-json\/wp\/v2\/product\/10177","targetHints":{"allow":["GET"]}}],"collection":[{"href":"https:\/\/www.veltec.eu\/es\/wp-json\/wp\/v2\/product"}],"about":[{"href":"https:\/\/www.veltec.eu\/es\/wp-json\/wp\/v2\/types\/product"}],"replies":[{"embeddable":true,"href":"https:\/\/www.veltec.eu\/es\/wp-json\/wp\/v2\/comments?post=10177"}],"wp:featuredmedia":[{"embeddable":true,"href":"https:\/\/www.veltec.eu\/es\/wp-json\/wp\/v2\/media\/90581"}],"wp:attachment":[{"href":"https:\/\/www.veltec.eu\/es\/wp-json\/wp\/v2\/media?parent=10177"}],"wp:term":[{"taxonomy":"product_brand","embeddable":true,"href":"https:\/\/www.veltec.eu\/es\/wp-json\/wp\/v2\/product_brand?post=10177"},{"taxonomy":"product_cat","embeddable":true,"href":"https:\/\/www.veltec.eu\/es\/wp-json\/wp\/v2\/product_cat?post=10177"},{"taxonomy":"product_tag","embeddable":true,"href":"https:\/\/www.veltec.eu\/es\/wp-json\/wp\/v2\/product_tag?post=10177"}],"curies":[{"name":"wp","href":"https:\/\/api.w.org\/{rel}","templated":true}]}}