{"id":10172,"date":"2018-10-30T11:56:28","date_gmt":"2018-10-30T09:56:28","guid":{"rendered":"https:\/\/www.veltec.eu\/kirby-webshop\/bombilla-kirby-generation-nl3069\/"},"modified":"2025-04-11T10:49:51","modified_gmt":"2025-04-11T08:49:51","slug":"bombilla-kirby-generation-nl3069","status":"publish","type":"product","link":"https:\/\/www.veltec.eu\/es\/product\/bombilla-kirby-generation-nl3069\/","title":{"rendered":"Bombilla Kirby Generation"},"content":{"rendered":"<h2>Bombilla Kirby Generation &#8211; Luces brillantes para su aspiradora Kirby<\/h2>\n<p>La Bombilla Kirby Generation es una pieza de recambio esencial para varios modelos de <a href=\"https:\/\/www.veltec.eu\/es\/aspiradora-kirby\/\">aspiradoras Kirby<\/a>. Cuando desee mantener una visi\u00f3n \u00f3ptima de la superficie a limpiar mientras aspira, esta original luz es justo lo que necesita. Gracias a su potente haz de luz, podr\u00e1 ver de un vistazo d\u00f3nde est\u00e1n el polvo y la suciedad, incluso en rincones oscuros o debajo de los muebles.<\/p>\n<h3>Apta para varios modelos Kirby<\/h3>\n<p>Una gran ventaja de la Generaci\u00f3n de Luz Kirby es su amplia compatibilidad. Esto se debe a que esta luz es adecuada para los siguientes modelos Kirby:<\/p>\n<ul data-start=\"903\" data-end=\"1085\">\n<li class=\"\" data-start=\"903\" data-end=\"930\">Kirby Generation 3 (G3)<\/li>\n<li class=\"\" data-start=\"931\" data-end=\"958\">Kirby Generation 4 (G4)<\/li>\n<li class=\"\" data-start=\"959\" data-end=\"986\">Kirby Generation 5 (G5)<\/li>\n<li class=\"\" data-start=\"987\" data-end=\"1014\">Kirby Generation 6 (G6)<\/li>\n<li class=\"\" data-start=\"1015\" data-end=\"1051\">Kirby Generation 7 Ultimate (G7)<\/li>\n<li class=\"\" data-start=\"1052\" data-end=\"1085\">Kirby Generation 8 Diamond (G8)<\/li>\n<\/ul>\n<p>Por lo tanto, si posee alguno de los modelos anteriores, puede estar seguro de que esta luz encajar\u00e1 y funcionar\u00e1 perfectamente.<\/p>\n<p>Aqu\u00ed puede encontrar todas las <a href=\"https:\/\/www.veltec.eu\/es\/luces-y-tapas-kirby\/\">Bombillas y Tapas para Aspiradoras Kirby<\/a><\/p>\n<h2>\u00bfPor qu\u00e9 elegir la Generaci\u00f3n Bombilla Kirby?<\/h2>\n<h3>Mejor visibilidad mientras aspira<\/h3>\n<p>En primer lugar, la luz Kirby garantiza una visibilidad \u00f3ptima. Esto significa que puede ver claramente d\u00f3nde ya ha aspirado y d\u00f3nde todav\u00eda hay suciedad. Especialmente al aspirar debajo de sof\u00e1s, armarios o camas, donde hay poca luz natural, esta luz realmente marca la diferencia.<\/p>\n<h3>Pieza original para mayor fiabilidad<\/h3>\n<p>Adem\u00e1s, esta luz es una pieza original Kirby, lo que significa que tiene asegurada una alta calidad y una larga vida \u00fatil. Esto significa que usted no tiene que depender de imitaciones baratas que a menudo se rompen r\u00e1pidamente o no encajan correctamente. Con esta luz, tendr\u00e1 la seguridad de una conexi\u00f3n y un funcionamiento perfectos nada m\u00e1s sacarla de la caja.<\/p>\n<h3>F\u00e1cil instalaci\u00f3n sin herramientas<\/h3>\n<p>Otra ventaja es que puede sustituir la bombilla f\u00e1cilmente usted mismo. No necesita ninguna herramienta especial para ello. Con unos sencillos movimientos, se retira la bombilla vieja y se instala la nueva. De este modo, su aspiradora vuelve a estar lista para funcionar r\u00e1pidamente, sin necesidad de llamar a un mec\u00e1nico.<\/p>\n<h2>Pida hoy la Generaci\u00f3n Bombilla Kirby<\/h2>\n<p>\u00bfEst\u00e1 buscando una luz fiable y potente para su aspiradora Kirby? Entonces elija la Bombilla Kirby Generation. Con compatibilidad con m\u00faltiples modelos, f\u00e1cil instalaci\u00f3n y un haz brillante, esta luz es una inversi\u00f3n inteligente en la longevidad y eficacia de su aspiradora.<\/p>\n<h3>Resumen:<\/h3>\n<ul>\n<li>Apta para Kirby G3 a G8<\/li>\n<li>Proporciona una luz brillante en cualquier superficie<\/li>\n<li>Pieza original Kirby &#8211; alta calidad garantizada<\/li>\n<li>F\u00e1cil de instalar<\/li>\n<li>Indispensable para una limpieza eficaz<\/li>\n<\/ul>\n<p>No espere m\u00e1s y renueve su aspiradora hoy mismo con una nueva luz Kirby. No s\u00f3lo mantendr\u00e1 su hogar limpio, \u00a1sino que tambi\u00e9n lo mantendr\u00e1 perfectamente iluminado mientras aspira!<\/p>\n","protected":false},"excerpt":{"rendered":"<p>Bombilla para la Generation. Apta para Kirby G3 a G8<\/p>\n[trustindex data-widget-id=48bbd87242952812953642309d4]\n<h3><span style=\"color: #008000;\"><br \/>\nEn stock<\/span><\/h3>\n[av_font_icon icon='ue812' font='entypo-fontello' style='' caption='' size='25px' position='left' color='#43ad66' link='' linktarget='' title_attr='' sonar_effect_effect='' sonar_effect_color='' sonar_effect_duration='1' sonar_effect_scale='' sonar_effect_opac='0.5' animation='' id='' custom_class='' template_class='' av_uid='' sc_version='1.0' admin_preview_bg=''][\/av_font_icon]\n<p><span style=\"color: #008000;\">Pedido antes de las 23:59, enviado ma\u00f1ana<\/span><\/p>\n<p>&nbsp;<\/p>\n","protected":false},"featured_media":90615,"comment_status":"open","ping_status":"closed","template":"","meta":{"_acf_changed":false},"product_brand":[],"product_cat":[302],"product_tag":[],"class_list":{"0":"post-10172","1":"product","2":"type-product","3":"status-publish","4":"has-post-thumbnail","6":"product_cat-luces-y-tapas-kirby","7":"product_shipping_class-klein-es","9":"first","10":"instock","11":"taxable","12":"shipping-taxable","13":"purchasable","14":"product-type-simple"},"acf":[],"yoast_head":"<!-- This site is optimized with the Yoast SEO Premium plugin v27.1 (Yoast SEO v27.4) - https:\/\/yoast.com\/product\/yoast-seo-premium-wordpress\/ -->\n<title>Bombilla Kirby Generation - Veltec Kirby specialist<\/title>\n<meta name=\"description\" content=\"Bombilla Kirby Generation - Veltec es el proveedor de las aspiradoras Kirby desde hace m\u00e1s de 25 a\u00f1os. Y es su especialista en servicio Kirby\" \/>\n<meta name=\"robots\" content=\"index, follow, max-snippet:-1, max-image-preview:large, max-video-preview:-1\" \/>\n<link rel=\"canonical\" href=\"https:\/\/www.veltec.eu\/es\/product\/bombilla-kirby-generation-nl3069\/\" \/>\n<meta property=\"og:locale\" content=\"es_ES\" \/>\n<meta property=\"og:type\" content=\"article\" \/>\n<meta property=\"og:title\" content=\"Bombilla Kirby Generation\" \/>\n<meta property=\"og:description\" content=\"Bombilla para la Generation. Apta para Kirby G3 a G8    En stock   Pedido antes de las 23:59, enviado ma\u00f1ana  &nbsp;\" \/>\n<meta property=\"og:url\" content=\"https:\/\/www.veltec.eu\/es\/product\/bombilla-kirby-generation-nl3069\/\" \/>\n<meta property=\"og:site_name\" content=\"Veltec Kirby specialist\" \/>\n<meta property=\"article:publisher\" content=\"https:\/\/www.facebook.com\/Veltec-Kirby-Specialist-236746293374877\/\" \/>\n<meta property=\"article:modified_time\" content=\"2025-04-11T08:49:51+00:00\" \/>\n<meta property=\"og:image\" content=\"https:\/\/www.veltec.eu\/wp-content\/uploads\/2018\/10\/Kirby-lampje.jpeg\" \/>\n\t<meta property=\"og:image:width\" content=\"1002\" \/>\n\t<meta property=\"og:image:height\" content=\"1002\" \/>\n\t<meta property=\"og:image:type\" content=\"image\/jpeg\" \/>\n<meta name=\"twitter:card\" content=\"summary_large_image\" \/>\n<meta name=\"twitter:label1\" content=\"Tiempo de lectura\" \/>\n\t<meta name=\"twitter:data1\" content=\"3 minutos\" \/>\n<script type=\"application\/ld+json\" class=\"yoast-schema-graph\">{\"@context\":\"https:\\\/\\\/schema.org\",\"@graph\":[{\"@type\":\"WebPage\",\"@id\":\"https:\\\/\\\/www.veltec.eu\\\/es\\\/product\\\/bombilla-kirby-generation-nl3069\\\/\",\"url\":\"https:\\\/\\\/www.veltec.eu\\\/es\\\/product\\\/bombilla-kirby-generation-nl3069\\\/\",\"name\":\"Bombilla Kirby Generation - Veltec Kirby specialist\",\"isPartOf\":{\"@id\":\"https:\\\/\\\/www.veltec.eu\\\/en\\\/#website\"},\"primaryImageOfPage\":{\"@id\":\"https:\\\/\\\/www.veltec.eu\\\/es\\\/product\\\/bombilla-kirby-generation-nl3069\\\/#primaryimage\"},\"image\":{\"@id\":\"https:\\\/\\\/www.veltec.eu\\\/es\\\/product\\\/bombilla-kirby-generation-nl3069\\\/#primaryimage\"},\"thumbnailUrl\":\"https:\\\/\\\/www.veltec.eu\\\/wp-content\\\/uploads\\\/2018\\\/10\\\/Kirby-lampje-generation.jpg\",\"datePublished\":\"2018-10-30T09:56:28+00:00\",\"dateModified\":\"2025-04-11T08:49:51+00:00\",\"description\":\"Bombilla Kirby Generation - Veltec es el proveedor de las aspiradoras Kirby desde hace m\u00e1s de 25 a\u00f1os. Y es su especialista en servicio Kirby\",\"breadcrumb\":{\"@id\":\"https:\\\/\\\/www.veltec.eu\\\/es\\\/product\\\/bombilla-kirby-generation-nl3069\\\/#breadcrumb\"},\"inLanguage\":\"es\",\"potentialAction\":[{\"@type\":\"ReadAction\",\"target\":[\"https:\\\/\\\/www.veltec.eu\\\/es\\\/product\\\/bombilla-kirby-generation-nl3069\\\/\"]}]},{\"@type\":\"ImageObject\",\"inLanguage\":\"es\",\"@id\":\"https:\\\/\\\/www.veltec.eu\\\/es\\\/product\\\/bombilla-kirby-generation-nl3069\\\/#primaryimage\",\"url\":\"https:\\\/\\\/www.veltec.eu\\\/wp-content\\\/uploads\\\/2018\\\/10\\\/Kirby-lampje-generation.jpg\",\"contentUrl\":\"https:\\\/\\\/www.veltec.eu\\\/wp-content\\\/uploads\\\/2018\\\/10\\\/Kirby-lampje-generation.jpg\",\"width\":600,\"height\":600},{\"@type\":\"BreadcrumbList\",\"@id\":\"https:\\\/\\\/www.veltec.eu\\\/es\\\/product\\\/bombilla-kirby-generation-nl3069\\\/#breadcrumb\",\"itemListElement\":[{\"@type\":\"ListItem\",\"position\":1,\"name\":\"Home\",\"item\":\"https:\\\/\\\/www.veltec.eu\\\/es\\\/\"},{\"@type\":\"ListItem\",\"position\":2,\"name\":\"Tienda Kirby\",\"item\":\"https:\\\/\\\/www.veltec.eu\\\/es\\\/tienda-kirby\\\/\"},{\"@type\":\"ListItem\",\"position\":3,\"name\":\"Bombilla Kirby Generation\"}]},{\"@type\":\"WebSite\",\"@id\":\"https:\\\/\\\/www.veltec.eu\\\/en\\\/#website\",\"url\":\"https:\\\/\\\/www.veltec.eu\\\/en\\\/\",\"name\":\"Veltec Kirby specialist\",\"description\":\"Kirby stofzuiger producten\",\"publisher\":{\"@id\":\"https:\\\/\\\/www.veltec.eu\\\/en\\\/#organization\"},\"potentialAction\":[{\"@type\":\"SearchAction\",\"target\":{\"@type\":\"EntryPoint\",\"urlTemplate\":\"https:\\\/\\\/www.veltec.eu\\\/en\\\/?s={search_term_string}\"},\"query-input\":{\"@type\":\"PropertyValueSpecification\",\"valueRequired\":true,\"valueName\":\"search_term_string\"}}],\"inLanguage\":\"es\"},{\"@type\":\"Organization\",\"@id\":\"https:\\\/\\\/www.veltec.eu\\\/en\\\/#organization\",\"name\":\"Veltec Kirby Specialist\",\"url\":\"https:\\\/\\\/www.veltec.eu\\\/en\\\/\",\"logo\":{\"@type\":\"ImageObject\",\"inLanguage\":\"es\",\"@id\":\"https:\\\/\\\/www.veltec.eu\\\/en\\\/#\\\/schema\\\/logo\\\/image\\\/\",\"url\":\"https:\\\/\\\/www.veltec.eu\\\/wp-content\\\/uploads\\\/2021\\\/12\\\/Veltec-log-groot-e1537260889125.png\",\"contentUrl\":\"https:\\\/\\\/www.veltec.eu\\\/wp-content\\\/uploads\\\/2021\\\/12\\\/Veltec-log-groot-e1537260889125.png\",\"width\":200,\"height\":60,\"caption\":\"Veltec Kirby Specialist\"},\"image\":{\"@id\":\"https:\\\/\\\/www.veltec.eu\\\/en\\\/#\\\/schema\\\/logo\\\/image\\\/\"},\"sameAs\":[\"https:\\\/\\\/www.facebook.com\\\/Veltec-Kirby-Specialist-236746293374877\\\/\",\"https:\\\/\\\/www.youtube.com\\\/user\\\/VeltecService\"]}]}<\/script>\n<!-- \/ Yoast SEO Premium plugin. -->","yoast_head_json":{"title":"Bombilla Kirby Generation - Veltec Kirby specialist","description":"Bombilla Kirby Generation - Veltec es el proveedor de las aspiradoras Kirby desde hace m\u00e1s de 25 a\u00f1os. Y es su especialista en servicio Kirby","robots":{"index":"index","follow":"follow","max-snippet":"max-snippet:-1","max-image-preview":"max-image-preview:large","max-video-preview":"max-video-preview:-1"},"canonical":"https:\/\/www.veltec.eu\/es\/product\/bombilla-kirby-generation-nl3069\/","og_locale":"es_ES","og_type":"article","og_title":"Bombilla Kirby Generation","og_description":"Bombilla para la Generation. Apta para Kirby G3 a G8    En stock   Pedido antes de las 23:59, enviado ma\u00f1ana  &nbsp;","og_url":"https:\/\/www.veltec.eu\/es\/product\/bombilla-kirby-generation-nl3069\/","og_site_name":"Veltec Kirby specialist","article_publisher":"https:\/\/www.facebook.com\/Veltec-Kirby-Specialist-236746293374877\/","article_modified_time":"2025-04-11T08:49:51+00:00","og_image":[{"width":1002,"height":1002,"url":"https:\/\/www.veltec.eu\/wp-content\/uploads\/2018\/10\/Kirby-lampje.jpeg","type":"image\/jpeg"}],"twitter_card":"summary_large_image","twitter_misc":{"Tiempo de lectura":"3 minutos"},"schema":{"@context":"https:\/\/schema.org","@graph":[{"@type":"WebPage","@id":"https:\/\/www.veltec.eu\/es\/product\/bombilla-kirby-generation-nl3069\/","url":"https:\/\/www.veltec.eu\/es\/product\/bombilla-kirby-generation-nl3069\/","name":"Bombilla Kirby Generation - Veltec Kirby specialist","isPartOf":{"@id":"https:\/\/www.veltec.eu\/en\/#website"},"primaryImageOfPage":{"@id":"https:\/\/www.veltec.eu\/es\/product\/bombilla-kirby-generation-nl3069\/#primaryimage"},"image":{"@id":"https:\/\/www.veltec.eu\/es\/product\/bombilla-kirby-generation-nl3069\/#primaryimage"},"thumbnailUrl":"https:\/\/www.veltec.eu\/wp-content\/uploads\/2018\/10\/Kirby-lampje-generation.jpg","datePublished":"2018-10-30T09:56:28+00:00","dateModified":"2025-04-11T08:49:51+00:00","description":"Bombilla Kirby Generation - Veltec es el proveedor de las aspiradoras Kirby desde hace m\u00e1s de 25 a\u00f1os. Y es su especialista en servicio Kirby","breadcrumb":{"@id":"https:\/\/www.veltec.eu\/es\/product\/bombilla-kirby-generation-nl3069\/#breadcrumb"},"inLanguage":"es","potentialAction":[{"@type":"ReadAction","target":["https:\/\/www.veltec.eu\/es\/product\/bombilla-kirby-generation-nl3069\/"]}]},{"@type":"ImageObject","inLanguage":"es","@id":"https:\/\/www.veltec.eu\/es\/product\/bombilla-kirby-generation-nl3069\/#primaryimage","url":"https:\/\/www.veltec.eu\/wp-content\/uploads\/2018\/10\/Kirby-lampje-generation.jpg","contentUrl":"https:\/\/www.veltec.eu\/wp-content\/uploads\/2018\/10\/Kirby-lampje-generation.jpg","width":600,"height":600},{"@type":"BreadcrumbList","@id":"https:\/\/www.veltec.eu\/es\/product\/bombilla-kirby-generation-nl3069\/#breadcrumb","itemListElement":[{"@type":"ListItem","position":1,"name":"Home","item":"https:\/\/www.veltec.eu\/es\/"},{"@type":"ListItem","position":2,"name":"Tienda Kirby","item":"https:\/\/www.veltec.eu\/es\/tienda-kirby\/"},{"@type":"ListItem","position":3,"name":"Bombilla Kirby Generation"}]},{"@type":"WebSite","@id":"https:\/\/www.veltec.eu\/en\/#website","url":"https:\/\/www.veltec.eu\/en\/","name":"Veltec Kirby specialist","description":"Kirby stofzuiger producten","publisher":{"@id":"https:\/\/www.veltec.eu\/en\/#organization"},"potentialAction":[{"@type":"SearchAction","target":{"@type":"EntryPoint","urlTemplate":"https:\/\/www.veltec.eu\/en\/?s={search_term_string}"},"query-input":{"@type":"PropertyValueSpecification","valueRequired":true,"valueName":"search_term_string"}}],"inLanguage":"es"},{"@type":"Organization","@id":"https:\/\/www.veltec.eu\/en\/#organization","name":"Veltec Kirby Specialist","url":"https:\/\/www.veltec.eu\/en\/","logo":{"@type":"ImageObject","inLanguage":"es","@id":"https:\/\/www.veltec.eu\/en\/#\/schema\/logo\/image\/","url":"https:\/\/www.veltec.eu\/wp-content\/uploads\/2021\/12\/Veltec-log-groot-e1537260889125.png","contentUrl":"https:\/\/www.veltec.eu\/wp-content\/uploads\/2021\/12\/Veltec-log-groot-e1537260889125.png","width":200,"height":60,"caption":"Veltec Kirby Specialist"},"image":{"@id":"https:\/\/www.veltec.eu\/en\/#\/schema\/logo\/image\/"},"sameAs":["https:\/\/www.facebook.com\/Veltec-Kirby-Specialist-236746293374877\/","https:\/\/www.youtube.com\/user\/VeltecService"]}]}},"_links":{"self":[{"href":"https:\/\/www.veltec.eu\/es\/wp-json\/wp\/v2\/product\/10172","targetHints":{"allow":["GET"]}}],"collection":[{"href":"https:\/\/www.veltec.eu\/es\/wp-json\/wp\/v2\/product"}],"about":[{"href":"https:\/\/www.veltec.eu\/es\/wp-json\/wp\/v2\/types\/product"}],"replies":[{"embeddable":true,"href":"https:\/\/www.veltec.eu\/es\/wp-json\/wp\/v2\/comments?post=10172"}],"wp:featuredmedia":[{"embeddable":true,"href":"https:\/\/www.veltec.eu\/es\/wp-json\/wp\/v2\/media\/90615"}],"wp:attachment":[{"href":"https:\/\/www.veltec.eu\/es\/wp-json\/wp\/v2\/media?parent=10172"}],"wp:term":[{"taxonomy":"product_brand","embeddable":true,"href":"https:\/\/www.veltec.eu\/es\/wp-json\/wp\/v2\/product_brand?post=10172"},{"taxonomy":"product_cat","embeddable":true,"href":"https:\/\/www.veltec.eu\/es\/wp-json\/wp\/v2\/product_cat?post=10172"},{"taxonomy":"product_tag","embeddable":true,"href":"https:\/\/www.veltec.eu\/es\/wp-json\/wp\/v2\/product_tag?post=10172"}],"curies":[{"name":"wp","href":"https:\/\/api.w.org\/{rel}","templated":true}]}}