{"id":10162,"date":"2018-10-30T12:08:30","date_gmt":"2018-10-30T10:08:30","guid":{"rendered":"https:\/\/www.veltec.eu\/kirby-webshop\/ruedas-delanteras-kirby-2x-nl3135\/"},"modified":"2025-11-12T20:17:01","modified_gmt":"2025-11-12T18:17:01","slug":"ruedas-delanteras-kirby-2x-nl3135","status":"publish","type":"product","link":"https:\/\/www.veltec.eu\/es\/product\/ruedas-delanteras-kirby-2x-nl3135\/","title":{"rendered":"Ruedas Delanteras Kirby 2x"},"content":{"rendered":"<h1>Ruedas Delanteras Kirby 2x<\/h1>\n<p>&nbsp;<\/p>\n<p>2x Ruedas delanteras para eje delantero Kirby. (sin cubiertas).<\/p>\n<p>Estas ruedas delanteras son adecuados para cada aspiradora Kirby;<\/p>\n<ul>\n<li>Sentria II (G10D)<\/li>\n<li>Sentria (G10)<\/li>\n<li>Ultimate G Diamond Ed.(G7D or DE)<\/li>\n<li>Ultimate G (G7 or UG)<\/li>\n<li>Generation 6 (G6)<\/li>\n<li>Generation 5 (G5)<\/li>\n<li>Generation 4 (G4)<\/li>\n<li>Generation 3 (G3)<\/li>\n<\/ul>\n<div class=\"mb-2 flex gap-3 empty:hidden -ml-2\">\n<div class=\"items-center justify-start rounded-xl p-1 flex\">\n<div class=\"flex items-center\">\n<div class=\"flex items-center pb-0\">\n<h2>Ruedas Delanteras Kirby 2x &#8211; Para un Movimiento Suave y Estable<\/h2>\n<p>Est\u00e1 buscando nuevas ruedas delanteras para su aspiradora Kirby? Entonces las Ruedas Delanteras Kirby son justo lo que necesita. Este juego de dos ruedas delanteras est\u00e1 especialmente dise\u00f1ado para que su aspiradora vuelva a moverse de forma suave y estable.<\/p>\n<p>Con el uso intensivo de una aspiradora, las ruedas delanteras pueden desgastarse, lo que puede dificultar las maniobras y posiblemente da\u00f1ar el suelo. Si sustituye las ruedas desgastadas a tiempo, se asegurar\u00e1 de que su aspiradora Kirby siga funcionando de forma \u00f3ptima.<\/p>\n<p>Encuentre todas las <a href=\"https:\/\/www.veltec.eu\/es\/ruedas-accesorios-kirby\/\">ruedas y accesorios Kirby<\/a> aqu\u00ed<\/p>\n<h3>Por qu\u00e9 sustituir las Ruedas Delanteras Kirby 2x?<\/h3>\n<p>Con el tiempo, las ruedas delanteras de su aspiradora Kirby pueden desgastarse por el uso diario. Esto puede causar varios inconvenientes<\/p>\n<ul>\n<li>Menor maniobrabilidad &#8211; Las ruedas desgastadas pueden dificultar el movimiento suave de la aspiradora.<\/li>\n<li>Riesgo de ara\u00f1azos &#8211; Las ruedas da\u00f1adas o desgastadas pueden ara\u00f1ar los suelos delicados.<\/li>\n<li>Potencia de succi\u00f3n desigual &#8211; Una aspiradora con ruedas desgastadas puede afectar a la potencia de succi\u00f3n.<\/li>\n<\/ul>\n<p>Con las Ruedas Delanteras Kirby puede evitar f\u00e1cilmente estos problemas y mantener su aspiradora en las mejores condiciones.<\/p>\n<h2>Caracter\u00edsticas de las Ruedas Delanteras Kirby 2x<\/h2>\n<p>Estas ruedas delanteras originales Kirby ofrecen varios beneficios que contribuyen a una experiencia de aspirado \u00f3ptima.<\/p>\n<h3>\u2714 Ajuste perfecto para su aspiradora Kirby<\/h3>\n<p>Las Ruedas Delanteras Kirby est\u00e1n dise\u00f1adas espec\u00edficamente para los modelos Kirby. Como resultado, encajan perfectamente en el eje delantero y garantizan un movimiento estable y suave.<\/p>\n<h3>\u2714 Material duradero y resistente al desgaste<\/h3>\n<p>Estas ruedas est\u00e1n fabricadas en pl\u00e1stico de alta calidad, lo que les confiere una larga vida \u00fatil. Como resultado, tendr\u00e1 que preocuparse menos por el r\u00e1pido desgaste.<\/p>\n<h3>\u2714 F\u00e1cil instalaci\u00f3n sin herramientas<\/h3>\n<p>Usted mismo puede sustituir f\u00e1cilmente las Ruedas Delanteras Kirby, sin necesidad de herramientas complicadas. Esto no s\u00f3lo ahorra tiempo, sino tambi\u00e9n costes adicionales de reparaci\u00f3n.<\/p>\n<h2>C\u00f3mo se sustituyen las ruedas delanteras Kirby?<\/h2>\n<p>Sustituir las ruedas delanteras Kirby es un proceso sencillo que s\u00f3lo lleva unos minutos.<\/p>\n<ol>\n<li>Apague la aspiradora y desench\u00fafela para mayor seguridad.<\/li>\n<li>Coloque la aspiradora de lado de modo que el eje delantero sea claramente visible.<\/li>\n<li>Retire con cuidado las ruedas viejas tirando de ellas o desenrosc\u00e1ndolas (seg\u00fan el modelo).<\/li>\n<li>Coloque las nuevas ruedas delanteras Kirby y presi\u00f3nelas firmemente en su sitio.<\/li>\n<li>Compruebe la fijaci\u00f3n y si las ruedas giran suavemente.<\/li>\n<\/ol>\n<p>Despu\u00e9s de estos sencillos pasos, su aspiradora Kirby podr\u00e1 volver a moverse suavemente por el suelo.<\/p>\n<h2>Pida hoy mismo sus Ruedas Delanteras Kirby 2x!<\/h2>\n<p>Quiere que su aspiradora Kirby vuelva a funcionar como nueva? Entonces pida ahora las Ruedas Delanteras Kirby 2x y experimente la diferencia inmediatamente. Con una entrega r\u00e1pida y un proceso de instalaci\u00f3n sencillo, volver\u00e1 a tener una aspiradora que funciona perfectamente en muy poco tiempo.<\/p>\n<p data-start=\"3204\" data-end=\"3394\" data-is-last-node=\"\">\n<\/div>\n<\/div>\n<\/div>\n<\/div>\n","protected":false},"excerpt":{"rendered":"<p>2 ruedas delanteras para el eje delantero de Kirby, sin tapas.<\/p>\n[trustindex data-widget-id=48bbd87242952812953642309d4]\n<h3><span style=\"color: #008000;\"><br \/>\nEn stock<\/span><\/h3>\n[av_font_icon icon='ue812' font='entypo-fontello' style='' caption='' size='25px' position='left' color='#43ad66' link='' linktarget='' title_attr='' sonar_effect_effect='' sonar_effect_color='' sonar_effect_duration='1' sonar_effect_scale='' sonar_effect_opac='0.5' animation='' id='' custom_class='' template_class='' av_uid='' sc_version='1.0' admin_preview_bg=''][\/av_font_icon]\n<p><span style=\"color: #008000;\">Pedido antes de las 23:59, enviado ma\u00f1ana<\/span><\/p>\n<p>&nbsp;<\/p>\n","protected":false},"featured_media":9512,"comment_status":"open","ping_status":"closed","template":"","meta":[],"product_brand":[],"product_cat":[297],"product_tag":[],"class_list":{"0":"post-10162","1":"product","2":"type-product","3":"status-publish","4":"has-post-thumbnail","6":"product_cat-ruedas-accesorios-kirby","7":"product_shipping_class-klein-es","9":"first","10":"instock","11":"taxable","12":"shipping-taxable","13":"purchasable","14":"product-type-simple"},"yoast_head":"<!-- This site is optimized with the Yoast SEO Premium plugin v27.1 (Yoast SEO v27.4) - https:\/\/yoast.com\/product\/yoast-seo-premium-wordpress\/ -->\n<title>Ruedas Delanteras Kirby 2x - Veltec Kirby specialist<\/title>\n<meta name=\"description\" content=\"Ruedas Delanteras Kirby 2x - Veltec es el proveedor de las aspiradoras Kirby desde hace m\u00e1s de 25 a\u00f1os. Y es su especialista en servicio Kirby\" \/>\n<meta name=\"robots\" content=\"index, follow, max-snippet:-1, max-image-preview:large, max-video-preview:-1\" \/>\n<link rel=\"canonical\" href=\"https:\/\/www.veltec.eu\/es\/product\/ruedas-delanteras-kirby-2x-nl3135\/\" \/>\n<meta property=\"og:locale\" content=\"es_ES\" \/>\n<meta property=\"og:type\" content=\"article\" \/>\n<meta property=\"og:title\" content=\"Ruedas Delanteras Kirby 2x\" \/>\n<meta property=\"og:description\" content=\"2 ruedas delanteras para el eje delantero de Kirby, sin tapas.    En stock   Pedido antes de las 23:59, enviado ma\u00f1ana  &nbsp;\" \/>\n<meta property=\"og:url\" content=\"https:\/\/www.veltec.eu\/es\/product\/ruedas-delanteras-kirby-2x-nl3135\/\" \/>\n<meta property=\"og:site_name\" content=\"Veltec Kirby specialist\" \/>\n<meta property=\"article:publisher\" content=\"https:\/\/www.facebook.com\/Veltec-Kirby-Specialist-236746293374877\/\" \/>\n<meta property=\"article:modified_time\" content=\"2025-11-12T18:17:01+00:00\" \/>\n<meta property=\"og:image\" content=\"https:\/\/www.veltec.eu\/wp-content\/uploads\/2018\/10\/voorwieltjes_2x_.jpg\" \/>\n\t<meta property=\"og:image:width\" content=\"300\" \/>\n\t<meta property=\"og:image:height\" content=\"300\" \/>\n\t<meta property=\"og:image:type\" content=\"image\/jpeg\" \/>\n<meta name=\"twitter:card\" content=\"summary_large_image\" \/>\n<meta name=\"twitter:label1\" content=\"Tiempo de lectura\" \/>\n\t<meta name=\"twitter:data1\" content=\"3 minutos\" \/>\n<script type=\"application\/ld+json\" class=\"yoast-schema-graph\">{\"@context\":\"https:\\\/\\\/schema.org\",\"@graph\":[{\"@type\":\"WebPage\",\"@id\":\"https:\\\/\\\/www.veltec.eu\\\/es\\\/product\\\/ruedas-delanteras-kirby-2x-nl3135\\\/\",\"url\":\"https:\\\/\\\/www.veltec.eu\\\/es\\\/product\\\/ruedas-delanteras-kirby-2x-nl3135\\\/\",\"name\":\"Ruedas Delanteras Kirby 2x - Veltec Kirby specialist\",\"isPartOf\":{\"@id\":\"https:\\\/\\\/www.veltec.eu\\\/en\\\/#website\"},\"primaryImageOfPage\":{\"@id\":\"https:\\\/\\\/www.veltec.eu\\\/es\\\/product\\\/ruedas-delanteras-kirby-2x-nl3135\\\/#primaryimage\"},\"image\":{\"@id\":\"https:\\\/\\\/www.veltec.eu\\\/es\\\/product\\\/ruedas-delanteras-kirby-2x-nl3135\\\/#primaryimage\"},\"thumbnailUrl\":\"https:\\\/\\\/www.veltec.eu\\\/wp-content\\\/uploads\\\/2018\\\/10\\\/voorwieltjes_2x_.jpg\",\"datePublished\":\"2018-10-30T10:08:30+00:00\",\"dateModified\":\"2025-11-12T18:17:01+00:00\",\"description\":\"Ruedas Delanteras Kirby 2x - Veltec es el proveedor de las aspiradoras Kirby desde hace m\u00e1s de 25 a\u00f1os. Y es su especialista en servicio Kirby\",\"breadcrumb\":{\"@id\":\"https:\\\/\\\/www.veltec.eu\\\/es\\\/product\\\/ruedas-delanteras-kirby-2x-nl3135\\\/#breadcrumb\"},\"inLanguage\":\"es\",\"potentialAction\":[{\"@type\":\"ReadAction\",\"target\":[\"https:\\\/\\\/www.veltec.eu\\\/es\\\/product\\\/ruedas-delanteras-kirby-2x-nl3135\\\/\"]}]},{\"@type\":\"ImageObject\",\"inLanguage\":\"es\",\"@id\":\"https:\\\/\\\/www.veltec.eu\\\/es\\\/product\\\/ruedas-delanteras-kirby-2x-nl3135\\\/#primaryimage\",\"url\":\"https:\\\/\\\/www.veltec.eu\\\/wp-content\\\/uploads\\\/2018\\\/10\\\/voorwieltjes_2x_.jpg\",\"contentUrl\":\"https:\\\/\\\/www.veltec.eu\\\/wp-content\\\/uploads\\\/2018\\\/10\\\/voorwieltjes_2x_.jpg\",\"width\":300,\"height\":300},{\"@type\":\"BreadcrumbList\",\"@id\":\"https:\\\/\\\/www.veltec.eu\\\/es\\\/product\\\/ruedas-delanteras-kirby-2x-nl3135\\\/#breadcrumb\",\"itemListElement\":[{\"@type\":\"ListItem\",\"position\":1,\"name\":\"Home\",\"item\":\"https:\\\/\\\/www.veltec.eu\\\/es\\\/\"},{\"@type\":\"ListItem\",\"position\":2,\"name\":\"Produits\",\"item\":\"https:\\\/\\\/www.veltec.eu\\\/fr\\\/shop\\\/\"},{\"@type\":\"ListItem\",\"position\":3,\"name\":\"Ruedas Delanteras Kirby 2x\"}]},{\"@type\":\"WebSite\",\"@id\":\"https:\\\/\\\/www.veltec.eu\\\/en\\\/#website\",\"url\":\"https:\\\/\\\/www.veltec.eu\\\/en\\\/\",\"name\":\"Veltec Kirby specialist\",\"description\":\"Kirby stofzuiger producten\",\"publisher\":{\"@id\":\"https:\\\/\\\/www.veltec.eu\\\/en\\\/#organization\"},\"potentialAction\":[{\"@type\":\"SearchAction\",\"target\":{\"@type\":\"EntryPoint\",\"urlTemplate\":\"https:\\\/\\\/www.veltec.eu\\\/en\\\/?s={search_term_string}\"},\"query-input\":{\"@type\":\"PropertyValueSpecification\",\"valueRequired\":true,\"valueName\":\"search_term_string\"}}],\"inLanguage\":\"es\"},{\"@type\":\"Organization\",\"@id\":\"https:\\\/\\\/www.veltec.eu\\\/en\\\/#organization\",\"name\":\"Veltec Kirby Specialist\",\"url\":\"https:\\\/\\\/www.veltec.eu\\\/en\\\/\",\"logo\":{\"@type\":\"ImageObject\",\"inLanguage\":\"es\",\"@id\":\"https:\\\/\\\/www.veltec.eu\\\/en\\\/#\\\/schema\\\/logo\\\/image\\\/\",\"url\":\"https:\\\/\\\/www.veltec.eu\\\/wp-content\\\/uploads\\\/2021\\\/12\\\/Veltec-log-groot-e1537260889125.png\",\"contentUrl\":\"https:\\\/\\\/www.veltec.eu\\\/wp-content\\\/uploads\\\/2021\\\/12\\\/Veltec-log-groot-e1537260889125.png\",\"width\":200,\"height\":60,\"caption\":\"Veltec Kirby Specialist\"},\"image\":{\"@id\":\"https:\\\/\\\/www.veltec.eu\\\/en\\\/#\\\/schema\\\/logo\\\/image\\\/\"},\"sameAs\":[\"https:\\\/\\\/www.facebook.com\\\/Veltec-Kirby-Specialist-236746293374877\\\/\",\"https:\\\/\\\/www.youtube.com\\\/user\\\/VeltecService\"]}]}<\/script>\n<!-- \/ Yoast SEO Premium plugin. -->","yoast_head_json":{"title":"Ruedas Delanteras Kirby 2x - Veltec Kirby specialist","description":"Ruedas Delanteras Kirby 2x - Veltec es el proveedor de las aspiradoras Kirby desde hace m\u00e1s de 25 a\u00f1os. Y es su especialista en servicio Kirby","robots":{"index":"index","follow":"follow","max-snippet":"max-snippet:-1","max-image-preview":"max-image-preview:large","max-video-preview":"max-video-preview:-1"},"canonical":"https:\/\/www.veltec.eu\/es\/product\/ruedas-delanteras-kirby-2x-nl3135\/","og_locale":"es_ES","og_type":"article","og_title":"Ruedas Delanteras Kirby 2x","og_description":"2 ruedas delanteras para el eje delantero de Kirby, sin tapas.    En stock   Pedido antes de las 23:59, enviado ma\u00f1ana  &nbsp;","og_url":"https:\/\/www.veltec.eu\/es\/product\/ruedas-delanteras-kirby-2x-nl3135\/","og_site_name":"Veltec Kirby specialist","article_publisher":"https:\/\/www.facebook.com\/Veltec-Kirby-Specialist-236746293374877\/","article_modified_time":"2025-11-12T18:17:01+00:00","og_image":[{"width":300,"height":300,"url":"https:\/\/www.veltec.eu\/wp-content\/uploads\/2018\/10\/voorwieltjes_2x_.jpg","type":"image\/jpeg"}],"twitter_card":"summary_large_image","twitter_misc":{"Tiempo de lectura":"3 minutos"},"schema":{"@context":"https:\/\/schema.org","@graph":[{"@type":"WebPage","@id":"https:\/\/www.veltec.eu\/es\/product\/ruedas-delanteras-kirby-2x-nl3135\/","url":"https:\/\/www.veltec.eu\/es\/product\/ruedas-delanteras-kirby-2x-nl3135\/","name":"Ruedas Delanteras Kirby 2x - Veltec Kirby specialist","isPartOf":{"@id":"https:\/\/www.veltec.eu\/en\/#website"},"primaryImageOfPage":{"@id":"https:\/\/www.veltec.eu\/es\/product\/ruedas-delanteras-kirby-2x-nl3135\/#primaryimage"},"image":{"@id":"https:\/\/www.veltec.eu\/es\/product\/ruedas-delanteras-kirby-2x-nl3135\/#primaryimage"},"thumbnailUrl":"https:\/\/www.veltec.eu\/wp-content\/uploads\/2018\/10\/voorwieltjes_2x_.jpg","datePublished":"2018-10-30T10:08:30+00:00","dateModified":"2025-11-12T18:17:01+00:00","description":"Ruedas Delanteras Kirby 2x - Veltec es el proveedor de las aspiradoras Kirby desde hace m\u00e1s de 25 a\u00f1os. Y es su especialista en servicio Kirby","breadcrumb":{"@id":"https:\/\/www.veltec.eu\/es\/product\/ruedas-delanteras-kirby-2x-nl3135\/#breadcrumb"},"inLanguage":"es","potentialAction":[{"@type":"ReadAction","target":["https:\/\/www.veltec.eu\/es\/product\/ruedas-delanteras-kirby-2x-nl3135\/"]}]},{"@type":"ImageObject","inLanguage":"es","@id":"https:\/\/www.veltec.eu\/es\/product\/ruedas-delanteras-kirby-2x-nl3135\/#primaryimage","url":"https:\/\/www.veltec.eu\/wp-content\/uploads\/2018\/10\/voorwieltjes_2x_.jpg","contentUrl":"https:\/\/www.veltec.eu\/wp-content\/uploads\/2018\/10\/voorwieltjes_2x_.jpg","width":300,"height":300},{"@type":"BreadcrumbList","@id":"https:\/\/www.veltec.eu\/es\/product\/ruedas-delanteras-kirby-2x-nl3135\/#breadcrumb","itemListElement":[{"@type":"ListItem","position":1,"name":"Home","item":"https:\/\/www.veltec.eu\/es\/"},{"@type":"ListItem","position":2,"name":"Produits","item":"https:\/\/www.veltec.eu\/fr\/shop\/"},{"@type":"ListItem","position":3,"name":"Ruedas Delanteras Kirby 2x"}]},{"@type":"WebSite","@id":"https:\/\/www.veltec.eu\/en\/#website","url":"https:\/\/www.veltec.eu\/en\/","name":"Veltec Kirby specialist","description":"Kirby stofzuiger producten","publisher":{"@id":"https:\/\/www.veltec.eu\/en\/#organization"},"potentialAction":[{"@type":"SearchAction","target":{"@type":"EntryPoint","urlTemplate":"https:\/\/www.veltec.eu\/en\/?s={search_term_string}"},"query-input":{"@type":"PropertyValueSpecification","valueRequired":true,"valueName":"search_term_string"}}],"inLanguage":"es"},{"@type":"Organization","@id":"https:\/\/www.veltec.eu\/en\/#organization","name":"Veltec Kirby Specialist","url":"https:\/\/www.veltec.eu\/en\/","logo":{"@type":"ImageObject","inLanguage":"es","@id":"https:\/\/www.veltec.eu\/en\/#\/schema\/logo\/image\/","url":"https:\/\/www.veltec.eu\/wp-content\/uploads\/2021\/12\/Veltec-log-groot-e1537260889125.png","contentUrl":"https:\/\/www.veltec.eu\/wp-content\/uploads\/2021\/12\/Veltec-log-groot-e1537260889125.png","width":200,"height":60,"caption":"Veltec Kirby Specialist"},"image":{"@id":"https:\/\/www.veltec.eu\/en\/#\/schema\/logo\/image\/"},"sameAs":["https:\/\/www.facebook.com\/Veltec-Kirby-Specialist-236746293374877\/","https:\/\/www.youtube.com\/user\/VeltecService"]}]}},"_links":{"self":[{"href":"https:\/\/www.veltec.eu\/es\/wp-json\/wp\/v2\/product\/10162","targetHints":{"allow":["GET"]}}],"collection":[{"href":"https:\/\/www.veltec.eu\/es\/wp-json\/wp\/v2\/product"}],"about":[{"href":"https:\/\/www.veltec.eu\/es\/wp-json\/wp\/v2\/types\/product"}],"replies":[{"embeddable":true,"href":"https:\/\/www.veltec.eu\/es\/wp-json\/wp\/v2\/comments?post=10162"}],"wp:featuredmedia":[{"embeddable":true,"href":"https:\/\/www.veltec.eu\/es\/wp-json\/wp\/v2\/media\/9512"}],"wp:attachment":[{"href":"https:\/\/www.veltec.eu\/es\/wp-json\/wp\/v2\/media?parent=10162"}],"wp:term":[{"taxonomy":"product_brand","embeddable":true,"href":"https:\/\/www.veltec.eu\/es\/wp-json\/wp\/v2\/product_brand?post=10162"},{"taxonomy":"product_cat","embeddable":true,"href":"https:\/\/www.veltec.eu\/es\/wp-json\/wp\/v2\/product_cat?post=10162"},{"taxonomy":"product_tag","embeddable":true,"href":"https:\/\/www.veltec.eu\/es\/wp-json\/wp\/v2\/product_tag?post=10162"}],"curies":[{"name":"wp","href":"https:\/\/api.w.org\/{rel}","templated":true}]}}