{"id":10137,"date":"2018-10-30T12:37:08","date_gmt":"2018-10-30T10:37:08","guid":{"rendered":"https:\/\/www.veltec.eu\/kirby-webshop\/kirby-vooras-klemhouder-2x\/"},"modified":"2025-04-22T15:36:44","modified_gmt":"2025-04-22T13:36:44","slug":"kirby-eje-delantero-abrazadera-2x-nl34356","status":"publish","type":"product","link":"https:\/\/www.veltec.eu\/es\/product\/kirby-eje-delantero-abrazadera-2x-nl34356\/","title":{"rendered":"Kirby Eje Delantero abrazadera 2x"},"content":{"rendered":"<h1>Kirby Eje Delantero abrazadera 2x<\/h1>\n<p>Kirby eje delantero soporte de abrazadera 2x son dos abrazaderas para el eje delantero.<\/p>\n<p><strong>Estos soportes de abrazadera son adecuados para cada aspiradora Kirby;<\/strong><\/p>\n<ul>\n<li>Avalir Platinum<\/li>\n<li>Avalir 2<\/li>\n<li>Avalir 1<\/li>\n<li>Sentria 2 (G10D)<\/li>\n<li>Sentria 1 (G10)<\/li>\n<li>Ultimate G Diamond Ed.(G7D or DE)<\/li>\n<li>Ultimate G (G7 or UG)<\/li>\n<li>Generation 6 (G6)<\/li>\n<li>Generation 5 (G5)<\/li>\n<li>Generation 4 (G4)<\/li>\n<li>Generation 3 (G3)<\/li>\n<\/ul>\n<h2>Kirby eje delantero soporte de abrazadera 2x &#8211; La fijaci\u00f3n perfecta para su aspiradora Kirby<\/h2>\n<p>\u00bfEst\u00e1 buscando una soluci\u00f3n fiable y duradera para fijar firmemente el eje delantero de su aspiradora Kirby? Entonces el soporte de abrazadera del eje delantero es exactamente lo que necesita. Esta pieza esencial garantiza que el eje delantero est\u00e9 firmemente sujeto a la parte inferior de su aspiradora Kirby, para que pueda volver a hacer un uso \u00f3ptimo de su aparato. A continuaci\u00f3n puede leer todo sobre las ventajas, la compatibilidad y la instalaci\u00f3n de estos soportes de pinza.<\/p>\n<p><a href=\"https:\/\/www.veltec.eu\/es\/?page_id=60172\">Aqu\u00ed encontrar\u00e1 todos los productos para ruedas y accesorios Kirby<\/a><\/p>\n<h3>Ventajas del soporte de pinza para eje delantero Kirby 2x<\/h3>\n<p>Con este juego de dos soportes de abrazadera, puede asegurar f\u00e1cil y eficazmente el eje delantero de su aspiradora Kirby. He aqu\u00ed algunas ventajas de estos soportes de abrazadera de alta calidad:<\/p>\n<ul>\n<li>Material duradero y resistente &#8211; Hecho de pl\u00e1stico robusto para una larga vida \u00fatil.<\/li>\n<li>Ajuste perfecto &#8211; Apto para todos los modelos Kirby, por lo que no tendr\u00e1 que preocuparse por la compatibilidad.<\/li>\n<li>F\u00e1cil montaje &#8211; Los soportes de pinza se montan sin dificultad, sin necesidad de ajustes adicionales.<\/li>\n<li>Mejora el funcionamiento de su aspiradora &#8211; Un eje delantero bien sujeto garantiza una maniobrabilidad suave y un mejor funcionamiento de su aspiradora.<\/li>\n<\/ul>\n<h3>Compatibilidad &#8211; Apto para todas las aspiradoras Kirby<\/h3>\n<p>El soporte de abrazadera del eje delantero Kirby 2x es una pieza de ajuste universal y se puede utilizar para todas las aspiradoras Kirby. Tanto si tiene un modelo antiguo como uno m\u00e1s nuevo, estos soportes de abrazadera ofrecen una fijaci\u00f3n perfecta. Gracias al ajuste universal, no tendr\u00e1 que preocuparse por la compatibilidad con su aparato.<\/p>\n<h3>F\u00e1cil instalaci\u00f3n &#8211; No necesita tornillos<\/h3>\n<p>La instalaci\u00f3n del soporte de abrazadera del eje delantero Kirby es muy sencilla y puede realizarse en cuesti\u00f3n de minutos. A continuaci\u00f3n le explicamos c\u00f3mo hacerlo:<\/p>\n<ul>\n<li>Retire con cuidado los soportes de abrazadera antiguos si a\u00fan est\u00e1n presentes.<\/li>\n<li>Coloque los nuevos soportes en la posici\u00f3n correcta en la parte inferior de su aspiradora Kirby.<\/li>\n<li>Aseg\u00farese de que el eje delantero est\u00e1 firmemente sujeto y que los soportes de abrazadera est\u00e1n correctamente colocados.<\/li>\n<li>Compruebe la fijaci\u00f3n moviendo suavemente la aspiradora.<\/li>\n<\/ul>\n<p>Como estos soportes de abrazadera vienen sin tornillos, no tiene que preocuparse de herramientas adicionales ni de complicados procedimientos de instalaci\u00f3n.<\/p>\n<h3>Haga su pedido ahora y aseg\u00farese un aspirador Kirby que funcione perfectamente<\/h3>\n<p>Si encuentra que su aspiradora Kirby no se mueve suavemente o el eje delantero est\u00e1 suelto, el soporte de abrazadera del eje delantero Kirby 2x es la soluci\u00f3n ideal. P\u00eddalo hoy y benef\u00edciese de una entrega r\u00e1pida, para que su aspiradora vuelva a funcionar pronto como nueva. Gracias a su construcci\u00f3n robusta y a su f\u00e1cil instalaci\u00f3n, le garantizamos una soluci\u00f3n fiable y duradera.<\/p>\n","protected":false},"excerpt":{"rendered":"<p>Kirby Eje Delantero abrazadera (2x)<\/p>\n[trustindex data-widget-id=48bbd87242952812953642309d4]\n<h3><span style=\"color: #008000;\"><br \/>\nEn stock<\/span><\/h3>\n[av_font_icon icon='ue812' font='entypo-fontello' style='' caption='' size='25px' position='left' color='#43ad66' link='' linktarget='' title_attr='' sonar_effect_effect='' sonar_effect_color='' sonar_effect_duration='1' sonar_effect_scale='' sonar_effect_opac='0.5' animation='' id='' custom_class='' template_class='' av_uid='' sc_version='1.0' admin_preview_bg=''][\/av_font_icon]\n<p><span style=\"color: #008000;\">Pedido antes de las 23:59, enviado ma\u00f1ana<\/span><\/p>\n<p>&nbsp;<\/p>\n","protected":false},"featured_media":90933,"comment_status":"open","ping_status":"closed","template":"","meta":{"_acf_changed":false},"product_brand":[],"product_cat":[297],"product_tag":[],"class_list":{"0":"post-10137","1":"product","2":"type-product","3":"status-publish","4":"has-post-thumbnail","6":"product_cat-ruedas-y-accesorios-kirby","7":"product_shipping_class-klein-es","9":"first","10":"instock","11":"taxable","12":"shipping-taxable","13":"purchasable","14":"product-type-simple"},"acf":[],"yoast_head":"<!-- This site is optimized with the Yoast SEO Premium plugin v27.1 (Yoast SEO v27.5) - https:\/\/yoast.com\/product\/yoast-seo-premium-wordpress\/ -->\n<title>Kirby Eje Delantero abrazadera 2x - Veltec Kirby specialist<\/title>\n<meta name=\"description\" content=\"Kirby Eje Delantero abrazadera 2x - Veltec es el proveedor de las aspiradoras Kirby desde hace m\u00e1s de 25 a\u00f1os. Y es su especialista\" \/>\n<meta name=\"robots\" content=\"index, follow, max-snippet:-1, max-image-preview:large, max-video-preview:-1\" \/>\n<link rel=\"canonical\" href=\"https:\/\/www.veltec.eu\/es\/product\/kirby-eje-delantero-abrazadera-2x-nl34356\/\" \/>\n<meta property=\"og:locale\" content=\"es_ES\" \/>\n<meta property=\"og:type\" content=\"article\" \/>\n<meta property=\"og:title\" content=\"Kirby Eje Delantero abrazadera 2x\" \/>\n<meta property=\"og:description\" content=\"Kirby Eje Delantero abrazadera (2x)    En stock   Pedido antes de las 23:59, enviado ma\u00f1ana  &nbsp;\" \/>\n<meta property=\"og:url\" content=\"https:\/\/www.veltec.eu\/es\/product\/kirby-eje-delantero-abrazadera-2x-nl34356\/\" \/>\n<meta property=\"og:site_name\" content=\"Veltec Kirby specialist\" \/>\n<meta property=\"article:publisher\" content=\"https:\/\/www.facebook.com\/Veltec-Kirby-Specialist-236746293374877\/\" \/>\n<meta property=\"article:modified_time\" content=\"2025-04-22T13:36:44+00:00\" \/>\n<meta property=\"og:image\" content=\"https:\/\/www.veltec.eu\/wp-content\/uploads\/2018\/10\/dsc0480_edited-1.jpg\" \/>\n\t<meta property=\"og:image:width\" content=\"300\" \/>\n\t<meta property=\"og:image:height\" content=\"300\" \/>\n\t<meta property=\"og:image:type\" content=\"image\/jpeg\" \/>\n<meta name=\"twitter:card\" content=\"summary_large_image\" \/>\n<meta name=\"twitter:label1\" content=\"Tiempo de lectura\" \/>\n\t<meta name=\"twitter:data1\" content=\"3 minutos\" \/>\n<script type=\"application\/ld+json\" class=\"yoast-schema-graph\">{\"@context\":\"https:\\\/\\\/schema.org\",\"@graph\":[{\"@type\":\"WebPage\",\"@id\":\"https:\\\/\\\/www.veltec.eu\\\/es\\\/product\\\/kirby-eje-delantero-abrazadera-2x-nl34356\\\/\",\"url\":\"https:\\\/\\\/www.veltec.eu\\\/es\\\/product\\\/kirby-eje-delantero-abrazadera-2x-nl34356\\\/\",\"name\":\"Kirby Eje Delantero abrazadera 2x - Veltec Kirby specialist\",\"isPartOf\":{\"@id\":\"https:\\\/\\\/www.veltec.eu\\\/en\\\/#website\"},\"primaryImageOfPage\":{\"@id\":\"https:\\\/\\\/www.veltec.eu\\\/es\\\/product\\\/kirby-eje-delantero-abrazadera-2x-nl34356\\\/#primaryimage\"},\"image\":{\"@id\":\"https:\\\/\\\/www.veltec.eu\\\/es\\\/product\\\/kirby-eje-delantero-abrazadera-2x-nl34356\\\/#primaryimage\"},\"thumbnailUrl\":\"https:\\\/\\\/www.veltec.eu\\\/wp-content\\\/uploads\\\/2018\\\/10\\\/dsc0480_edited-1-1.png\",\"datePublished\":\"2018-10-30T10:37:08+00:00\",\"dateModified\":\"2025-04-22T13:36:44+00:00\",\"description\":\"Kirby Eje Delantero abrazadera 2x - Veltec es el proveedor de las aspiradoras Kirby desde hace m\u00e1s de 25 a\u00f1os. Y es su especialista\",\"breadcrumb\":{\"@id\":\"https:\\\/\\\/www.veltec.eu\\\/es\\\/product\\\/kirby-eje-delantero-abrazadera-2x-nl34356\\\/#breadcrumb\"},\"inLanguage\":\"es\",\"potentialAction\":[{\"@type\":\"ReadAction\",\"target\":[\"https:\\\/\\\/www.veltec.eu\\\/es\\\/product\\\/kirby-eje-delantero-abrazadera-2x-nl34356\\\/\"]}]},{\"@type\":\"ImageObject\",\"inLanguage\":\"es\",\"@id\":\"https:\\\/\\\/www.veltec.eu\\\/es\\\/product\\\/kirby-eje-delantero-abrazadera-2x-nl34356\\\/#primaryimage\",\"url\":\"https:\\\/\\\/www.veltec.eu\\\/wp-content\\\/uploads\\\/2018\\\/10\\\/dsc0480_edited-1-1.png\",\"contentUrl\":\"https:\\\/\\\/www.veltec.eu\\\/wp-content\\\/uploads\\\/2018\\\/10\\\/dsc0480_edited-1-1.png\",\"width\":300,\"height\":300},{\"@type\":\"BreadcrumbList\",\"@id\":\"https:\\\/\\\/www.veltec.eu\\\/es\\\/product\\\/kirby-eje-delantero-abrazadera-2x-nl34356\\\/#breadcrumb\",\"itemListElement\":[{\"@type\":\"ListItem\",\"position\":1,\"name\":\"Home\",\"item\":\"https:\\\/\\\/www.veltec.eu\\\/es\\\/pagina-de-inicio\\\/\"},{\"@type\":\"ListItem\",\"position\":2,\"name\":\"Tienda Kirby\",\"item\":\"https:\\\/\\\/www.veltec.eu\\\/es\\\/tienda-kirby\\\/\"},{\"@type\":\"ListItem\",\"position\":3,\"name\":\"Kirby Eje Delantero abrazadera 2x\"}]},{\"@type\":\"WebSite\",\"@id\":\"https:\\\/\\\/www.veltec.eu\\\/en\\\/#website\",\"url\":\"https:\\\/\\\/www.veltec.eu\\\/en\\\/\",\"name\":\"Veltec Kirby specialist\",\"description\":\"Kirby stofzuiger producten\",\"publisher\":{\"@id\":\"https:\\\/\\\/www.veltec.eu\\\/en\\\/#organization\"},\"potentialAction\":[{\"@type\":\"SearchAction\",\"target\":{\"@type\":\"EntryPoint\",\"urlTemplate\":\"https:\\\/\\\/www.veltec.eu\\\/en\\\/?s={search_term_string}\"},\"query-input\":{\"@type\":\"PropertyValueSpecification\",\"valueRequired\":true,\"valueName\":\"search_term_string\"}}],\"inLanguage\":\"es\"},{\"@type\":\"Organization\",\"@id\":\"https:\\\/\\\/www.veltec.eu\\\/en\\\/#organization\",\"name\":\"Veltec Kirby Specialist\",\"url\":\"https:\\\/\\\/www.veltec.eu\\\/en\\\/\",\"logo\":{\"@type\":\"ImageObject\",\"inLanguage\":\"es\",\"@id\":\"https:\\\/\\\/www.veltec.eu\\\/en\\\/#\\\/schema\\\/logo\\\/image\\\/\",\"url\":\"https:\\\/\\\/www.veltec.eu\\\/wp-content\\\/uploads\\\/2021\\\/12\\\/Veltec-log-groot-e1537260889125.png\",\"contentUrl\":\"https:\\\/\\\/www.veltec.eu\\\/wp-content\\\/uploads\\\/2021\\\/12\\\/Veltec-log-groot-e1537260889125.png\",\"width\":200,\"height\":60,\"caption\":\"Veltec Kirby Specialist\"},\"image\":{\"@id\":\"https:\\\/\\\/www.veltec.eu\\\/en\\\/#\\\/schema\\\/logo\\\/image\\\/\"},\"sameAs\":[\"https:\\\/\\\/www.facebook.com\\\/Veltec-Kirby-Specialist-236746293374877\\\/\",\"https:\\\/\\\/www.youtube.com\\\/user\\\/VeltecService\"]}]}<\/script>\n<!-- \/ Yoast SEO Premium plugin. -->","yoast_head_json":{"title":"Kirby Eje Delantero abrazadera 2x - Veltec Kirby specialist","description":"Kirby Eje Delantero abrazadera 2x - Veltec es el proveedor de las aspiradoras Kirby desde hace m\u00e1s de 25 a\u00f1os. Y es su especialista","robots":{"index":"index","follow":"follow","max-snippet":"max-snippet:-1","max-image-preview":"max-image-preview:large","max-video-preview":"max-video-preview:-1"},"canonical":"https:\/\/www.veltec.eu\/es\/product\/kirby-eje-delantero-abrazadera-2x-nl34356\/","og_locale":"es_ES","og_type":"article","og_title":"Kirby Eje Delantero abrazadera 2x","og_description":"Kirby Eje Delantero abrazadera (2x)    En stock   Pedido antes de las 23:59, enviado ma\u00f1ana  &nbsp;","og_url":"https:\/\/www.veltec.eu\/es\/product\/kirby-eje-delantero-abrazadera-2x-nl34356\/","og_site_name":"Veltec Kirby specialist","article_publisher":"https:\/\/www.facebook.com\/Veltec-Kirby-Specialist-236746293374877\/","article_modified_time":"2025-04-22T13:36:44+00:00","og_image":[{"width":300,"height":300,"url":"https:\/\/www.veltec.eu\/wp-content\/uploads\/2018\/10\/dsc0480_edited-1.jpg","type":"image\/jpeg"}],"twitter_card":"summary_large_image","twitter_misc":{"Tiempo de lectura":"3 minutos"},"schema":{"@context":"https:\/\/schema.org","@graph":[{"@type":"WebPage","@id":"https:\/\/www.veltec.eu\/es\/product\/kirby-eje-delantero-abrazadera-2x-nl34356\/","url":"https:\/\/www.veltec.eu\/es\/product\/kirby-eje-delantero-abrazadera-2x-nl34356\/","name":"Kirby Eje Delantero abrazadera 2x - Veltec Kirby specialist","isPartOf":{"@id":"https:\/\/www.veltec.eu\/en\/#website"},"primaryImageOfPage":{"@id":"https:\/\/www.veltec.eu\/es\/product\/kirby-eje-delantero-abrazadera-2x-nl34356\/#primaryimage"},"image":{"@id":"https:\/\/www.veltec.eu\/es\/product\/kirby-eje-delantero-abrazadera-2x-nl34356\/#primaryimage"},"thumbnailUrl":"https:\/\/www.veltec.eu\/wp-content\/uploads\/2018\/10\/dsc0480_edited-1-1.png","datePublished":"2018-10-30T10:37:08+00:00","dateModified":"2025-04-22T13:36:44+00:00","description":"Kirby Eje Delantero abrazadera 2x - Veltec es el proveedor de las aspiradoras Kirby desde hace m\u00e1s de 25 a\u00f1os. Y es su especialista","breadcrumb":{"@id":"https:\/\/www.veltec.eu\/es\/product\/kirby-eje-delantero-abrazadera-2x-nl34356\/#breadcrumb"},"inLanguage":"es","potentialAction":[{"@type":"ReadAction","target":["https:\/\/www.veltec.eu\/es\/product\/kirby-eje-delantero-abrazadera-2x-nl34356\/"]}]},{"@type":"ImageObject","inLanguage":"es","@id":"https:\/\/www.veltec.eu\/es\/product\/kirby-eje-delantero-abrazadera-2x-nl34356\/#primaryimage","url":"https:\/\/www.veltec.eu\/wp-content\/uploads\/2018\/10\/dsc0480_edited-1-1.png","contentUrl":"https:\/\/www.veltec.eu\/wp-content\/uploads\/2018\/10\/dsc0480_edited-1-1.png","width":300,"height":300},{"@type":"BreadcrumbList","@id":"https:\/\/www.veltec.eu\/es\/product\/kirby-eje-delantero-abrazadera-2x-nl34356\/#breadcrumb","itemListElement":[{"@type":"ListItem","position":1,"name":"Home","item":"https:\/\/www.veltec.eu\/es\/pagina-de-inicio\/"},{"@type":"ListItem","position":2,"name":"Tienda Kirby","item":"https:\/\/www.veltec.eu\/es\/tienda-kirby\/"},{"@type":"ListItem","position":3,"name":"Kirby Eje Delantero abrazadera 2x"}]},{"@type":"WebSite","@id":"https:\/\/www.veltec.eu\/en\/#website","url":"https:\/\/www.veltec.eu\/en\/","name":"Veltec Kirby specialist","description":"Kirby stofzuiger producten","publisher":{"@id":"https:\/\/www.veltec.eu\/en\/#organization"},"potentialAction":[{"@type":"SearchAction","target":{"@type":"EntryPoint","urlTemplate":"https:\/\/www.veltec.eu\/en\/?s={search_term_string}"},"query-input":{"@type":"PropertyValueSpecification","valueRequired":true,"valueName":"search_term_string"}}],"inLanguage":"es"},{"@type":"Organization","@id":"https:\/\/www.veltec.eu\/en\/#organization","name":"Veltec Kirby Specialist","url":"https:\/\/www.veltec.eu\/en\/","logo":{"@type":"ImageObject","inLanguage":"es","@id":"https:\/\/www.veltec.eu\/en\/#\/schema\/logo\/image\/","url":"https:\/\/www.veltec.eu\/wp-content\/uploads\/2021\/12\/Veltec-log-groot-e1537260889125.png","contentUrl":"https:\/\/www.veltec.eu\/wp-content\/uploads\/2021\/12\/Veltec-log-groot-e1537260889125.png","width":200,"height":60,"caption":"Veltec Kirby Specialist"},"image":{"@id":"https:\/\/www.veltec.eu\/en\/#\/schema\/logo\/image\/"},"sameAs":["https:\/\/www.facebook.com\/Veltec-Kirby-Specialist-236746293374877\/","https:\/\/www.youtube.com\/user\/VeltecService"]}]}},"_links":{"self":[{"href":"https:\/\/www.veltec.eu\/es\/wp-json\/wp\/v2\/product\/10137","targetHints":{"allow":["GET"]}}],"collection":[{"href":"https:\/\/www.veltec.eu\/es\/wp-json\/wp\/v2\/product"}],"about":[{"href":"https:\/\/www.veltec.eu\/es\/wp-json\/wp\/v2\/types\/product"}],"replies":[{"embeddable":true,"href":"https:\/\/www.veltec.eu\/es\/wp-json\/wp\/v2\/comments?post=10137"}],"wp:featuredmedia":[{"embeddable":true,"href":"https:\/\/www.veltec.eu\/es\/wp-json\/wp\/v2\/media\/90933"}],"wp:attachment":[{"href":"https:\/\/www.veltec.eu\/es\/wp-json\/wp\/v2\/media?parent=10137"}],"wp:term":[{"taxonomy":"product_brand","embeddable":true,"href":"https:\/\/www.veltec.eu\/es\/wp-json\/wp\/v2\/product_brand?post=10137"},{"taxonomy":"product_cat","embeddable":true,"href":"https:\/\/www.veltec.eu\/es\/wp-json\/wp\/v2\/product_cat?post=10137"},{"taxonomy":"product_tag","embeddable":true,"href":"https:\/\/www.veltec.eu\/es\/wp-json\/wp\/v2\/product_tag?post=10137"}],"curies":[{"name":"wp","href":"https:\/\/api.w.org\/{rel}","templated":true}]}}