{"id":10132,"date":"2018-10-30T12:44:18","date_gmt":"2018-10-30T10:44:18","guid":{"rendered":"https:\/\/www.veltec.eu\/kirby-webshop\/conductores-para-bloque-de-desplazamiento-kirby-2x-nl3176\/"},"modified":"2025-04-07T16:02:07","modified_gmt":"2025-04-07T14:02:07","slug":"conductores-para-bloque-de-desplazamiento-kirby-2x-nl3176","status":"publish","type":"product","link":"https:\/\/www.veltec.eu\/es\/product\/conductores-para-bloque-de-desplazamiento-kirby-2x-nl3176\/","title":{"rendered":"Conductores para bloque de desplazamiento Kirby 2x"},"content":{"rendered":"<h2>Conductores para bloque de desplazamiento Kirby 2x &#8211; Para un funcionamiento suave y estable de su aspiradora<\/h2>\n<p>Cuando note que su aspiradora Kirby ya no se desliza tan suavemente como antes, puede que haya llegado el momento de sustituir las gu\u00edas Conductores para bloque de desplazamiento Kirby 2x. Estas piezas esenciales garantizan que el movimiento de deslizamiento de la aspiradora vuelva a ser suave y silencioso. Gracias a su ajuste de alta calidad y a su compatibilidad universal, estas gu\u00edas son adecuadas para cualquier aspiradora Kirby, independientemente del modelo o del a\u00f1o de fabricaci\u00f3n.<\/p>\n<p><strong>Estas gu\u00edas deslizantes son adecuadas para todas las aspiradoras Kirby;<\/strong><\/p>\n<ul>\n<li>Avalir Platinum<\/li>\n<li>Avalir 2<\/li>\n<li>Avalir 1<\/li>\n<li>Sentria 2 (G10D)<\/li>\n<li>Sentria 1 (G10)<\/li>\n<li>Ultimate G Diamond Ed.(G7D or DE)<\/li>\n<li>Ultimate G (G7 or UG)<\/li>\n<li>Generation 6 (G6)<\/li>\n<li>Generation 5 (G5)<\/li>\n<li>Generation 4 (G4)<\/li>\n<li>Generation 3 (G3)<\/li>\n<\/ul>\n<p><a href=\"https:\/\/www.veltec.eu\/es\/cubierta-kirby\/\">Aqu\u00ed encontrar\u00e1 todas las carcasas Kirby<\/a><\/p>\n<h3>\u00bfPor qu\u00e9 elegir las Conductores para bloque de desplazamiento Kirby 2x?<\/h3>\n<p>En primer lugar, estos bloques deslizantes garantizan que los cojinetes de rodillos permanezcan en una posici\u00f3n \u00f3ptima, manteniendo todo el mecanismo de deslizamiento funcionando eficientemente. Adem\u00e1s, las gu\u00edas est\u00e1n fabricadas con un material robusto y resistente, lo que significa que pueden soportar un uso prolongado. Esto evita que su aspiradora se tambalee o haga ruido durante la limpieza.<\/p>\n<p>Adem\u00e1s, estas gu\u00edas de bloque deslizante son muy f\u00e1ciles de instalar. Esto no s\u00f3lo le ahorra tiempo, sino tambi\u00e9n dinero, ya que no necesita contratar a un t\u00e9cnico. Como las gu\u00edas vienen en un juego de dos, puede sustituir ambos lados al mismo tiempo, lo que garantiza un equilibrio y una simetr\u00eda perfectos en el funcionamiento del sistema de deslizamiento.<\/p>\n<h2>Ventajas de un vistazo &#8211; \u00bfQu\u00e9 puede esperar?<\/h2>\n<h3>Compatibilidad universal con aspiradoras Kirby<\/h3>\n<p>Lo que hace especial a este juego es su amplia aplicabilidad. No tiene que preocuparse por el modelo de su aspiradora, ya que estos bloques deslizantes son adecuados para todos los modelos Kirby. Esto significa que con una sola compra tendr\u00e1 la garant\u00eda de obtener las piezas correctas, sin tener que buscar m\u00e1s.<\/p>\n<h3>F\u00e1cil instalaci\u00f3n, resultados instant\u00e1neos<\/h3>\n<p>Como las gu\u00edas de bloque deslizante est\u00e1n especialmente dise\u00f1adas para facilitar su uso, puede instalarlas sin herramientas complicadas. En cuanto sustituya las gu\u00edas antiguas por estas nuevas, notar\u00e1 la diferencia casi de inmediato: la aspiradora se desliza m\u00e1s ligera, m\u00e1s silenciosa y se siente como nueva.<\/p>\n<h2>Invierta en calidad y alargue la vida \u00fatil de su Kirby<\/h2>\n<p>Sustituyendo regularmente piezas como estas gu\u00edas de bloque deslizante, evitar\u00e1 el desgaste innecesario de otros componentes de su aspiradora. Esto garantiza que su aparato dure m\u00e1s y funcione mejor, lo que en \u00faltima instancia tambi\u00e9n beneficia a su bolsillo.<\/p>\n<p>En resumen, con las Gu\u00edas de Bloque Deslizante Kirby 2x usted invierte en la durabilidad y comodidad de su experiencia de aspirado. Haga su pedido hoy mismo y compruebe la diferencia en su pr\u00f3xima limpieza.<\/p>\n","protected":false},"excerpt":{"rendered":"<p>Conductores para bloque de desplazamiento Kirby 2x.<\/p>\n[trustindex data-widget-id=48bbd87242952812953642309d4]\n<h3><span style=\"color: #008000;\"><br \/>\nEn stock<\/span><\/h3>\n[av_font_icon icon='ue812' font='entypo-fontello' style='' caption='' size='25px' position='left' color='#43ad66' link='' linktarget='' title_attr='' sonar_effect_effect='' sonar_effect_color='' sonar_effect_duration='1' sonar_effect_scale='' sonar_effect_opac='0.5' animation='' id='' custom_class='' template_class='' av_uid='' sc_version='1.0' admin_preview_bg=''][\/av_font_icon]\n<p><span style=\"color: #008000;\">Pedido antes de las 23:59, enviado ma\u00f1ana<\/span><\/p>\n<p>&nbsp;<\/p>\n","protected":false},"featured_media":90440,"comment_status":"open","ping_status":"closed","template":"","meta":[],"product_brand":[],"product_cat":[307,292],"product_tag":[],"class_list":{"0":"post-10132","1":"product","2":"type-product","3":"status-publish","4":"has-post-thumbnail","6":"product_cat-cubierta-kirby","7":"product_cat-tubo-accesorios-kirby","8":"product_shipping_class-klein-es","10":"first","11":"instock","12":"taxable","13":"shipping-taxable","14":"purchasable","15":"product-type-simple"},"yoast_head":"<!-- This site is optimized with the Yoast SEO Premium plugin v27.1 (Yoast SEO v27.4) - https:\/\/yoast.com\/product\/yoast-seo-premium-wordpress\/ -->\n<title>Conductores para bloque de desplazamiento Kirby 2x - Veltec Kirby specialist<\/title>\n<meta name=\"description\" content=\"Conductores para bloque de desplazamiento Kirby 2x - Veltec es el proveedor de las aspiradoras Kirby desde hace m\u00e1s de 25 a\u00f1os.\" \/>\n<meta name=\"robots\" content=\"index, follow, max-snippet:-1, max-image-preview:large, max-video-preview:-1\" \/>\n<link rel=\"canonical\" href=\"https:\/\/www.veltec.eu\/es\/product\/conductores-para-bloque-de-desplazamiento-kirby-2x-nl3176\/\" \/>\n<meta property=\"og:locale\" content=\"es_ES\" \/>\n<meta property=\"og:type\" content=\"article\" \/>\n<meta property=\"og:title\" content=\"Conductores para bloque de desplazamiento Kirby 2x\" \/>\n<meta property=\"og:description\" content=\"Conductores para bloque de desplazamiento Kirby 2x.    En stock   Pedido antes de las 23:59, enviado ma\u00f1ana  &nbsp;\" \/>\n<meta property=\"og:url\" content=\"https:\/\/www.veltec.eu\/es\/product\/conductores-para-bloque-de-desplazamiento-kirby-2x-nl3176\/\" \/>\n<meta property=\"og:site_name\" content=\"Veltec Kirby specialist\" \/>\n<meta property=\"article:publisher\" content=\"https:\/\/www.facebook.com\/Veltec-Kirby-Specialist-236746293374877\/\" \/>\n<meta property=\"article:modified_time\" content=\"2025-04-07T14:02:07+00:00\" \/>\n<meta property=\"og:image\" content=\"https:\/\/www.veltec.eu\/wp-content\/uploads\/2018\/10\/kirby_schuifblok_geleiders_2x_.jpg\" \/>\n\t<meta property=\"og:image:width\" content=\"300\" \/>\n\t<meta property=\"og:image:height\" content=\"300\" \/>\n\t<meta property=\"og:image:type\" content=\"image\/jpeg\" \/>\n<meta name=\"twitter:card\" content=\"summary_large_image\" \/>\n<meta name=\"twitter:label1\" content=\"Tiempo de lectura\" \/>\n\t<meta name=\"twitter:data1\" content=\"3 minutos\" \/>\n<script type=\"application\/ld+json\" class=\"yoast-schema-graph\">{\"@context\":\"https:\\\/\\\/schema.org\",\"@graph\":[{\"@type\":\"WebPage\",\"@id\":\"https:\\\/\\\/www.veltec.eu\\\/es\\\/product\\\/conductores-para-bloque-de-desplazamiento-kirby-2x-nl3176\\\/\",\"url\":\"https:\\\/\\\/www.veltec.eu\\\/es\\\/product\\\/conductores-para-bloque-de-desplazamiento-kirby-2x-nl3176\\\/\",\"name\":\"Conductores para bloque de desplazamiento Kirby 2x - Veltec Kirby specialist\",\"isPartOf\":{\"@id\":\"https:\\\/\\\/www.veltec.eu\\\/en\\\/#website\"},\"primaryImageOfPage\":{\"@id\":\"https:\\\/\\\/www.veltec.eu\\\/es\\\/product\\\/conductores-para-bloque-de-desplazamiento-kirby-2x-nl3176\\\/#primaryimage\"},\"image\":{\"@id\":\"https:\\\/\\\/www.veltec.eu\\\/es\\\/product\\\/conductores-para-bloque-de-desplazamiento-kirby-2x-nl3176\\\/#primaryimage\"},\"thumbnailUrl\":\"https:\\\/\\\/www.veltec.eu\\\/wp-content\\\/uploads\\\/2018\\\/10\\\/kirby_schuifblok_geleiders_2x_-1.jpg\",\"datePublished\":\"2018-10-30T10:44:18+00:00\",\"dateModified\":\"2025-04-07T14:02:07+00:00\",\"description\":\"Conductores para bloque de desplazamiento Kirby 2x - Veltec es el proveedor de las aspiradoras Kirby desde hace m\u00e1s de 25 a\u00f1os.\",\"breadcrumb\":{\"@id\":\"https:\\\/\\\/www.veltec.eu\\\/es\\\/product\\\/conductores-para-bloque-de-desplazamiento-kirby-2x-nl3176\\\/#breadcrumb\"},\"inLanguage\":\"es\",\"potentialAction\":[{\"@type\":\"ReadAction\",\"target\":[\"https:\\\/\\\/www.veltec.eu\\\/es\\\/product\\\/conductores-para-bloque-de-desplazamiento-kirby-2x-nl3176\\\/\"]}]},{\"@type\":\"ImageObject\",\"inLanguage\":\"es\",\"@id\":\"https:\\\/\\\/www.veltec.eu\\\/es\\\/product\\\/conductores-para-bloque-de-desplazamiento-kirby-2x-nl3176\\\/#primaryimage\",\"url\":\"https:\\\/\\\/www.veltec.eu\\\/wp-content\\\/uploads\\\/2018\\\/10\\\/kirby_schuifblok_geleiders_2x_-1.jpg\",\"contentUrl\":\"https:\\\/\\\/www.veltec.eu\\\/wp-content\\\/uploads\\\/2018\\\/10\\\/kirby_schuifblok_geleiders_2x_-1.jpg\",\"width\":400,\"height\":400},{\"@type\":\"BreadcrumbList\",\"@id\":\"https:\\\/\\\/www.veltec.eu\\\/es\\\/product\\\/conductores-para-bloque-de-desplazamiento-kirby-2x-nl3176\\\/#breadcrumb\",\"itemListElement\":[{\"@type\":\"ListItem\",\"position\":1,\"name\":\"Home\",\"item\":\"https:\\\/\\\/www.veltec.eu\\\/es\\\/\"},{\"@type\":\"ListItem\",\"position\":2,\"name\":\"Produits\",\"item\":\"https:\\\/\\\/www.veltec.eu\\\/fr\\\/shop\\\/\"},{\"@type\":\"ListItem\",\"position\":3,\"name\":\"Conductores para bloque de desplazamiento Kirby 2x\"}]},{\"@type\":\"WebSite\",\"@id\":\"https:\\\/\\\/www.veltec.eu\\\/en\\\/#website\",\"url\":\"https:\\\/\\\/www.veltec.eu\\\/en\\\/\",\"name\":\"Veltec Kirby specialist\",\"description\":\"Kirby stofzuiger producten\",\"publisher\":{\"@id\":\"https:\\\/\\\/www.veltec.eu\\\/en\\\/#organization\"},\"potentialAction\":[{\"@type\":\"SearchAction\",\"target\":{\"@type\":\"EntryPoint\",\"urlTemplate\":\"https:\\\/\\\/www.veltec.eu\\\/en\\\/?s={search_term_string}\"},\"query-input\":{\"@type\":\"PropertyValueSpecification\",\"valueRequired\":true,\"valueName\":\"search_term_string\"}}],\"inLanguage\":\"es\"},{\"@type\":\"Organization\",\"@id\":\"https:\\\/\\\/www.veltec.eu\\\/en\\\/#organization\",\"name\":\"Veltec Kirby Specialist\",\"url\":\"https:\\\/\\\/www.veltec.eu\\\/en\\\/\",\"logo\":{\"@type\":\"ImageObject\",\"inLanguage\":\"es\",\"@id\":\"https:\\\/\\\/www.veltec.eu\\\/en\\\/#\\\/schema\\\/logo\\\/image\\\/\",\"url\":\"https:\\\/\\\/www.veltec.eu\\\/wp-content\\\/uploads\\\/2021\\\/12\\\/Veltec-log-groot-e1537260889125.png\",\"contentUrl\":\"https:\\\/\\\/www.veltec.eu\\\/wp-content\\\/uploads\\\/2021\\\/12\\\/Veltec-log-groot-e1537260889125.png\",\"width\":200,\"height\":60,\"caption\":\"Veltec Kirby Specialist\"},\"image\":{\"@id\":\"https:\\\/\\\/www.veltec.eu\\\/en\\\/#\\\/schema\\\/logo\\\/image\\\/\"},\"sameAs\":[\"https:\\\/\\\/www.facebook.com\\\/Veltec-Kirby-Specialist-236746293374877\\\/\",\"https:\\\/\\\/www.youtube.com\\\/user\\\/VeltecService\"]}]}<\/script>\n<!-- \/ Yoast SEO Premium plugin. -->","yoast_head_json":{"title":"Conductores para bloque de desplazamiento Kirby 2x - Veltec Kirby specialist","description":"Conductores para bloque de desplazamiento Kirby 2x - Veltec es el proveedor de las aspiradoras Kirby desde hace m\u00e1s de 25 a\u00f1os.","robots":{"index":"index","follow":"follow","max-snippet":"max-snippet:-1","max-image-preview":"max-image-preview:large","max-video-preview":"max-video-preview:-1"},"canonical":"https:\/\/www.veltec.eu\/es\/product\/conductores-para-bloque-de-desplazamiento-kirby-2x-nl3176\/","og_locale":"es_ES","og_type":"article","og_title":"Conductores para bloque de desplazamiento Kirby 2x","og_description":"Conductores para bloque de desplazamiento Kirby 2x.    En stock   Pedido antes de las 23:59, enviado ma\u00f1ana  &nbsp;","og_url":"https:\/\/www.veltec.eu\/es\/product\/conductores-para-bloque-de-desplazamiento-kirby-2x-nl3176\/","og_site_name":"Veltec Kirby specialist","article_publisher":"https:\/\/www.facebook.com\/Veltec-Kirby-Specialist-236746293374877\/","article_modified_time":"2025-04-07T14:02:07+00:00","og_image":[{"width":300,"height":300,"url":"https:\/\/www.veltec.eu\/wp-content\/uploads\/2018\/10\/kirby_schuifblok_geleiders_2x_.jpg","type":"image\/jpeg"}],"twitter_card":"summary_large_image","twitter_misc":{"Tiempo de lectura":"3 minutos"},"schema":{"@context":"https:\/\/schema.org","@graph":[{"@type":"WebPage","@id":"https:\/\/www.veltec.eu\/es\/product\/conductores-para-bloque-de-desplazamiento-kirby-2x-nl3176\/","url":"https:\/\/www.veltec.eu\/es\/product\/conductores-para-bloque-de-desplazamiento-kirby-2x-nl3176\/","name":"Conductores para bloque de desplazamiento Kirby 2x - Veltec Kirby specialist","isPartOf":{"@id":"https:\/\/www.veltec.eu\/en\/#website"},"primaryImageOfPage":{"@id":"https:\/\/www.veltec.eu\/es\/product\/conductores-para-bloque-de-desplazamiento-kirby-2x-nl3176\/#primaryimage"},"image":{"@id":"https:\/\/www.veltec.eu\/es\/product\/conductores-para-bloque-de-desplazamiento-kirby-2x-nl3176\/#primaryimage"},"thumbnailUrl":"https:\/\/www.veltec.eu\/wp-content\/uploads\/2018\/10\/kirby_schuifblok_geleiders_2x_-1.jpg","datePublished":"2018-10-30T10:44:18+00:00","dateModified":"2025-04-07T14:02:07+00:00","description":"Conductores para bloque de desplazamiento Kirby 2x - Veltec es el proveedor de las aspiradoras Kirby desde hace m\u00e1s de 25 a\u00f1os.","breadcrumb":{"@id":"https:\/\/www.veltec.eu\/es\/product\/conductores-para-bloque-de-desplazamiento-kirby-2x-nl3176\/#breadcrumb"},"inLanguage":"es","potentialAction":[{"@type":"ReadAction","target":["https:\/\/www.veltec.eu\/es\/product\/conductores-para-bloque-de-desplazamiento-kirby-2x-nl3176\/"]}]},{"@type":"ImageObject","inLanguage":"es","@id":"https:\/\/www.veltec.eu\/es\/product\/conductores-para-bloque-de-desplazamiento-kirby-2x-nl3176\/#primaryimage","url":"https:\/\/www.veltec.eu\/wp-content\/uploads\/2018\/10\/kirby_schuifblok_geleiders_2x_-1.jpg","contentUrl":"https:\/\/www.veltec.eu\/wp-content\/uploads\/2018\/10\/kirby_schuifblok_geleiders_2x_-1.jpg","width":400,"height":400},{"@type":"BreadcrumbList","@id":"https:\/\/www.veltec.eu\/es\/product\/conductores-para-bloque-de-desplazamiento-kirby-2x-nl3176\/#breadcrumb","itemListElement":[{"@type":"ListItem","position":1,"name":"Home","item":"https:\/\/www.veltec.eu\/es\/"},{"@type":"ListItem","position":2,"name":"Produits","item":"https:\/\/www.veltec.eu\/fr\/shop\/"},{"@type":"ListItem","position":3,"name":"Conductores para bloque de desplazamiento Kirby 2x"}]},{"@type":"WebSite","@id":"https:\/\/www.veltec.eu\/en\/#website","url":"https:\/\/www.veltec.eu\/en\/","name":"Veltec Kirby specialist","description":"Kirby stofzuiger producten","publisher":{"@id":"https:\/\/www.veltec.eu\/en\/#organization"},"potentialAction":[{"@type":"SearchAction","target":{"@type":"EntryPoint","urlTemplate":"https:\/\/www.veltec.eu\/en\/?s={search_term_string}"},"query-input":{"@type":"PropertyValueSpecification","valueRequired":true,"valueName":"search_term_string"}}],"inLanguage":"es"},{"@type":"Organization","@id":"https:\/\/www.veltec.eu\/en\/#organization","name":"Veltec Kirby Specialist","url":"https:\/\/www.veltec.eu\/en\/","logo":{"@type":"ImageObject","inLanguage":"es","@id":"https:\/\/www.veltec.eu\/en\/#\/schema\/logo\/image\/","url":"https:\/\/www.veltec.eu\/wp-content\/uploads\/2021\/12\/Veltec-log-groot-e1537260889125.png","contentUrl":"https:\/\/www.veltec.eu\/wp-content\/uploads\/2021\/12\/Veltec-log-groot-e1537260889125.png","width":200,"height":60,"caption":"Veltec Kirby Specialist"},"image":{"@id":"https:\/\/www.veltec.eu\/en\/#\/schema\/logo\/image\/"},"sameAs":["https:\/\/www.facebook.com\/Veltec-Kirby-Specialist-236746293374877\/","https:\/\/www.youtube.com\/user\/VeltecService"]}]}},"_links":{"self":[{"href":"https:\/\/www.veltec.eu\/es\/wp-json\/wp\/v2\/product\/10132","targetHints":{"allow":["GET"]}}],"collection":[{"href":"https:\/\/www.veltec.eu\/es\/wp-json\/wp\/v2\/product"}],"about":[{"href":"https:\/\/www.veltec.eu\/es\/wp-json\/wp\/v2\/types\/product"}],"replies":[{"embeddable":true,"href":"https:\/\/www.veltec.eu\/es\/wp-json\/wp\/v2\/comments?post=10132"}],"wp:featuredmedia":[{"embeddable":true,"href":"https:\/\/www.veltec.eu\/es\/wp-json\/wp\/v2\/media\/90440"}],"wp:attachment":[{"href":"https:\/\/www.veltec.eu\/es\/wp-json\/wp\/v2\/media?parent=10132"}],"wp:term":[{"taxonomy":"product_brand","embeddable":true,"href":"https:\/\/www.veltec.eu\/es\/wp-json\/wp\/v2\/product_brand?post=10132"},{"taxonomy":"product_cat","embeddable":true,"href":"https:\/\/www.veltec.eu\/es\/wp-json\/wp\/v2\/product_cat?post=10132"},{"taxonomy":"product_tag","embeddable":true,"href":"https:\/\/www.veltec.eu\/es\/wp-json\/wp\/v2\/product_tag?post=10132"}],"curies":[{"name":"wp","href":"https:\/\/api.w.org\/{rel}","templated":true}]}}