{"id":10127,"date":"2018-10-30T12:48:13","date_gmt":"2018-10-30T10:48:13","guid":{"rendered":"https:\/\/www.veltec.eu\/kirby-webshop\/bloque-de-desplazamiento-con-resorte-kirby-nl3175\/"},"modified":"2025-04-07T11:07:00","modified_gmt":"2025-04-07T09:07:00","slug":"bloque-deslizante-kirby-con-muelle-nl3175","status":"publish","type":"product","link":"https:\/\/www.veltec.eu\/es\/product\/bloque-deslizante-kirby-con-muelle-nl3175\/","title":{"rendered":"Bloque deslizante Kirby con muelle"},"content":{"rendered":"<h2>Bloque deslizante Kirby con muelle &#8211; La soluci\u00f3n esencial para su aspiradora Kirby<\/h2>\n<p>Cuando note que su aspiradora Kirby ya no se mueve con suavidad o que la consola deslizante flaquea, el Bloque deslizante Kirby con muelle es exactamente lo que necesita. Esta pieza de recambio de alta calidad est\u00e1 especialmente dise\u00f1ada para que su aspiradora Kirby vuelva a funcionar como nueva. El bloque deslizante viene completo con un muelle, por lo que puede empezar a sustituirlo de inmediato.<\/p>\n<p><strong>Este bloque deslizante es adecuado para todas las aspiradoras Kirby;<\/strong><\/p>\n<ul>\n<li>Avalir Platinum<\/li>\n<li>Avalir 2<\/li>\n<li>Avalir 1<\/li>\n<li>Sentria 2 (G10D)<\/li>\n<li>Sentria 1 (G10)<\/li>\n<li>Ultimate G Diamond Ed.(G7D or DE)<\/li>\n<li>Ultimate G (G7 or UG)<\/li>\n<li>Generation 6 (G6)<\/li>\n<li>Generation 5 (G5)<\/li>\n<li>Generation 4 (G4)<\/li>\n<li>Generation 3 (G3)<\/li>\n<\/ul>\n<p><a href=\"https:\/\/www.veltec.eu\/es\/cubierta-kirby\/\">Aqu\u00ed puede encontrar todos los Kirby cubierta<\/a><\/p>\n<h3>\u00bfPor qu\u00e9 elegir el bloque deslizante Kirby con muelle?<\/h3>\n<p>Para empezar, este bloque deslizante es adecuado para todos los modelos de aspiradoras Kirby, lo que significa que no tiene que preocuparse por la compatibilidad. Adem\u00e1s, el dise\u00f1o es robusto y duradero, lo que contribuye a alargar la vida \u00fatil de su aparato. Gracias al muelle incluido, el bloque garantiza una presi\u00f3n \u00f3ptima y un movimiento suave de la consola deslizante.<\/p>\n<p>Adem\u00e1s, la instalaci\u00f3n de este bloque deslizante es sencilla. Incluso si no tiene conocimientos t\u00e9cnicos, podr\u00e1 dejar su aspiradora en las mejores condiciones con unos pocos pasos b\u00e1sicos. Esto le ahorrar\u00e1 costosas reparaciones o la sustituci\u00f3n de piezas m\u00e1s grandes.<\/p>\n<h3>Las ventajas de un vistazo<\/h3>\n<ul>\n<li>Juego completo: Incluye muelle para montaje directo.<\/li>\n<li>Compatibilidad universal: Apto para todos los modelos Kirby.<\/li>\n<li>Funcionamiento fiable: Restaura completamente la funci\u00f3n de deslizamiento de la aspiradora.<\/li>\n<li>F\u00e1cil instalaci\u00f3n: No requiere herramientas especiales.<\/li>\n<li>Ahorro de costes: Evita mayores da\u00f1os o costes de sustituci\u00f3n.<\/li>\n<\/ul>\n<h2>\u00bfC\u00f3mo saber si es necesario sustituir la tuerca deslizante?<\/h2>\n<p>En muchos casos, puede darse cuenta por peque\u00f1os signos de que el bloque deslizante est\u00e1 desgastado. Si la consola deslizante de su aspiradora Kirby se mueve con rigidez, se atasca o hace ruidos anormales, lo m\u00e1s probable es que el bloque deslizante necesite ser sustituido. Dado que esta pieza desempe\u00f1a un papel clave en la libertad de movimiento de la consola, afecta directamente al rendimiento de la aspiradora.<\/p>\n<p>Si opta a tiempo por un nuevo bloque deslizante Kirby con muelle, evitar\u00e1 un mayor desgaste de otros componentes. En otras palabras, una peque\u00f1a inversi\u00f3n evita problemas mayores.<\/p>\n<h2>P\u00eddalo hoy y experimente la diferencia<\/h2>\n<p>\u00bfBusca una soluci\u00f3n duradera, fiable y asequible? Entonces el bloque deslizante Kirby con muelle es la elecci\u00f3n para usted. Gracias a su f\u00e1cil instalaci\u00f3n y ajuste universal, ya no tendr\u00e1 que esperar ni dudar. Vuelva a dejar su aspiradora Kirby como nueva y haga su pedido hoy mismo.<\/p>\n<ul>\n<li>Disponible directamente<\/li>\n<li>R\u00e1pido en casa<\/li>\n<li>Garant\u00eda de calidad<\/li>\n<\/ul>\n","protected":false},"excerpt":{"rendered":"<p>Bloque de desplazamiento con resorte para consola deslizante.<\/p>\n[trustindex data-widget-id=48bbd87242952812953642309d4]\n<h3><span style=\"color: #008000;\"><br \/>\nEn stock<\/span><\/h3>\n[av_font_icon icon='ue812' font='entypo-fontello' style='' caption='' size='25px' position='left' color='#43ad66' link='' linktarget='' title_attr='' sonar_effect_effect='' sonar_effect_color='' sonar_effect_duration='1' sonar_effect_scale='' sonar_effect_opac='0.5' animation='' id='' custom_class='' template_class='' av_uid='' sc_version='1.0' admin_preview_bg=''][\/av_font_icon]\n<p><span style=\"color: #008000;\">Pedido antes de las 23:59, enviado ma\u00f1ana<\/span><\/p>\n<p>&nbsp;<\/p>\n","protected":false},"featured_media":90447,"comment_status":"open","ping_status":"closed","template":"","meta":[],"product_brand":[],"product_cat":[307,292],"product_tag":[],"class_list":{"0":"post-10127","1":"product","2":"type-product","3":"status-publish","4":"has-post-thumbnail","6":"product_cat-cubierta-kirby","7":"product_cat-tubo-accesorios-kirby","8":"product_shipping_class-klein-es","10":"first","11":"instock","12":"taxable","13":"shipping-taxable","14":"purchasable","15":"product-type-simple"},"yoast_head":"<!-- This site is optimized with the Yoast SEO Premium plugin v27.1 (Yoast SEO v27.4) - https:\/\/yoast.com\/product\/yoast-seo-premium-wordpress\/ -->\n<title>Bloque deslizante Kirby con muelle - Veltec Kirby specialist<\/title>\n<meta name=\"description\" content=\"Bloque deslizante Kirby con muelle - Veltec \u00e8 fornitore di aspirapolvere Kirby da oltre 25 anni. Ed \u00e8 il tuo fidato specialista per l&#039;assistenza Kirby.\" \/>\n<meta name=\"robots\" content=\"index, follow, max-snippet:-1, max-image-preview:large, max-video-preview:-1\" \/>\n<link rel=\"canonical\" href=\"https:\/\/www.veltec.eu\/es\/product\/bloque-deslizante-kirby-con-muelle-nl3175\/\" \/>\n<meta property=\"og:locale\" content=\"es_ES\" \/>\n<meta property=\"og:type\" content=\"article\" \/>\n<meta property=\"og:title\" content=\"Bloque deslizante Kirby con muelle\" \/>\n<meta property=\"og:description\" content=\"Bloque de desplazamiento con resorte para consola deslizante.    En stock   Pedido antes de las 23:59, enviado ma\u00f1ana  &nbsp;\" \/>\n<meta property=\"og:url\" content=\"https:\/\/www.veltec.eu\/es\/product\/bloque-deslizante-kirby-con-muelle-nl3175\/\" \/>\n<meta property=\"og:site_name\" content=\"Veltec Kirby specialist\" \/>\n<meta property=\"article:publisher\" content=\"https:\/\/www.facebook.com\/Veltec-Kirby-Specialist-236746293374877\/\" \/>\n<meta property=\"article:modified_time\" content=\"2025-04-07T09:07:00+00:00\" \/>\n<meta property=\"og:image\" content=\"https:\/\/www.veltec.eu\/wp-content\/uploads\/2018\/10\/kirby_schuifblok_met_veer.jpg\" \/>\n\t<meta property=\"og:image:width\" content=\"300\" \/>\n\t<meta property=\"og:image:height\" content=\"300\" \/>\n\t<meta property=\"og:image:type\" content=\"image\/jpeg\" \/>\n<meta name=\"twitter:card\" content=\"summary_large_image\" \/>\n<meta name=\"twitter:label1\" content=\"Tiempo de lectura\" \/>\n\t<meta name=\"twitter:data1\" content=\"3 minutos\" \/>\n<script type=\"application\/ld+json\" class=\"yoast-schema-graph\">{\"@context\":\"https:\\\/\\\/schema.org\",\"@graph\":[{\"@type\":\"WebPage\",\"@id\":\"https:\\\/\\\/www.veltec.eu\\\/es\\\/product\\\/bloque-deslizante-kirby-con-muelle-nl3175\\\/\",\"url\":\"https:\\\/\\\/www.veltec.eu\\\/es\\\/product\\\/bloque-deslizante-kirby-con-muelle-nl3175\\\/\",\"name\":\"Bloque deslizante Kirby con muelle - Veltec Kirby specialist\",\"isPartOf\":{\"@id\":\"https:\\\/\\\/www.veltec.eu\\\/en\\\/#website\"},\"primaryImageOfPage\":{\"@id\":\"https:\\\/\\\/www.veltec.eu\\\/es\\\/product\\\/bloque-deslizante-kirby-con-muelle-nl3175\\\/#primaryimage\"},\"image\":{\"@id\":\"https:\\\/\\\/www.veltec.eu\\\/es\\\/product\\\/bloque-deslizante-kirby-con-muelle-nl3175\\\/#primaryimage\"},\"thumbnailUrl\":\"https:\\\/\\\/www.veltec.eu\\\/wp-content\\\/uploads\\\/2018\\\/10\\\/kirby_schuifblok_met_veer-1.jpg\",\"datePublished\":\"2018-10-30T10:48:13+00:00\",\"dateModified\":\"2025-04-07T09:07:00+00:00\",\"description\":\"Bloque deslizante Kirby con muelle - Veltec \u00e8 fornitore di aspirapolvere Kirby da oltre 25 anni. Ed \u00e8 il tuo fidato specialista per l'assistenza Kirby.\",\"breadcrumb\":{\"@id\":\"https:\\\/\\\/www.veltec.eu\\\/es\\\/product\\\/bloque-deslizante-kirby-con-muelle-nl3175\\\/#breadcrumb\"},\"inLanguage\":\"es\",\"potentialAction\":[{\"@type\":\"ReadAction\",\"target\":[\"https:\\\/\\\/www.veltec.eu\\\/es\\\/product\\\/bloque-deslizante-kirby-con-muelle-nl3175\\\/\"]}]},{\"@type\":\"ImageObject\",\"inLanguage\":\"es\",\"@id\":\"https:\\\/\\\/www.veltec.eu\\\/es\\\/product\\\/bloque-deslizante-kirby-con-muelle-nl3175\\\/#primaryimage\",\"url\":\"https:\\\/\\\/www.veltec.eu\\\/wp-content\\\/uploads\\\/2018\\\/10\\\/kirby_schuifblok_met_veer-1.jpg\",\"contentUrl\":\"https:\\\/\\\/www.veltec.eu\\\/wp-content\\\/uploads\\\/2018\\\/10\\\/kirby_schuifblok_met_veer-1.jpg\",\"width\":400,\"height\":400},{\"@type\":\"BreadcrumbList\",\"@id\":\"https:\\\/\\\/www.veltec.eu\\\/es\\\/product\\\/bloque-deslizante-kirby-con-muelle-nl3175\\\/#breadcrumb\",\"itemListElement\":[{\"@type\":\"ListItem\",\"position\":1,\"name\":\"Home\",\"item\":\"https:\\\/\\\/www.veltec.eu\\\/es\\\/\"},{\"@type\":\"ListItem\",\"position\":2,\"name\":\"Produits\",\"item\":\"https:\\\/\\\/www.veltec.eu\\\/fr\\\/shop\\\/\"},{\"@type\":\"ListItem\",\"position\":3,\"name\":\"Bloque deslizante Kirby con muelle\"}]},{\"@type\":\"WebSite\",\"@id\":\"https:\\\/\\\/www.veltec.eu\\\/en\\\/#website\",\"url\":\"https:\\\/\\\/www.veltec.eu\\\/en\\\/\",\"name\":\"Veltec Kirby specialist\",\"description\":\"Kirby stofzuiger producten\",\"publisher\":{\"@id\":\"https:\\\/\\\/www.veltec.eu\\\/en\\\/#organization\"},\"potentialAction\":[{\"@type\":\"SearchAction\",\"target\":{\"@type\":\"EntryPoint\",\"urlTemplate\":\"https:\\\/\\\/www.veltec.eu\\\/en\\\/?s={search_term_string}\"},\"query-input\":{\"@type\":\"PropertyValueSpecification\",\"valueRequired\":true,\"valueName\":\"search_term_string\"}}],\"inLanguage\":\"es\"},{\"@type\":\"Organization\",\"@id\":\"https:\\\/\\\/www.veltec.eu\\\/en\\\/#organization\",\"name\":\"Veltec Kirby Specialist\",\"url\":\"https:\\\/\\\/www.veltec.eu\\\/en\\\/\",\"logo\":{\"@type\":\"ImageObject\",\"inLanguage\":\"es\",\"@id\":\"https:\\\/\\\/www.veltec.eu\\\/en\\\/#\\\/schema\\\/logo\\\/image\\\/\",\"url\":\"https:\\\/\\\/www.veltec.eu\\\/wp-content\\\/uploads\\\/2021\\\/12\\\/Veltec-log-groot-e1537260889125.png\",\"contentUrl\":\"https:\\\/\\\/www.veltec.eu\\\/wp-content\\\/uploads\\\/2021\\\/12\\\/Veltec-log-groot-e1537260889125.png\",\"width\":200,\"height\":60,\"caption\":\"Veltec Kirby Specialist\"},\"image\":{\"@id\":\"https:\\\/\\\/www.veltec.eu\\\/en\\\/#\\\/schema\\\/logo\\\/image\\\/\"},\"sameAs\":[\"https:\\\/\\\/www.facebook.com\\\/Veltec-Kirby-Specialist-236746293374877\\\/\",\"https:\\\/\\\/www.youtube.com\\\/user\\\/VeltecService\"]}]}<\/script>\n<!-- \/ Yoast SEO Premium plugin. -->","yoast_head_json":{"title":"Bloque deslizante Kirby con muelle - Veltec Kirby specialist","description":"Bloque deslizante Kirby con muelle - Veltec \u00e8 fornitore di aspirapolvere Kirby da oltre 25 anni. Ed \u00e8 il tuo fidato specialista per l'assistenza Kirby.","robots":{"index":"index","follow":"follow","max-snippet":"max-snippet:-1","max-image-preview":"max-image-preview:large","max-video-preview":"max-video-preview:-1"},"canonical":"https:\/\/www.veltec.eu\/es\/product\/bloque-deslizante-kirby-con-muelle-nl3175\/","og_locale":"es_ES","og_type":"article","og_title":"Bloque deslizante Kirby con muelle","og_description":"Bloque de desplazamiento con resorte para consola deslizante.    En stock   Pedido antes de las 23:59, enviado ma\u00f1ana  &nbsp;","og_url":"https:\/\/www.veltec.eu\/es\/product\/bloque-deslizante-kirby-con-muelle-nl3175\/","og_site_name":"Veltec Kirby specialist","article_publisher":"https:\/\/www.facebook.com\/Veltec-Kirby-Specialist-236746293374877\/","article_modified_time":"2025-04-07T09:07:00+00:00","og_image":[{"width":300,"height":300,"url":"https:\/\/www.veltec.eu\/wp-content\/uploads\/2018\/10\/kirby_schuifblok_met_veer.jpg","type":"image\/jpeg"}],"twitter_card":"summary_large_image","twitter_misc":{"Tiempo de lectura":"3 minutos"},"schema":{"@context":"https:\/\/schema.org","@graph":[{"@type":"WebPage","@id":"https:\/\/www.veltec.eu\/es\/product\/bloque-deslizante-kirby-con-muelle-nl3175\/","url":"https:\/\/www.veltec.eu\/es\/product\/bloque-deslizante-kirby-con-muelle-nl3175\/","name":"Bloque deslizante Kirby con muelle - Veltec Kirby specialist","isPartOf":{"@id":"https:\/\/www.veltec.eu\/en\/#website"},"primaryImageOfPage":{"@id":"https:\/\/www.veltec.eu\/es\/product\/bloque-deslizante-kirby-con-muelle-nl3175\/#primaryimage"},"image":{"@id":"https:\/\/www.veltec.eu\/es\/product\/bloque-deslizante-kirby-con-muelle-nl3175\/#primaryimage"},"thumbnailUrl":"https:\/\/www.veltec.eu\/wp-content\/uploads\/2018\/10\/kirby_schuifblok_met_veer-1.jpg","datePublished":"2018-10-30T10:48:13+00:00","dateModified":"2025-04-07T09:07:00+00:00","description":"Bloque deslizante Kirby con muelle - Veltec \u00e8 fornitore di aspirapolvere Kirby da oltre 25 anni. Ed \u00e8 il tuo fidato specialista per l'assistenza Kirby.","breadcrumb":{"@id":"https:\/\/www.veltec.eu\/es\/product\/bloque-deslizante-kirby-con-muelle-nl3175\/#breadcrumb"},"inLanguage":"es","potentialAction":[{"@type":"ReadAction","target":["https:\/\/www.veltec.eu\/es\/product\/bloque-deslizante-kirby-con-muelle-nl3175\/"]}]},{"@type":"ImageObject","inLanguage":"es","@id":"https:\/\/www.veltec.eu\/es\/product\/bloque-deslizante-kirby-con-muelle-nl3175\/#primaryimage","url":"https:\/\/www.veltec.eu\/wp-content\/uploads\/2018\/10\/kirby_schuifblok_met_veer-1.jpg","contentUrl":"https:\/\/www.veltec.eu\/wp-content\/uploads\/2018\/10\/kirby_schuifblok_met_veer-1.jpg","width":400,"height":400},{"@type":"BreadcrumbList","@id":"https:\/\/www.veltec.eu\/es\/product\/bloque-deslizante-kirby-con-muelle-nl3175\/#breadcrumb","itemListElement":[{"@type":"ListItem","position":1,"name":"Home","item":"https:\/\/www.veltec.eu\/es\/"},{"@type":"ListItem","position":2,"name":"Produits","item":"https:\/\/www.veltec.eu\/fr\/shop\/"},{"@type":"ListItem","position":3,"name":"Bloque deslizante Kirby con muelle"}]},{"@type":"WebSite","@id":"https:\/\/www.veltec.eu\/en\/#website","url":"https:\/\/www.veltec.eu\/en\/","name":"Veltec Kirby specialist","description":"Kirby stofzuiger producten","publisher":{"@id":"https:\/\/www.veltec.eu\/en\/#organization"},"potentialAction":[{"@type":"SearchAction","target":{"@type":"EntryPoint","urlTemplate":"https:\/\/www.veltec.eu\/en\/?s={search_term_string}"},"query-input":{"@type":"PropertyValueSpecification","valueRequired":true,"valueName":"search_term_string"}}],"inLanguage":"es"},{"@type":"Organization","@id":"https:\/\/www.veltec.eu\/en\/#organization","name":"Veltec Kirby Specialist","url":"https:\/\/www.veltec.eu\/en\/","logo":{"@type":"ImageObject","inLanguage":"es","@id":"https:\/\/www.veltec.eu\/en\/#\/schema\/logo\/image\/","url":"https:\/\/www.veltec.eu\/wp-content\/uploads\/2021\/12\/Veltec-log-groot-e1537260889125.png","contentUrl":"https:\/\/www.veltec.eu\/wp-content\/uploads\/2021\/12\/Veltec-log-groot-e1537260889125.png","width":200,"height":60,"caption":"Veltec Kirby Specialist"},"image":{"@id":"https:\/\/www.veltec.eu\/en\/#\/schema\/logo\/image\/"},"sameAs":["https:\/\/www.facebook.com\/Veltec-Kirby-Specialist-236746293374877\/","https:\/\/www.youtube.com\/user\/VeltecService"]}]}},"_links":{"self":[{"href":"https:\/\/www.veltec.eu\/es\/wp-json\/wp\/v2\/product\/10127","targetHints":{"allow":["GET"]}}],"collection":[{"href":"https:\/\/www.veltec.eu\/es\/wp-json\/wp\/v2\/product"}],"about":[{"href":"https:\/\/www.veltec.eu\/es\/wp-json\/wp\/v2\/types\/product"}],"replies":[{"embeddable":true,"href":"https:\/\/www.veltec.eu\/es\/wp-json\/wp\/v2\/comments?post=10127"}],"wp:featuredmedia":[{"embeddable":true,"href":"https:\/\/www.veltec.eu\/es\/wp-json\/wp\/v2\/media\/90447"}],"wp:attachment":[{"href":"https:\/\/www.veltec.eu\/es\/wp-json\/wp\/v2\/media?parent=10127"}],"wp:term":[{"taxonomy":"product_brand","embeddable":true,"href":"https:\/\/www.veltec.eu\/es\/wp-json\/wp\/v2\/product_brand?post=10127"},{"taxonomy":"product_cat","embeddable":true,"href":"https:\/\/www.veltec.eu\/es\/wp-json\/wp\/v2\/product_cat?post=10127"},{"taxonomy":"product_tag","embeddable":true,"href":"https:\/\/www.veltec.eu\/es\/wp-json\/wp\/v2\/product_tag?post=10127"}],"curies":[{"name":"wp","href":"https:\/\/api.w.org\/{rel}","templated":true}]}}