{"id":10122,"date":"2018-10-30T12:53:02","date_gmt":"2018-10-30T10:53:02","guid":{"rendered":"https:\/\/www.veltec.eu\/kirby-webshop\/rodamientos-para-la-consola-deslizante-kirby-nl3092\/"},"modified":"2025-04-07T10:18:35","modified_gmt":"2025-04-07T08:18:35","slug":"rodamientos-kirby-para-consola-deslizante-nl3092","status":"publish","type":"product","link":"https:\/\/www.veltec.eu\/es\/product\/rodamientos-kirby-para-consola-deslizante-nl3092\/","title":{"rendered":"Rodamientos Kirby para consola deslizante"},"content":{"rendered":"<h2>Rodamientos Kirby para consola deslizante &#8211; Para una aspiradora que funciona suavemente<\/h2>\n<p>Si nota que su aspiradora Kirby ya no se desliza tan suavemente como antes, lo m\u00e1s probable es que la consola deslizante ya no funcione de forma \u00f3ptima. Los Rodamientos Kirby para consola deslizante son entonces la soluci\u00f3n. Estos dos cojinetes de rodillos de alta calidad se colocan simplemente entre las gu\u00edas y el bloque deslizante de la consola, para que su Kirby vuelva a moverse sin esfuerzo, exactamente como usted est\u00e1 acostumbrado.<\/p>\n<p>2x rodamientos de rodillos para consola deslizante.<\/p>\n<p><strong>Estos rodamientos de rodillos son adecuados para cualquier aspiradora Kirby;<\/strong><\/p>\n<ul>\n<li>Avalir Platinum<\/li>\n<li>Avalir 2<\/li>\n<li>Avalir 1<\/li>\n<li>Sentria 2 (G10D)<\/li>\n<li>Sentria 1 (G10)<\/li>\n<li>Ultimate G Diamond Ed.(G7D or DE)<\/li>\n<li>Ultimate G (G7 or UG)<\/li>\n<li>Generation 6 (G6)<\/li>\n<li>Generation 5 (G5)<\/li>\n<li>Generation 4 (G4)<\/li>\n<li>Generation 3 (G3)<\/li>\n<\/ul>\n<p data-start=\"429\" data-end=\"838\"><a href=\"https:\/\/www.veltec.eu\/es\/cubierta-kirby\/\">Aqu\u00ed puedes encontrar todos los Kirby Cubierta<\/a><\/p>\n<h3>\u00bfPor qu\u00e9 elegir estos cojinetes de rodillos Kirby para consola deslizante?<\/h3>\n<p>En primer lugar, es bueno saber que estos rodamientos de rodillos son adecuados para cualquier aspiradora Kirby, independientemente del modelo. Tanto si tiene un modelo antiguo como uno m\u00e1s reciente, estos rodamientos siempre encajar\u00e1n. Adem\u00e1s, est\u00e1n especialmente dise\u00f1ados para un rendimiento \u00f3ptimo en la consola deslizante. Esto significa que la aspiradora se mueve de forma m\u00e1s suave, ligera y silenciosa, lo que en \u00faltima instancia contribuye a prolongar la vida \u00fatil del aparato.<\/p>\n<p>Por otra parte, su f\u00e1cil instalaci\u00f3n garantiza que pueda empezar a utilizarla sin necesidad de conocimientos t\u00e9cnicos. Como los cojinetes est\u00e1n hechos a medida, encajan perfectamente en las ranuras existentes de la consola deslizante. De este modo se evita el desgaste o el deterioro de otras piezas.<\/p>\n<h3>Las ventajas de un vistazo<\/h3>\n<ul>\n<li>Ajuste perfecto para todos los modelos Kirby<\/li>\n<li>Mejora la libertad de movimiento de la aspiradora<\/li>\n<li>Prolonga la vida \u00fatil de la consola deslizante<\/li>\n<li>F\u00e1cil de instalar, sin herramientas adicionales<\/li>\n<li>Fabricado con materiales resistentes que duran mucho tiempo<\/li>\n<\/ul>\n<h2>\u00bfC\u00f3mo puede saber si su Kirby necesita rodamientos nuevos?<\/h2>\n<p>Preste mucha atenci\u00f3n a se\u00f1ales como un movimiento r\u00edgido, un ruido de rozamiento o dificultad para deslizar la consola. Estos s\u00edntomas suelen indicar que los rodamientos est\u00e1n desgastados o bloqueados. En ese caso, es aconsejable sustituir a tiempo los cojinetes de rodillos Kirby para consola deslizante. Tomando medidas preventivas, evitar\u00e1 da\u00f1os mayores en su aspiradora y su funcionamiento seguir\u00e1 siendo \u00f3ptimo.<\/p>\n<h3>Haga su pedido f\u00e1cil y r\u00e1pidamente<\/h3>\n<p>No espere a que su Kirby falle por completo. Con este juego de cojinetes de rodillos, puede darle f\u00e1cilmente una segunda vida a su aspiradora. Puede realizar su pedido de forma r\u00e1pida y segura a trav\u00e9s de nuestra tienda online. Adem\u00e1s, se beneficiar\u00e1 de una entrega r\u00e1pida y de un excelente servicio de atenci\u00f3n al cliente, en caso de que tenga alguna pregunta.<\/p>\n","protected":false},"excerpt":{"rendered":"<p>2 rodamientos para la consola deslizante.<\/p>\n[trustindex data-widget-id=48bbd87242952812953642309d4]\n<h3><span style=\"color: #008000;\"><br \/>\nEn stock<\/span><\/h3>\n[av_font_icon icon='ue812' font='entypo-fontello' style='' caption='' size='25px' position='left' color='#43ad66' link='' linktarget='' title_attr='' sonar_effect_effect='' sonar_effect_color='' sonar_effect_duration='1' sonar_effect_scale='' sonar_effect_opac='0.5' animation='' id='' custom_class='' template_class='' av_uid='' sc_version='1.0' admin_preview_bg=''][\/av_font_icon]\n<p><span style=\"color: #008000;\">Pedido antes de las 23:59, enviado ma\u00f1ana<\/span><\/p>\n<p>&nbsp;<\/p>\n","protected":false},"featured_media":90492,"comment_status":"open","ping_status":"closed","template":"","meta":{"_acf_changed":false},"product_brand":[],"product_cat":[307,292],"product_tag":[],"class_list":{"0":"post-10122","1":"product","2":"type-product","3":"status-publish","4":"has-post-thumbnail","6":"product_cat-cubierta-kirby","7":"product_cat-tubo-accesorios-kirby","8":"product_shipping_class-klein-es","10":"first","11":"instock","12":"taxable","13":"shipping-taxable","14":"purchasable","15":"product-type-simple"},"acf":[],"yoast_head":"<!-- This site is optimized with the Yoast SEO Premium plugin v27.1 (Yoast SEO v27.4) - https:\/\/yoast.com\/product\/yoast-seo-premium-wordpress\/ -->\n<title>Rodamientos Kirby para consola deslizante - Veltec Kirby specialist<\/title>\n<meta name=\"description\" content=\"Rodamientos Kirby para consola deslizante - Veltec es proveedor de aspiradoras Kirby desde hace m\u00e1s de 25 a\u00f1os. Kirby es su especialista de confianza.\" \/>\n<meta name=\"robots\" content=\"index, follow, max-snippet:-1, max-image-preview:large, max-video-preview:-1\" \/>\n<link rel=\"canonical\" href=\"https:\/\/www.veltec.eu\/es\/product\/rodamientos-kirby-para-consola-deslizante-nl3092\/\" \/>\n<meta property=\"og:locale\" content=\"es_ES\" \/>\n<meta property=\"og:type\" content=\"article\" \/>\n<meta property=\"og:title\" content=\"Rodamientos Kirby para consola deslizante\" \/>\n<meta property=\"og:description\" content=\"2 rodamientos para la consola deslizante.    En stock   Pedido antes de las 23:59, enviado ma\u00f1ana  &nbsp;\" \/>\n<meta property=\"og:url\" content=\"https:\/\/www.veltec.eu\/es\/product\/rodamientos-kirby-para-consola-deslizante-nl3092\/\" \/>\n<meta property=\"og:site_name\" content=\"Veltec Kirby specialist\" \/>\n<meta property=\"article:publisher\" content=\"https:\/\/www.facebook.com\/Veltec-Kirby-Specialist-236746293374877\/\" \/>\n<meta property=\"article:modified_time\" content=\"2025-04-07T08:18:35+00:00\" \/>\n<meta property=\"og:image\" content=\"https:\/\/www.veltec.eu\/wp-content\/uploads\/2018\/10\/kirby_rollagers_voor_schuifconsole.jpg\" \/>\n\t<meta property=\"og:image:width\" content=\"300\" \/>\n\t<meta property=\"og:image:height\" content=\"300\" \/>\n\t<meta property=\"og:image:type\" content=\"image\/jpeg\" \/>\n<meta name=\"twitter:card\" content=\"summary_large_image\" \/>\n<meta name=\"twitter:label1\" content=\"Tiempo de lectura\" \/>\n\t<meta name=\"twitter:data1\" content=\"3 minutos\" \/>\n<script type=\"application\/ld+json\" class=\"yoast-schema-graph\">{\"@context\":\"https:\\\/\\\/schema.org\",\"@graph\":[{\"@type\":\"WebPage\",\"@id\":\"https:\\\/\\\/www.veltec.eu\\\/es\\\/product\\\/rodamientos-kirby-para-consola-deslizante-nl3092\\\/\",\"url\":\"https:\\\/\\\/www.veltec.eu\\\/es\\\/product\\\/rodamientos-kirby-para-consola-deslizante-nl3092\\\/\",\"name\":\"Rodamientos Kirby para consola deslizante - Veltec Kirby specialist\",\"isPartOf\":{\"@id\":\"https:\\\/\\\/www.veltec.eu\\\/en\\\/#website\"},\"primaryImageOfPage\":{\"@id\":\"https:\\\/\\\/www.veltec.eu\\\/es\\\/product\\\/rodamientos-kirby-para-consola-deslizante-nl3092\\\/#primaryimage\"},\"image\":{\"@id\":\"https:\\\/\\\/www.veltec.eu\\\/es\\\/product\\\/rodamientos-kirby-para-consola-deslizante-nl3092\\\/#primaryimage\"},\"thumbnailUrl\":\"https:\\\/\\\/www.veltec.eu\\\/wp-content\\\/uploads\\\/2018\\\/10\\\/Kirby-rollagers.jpg\",\"datePublished\":\"2018-10-30T10:53:02+00:00\",\"dateModified\":\"2025-04-07T08:18:35+00:00\",\"description\":\"Rodamientos Kirby para consola deslizante - Veltec es proveedor de aspiradoras Kirby desde hace m\u00e1s de 25 a\u00f1os. Kirby es su especialista de confianza.\",\"breadcrumb\":{\"@id\":\"https:\\\/\\\/www.veltec.eu\\\/es\\\/product\\\/rodamientos-kirby-para-consola-deslizante-nl3092\\\/#breadcrumb\"},\"inLanguage\":\"es\",\"potentialAction\":[{\"@type\":\"ReadAction\",\"target\":[\"https:\\\/\\\/www.veltec.eu\\\/es\\\/product\\\/rodamientos-kirby-para-consola-deslizante-nl3092\\\/\"]}]},{\"@type\":\"ImageObject\",\"inLanguage\":\"es\",\"@id\":\"https:\\\/\\\/www.veltec.eu\\\/es\\\/product\\\/rodamientos-kirby-para-consola-deslizante-nl3092\\\/#primaryimage\",\"url\":\"https:\\\/\\\/www.veltec.eu\\\/wp-content\\\/uploads\\\/2018\\\/10\\\/Kirby-rollagers.jpg\",\"contentUrl\":\"https:\\\/\\\/www.veltec.eu\\\/wp-content\\\/uploads\\\/2018\\\/10\\\/Kirby-rollagers.jpg\",\"width\":600,\"height\":600},{\"@type\":\"BreadcrumbList\",\"@id\":\"https:\\\/\\\/www.veltec.eu\\\/es\\\/product\\\/rodamientos-kirby-para-consola-deslizante-nl3092\\\/#breadcrumb\",\"itemListElement\":[{\"@type\":\"ListItem\",\"position\":1,\"name\":\"Home\",\"item\":\"https:\\\/\\\/www.veltec.eu\\\/es\\\/\"},{\"@type\":\"ListItem\",\"position\":2,\"name\":\"Kirby Shop\",\"item\":\"https:\\\/\\\/www.veltec.eu\\\/nl\\\/shop-page\\\/\"},{\"@type\":\"ListItem\",\"position\":3,\"name\":\"Rodamientos Kirby para consola deslizante\"}]},{\"@type\":\"WebSite\",\"@id\":\"https:\\\/\\\/www.veltec.eu\\\/en\\\/#website\",\"url\":\"https:\\\/\\\/www.veltec.eu\\\/en\\\/\",\"name\":\"Veltec Kirby specialist\",\"description\":\"Kirby stofzuiger producten\",\"publisher\":{\"@id\":\"https:\\\/\\\/www.veltec.eu\\\/en\\\/#organization\"},\"potentialAction\":[{\"@type\":\"SearchAction\",\"target\":{\"@type\":\"EntryPoint\",\"urlTemplate\":\"https:\\\/\\\/www.veltec.eu\\\/en\\\/?s={search_term_string}\"},\"query-input\":{\"@type\":\"PropertyValueSpecification\",\"valueRequired\":true,\"valueName\":\"search_term_string\"}}],\"inLanguage\":\"es\"},{\"@type\":\"Organization\",\"@id\":\"https:\\\/\\\/www.veltec.eu\\\/en\\\/#organization\",\"name\":\"Veltec Kirby Specialist\",\"url\":\"https:\\\/\\\/www.veltec.eu\\\/en\\\/\",\"logo\":{\"@type\":\"ImageObject\",\"inLanguage\":\"es\",\"@id\":\"https:\\\/\\\/www.veltec.eu\\\/en\\\/#\\\/schema\\\/logo\\\/image\\\/\",\"url\":\"https:\\\/\\\/www.veltec.eu\\\/wp-content\\\/uploads\\\/2021\\\/12\\\/Veltec-log-groot-e1537260889125.png\",\"contentUrl\":\"https:\\\/\\\/www.veltec.eu\\\/wp-content\\\/uploads\\\/2021\\\/12\\\/Veltec-log-groot-e1537260889125.png\",\"width\":200,\"height\":60,\"caption\":\"Veltec Kirby Specialist\"},\"image\":{\"@id\":\"https:\\\/\\\/www.veltec.eu\\\/en\\\/#\\\/schema\\\/logo\\\/image\\\/\"},\"sameAs\":[\"https:\\\/\\\/www.facebook.com\\\/Veltec-Kirby-Specialist-236746293374877\\\/\",\"https:\\\/\\\/www.youtube.com\\\/user\\\/VeltecService\"]}]}<\/script>\n<!-- \/ Yoast SEO Premium plugin. -->","yoast_head_json":{"title":"Rodamientos Kirby para consola deslizante - Veltec Kirby specialist","description":"Rodamientos Kirby para consola deslizante - Veltec es proveedor de aspiradoras Kirby desde hace m\u00e1s de 25 a\u00f1os. Kirby es su especialista de confianza.","robots":{"index":"index","follow":"follow","max-snippet":"max-snippet:-1","max-image-preview":"max-image-preview:large","max-video-preview":"max-video-preview:-1"},"canonical":"https:\/\/www.veltec.eu\/es\/product\/rodamientos-kirby-para-consola-deslizante-nl3092\/","og_locale":"es_ES","og_type":"article","og_title":"Rodamientos Kirby para consola deslizante","og_description":"2 rodamientos para la consola deslizante.    En stock   Pedido antes de las 23:59, enviado ma\u00f1ana  &nbsp;","og_url":"https:\/\/www.veltec.eu\/es\/product\/rodamientos-kirby-para-consola-deslizante-nl3092\/","og_site_name":"Veltec Kirby specialist","article_publisher":"https:\/\/www.facebook.com\/Veltec-Kirby-Specialist-236746293374877\/","article_modified_time":"2025-04-07T08:18:35+00:00","og_image":[{"width":300,"height":300,"url":"https:\/\/www.veltec.eu\/wp-content\/uploads\/2018\/10\/kirby_rollagers_voor_schuifconsole.jpg","type":"image\/jpeg"}],"twitter_card":"summary_large_image","twitter_misc":{"Tiempo de lectura":"3 minutos"},"schema":{"@context":"https:\/\/schema.org","@graph":[{"@type":"WebPage","@id":"https:\/\/www.veltec.eu\/es\/product\/rodamientos-kirby-para-consola-deslizante-nl3092\/","url":"https:\/\/www.veltec.eu\/es\/product\/rodamientos-kirby-para-consola-deslizante-nl3092\/","name":"Rodamientos Kirby para consola deslizante - Veltec Kirby specialist","isPartOf":{"@id":"https:\/\/www.veltec.eu\/en\/#website"},"primaryImageOfPage":{"@id":"https:\/\/www.veltec.eu\/es\/product\/rodamientos-kirby-para-consola-deslizante-nl3092\/#primaryimage"},"image":{"@id":"https:\/\/www.veltec.eu\/es\/product\/rodamientos-kirby-para-consola-deslizante-nl3092\/#primaryimage"},"thumbnailUrl":"https:\/\/www.veltec.eu\/wp-content\/uploads\/2018\/10\/Kirby-rollagers.jpg","datePublished":"2018-10-30T10:53:02+00:00","dateModified":"2025-04-07T08:18:35+00:00","description":"Rodamientos Kirby para consola deslizante - Veltec es proveedor de aspiradoras Kirby desde hace m\u00e1s de 25 a\u00f1os. Kirby es su especialista de confianza.","breadcrumb":{"@id":"https:\/\/www.veltec.eu\/es\/product\/rodamientos-kirby-para-consola-deslizante-nl3092\/#breadcrumb"},"inLanguage":"es","potentialAction":[{"@type":"ReadAction","target":["https:\/\/www.veltec.eu\/es\/product\/rodamientos-kirby-para-consola-deslizante-nl3092\/"]}]},{"@type":"ImageObject","inLanguage":"es","@id":"https:\/\/www.veltec.eu\/es\/product\/rodamientos-kirby-para-consola-deslizante-nl3092\/#primaryimage","url":"https:\/\/www.veltec.eu\/wp-content\/uploads\/2018\/10\/Kirby-rollagers.jpg","contentUrl":"https:\/\/www.veltec.eu\/wp-content\/uploads\/2018\/10\/Kirby-rollagers.jpg","width":600,"height":600},{"@type":"BreadcrumbList","@id":"https:\/\/www.veltec.eu\/es\/product\/rodamientos-kirby-para-consola-deslizante-nl3092\/#breadcrumb","itemListElement":[{"@type":"ListItem","position":1,"name":"Home","item":"https:\/\/www.veltec.eu\/es\/"},{"@type":"ListItem","position":2,"name":"Kirby Shop","item":"https:\/\/www.veltec.eu\/nl\/shop-page\/"},{"@type":"ListItem","position":3,"name":"Rodamientos Kirby para consola deslizante"}]},{"@type":"WebSite","@id":"https:\/\/www.veltec.eu\/en\/#website","url":"https:\/\/www.veltec.eu\/en\/","name":"Veltec Kirby specialist","description":"Kirby stofzuiger producten","publisher":{"@id":"https:\/\/www.veltec.eu\/en\/#organization"},"potentialAction":[{"@type":"SearchAction","target":{"@type":"EntryPoint","urlTemplate":"https:\/\/www.veltec.eu\/en\/?s={search_term_string}"},"query-input":{"@type":"PropertyValueSpecification","valueRequired":true,"valueName":"search_term_string"}}],"inLanguage":"es"},{"@type":"Organization","@id":"https:\/\/www.veltec.eu\/en\/#organization","name":"Veltec Kirby Specialist","url":"https:\/\/www.veltec.eu\/en\/","logo":{"@type":"ImageObject","inLanguage":"es","@id":"https:\/\/www.veltec.eu\/en\/#\/schema\/logo\/image\/","url":"https:\/\/www.veltec.eu\/wp-content\/uploads\/2021\/12\/Veltec-log-groot-e1537260889125.png","contentUrl":"https:\/\/www.veltec.eu\/wp-content\/uploads\/2021\/12\/Veltec-log-groot-e1537260889125.png","width":200,"height":60,"caption":"Veltec Kirby Specialist"},"image":{"@id":"https:\/\/www.veltec.eu\/en\/#\/schema\/logo\/image\/"},"sameAs":["https:\/\/www.facebook.com\/Veltec-Kirby-Specialist-236746293374877\/","https:\/\/www.youtube.com\/user\/VeltecService"]}]}},"_links":{"self":[{"href":"https:\/\/www.veltec.eu\/es\/wp-json\/wp\/v2\/product\/10122","targetHints":{"allow":["GET"]}}],"collection":[{"href":"https:\/\/www.veltec.eu\/es\/wp-json\/wp\/v2\/product"}],"about":[{"href":"https:\/\/www.veltec.eu\/es\/wp-json\/wp\/v2\/types\/product"}],"replies":[{"embeddable":true,"href":"https:\/\/www.veltec.eu\/es\/wp-json\/wp\/v2\/comments?post=10122"}],"wp:featuredmedia":[{"embeddable":true,"href":"https:\/\/www.veltec.eu\/es\/wp-json\/wp\/v2\/media\/90492"}],"wp:attachment":[{"href":"https:\/\/www.veltec.eu\/es\/wp-json\/wp\/v2\/media?parent=10122"}],"wp:term":[{"taxonomy":"product_brand","embeddable":true,"href":"https:\/\/www.veltec.eu\/es\/wp-json\/wp\/v2\/product_brand?post=10122"},{"taxonomy":"product_cat","embeddable":true,"href":"https:\/\/www.veltec.eu\/es\/wp-json\/wp\/v2\/product_cat?post=10122"},{"taxonomy":"product_tag","embeddable":true,"href":"https:\/\/www.veltec.eu\/es\/wp-json\/wp\/v2\/product_tag?post=10122"}],"curies":[{"name":"wp","href":"https:\/\/api.w.org\/{rel}","templated":true}]}}