{"id":88506,"date":"2026-02-18T12:58:56","date_gmt":"2026-02-18T10:58:56","guid":{"rendered":"https:\/\/www.veltec.eu\/que-modelo-de-kirby-tengo\/"},"modified":"2026-02-18T13:09:13","modified_gmt":"2026-02-18T11:09:13","slug":"que-modelo-de-kirby-tengo","status":"publish","type":"page","link":"https:\/\/www.veltec.eu\/es\/que-modelo-de-kirby-tengo\/","title":{"rendered":"\u00bfQu\u00e9 modelo de Kirby tengo?"},"content":{"rendered":"<section  class='av_textblock_section av-27n1sfp-b0bfc8076f743886a886863e8aa5bc65 '   itemscope=\"itemscope\" itemtype=\"https:\/\/schema.org\/CreativeWork\" ><div class='avia_textblock'  itemprop=\"text\" ><h1 data-start=\"87\" data-end=\"110\">\u00bfQu\u00e9 modelo de Kirby tengo?<\/h1>\n<p><img decoding=\"async\" class=\"alignnone wp-image-42583 size-full\" src=\"https:\/\/www.veltec.eu\/wp-content\/uploads\/2021\/10\/Kirby-modellen5.jpg\" alt=\"\u00bfQu\u00e9 modelo de Kirby tengo?\" width=\"1400\" height=\"301\" srcset=\"https:\/\/www.veltec.eu\/wp-content\/uploads\/2021\/10\/Kirby-modellen5.jpg 1400w, https:\/\/www.veltec.eu\/wp-content\/uploads\/2021\/10\/Kirby-modellen5-300x65.jpg 300w, https:\/\/www.veltec.eu\/wp-content\/uploads\/2021\/10\/Kirby-modellen5-1030x221.jpg 1030w, https:\/\/www.veltec.eu\/wp-content\/uploads\/2021\/10\/Kirby-modellen5-768x165.jpg 768w, https:\/\/www.veltec.eu\/wp-content\/uploads\/2021\/10\/Kirby-modellen5-705x152.jpg 705w, https:\/\/www.veltec.eu\/wp-content\/uploads\/2021\/10\/Kirby-modellen5-600x129.jpg 600w\" sizes=\"(max-width: 1400px) 100vw, 1400px\" \/><\/p>\n<\/div><\/section>\n\n<style type=\"text\/css\" data-created_by=\"avia_inline_auto\" id=\"style-css-av-6u01i-294e84c5e5ccbb05371eb2d59b098352\">\n#top .hr.hr-invisible.av-6u01i-294e84c5e5ccbb05371eb2d59b098352{\nheight:50px;\n}\n<\/style>\n<div  class='hr av-6u01i-294e84c5e5ccbb05371eb2d59b098352 hr-invisible  avia-builder-el-1  el_after_av_textblock  el_before_av_textblock '><span class='hr-inner '><span class=\"hr-inner-style\"><\/span><\/span><\/div>\n<section  class='av_textblock_section av-mlqjgijv-23b6673a7c69151b062def148a89c154 '   itemscope=\"itemscope\" itemtype=\"https:\/\/schema.org\/CreativeWork\" ><div class='avia_textblock'  itemprop=\"text\" ><h2 data-start=\"87\" data-end=\"110\">\u00bfQu\u00e9 modelo de Kirby tengo?<\/h2>\n<p data-start=\"112\" data-end=\"442\">\u00bfQuiere saber qu\u00e9 modelo de aspiradora tiene exactamente? Con esta pr\u00e1ctica gu\u00eda, descubrir\u00e1 r\u00e1pida y f\u00e1cilmente qu\u00e9 modelo Kirby tiene, para que siempre pueda pedir los repuestos y accesorios adecuados. Este resumen le ayudar\u00e1 a navegar por la amplia gama de modelos Kirby y evitar\u00e1 errores al comprar repuestos.<\/p>\n<p>\n<style type=\"text\/css\" data-created_by=\"avia_inline_auto\" id=\"style-css-av-1mf4i51-2143fca09532cd7f3da825eb1030ab5d\">\n#top .hr.hr-invisible.av-1mf4i51-2143fca09532cd7f3da825eb1030ab5d{\nheight:10px;\n}\n<\/style>\n<div  class='hr av-1mf4i51-2143fca09532cd7f3da825eb1030ab5d hr-invisible  avia-builder-el-3  el_before_av_button  avia-builder-el-first '><span class='hr-inner '><span class=\"hr-inner-style\"><\/span><\/span><\/div><br \/>\n<div  class='avia-button-wrap av-txpmyd-ae598409402152471b40fef64fa7ed15-wrap avia-button-center  avia-builder-el-4  el_after_av_hr  el_before_av_hr '>\n<style type=\"text\/css\" data-created_by=\"avia_inline_auto\" id=\"style-css-av-txpmyd-ae598409402152471b40fef64fa7ed15\">\n#top #wrap_all .avia-button.av-txpmyd-ae598409402152471b40fef64fa7ed15{\nfont-size:15px;\nbackground-color:#2d5c88;\nborder-color:#2d5c88;\ncolor:#ffffff;\nborder-radius:10px 10px 10px 10px;\ntransition:all 0.4s ease-in-out;\n}\n#top #wrap_all.avia-button.av-txpmyd-ae598409402152471b40fef64fa7ed15:hover .avia_button_background{\nborder-radius:10px 10px 10px 10px;\n}\n#top #wrap_all .avia-button.av-txpmyd-ae598409402152471b40fef64fa7ed15 .avia-svg-icon svg:first-child{\nfill:#ffffff;\nstroke:#ffffff;\n}\n<\/style>\n<a href='https:\/\/www.veltec.eu\/es\/modelo-kirby\/'  class='avia-button av-txpmyd-ae598409402152471b40fef64fa7ed15 av-link-btn avia-icon_select-yes-left-icon avia-size-medium avia-position-center'  target=\"_blank\"  rel=\"noopener noreferrer\"  aria-label=\"\u00bfEn qu\u00e9 se diferencian los Modelo Kirby?\"><span class='avia_button_icon avia_button_icon_left avia-svg-icon avia-font-svg_entypo-fontello' data-av_svg_icon='info-circled' data-av_iconset='svg_entypo-fontello'><svg version=\"1.1\" xmlns=\"http:\/\/www.w3.org\/2000\/svg\" width=\"29\" height=\"32\" viewBox=\"0 0 29 32\" preserveAspectRatio=\"xMidYMid meet\" aria-labelledby='av-svg-title-1' aria-describedby='av-svg-desc-1' role=\"graphics-symbol\">\n<title id='av-svg-title-1'>Info-circled<\/title>\n<desc id='av-svg-desc-1'>Info-circled<\/desc>\n<path d=\"M14.528 1.28q6.080-0.064 10.432 4.16t4.48 10.304q0.064 6.080-4.192 10.464t-10.336 4.512q-6.080 0.064-10.464-4.192t-4.448-10.336q-0.128-6.080 4.16-10.464t10.368-4.448zM16.192 6.144q-1.344 0-2.080 0.768t-0.736 1.6q-0.064 0.896 0.48 1.408t1.568 0.512q1.216 0 1.952-0.704t0.736-1.728q0-1.856-1.92-1.856zM12.352 25.152q0.96 0 2.688-0.832t3.392-2.496l-0.576-0.768q-1.536 1.152-2.304 1.152-0.448 0-0.128-1.216l1.344-5.12q0.832-3.072-0.704-3.072-0.96 0-2.848 0.928t-3.68 2.4l0.512 0.832q1.664-1.088 2.368-1.088 0.384 0 0 1.088l-1.152 4.864q-0.832 3.328 1.088 3.328z\"><\/path>\n<\/svg><\/span><span class='avia_iconbox_title' >\u00bfEn qu\u00e9 se diferencian los Modelo Kirby?<\/span><\/a><\/div><\/p>\n<p data-start=\"444\" data-end=\"503\">\n<style type=\"text\/css\" data-created_by=\"avia_inline_auto\" id=\"style-css-av-rswpx1-0c84fd40e4c90b7ddbaf5a5235c7739f\">\n#top .hr.hr-invisible.av-rswpx1-0c84fd40e4c90b7ddbaf5a5235c7739f{\nheight:10px;\n}\n<\/style>\n<div  class='hr av-rswpx1-0c84fd40e4c90b7ddbaf5a5235c7739f hr-invisible  avia-builder-el-5  el_after_av_button  avia-builder-el-last '><span class='hr-inner '><span class=\"hr-inner-style\"><\/span><\/span><\/div><\/p>\n<h2 data-start=\"444\" data-end=\"503\">Por qu\u00e9 es importante saberlo:<\/h2>\n<p data-start=\"505\" data-end=\"1073\">En los 100 a\u00f1os de existencia de Kirby, el fabricante ha lanzado nada menos que 28 modelos diferentes. Por ello, a veces puede resultar dif\u00edcil identificar el tipo exacto de aspiradora. Especialmente desde la introducci\u00f3n de la serie Generation en 1990, muchos modelos son universales, lo que significa que la mayor\u00eda de las piezas son compatibles con varios modelos. No obstante, hay algunas excepciones. Por eso es fundamental saber exactamente qu\u00e9 modelo tiene. Solo as\u00ed podr\u00e1 evitar pedir piezas que no encajan o que limitan la funcionalidad.<\/p>\n<h2 data-start=\"1075\" data-end=\"1122\">C\u00f3mo reconocer su modelo: \u00bfQu\u00e9 modelo de Kirby tengo?<\/h2>\n<p data-start=\"1124\" data-end=\"1672\">En primer lugar, es \u00fatil comprobar el n\u00famero de serie de su Kirby. Este n\u00famero suele encontrarse en la parte inferior y lateral de la m\u00e1quina. Adem\u00e1s, las caracter\u00edsticas externas, como el dise\u00f1o de la carcasa, el color y la ubicaci\u00f3n de los botones, pueden ayudar a identificarla. Por otra parte, los accesorios espec\u00edficos y los cepillos incluidos de serie suelen dar pistas sobre el modelo. Gracias a esta informaci\u00f3n, podr\u00e1 saber inmediatamente qu\u00e9 aspiradora Kirby tiene, de modo que podr\u00e1 pedir el art\u00edculo adecuado para su tipo de Kirby.<\/p>\n<h3 data-start=\"1674\" data-end=\"1718\">Consejos para pedir piezas de repuesto<\/h3>\n<p data-start=\"1720\" data-end=\"2103\">Una vez que sepa qu\u00e9 modelo tiene, podr\u00e1 buscar las piezas adecuadas. Preste especial atenci\u00f3n a las piezas universales que son compatibles con varias generaciones, pero compruebe siempre si hay excepciones. El uso de piezas originales o compatibles garantiza que su aspiradora Kirby siga funcionando de manera \u00f3ptima y prolonga considerablemente su vida \u00fatil.<\/p>\n<div class=\"trustpilot-widget\" data-locale=\"nl-NL\" data-template-id=\"5613c9cde69ddc09340c6beb\" data-businessunit-id=\"4e1b158d00006400051028e4\" data-style-height=\"100%\" data-style-width=\"100%\" data-theme=\"light\"><a href=\"https:\/\/nl.trustpilot.com\/review\/www.veltec.eu\" target=\"_blank\" rel=\"noopener\"><img decoding=\"async\" class=\"aligncenter wp-image-55206 size-full\" src=\"https:\/\/www.veltec.eu\/wp-content\/uploads\/2023\/12\/NL.jpg\" alt=\"\" width=\"774\" height=\"75\" srcset=\"https:\/\/www.veltec.eu\/wp-content\/uploads\/2023\/12\/NL.jpg 774w, https:\/\/www.veltec.eu\/wp-content\/uploads\/2023\/12\/NL-300x29.jpg 300w, https:\/\/www.veltec.eu\/wp-content\/uploads\/2023\/12\/NL-768x74.jpg 768w, https:\/\/www.veltec.eu\/wp-content\/uploads\/2023\/12\/NL-705x68.jpg 705w, https:\/\/www.veltec.eu\/wp-content\/uploads\/2023\/12\/NL-450x44.jpg 450w, https:\/\/www.veltec.eu\/wp-content\/uploads\/2023\/12\/NL-600x58.jpg 600w, https:\/\/www.veltec.eu\/wp-content\/uploads\/2023\/12\/NL-190x18.jpg 190w, https:\/\/www.veltec.eu\/wp-content\/uploads\/2023\/12\/NL-750x73.jpg 750w\" sizes=\"(max-width: 774px) 100vw, 774px\" \/><\/a><\/div>\n<p><!-- End TrustBox widget --><\/p>\n<\/div><\/section>\n","protected":false},"excerpt":{"rendered":"","protected":false},"author":1,"featured_media":0,"parent":0,"menu_order":0,"comment_status":"closed","ping_status":"closed","template":"","meta":{"footnotes":""},"class_list":["post-88506","page","type-page","status-publish","hentry"],"yoast_head":"<!-- This site is optimized with the Yoast SEO Premium plugin v27.1 (Yoast SEO v27.2) - https:\/\/yoast.com\/product\/yoast-seo-premium-wordpress\/ -->\n<title>\u00bfQu\u00e9 modelo de Kirby tengo? - Especialista en Veltec Kirby<\/title>\n<meta name=\"description\" content=\"Compruebe aqu\u00ed qu\u00e9 modelo de aspiradora Kirby tiene. Veltec es proveedor de aspiradoras Kirby desde hace m\u00e1s de 25 a\u00f1os.\" \/>\n<meta name=\"robots\" content=\"index, follow, max-snippet:-1, max-image-preview:large, max-video-preview:-1\" \/>\n<link rel=\"canonical\" href=\"https:\/\/www.veltec.eu\/es\/que-modelo-de-kirby-tengo\/\" \/>\n<meta property=\"og:locale\" content=\"es_ES\" \/>\n<meta property=\"og:type\" content=\"article\" \/>\n<meta property=\"og:title\" content=\"\u00bfQu\u00e9 modelo de Kirby tengo?\" \/>\n<meta property=\"og:url\" content=\"https:\/\/www.veltec.eu\/es\/que-modelo-de-kirby-tengo\/\" \/>\n<meta property=\"og:site_name\" content=\"Veltec Kirby specialist\" \/>\n<meta property=\"article:publisher\" content=\"https:\/\/www.facebook.com\/Veltec-Kirby-Specialist-236746293374877\/\" \/>\n<meta property=\"article:modified_time\" content=\"2026-02-18T11:09:13+00:00\" \/>\n<meta property=\"og:image\" content=\"https:\/\/www.veltec.eu\/wp-content\/uploads\/2021\/10\/Kirby-modellen5.jpg\" \/>\n<meta name=\"twitter:card\" content=\"summary_large_image\" \/>\n<meta name=\"twitter:label1\" content=\"Tiempo de lectura\" \/>\n\t<meta name=\"twitter:data1\" content=\"2 minutos\" \/>\n<script type=\"application\/ld+json\" class=\"yoast-schema-graph\">{\"@context\":\"https:\/\/schema.org\",\"@graph\":[{\"@type\":\"WebPage\",\"@id\":\"https:\/\/www.veltec.eu\/es\/que-modelo-de-kirby-tengo\/\",\"url\":\"https:\/\/www.veltec.eu\/es\/que-modelo-de-kirby-tengo\/\",\"name\":\"\u00bfQu\u00e9 modelo de Kirby tengo? - Especialista en Veltec Kirby\",\"isPartOf\":{\"@id\":\"https:\/\/www.veltec.eu\/en\/#website\"},\"primaryImageOfPage\":{\"@id\":\"https:\/\/www.veltec.eu\/es\/que-modelo-de-kirby-tengo\/#primaryimage\"},\"image\":{\"@id\":\"https:\/\/www.veltec.eu\/es\/que-modelo-de-kirby-tengo\/#primaryimage\"},\"thumbnailUrl\":\"https:\/\/www.veltec.eu\/wp-content\/uploads\/2021\/10\/Kirby-modellen5.jpg\",\"datePublished\":\"2026-02-18T10:58:56+00:00\",\"dateModified\":\"2026-02-18T11:09:13+00:00\",\"description\":\"Compruebe aqu\u00ed qu\u00e9 modelo de aspiradora Kirby tiene. Veltec es proveedor de aspiradoras Kirby desde hace m\u00e1s de 25 a\u00f1os.\",\"breadcrumb\":{\"@id\":\"https:\/\/www.veltec.eu\/es\/que-modelo-de-kirby-tengo\/#breadcrumb\"},\"inLanguage\":\"es\",\"potentialAction\":[{\"@type\":\"ReadAction\",\"target\":[\"https:\/\/www.veltec.eu\/es\/que-modelo-de-kirby-tengo\/\"]}]},{\"@type\":\"ImageObject\",\"inLanguage\":\"es\",\"@id\":\"https:\/\/www.veltec.eu\/es\/que-modelo-de-kirby-tengo\/#primaryimage\",\"url\":\"https:\/\/www.veltec.eu\/wp-content\/uploads\/2021\/10\/Kirby-modellen5.jpg\",\"contentUrl\":\"https:\/\/www.veltec.eu\/wp-content\/uploads\/2021\/10\/Kirby-modellen5.jpg\"},{\"@type\":\"BreadcrumbList\",\"@id\":\"https:\/\/www.veltec.eu\/es\/que-modelo-de-kirby-tengo\/#breadcrumb\",\"itemListElement\":[{\"@type\":\"ListItem\",\"position\":1,\"name\":\"Home\",\"item\":\"https:\/\/www.veltec.eu\/es\/\"},{\"@type\":\"ListItem\",\"position\":2,\"name\":\"\u00bfQu\u00e9 modelo de Kirby tengo?\"}]},{\"@type\":\"WebSite\",\"@id\":\"https:\/\/www.veltec.eu\/en\/#website\",\"url\":\"https:\/\/www.veltec.eu\/en\/\",\"name\":\"Veltec Kirby specialist\",\"description\":\"Kirby stofzuiger producten\",\"publisher\":{\"@id\":\"https:\/\/www.veltec.eu\/en\/#organization\"},\"potentialAction\":[{\"@type\":\"SearchAction\",\"target\":{\"@type\":\"EntryPoint\",\"urlTemplate\":\"https:\/\/www.veltec.eu\/en\/?s={search_term_string}\"},\"query-input\":{\"@type\":\"PropertyValueSpecification\",\"valueRequired\":true,\"valueName\":\"search_term_string\"}}],\"inLanguage\":\"es\"},{\"@type\":\"Organization\",\"@id\":\"https:\/\/www.veltec.eu\/en\/#organization\",\"name\":\"Veltec Kirby Specialist\",\"url\":\"https:\/\/www.veltec.eu\/en\/\",\"logo\":{\"@type\":\"ImageObject\",\"inLanguage\":\"es\",\"@id\":\"https:\/\/www.veltec.eu\/en\/#\/schema\/logo\/image\/\",\"url\":\"https:\/\/www.veltec.eu\/wp-content\/uploads\/2021\/12\/Veltec-log-groot-e1537260889125.png\",\"contentUrl\":\"https:\/\/www.veltec.eu\/wp-content\/uploads\/2021\/12\/Veltec-log-groot-e1537260889125.png\",\"width\":200,\"height\":60,\"caption\":\"Veltec Kirby Specialist\"},\"image\":{\"@id\":\"https:\/\/www.veltec.eu\/en\/#\/schema\/logo\/image\/\"},\"sameAs\":[\"https:\/\/www.facebook.com\/Veltec-Kirby-Specialist-236746293374877\/\",\"https:\/\/www.youtube.com\/user\/VeltecService\"]}]}<\/script>\n<!-- \/ Yoast SEO Premium plugin. -->","yoast_head_json":{"title":"\u00bfQu\u00e9 modelo de Kirby tengo? - Especialista en Veltec Kirby","description":"Compruebe aqu\u00ed qu\u00e9 modelo de aspiradora Kirby tiene. Veltec es proveedor de aspiradoras Kirby desde hace m\u00e1s de 25 a\u00f1os.","robots":{"index":"index","follow":"follow","max-snippet":"max-snippet:-1","max-image-preview":"max-image-preview:large","max-video-preview":"max-video-preview:-1"},"canonical":"https:\/\/www.veltec.eu\/es\/que-modelo-de-kirby-tengo\/","og_locale":"es_ES","og_type":"article","og_title":"\u00bfQu\u00e9 modelo de Kirby tengo?","og_url":"https:\/\/www.veltec.eu\/es\/que-modelo-de-kirby-tengo\/","og_site_name":"Veltec Kirby specialist","article_publisher":"https:\/\/www.facebook.com\/Veltec-Kirby-Specialist-236746293374877\/","article_modified_time":"2026-02-18T11:09:13+00:00","og_image":[{"url":"https:\/\/www.veltec.eu\/wp-content\/uploads\/2021\/10\/Kirby-modellen5.jpg","type":"","width":"","height":""}],"twitter_card":"summary_large_image","twitter_misc":{"Tiempo de lectura":"2 minutos"},"schema":{"@context":"https:\/\/schema.org","@graph":[{"@type":"WebPage","@id":"https:\/\/www.veltec.eu\/es\/que-modelo-de-kirby-tengo\/","url":"https:\/\/www.veltec.eu\/es\/que-modelo-de-kirby-tengo\/","name":"\u00bfQu\u00e9 modelo de Kirby tengo? - Especialista en Veltec Kirby","isPartOf":{"@id":"https:\/\/www.veltec.eu\/en\/#website"},"primaryImageOfPage":{"@id":"https:\/\/www.veltec.eu\/es\/que-modelo-de-kirby-tengo\/#primaryimage"},"image":{"@id":"https:\/\/www.veltec.eu\/es\/que-modelo-de-kirby-tengo\/#primaryimage"},"thumbnailUrl":"https:\/\/www.veltec.eu\/wp-content\/uploads\/2021\/10\/Kirby-modellen5.jpg","datePublished":"2026-02-18T10:58:56+00:00","dateModified":"2026-02-18T11:09:13+00:00","description":"Compruebe aqu\u00ed qu\u00e9 modelo de aspiradora Kirby tiene. Veltec es proveedor de aspiradoras Kirby desde hace m\u00e1s de 25 a\u00f1os.","breadcrumb":{"@id":"https:\/\/www.veltec.eu\/es\/que-modelo-de-kirby-tengo\/#breadcrumb"},"inLanguage":"es","potentialAction":[{"@type":"ReadAction","target":["https:\/\/www.veltec.eu\/es\/que-modelo-de-kirby-tengo\/"]}]},{"@type":"ImageObject","inLanguage":"es","@id":"https:\/\/www.veltec.eu\/es\/que-modelo-de-kirby-tengo\/#primaryimage","url":"https:\/\/www.veltec.eu\/wp-content\/uploads\/2021\/10\/Kirby-modellen5.jpg","contentUrl":"https:\/\/www.veltec.eu\/wp-content\/uploads\/2021\/10\/Kirby-modellen5.jpg"},{"@type":"BreadcrumbList","@id":"https:\/\/www.veltec.eu\/es\/que-modelo-de-kirby-tengo\/#breadcrumb","itemListElement":[{"@type":"ListItem","position":1,"name":"Home","item":"https:\/\/www.veltec.eu\/es\/"},{"@type":"ListItem","position":2,"name":"\u00bfQu\u00e9 modelo de Kirby tengo?"}]},{"@type":"WebSite","@id":"https:\/\/www.veltec.eu\/en\/#website","url":"https:\/\/www.veltec.eu\/en\/","name":"Veltec Kirby specialist","description":"Kirby stofzuiger producten","publisher":{"@id":"https:\/\/www.veltec.eu\/en\/#organization"},"potentialAction":[{"@type":"SearchAction","target":{"@type":"EntryPoint","urlTemplate":"https:\/\/www.veltec.eu\/en\/?s={search_term_string}"},"query-input":{"@type":"PropertyValueSpecification","valueRequired":true,"valueName":"search_term_string"}}],"inLanguage":"es"},{"@type":"Organization","@id":"https:\/\/www.veltec.eu\/en\/#organization","name":"Veltec Kirby Specialist","url":"https:\/\/www.veltec.eu\/en\/","logo":{"@type":"ImageObject","inLanguage":"es","@id":"https:\/\/www.veltec.eu\/en\/#\/schema\/logo\/image\/","url":"https:\/\/www.veltec.eu\/wp-content\/uploads\/2021\/12\/Veltec-log-groot-e1537260889125.png","contentUrl":"https:\/\/www.veltec.eu\/wp-content\/uploads\/2021\/12\/Veltec-log-groot-e1537260889125.png","width":200,"height":60,"caption":"Veltec Kirby Specialist"},"image":{"@id":"https:\/\/www.veltec.eu\/en\/#\/schema\/logo\/image\/"},"sameAs":["https:\/\/www.facebook.com\/Veltec-Kirby-Specialist-236746293374877\/","https:\/\/www.youtube.com\/user\/VeltecService"]}]}},"_links":{"self":[{"href":"https:\/\/www.veltec.eu\/es\/wp-json\/wp\/v2\/pages\/88506","targetHints":{"allow":["GET"]}}],"collection":[{"href":"https:\/\/www.veltec.eu\/es\/wp-json\/wp\/v2\/pages"}],"about":[{"href":"https:\/\/www.veltec.eu\/es\/wp-json\/wp\/v2\/types\/page"}],"author":[{"embeddable":true,"href":"https:\/\/www.veltec.eu\/es\/wp-json\/wp\/v2\/users\/1"}],"replies":[{"embeddable":true,"href":"https:\/\/www.veltec.eu\/es\/wp-json\/wp\/v2\/comments?post=88506"}],"version-history":[{"count":3,"href":"https:\/\/www.veltec.eu\/es\/wp-json\/wp\/v2\/pages\/88506\/revisions"}],"predecessor-version":[{"id":88509,"href":"https:\/\/www.veltec.eu\/es\/wp-json\/wp\/v2\/pages\/88506\/revisions\/88509"}],"wp:attachment":[{"href":"https:\/\/www.veltec.eu\/es\/wp-json\/wp\/v2\/media?parent=88506"}],"curies":[{"name":"wp","href":"https:\/\/api.w.org\/{rel}","templated":true}]}}