{"id":72285,"date":"2024-12-20T13:00:06","date_gmt":"2024-12-20T11:00:06","guid":{"rendered":"https:\/\/www.veltec.eu\/a-propos-de-nous\/"},"modified":"2025-11-25T12:22:08","modified_gmt":"2025-11-25T10:22:08","slug":"acerca-de-veltec","status":"publish","type":"page","link":"https:\/\/www.veltec.eu\/es\/acerca-de-veltec\/","title":{"rendered":"Acerca de Veltec."},"content":{"rendered":"\n<style type=\"text\/css\" data-created_by=\"avia_inline_auto\" id=\"style-css-av-7w5iu-d155c6401ae56910cd861036c61b1ec0\">\n.flex_column.av-7w5iu-d155c6401ae56910cd861036c61b1ec0{\nborder-radius:0px 0px 0px 0px;\npadding:0px 0px 0px 0px;\n}\n<\/style>\n<div  class='flex_column av-7w5iu-d155c6401ae56910cd861036c61b1ec0 av_one_half  avia-builder-el-0  el_before_av_one_half  avia-builder-el-first  first flex_column_div av-zero-column-padding  '     ><style type=\"text\/css\" data-created_by=\"avia_inline_auto\" id=\"style-css-av-jmbpxor4-6ffeee15103e47ae716457111a7e03af\">\n.avia-image-container.av-jmbpxor4-6ffeee15103e47ae716457111a7e03af img.avia_image{\nbox-shadow:none;\n}\n.avia-image-container.av-jmbpxor4-6ffeee15103e47ae716457111a7e03af .av-image-caption-overlay-center{\ncolor:#ffffff;\n}\n<\/style>\n<div  class='avia-image-container av-jmbpxor4-6ffeee15103e47ae716457111a7e03af av-styling- avia-align-left  avia-builder-el-1  avia-builder-el-no-sibling '   itemprop=\"image\" itemscope=\"itemscope\" itemtype=\"https:\/\/schema.org\/ImageObject\" ><div class=\"avia-image-container-inner\"><div class=\"avia-image-overlay-wrap\"><img decoding=\"async\" fetchpriority=\"high\" class='wp-image-1701 avia-img-lazy-loading-not-1701 avia_image ' src=\"https:\/\/www.veltec.eu\/wp-content\/uploads\/2018\/09\/Veltec-Kirby-specialist.png\" alt='Acerca de Veltec' title='Acerca de Veltec'  height=\"400\" width=\"600\"  itemprop=\"thumbnailUrl\" srcset=\"https:\/\/www.veltec.eu\/wp-content\/uploads\/2018\/09\/Veltec-Kirby-specialist.png 600w, https:\/\/www.veltec.eu\/wp-content\/uploads\/2018\/09\/Veltec-Kirby-specialist-300x200.png 300w\" sizes=\"(max-width: 600px) 100vw, 600px\" \/><\/div><\/div><\/div><\/div>\n\n<style type=\"text\/css\" data-created_by=\"avia_inline_auto\" id=\"style-css-av-egs1i-02729923fc63d507d062c49c009d0838\">\n.flex_column.av-egs1i-02729923fc63d507d062c49c009d0838{\nborder-radius:0px 0px 0px 0px;\npadding:0px 0px 0px 0px;\n}\n<\/style>\n<div  class='flex_column av-egs1i-02729923fc63d507d062c49c009d0838 av_one_half  avia-builder-el-2  el_after_av_one_half  el_before_av_one_full  flex_column_div av-zero-column-padding  '     ><section  class='av_textblock_section av-jm7jrhis-a4a33d7b7eb451aef479c8932c7a6e15 '   itemscope=\"itemscope\" itemtype=\"https:\/\/schema.org\/CreativeWork\" ><div class='avia_textblock'  itemprop=\"text\" ><h1>Acerca de Veltec.<\/h1>\n<p><a href=\"https:\/\/www.veltec.eu\/es\/\">Veltec Kirby specialist<\/a> es uno de los principales especialistas Kirby de nuestro pa\u00eds en el campo de los productos y servicios Kirby para el cuidado del hogar.<\/p>\n<p>Fundada en 1997, la empresa ha visto pr\u00e1cticamente todas las evoluciones del mercado.<\/p>\n<p data-start=\"82\" data-end=\"428\">Veltec Kirby Specialist es un proveedor de servicios independiente y altamente experimentado, especializado en el mantenimiento, la reparaci\u00f3n y la asistencia de productos Kirby. Gracias a nuestro conocimiento experto, podemos ofrecer un servicio de alta calidad y garant\u00edas completas adaptadas a las necesidades e intereses de nuestros clientes.<\/p>\n<p data-start=\"430\" data-end=\"871\">Aunque trabajamos con productos Kirby, operamos de manera totalmente independiente. No tenemos ninguna obligaci\u00f3n ni colaboraci\u00f3n con Kirby Company en relaci\u00f3n con la compra, venta o prestaci\u00f3n de servicios. Veltec Kirby Specialist no est\u00e1 afiliado, asociado ni autorizado por Kirby Company en ning\u00fan lugar del mundo. Esta independencia nos permite ofrecer a nuestros clientes soluciones honestas, imparciales y centradas en sus necesidades.<\/p>\n<\/div><\/section><\/div>\n<style type=\"text\/css\" data-created_by=\"avia_inline_auto\" id=\"style-css-av-94l26-55f30d40958deb6669b3a1da7f99c0ad\">\n.flex_column.av-94l26-55f30d40958deb6669b3a1da7f99c0ad{\nborder-radius:0px 0px 0px 0px;\npadding:0px 0px 0px 0px;\n}\n<\/style>\n<div  class='flex_column av-94l26-55f30d40958deb6669b3a1da7f99c0ad av_one_full  avia-builder-el-4  el_after_av_one_half  el_before_av_one_fourth  first flex_column_div av-zero-column-padding  column-top-margin'     ><section  class='av_textblock_section av-jmbq3rs3-8ac10c6b485dbaa7934d38669dbf2535 '   itemscope=\"itemscope\" itemtype=\"https:\/\/schema.org\/CreativeWork\" ><div class='avia_textblock'  itemprop=\"text\" ><h2>Nuestro sitio web<\/h2>\n<p><a href=\"https:\/\/www.veltec.eu\/es\/tienda-kirby\/\">Veltec.eu<\/a> es una tienda web de Kirby, que forma parte del especialista en Kirby Veltec. Los clientes encontrar\u00e1n en www.veltec.eu no s\u00f3lo los \u00faltimos productos Kirby para el cuidado del hogar, sino tambi\u00e9n los menos conocidos. La empresa ofrece a consumidores y empresas m\u00e1s de 180 productos originales Kirby para el cuidado del hogar que distribuimos en los Pa\u00edses Bajos, B\u00e9lgica, Alemania, Luxemburgo, Francia, Espa\u00f1a, Portugal, Italia, Austria y Suiza. Adem\u00e1s de la rapidez y comodidad de la compra por Internet, el especialista Veltec Kirby se caracteriza tambi\u00e9n por su contacto personal con el cliente. A trav\u00e9s de un sistema automatizado \u00fanico, Veltec Kirby specialist garantiza la entrega en 48 horas a precios competitivos.<\/p>\n<p>En conclusi\u00f3n&#8230; le deseamos mucho \u00e9xito y placer al comprar en nuestro sitio y le damos la bienvenida como cliente.<\/p>\n<\/div><\/section><\/div><\/p>\n\n<style type=\"text\/css\" data-created_by=\"avia_inline_auto\" id=\"style-css-av-btvdi-18df38b02f0aad0194fb1e6e2c8ed7a3\">\n.flex_column.av-btvdi-18df38b02f0aad0194fb1e6e2c8ed7a3{\nborder-radius:0px 0px 0px 0px;\npadding:0px 0px 0px 0px;\n}\n<\/style>\n<div  class='flex_column av-btvdi-18df38b02f0aad0194fb1e6e2c8ed7a3 av_one_fourth  avia-builder-el-6  el_after_av_one_full  el_before_av_two_fifth  first flex_column_div av-zero-column-padding  column-top-margin'     ><style type=\"text\/css\" data-created_by=\"avia_inline_auto\" id=\"style-css-av-kxeni5hm-ce40c0dcd2f99f757c5abf9a3ec119bb\">\n.avia-image-container.av-kxeni5hm-ce40c0dcd2f99f757c5abf9a3ec119bb img.avia_image{\nbox-shadow:none;\n}\n.avia-image-container.av-kxeni5hm-ce40c0dcd2f99f757c5abf9a3ec119bb .av-image-caption-overlay-center{\ncolor:#ffffff;\n}\n<\/style>\n<div  class='avia-image-container av-kxeni5hm-ce40c0dcd2f99f757c5abf9a3ec119bb av-styling- avia-align-center  avia-builder-el-7  avia-builder-el-no-sibling '   itemprop=\"image\" itemscope=\"itemscope\" itemtype=\"https:\/\/schema.org\/ImageObject\" ><div class=\"avia-image-container-inner\"><div class=\"avia-image-overlay-wrap\"><img decoding=\"async\" fetchpriority=\"high\" class='wp-image-43990 avia-img-lazy-loading-not-43990 avia_image ' src=\"https:\/\/www.veltec.eu\/wp-content\/uploads\/2021\/12\/25-jaar-veltec1.png\" alt='' title='Over ons. Veltec is Kirby specialist van Nederland. Naast Kirby stofzuigers bieden wij ook extra services aan voor maximaal profijt.'  height=\"342\" width=\"500\"  itemprop=\"thumbnailUrl\" srcset=\"https:\/\/www.veltec.eu\/wp-content\/uploads\/2021\/12\/25-jaar-veltec1.png 500w, https:\/\/www.veltec.eu\/wp-content\/uploads\/2021\/12\/25-jaar-veltec1-300x205.png 300w\" sizes=\"(max-width: 500px) 100vw, 500px\" \/><\/div><\/div><\/div><\/div>\n\n<style type=\"text\/css\" data-created_by=\"avia_inline_auto\" id=\"style-css-av-99ph2-f8545c615ac6781a1a61a0167b7182e0\">\n.flex_column.av-99ph2-f8545c615ac6781a1a61a0167b7182e0{\nborder-radius:0px 0px 0px 0px;\npadding:0px 0px 0px 0px;\n}\n<\/style>\n<div  class='flex_column av-99ph2-f8545c615ac6781a1a61a0167b7182e0 av_two_fifth  avia-builder-el-8  el_after_av_one_fourth  el_before_av_one_third  flex_column_div av-zero-column-padding  column-top-margin'     ><section  class='av_textblock_section av-jmbs14a1-7ad05cffad557be4eadedcfae774cc2c '   itemscope=\"itemscope\" itemtype=\"https:\/\/schema.org\/CreativeWork\" ><div class='avia_textblock'  itemprop=\"text\" ><p><strong>Los datos de nuestra empresa;<\/strong><\/p>\n<p>Veltec Kirby Especialista<br \/>\nWanraaij 29 M<br \/>\n6673 DM ANDELST<\/p>\n<p>K.v.K. no. 39086156<br \/>\nN\u00famero de IVA NL001933886B03<\/p>\n<\/div><\/section><\/div>\n\n<style type=\"text\/css\" data-created_by=\"avia_inline_auto\" id=\"style-css-av-ba4q6-c57e926ba472343f4c2303f504a9ab4b\">\n.flex_column.av-ba4q6-c57e926ba472343f4c2303f504a9ab4b{\nborder-radius:0px 0px 0px 0px;\npadding:0px 0px 0px 0px;\n}\n<\/style>\n<div  class='flex_column av-ba4q6-c57e926ba472343f4c2303f504a9ab4b av_one_third  avia-builder-el-10  el_after_av_two_fifth  el_before_av_hr  flex_column_div av-zero-column-padding  column-top-margin'     ><style type=\"text\/css\" data-created_by=\"avia_inline_auto\" id=\"style-css-av-jm7kenw9-3ae71f9abca5bfcf3c7df00d446088a0\">\n.avia-image-container.av-jm7kenw9-3ae71f9abca5bfcf3c7df00d446088a0 img.avia_image{\nbox-shadow:none;\n}\n.avia-image-container.av-jm7kenw9-3ae71f9abca5bfcf3c7df00d446088a0 .av-image-caption-overlay-center{\ncolor:#ffffff;\n}\n<\/style>\n<div  class='avia-image-container av-jm7kenw9-3ae71f9abca5bfcf3c7df00d446088a0 av-styling- av-img-linked avia-align-right  avia-builder-el-11  avia-builder-el-no-sibling '   itemprop=\"image\" itemscope=\"itemscope\" itemtype=\"https:\/\/schema.org\/ImageObject\" ><div class=\"avia-image-container-inner\"><div class=\"avia-image-overlay-wrap\"><a href=\"https:\/\/nl.trustpilot.com\/review\/www.veltec.eu\" class='avia_image '  aria-label='Acerca de Veltec'><img decoding=\"async\" fetchpriority=\"high\" class='wp-image-1585 avia-img-lazy-loading-not-1585 avia_image ' src=\"https:\/\/www.veltec.eu\/wp-content\/uploads\/2018\/09\/tp_badge-260.png\" alt='Acerca de Veltec' title='Acerca de Veltec'  height=\"159\" width=\"260\"  itemprop=\"thumbnailUrl\"  \/><\/a><\/div><\/div><\/div><\/div>\n\n<style type=\"text\/css\" data-created_by=\"avia_inline_auto\" id=\"style-css-av-ky0a7506-64da45ae91237f5b662c437901ff2031\">\n#top .hr.hr-invisible.av-ky0a7506-64da45ae91237f5b662c437901ff2031{\nheight:50px;\n}\n<\/style>\n<div  class='hr av-ky0a7506-64da45ae91237f5b662c437901ff2031 hr-invisible  avia-builder-el-12  el_after_av_one_third  el_before_av_textblock '><span class='hr-inner '><span class=\"hr-inner-style\"><\/span><\/span><\/div>\n<section  class='av_textblock_section av-ky0a7i4u-cbbab1eeeb530b1a21988871a3ebcf11 '   itemscope=\"itemscope\" itemtype=\"https:\/\/schema.org\/CreativeWork\" ><div class='avia_textblock'  itemprop=\"text\" >\n<style type=\"text\/css\" data-created_by=\"avia_inline_auto\" id=\"style-css-av-6u01i-294e84c5e5ccbb05371eb2d59b098352\">\n#top .hr.hr-invisible.av-6u01i-294e84c5e5ccbb05371eb2d59b098352{\nheight:50px;\n}\n<\/style>\n<div  class='hr av-6u01i-294e84c5e5ccbb05371eb2d59b098352 hr-invisible  avia-builder-el-14  avia-builder-el-no-sibling '><span class='hr-inner '><span class=\"hr-inner-style\"><\/span><\/span><\/div>\n<p><img decoding=\"async\" class=\"aligncenter wp-image-44337 size-full\" src=\"https:\/\/www.veltec.eu\/wp-content\/uploads\/2021\/12\/Veltec-log-groot-e1537260889125.png\" alt=\"Over Ons\" width=\"200\" height=\"60\" \/><\/p>\n<\/div><\/section>\n","protected":false},"excerpt":{"rendered":"","protected":false},"author":1,"featured_media":0,"parent":0,"menu_order":0,"comment_status":"closed","ping_status":"closed","template":"","meta":{"_acf_changed":false,"footnotes":""},"class_list":["post-72285","page","type-page","status-publish","hentry"],"acf":[],"yoast_head":"<!-- This site is optimized with the Yoast SEO Premium plugin v27.1 (Yoast SEO v27.4) - https:\/\/yoast.com\/product\/yoast-seo-premium-wordpress\/ -->\n<title>Acerca de Veltec.<\/title>\n<meta name=\"description\" content=\"Acerca de Veltec. Veltec es el especialista en Kirby. Adem\u00e1s de aspiradoras Kirby, tambi\u00e9n ofrecemos servicio y mantenimiento.\" \/>\n<meta name=\"robots\" content=\"index, follow, max-snippet:-1, max-image-preview:large, max-video-preview:-1\" \/>\n<link rel=\"canonical\" href=\"https:\/\/www.veltec.eu\/nl\/over-ons\/\" \/>\n<meta property=\"og:locale\" content=\"es_ES\" \/>\n<meta property=\"og:type\" content=\"article\" \/>\n<meta property=\"og:title\" content=\"Acerca de Veltec.\" \/>\n<meta property=\"og:url\" content=\"https:\/\/www.veltec.eu\/nl\/over-ons\/\" \/>\n<meta property=\"og:site_name\" content=\"Veltec Kirby specialist\" \/>\n<meta property=\"article:publisher\" content=\"https:\/\/www.facebook.com\/Veltec-Kirby-Specialist-236746293374877\/\" \/>\n<meta property=\"article:modified_time\" content=\"2025-11-25T10:22:08+00:00\" \/>\n<meta property=\"og:image\" content=\"https:\/\/www.veltec.eu\/wp-content\/uploads\/2021\/12\/Veltec-log-groot-e1537260889125.png\" \/>\n<meta name=\"twitter:card\" content=\"summary_large_image\" \/>\n<meta name=\"twitter:label1\" content=\"Tiempo de lectura\" \/>\n\t<meta name=\"twitter:data1\" content=\"3 minutos\" \/>\n<script type=\"application\/ld+json\" class=\"yoast-schema-graph\">{\"@context\":\"https:\\\/\\\/schema.org\",\"@graph\":[{\"@type\":\"WebPage\",\"@id\":\"https:\\\/\\\/www.veltec.eu\\\/nl\\\/over-ons\\\/\",\"url\":\"https:\\\/\\\/www.veltec.eu\\\/nl\\\/over-ons\\\/\",\"name\":\"Acerca de Veltec.\",\"isPartOf\":{\"@id\":\"https:\\\/\\\/www.veltec.eu\\\/en\\\/#website\"},\"primaryImageOfPage\":{\"@id\":\"https:\\\/\\\/www.veltec.eu\\\/nl\\\/over-ons\\\/#primaryimage\"},\"image\":{\"@id\":\"https:\\\/\\\/www.veltec.eu\\\/nl\\\/over-ons\\\/#primaryimage\"},\"thumbnailUrl\":\"https:\\\/\\\/www.veltec.eu\\\/wp-content\\\/uploads\\\/2021\\\/12\\\/Veltec-log-groot-e1537260889125.png\",\"datePublished\":\"2024-12-20T11:00:06+00:00\",\"dateModified\":\"2025-11-25T10:22:08+00:00\",\"description\":\"Acerca de Veltec. Veltec es el especialista en Kirby. Adem\u00e1s de aspiradoras Kirby, tambi\u00e9n ofrecemos servicio y mantenimiento.\",\"breadcrumb\":{\"@id\":\"https:\\\/\\\/www.veltec.eu\\\/nl\\\/over-ons\\\/#breadcrumb\"},\"inLanguage\":\"es\",\"potentialAction\":[{\"@type\":\"ReadAction\",\"target\":[\"https:\\\/\\\/www.veltec.eu\\\/nl\\\/over-ons\\\/\"]}]},{\"@type\":\"ImageObject\",\"inLanguage\":\"es\",\"@id\":\"https:\\\/\\\/www.veltec.eu\\\/nl\\\/over-ons\\\/#primaryimage\",\"url\":\"https:\\\/\\\/www.veltec.eu\\\/wp-content\\\/uploads\\\/2021\\\/12\\\/Veltec-log-groot-e1537260889125.png\",\"contentUrl\":\"https:\\\/\\\/www.veltec.eu\\\/wp-content\\\/uploads\\\/2021\\\/12\\\/Veltec-log-groot-e1537260889125.png\"},{\"@type\":\"BreadcrumbList\",\"@id\":\"https:\\\/\\\/www.veltec.eu\\\/nl\\\/over-ons\\\/#breadcrumb\",\"itemListElement\":[{\"@type\":\"ListItem\",\"position\":1,\"name\":\"Home\",\"item\":\"https:\\\/\\\/www.veltec.eu\\\/es\\\/\"},{\"@type\":\"ListItem\",\"position\":2,\"name\":\"Acerca de Veltec.\"}]},{\"@type\":\"WebSite\",\"@id\":\"https:\\\/\\\/www.veltec.eu\\\/en\\\/#website\",\"url\":\"https:\\\/\\\/www.veltec.eu\\\/en\\\/\",\"name\":\"Veltec Kirby specialist\",\"description\":\"Kirby stofzuiger producten\",\"publisher\":{\"@id\":\"https:\\\/\\\/www.veltec.eu\\\/en\\\/#organization\"},\"potentialAction\":[{\"@type\":\"SearchAction\",\"target\":{\"@type\":\"EntryPoint\",\"urlTemplate\":\"https:\\\/\\\/www.veltec.eu\\\/en\\\/?s={search_term_string}\"},\"query-input\":{\"@type\":\"PropertyValueSpecification\",\"valueRequired\":true,\"valueName\":\"search_term_string\"}}],\"inLanguage\":\"es\"},{\"@type\":\"Organization\",\"@id\":\"https:\\\/\\\/www.veltec.eu\\\/en\\\/#organization\",\"name\":\"Veltec Kirby Specialist\",\"url\":\"https:\\\/\\\/www.veltec.eu\\\/en\\\/\",\"logo\":{\"@type\":\"ImageObject\",\"inLanguage\":\"es\",\"@id\":\"https:\\\/\\\/www.veltec.eu\\\/en\\\/#\\\/schema\\\/logo\\\/image\\\/\",\"url\":\"https:\\\/\\\/www.veltec.eu\\\/wp-content\\\/uploads\\\/2021\\\/12\\\/Veltec-log-groot-e1537260889125.png\",\"contentUrl\":\"https:\\\/\\\/www.veltec.eu\\\/wp-content\\\/uploads\\\/2021\\\/12\\\/Veltec-log-groot-e1537260889125.png\",\"width\":200,\"height\":60,\"caption\":\"Veltec Kirby Specialist\"},\"image\":{\"@id\":\"https:\\\/\\\/www.veltec.eu\\\/en\\\/#\\\/schema\\\/logo\\\/image\\\/\"},\"sameAs\":[\"https:\\\/\\\/www.facebook.com\\\/Veltec-Kirby-Specialist-236746293374877\\\/\",\"https:\\\/\\\/www.youtube.com\\\/user\\\/VeltecService\"]}]}<\/script>\n<!-- \/ Yoast SEO Premium plugin. -->","yoast_head_json":{"title":"Acerca de Veltec.","description":"Acerca de Veltec. Veltec es el especialista en Kirby. Adem\u00e1s de aspiradoras Kirby, tambi\u00e9n ofrecemos servicio y mantenimiento.","robots":{"index":"index","follow":"follow","max-snippet":"max-snippet:-1","max-image-preview":"max-image-preview:large","max-video-preview":"max-video-preview:-1"},"canonical":"https:\/\/www.veltec.eu\/nl\/over-ons\/","og_locale":"es_ES","og_type":"article","og_title":"Acerca de Veltec.","og_url":"https:\/\/www.veltec.eu\/nl\/over-ons\/","og_site_name":"Veltec Kirby specialist","article_publisher":"https:\/\/www.facebook.com\/Veltec-Kirby-Specialist-236746293374877\/","article_modified_time":"2025-11-25T10:22:08+00:00","og_image":[{"url":"https:\/\/www.veltec.eu\/wp-content\/uploads\/2021\/12\/Veltec-log-groot-e1537260889125.png","type":"","width":"","height":""}],"twitter_card":"summary_large_image","twitter_misc":{"Tiempo de lectura":"3 minutos"},"schema":{"@context":"https:\/\/schema.org","@graph":[{"@type":"WebPage","@id":"https:\/\/www.veltec.eu\/nl\/over-ons\/","url":"https:\/\/www.veltec.eu\/nl\/over-ons\/","name":"Acerca de Veltec.","isPartOf":{"@id":"https:\/\/www.veltec.eu\/en\/#website"},"primaryImageOfPage":{"@id":"https:\/\/www.veltec.eu\/nl\/over-ons\/#primaryimage"},"image":{"@id":"https:\/\/www.veltec.eu\/nl\/over-ons\/#primaryimage"},"thumbnailUrl":"https:\/\/www.veltec.eu\/wp-content\/uploads\/2021\/12\/Veltec-log-groot-e1537260889125.png","datePublished":"2024-12-20T11:00:06+00:00","dateModified":"2025-11-25T10:22:08+00:00","description":"Acerca de Veltec. Veltec es el especialista en Kirby. Adem\u00e1s de aspiradoras Kirby, tambi\u00e9n ofrecemos servicio y mantenimiento.","breadcrumb":{"@id":"https:\/\/www.veltec.eu\/nl\/over-ons\/#breadcrumb"},"inLanguage":"es","potentialAction":[{"@type":"ReadAction","target":["https:\/\/www.veltec.eu\/nl\/over-ons\/"]}]},{"@type":"ImageObject","inLanguage":"es","@id":"https:\/\/www.veltec.eu\/nl\/over-ons\/#primaryimage","url":"https:\/\/www.veltec.eu\/wp-content\/uploads\/2021\/12\/Veltec-log-groot-e1537260889125.png","contentUrl":"https:\/\/www.veltec.eu\/wp-content\/uploads\/2021\/12\/Veltec-log-groot-e1537260889125.png"},{"@type":"BreadcrumbList","@id":"https:\/\/www.veltec.eu\/nl\/over-ons\/#breadcrumb","itemListElement":[{"@type":"ListItem","position":1,"name":"Home","item":"https:\/\/www.veltec.eu\/es\/"},{"@type":"ListItem","position":2,"name":"Acerca de Veltec."}]},{"@type":"WebSite","@id":"https:\/\/www.veltec.eu\/en\/#website","url":"https:\/\/www.veltec.eu\/en\/","name":"Veltec Kirby specialist","description":"Kirby stofzuiger producten","publisher":{"@id":"https:\/\/www.veltec.eu\/en\/#organization"},"potentialAction":[{"@type":"SearchAction","target":{"@type":"EntryPoint","urlTemplate":"https:\/\/www.veltec.eu\/en\/?s={search_term_string}"},"query-input":{"@type":"PropertyValueSpecification","valueRequired":true,"valueName":"search_term_string"}}],"inLanguage":"es"},{"@type":"Organization","@id":"https:\/\/www.veltec.eu\/en\/#organization","name":"Veltec Kirby Specialist","url":"https:\/\/www.veltec.eu\/en\/","logo":{"@type":"ImageObject","inLanguage":"es","@id":"https:\/\/www.veltec.eu\/en\/#\/schema\/logo\/image\/","url":"https:\/\/www.veltec.eu\/wp-content\/uploads\/2021\/12\/Veltec-log-groot-e1537260889125.png","contentUrl":"https:\/\/www.veltec.eu\/wp-content\/uploads\/2021\/12\/Veltec-log-groot-e1537260889125.png","width":200,"height":60,"caption":"Veltec Kirby Specialist"},"image":{"@id":"https:\/\/www.veltec.eu\/en\/#\/schema\/logo\/image\/"},"sameAs":["https:\/\/www.facebook.com\/Veltec-Kirby-Specialist-236746293374877\/","https:\/\/www.youtube.com\/user\/VeltecService"]}]}},"_links":{"self":[{"href":"https:\/\/www.veltec.eu\/es\/wp-json\/wp\/v2\/pages\/72285","targetHints":{"allow":["GET"]}}],"collection":[{"href":"https:\/\/www.veltec.eu\/es\/wp-json\/wp\/v2\/pages"}],"about":[{"href":"https:\/\/www.veltec.eu\/es\/wp-json\/wp\/v2\/types\/page"}],"author":[{"embeddable":true,"href":"https:\/\/www.veltec.eu\/es\/wp-json\/wp\/v2\/users\/1"}],"replies":[{"embeddable":true,"href":"https:\/\/www.veltec.eu\/es\/wp-json\/wp\/v2\/comments?post=72285"}],"version-history":[{"count":3,"href":"https:\/\/www.veltec.eu\/es\/wp-json\/wp\/v2\/pages\/72285\/revisions"}],"predecessor-version":[{"id":86549,"href":"https:\/\/www.veltec.eu\/es\/wp-json\/wp\/v2\/pages\/72285\/revisions\/86549"}],"wp:attachment":[{"href":"https:\/\/www.veltec.eu\/es\/wp-json\/wp\/v2\/media?parent=72285"}],"curies":[{"name":"wp","href":"https:\/\/api.w.org\/{rel}","templated":true}]}}