{"id":65014,"date":"2024-08-13T09:49:13","date_gmt":"2024-08-13T07:49:13","guid":{"rendered":"https:\/\/www.veltec.eu\/telefono-de-kirby\/"},"modified":"2024-08-13T10:13:53","modified_gmt":"2024-08-13T08:13:53","slug":"telefono-de-kirby","status":"publish","type":"page","link":"https:\/\/www.veltec.eu\/es\/telefono-de-kirby\/","title":{"rendered":"Tel\u00e9fono de Kirby"},"content":{"rendered":"<h1>Una exploraci\u00f3n completa del n\u00famero Tel\u00e9fono de Kirby: conexi\u00f3n, servicios y asistencia<\/h1>\n<p>Bienvenido a nuestro completo tratamiento de los n\u00fameros de tel\u00e9fono Kirby, recopilado por un experto en ventas y servicio t\u00e9cnico de productos Kirby. Si est\u00e1 buscando informaci\u00f3n para encontrar el n\u00famero de tel\u00e9fono correcto para el servicio Kirby, asistencia o incluso para comprar un producto Kirby, ha llegado al lugar adecuado. Cubriremos todos los aspectos de los n\u00fameros de tel\u00e9fono Kirby, incluyendo c\u00f3mo encontrarlos, para qu\u00e9 utilizarlos y qu\u00e9 esperar cuando se ponga en contacto con el equipo Kirby.<\/p>\n<h3>N\u00fameros de tel\u00e9fono de atenci\u00f3n al cliente Especialista Veltec Kirby:<\/h3>\n<p>Atenci\u00f3n al cliente: +31 (0)36 260 00 61<br \/>\nServicio t\u00e9cnico: +31 (0)36 540 20 40<br \/>\nCorreo electr\u00f3nico: info@veltec.eu<\/p>\n<p>Especialista Veltec Kirby<br \/>\nWanraaij 29 M<br \/>\n6673 DM ANDELST<br \/>\nPa\u00edses Bajos<\/p>\n<p>* Recogida de productos s\u00f3lo con cita previa, posibilidad de pago por pin.<\/p>\n<div id=\"attachment_64985\" style=\"width: 410px\" class=\"wp-caption alignnone\"><a href=\"https:\/\/www.veltec.eu\/es\/\"><img decoding=\"async\" aria-describedby=\"caption-attachment-64985\" class=\"wp-image-64985 size-full\" src=\"https:\/\/www.veltec.eu\/wp-content\/uploads\/2024\/08\/Call-Us-PNG-Images.jpg\" alt=\"Tel\u00e9fono de Kirby\" width=\"400\" height=\"131\" srcset=\"https:\/\/www.veltec.eu\/wp-content\/uploads\/2024\/08\/Call-Us-PNG-Images.jpg 400w, https:\/\/www.veltec.eu\/wp-content\/uploads\/2024\/08\/Call-Us-PNG-Images-300x98.jpg 300w, https:\/\/www.veltec.eu\/wp-content\/uploads\/2024\/08\/Call-Us-PNG-Images-183x60.jpg 183w, https:\/\/www.veltec.eu\/wp-content\/uploads\/2024\/08\/Call-Us-PNG-Images-275x90.jpg 275w\" sizes=\"(max-width: 400px) 100vw, 400px\" \/><\/a><p id=\"caption-attachment-64985\" class=\"wp-caption-text\">Tel\u00e9fono de Kirby<\/p><\/div>\n<h3>El poder del n\u00famero de tel\u00e9fono de Kirby<\/h3>\n<p>Kirby, una marca l\u00edder en sistemas de limpieza dom\u00e9stica, es conocida por sus productos de alta calidad y su inigualable servicio de atenci\u00f3n al cliente. Tanto si tiene una aspiradora Kirby y necesita ayuda, como si est\u00e1 pensando en comprar un producto Kirby y desea m\u00e1s informaci\u00f3n, encontrar el n\u00famero de tel\u00e9fono adecuado puede ser un paso crucial en su experiencia con esta marca. Echemos un vistazo a los diferentes tipos de n\u00fameros de tel\u00e9fono disponibles y c\u00f3mo pueden servirle.<\/p>\n<h3>Tipos de n\u00fameros<\/h3>\n<ol>\n<li>N\u00famero de tel\u00e9fono de atenci\u00f3n al cliente: Este n\u00famero est\u00e1 destinado a los clientes que tienen preguntas sobre sus productos Kirby, experimentan problemas durante el uso o necesitan ayuda para pedir accesorios o piezas de repuesto. El personal del servicio de atenci\u00f3n al cliente de Kirby est\u00e1 formado para responder a todas sus preguntas y resolver cualquier problema con un trato amable y profesional.<\/li>\n<li>N\u00famero de tel\u00e9fono de ventas y exposici\u00f3n: Si est\u00e1 interesado en comprar un producto Kirby o desea m\u00e1s informaci\u00f3n sobre los productos disponibles, puede ponerse en contacto con el n\u00famero de tel\u00e9fono de ventas y exposici\u00f3n. Aqu\u00ed podr\u00e1 hablar con un representante experto que le orientar\u00e1 en la elecci\u00f3n del producto adecuado a sus necesidades.<\/li>\n<li>Tel\u00e9fono de asistencia t\u00e9cnica: Para cuestiones m\u00e1s t\u00e9cnicas con su electrodom\u00e9stico Kirby, como reparaciones o mantenimiento, existe un n\u00famero de tel\u00e9fono de asistencia t\u00e9cnica independiente. Esto le permite hablar directamente con t\u00e9cnicos experimentados que pueden ayudarle a diagnosticar y resolver cualquier problema.<\/li>\n<\/ol>\n<h3>C\u00f3mo encontrar un n\u00famero de tel\u00e9fono<\/h3>\n<p>Ahora que conoce los diferentes tipos de n\u00fameros de tel\u00e9fono Kirby, puede que se pregunte c\u00f3mo encontrar el n\u00famero correcto. A continuaci\u00f3n le ofrecemos algunos consejos \u00fatiles:<\/p>\n<ul>\n<li>P\u00e1gina web oficial: La p\u00e1gina web oficial de Kirby de Veltec es una fuente fiable para obtener toda la informaci\u00f3n sobre la marca, incluidos los n\u00fameros de tel\u00e9fono de los diferentes tipos de asistencia.<\/li>\n<li>Documentaci\u00f3n del producto: Si ha comprado un producto Kirby, es posible que encuentre un n\u00famero de tel\u00e9fono de atenci\u00f3n al cliente o de asistencia t\u00e9cnica en la documentaci\u00f3n suministrada.<\/li>\n<li>Puntos de venta: Los productos Kirby suelen venderse a trav\u00e9s de distribuidores autorizados. Estos distribuidores tambi\u00e9n pueden proporcionar n\u00fameros de tel\u00e9fono de atenci\u00f3n al cliente y asistencia t\u00e9cnica.<\/li>\n<\/ul>\n<h3>Qu\u00e9 esperar cuando se ponga en contacto<\/h3>\n<p>Cuando se ponga en contacto con un n\u00famero de tel\u00e9fono de Kirby, puede esperar ser recibido por un miembro del personal amable y profesional que se tomar\u00e1 en serio sus preguntas y preocupaciones. Estas son algunas de las cosas que puede esperar durante la llamada:<\/p>\n<ul>\n<li>Respuesta r\u00e1pida: Kirby se esfuerza por atender a sus clientes con rapidez. Por lo tanto, puede esperar no estar en espera durante mucho tiempo antes de que le pongan en contacto con un miembro del personal.<\/li>\n<li>Asesoramiento experto: Tanto si llama con una pregunta sobre el uso del producto, como si necesita informaci\u00f3n sobre ventas o busca asistencia t\u00e9cnica, el personal de Kirby est\u00e1 bien formado y tiene amplios conocimientos de sus productos.<\/li>\n<li>Enfoque orientado a la soluci\u00f3n: Si tiene un problema con su producto Kirby, el equipo har\u00e1 todo lo posible para ofrecerle una soluci\u00f3n r\u00e1pida y eficaz. Ya sea proporcionando piezas de repuesto, programando una cita de reparaci\u00f3n u ofreciendo asesoramiento para la soluci\u00f3n de problemas, su satisfacci\u00f3n es primordial.<\/li>\n<\/ul>\n<h3>Conclusi\u00f3n<\/h3>\n<p>En esta completa gu\u00eda, hemos cubierto todos los aspectos de los n\u00fameros de tel\u00e9fono Kirby, incluidos los diferentes tipos de n\u00fameros disponibles, c\u00f3mo encontrarlos y qu\u00e9 esperar cuando se ponga en contacto con ellos. Tanto si ya es cliente de Kirby y necesita asistencia como si es un comprador potencial que desea obtener m\u00e1s informaci\u00f3n, el n\u00famero de tel\u00e9fono adecuado puede marcar la diferencia en su experiencia con esta marca l\u00edder en limpieza dom\u00e9stica. No dude en ponerse en contacto con el equipo de Kirby para cualquier pregunta o duda que pueda tener: \u00a1siempre est\u00e1n dispuestos a ayudarle!<\/p>\n","protected":false},"excerpt":{"rendered":"<p>Una exploraci\u00f3n completa del n\u00famero Tel\u00e9fono de Kirby: conexi\u00f3n, servicios y asistencia Bienvenido a nuestro completo tratamiento de los n\u00fameros de tel\u00e9fono Kirby, recopilado por un experto en ventas y servicio t\u00e9cnico de productos Kirby. Si est\u00e1 buscando informaci\u00f3n para encontrar el n\u00famero de tel\u00e9fono correcto para el servicio Kirby, asistencia o incluso para comprar [&hellip;]<\/p>\n","protected":false},"author":1,"featured_media":0,"parent":0,"menu_order":0,"comment_status":"closed","ping_status":"closed","template":"","meta":{"footnotes":""},"class_list":["post-65014","page","type-page","status-publish","hentry"],"yoast_head":"<!-- This site is optimized with the Yoast SEO Premium plugin v27.1 (Yoast SEO v27.4) - https:\/\/yoast.com\/product\/yoast-seo-premium-wordpress\/ -->\n<title>Tel\u00e9fono de Kirby - Veltec Kirby specialist<\/title>\n<meta name=\"description\" content=\"Tel\u00e9fono de Kirby. Aqu\u00ed encontrar\u00e1 toda la informaci\u00f3n de contacto del servicio t\u00e9cnico Kirby y las piezas de recambio originales Kirby.\" \/>\n<meta name=\"robots\" content=\"index, follow, max-snippet:-1, max-image-preview:large, max-video-preview:-1\" \/>\n<link rel=\"canonical\" href=\"https:\/\/www.veltec.eu\/nl\/content-paginas\/kirby-telefoonnummer\/\" \/>\n<meta property=\"og:locale\" content=\"es_ES\" \/>\n<meta property=\"og:type\" content=\"article\" \/>\n<meta property=\"og:title\" content=\"Tel\u00e9fono de Kirby\" \/>\n<meta property=\"og:description\" content=\"Una exploraci\u00f3n completa del n\u00famero Tel\u00e9fono de Kirby: conexi\u00f3n, servicios y asistencia Bienvenido a nuestro completo tratamiento de los n\u00fameros de\" \/>\n<meta property=\"og:url\" content=\"https:\/\/www.veltec.eu\/nl\/content-paginas\/kirby-telefoonnummer\/\" \/>\n<meta property=\"og:site_name\" content=\"Veltec Kirby specialist\" \/>\n<meta property=\"article:publisher\" content=\"https:\/\/www.facebook.com\/Veltec-Kirby-Specialist-236746293374877\/\" \/>\n<meta property=\"article:modified_time\" content=\"2024-08-13T08:13:53+00:00\" \/>\n<meta property=\"og:image\" content=\"https:\/\/www.veltec.eu\/wp-content\/uploads\/2024\/08\/Call-Us-PNG-Images.jpg\" \/>\n\t<meta property=\"og:image:width\" content=\"400\" \/>\n\t<meta property=\"og:image:height\" content=\"131\" \/>\n\t<meta property=\"og:image:type\" content=\"image\/jpeg\" \/>\n<meta name=\"twitter:card\" content=\"summary_large_image\" \/>\n<meta name=\"twitter:label1\" content=\"Tiempo de lectura\" \/>\n\t<meta name=\"twitter:data1\" content=\"5 minutos\" \/>\n<script type=\"application\/ld+json\" class=\"yoast-schema-graph\">{\"@context\":\"https:\\\/\\\/schema.org\",\"@graph\":[{\"@type\":\"WebPage\",\"@id\":\"https:\\\/\\\/www.veltec.eu\\\/nl\\\/content-paginas\\\/kirby-telefoonnummer\\\/\",\"url\":\"https:\\\/\\\/www.veltec.eu\\\/nl\\\/content-paginas\\\/kirby-telefoonnummer\\\/\",\"name\":\"Tel\u00e9fono de Kirby - Veltec Kirby specialist\",\"isPartOf\":{\"@id\":\"https:\\\/\\\/www.veltec.eu\\\/en\\\/#website\"},\"primaryImageOfPage\":{\"@id\":\"https:\\\/\\\/www.veltec.eu\\\/nl\\\/content-paginas\\\/kirby-telefoonnummer\\\/#primaryimage\"},\"image\":{\"@id\":\"https:\\\/\\\/www.veltec.eu\\\/nl\\\/content-paginas\\\/kirby-telefoonnummer\\\/#primaryimage\"},\"thumbnailUrl\":\"https:\\\/\\\/www.veltec.eu\\\/wp-content\\\/uploads\\\/2024\\\/08\\\/Call-Us-PNG-Images.jpg\",\"datePublished\":\"2024-08-13T07:49:13+00:00\",\"dateModified\":\"2024-08-13T08:13:53+00:00\",\"description\":\"Tel\u00e9fono de Kirby. Aqu\u00ed encontrar\u00e1 toda la informaci\u00f3n de contacto del servicio t\u00e9cnico Kirby y las piezas de recambio originales Kirby.\",\"breadcrumb\":{\"@id\":\"https:\\\/\\\/www.veltec.eu\\\/nl\\\/content-paginas\\\/kirby-telefoonnummer\\\/#breadcrumb\"},\"inLanguage\":\"es\",\"potentialAction\":[{\"@type\":\"ReadAction\",\"target\":[\"https:\\\/\\\/www.veltec.eu\\\/nl\\\/content-paginas\\\/kirby-telefoonnummer\\\/\"]}]},{\"@type\":\"ImageObject\",\"inLanguage\":\"es\",\"@id\":\"https:\\\/\\\/www.veltec.eu\\\/nl\\\/content-paginas\\\/kirby-telefoonnummer\\\/#primaryimage\",\"url\":\"https:\\\/\\\/www.veltec.eu\\\/wp-content\\\/uploads\\\/2024\\\/08\\\/Call-Us-PNG-Images.jpg\",\"contentUrl\":\"https:\\\/\\\/www.veltec.eu\\\/wp-content\\\/uploads\\\/2024\\\/08\\\/Call-Us-PNG-Images.jpg\"},{\"@type\":\"BreadcrumbList\",\"@id\":\"https:\\\/\\\/www.veltec.eu\\\/nl\\\/content-paginas\\\/kirby-telefoonnummer\\\/#breadcrumb\",\"itemListElement\":[{\"@type\":\"ListItem\",\"position\":1,\"name\":\"Home\",\"item\":\"https:\\\/\\\/www.veltec.eu\\\/es\\\/\"},{\"@type\":\"ListItem\",\"position\":2,\"name\":\"Tel\u00e9fono de Kirby\"}]},{\"@type\":\"WebSite\",\"@id\":\"https:\\\/\\\/www.veltec.eu\\\/en\\\/#website\",\"url\":\"https:\\\/\\\/www.veltec.eu\\\/en\\\/\",\"name\":\"Veltec Kirby specialist\",\"description\":\"Kirby stofzuiger producten\",\"publisher\":{\"@id\":\"https:\\\/\\\/www.veltec.eu\\\/en\\\/#organization\"},\"potentialAction\":[{\"@type\":\"SearchAction\",\"target\":{\"@type\":\"EntryPoint\",\"urlTemplate\":\"https:\\\/\\\/www.veltec.eu\\\/en\\\/?s={search_term_string}\"},\"query-input\":{\"@type\":\"PropertyValueSpecification\",\"valueRequired\":true,\"valueName\":\"search_term_string\"}}],\"inLanguage\":\"es\"},{\"@type\":\"Organization\",\"@id\":\"https:\\\/\\\/www.veltec.eu\\\/en\\\/#organization\",\"name\":\"Veltec Kirby Specialist\",\"url\":\"https:\\\/\\\/www.veltec.eu\\\/en\\\/\",\"logo\":{\"@type\":\"ImageObject\",\"inLanguage\":\"es\",\"@id\":\"https:\\\/\\\/www.veltec.eu\\\/en\\\/#\\\/schema\\\/logo\\\/image\\\/\",\"url\":\"https:\\\/\\\/www.veltec.eu\\\/wp-content\\\/uploads\\\/2021\\\/12\\\/Veltec-log-groot-e1537260889125.png\",\"contentUrl\":\"https:\\\/\\\/www.veltec.eu\\\/wp-content\\\/uploads\\\/2021\\\/12\\\/Veltec-log-groot-e1537260889125.png\",\"width\":200,\"height\":60,\"caption\":\"Veltec Kirby Specialist\"},\"image\":{\"@id\":\"https:\\\/\\\/www.veltec.eu\\\/en\\\/#\\\/schema\\\/logo\\\/image\\\/\"},\"sameAs\":[\"https:\\\/\\\/www.facebook.com\\\/Veltec-Kirby-Specialist-236746293374877\\\/\",\"https:\\\/\\\/www.youtube.com\\\/user\\\/VeltecService\"]}]}<\/script>\n<!-- \/ Yoast SEO Premium plugin. -->","yoast_head_json":{"title":"Tel\u00e9fono de Kirby - Veltec Kirby specialist","description":"Tel\u00e9fono de Kirby. Aqu\u00ed encontrar\u00e1 toda la informaci\u00f3n de contacto del servicio t\u00e9cnico Kirby y las piezas de recambio originales Kirby.","robots":{"index":"index","follow":"follow","max-snippet":"max-snippet:-1","max-image-preview":"max-image-preview:large","max-video-preview":"max-video-preview:-1"},"canonical":"https:\/\/www.veltec.eu\/nl\/content-paginas\/kirby-telefoonnummer\/","og_locale":"es_ES","og_type":"article","og_title":"Tel\u00e9fono de Kirby","og_description":"Una exploraci\u00f3n completa del n\u00famero Tel\u00e9fono de Kirby: conexi\u00f3n, servicios y asistencia Bienvenido a nuestro completo tratamiento de los n\u00fameros de","og_url":"https:\/\/www.veltec.eu\/nl\/content-paginas\/kirby-telefoonnummer\/","og_site_name":"Veltec Kirby specialist","article_publisher":"https:\/\/www.facebook.com\/Veltec-Kirby-Specialist-236746293374877\/","article_modified_time":"2024-08-13T08:13:53+00:00","og_image":[{"width":400,"height":131,"url":"https:\/\/www.veltec.eu\/wp-content\/uploads\/2024\/08\/Call-Us-PNG-Images.jpg","type":"image\/jpeg"}],"twitter_card":"summary_large_image","twitter_misc":{"Tiempo de lectura":"5 minutos"},"schema":{"@context":"https:\/\/schema.org","@graph":[{"@type":"WebPage","@id":"https:\/\/www.veltec.eu\/nl\/content-paginas\/kirby-telefoonnummer\/","url":"https:\/\/www.veltec.eu\/nl\/content-paginas\/kirby-telefoonnummer\/","name":"Tel\u00e9fono de Kirby - Veltec Kirby specialist","isPartOf":{"@id":"https:\/\/www.veltec.eu\/en\/#website"},"primaryImageOfPage":{"@id":"https:\/\/www.veltec.eu\/nl\/content-paginas\/kirby-telefoonnummer\/#primaryimage"},"image":{"@id":"https:\/\/www.veltec.eu\/nl\/content-paginas\/kirby-telefoonnummer\/#primaryimage"},"thumbnailUrl":"https:\/\/www.veltec.eu\/wp-content\/uploads\/2024\/08\/Call-Us-PNG-Images.jpg","datePublished":"2024-08-13T07:49:13+00:00","dateModified":"2024-08-13T08:13:53+00:00","description":"Tel\u00e9fono de Kirby. Aqu\u00ed encontrar\u00e1 toda la informaci\u00f3n de contacto del servicio t\u00e9cnico Kirby y las piezas de recambio originales Kirby.","breadcrumb":{"@id":"https:\/\/www.veltec.eu\/nl\/content-paginas\/kirby-telefoonnummer\/#breadcrumb"},"inLanguage":"es","potentialAction":[{"@type":"ReadAction","target":["https:\/\/www.veltec.eu\/nl\/content-paginas\/kirby-telefoonnummer\/"]}]},{"@type":"ImageObject","inLanguage":"es","@id":"https:\/\/www.veltec.eu\/nl\/content-paginas\/kirby-telefoonnummer\/#primaryimage","url":"https:\/\/www.veltec.eu\/wp-content\/uploads\/2024\/08\/Call-Us-PNG-Images.jpg","contentUrl":"https:\/\/www.veltec.eu\/wp-content\/uploads\/2024\/08\/Call-Us-PNG-Images.jpg"},{"@type":"BreadcrumbList","@id":"https:\/\/www.veltec.eu\/nl\/content-paginas\/kirby-telefoonnummer\/#breadcrumb","itemListElement":[{"@type":"ListItem","position":1,"name":"Home","item":"https:\/\/www.veltec.eu\/es\/"},{"@type":"ListItem","position":2,"name":"Tel\u00e9fono de Kirby"}]},{"@type":"WebSite","@id":"https:\/\/www.veltec.eu\/en\/#website","url":"https:\/\/www.veltec.eu\/en\/","name":"Veltec Kirby specialist","description":"Kirby stofzuiger producten","publisher":{"@id":"https:\/\/www.veltec.eu\/en\/#organization"},"potentialAction":[{"@type":"SearchAction","target":{"@type":"EntryPoint","urlTemplate":"https:\/\/www.veltec.eu\/en\/?s={search_term_string}"},"query-input":{"@type":"PropertyValueSpecification","valueRequired":true,"valueName":"search_term_string"}}],"inLanguage":"es"},{"@type":"Organization","@id":"https:\/\/www.veltec.eu\/en\/#organization","name":"Veltec Kirby Specialist","url":"https:\/\/www.veltec.eu\/en\/","logo":{"@type":"ImageObject","inLanguage":"es","@id":"https:\/\/www.veltec.eu\/en\/#\/schema\/logo\/image\/","url":"https:\/\/www.veltec.eu\/wp-content\/uploads\/2021\/12\/Veltec-log-groot-e1537260889125.png","contentUrl":"https:\/\/www.veltec.eu\/wp-content\/uploads\/2021\/12\/Veltec-log-groot-e1537260889125.png","width":200,"height":60,"caption":"Veltec Kirby Specialist"},"image":{"@id":"https:\/\/www.veltec.eu\/en\/#\/schema\/logo\/image\/"},"sameAs":["https:\/\/www.facebook.com\/Veltec-Kirby-Specialist-236746293374877\/","https:\/\/www.youtube.com\/user\/VeltecService"]}]}},"_links":{"self":[{"href":"https:\/\/www.veltec.eu\/es\/wp-json\/wp\/v2\/pages\/65014","targetHints":{"allow":["GET"]}}],"collection":[{"href":"https:\/\/www.veltec.eu\/es\/wp-json\/wp\/v2\/pages"}],"about":[{"href":"https:\/\/www.veltec.eu\/es\/wp-json\/wp\/v2\/types\/page"}],"author":[{"embeddable":true,"href":"https:\/\/www.veltec.eu\/es\/wp-json\/wp\/v2\/users\/1"}],"replies":[{"embeddable":true,"href":"https:\/\/www.veltec.eu\/es\/wp-json\/wp\/v2\/comments?post=65014"}],"version-history":[{"count":0,"href":"https:\/\/www.veltec.eu\/es\/wp-json\/wp\/v2\/pages\/65014\/revisions"}],"wp:attachment":[{"href":"https:\/\/www.veltec.eu\/es\/wp-json\/wp\/v2\/media?parent=65014"}],"curies":[{"name":"wp","href":"https:\/\/api.w.org\/{rel}","templated":true}]}}