{"id":63139,"date":"2024-08-02T10:32:02","date_gmt":"2024-08-02T08:32:02","guid":{"rendered":"https:\/\/www.veltec.eu\/piezas-kirby-usadas\/"},"modified":"2024-08-02T11:03:31","modified_gmt":"2024-08-02T09:03:31","slug":"piezas-kirby-usadas","status":"publish","type":"page","link":"https:\/\/www.veltec.eu\/es\/piezas-kirby-usadas\/","title":{"rendered":"Piezas Kirby usadas"},"content":{"rendered":"<h1>Piezas Kirby usadas<\/h1>\n<p>Su sistema Kirby deber\u00eda durar toda la vida. Con el accesorio y los cuidados adecuados, su sistema funcionar\u00e1 como nuevo, incluso despu\u00e9s de a\u00f1os de uso. Cuando una pieza se aver\u00eda o deja de funcionar correctamente, le ofrecemos todas las piezas de repuesto Kirby usadas que necesita. Y Aqu\u00ed est\u00e1n algunas partes esenciales de aspiradoras usadas y piezas de repuesto que necesita. Su sistema Kirby deber\u00eda durar toda la vida. Con el mantenimiento y cuidado adecuados, su sistema funcionar\u00e1 como nuevo, incluso despu\u00e9s de a\u00f1os de uso. Cuando una pieza Kirby se aver\u00eda o deja de funcionar correctamente, le ofrecemos todos los accesorios de repuesto para aspiradoras Kirby que necesite, incluidos los recambios de bolsas para aspiradoras Kirby y rodillos de cepillo.<\/p>\n<p>Para proteger la vida \u00fatil de su sistema Kirby y garantizar unos buenos resultados de limpieza, utilice \u00fanicamente piezas originales Kirby para aspiradoras.<\/p>\n<h4><img decoding=\"async\" class=\"alignnone wp-image-41644 size-medium\" src=\"https:\/\/www.veltec.eu\/wp-content\/uploads\/2021\/07\/Kirby-voor-transport-300x266.jpg\" alt=\"Piezas Kirby usadas\" width=\"300\" height=\"266\" srcset=\"https:\/\/www.veltec.eu\/wp-content\/uploads\/2021\/07\/Kirby-voor-transport-300x266.jpg 300w, https:\/\/www.veltec.eu\/wp-content\/uploads\/2021\/07\/Kirby-voor-transport.jpg 459w\" sizes=\"(max-width: 300px) 100vw, 300px\" \/><\/h4>\n<h3>\u00bfC\u00f3mo se utilizan las Piezas Kirby usadas?<\/h3>\n<p>Kirby tiene una s\u00f3lida reputaci\u00f3n como una de las aspiradoras m\u00e1s fiables del mercado. Aunque gran parte de su poder de atracci\u00f3n proviene de sus resultados de limpieza en profundidad. La aspiradora tambi\u00e9n es muy apreciada por su pl\u00e9tora de accesorios y piezas que facilitan la limpieza de diversas zonas de dif\u00edcil acceso.<\/p>\n<p>Si no est\u00e1 familiarizado con las piezas Kirby, puede parecerle complicado utilizarlas. Con un poco de orientaci\u00f3n y pr\u00e1ctica, podr\u00e1 aprender f\u00e1cilmente a utilizar estos pr\u00e1cticos accesorios. Y utilizarlos en su limpieza diaria. Siga leyendo para aprender a utilizar las piezas Kirby:<\/p>\n<h3>Desenchufe la m\u00e1quina<\/h3>\n<p>Antes de utilizar los accesorios de una aspiradora Kirby, aseg\u00farese de que el enchufe est\u00e1 desenchufado. Y si el bot\u00f3n de encendido\/apagado est\u00e1 apagado. La seguridad es primordial, y si no toma unas sencillas medidas de seguridad, podr\u00eda correr peligro.<\/p>\n<h3>Coloque la manguera de la aspiradora Kirby<\/h3>\n<p>La mayor\u00eda de las piezas Kirby utilizan la manguera, lo que permite llegar a todos los rincones. Esto puede marcar la diferencia entre una limpieza mediocre y una habitaci\u00f3n impoluta.<\/p>\n<p>Para colocar la manguera en la parte delantera del aparato Kirby, retire la boquilla de aspiraci\u00f3n de batido ancho Kirby. Levante la cubierta de la l\u00e1mpara del cabezal y retire la boquilla de golpe ancho girando la palanca de la correa en sentido contrario a las agujas del reloj.<\/p>\n<p>El mismo proceso utilizado para fijar la boquilla de cabeza al aparato puede utilizarse para fijar la manguera. Coloque los ganchos de la manguera sobre la barra situada en la parte delantera del aparato y, a continuaci\u00f3n, bloqu\u00e9ela en su sitio.<\/p>\n<h3>Aproveche las diferentes Piezas Kirby usadas<\/h3>\n<p>Hay diferentes piezas de fijaci\u00f3n de manguera disponibles para las aspiradoras Kirby, cada una con sus propios usos especiales en el hogar. Todas ellas pueden acoplarse a la manguera con un simple empuj\u00f3n y un ligero giro.<\/p>\n<p>Una gran variedad de piezas de fijaci\u00f3n para aspiradoras Kirby pueden resultar \u00fatiles en diferentes situaciones, pero la mayor\u00eda de los usuarios coinciden en que las siguientes son las m\u00e1s valiosas:<\/p>\n<h3>Piezas Kirby utilizadas<\/h3>\n<p>Para colocar la manguera en la parte delantera del aparato Kirby, retire la boquilla de aspiraci\u00f3n de batido ancho Kirby. Levante la cubierta de la l\u00e1mpara del cabezal y retire la boquilla de golpe ancho girando la palanca de la correa en sentido contrario a las agujas del reloj.<\/p>\n<p>El mismo proceso utilizado para fijar la boquilla de cabeza al aparato puede utilizarse para fijar la manguera. Coloque los ganchos de la manguera sobre la barra situada en la parte delantera del aparato y, a continuaci\u00f3n, bloqu\u00e9ela en su sitio.<\/p>\n<p>Aproveche las diferentes piezas Kirby utilizadas<\/p>\n<p>Hay diferentes piezas de fijaci\u00f3n de manguera disponibles para las aspiradoras Kirby, cada una con sus propios usos especiales en el hogar. Todas ellas pueden acoplarse a la manguera con un simple empuj\u00f3n y un ligero giro.<\/p>\n<p>Una gran variedad de piezas de fijaci\u00f3n para aspiradoras Kirby pueden resultar \u00fatiles en diferentes situaciones, pero la mayor\u00eda de los usuarios coinciden en que las siguientes son las m\u00e1s valiosas:<\/p>\n<h3>Piezas Kirby usadas<\/h3>\n<p><strong>Tubo de extensi\u00f3n Kirby<\/strong><\/p>\n<p>&nbsp;<\/p>\n<p><a href=\"https:\/\/www.veltec.eu\/nl\/product\/kirby-verlengbuis-nl3131\/\"><img decoding=\"async\" class=\"alignnone wp-image-47923 size-full\" src=\"https:\/\/www.veltec.eu\/wp-content\/uploads\/2022\/03\/verleng_1x_kopie.jpg\" alt=\"Tubo de extensi\u00f3n Kirby\" width=\"300\" height=\"300\" srcset=\"https:\/\/www.veltec.eu\/wp-content\/uploads\/2022\/03\/verleng_1x_kopie.jpg 300w, https:\/\/www.veltec.eu\/wp-content\/uploads\/2022\/03\/verleng_1x_kopie-80x80.jpg 80w, https:\/\/www.veltec.eu\/wp-content\/uploads\/2022\/03\/verleng_1x_kopie-36x36.jpg 36w, https:\/\/www.veltec.eu\/wp-content\/uploads\/2022\/03\/verleng_1x_kopie-180x180.jpg 180w, https:\/\/www.veltec.eu\/wp-content\/uploads\/2022\/03\/verleng_1x_kopie-100x100.jpg 100w\" sizes=\"(max-width: 300px) 100vw, 300px\" \/><\/a><\/p>\n<p>Conociendo la dificultad de llegar a esos lugares altos y dif\u00edciles de alcanzar, hemos hecho posible acoplar hasta dos tubos de extensi\u00f3n. Esto es perfecto para limpiar cortinas altas, alrededor de las esquinas polvorientas del techo y debajo de largas mesas de sal\u00f3n o auxiliares.<\/p>\n<p><strong>Cepillo Kirby<\/strong><\/p>\n<p><a href=\"https:\/\/www.veltec.eu\/nl\/product\/kirby-afstofborstel-nl3021\/\"><img decoding=\"async\" class=\"alignnone wp-image-47904 size-medium\" src=\"https:\/\/www.veltec.eu\/wp-content\/uploads\/2022\/03\/9200000113169269-1-300x300.jpg\" alt=\"Cepillo Kirby\" width=\"300\" height=\"300\" srcset=\"https:\/\/www.veltec.eu\/wp-content\/uploads\/2022\/03\/9200000113169269-1-300x300.jpg 300w, https:\/\/www.veltec.eu\/wp-content\/uploads\/2022\/03\/9200000113169269-1-80x80.jpg 80w, https:\/\/www.veltec.eu\/wp-content\/uploads\/2022\/03\/9200000113169269-1-36x36.jpg 36w, https:\/\/www.veltec.eu\/wp-content\/uploads\/2022\/03\/9200000113169269-1-180x180.jpg 180w, https:\/\/www.veltec.eu\/wp-content\/uploads\/2022\/03\/9200000113169269-1-100x100.jpg 100w, https:\/\/www.veltec.eu\/wp-content\/uploads\/2022\/03\/9200000113169269-1.jpg 531w\" sizes=\"(max-width: 300px) 100vw, 300px\" \/><\/a><\/p>\n<p>Los muebles de madera, las estanter\u00edas u otros objetos polvorientos de la casa pueden limpiarse con el cepillo Kirby. Sencillo y eficaz, es desde hace tiempo uno de los accesorios Kirby m\u00e1s fiables.<\/p>\n<p><strong>Boquilla Kirby para muebles<\/strong><\/p>\n<p>Este accesorio es perfecto para el interior del coche, donde los conductores conf\u00edan en \u00e9l para limpiar tapicer\u00edas dif\u00edciles de limpiar. La boquilla para muebles Kirby tambi\u00e9n es una opci\u00f3n excelente para sof\u00e1s, pelda\u00f1os de escaleras y muebles tapizados.<\/p>\n<p><strong>Cepillo para z\u00f3calos Kirby<\/strong><\/p>\n<p>Aspire todo lo que haya entre los cojines del sof\u00e1 -o llegue a lugares dif\u00edciles- con el cepillo para z\u00f3calos Kirby. La flexibilidad \u00fanica de este accesorio hace que sea muy f\u00e1cil limpiar cada cent\u00edmetro que de otro modo se pasar\u00eda por alto.<\/p>\n<h3>Utilice el Kirby como soplador o bomba<\/h3>\n<p>Una aspiradora Kirby no s\u00f3lo puede aspirar muchos tipos de suciedad, sino que tambi\u00e9n puede utilizarla para limpiar superficies soplando aire. Con la boquilla sopladora de Kirby, este puede ser un m\u00e9todo sorprendentemente eficaz para soplar cosas como camas de aire e incluso limpiar teclados de ordenador.<\/p>\n<p>Convertir el Kirby en un soplador es sencillo. Empiece quitando la boquilla sopladora y sustituy\u00e9ndola por la campana protectora del soplador Kirby. Coloque la campana en la unidad de la misma manera que lo har\u00eda al colocar la boquilla del soplador.<\/p>\n<p>\u00bfCu\u00e1l es el siguiente paso? Retirar la bolsa exterior. Al fin y al cabo, no es necesaria, ya que no se aspira nada dentro de la bolsa. Por \u00faltimo, conecte la manguera de sujeci\u00f3n al puerto de salida de aire. Basta con alinear las flechas y enroscar la manguera en su sitio en Kirby Nederland<\/p>\n<h3>Utilizar el pulverizador port\u00e1til y la pistola de champ\u00fa piezas Kirby<\/h3>\n<p>Una vez configurado como soplador, el Kirby puede utilizar la potencia de dos pr\u00e1cticos accesorios: la pistola de champ\u00fa Kirby y la boquilla sopladora. Ambos accesorios pueden conectarse a la manguera de accesorios del mismo modo que se utilizan las piezas Kirby habituales.<\/p>\n<h3>Extracci\u00f3n de las piezas Kirby utilizadas<\/h3>\n<p>Una vez finalizado el trabajo de limpieza, puede retirar cada accesorio con un simple movimiento de giro y tracci\u00f3n. Aseg\u00farese de guardar todos los accesorios Kirby en el mismo lugar para no perderlos la pr\u00f3xima vez que los necesite.<\/p>\n<h3>Domine el arte de utilizar los accesorios Kirby usados<\/h3>\n<p>Puede que le lleve algo de ensayo y error, pero pronto descubrir\u00e1 que los accesorios Kirby usados son f\u00e1ciles de usar. Pueden suponer un mundo de diferencia a la hora de limpiar, as\u00ed que no dude en hacer pleno uso de ellas.<\/p>\n","protected":false},"excerpt":{"rendered":"<p>Piezas Kirby usadas Su sistema Kirby deber\u00eda durar toda la vida. Con el accesorio y los cuidados adecuados, su sistema funcionar\u00e1 como nuevo, incluso despu\u00e9s de a\u00f1os de uso. Cuando una pieza se aver\u00eda o deja de funcionar correctamente, le ofrecemos todas las piezas de repuesto Kirby usadas que necesita. Y Aqu\u00ed est\u00e1n algunas partes [&hellip;]<\/p>\n","protected":false},"author":1,"featured_media":0,"parent":0,"menu_order":0,"comment_status":"closed","ping_status":"closed","template":"","meta":{"_acf_changed":false,"footnotes":""},"class_list":["post-63139","page","type-page","status-publish","hentry"],"acf":[],"yoast_head":"<!-- This site is optimized with the Yoast SEO Premium plugin v27.1 (Yoast SEO v27.4) - https:\/\/yoast.com\/product\/yoast-seo-premium-wordpress\/ -->\n<title>Piezas Kirby usadas - Veltec Kirby specialist<\/title>\n<meta name=\"description\" content=\"Piezas Kirby usadas. Veltec es proveedor de piezas Kirby de segunda mano desde hace m\u00e1s de 25 a\u00f1os. Y es su especialista Kirby de confianza.\" \/>\n<meta name=\"robots\" content=\"index, follow, max-snippet:-1, max-image-preview:large, max-video-preview:-1\" \/>\n<link rel=\"canonical\" href=\"https:\/\/www.veltec.eu\/nl\/content-paginas\/kirby-onderdelen-gebruikt\/\" \/>\n<meta property=\"og:locale\" content=\"es_ES\" \/>\n<meta property=\"og:type\" content=\"article\" \/>\n<meta property=\"og:title\" content=\"Piezas Kirby usadas\" \/>\n<meta property=\"og:description\" content=\"Piezas Kirby usadas Su sistema Kirby deber\u00eda durar toda la vida. Con el accesorio y los cuidados adecuados, su sistema funcionar\u00e1 como nuevo, incluso\" \/>\n<meta property=\"og:url\" content=\"https:\/\/www.veltec.eu\/nl\/content-paginas\/kirby-onderdelen-gebruikt\/\" \/>\n<meta property=\"og:site_name\" content=\"Veltec Kirby specialist\" \/>\n<meta property=\"article:publisher\" content=\"https:\/\/www.facebook.com\/Veltec-Kirby-Specialist-236746293374877\/\" \/>\n<meta property=\"article:modified_time\" content=\"2024-08-02T09:03:31+00:00\" \/>\n<meta property=\"og:image\" content=\"https:\/\/www.veltec.eu\/wp-content\/uploads\/2021\/07\/Kirby-voor-transport.jpg\" \/>\n\t<meta property=\"og:image:width\" content=\"459\" \/>\n\t<meta property=\"og:image:height\" content=\"407\" \/>\n\t<meta property=\"og:image:type\" content=\"image\/jpeg\" \/>\n<meta name=\"twitter:card\" content=\"summary_large_image\" \/>\n<meta name=\"twitter:label1\" content=\"Tiempo de lectura\" \/>\n\t<meta name=\"twitter:data1\" content=\"7 minutos\" \/>\n<script type=\"application\/ld+json\" class=\"yoast-schema-graph\">{\"@context\":\"https:\\\/\\\/schema.org\",\"@graph\":[{\"@type\":\"WebPage\",\"@id\":\"https:\\\/\\\/www.veltec.eu\\\/nl\\\/content-paginas\\\/kirby-onderdelen-gebruikt\\\/\",\"url\":\"https:\\\/\\\/www.veltec.eu\\\/nl\\\/content-paginas\\\/kirby-onderdelen-gebruikt\\\/\",\"name\":\"Piezas Kirby usadas - Veltec Kirby specialist\",\"isPartOf\":{\"@id\":\"https:\\\/\\\/www.veltec.eu\\\/en\\\/#website\"},\"primaryImageOfPage\":{\"@id\":\"https:\\\/\\\/www.veltec.eu\\\/nl\\\/content-paginas\\\/kirby-onderdelen-gebruikt\\\/#primaryimage\"},\"image\":{\"@id\":\"https:\\\/\\\/www.veltec.eu\\\/nl\\\/content-paginas\\\/kirby-onderdelen-gebruikt\\\/#primaryimage\"},\"thumbnailUrl\":\"https:\\\/\\\/www.veltec.eu\\\/wp-content\\\/uploads\\\/2021\\\/07\\\/Kirby-voor-transport-300x266.jpg\",\"datePublished\":\"2024-08-02T08:32:02+00:00\",\"dateModified\":\"2024-08-02T09:03:31+00:00\",\"description\":\"Piezas Kirby usadas. Veltec es proveedor de piezas Kirby de segunda mano desde hace m\u00e1s de 25 a\u00f1os. Y es su especialista Kirby de confianza.\",\"breadcrumb\":{\"@id\":\"https:\\\/\\\/www.veltec.eu\\\/nl\\\/content-paginas\\\/kirby-onderdelen-gebruikt\\\/#breadcrumb\"},\"inLanguage\":\"es\",\"potentialAction\":[{\"@type\":\"ReadAction\",\"target\":[\"https:\\\/\\\/www.veltec.eu\\\/nl\\\/content-paginas\\\/kirby-onderdelen-gebruikt\\\/\"]}]},{\"@type\":\"ImageObject\",\"inLanguage\":\"es\",\"@id\":\"https:\\\/\\\/www.veltec.eu\\\/nl\\\/content-paginas\\\/kirby-onderdelen-gebruikt\\\/#primaryimage\",\"url\":\"https:\\\/\\\/www.veltec.eu\\\/wp-content\\\/uploads\\\/2021\\\/07\\\/Kirby-voor-transport-300x266.jpg\",\"contentUrl\":\"https:\\\/\\\/www.veltec.eu\\\/wp-content\\\/uploads\\\/2021\\\/07\\\/Kirby-voor-transport-300x266.jpg\"},{\"@type\":\"BreadcrumbList\",\"@id\":\"https:\\\/\\\/www.veltec.eu\\\/nl\\\/content-paginas\\\/kirby-onderdelen-gebruikt\\\/#breadcrumb\",\"itemListElement\":[{\"@type\":\"ListItem\",\"position\":1,\"name\":\"Home\",\"item\":\"https:\\\/\\\/www.veltec.eu\\\/es\\\/\"},{\"@type\":\"ListItem\",\"position\":2,\"name\":\"Piezas Kirby usadas\"}]},{\"@type\":\"WebSite\",\"@id\":\"https:\\\/\\\/www.veltec.eu\\\/en\\\/#website\",\"url\":\"https:\\\/\\\/www.veltec.eu\\\/en\\\/\",\"name\":\"Veltec Kirby specialist\",\"description\":\"Kirby stofzuiger producten\",\"publisher\":{\"@id\":\"https:\\\/\\\/www.veltec.eu\\\/en\\\/#organization\"},\"potentialAction\":[{\"@type\":\"SearchAction\",\"target\":{\"@type\":\"EntryPoint\",\"urlTemplate\":\"https:\\\/\\\/www.veltec.eu\\\/en\\\/?s={search_term_string}\"},\"query-input\":{\"@type\":\"PropertyValueSpecification\",\"valueRequired\":true,\"valueName\":\"search_term_string\"}}],\"inLanguage\":\"es\"},{\"@type\":\"Organization\",\"@id\":\"https:\\\/\\\/www.veltec.eu\\\/en\\\/#organization\",\"name\":\"Veltec Kirby Specialist\",\"url\":\"https:\\\/\\\/www.veltec.eu\\\/en\\\/\",\"logo\":{\"@type\":\"ImageObject\",\"inLanguage\":\"es\",\"@id\":\"https:\\\/\\\/www.veltec.eu\\\/en\\\/#\\\/schema\\\/logo\\\/image\\\/\",\"url\":\"https:\\\/\\\/www.veltec.eu\\\/wp-content\\\/uploads\\\/2021\\\/12\\\/Veltec-log-groot-e1537260889125.png\",\"contentUrl\":\"https:\\\/\\\/www.veltec.eu\\\/wp-content\\\/uploads\\\/2021\\\/12\\\/Veltec-log-groot-e1537260889125.png\",\"width\":200,\"height\":60,\"caption\":\"Veltec Kirby Specialist\"},\"image\":{\"@id\":\"https:\\\/\\\/www.veltec.eu\\\/en\\\/#\\\/schema\\\/logo\\\/image\\\/\"},\"sameAs\":[\"https:\\\/\\\/www.facebook.com\\\/Veltec-Kirby-Specialist-236746293374877\\\/\",\"https:\\\/\\\/www.youtube.com\\\/user\\\/VeltecService\"]}]}<\/script>\n<!-- \/ Yoast SEO Premium plugin. -->","yoast_head_json":{"title":"Piezas Kirby usadas - Veltec Kirby specialist","description":"Piezas Kirby usadas. Veltec es proveedor de piezas Kirby de segunda mano desde hace m\u00e1s de 25 a\u00f1os. Y es su especialista Kirby de confianza.","robots":{"index":"index","follow":"follow","max-snippet":"max-snippet:-1","max-image-preview":"max-image-preview:large","max-video-preview":"max-video-preview:-1"},"canonical":"https:\/\/www.veltec.eu\/nl\/content-paginas\/kirby-onderdelen-gebruikt\/","og_locale":"es_ES","og_type":"article","og_title":"Piezas Kirby usadas","og_description":"Piezas Kirby usadas Su sistema Kirby deber\u00eda durar toda la vida. Con el accesorio y los cuidados adecuados, su sistema funcionar\u00e1 como nuevo, incluso","og_url":"https:\/\/www.veltec.eu\/nl\/content-paginas\/kirby-onderdelen-gebruikt\/","og_site_name":"Veltec Kirby specialist","article_publisher":"https:\/\/www.facebook.com\/Veltec-Kirby-Specialist-236746293374877\/","article_modified_time":"2024-08-02T09:03:31+00:00","og_image":[{"width":459,"height":407,"url":"https:\/\/www.veltec.eu\/wp-content\/uploads\/2021\/07\/Kirby-voor-transport.jpg","type":"image\/jpeg"}],"twitter_card":"summary_large_image","twitter_misc":{"Tiempo de lectura":"7 minutos"},"schema":{"@context":"https:\/\/schema.org","@graph":[{"@type":"WebPage","@id":"https:\/\/www.veltec.eu\/nl\/content-paginas\/kirby-onderdelen-gebruikt\/","url":"https:\/\/www.veltec.eu\/nl\/content-paginas\/kirby-onderdelen-gebruikt\/","name":"Piezas Kirby usadas - Veltec Kirby specialist","isPartOf":{"@id":"https:\/\/www.veltec.eu\/en\/#website"},"primaryImageOfPage":{"@id":"https:\/\/www.veltec.eu\/nl\/content-paginas\/kirby-onderdelen-gebruikt\/#primaryimage"},"image":{"@id":"https:\/\/www.veltec.eu\/nl\/content-paginas\/kirby-onderdelen-gebruikt\/#primaryimage"},"thumbnailUrl":"https:\/\/www.veltec.eu\/wp-content\/uploads\/2021\/07\/Kirby-voor-transport-300x266.jpg","datePublished":"2024-08-02T08:32:02+00:00","dateModified":"2024-08-02T09:03:31+00:00","description":"Piezas Kirby usadas. Veltec es proveedor de piezas Kirby de segunda mano desde hace m\u00e1s de 25 a\u00f1os. Y es su especialista Kirby de confianza.","breadcrumb":{"@id":"https:\/\/www.veltec.eu\/nl\/content-paginas\/kirby-onderdelen-gebruikt\/#breadcrumb"},"inLanguage":"es","potentialAction":[{"@type":"ReadAction","target":["https:\/\/www.veltec.eu\/nl\/content-paginas\/kirby-onderdelen-gebruikt\/"]}]},{"@type":"ImageObject","inLanguage":"es","@id":"https:\/\/www.veltec.eu\/nl\/content-paginas\/kirby-onderdelen-gebruikt\/#primaryimage","url":"https:\/\/www.veltec.eu\/wp-content\/uploads\/2021\/07\/Kirby-voor-transport-300x266.jpg","contentUrl":"https:\/\/www.veltec.eu\/wp-content\/uploads\/2021\/07\/Kirby-voor-transport-300x266.jpg"},{"@type":"BreadcrumbList","@id":"https:\/\/www.veltec.eu\/nl\/content-paginas\/kirby-onderdelen-gebruikt\/#breadcrumb","itemListElement":[{"@type":"ListItem","position":1,"name":"Home","item":"https:\/\/www.veltec.eu\/es\/"},{"@type":"ListItem","position":2,"name":"Piezas Kirby usadas"}]},{"@type":"WebSite","@id":"https:\/\/www.veltec.eu\/en\/#website","url":"https:\/\/www.veltec.eu\/en\/","name":"Veltec Kirby specialist","description":"Kirby stofzuiger producten","publisher":{"@id":"https:\/\/www.veltec.eu\/en\/#organization"},"potentialAction":[{"@type":"SearchAction","target":{"@type":"EntryPoint","urlTemplate":"https:\/\/www.veltec.eu\/en\/?s={search_term_string}"},"query-input":{"@type":"PropertyValueSpecification","valueRequired":true,"valueName":"search_term_string"}}],"inLanguage":"es"},{"@type":"Organization","@id":"https:\/\/www.veltec.eu\/en\/#organization","name":"Veltec Kirby Specialist","url":"https:\/\/www.veltec.eu\/en\/","logo":{"@type":"ImageObject","inLanguage":"es","@id":"https:\/\/www.veltec.eu\/en\/#\/schema\/logo\/image\/","url":"https:\/\/www.veltec.eu\/wp-content\/uploads\/2021\/12\/Veltec-log-groot-e1537260889125.png","contentUrl":"https:\/\/www.veltec.eu\/wp-content\/uploads\/2021\/12\/Veltec-log-groot-e1537260889125.png","width":200,"height":60,"caption":"Veltec Kirby Specialist"},"image":{"@id":"https:\/\/www.veltec.eu\/en\/#\/schema\/logo\/image\/"},"sameAs":["https:\/\/www.facebook.com\/Veltec-Kirby-Specialist-236746293374877\/","https:\/\/www.youtube.com\/user\/VeltecService"]}]}},"_links":{"self":[{"href":"https:\/\/www.veltec.eu\/es\/wp-json\/wp\/v2\/pages\/63139","targetHints":{"allow":["GET"]}}],"collection":[{"href":"https:\/\/www.veltec.eu\/es\/wp-json\/wp\/v2\/pages"}],"about":[{"href":"https:\/\/www.veltec.eu\/es\/wp-json\/wp\/v2\/types\/page"}],"author":[{"embeddable":true,"href":"https:\/\/www.veltec.eu\/es\/wp-json\/wp\/v2\/users\/1"}],"replies":[{"embeddable":true,"href":"https:\/\/www.veltec.eu\/es\/wp-json\/wp\/v2\/comments?post=63139"}],"version-history":[{"count":0,"href":"https:\/\/www.veltec.eu\/es\/wp-json\/wp\/v2\/pages\/63139\/revisions"}],"wp:attachment":[{"href":"https:\/\/www.veltec.eu\/es\/wp-json\/wp\/v2\/media?parent=63139"}],"curies":[{"name":"wp","href":"https:\/\/api.w.org\/{rel}","templated":true}]}}