{"id":63109,"date":"2024-08-02T08:57:00","date_gmt":"2024-08-02T06:57:00","guid":{"rendered":"https:\/\/www.veltec.eu\/reparacion-kirby\/"},"modified":"2026-04-22T13:11:55","modified_gmt":"2026-04-22T11:11:55","slug":"reparacion-kirby","status":"publish","type":"page","link":"https:\/\/www.veltec.eu\/es\/reparacion-kirby\/","title":{"rendered":"Reparaci\u00f3n Kirby"},"content":{"rendered":"<div  class='flex_column av-mp8lgp-ea68d6f6cc68112500fcc17af4b129b3 av_one_half  avia-builder-el-0  el_before_av_one_half  avia-builder-el-first  first flex_column_div  '     ><section  class='av_textblock_section av-lzbic917-88707bc5f570acc6459e6f9cd5aa4943 '   itemscope=\"itemscope\" itemtype=\"https:\/\/schema.org\/CreativeWork\" ><div class='avia_textblock'  itemprop=\"text\" ><h1>Reparaci\u00f3n Kirby<\/h1>\n<p>\u00bfBusca una soluci\u00f3n fiable para su <strong>Reparaci\u00f3n Kirby<\/strong>? Entonces ha llegado al lugar correcto, porque nuestros especialistas le ayudan de forma r\u00e1pida y profesional. Adem\u00e1s, nos aseguramos de que su aspiradora Kirby vuelva a rendir como est\u00e1 acostumbrado, para que pueda seguir limpiando sin preocupaciones.<\/p>\n<p>\n<style type=\"text\/css\" data-created_by=\"avia_inline_auto\" id=\"style-css-av-1jc9oyx-bed5ff55890df0397b54db18dbfb88cf\">\n#top .hr.hr-invisible.av-1jc9oyx-bed5ff55890df0397b54db18dbfb88cf{\nheight:10px;\n}\n<\/style>\n<div  class='hr av-1jc9oyx-bed5ff55890df0397b54db18dbfb88cf hr-invisible  avia-builder-el-2  el_before_av_button_big  avia-builder-el-no-sibling '><span class='hr-inner '><span class=\"hr-inner-style\"><\/span><\/span><\/div><br \/>\n<div  class='avia-button-wrap avia-button-center  avia-builder-el-3  el_after_av_hr  el_before_av_hr '>\n<style type=\"text\/css\" data-created_by=\"avia_inline_auto\" id=\"style-css-av-av_button_big-d5a2209be96a7eb8b92e746d0810c1d8\">\n#top #wrap_all .avia-button.av-av_button_big-d5a2209be96a7eb8b92e746d0810c1d8{\nbackground-color:#2d5c88;\nborder-color:#2d5c88;\nborder-radius:10px 10px 10px 10px;\ntransition:all 0.4s ease-in-out;\nfont-size:15px;\n}\n#top #wrap_all .avia-button.av-av_button_big-d5a2209be96a7eb8b92e746d0810c1d8:hover{\ncolor:white;\ntransition:all 0.4s ease-in-out;\n}\n#top #wrap_all .avia-button.av-av_button_big-d5a2209be96a7eb8b92e746d0810c1d8:hover .avia_button_background{\nborder-radius:10px 10px 10px 10px;\n}\n#top #wrap_all .avia-button.av-av_button_big-d5a2209be96a7eb8b92e746d0810c1d8:hover .avia-svg-icon svg:first-child{\nfill:white;\nstroke:white;\n}\n<\/style>\n<a href='https:\/\/www.veltec.eu\/es\/servicio-kirby-espana\/' class='avia-font-color-theme-color avia-button avia-button-fullwidth av-av_button_big-d5a2209be96a7eb8b92e746d0810c1d8 avia-icon_select-yes-left-icon avia-color-custom'   aria-label=\"Kirby Service espa\u00f1a\"><span class='avia_button_icon avia_button_icon_left avia-svg-icon avia-font-svg_entypo-fontello' data-av_svg_icon='info-circled' data-av_iconset='svg_entypo-fontello'><svg version=\"1.1\" xmlns=\"http:\/\/www.w3.org\/2000\/svg\" width=\"29\" height=\"32\" viewBox=\"0 0 29 32\" preserveAspectRatio=\"xMidYMid meet\" aria-labelledby='av-svg-title-1' aria-describedby='av-svg-desc-1' role=\"graphics-symbol\">\n<title id='av-svg-title-1'>Info-circled<\/title>\n<desc id='av-svg-desc-1'>Info-circled<\/desc>\n<path d=\"M14.528 1.28q6.080-0.064 10.432 4.16t4.48 10.304q0.064 6.080-4.192 10.464t-10.336 4.512q-6.080 0.064-10.464-4.192t-4.448-10.336q-0.128-6.080 4.16-10.464t10.368-4.448zM16.192 6.144q-1.344 0-2.080 0.768t-0.736 1.6q-0.064 0.896 0.48 1.408t1.568 0.512q1.216 0 1.952-0.704t0.736-1.728q0-1.856-1.92-1.856zM12.352 25.152q0.96 0 2.688-0.832t3.392-2.496l-0.576-0.768q-1.536 1.152-2.304 1.152-0.448 0-0.128-1.216l1.344-5.12q0.832-3.072-0.704-3.072-0.96 0-2.848 0.928t-3.68 2.4l0.512 0.832q1.664-1.088 2.368-1.088 0.384 0 0 1.088l-1.152 4.864q-0.832 3.328 1.088 3.328z\"><\/path>\n<\/svg><\/span><span class='avia_iconbox_title' >Kirby Service espa\u00f1a<\/span><span class='avia_button_background avia-button avia-button-fullwidth avia-color-theme-color-highlight'><\/span><\/a><\/div><br \/>\n\n<style type=\"text\/css\" data-created_by=\"avia_inline_auto\" id=\"style-css-av-qi45ft-97777a84526baf0b4383c7483ba49f51\">\n#top .hr.hr-invisible.av-qi45ft-97777a84526baf0b4383c7483ba49f51{\nheight:10px;\n}\n<\/style>\n<div  class='hr av-qi45ft-97777a84526baf0b4383c7483ba49f51 hr-invisible  avia-builder-el-4  el_after_av_button_big  avia-builder-el-no-sibling '><span class='hr-inner '><span class=\"hr-inner-style\"><\/span><\/span><\/div><\/p>\n<hr \/>\n<h2>Servicio de reparaci\u00f3n Kirby En Espa\u00f1a<\/h2>\n<p>Cuando elige <strong>Reparaci\u00f3n Kirby<\/strong>, tambi\u00e9n elige un centro de servicio autorizado en los Espa\u00f1a con t\u00e9cnicos experimentados. Por ello, tiene la garant\u00eda de un enfoque profesional y un servicio r\u00e1pido. Adem\u00e1s, contamos con un amplio stock de piezas Kirby, por lo que las reparaciones suelen completarse en un plazo de 3 d\u00edas.<\/p>\n<p>Nuestras ventajas:<\/p>\n<ul>\n<li>Solicite un paquete de env\u00edo que incluya la etiqueta de env\u00edo de devoluci\u00f3n por solo \u20ac 10,00<\/li>\n<li>Servicio de env\u00edos en Espa\u00f1a<\/li>\n<li>Plazo de reparaci\u00f3n r\u00e1pido (media de 3 d\u00edas)<\/li>\n<li>Piezas originales disponibles de inmediato<\/li>\n<\/ul>\n<p>Adem\u00e1s, nuestros t\u00e9cnicos revisan cuidadosamente cada aparato para detectar y resolver inmediatamente cualquier defecto oculto. En resumen, su Kirby est\u00e1 en buenas manos con nosotros.<\/p>\n<\/div><\/section><\/div><div  class='flex_column av-3xdbjd-21c1d70979cef646b936b95cd57572b8 av_one_half  avia-builder-el-5  el_after_av_one_half  el_before_av_one_full  flex_column_div  '     ><p>\n<style type=\"text\/css\" data-created_by=\"avia_inline_auto\" id=\"style-css-av-mo9t8e53-a5e02c39eceae07bb48fe31bda41f835\">\n#top .hr.hr-invisible.av-mo9t8e53-a5e02c39eceae07bb48fe31bda41f835{\nheight:40px;\n}\n<\/style>\n<div  class='hr av-mo9t8e53-a5e02c39eceae07bb48fe31bda41f835 hr-invisible  avia-builder-el-6  el_before_av_image  avia-builder-el-first '><span class='hr-inner '><span class=\"hr-inner-style\"><\/span><\/span><\/div><br \/>\n\n<style type=\"text\/css\" data-created_by=\"avia_inline_auto\" id=\"style-css-av-lzbibq7k-dd958c0bb72f4f39dd2eb6a5f4f8c472\">\n.avia-image-container.av-lzbibq7k-dd958c0bb72f4f39dd2eb6a5f4f8c472 img.avia_image{\nbox-shadow:none;\n}\n.avia-image-container.av-lzbibq7k-dd958c0bb72f4f39dd2eb6a5f4f8c472 .av-image-caption-overlay-center{\ncolor:#ffffff;\n}\n<\/style>\n<div  class='avia-image-container av-lzbibq7k-dd958c0bb72f4f39dd2eb6a5f4f8c472 av-styling- avia-align-center  avia-builder-el-7  el_after_av_hr  avia-builder-el-last '   itemprop=\"image\" itemscope=\"itemscope\" itemtype=\"https:\/\/schema.org\/ImageObject\" ><div class=\"avia-image-container-inner\"><div class=\"avia-image-overlay-wrap\"><img decoding=\"async\" fetchpriority=\"high\" class='wp-image-91095 avia-img-lazy-loading-not-91095 avia_image ' src=\"https:\/\/www.veltec.eu\/wp-content\/uploads\/2026\/04\/IMG_8583.png\" alt='Reparaci\u00f3n Kirby' title='Reparaci\u00f3n Kirby'  height=\"436\" width=\"600\"  itemprop=\"thumbnailUrl\" srcset=\"https:\/\/www.veltec.eu\/wp-content\/uploads\/2026\/04\/IMG_8583.png 600w, https:\/\/www.veltec.eu\/wp-content\/uploads\/2026\/04\/IMG_8583-300x218.png 300w, https:\/\/www.veltec.eu\/wp-content\/uploads\/2026\/04\/IMG_8583-450x327.png 450w\" sizes=\"(max-width: 600px) 100vw, 600px\" \/><\/div><\/div><\/div><\/p><\/div><div  class='flex_column av-1xt0mh-44388fc0c2ec2f251e959857aeea2f69 av_one_full  avia-builder-el-8  el_after_av_one_half  el_before_av_one_half  first flex_column_div  column-top-margin'     ><section  class='av_textblock_section av-mo9r3nqn-039ff552c84110875efcf1c7adc35062 '   itemscope=\"itemscope\" itemtype=\"https:\/\/schema.org\/CreativeWork\" ><div class='avia_textblock'  itemprop=\"text\" ><h2>Problemas comunes en las aspiradoras Kirby<\/h2>\n<p>Aunque Kirby es conocida por su durabilidad, despu\u00e9s de a\u00f1os de uso a\u00fan pueden producirse aver\u00edas. Por ello, un diagn\u00f3stico r\u00e1pido es esencial para evitar da\u00f1os mayores.<\/p>\n<h3>Baja potencia de succi\u00f3n y obstrucciones<\/h3>\n<p><a href=\"https:\/\/www.servicio-de-aspiradoras-kirby.es\/mi-kirby-ya-no-tiene-succion\/\">Cuando su aspiradora tiene menos potencia de succi\u00f3n<\/a>, esto puede deberse a varias causas. Por ejemplo, la bolsa de polvo puede estar llena o la entrada puede estar obstruida. Adem\u00e1s, una bolsa mal colocada puede afectar directamente al rendimiento.<\/p>\n<h3>Problemas de motor y correa<\/h3>\n<p><a href=\"https:\/\/www.servicio-de-aspiradoras-kirby.es\/mi-kirby-hace-un-ruido-enorme\/\">Si el motor suena demasiado fuerte,<\/a> es recomendable comprobar inmediatamente si el cepillo giratorio puede moverse libremente. Adem\u00e1s, una correa de transmisi\u00f3n desgastada puede ser la causa de un funcionamiento reducido. Por ello, un mantenimiento a tiempo es necesario para evitar da\u00f1os mayores.<\/p>\n<hr \/>\n<h2>Mantenimiento y diagn\u00f3stico r\u00e1pido para la reparaci\u00f3n Kirby<\/h2>\n<p><a href=\"https:\/\/www.veltec.eu\/es\/servicio-kirby-espana\/\">El mantenimiento regular evita reparaciones costosas<\/a> y prolonga la vida \u00fatil de su aparato. Por eso recomendamos que su Kirby sea revisado peri\u00f3dicamente.<\/p>\n<p>En primer lugar, es importante ajustar correctamente la altura seg\u00fan su tipo de suelo. A continuaci\u00f3n, debe comprobar que la bolsa no est\u00e9 demasiado llena, ya que esto afecta directamente al flujo de aire. Adem\u00e1s, es recomendable limpiar regularmente el cepillo y la entrada.<\/p>\n<p>Tambi\u00e9n es fundamental que nuestros t\u00e9cnicos inspeccionen cada componente. De esta forma, los defectos iniciales se detectan a tiempo, garantizando un funcionamiento \u00f3ptimo del aparato.<\/p>\n<hr \/>\n<h2>Servicio de reparaci\u00f3n Kirby a domicilio<\/h2>\n<p>Con nuestro servicio de <strong>reparaci\u00f3n Kirby de env\u00edos en Espa\u00f1a<\/strong>, no necesita transportar el aparato usted mismo. As\u00ed ahorra tiempo y esfuerzo, mientras sigue disfrutando de asistencia profesional.<\/p>\n<p>Nuestro servicio incluye:<\/p>\n<ul>\n<li>Cita en su domicilio o lugar de trabajo<\/li>\n<li>T\u00e9cnico totalmente cualificado y asegurado<\/li>\n<li>Diagn\u00f3stico con sistemas digitales de mantenimiento<\/li>\n<li>Informaci\u00f3n inmediata sobre piezas y costes<\/li>\n<\/ul>\n<p>Adem\u00e1s, el t\u00e9cnico se toma el tiempo necesario para explicar claramente el problema. De este modo, usted mantiene el control total sobre la decisi\u00f3n de reparaci\u00f3n.<\/p>\n<\/div><\/section><\/div><div  class='flex_column av-4fcm09-099ab9dbe12eb682152d856d9ba48483 av_one_half  avia-builder-el-10  el_after_av_one_full  el_before_av_one_half  first flex_column_div  column-top-margin'     ><section  class='av_textblock_section av-mo9rt4jc-94505100d68848cfe4dbbe9a53087d52 '   itemscope=\"itemscope\" itemtype=\"https:\/\/schema.org\/CreativeWork\" ><div class='avia_textblock'  itemprop=\"text\" >\n<style type=\"text\/css\" data-created_by=\"avia_inline_auto\" id=\"style-css-av-m22u15-810bdde2dd675a2dd9bd09612238485a\">\n#top .hr.hr-invisible.av-m22u15-810bdde2dd675a2dd9bd09612238485a{\nheight:10px;\n}\n<\/style>\n<div  class='hr av-m22u15-810bdde2dd675a2dd9bd09612238485a hr-invisible  avia-builder-el-12  el_before_av_hr  avia-builder-el-first '><span class='hr-inner '><span class=\"hr-inner-style\"><\/span><\/span><\/div>\n<div data-src=\"https:\/\/cdn.trustindex.io\/loader.js?8be731f31959475bab16c8e843b\"><\/div>\n\n<style type=\"text\/css\" data-created_by=\"avia_inline_auto\" id=\"style-css-av-m22u15-1-757454439128508da5ccee14f4f53d70\">\n#top .hr.hr-invisible.av-m22u15-1-757454439128508da5ccee14f4f53d70{\nheight:25px;\n}\n<\/style>\n<div  class='hr av-m22u15-1-757454439128508da5ccee14f4f53d70 hr-invisible  avia-builder-el-13  el_after_av_hr  avia-builder-el-last '><span class='hr-inner '><span class=\"hr-inner-style\"><\/span><\/span><\/div>\n<\/div><\/section><\/div><div  class='flex_column av-m58fjd-28db83ed535f09913ce0041610711ff3 av_one_half  avia-builder-el-14  el_after_av_one_half  avia-builder-el-last  flex_column_div  column-top-margin'     ><section  class='av_textblock_section av-mo9rtw29-6ef7d8ca6db87ba963a4f475b0930f56 '   itemscope=\"itemscope\" itemtype=\"https:\/\/schema.org\/CreativeWork\" ><div class='avia_textblock'  itemprop=\"text\" ><h2>Reparaci\u00f3n Kirby autorizada y piezas originales<\/h2>\n<p>Cuando elige una reparaci\u00f3n Kirby autorizada, tiene la garant\u00eda de recibir <a href=\"https:\/\/www.veltec.eu\/es\/accesorios-kirby\/\">piezas originales Kirby<\/a> y reparaciones correctas. Por eso es importante utilizar siempre un centro de servicio autorizado.<\/p>\n<p>Adem\u00e1s, los talleres autorizados disponen de documentaci\u00f3n t\u00e9cnica e informaci\u00f3n de f\u00e1brica. De este modo, incluso los modelos m\u00e1s antiguos <a href=\"https:\/\/www.veltec.eu\/es\/modelo-kirby\/\">Kirby<\/a> pueden ser reparados de forma profesional. Asimismo, esto evita que la garant\u00eda quede anulada por reparaciones no certificadas.<\/p>\n<hr \/>\n<h2><a href=\"https:\/\/www.veltec.eu\/es\/contacte-con\/\">Contacto<\/a> y especialista Veltec Kirby<\/h2>\n<p>Si necesita ayuda inmediata para su <strong>Reparaci\u00f3n Kirby<\/strong>, puede ponerse en contacto con el especialista Veltec Kirby. Adem\u00e1s, puede solicitar un presupuesto por tel\u00e9fono o correo electr\u00f3nico.<\/p>\n<p>\ud83d\udcde 036-5402040<br \/>\n\u2709\ufe0f <a href=\"mailto:info@veltec.eu\">info@veltec.eu<\/a><br \/>\n\ud83c\udf10 <a href=\"https:\/\/www.veltec.eu\/es\/\">www.veltec.eu<\/a><\/p>\n<p>Finalmente, nos aseguramos de que su <a href=\"https:\/\/www.veltec.eu\/es\/aspiradora-kirby\/\">aspiradora Kirby<\/a> vuelva a funcionar de forma \u00f3ptima, para que pueda volver a contar con una limpieza potente y fiable.<\/p>\n<\/div><\/section><\/div><\/p>\n","protected":false},"excerpt":{"rendered":"","protected":false},"author":1,"featured_media":0,"parent":0,"menu_order":0,"comment_status":"closed","ping_status":"closed","template":"","meta":{"footnotes":""},"class_list":["post-63109","page","type-page","status-publish","hentry"],"yoast_head":"<!-- This site is optimized with the Yoast SEO Premium plugin v27.1 (Yoast SEO v27.4) - https:\/\/yoast.com\/product\/yoast-seo-premium-wordpress\/ -->\n<title>Reparaci\u00f3n Kirby - Veltec Kirby specialist<\/title>\n<meta name=\"description\" content=\"Reparaci\u00f3n Kirby - Deje que un especialista de Kirby se encargue del mantenimiento de su aspiradora Kirby. 25 a\u00f1os de experiencia.\" \/>\n<meta name=\"robots\" content=\"index, follow, max-snippet:-1, max-image-preview:large, max-video-preview:-1\" \/>\n<link rel=\"canonical\" href=\"https:\/\/www.veltec.eu\/es\/reparacion-kirby\/\" \/>\n<meta property=\"og:locale\" content=\"es_ES\" \/>\n<meta property=\"og:type\" content=\"article\" \/>\n<meta property=\"og:title\" content=\"Reparaci\u00f3n Kirby\" \/>\n<meta property=\"og:url\" content=\"https:\/\/www.veltec.eu\/es\/reparacion-kirby\/\" \/>\n<meta property=\"og:site_name\" content=\"Veltec Kirby specialist\" \/>\n<meta property=\"article:publisher\" content=\"https:\/\/www.facebook.com\/Veltec-Kirby-Specialist-236746293374877\/\" \/>\n<meta property=\"article:modified_time\" content=\"2026-04-22T11:11:55+00:00\" \/>\n<meta name=\"twitter:card\" content=\"summary_large_image\" \/>\n<meta name=\"twitter:label1\" content=\"Tiempo de lectura\" \/>\n\t<meta name=\"twitter:data1\" content=\"4 minutos\" \/>\n<script type=\"application\/ld+json\" class=\"yoast-schema-graph\">{\"@context\":\"https:\\\/\\\/schema.org\",\"@graph\":[{\"@type\":\"WebPage\",\"@id\":\"https:\\\/\\\/www.veltec.eu\\\/es\\\/reparacion-kirby\\\/\",\"url\":\"https:\\\/\\\/www.veltec.eu\\\/es\\\/reparacion-kirby\\\/\",\"name\":\"Reparaci\u00f3n Kirby - Veltec Kirby specialist\",\"isPartOf\":{\"@id\":\"https:\\\/\\\/www.veltec.eu\\\/en\\\/#website\"},\"datePublished\":\"2024-08-02T06:57:00+00:00\",\"dateModified\":\"2026-04-22T11:11:55+00:00\",\"description\":\"Reparaci\u00f3n Kirby - Deje que un especialista de Kirby se encargue del mantenimiento de su aspiradora Kirby. 25 a\u00f1os de experiencia.\",\"breadcrumb\":{\"@id\":\"https:\\\/\\\/www.veltec.eu\\\/es\\\/reparacion-kirby\\\/#breadcrumb\"},\"inLanguage\":\"es\",\"potentialAction\":[{\"@type\":\"ReadAction\",\"target\":[\"https:\\\/\\\/www.veltec.eu\\\/es\\\/reparacion-kirby\\\/\"]}]},{\"@type\":\"BreadcrumbList\",\"@id\":\"https:\\\/\\\/www.veltec.eu\\\/es\\\/reparacion-kirby\\\/#breadcrumb\",\"itemListElement\":[{\"@type\":\"ListItem\",\"position\":1,\"name\":\"Home\",\"item\":\"https:\\\/\\\/www.veltec.eu\\\/es\\\/\"},{\"@type\":\"ListItem\",\"position\":2,\"name\":\"Reparaci\u00f3n Kirby\"}]},{\"@type\":\"WebSite\",\"@id\":\"https:\\\/\\\/www.veltec.eu\\\/en\\\/#website\",\"url\":\"https:\\\/\\\/www.veltec.eu\\\/en\\\/\",\"name\":\"Veltec Kirby specialist\",\"description\":\"Kirby stofzuiger producten\",\"publisher\":{\"@id\":\"https:\\\/\\\/www.veltec.eu\\\/en\\\/#organization\"},\"potentialAction\":[{\"@type\":\"SearchAction\",\"target\":{\"@type\":\"EntryPoint\",\"urlTemplate\":\"https:\\\/\\\/www.veltec.eu\\\/en\\\/?s={search_term_string}\"},\"query-input\":{\"@type\":\"PropertyValueSpecification\",\"valueRequired\":true,\"valueName\":\"search_term_string\"}}],\"inLanguage\":\"es\"},{\"@type\":\"Organization\",\"@id\":\"https:\\\/\\\/www.veltec.eu\\\/en\\\/#organization\",\"name\":\"Veltec Kirby Specialist\",\"url\":\"https:\\\/\\\/www.veltec.eu\\\/en\\\/\",\"logo\":{\"@type\":\"ImageObject\",\"inLanguage\":\"es\",\"@id\":\"https:\\\/\\\/www.veltec.eu\\\/en\\\/#\\\/schema\\\/logo\\\/image\\\/\",\"url\":\"https:\\\/\\\/www.veltec.eu\\\/wp-content\\\/uploads\\\/2021\\\/12\\\/Veltec-log-groot-e1537260889125.png\",\"contentUrl\":\"https:\\\/\\\/www.veltec.eu\\\/wp-content\\\/uploads\\\/2021\\\/12\\\/Veltec-log-groot-e1537260889125.png\",\"width\":200,\"height\":60,\"caption\":\"Veltec Kirby Specialist\"},\"image\":{\"@id\":\"https:\\\/\\\/www.veltec.eu\\\/en\\\/#\\\/schema\\\/logo\\\/image\\\/\"},\"sameAs\":[\"https:\\\/\\\/www.facebook.com\\\/Veltec-Kirby-Specialist-236746293374877\\\/\",\"https:\\\/\\\/www.youtube.com\\\/user\\\/VeltecService\"]}]}<\/script>\n<!-- \/ Yoast SEO Premium plugin. -->","yoast_head_json":{"title":"Reparaci\u00f3n Kirby - Veltec Kirby specialist","description":"Reparaci\u00f3n Kirby - Deje que un especialista de Kirby se encargue del mantenimiento de su aspiradora Kirby. 25 a\u00f1os de experiencia.","robots":{"index":"index","follow":"follow","max-snippet":"max-snippet:-1","max-image-preview":"max-image-preview:large","max-video-preview":"max-video-preview:-1"},"canonical":"https:\/\/www.veltec.eu\/es\/reparacion-kirby\/","og_locale":"es_ES","og_type":"article","og_title":"Reparaci\u00f3n Kirby","og_url":"https:\/\/www.veltec.eu\/es\/reparacion-kirby\/","og_site_name":"Veltec Kirby specialist","article_publisher":"https:\/\/www.facebook.com\/Veltec-Kirby-Specialist-236746293374877\/","article_modified_time":"2026-04-22T11:11:55+00:00","twitter_card":"summary_large_image","twitter_misc":{"Tiempo de lectura":"4 minutos"},"schema":{"@context":"https:\/\/schema.org","@graph":[{"@type":"WebPage","@id":"https:\/\/www.veltec.eu\/es\/reparacion-kirby\/","url":"https:\/\/www.veltec.eu\/es\/reparacion-kirby\/","name":"Reparaci\u00f3n Kirby - Veltec Kirby specialist","isPartOf":{"@id":"https:\/\/www.veltec.eu\/en\/#website"},"datePublished":"2024-08-02T06:57:00+00:00","dateModified":"2026-04-22T11:11:55+00:00","description":"Reparaci\u00f3n Kirby - Deje que un especialista de Kirby se encargue del mantenimiento de su aspiradora Kirby. 25 a\u00f1os de experiencia.","breadcrumb":{"@id":"https:\/\/www.veltec.eu\/es\/reparacion-kirby\/#breadcrumb"},"inLanguage":"es","potentialAction":[{"@type":"ReadAction","target":["https:\/\/www.veltec.eu\/es\/reparacion-kirby\/"]}]},{"@type":"BreadcrumbList","@id":"https:\/\/www.veltec.eu\/es\/reparacion-kirby\/#breadcrumb","itemListElement":[{"@type":"ListItem","position":1,"name":"Home","item":"https:\/\/www.veltec.eu\/es\/"},{"@type":"ListItem","position":2,"name":"Reparaci\u00f3n Kirby"}]},{"@type":"WebSite","@id":"https:\/\/www.veltec.eu\/en\/#website","url":"https:\/\/www.veltec.eu\/en\/","name":"Veltec Kirby specialist","description":"Kirby stofzuiger producten","publisher":{"@id":"https:\/\/www.veltec.eu\/en\/#organization"},"potentialAction":[{"@type":"SearchAction","target":{"@type":"EntryPoint","urlTemplate":"https:\/\/www.veltec.eu\/en\/?s={search_term_string}"},"query-input":{"@type":"PropertyValueSpecification","valueRequired":true,"valueName":"search_term_string"}}],"inLanguage":"es"},{"@type":"Organization","@id":"https:\/\/www.veltec.eu\/en\/#organization","name":"Veltec Kirby Specialist","url":"https:\/\/www.veltec.eu\/en\/","logo":{"@type":"ImageObject","inLanguage":"es","@id":"https:\/\/www.veltec.eu\/en\/#\/schema\/logo\/image\/","url":"https:\/\/www.veltec.eu\/wp-content\/uploads\/2021\/12\/Veltec-log-groot-e1537260889125.png","contentUrl":"https:\/\/www.veltec.eu\/wp-content\/uploads\/2021\/12\/Veltec-log-groot-e1537260889125.png","width":200,"height":60,"caption":"Veltec Kirby Specialist"},"image":{"@id":"https:\/\/www.veltec.eu\/en\/#\/schema\/logo\/image\/"},"sameAs":["https:\/\/www.facebook.com\/Veltec-Kirby-Specialist-236746293374877\/","https:\/\/www.youtube.com\/user\/VeltecService"]}]}},"_links":{"self":[{"href":"https:\/\/www.veltec.eu\/es\/wp-json\/wp\/v2\/pages\/63109","targetHints":{"allow":["GET"]}}],"collection":[{"href":"https:\/\/www.veltec.eu\/es\/wp-json\/wp\/v2\/pages"}],"about":[{"href":"https:\/\/www.veltec.eu\/es\/wp-json\/wp\/v2\/types\/page"}],"author":[{"embeddable":true,"href":"https:\/\/www.veltec.eu\/es\/wp-json\/wp\/v2\/users\/1"}],"replies":[{"embeddable":true,"href":"https:\/\/www.veltec.eu\/es\/wp-json\/wp\/v2\/comments?post=63109"}],"version-history":[{"count":5,"href":"https:\/\/www.veltec.eu\/es\/wp-json\/wp\/v2\/pages\/63109\/revisions"}],"predecessor-version":[{"id":91194,"href":"https:\/\/www.veltec.eu\/es\/wp-json\/wp\/v2\/pages\/63109\/revisions\/91194"}],"wp:attachment":[{"href":"https:\/\/www.veltec.eu\/es\/wp-json\/wp\/v2\/media?parent=63109"}],"curies":[{"name":"wp","href":"https:\/\/api.w.org\/{rel}","templated":true}]}}