{"id":60776,"date":"2024-07-05T09:45:58","date_gmt":"2024-07-05T07:45:58","guid":{"rendered":"https:\/\/www.veltec.eu\/las-bolsas-aspiradoras-kirby\/"},"modified":"2025-01-24T14:35:18","modified_gmt":"2025-01-24T12:35:18","slug":"las-bolsas-aspiradoras-kirby","status":"publish","type":"page","link":"https:\/\/www.veltec.eu\/es\/las-bolsas-aspiradoras-kirby\/","title":{"rendered":"Las bolsas aspiradoras Kirby"},"content":{"rendered":"<h1>Las bolsas aspiradoras Kirby<\/h1>\n<h3>\u00bfCu\u00e1les son las <a href=\"https:\/\/www.veltec.eu\/es\/bolsas-de-aspiradora-kirby\/\">bolsas para aspiradora Kirby<\/a> adecuadas para mi KIRBY?<br \/>\n\u00bfY c\u00f3mo puedo saber qu\u00e9 estilo (F o S) de bolsa para aspiradora KIRBY estoy utilizando?<\/h3>\n<p>Desde 2014, disponemos de las nuevas bolsas universales para aspiradoras KIRBY.<\/p>\n<p>Est\u00e1n fabricadas por KIRBY para adaptarse a todas las m\u00e1quinas de \u00faltima generaci\u00f3n, desde la G4 hasta la Sentria II. Le recomendamos encarecidamente que compre y utilice esas bolsas aspiradoras Kirby originales. Porque est\u00e1n dise\u00f1adas para reemplazar las viejas bolsas Kirby estilo F y S. En un nuevo y pr\u00e1ctico paquete universal de bolsas Kirby.<\/p>\n<div id=\"attachment_4335\" style=\"width: 510px\" class=\"wp-caption alignnone\"><a href=\"https:\/\/www.veltec.eu\/es\/bolsas-de-aspiradora-kirby\/\"><img decoding=\"async\" aria-describedby=\"caption-attachment-4335\" class=\"wp-image-4335 size-full\" src=\"https:\/\/www.veltec.eu\/wp-content\/uploads\/2018\/10\/2-en3-Scrolpagina-Kirby-stofzuigerzakken.jpg\" alt=\"Las bolsas aspiradoras Kirby\" width=\"500\" height=\"303\" srcset=\"https:\/\/www.veltec.eu\/wp-content\/uploads\/2018\/10\/2-en3-Scrolpagina-Kirby-stofzuigerzakken.jpg 500w, https:\/\/www.veltec.eu\/wp-content\/uploads\/2018\/10\/2-en3-Scrolpagina-Kirby-stofzuigerzakken-300x182.jpg 300w\" sizes=\"(max-width: 500px) 100vw, 500px\" \/><\/a><p id=\"caption-attachment-4335\" class=\"wp-caption-text\">Las bolsas aspiradoras Kirby<\/p><\/div>\n<p>Su sistema Kirby Home Care est\u00e1 dise\u00f1ado para proporcionar un excelente rendimiento de aspiraci\u00f3n. Su bolsa filtrante Kirby es una parte importante de su sistema de filtraci\u00f3n KIRBY. y las bolsas originales KIRBY HEPA est\u00e1n dise\u00f1adas. Para mantener las part\u00edculas da\u00f1inas como los \u00e1caros del polvo dentro de su bolsa KIRBY. Y no se liberan de nuevo en el aire.<\/p>\n<h3>Las \u00faltimas bolsas aspiradoras KIRBY HEPA vienen para usted en 2 estilos.<\/h3>\n<p>Estilo &#8220;F&#8221; &#8211; la \u00faltima KIRBY Sentria. Y MEJORADAS a estilo F G3, G4, G5, G6, G7, G8, Ultimate G. Y los sistemas Diamond KIRBY pueden utilizarlos.<br \/>\nUn estilo &#8220;S&#8221; m\u00e1s antiguo: el antiguo KIRBY Sentria y Heritage II, Legend II, G3, G4, G5, G6, G7, G8, Ultimate G. Y los sistemas KIRBY Diamond pueden utilizarlas.<br \/>\nLas bolsas de estilo F tienen algunas ventajas claras sobre las bolsas de estilo S. As\u00ed que si desea obtener un presupuesto Para actualizar su m\u00e1quina KIRBY a bolsas de estilo F. P\u00f3ngase en contacto con nosotros.<\/p>\n<h3>Filtraci\u00f3n HEPA para su sistema Kirby con las bolsas para aspiradoras Kirby<\/h3>\n<p>Nuestra mejor filtraci\u00f3n para su Sistema Kirby, porque es el Filtro Kirby Micro Allergen Plus HEPA. porque proporciona la<br \/>\nm\u00e1xima filtraci\u00f3n para su aspiradora Kirby. As\u00ed que nuestro filtro HEPA Kirby captura el polvo com\u00fan de la casa, pero el polen y otras part\u00edculas. porque se puede limpiar f\u00e1cilmente sin hacer un l\u00edo. Con nuestro filtro HEPA, porque puede mantener su hogar fresco y limpio. Nuestro material cargado captura las part\u00edculas micr\u00f3nicas. Y mantiene toda la suciedad, polvo, pelo de mascota. Y m\u00e1s dentro de la bolsa del filtro HEPA Kirby.<\/p>\n<h3>\u00a1A los due\u00f1os de mascotas les encantan nuestras bolsas aspiradoras Kirby con filtro HEPA!<\/h3>\n<p>Los due\u00f1os de mascotas saben lo dif\u00edcil que puede ser mantener su hogar libre de pelos y olores.<br \/>\nAfortunadamente, el filtro HEPA de Kirby garantiza la m\u00e1xima filtraci\u00f3n para su aspiradora Kirby. El flujo de aire superior del sistema Kirby elimina f\u00e1cilmente el pelo. Y los olores de mascotas de su hogar. Y los atrapa en nuestros filtros desechables para facilitar su limpieza.<br \/>\nUtilice el Filtro Micron Magic HEPA Plus con el Rollo Cepillo para Mascotas. \u00a1Para una m\u00e1xima eficacia de limpieza!<\/p>\n<p>Importante: Para mantener el m\u00e1ximo rendimiento de limpieza. Sustituya la bolsa del filtro antes de que la suciedad llegue a la l\u00ednea LLENA.<\/p>\n<h2>Bolsas para aspiradoras Kirby<\/h2>\n<p>\u00bfNecesita cambiar las bolsas de su aspiradora Kirby? No se preocupe.<br \/>\nLa bolsa filtrante Kirby Allergen Reduction es la m\u00e1s popular de todas nuestras bolsas para aspiradoras Kirby. Cada una de nuestras bolsas para aspiradoras Kirby reduce el polvo dom\u00e9stico com\u00fan, el polen y otras part\u00edculas.<br \/>\nEl material cargado electrost\u00e1ticamente atrapa las part\u00edculas de polvo despu\u00e9s de recogerlas del suelo. Porque esto mantiene la suciedad y el polvo dentro de su bolsa aspiradora Kirby. Y no en el aire que rodea su hogar. Porque comprar bolsas aspiradoras Kirby le ofrece comodidad.<\/p>\n<h3>Importante: Para mantener el m\u00e1ximo rendimiento de limpieza porque. Sustituya la bolsa filtrante antes de que la suciedad llegue a la l\u00ednea LLENA.<\/h3>\n<p>Se adapta tanto a los adaptadores de estilo F como a los de estilo Twist<br \/>\nFunciona con: Modelos G4, G5, Gsix, Ultimate G, Ultimate G Diamond, Sentria, Sentria II y Avalir<br \/>\nPara la m\u00e1xima filtraci\u00f3n, \u00a1compre Bolsas Filtro HEPA Kirby con tecnolog\u00eda Micro Allergen Plus!<br \/>\nLos due\u00f1os de gatos y perros que temen que sus casas empiecen a oler como sus mascotas. Deber\u00edan comprar Bolsas Filtrantes Kirby Odor Fighter, fabricadas con una capa de carb\u00f3n activado. Para ayudar a neutralizar los malos olores.<\/p>\n<h3>Bolsa filtro desechable Kirby, bolsas aspirador Kirby<\/h3>\n<p>Para obtener el mejor rendimiento, utilice s\u00f3lo bolsas originales Kirby. y sustit\u00fayalas cuando la suciedad llegue a la l\u00ednea LLENA.<br \/>\nUna bolsa aspiradora Kirby debe instalarse antes de aspirar.<\/p>\n<p><strong>Retire una bolsa de filtro desechable usada:<\/strong><\/p>\n<p>Apague el aparato.<br \/>\nY desench\u00fafelo.<br \/>\nPero abra la cremallera de la bolsa exterior permanente.<br \/>\nLevante la leng\u00fceta de cart\u00f3n que sujeta la bolsa filtrante desechable y tire de ella.<br \/>\nNo utilice el aspirador sin la bolsa filtrante.<br \/>\nAntes de sustituir la bolsa de filtro desechable. Pero debe desenchufarla de la toma de corriente. Compruebe tambi\u00e9n que el motor y el ventilador est\u00e1n parados.<\/p>\n<p><strong>Antes de colocar las nuevas bolsas de aspiradora Kirby:<\/strong><\/p>\n<p>Con la bolsa exterior permanente Kirby porque descomprimido. Apoye el panel frontal de cart\u00f3n de la bolsa aspiradora Kirby contra la parte inferior del adaptador superior.<\/p>\n<p>Empuje hacia arriba el panel frontal de cart\u00f3n. contra la superficie plana del adaptador superior.<br \/>\nDoble y presione la leng\u00fceta de la parte superior del panel frontal de cart\u00f3n sobre el adaptador superior para fijarlo.<br \/>\nCompruebe que la correa de soporte de la bolsa est\u00e1 conectada a trav\u00e9s del peque\u00f1o orificio del adaptador superior. Y que quede sujeta sobre la leva.<br \/>\nColoque la bolsa aspiradora Kirby en la bolsa exterior permanente y cierre la cremallera.<\/p>\n<h3>Saque la bolsa exterior permanente Kirby y el mini-Emptor colector Kirby<\/h3>\n<p>El mini-Emptor colector Kirby retiene las part\u00edculas grandes y pesadas que no llegan a la bolsa aspiradora Kirby.<br \/>\nSujete la base del mini-colector Em-Tor\u00ae. Ap\u00e1guelo del aparato y ret\u00edrelo.<br \/>\nRetire la parte superior de la bolsa exterior permanente Kirby del aparato. Presionando el bot\u00f3n de liberaci\u00f3n de la bolsa.<br \/>\nColoque la abertura del mini-Emptor colector Kirby sobre un peri\u00f3dico. Y agite el colector para eliminar las part\u00edculas.<br \/>\nVuelva a colocar el colector Kirby mini-Emptor cuando haya terminado.<br \/>\nBloquee bien el mini-Emptor colector Kirby en su sitio. De lo contrario, la unidad no funcionar\u00e1. (No se encender\u00e1).<\/p>\n<p>PRECAUCI\u00d3N: Riesgo de da\u00f1os a los propios mu\u00f1ecos. No aspire intencionadamente objetos pesados como monedas. El incumplimiento de estas advertencias puede provocar da\u00f1os en la pala del rotor Kirby. Comprar Bolsas para Aspiradoras Kirby en Veltec.<\/p>\n","protected":false},"excerpt":{"rendered":"<p>Las bolsas aspiradoras Kirby \u00bfCu\u00e1les son las bolsas para aspiradora Kirby adecuadas para mi KIRBY? \u00bfY c\u00f3mo puedo saber qu\u00e9 estilo (F o S) de bolsa para aspiradora KIRBY estoy utilizando? Desde 2014, disponemos de las nuevas bolsas universales para aspiradoras KIRBY. Est\u00e1n fabricadas por KIRBY para adaptarse a todas las m\u00e1quinas de \u00faltima generaci\u00f3n, [&hellip;]<\/p>\n","protected":false},"author":1,"featured_media":0,"parent":0,"menu_order":0,"comment_status":"closed","ping_status":"closed","template":"","meta":{"footnotes":""},"class_list":["post-60776","page","type-page","status-publish","hentry"],"yoast_head":"<!-- This site is optimized with the Yoast SEO Premium plugin v27.1 (Yoast SEO v27.4) - https:\/\/yoast.com\/product\/yoast-seo-premium-wordpress\/ -->\n<title>Las bolsas aspiradoras Kirby - Veltec Kirby specialist<\/title>\n<meta name=\"description\" content=\"Las bolsas aspiradoras Kirby. \u00bfQu\u00e9 bolsas de aspiradora Kirby se adaptan a mi KIRBY? \u00bfQu\u00e9 bolsa de aspiradora?\" \/>\n<meta name=\"robots\" content=\"index, follow, max-snippet:-1, max-image-preview:large, max-video-preview:-1\" \/>\n<link rel=\"canonical\" href=\"https:\/\/www.veltec.eu\/nl\/content-paginas\/de-kirby-stofzuigerzakken\/\" \/>\n<meta property=\"og:locale\" content=\"es_ES\" \/>\n<meta property=\"og:type\" content=\"article\" \/>\n<meta property=\"og:title\" content=\"Las bolsas aspiradoras Kirby\" \/>\n<meta property=\"og:description\" content=\"Las bolsas aspiradoras Kirby \u00bfCu\u00e1les son las bolsas para aspiradora Kirby adecuadas para mi KIRBY? \u00bfY c\u00f3mo puedo saber qu\u00e9 estilo (F o S) de bolsa para\" \/>\n<meta property=\"og:url\" content=\"https:\/\/www.veltec.eu\/nl\/content-paginas\/de-kirby-stofzuigerzakken\/\" \/>\n<meta property=\"og:site_name\" content=\"Veltec Kirby specialist\" \/>\n<meta property=\"article:publisher\" content=\"https:\/\/www.facebook.com\/Veltec-Kirby-Specialist-236746293374877\/\" \/>\n<meta property=\"article:modified_time\" content=\"2025-01-24T12:35:18+00:00\" \/>\n<meta property=\"og:image\" content=\"https:\/\/www.veltec.eu\/wp-content\/uploads\/2018\/10\/2-en3-Scrolpagina-Kirby-stofzuigerzakken.jpg\" \/>\n\t<meta property=\"og:image:width\" content=\"500\" \/>\n\t<meta property=\"og:image:height\" content=\"303\" \/>\n\t<meta property=\"og:image:type\" content=\"image\/jpeg\" \/>\n<meta name=\"twitter:card\" content=\"summary_large_image\" \/>\n<meta name=\"twitter:label1\" content=\"Tiempo de lectura\" \/>\n\t<meta name=\"twitter:data1\" content=\"6 minutos\" \/>\n<script type=\"application\/ld+json\" class=\"yoast-schema-graph\">{\"@context\":\"https:\\\/\\\/schema.org\",\"@graph\":[{\"@type\":\"WebPage\",\"@id\":\"https:\\\/\\\/www.veltec.eu\\\/nl\\\/content-paginas\\\/de-kirby-stofzuigerzakken\\\/\",\"url\":\"https:\\\/\\\/www.veltec.eu\\\/nl\\\/content-paginas\\\/de-kirby-stofzuigerzakken\\\/\",\"name\":\"Las bolsas aspiradoras Kirby - Veltec Kirby specialist\",\"isPartOf\":{\"@id\":\"https:\\\/\\\/www.veltec.eu\\\/en\\\/#website\"},\"primaryImageOfPage\":{\"@id\":\"https:\\\/\\\/www.veltec.eu\\\/nl\\\/content-paginas\\\/de-kirby-stofzuigerzakken\\\/#primaryimage\"},\"image\":{\"@id\":\"https:\\\/\\\/www.veltec.eu\\\/nl\\\/content-paginas\\\/de-kirby-stofzuigerzakken\\\/#primaryimage\"},\"thumbnailUrl\":\"https:\\\/\\\/www.veltec.eu\\\/wp-content\\\/uploads\\\/2018\\\/10\\\/2-en3-Scrolpagina-Kirby-stofzuigerzakken.jpg\",\"datePublished\":\"2024-07-05T07:45:58+00:00\",\"dateModified\":\"2025-01-24T12:35:18+00:00\",\"description\":\"Las bolsas aspiradoras Kirby. \u00bfQu\u00e9 bolsas de aspiradora Kirby se adaptan a mi KIRBY? \u00bfQu\u00e9 bolsa de aspiradora?\",\"breadcrumb\":{\"@id\":\"https:\\\/\\\/www.veltec.eu\\\/nl\\\/content-paginas\\\/de-kirby-stofzuigerzakken\\\/#breadcrumb\"},\"inLanguage\":\"es\",\"potentialAction\":[{\"@type\":\"ReadAction\",\"target\":[\"https:\\\/\\\/www.veltec.eu\\\/nl\\\/content-paginas\\\/de-kirby-stofzuigerzakken\\\/\"]}]},{\"@type\":\"ImageObject\",\"inLanguage\":\"es\",\"@id\":\"https:\\\/\\\/www.veltec.eu\\\/nl\\\/content-paginas\\\/de-kirby-stofzuigerzakken\\\/#primaryimage\",\"url\":\"https:\\\/\\\/www.veltec.eu\\\/wp-content\\\/uploads\\\/2018\\\/10\\\/2-en3-Scrolpagina-Kirby-stofzuigerzakken.jpg\",\"contentUrl\":\"https:\\\/\\\/www.veltec.eu\\\/wp-content\\\/uploads\\\/2018\\\/10\\\/2-en3-Scrolpagina-Kirby-stofzuigerzakken.jpg\"},{\"@type\":\"BreadcrumbList\",\"@id\":\"https:\\\/\\\/www.veltec.eu\\\/nl\\\/content-paginas\\\/de-kirby-stofzuigerzakken\\\/#breadcrumb\",\"itemListElement\":[{\"@type\":\"ListItem\",\"position\":1,\"name\":\"Home\",\"item\":\"https:\\\/\\\/www.veltec.eu\\\/es\\\/\"},{\"@type\":\"ListItem\",\"position\":2,\"name\":\"Las bolsas aspiradoras Kirby\"}]},{\"@type\":\"WebSite\",\"@id\":\"https:\\\/\\\/www.veltec.eu\\\/en\\\/#website\",\"url\":\"https:\\\/\\\/www.veltec.eu\\\/en\\\/\",\"name\":\"Veltec Kirby specialist\",\"description\":\"Kirby stofzuiger producten\",\"publisher\":{\"@id\":\"https:\\\/\\\/www.veltec.eu\\\/en\\\/#organization\"},\"potentialAction\":[{\"@type\":\"SearchAction\",\"target\":{\"@type\":\"EntryPoint\",\"urlTemplate\":\"https:\\\/\\\/www.veltec.eu\\\/en\\\/?s={search_term_string}\"},\"query-input\":{\"@type\":\"PropertyValueSpecification\",\"valueRequired\":true,\"valueName\":\"search_term_string\"}}],\"inLanguage\":\"es\"},{\"@type\":\"Organization\",\"@id\":\"https:\\\/\\\/www.veltec.eu\\\/en\\\/#organization\",\"name\":\"Veltec Kirby Specialist\",\"url\":\"https:\\\/\\\/www.veltec.eu\\\/en\\\/\",\"logo\":{\"@type\":\"ImageObject\",\"inLanguage\":\"es\",\"@id\":\"https:\\\/\\\/www.veltec.eu\\\/en\\\/#\\\/schema\\\/logo\\\/image\\\/\",\"url\":\"https:\\\/\\\/www.veltec.eu\\\/wp-content\\\/uploads\\\/2021\\\/12\\\/Veltec-log-groot-e1537260889125.png\",\"contentUrl\":\"https:\\\/\\\/www.veltec.eu\\\/wp-content\\\/uploads\\\/2021\\\/12\\\/Veltec-log-groot-e1537260889125.png\",\"width\":200,\"height\":60,\"caption\":\"Veltec Kirby Specialist\"},\"image\":{\"@id\":\"https:\\\/\\\/www.veltec.eu\\\/en\\\/#\\\/schema\\\/logo\\\/image\\\/\"},\"sameAs\":[\"https:\\\/\\\/www.facebook.com\\\/Veltec-Kirby-Specialist-236746293374877\\\/\",\"https:\\\/\\\/www.youtube.com\\\/user\\\/VeltecService\"]}]}<\/script>\n<!-- \/ Yoast SEO Premium plugin. -->","yoast_head_json":{"title":"Las bolsas aspiradoras Kirby - Veltec Kirby specialist","description":"Las bolsas aspiradoras Kirby. \u00bfQu\u00e9 bolsas de aspiradora Kirby se adaptan a mi KIRBY? \u00bfQu\u00e9 bolsa de aspiradora?","robots":{"index":"index","follow":"follow","max-snippet":"max-snippet:-1","max-image-preview":"max-image-preview:large","max-video-preview":"max-video-preview:-1"},"canonical":"https:\/\/www.veltec.eu\/nl\/content-paginas\/de-kirby-stofzuigerzakken\/","og_locale":"es_ES","og_type":"article","og_title":"Las bolsas aspiradoras Kirby","og_description":"Las bolsas aspiradoras Kirby \u00bfCu\u00e1les son las bolsas para aspiradora Kirby adecuadas para mi KIRBY? \u00bfY c\u00f3mo puedo saber qu\u00e9 estilo (F o S) de bolsa para","og_url":"https:\/\/www.veltec.eu\/nl\/content-paginas\/de-kirby-stofzuigerzakken\/","og_site_name":"Veltec Kirby specialist","article_publisher":"https:\/\/www.facebook.com\/Veltec-Kirby-Specialist-236746293374877\/","article_modified_time":"2025-01-24T12:35:18+00:00","og_image":[{"width":500,"height":303,"url":"https:\/\/www.veltec.eu\/wp-content\/uploads\/2018\/10\/2-en3-Scrolpagina-Kirby-stofzuigerzakken.jpg","type":"image\/jpeg"}],"twitter_card":"summary_large_image","twitter_misc":{"Tiempo de lectura":"6 minutos"},"schema":{"@context":"https:\/\/schema.org","@graph":[{"@type":"WebPage","@id":"https:\/\/www.veltec.eu\/nl\/content-paginas\/de-kirby-stofzuigerzakken\/","url":"https:\/\/www.veltec.eu\/nl\/content-paginas\/de-kirby-stofzuigerzakken\/","name":"Las bolsas aspiradoras Kirby - Veltec Kirby specialist","isPartOf":{"@id":"https:\/\/www.veltec.eu\/en\/#website"},"primaryImageOfPage":{"@id":"https:\/\/www.veltec.eu\/nl\/content-paginas\/de-kirby-stofzuigerzakken\/#primaryimage"},"image":{"@id":"https:\/\/www.veltec.eu\/nl\/content-paginas\/de-kirby-stofzuigerzakken\/#primaryimage"},"thumbnailUrl":"https:\/\/www.veltec.eu\/wp-content\/uploads\/2018\/10\/2-en3-Scrolpagina-Kirby-stofzuigerzakken.jpg","datePublished":"2024-07-05T07:45:58+00:00","dateModified":"2025-01-24T12:35:18+00:00","description":"Las bolsas aspiradoras Kirby. \u00bfQu\u00e9 bolsas de aspiradora Kirby se adaptan a mi KIRBY? \u00bfQu\u00e9 bolsa de aspiradora?","breadcrumb":{"@id":"https:\/\/www.veltec.eu\/nl\/content-paginas\/de-kirby-stofzuigerzakken\/#breadcrumb"},"inLanguage":"es","potentialAction":[{"@type":"ReadAction","target":["https:\/\/www.veltec.eu\/nl\/content-paginas\/de-kirby-stofzuigerzakken\/"]}]},{"@type":"ImageObject","inLanguage":"es","@id":"https:\/\/www.veltec.eu\/nl\/content-paginas\/de-kirby-stofzuigerzakken\/#primaryimage","url":"https:\/\/www.veltec.eu\/wp-content\/uploads\/2018\/10\/2-en3-Scrolpagina-Kirby-stofzuigerzakken.jpg","contentUrl":"https:\/\/www.veltec.eu\/wp-content\/uploads\/2018\/10\/2-en3-Scrolpagina-Kirby-stofzuigerzakken.jpg"},{"@type":"BreadcrumbList","@id":"https:\/\/www.veltec.eu\/nl\/content-paginas\/de-kirby-stofzuigerzakken\/#breadcrumb","itemListElement":[{"@type":"ListItem","position":1,"name":"Home","item":"https:\/\/www.veltec.eu\/es\/"},{"@type":"ListItem","position":2,"name":"Las bolsas aspiradoras Kirby"}]},{"@type":"WebSite","@id":"https:\/\/www.veltec.eu\/en\/#website","url":"https:\/\/www.veltec.eu\/en\/","name":"Veltec Kirby specialist","description":"Kirby stofzuiger producten","publisher":{"@id":"https:\/\/www.veltec.eu\/en\/#organization"},"potentialAction":[{"@type":"SearchAction","target":{"@type":"EntryPoint","urlTemplate":"https:\/\/www.veltec.eu\/en\/?s={search_term_string}"},"query-input":{"@type":"PropertyValueSpecification","valueRequired":true,"valueName":"search_term_string"}}],"inLanguage":"es"},{"@type":"Organization","@id":"https:\/\/www.veltec.eu\/en\/#organization","name":"Veltec Kirby Specialist","url":"https:\/\/www.veltec.eu\/en\/","logo":{"@type":"ImageObject","inLanguage":"es","@id":"https:\/\/www.veltec.eu\/en\/#\/schema\/logo\/image\/","url":"https:\/\/www.veltec.eu\/wp-content\/uploads\/2021\/12\/Veltec-log-groot-e1537260889125.png","contentUrl":"https:\/\/www.veltec.eu\/wp-content\/uploads\/2021\/12\/Veltec-log-groot-e1537260889125.png","width":200,"height":60,"caption":"Veltec Kirby Specialist"},"image":{"@id":"https:\/\/www.veltec.eu\/en\/#\/schema\/logo\/image\/"},"sameAs":["https:\/\/www.facebook.com\/Veltec-Kirby-Specialist-236746293374877\/","https:\/\/www.youtube.com\/user\/VeltecService"]}]}},"_links":{"self":[{"href":"https:\/\/www.veltec.eu\/es\/wp-json\/wp\/v2\/pages\/60776","targetHints":{"allow":["GET"]}}],"collection":[{"href":"https:\/\/www.veltec.eu\/es\/wp-json\/wp\/v2\/pages"}],"about":[{"href":"https:\/\/www.veltec.eu\/es\/wp-json\/wp\/v2\/types\/page"}],"author":[{"embeddable":true,"href":"https:\/\/www.veltec.eu\/es\/wp-json\/wp\/v2\/users\/1"}],"replies":[{"embeddable":true,"href":"https:\/\/www.veltec.eu\/es\/wp-json\/wp\/v2\/comments?post=60776"}],"version-history":[{"count":0,"href":"https:\/\/www.veltec.eu\/es\/wp-json\/wp\/v2\/pages\/60776\/revisions"}],"wp:attachment":[{"href":"https:\/\/www.veltec.eu\/es\/wp-json\/wp\/v2\/media?parent=60776"}],"curies":[{"name":"wp","href":"https:\/\/api.w.org\/{rel}","templated":true}]}}