{"id":60601,"date":"2024-07-01T11:59:15","date_gmt":"2024-07-01T09:59:15","guid":{"rendered":"https:\/\/www.veltec.eu\/las-piezas-de-recambio-kirby\/"},"modified":"2024-10-21T09:42:23","modified_gmt":"2024-10-21T07:42:23","slug":"las-piezas-de-recambio-kirby","status":"publish","type":"page","link":"https:\/\/www.veltec.eu\/es\/las-piezas-de-recambio-kirby\/","title":{"rendered":"Las piezas de recambio Kirby"},"content":{"rendered":"<h1>Las piezas de recambio Kirby<\/h1>\n<p>Su sistema Kirby deber\u00eda durar toda la vida. Con el accesorio y los cuidados adecuados, su sistema funcionar\u00e1 como nuevo, incluso despu\u00e9s de a\u00f1os de uso. Cuando una pieza se rompe o deja de funcionar correctamente, le ofrecemos todas las piezas de repuesto Kirby que necesita. Y Aqu\u00ed tiene algunas de Las piezas de recambio Kirby para aspiradoras que necesita.<\/p>\n<h3>Su sistema Kirby deber\u00eda durar toda la vida.<\/h3>\n<p>Con un mantenimiento y cuidado adecuados, su sistema funcionar\u00e1 como nuevo, incluso despu\u00e9s de a\u00f1os de uso. Cuando una pieza Kirby se aver\u00eda o deja de funcionar correctamente, le ofrecemos todos los accesorios de repuesto para aspiradoras Kirby que necesite, incluidos los recambios de bolsas para aspiradoras Kirby y rodillos de cepillo.<\/p>\n<p>Para proteger la vida \u00fatil de su sistema Kirby y garantizar unos buenos resultados de limpieza, utilice \u00fanicamente piezas de aspiradora <a href=\"https:\/\/www.veltec.eu\/es\/bolsas-de-aspiradora-kirby\/\">Kirby originales y bolsas de aspiradora Kirby originales.<\/a><\/p>\n<p><a href=\"https:\/\/www.veltec.eu\/es\/accesorios-kirby-comprar\/\"><img decoding=\"async\" class=\"alignnone wp-image-60604 size-full\" src=\"https:\/\/www.veltec.eu\/wp-content\/uploads\/2024\/07\/SP-hulp.jpg\" alt=\"Las piezas de recambio Kirby\" width=\"500\" height=\"350\" srcset=\"https:\/\/www.veltec.eu\/wp-content\/uploads\/2024\/07\/SP-hulp.jpg 500w, https:\/\/www.veltec.eu\/wp-content\/uploads\/2024\/07\/SP-hulp-300x210.jpg 300w, https:\/\/www.veltec.eu\/wp-content\/uploads\/2024\/07\/SP-hulp-450x315.jpg 450w, https:\/\/www.veltec.eu\/wp-content\/uploads\/2024\/07\/SP-hulp-86x60.jpg 86w, https:\/\/www.veltec.eu\/wp-content\/uploads\/2024\/07\/SP-hulp-129x90.jpg 129w\" sizes=\"(max-width: 500px) 100vw, 500px\" \/><\/a><\/p>\n<h2>\u00bfC\u00f3mo se utilizan las piezas Kirby que encuentra en nuestra tienda Kirby?<\/h2>\n<p>Kirby tiene una s\u00f3lida reputaci\u00f3n como una de las aspiradoras m\u00e1s fiables del mercado. Aunque gran parte de su atractivo proviene de sus resultados de limpieza en profundidad. La aspiradora tambi\u00e9n es muy apreciada por su pl\u00e9tora de accesorios y piezas que facilitan la limpieza de una variedad de zonas de dif\u00edcil acceso.<\/p>\n<p>Si no est\u00e1 familiarizado con las piezas Kirby, puede parecerle complicado utilizarlas. Con un poco de orientaci\u00f3n y pr\u00e1ctica, podr\u00e1 aprender f\u00e1cilmente a utilizar estos pr\u00e1cticos accesorios. Y utilizarlos en su limpieza diaria.<\/p>\n<h2>Siga leyendo para aprender a utilizar Las piezas de recambio Kirby:<\/h2>\n<h3>Desenchufe los <a href=\"https:\/\/www.veltec.eu\/es\/accesorios-kirby-comprar\/\">accesorios<\/a><\/h3>\n<p>Antes de utilizar los accesorios de una aspiradora Kirby, aseg\u00farese de que el enchufe est\u00e1 desenchufado. Y si el bot\u00f3n de encendido y apagado est\u00e1 apagado. La seguridad es primordial y si no toma unas sencillas medidas de seguridad podr\u00eda correr peligro.<\/p>\n<h3>Coloque la manguera de la <a href=\"https:\/\/www.veltec.eu\/es\/aspiradora-kirby\/\">aspiradora Kirby<\/a><\/h3>\n<p>La mayor\u00eda de las piezas Kirby utilizan la manguera, lo que permite llegar a todos los rincones. Esto puede marcar la diferencia entre una limpieza mediocre y una habitaci\u00f3n limpia.<\/p>\n<p>Para acoplar la manguera a la parte delantera del aparato Kirby, retire primero la escobilla de goma de batido ancho Kirby. Levante el cap\u00f3 del faro y retire la boquilla de golpe ancho girando la correa en sentido contrario a las agujas del reloj.<\/p>\n<p>El mismo proceso utilizado para fijar el cabezal de la boquilla al aparato puede utilizarse para fijar la manguera. Coloque los ganchos de la manguera sobre la barra situada en la parte delantera del aparato y, a continuaci\u00f3n, f\u00edjela en su sitio.<\/p>\n<h3>Aproveche las diferentes piezas Kirby<\/h3>\n<p>Hay diferentes piezas de fijaci\u00f3n de manguera disponibles para las aspiradoras Kirby, cada una con sus propios usos especiales en el hogar. Todas ellas pueden acoplarse a la manguera con un simple empuj\u00f3n y un ligero giro.<\/p>\n<p>Una gran variedad de accesorios para aspiradoras Kirby pueden resultar \u00fatiles en diferentes situaciones, pero la mayor\u00eda de los usuarios coinciden en que los siguientes son los m\u00e1s valiosos:<\/p>\n<h2>Las piezas de recambio Kirby<\/h2>\n<h3><a href=\"https:\/\/www.veltec.eu\/es\/tienda-kirby\/\">Tubo de extensi\u00f3n Kirby<\/a><\/h3>\n<p>Porque sabemos que es dif\u00edcil llegar a esos lugares altos y de dif\u00edcil acceso, hemos hecho posible acoplar hasta dos tubos de extensi\u00f3n. Esto es perfecto para limpiar cortinas altas, alrededor de las esquinas polvorientas del techo y debajo de mesas largas de sal\u00f3n o auxiliares.<\/p>\n<h3>Cepillo Kirby<\/h3>\n<p>Los muebles de madera, las estanter\u00edas u otros objetos polvorientos de la casa pueden limpiarse con el cepillo Kirby. Simple y eficaz, ha sido durante mucho tiempo una de las piezas de ayuda m\u00e1s fiables de Kirby.<\/p>\n<h3>Boquilla Kirby para muebles<\/h3>\n<p>Este accesorio es perfecto para el interior del coche, donde los conductores conf\u00edan en \u00e9l para limpiar tapicer\u00edas dif\u00edciles de limpiar. La boquilla para muebles Kirby tambi\u00e9n es una opci\u00f3n excelente para sof\u00e1s, pelda\u00f1os de escaleras y muebles tapizados.<\/p>\n<h3>Cepillo para z\u00f3calos Kirby<\/h3>\n<p>Aspire todo lo que haya entre los cojines de los sof\u00e1s -o llegue a lugares dif\u00edciles- con el cepillo para z\u00f3calos Kirby. La naturaleza flexible \u00fanica de este accesorio hace que sea muy f\u00e1cil limpiar cada cent\u00edmetro que de otro modo se pasar\u00eda por alto.<\/p>\n<h3>Utilice la aspiradora Kirby como soplador o bomba<\/h3>\n<p>Una aspiradora Kirby no s\u00f3lo puede aspirar muchos tipos de suciedad, sino que tambi\u00e9n puede utilizarla para limpiar superficies soplando aire. Con la boquilla sopladora Kirby, este puede ser un m\u00e9todo sorprendentemente eficaz para inflar cosas como camas de aire e incluso limpiar teclados de ordenador.<\/p>\n<p>Convertir el Kirby en un soplador es sencillo. Empiece quitando la boca del soplador y sustituy\u00e9ndola por la campana protectora del soplador Kirby. Coloque la campana en la unidad de la misma manera que lo har\u00eda al colocar la boca del soplador.<\/p>\n<p>\u00bfEl siguiente paso? Retirar la bolsa exterior. Al fin y al cabo, no es necesaria ya que no se aspira nada dentro de la bolsa. Por \u00faltimo, conecte la manguera de sujeci\u00f3n a la boca de salida de aire. Basta con alinear las flechas y enroscar la manguera en su sitio en Kirby Nederland<\/p>\n<h3>Utilizar el pulverizador port\u00e1til y la pistola de champ\u00fa Las piezas de recambio Kirby<\/h3>\n<p>Una vez configurado como soplador, el Kirby puede utilizar la potencia de dos pr\u00e1cticos accesorios: la pistola de champ\u00fa Kirby y la boquilla sopladora. Ambos accesorios pueden conectarse a la manguera de accesorios de la misma forma que las piezas Kirby habituales.<\/p>\n<h3>Extracci\u00f3n de los accesorios Kirby<\/h3>\n<p>Una vez finalizado el trabajo de limpieza, puede retirar cada accesorio con un simple movimiento de giro y tracci\u00f3n. Aseg\u00farese de guardar todos los accesorios Kirby en el mismo lugar para no perderlos la pr\u00f3xima vez que los necesite.<\/p>\n<h3>Domine el arte de utilizar las piezas Kirby en Kirby Pa\u00edses Bajos<\/h3>\n<p>Puede que le cueste un poco de prueba y error, pero pronto descubrir\u00e1 que las piezas Kirby son f\u00e1ciles de usar. Pueden suponer un mundo de diferencia a la hora de limpiar, as\u00ed que no dude en hacer pleno uso de ellas.<\/p>\n","protected":false},"excerpt":{"rendered":"<p>Las piezas de recambio Kirby Su sistema Kirby deber\u00eda durar toda la vida. Con el accesorio y los cuidados adecuados, su sistema funcionar\u00e1 como nuevo, incluso despu\u00e9s de a\u00f1os de uso. Cuando una pieza se rompe o deja de funcionar correctamente, le ofrecemos todas las piezas de repuesto Kirby que necesita. Y Aqu\u00ed tiene algunas [&hellip;]<\/p>\n","protected":false},"author":1,"featured_media":0,"parent":0,"menu_order":0,"comment_status":"closed","ping_status":"closed","template":"","meta":{"_acf_changed":false,"footnotes":""},"class_list":["post-60601","page","type-page","status-publish","hentry"],"acf":[],"yoast_head":"<!-- This site is optimized with the Yoast SEO Premium plugin v27.1 (Yoast SEO v27.4) - https:\/\/yoast.com\/product\/yoast-seo-premium-wordpress\/ -->\n<title>Las piezas de recambio Kirby - Veltec Kirby specialist<\/title>\n<meta name=\"description\" content=\"Las piezas de recambio Kirby. Veltec ha sido un proveedor de piezas Kirby para m\u00e1s de 25 years. Todo para su aspiradora Kirby.\" \/>\n<meta name=\"robots\" content=\"index, follow, max-snippet:-1, max-image-preview:large, max-video-preview:-1\" \/>\n<link rel=\"canonical\" href=\"https:\/\/www.veltec.eu\/nl\/content-paginas\/de-kirby-onderdelen\/\" \/>\n<meta property=\"og:locale\" content=\"es_ES\" \/>\n<meta property=\"og:type\" content=\"article\" \/>\n<meta property=\"og:title\" content=\"Las piezas de recambio Kirby\" \/>\n<meta property=\"og:description\" content=\"Las piezas de recambio Kirby Su sistema Kirby deber\u00eda durar toda la vida. Con el accesorio y los cuidados adecuados, su sistema funcionar\u00e1 como nuevo,\" \/>\n<meta property=\"og:url\" content=\"https:\/\/www.veltec.eu\/nl\/content-paginas\/de-kirby-onderdelen\/\" \/>\n<meta property=\"og:site_name\" content=\"Veltec Kirby specialist\" \/>\n<meta property=\"article:publisher\" content=\"https:\/\/www.facebook.com\/Veltec-Kirby-Specialist-236746293374877\/\" \/>\n<meta property=\"article:modified_time\" content=\"2024-10-21T07:42:23+00:00\" \/>\n<meta property=\"og:image\" content=\"https:\/\/www.veltec.eu\/wp-content\/uploads\/2024\/07\/SP-hulp.jpg\" \/>\n\t<meta property=\"og:image:width\" content=\"500\" \/>\n\t<meta property=\"og:image:height\" content=\"350\" \/>\n\t<meta property=\"og:image:type\" content=\"image\/jpeg\" \/>\n<meta name=\"twitter:card\" content=\"summary_large_image\" \/>\n<meta name=\"twitter:label1\" content=\"Tiempo de lectura\" \/>\n\t<meta name=\"twitter:data1\" content=\"6 minutos\" \/>\n<script type=\"application\/ld+json\" class=\"yoast-schema-graph\">{\"@context\":\"https:\\\/\\\/schema.org\",\"@graph\":[{\"@type\":\"WebPage\",\"@id\":\"https:\\\/\\\/www.veltec.eu\\\/nl\\\/content-paginas\\\/de-kirby-onderdelen\\\/\",\"url\":\"https:\\\/\\\/www.veltec.eu\\\/nl\\\/content-paginas\\\/de-kirby-onderdelen\\\/\",\"name\":\"Las piezas de recambio Kirby - Veltec Kirby specialist\",\"isPartOf\":{\"@id\":\"https:\\\/\\\/www.veltec.eu\\\/en\\\/#website\"},\"primaryImageOfPage\":{\"@id\":\"https:\\\/\\\/www.veltec.eu\\\/nl\\\/content-paginas\\\/de-kirby-onderdelen\\\/#primaryimage\"},\"image\":{\"@id\":\"https:\\\/\\\/www.veltec.eu\\\/nl\\\/content-paginas\\\/de-kirby-onderdelen\\\/#primaryimage\"},\"thumbnailUrl\":\"https:\\\/\\\/www.veltec.eu\\\/wp-content\\\/uploads\\\/2024\\\/07\\\/SP-hulp.jpg\",\"datePublished\":\"2024-07-01T09:59:15+00:00\",\"dateModified\":\"2024-10-21T07:42:23+00:00\",\"description\":\"Las piezas de recambio Kirby. Veltec ha sido un proveedor de piezas Kirby para m\u00e1s de 25 years. Todo para su aspiradora Kirby.\",\"breadcrumb\":{\"@id\":\"https:\\\/\\\/www.veltec.eu\\\/nl\\\/content-paginas\\\/de-kirby-onderdelen\\\/#breadcrumb\"},\"inLanguage\":\"es\",\"potentialAction\":[{\"@type\":\"ReadAction\",\"target\":[\"https:\\\/\\\/www.veltec.eu\\\/nl\\\/content-paginas\\\/de-kirby-onderdelen\\\/\"]}]},{\"@type\":\"ImageObject\",\"inLanguage\":\"es\",\"@id\":\"https:\\\/\\\/www.veltec.eu\\\/nl\\\/content-paginas\\\/de-kirby-onderdelen\\\/#primaryimage\",\"url\":\"https:\\\/\\\/www.veltec.eu\\\/wp-content\\\/uploads\\\/2024\\\/07\\\/SP-hulp.jpg\",\"contentUrl\":\"https:\\\/\\\/www.veltec.eu\\\/wp-content\\\/uploads\\\/2024\\\/07\\\/SP-hulp.jpg\"},{\"@type\":\"BreadcrumbList\",\"@id\":\"https:\\\/\\\/www.veltec.eu\\\/nl\\\/content-paginas\\\/de-kirby-onderdelen\\\/#breadcrumb\",\"itemListElement\":[{\"@type\":\"ListItem\",\"position\":1,\"name\":\"Home\",\"item\":\"https:\\\/\\\/www.veltec.eu\\\/es\\\/\"},{\"@type\":\"ListItem\",\"position\":2,\"name\":\"Las piezas de recambio Kirby\"}]},{\"@type\":\"WebSite\",\"@id\":\"https:\\\/\\\/www.veltec.eu\\\/en\\\/#website\",\"url\":\"https:\\\/\\\/www.veltec.eu\\\/en\\\/\",\"name\":\"Veltec Kirby specialist\",\"description\":\"Kirby stofzuiger producten\",\"publisher\":{\"@id\":\"https:\\\/\\\/www.veltec.eu\\\/en\\\/#organization\"},\"potentialAction\":[{\"@type\":\"SearchAction\",\"target\":{\"@type\":\"EntryPoint\",\"urlTemplate\":\"https:\\\/\\\/www.veltec.eu\\\/en\\\/?s={search_term_string}\"},\"query-input\":{\"@type\":\"PropertyValueSpecification\",\"valueRequired\":true,\"valueName\":\"search_term_string\"}}],\"inLanguage\":\"es\"},{\"@type\":\"Organization\",\"@id\":\"https:\\\/\\\/www.veltec.eu\\\/en\\\/#organization\",\"name\":\"Veltec Kirby Specialist\",\"url\":\"https:\\\/\\\/www.veltec.eu\\\/en\\\/\",\"logo\":{\"@type\":\"ImageObject\",\"inLanguage\":\"es\",\"@id\":\"https:\\\/\\\/www.veltec.eu\\\/en\\\/#\\\/schema\\\/logo\\\/image\\\/\",\"url\":\"https:\\\/\\\/www.veltec.eu\\\/wp-content\\\/uploads\\\/2021\\\/12\\\/Veltec-log-groot-e1537260889125.png\",\"contentUrl\":\"https:\\\/\\\/www.veltec.eu\\\/wp-content\\\/uploads\\\/2021\\\/12\\\/Veltec-log-groot-e1537260889125.png\",\"width\":200,\"height\":60,\"caption\":\"Veltec Kirby Specialist\"},\"image\":{\"@id\":\"https:\\\/\\\/www.veltec.eu\\\/en\\\/#\\\/schema\\\/logo\\\/image\\\/\"},\"sameAs\":[\"https:\\\/\\\/www.facebook.com\\\/Veltec-Kirby-Specialist-236746293374877\\\/\",\"https:\\\/\\\/www.youtube.com\\\/user\\\/VeltecService\"]}]}<\/script>\n<!-- \/ Yoast SEO Premium plugin. -->","yoast_head_json":{"title":"Las piezas de recambio Kirby - Veltec Kirby specialist","description":"Las piezas de recambio Kirby. Veltec ha sido un proveedor de piezas Kirby para m\u00e1s de 25 years. Todo para su aspiradora Kirby.","robots":{"index":"index","follow":"follow","max-snippet":"max-snippet:-1","max-image-preview":"max-image-preview:large","max-video-preview":"max-video-preview:-1"},"canonical":"https:\/\/www.veltec.eu\/nl\/content-paginas\/de-kirby-onderdelen\/","og_locale":"es_ES","og_type":"article","og_title":"Las piezas de recambio Kirby","og_description":"Las piezas de recambio Kirby Su sistema Kirby deber\u00eda durar toda la vida. Con el accesorio y los cuidados adecuados, su sistema funcionar\u00e1 como nuevo,","og_url":"https:\/\/www.veltec.eu\/nl\/content-paginas\/de-kirby-onderdelen\/","og_site_name":"Veltec Kirby specialist","article_publisher":"https:\/\/www.facebook.com\/Veltec-Kirby-Specialist-236746293374877\/","article_modified_time":"2024-10-21T07:42:23+00:00","og_image":[{"width":500,"height":350,"url":"https:\/\/www.veltec.eu\/wp-content\/uploads\/2024\/07\/SP-hulp.jpg","type":"image\/jpeg"}],"twitter_card":"summary_large_image","twitter_misc":{"Tiempo de lectura":"6 minutos"},"schema":{"@context":"https:\/\/schema.org","@graph":[{"@type":"WebPage","@id":"https:\/\/www.veltec.eu\/nl\/content-paginas\/de-kirby-onderdelen\/","url":"https:\/\/www.veltec.eu\/nl\/content-paginas\/de-kirby-onderdelen\/","name":"Las piezas de recambio Kirby - Veltec Kirby specialist","isPartOf":{"@id":"https:\/\/www.veltec.eu\/en\/#website"},"primaryImageOfPage":{"@id":"https:\/\/www.veltec.eu\/nl\/content-paginas\/de-kirby-onderdelen\/#primaryimage"},"image":{"@id":"https:\/\/www.veltec.eu\/nl\/content-paginas\/de-kirby-onderdelen\/#primaryimage"},"thumbnailUrl":"https:\/\/www.veltec.eu\/wp-content\/uploads\/2024\/07\/SP-hulp.jpg","datePublished":"2024-07-01T09:59:15+00:00","dateModified":"2024-10-21T07:42:23+00:00","description":"Las piezas de recambio Kirby. Veltec ha sido un proveedor de piezas Kirby para m\u00e1s de 25 years. Todo para su aspiradora Kirby.","breadcrumb":{"@id":"https:\/\/www.veltec.eu\/nl\/content-paginas\/de-kirby-onderdelen\/#breadcrumb"},"inLanguage":"es","potentialAction":[{"@type":"ReadAction","target":["https:\/\/www.veltec.eu\/nl\/content-paginas\/de-kirby-onderdelen\/"]}]},{"@type":"ImageObject","inLanguage":"es","@id":"https:\/\/www.veltec.eu\/nl\/content-paginas\/de-kirby-onderdelen\/#primaryimage","url":"https:\/\/www.veltec.eu\/wp-content\/uploads\/2024\/07\/SP-hulp.jpg","contentUrl":"https:\/\/www.veltec.eu\/wp-content\/uploads\/2024\/07\/SP-hulp.jpg"},{"@type":"BreadcrumbList","@id":"https:\/\/www.veltec.eu\/nl\/content-paginas\/de-kirby-onderdelen\/#breadcrumb","itemListElement":[{"@type":"ListItem","position":1,"name":"Home","item":"https:\/\/www.veltec.eu\/es\/"},{"@type":"ListItem","position":2,"name":"Las piezas de recambio Kirby"}]},{"@type":"WebSite","@id":"https:\/\/www.veltec.eu\/en\/#website","url":"https:\/\/www.veltec.eu\/en\/","name":"Veltec Kirby specialist","description":"Kirby stofzuiger producten","publisher":{"@id":"https:\/\/www.veltec.eu\/en\/#organization"},"potentialAction":[{"@type":"SearchAction","target":{"@type":"EntryPoint","urlTemplate":"https:\/\/www.veltec.eu\/en\/?s={search_term_string}"},"query-input":{"@type":"PropertyValueSpecification","valueRequired":true,"valueName":"search_term_string"}}],"inLanguage":"es"},{"@type":"Organization","@id":"https:\/\/www.veltec.eu\/en\/#organization","name":"Veltec Kirby Specialist","url":"https:\/\/www.veltec.eu\/en\/","logo":{"@type":"ImageObject","inLanguage":"es","@id":"https:\/\/www.veltec.eu\/en\/#\/schema\/logo\/image\/","url":"https:\/\/www.veltec.eu\/wp-content\/uploads\/2021\/12\/Veltec-log-groot-e1537260889125.png","contentUrl":"https:\/\/www.veltec.eu\/wp-content\/uploads\/2021\/12\/Veltec-log-groot-e1537260889125.png","width":200,"height":60,"caption":"Veltec Kirby Specialist"},"image":{"@id":"https:\/\/www.veltec.eu\/en\/#\/schema\/logo\/image\/"},"sameAs":["https:\/\/www.facebook.com\/Veltec-Kirby-Specialist-236746293374877\/","https:\/\/www.youtube.com\/user\/VeltecService"]}]}},"_links":{"self":[{"href":"https:\/\/www.veltec.eu\/es\/wp-json\/wp\/v2\/pages\/60601","targetHints":{"allow":["GET"]}}],"collection":[{"href":"https:\/\/www.veltec.eu\/es\/wp-json\/wp\/v2\/pages"}],"about":[{"href":"https:\/\/www.veltec.eu\/es\/wp-json\/wp\/v2\/types\/page"}],"author":[{"embeddable":true,"href":"https:\/\/www.veltec.eu\/es\/wp-json\/wp\/v2\/users\/1"}],"replies":[{"embeddable":true,"href":"https:\/\/www.veltec.eu\/es\/wp-json\/wp\/v2\/comments?post=60601"}],"version-history":[{"count":0,"href":"https:\/\/www.veltec.eu\/es\/wp-json\/wp\/v2\/pages\/60601\/revisions"}],"wp:attachment":[{"href":"https:\/\/www.veltec.eu\/es\/wp-json\/wp\/v2\/media?parent=60601"}],"curies":[{"name":"wp","href":"https:\/\/api.w.org\/{rel}","templated":true}]}}