{"id":60393,"date":"2024-06-24T11:12:01","date_gmt":"2024-06-24T09:12:01","guid":{"rendered":"https:\/\/www.veltec.eu\/kirby-ocasion\/"},"modified":"2024-06-24T15:59:15","modified_gmt":"2024-06-24T13:59:15","slug":"kirby-ocasion","status":"publish","type":"page","link":"https:\/\/www.veltec.eu\/es\/kirby-ocasion\/","title":{"rendered":"Kirby ocasi\u00f3n"},"content":{"rendered":"<section  class='av_textblock_section av-lxt1mwex-d012d6ac777e6282ba1593d0d0ac52ad '   itemscope=\"itemscope\" itemtype=\"https:\/\/schema.org\/CreativeWork\" ><div class='avia_textblock'  itemprop=\"text\" ><h1>Limpieza potente Experimente la magia de Kirby ocasi\u00f3n<\/h1>\n<p>Bienvenido a nuestro completo tratado sobre aspiradoras <a href=\"https:\/\/www.veltec.eu\/es\/kirby-revisado-en-taller\/\">Kirby ocasi\u00f3n<\/a>, donde le llevaremos de viaje por el mundo de la calidad, la durabilidad y una potencia de limpieza inigualable. Como experimentado vendedor y experto en mantenimiento de productos Kirby, estoy aqu\u00ed para contarle todo lo que necesita saber antes de invertir en una aspiradora Kirby de segunda mano.<\/p>\n<p><img decoding=\"async\" class=\"alignnone wp-image-60421 size-full\" src=\"https:\/\/www.veltec.eu\/wp-content\/uploads\/2024\/06\/Recycle.jpg\" alt=\"Kirby ocasi\u00f3n\" width=\"256\" height=\"256\" srcset=\"https:\/\/www.veltec.eu\/wp-content\/uploads\/2024\/06\/Recycle.jpg 256w, https:\/\/www.veltec.eu\/wp-content\/uploads\/2024\/06\/Recycle-80x80.jpg 80w, https:\/\/www.veltec.eu\/wp-content\/uploads\/2024\/06\/Recycle-36x36.jpg 36w, https:\/\/www.veltec.eu\/wp-content\/uploads\/2024\/06\/Recycle-180x180.jpg 180w, https:\/\/www.veltec.eu\/wp-content\/uploads\/2024\/06\/Recycle-120x120.jpg 120w, https:\/\/www.veltec.eu\/wp-content\/uploads\/2024\/06\/Recycle-100x100.jpg 100w, https:\/\/www.veltec.eu\/wp-content\/uploads\/2024\/06\/Recycle-60x60.jpg 60w, https:\/\/www.veltec.eu\/wp-content\/uploads\/2024\/06\/Recycle-90x90.jpg 90w\" sizes=\"(max-width: 256px) 100vw, 256px\" \/><\/p>\n<h3>La esencia de Kirby<\/h3>\n<p>Si busca una aspiradora que no s\u00f3lo elimine la suciedad y el polvo, sino que tambi\u00e9n represente un estilo de vida, Kirby es el nombre que debe recordar. Desde su introducci\u00f3n en 1914, Kirby ha demostrado ser pionera en la tecnolog\u00eda de limpieza dom\u00e9stica. A lo largo de los a\u00f1os, Kirby se ha forjado una reputaci\u00f3n inigualable en artesan\u00eda, durabilidad y rendimiento.<\/p>\n<h3>Fiabilidad y durabilidad<\/h3>\n<p>Uno de los aspectos m\u00e1s impresionantes de las aspiradoras Kirby, tanto nuevas como de segunda mano, es su incomparable potencia de limpieza. Con motores potentes y tecnolog\u00edas avanzadas como Kirby Avalir 2, nuestras aspiradoras pueden penetrar profundamente en alfombras y tapicer\u00edas para eliminar incluso la suciedad y el polvo m\u00e1s resistentes. Desde pelo de mascotas hasta polvo fino, una aspiradora Kirby de segunda mano le sorprender\u00e1 por su capacidad para dejar su hogar impecable.<\/p>\n<h3>Multifuncionalidad en acci\u00f3n<\/h3>\n<p>Otro aspecto importante por el que la gente elige una aspiradora Kirby es su durabilidad. Las aspiradoras Kirby est\u00e1n hechas para durar, gracias a su robusta construcci\u00f3n y a sus materiales de alta calidad. Tanto si aspira un piso peque\u00f1o como una casa grande, una aspiradora Kirby no le defraudar\u00e1. Y con un mantenimiento y servicio regulares, estas aspiradoras pueden durar generaciones.<\/p>\n<h3>Facilidad de mantenimiento<\/h3>\n<p>Por \u00faltimo, pero no por ello menos importante, quiero hablar de la fiabilidad de las aspiradoras Kirby. Como marca reconocida con una larga historia de excelencia e innovaci\u00f3n, puede estar seguro de que una aspiradora Kirby de segunda mano es una inversi\u00f3n inteligente. Ya sea por su s\u00f3lida construcci\u00f3n, su potente rendimiento o su versatilidad, una aspiradora Kirby de segunda mano no le decepcionar\u00e1.<\/p>\n<h3>Conclusi\u00f3n<\/h3>\n<p>Si est\u00e1 buscando una aspiradora que vaya m\u00e1s all\u00e1 de la limpieza, entonces una <a href=\"https:\/\/www.veltec.eu\/es\/aspiradora-kirby\/\">aspiradora Kirby<\/a> de segunda mano es la elecci\u00f3n correcta para usted. Con su inigualable potencia de limpieza, durabilidad y fiabilidad, nuestras aspiradoras ofrecen una experiencia que simplemente no puede igualar con otras marcas. \u00bfA qu\u00e9 est\u00e1 esperando? Experimente usted mismo la magia de las aspiradoras Kirby y transforme su forma de limpiar.<\/p>\n<\/div><\/section>\n","protected":false},"excerpt":{"rendered":"","protected":false},"author":1,"featured_media":0,"parent":0,"menu_order":0,"comment_status":"closed","ping_status":"closed","template":"","meta":{"footnotes":""},"class_list":["post-60393","page","type-page","status-publish","hentry"],"yoast_head":"<!-- This site is optimized with the Yoast SEO Premium plugin v27.1 (Yoast SEO v27.4) - https:\/\/yoast.com\/product\/yoast-seo-premium-wordpress\/ -->\n<title>Kirby ocasi\u00f3n - Veltec Kirby specialist<\/title>\n<meta name=\"description\" content=\"Si est\u00e1 buscando una aspiradora Kirby asequible, entonces una aspiradora Kirby ocasi\u00f3n es la elecci\u00f3n correcta para usted.\" \/>\n<meta name=\"robots\" content=\"index, follow, max-snippet:-1, max-image-preview:large, max-video-preview:-1\" \/>\n<link rel=\"canonical\" href=\"https:\/\/www.veltec.eu\/nl\/content-paginas\/kirby-tweedehands\/\" \/>\n<meta property=\"og:locale\" content=\"es_ES\" \/>\n<meta property=\"og:type\" content=\"article\" \/>\n<meta property=\"og:title\" content=\"Kirby ocasi\u00f3n\" \/>\n<meta property=\"og:url\" content=\"https:\/\/www.veltec.eu\/nl\/content-paginas\/kirby-tweedehands\/\" \/>\n<meta property=\"og:site_name\" content=\"Veltec Kirby specialist\" \/>\n<meta property=\"article:publisher\" content=\"https:\/\/www.facebook.com\/Veltec-Kirby-Specialist-236746293374877\/\" \/>\n<meta property=\"article:modified_time\" content=\"2024-06-24T13:59:15+00:00\" \/>\n<meta property=\"og:image\" content=\"https:\/\/www.veltec.eu\/wp-content\/uploads\/2024\/06\/Recycle.jpg\" \/>\n<meta name=\"twitter:card\" content=\"summary_large_image\" \/>\n<meta name=\"twitter:label1\" content=\"Tiempo de lectura\" \/>\n\t<meta name=\"twitter:data1\" content=\"3 minutos\" \/>\n<script type=\"application\/ld+json\" class=\"yoast-schema-graph\">{\"@context\":\"https:\\\/\\\/schema.org\",\"@graph\":[{\"@type\":\"WebPage\",\"@id\":\"https:\\\/\\\/www.veltec.eu\\\/nl\\\/content-paginas\\\/kirby-tweedehands\\\/\",\"url\":\"https:\\\/\\\/www.veltec.eu\\\/nl\\\/content-paginas\\\/kirby-tweedehands\\\/\",\"name\":\"Kirby ocasi\u00f3n - Veltec Kirby specialist\",\"isPartOf\":{\"@id\":\"https:\\\/\\\/www.veltec.eu\\\/en\\\/#website\"},\"primaryImageOfPage\":{\"@id\":\"https:\\\/\\\/www.veltec.eu\\\/nl\\\/content-paginas\\\/kirby-tweedehands\\\/#primaryimage\"},\"image\":{\"@id\":\"https:\\\/\\\/www.veltec.eu\\\/nl\\\/content-paginas\\\/kirby-tweedehands\\\/#primaryimage\"},\"thumbnailUrl\":\"https:\\\/\\\/www.veltec.eu\\\/wp-content\\\/uploads\\\/2024\\\/06\\\/Recycle.jpg\",\"datePublished\":\"2024-06-24T09:12:01+00:00\",\"dateModified\":\"2024-06-24T13:59:15+00:00\",\"description\":\"Si est\u00e1 buscando una aspiradora Kirby asequible, entonces una aspiradora Kirby ocasi\u00f3n es la elecci\u00f3n correcta para usted.\",\"breadcrumb\":{\"@id\":\"https:\\\/\\\/www.veltec.eu\\\/nl\\\/content-paginas\\\/kirby-tweedehands\\\/#breadcrumb\"},\"inLanguage\":\"es\",\"potentialAction\":[{\"@type\":\"ReadAction\",\"target\":[\"https:\\\/\\\/www.veltec.eu\\\/nl\\\/content-paginas\\\/kirby-tweedehands\\\/\"]}]},{\"@type\":\"ImageObject\",\"inLanguage\":\"es\",\"@id\":\"https:\\\/\\\/www.veltec.eu\\\/nl\\\/content-paginas\\\/kirby-tweedehands\\\/#primaryimage\",\"url\":\"https:\\\/\\\/www.veltec.eu\\\/wp-content\\\/uploads\\\/2024\\\/06\\\/Recycle.jpg\",\"contentUrl\":\"https:\\\/\\\/www.veltec.eu\\\/wp-content\\\/uploads\\\/2024\\\/06\\\/Recycle.jpg\"},{\"@type\":\"BreadcrumbList\",\"@id\":\"https:\\\/\\\/www.veltec.eu\\\/nl\\\/content-paginas\\\/kirby-tweedehands\\\/#breadcrumb\",\"itemListElement\":[{\"@type\":\"ListItem\",\"position\":1,\"name\":\"Home\",\"item\":\"https:\\\/\\\/www.veltec.eu\\\/es\\\/\"},{\"@type\":\"ListItem\",\"position\":2,\"name\":\"Kirby ocasi\u00f3n\"}]},{\"@type\":\"WebSite\",\"@id\":\"https:\\\/\\\/www.veltec.eu\\\/en\\\/#website\",\"url\":\"https:\\\/\\\/www.veltec.eu\\\/en\\\/\",\"name\":\"Veltec Kirby specialist\",\"description\":\"Kirby stofzuiger producten\",\"publisher\":{\"@id\":\"https:\\\/\\\/www.veltec.eu\\\/en\\\/#organization\"},\"potentialAction\":[{\"@type\":\"SearchAction\",\"target\":{\"@type\":\"EntryPoint\",\"urlTemplate\":\"https:\\\/\\\/www.veltec.eu\\\/en\\\/?s={search_term_string}\"},\"query-input\":{\"@type\":\"PropertyValueSpecification\",\"valueRequired\":true,\"valueName\":\"search_term_string\"}}],\"inLanguage\":\"es\"},{\"@type\":\"Organization\",\"@id\":\"https:\\\/\\\/www.veltec.eu\\\/en\\\/#organization\",\"name\":\"Veltec Kirby Specialist\",\"url\":\"https:\\\/\\\/www.veltec.eu\\\/en\\\/\",\"logo\":{\"@type\":\"ImageObject\",\"inLanguage\":\"es\",\"@id\":\"https:\\\/\\\/www.veltec.eu\\\/en\\\/#\\\/schema\\\/logo\\\/image\\\/\",\"url\":\"https:\\\/\\\/www.veltec.eu\\\/wp-content\\\/uploads\\\/2021\\\/12\\\/Veltec-log-groot-e1537260889125.png\",\"contentUrl\":\"https:\\\/\\\/www.veltec.eu\\\/wp-content\\\/uploads\\\/2021\\\/12\\\/Veltec-log-groot-e1537260889125.png\",\"width\":200,\"height\":60,\"caption\":\"Veltec Kirby Specialist\"},\"image\":{\"@id\":\"https:\\\/\\\/www.veltec.eu\\\/en\\\/#\\\/schema\\\/logo\\\/image\\\/\"},\"sameAs\":[\"https:\\\/\\\/www.facebook.com\\\/Veltec-Kirby-Specialist-236746293374877\\\/\",\"https:\\\/\\\/www.youtube.com\\\/user\\\/VeltecService\"]}]}<\/script>\n<!-- \/ Yoast SEO Premium plugin. -->","yoast_head_json":{"title":"Kirby ocasi\u00f3n - Veltec Kirby specialist","description":"Si est\u00e1 buscando una aspiradora Kirby asequible, entonces una aspiradora Kirby ocasi\u00f3n es la elecci\u00f3n correcta para usted.","robots":{"index":"index","follow":"follow","max-snippet":"max-snippet:-1","max-image-preview":"max-image-preview:large","max-video-preview":"max-video-preview:-1"},"canonical":"https:\/\/www.veltec.eu\/nl\/content-paginas\/kirby-tweedehands\/","og_locale":"es_ES","og_type":"article","og_title":"Kirby ocasi\u00f3n","og_url":"https:\/\/www.veltec.eu\/nl\/content-paginas\/kirby-tweedehands\/","og_site_name":"Veltec Kirby specialist","article_publisher":"https:\/\/www.facebook.com\/Veltec-Kirby-Specialist-236746293374877\/","article_modified_time":"2024-06-24T13:59:15+00:00","og_image":[{"url":"https:\/\/www.veltec.eu\/wp-content\/uploads\/2024\/06\/Recycle.jpg","type":"","width":"","height":""}],"twitter_card":"summary_large_image","twitter_misc":{"Tiempo de lectura":"3 minutos"},"schema":{"@context":"https:\/\/schema.org","@graph":[{"@type":"WebPage","@id":"https:\/\/www.veltec.eu\/nl\/content-paginas\/kirby-tweedehands\/","url":"https:\/\/www.veltec.eu\/nl\/content-paginas\/kirby-tweedehands\/","name":"Kirby ocasi\u00f3n - Veltec Kirby specialist","isPartOf":{"@id":"https:\/\/www.veltec.eu\/en\/#website"},"primaryImageOfPage":{"@id":"https:\/\/www.veltec.eu\/nl\/content-paginas\/kirby-tweedehands\/#primaryimage"},"image":{"@id":"https:\/\/www.veltec.eu\/nl\/content-paginas\/kirby-tweedehands\/#primaryimage"},"thumbnailUrl":"https:\/\/www.veltec.eu\/wp-content\/uploads\/2024\/06\/Recycle.jpg","datePublished":"2024-06-24T09:12:01+00:00","dateModified":"2024-06-24T13:59:15+00:00","description":"Si est\u00e1 buscando una aspiradora Kirby asequible, entonces una aspiradora Kirby ocasi\u00f3n es la elecci\u00f3n correcta para usted.","breadcrumb":{"@id":"https:\/\/www.veltec.eu\/nl\/content-paginas\/kirby-tweedehands\/#breadcrumb"},"inLanguage":"es","potentialAction":[{"@type":"ReadAction","target":["https:\/\/www.veltec.eu\/nl\/content-paginas\/kirby-tweedehands\/"]}]},{"@type":"ImageObject","inLanguage":"es","@id":"https:\/\/www.veltec.eu\/nl\/content-paginas\/kirby-tweedehands\/#primaryimage","url":"https:\/\/www.veltec.eu\/wp-content\/uploads\/2024\/06\/Recycle.jpg","contentUrl":"https:\/\/www.veltec.eu\/wp-content\/uploads\/2024\/06\/Recycle.jpg"},{"@type":"BreadcrumbList","@id":"https:\/\/www.veltec.eu\/nl\/content-paginas\/kirby-tweedehands\/#breadcrumb","itemListElement":[{"@type":"ListItem","position":1,"name":"Home","item":"https:\/\/www.veltec.eu\/es\/"},{"@type":"ListItem","position":2,"name":"Kirby ocasi\u00f3n"}]},{"@type":"WebSite","@id":"https:\/\/www.veltec.eu\/en\/#website","url":"https:\/\/www.veltec.eu\/en\/","name":"Veltec Kirby specialist","description":"Kirby stofzuiger producten","publisher":{"@id":"https:\/\/www.veltec.eu\/en\/#organization"},"potentialAction":[{"@type":"SearchAction","target":{"@type":"EntryPoint","urlTemplate":"https:\/\/www.veltec.eu\/en\/?s={search_term_string}"},"query-input":{"@type":"PropertyValueSpecification","valueRequired":true,"valueName":"search_term_string"}}],"inLanguage":"es"},{"@type":"Organization","@id":"https:\/\/www.veltec.eu\/en\/#organization","name":"Veltec Kirby Specialist","url":"https:\/\/www.veltec.eu\/en\/","logo":{"@type":"ImageObject","inLanguage":"es","@id":"https:\/\/www.veltec.eu\/en\/#\/schema\/logo\/image\/","url":"https:\/\/www.veltec.eu\/wp-content\/uploads\/2021\/12\/Veltec-log-groot-e1537260889125.png","contentUrl":"https:\/\/www.veltec.eu\/wp-content\/uploads\/2021\/12\/Veltec-log-groot-e1537260889125.png","width":200,"height":60,"caption":"Veltec Kirby Specialist"},"image":{"@id":"https:\/\/www.veltec.eu\/en\/#\/schema\/logo\/image\/"},"sameAs":["https:\/\/www.facebook.com\/Veltec-Kirby-Specialist-236746293374877\/","https:\/\/www.youtube.com\/user\/VeltecService"]}]}},"_links":{"self":[{"href":"https:\/\/www.veltec.eu\/es\/wp-json\/wp\/v2\/pages\/60393","targetHints":{"allow":["GET"]}}],"collection":[{"href":"https:\/\/www.veltec.eu\/es\/wp-json\/wp\/v2\/pages"}],"about":[{"href":"https:\/\/www.veltec.eu\/es\/wp-json\/wp\/v2\/types\/page"}],"author":[{"embeddable":true,"href":"https:\/\/www.veltec.eu\/es\/wp-json\/wp\/v2\/users\/1"}],"replies":[{"embeddable":true,"href":"https:\/\/www.veltec.eu\/es\/wp-json\/wp\/v2\/comments?post=60393"}],"version-history":[{"count":0,"href":"https:\/\/www.veltec.eu\/es\/wp-json\/wp\/v2\/pages\/60393\/revisions"}],"wp:attachment":[{"href":"https:\/\/www.veltec.eu\/es\/wp-json\/wp\/v2\/media?parent=60393"}],"curies":[{"name":"wp","href":"https:\/\/api.w.org\/{rel}","templated":true}]}}