{"id":58402,"date":"2024-05-10T09:12:31","date_gmt":"2024-05-10T07:12:31","guid":{"rendered":"https:\/\/www.veltec.eu\/modelos-de-aspiradoras-kirby\/"},"modified":"2026-03-26T10:19:03","modified_gmt":"2026-03-26T08:19:03","slug":"modelo-kirby","status":"publish","type":"page","link":"https:\/\/www.veltec.eu\/es\/modelo-kirby\/","title":{"rendered":"Modelo Kirby"},"content":{"rendered":"<section  class='av_textblock_section av-ky1hzl7y-5870a8a2dc4b9b0934f4b9b7be81a1f7 '   itemscope=\"itemscope\" itemtype=\"https:\/\/schema.org\/CreativeWork\" ><div class='avia_textblock'  itemprop=\"text\" ><h1>\u00bfEn qu\u00e9 se diferencian los Modelo Kirby?<\/h1>\n<p>Hablaremos de los modelos de Modelo Kirby lanzados desde 1990. \u00c9se era el a\u00f1o Kirby lanz\u00f3 el modelo de la \u00abgeneraci\u00f3n 3\u00bb, que era muy diferente de cualquier cosa Kirby hab\u00eda producido hasta ese punto.<br \/>\nEl aspirador G3 de Kirby era altamente avanzado y probablemente a\u00f1os delante de todos los hoovers en venta en aquel entonces. Aunque Kirby es famosa por sus t\u00e1cticas de venta m\u00e1s groseras y agresivas en las ventas puerta a puerta, casi todo el mundo que ha visto la <a href=\"https:\/\/www.veltec.eu\/es\/aspiradora-kirby\/\">aspiradora Kirby<\/a> tiene que admitir que es un buen aparato.<\/p>\n<p><img decoding=\"async\" class=\"alignnone wp-image-59855 size-full\" src=\"https:\/\/www.veltec.eu\/wp-content\/uploads\/2024\/06\/Kirby-Stofzuiger-modellen.jpg\" alt=\"Modelo Kirby\" width=\"900\" height=\"792\" srcset=\"https:\/\/www.veltec.eu\/wp-content\/uploads\/2024\/06\/Kirby-Stofzuiger-modellen.jpg 900w, https:\/\/www.veltec.eu\/wp-content\/uploads\/2024\/06\/Kirby-Stofzuiger-modellen-300x264.jpg 300w, https:\/\/www.veltec.eu\/wp-content\/uploads\/2024\/06\/Kirby-Stofzuiger-modellen-768x676.jpg 768w, https:\/\/www.veltec.eu\/wp-content\/uploads\/2024\/06\/Kirby-Stofzuiger-modellen-705x620.jpg 705w, https:\/\/www.veltec.eu\/wp-content\/uploads\/2024\/06\/Kirby-Stofzuiger-modellen-450x396.jpg 450w, https:\/\/www.veltec.eu\/wp-content\/uploads\/2024\/06\/Kirby-Stofzuiger-modellen-600x528.jpg 600w, https:\/\/www.veltec.eu\/wp-content\/uploads\/2024\/06\/Kirby-Stofzuiger-modellen-68x60.jpg 68w, https:\/\/www.veltec.eu\/wp-content\/uploads\/2024\/06\/Kirby-Stofzuiger-modellen-102x90.jpg 102w\" sizes=\"(max-width: 900px) 100vw, 900px\" \/><\/p>\n<h4>Mejoras Modelo Kirby<\/h4>\n<p>Todav\u00eda hay algunas cosas que se podr\u00edan mejorar (empezando por el montaje y desmontaje de la boquilla batidora ancha o el interruptor de seguridad de la bolsa exterior) problemas que no han sido abordados por la empresa en m\u00e1s de 20 a\u00f1os.<br \/>\nEs probable que esto se deba al gran desembolso econ\u00f3mico necesario para introducir cambios en el dise\u00f1o original. Kirby tambi\u00e9n parece recortar gastos introduciendo cada vez m\u00e1s piezas de pl\u00e1stico en el sistema. Sin embargo, hay que reconocerle a Kirby que el precio de la aspiradora Kirby no ha aumentado significativamente, a pesar de que los costes de material y fabricaci\u00f3n suben cada vez m\u00e1s r\u00e1pido (sobre todo en los \u00faltimos a\u00f1os).<\/p>\n<h4>Fabicage Modelo Kirby<\/h4>\n<p>Sin embargo, con la fabricaci\u00f3n de cada vez m\u00e1s piezas de pl\u00e1stico, se corre el riesgo de perder la clientela que tiene la percepci\u00f3n de que \u00abel metal es mejor\u00bb. Si usted es uno de esos clientes, recuerde que, en algunos casos, el pl\u00e1stico no es peor que el metal. De hecho, puede que incluso sea mejor. Tenga en cuenta que el pl\u00e1stico permite a la empresa mantener bajos los costes del sistema para el distribuidor, por lo que puede vender a un precio m\u00e1s bajo. Si no se le da muy bien regatear el precio con un vendedor y aun as\u00ed ha pagado mucho dinero por la aspiradora Kirby, \u00e9chese la culpa (o no, se lo dejamos a usted). \u00bfPor qu\u00e9 comprar un modelo m\u00e1s nuevo? &#8211; Igual que cambiar\u00edas un coche con m\u00e1s kil\u00f3metros por uno nuevo o quiz\u00e1 te gusta m\u00e1s un color diferente.<\/p>\n<h4>Kirby G3<\/h4>\n<p><strong>Esta Modelo Kirby se fabric\u00f3 de 1990 a 1993.<\/strong><\/p>\n<p>Kirby presenta un nuevo dise\u00f1o de aspiradora Kirby. Redise\u00f1ado desde cero. La mayor innovaci\u00f3n &#8211; Tech-Drive. Minitransmisi\u00f3n que utiliza el impulso del motor para hacer girar las ruedas traseras y mover la aspiradora sobre la superficie, para que usted no tenga que hacerlo. Todo lo que el usuario tiene que hacer es empujar suavemente el mango. Un pivote y una palanca en forma de V accionan uno de los 2 mecanismos de embrague (uno para el avance y otro para la marcha atr\u00e1s) de la transmisi\u00f3n. Las ruedas empiezan a girar y se hace el vac\u00edo. El motor tambi\u00e9n es totalmente nuevo.<\/p>\n<p>El interruptor de doble velocidad es tambi\u00e9n un interruptor de seguridad que no permitir\u00e1 que la aspiradora funcione si la bolsa no est\u00e1 instalada sobre la salida. Al igual que algunos modelos anteriores, el interruptor tiene una caracter\u00edstica de seguridad que no permitir\u00e1 que la aspiradora funcione si la boquilla batidora ancha o la manguera no est\u00e1n conectadas a la parte delantera de la unidad, evitando que alguien meta los dedos en la cuchilla giratoria del rotor. Nota: las bolsas exteriores antiguas con la parte superior reforzada y las palabras \u00abGeneration 3\u00bb ya no se fabrican. Las bolsas exteriores Kirby originales no tienen refuerzo en la parte superior y ya no llevan el nombre del modelo.<\/p>\n<h4><a href=\"https:\/\/www.veltec.eu\/es\/comprar-kirby-g4\/\">Kirby G4<\/a><\/h4>\n<p><strong>Esta Modelo Kirby se fabric\u00f3 entre 1993 y 1997.<\/strong><\/p>\n<p>El color gris oscuro cambia a gris claro. Los embellecedores de pl\u00e1stico, los tapacubos, la caja de almacenamiento y el elevador de cintur\u00f3n cambian de color. Todas las fijaciones siguen siendo las mismas, pero tambi\u00e9n tienen un nuevo color gris claro. Una mejora: se ha redise\u00f1ado el punto de giro accionado por resorte que endereza la manilla al soltarla. Parece un buen cambio, ya que el nuevo dise\u00f1o se mantiene mejor. Un cambio que ahorra costes: el tejido exterior de la parte superior de la bolsa ya no est\u00e1 reforzado. Durante a\u00f1os, la parte superior de la bolsa ten\u00eda un alambre o refuerzo que ayudaba a la tela a mantener su forma.<\/p>\n<p>Desde el modelo G4, la parte superior de la bolsa se ha cubierto con una capa de vinilo de unos 2 cm de profundidad, pero cuando la cinta se estira con el tiempo y la bolsa se sobrecarga constantemente de suciedad &#8211; la bolsa se hunde y la parte superior de la bolsa se despega del vinilo y no tiene buen aspecto. Este es el a\u00f1o en que Kirby introdujo un nuevo tipo de bolsas desechables &#8211; Micron Magic &#8211; es una mejora y la filtraci\u00f3n es mejor.<\/p>\n<h4><a href=\"https:\/\/www.veltec.eu\/es\/comprar-kirby-g5\/\">Kirby G5<\/a><\/h4>\n<p><strong>Esta Modelo Kirby se fabric\u00f3 entre 1997 y 1999.<\/strong><\/p>\n<p>El nuevo color es burdeos. Por alguna raz\u00f3n, la luz indicadora del cepillo est\u00e1 ahora al otro lado de la boquilla batidora ancha. No estoy seguro de cu\u00e1l fue la raz\u00f3n, pero ahora las tiendas de repuestos y las de aspiradoras tienen que abastecerse de otro tipo de rodillo de cepillo (tal vez esa fue la raz\u00f3n). El cap\u00f3 y la lente del faro est\u00e1n un poco m\u00e1s doblados. La placa inferior de la boquilla del suelo pasa a ser de pl\u00e1stico (los modelos G3 y G4 ten\u00edan una placa inferior met\u00e1lica cromada). Tambi\u00e9n cambio menor en el dise\u00f1o del dep\u00f3sito de champ\u00fa.<\/p>\n<p>Un peque\u00f1o colador montado en el recipiente del champ\u00fa est\u00e1 ahora montado no como tapa sino como tap\u00f3n. Se pretend\u00eda que fuera menos probable que se atascara en la manguera corta del champ\u00fa al sacarlo del recipiente del champ\u00fa, pero sigue siendo un problema. Este tap\u00f3n\/tamiz simplemente no se queda en el cuello. La palanca\/pomo de elevaci\u00f3n de la boquilla tiene ahora una palanca que permite girar el pomo.<\/p>\n<h4><a href=\"https:\/\/www.veltec.eu\/es\/comprar-kirby-g6\/\">Kirby G6<\/a><\/h4>\n<p><strong>Esta Modelo Kirby se fabric\u00f3 de 1999 a 2002.<\/strong><\/p>\n<p>El nuevo color pasa de burdeos a negro, pero por lo dem\u00e1s el modelo es el mismo que el G5. No ha cambiado nada. Puede haber sido el modelo en el que la compa\u00f1\u00eda Kirby experiment\u00f3 con una relaci\u00f3n diferente de engranajes primarios utilizados para transferir el impulso del motor a la transmisi\u00f3n. Esto se hizo probablemente para resolver el problema del salto de vac\u00edo. Debido a que la boquilla batidora ancha Kirby se acerca tanto a la alfombra, a veces vibra cuando golpea la fibra y esto no se siente bien. Pero esto sigue siendo un problema y puede ser imposible de resolver porque hay muchas alfombras diferentes con diferente longitud y densidad de fibras y lo que funciona en una alfombra puede no funcionar necesariamente en otra.<\/p>\n<p>Y otro peque\u00f1o cambio es el Miniemptor, la base de pl\u00e1stico de la bolsa exterior que se fija a la aspiradora. El dise\u00f1o antiguo se romp\u00eda con relativa frecuencia y el nuevo es un poco m\u00e1s resistente. Si compra un nuevo Miniemptor para la aspiradora Kirby G3; G4 o G5, tambi\u00e9n se fabricar\u00e1 con un molde de nuevo dise\u00f1o. La manguera de llenado (manguera que conecta el Miniemptor al conector de la bolsa al que se acopla la bolsa del polvo) es s\u00f3lo un tubo de pl\u00e1stico, mientras que la antigua estaba reforzada con una bobina met\u00e1lica. En 2000 y 2001, algunas aspiradoras Kirby se vendieron con etiquetas en la parte delantera del mango que dec\u00edan \u00abEdici\u00f3n Limitada 2000\u00bb y \u00abEdici\u00f3n Limitada 2001\u00bb. Debi\u00f3 de ser una maniobra de marketing, porque aparte de las etiquetas, no hab\u00eda ninguna diferencia.<\/p>\n<h4><a href=\"https:\/\/www.veltec.eu\/es\/comprar-kirby-ultimate\/\">Kirby Ultimate<\/a><\/h4>\n<p><strong>Esta Modelo Kirby se fabric\u00f3 entre 2002 y 2003.<\/strong><\/p>\n<p>Como m\u00e1ximo s\u00edmbolo de rendimiento e innovaci\u00f3n, la Kirby G7, tambi\u00e9n conocida como Ultimate, entr\u00f3 en el mercado en 2002. Este modelo aport\u00f3 una serie de mejoras revolucionarias, como un avanzado sistema de filtraci\u00f3n HEPA que atrapa eficazmente los al\u00e9rgenos y las part\u00edculas finas. Adem\u00e1s, la G7 ofrec\u00eda un rodillo de cepillado mejorado y accesorios de limpieza avanzados que pod\u00edan llegar a todos los rincones de su hogar. El color ha cambiado y la boquilla del champ\u00fa es ahora de pl\u00e1stico.<\/p>\n<h4><a href=\"https:\/\/www.veltec.eu\/es\/comprar-kirby-diamond\/\">Kirby Ultimate Diamond<\/a><\/h4>\n<p><strong>Esta Modelo Kirby se fabric\u00f3 de 2003 a 2006.<\/strong><\/p>\n<p>Los elementos de dise\u00f1o moteados cambiaron a formas de diamante, pero manteniendo el mismo esquema de color Ultimate G. Una diferencia clave es que se han a\u00f1adido dos interruptores de velocidad. Se trata simplemente de una peque\u00f1a placa de circuito unida a la parte inferior del motor y un interruptor montado en el lateral de la carcasa de aluminio de la unidad. Ahora es t\u00e9cnicamente posible hacer funcionar Kirby a cuatro velocidades. Durante a\u00f1os (incluso antes del modelo de aspiradora Kirby G3), el fabricante dise\u00f1\u00f3 una aspiradora que funcionaba a 2 velocidades diferentes. Alta &#8211; aceleraci\u00f3n m\u00e1xima cuando la manguera est\u00e1 instalada y se utiliza la aspiradora como aspiradora en voladizo.<\/p>\n<p>Cuando se instala la boquilla batidora ancha, al pulsar otra palanca el motor pasa a un modo inferior. As\u00ed, con el control adicional, independientemente de la velocidad a la que est\u00e9 ajustado el motor al instalar la manguera o la boquilla, la velocidad del motor se reduce aproximadamente a la mitad. As\u00ed que puede tener &#8211; velocidad normal con boquilla instalada, la misma velocidad reducida a la mitad con el interruptor; velocidad alta con manguera, la misma velocidad de la manguera pero ajustada con el interruptor.<\/p>\n<h4><a href=\"https:\/\/www.veltec.eu\/es\/comprar-kirby-sentria\/\">Kirby Sentria<\/a><\/h4>\n<p><strong>Esta Modelo Kirby se fabric\u00f3 de 2006 a 2012<\/strong><\/p>\n<p>M\u00e1s cambios cosm\u00e9ticos &#8211; el mango vertical y el mango entero han sido redise\u00f1ados. Estos cambios no afectan al rendimiento en modo alguno. La descarga de tracci\u00f3n del cable el\u00e9ctrico est\u00e1 ahora fijada directamente a la carcasa de aluminio con dos tornillos. Esto evita que el cable se doble en las esquinas afiladas, lo que prolonga su vida \u00fatil. En 2009 se introdujeron nuevas bolsas de tipo \u00abStyle F\u00bb. Todos los materiales de filtraci\u00f3n utilizados en la fabricaci\u00f3n de las bolsas son los mismos, pero el montaje es diferente. No es mejor ni peor, simplemente es diferente y las bolsas no son intercambiables con las antiguas.<\/p>\n<p>En 2009, Kirby empieza a fabricar aspiradoras sin lubricar el mecanismo deslizante del mango ni los engranajes de la transmisi\u00f3n. Tambi\u00e9n omiten una peque\u00f1a cu\u00f1a de pl\u00e1stico que mantiene unido el mecanismo deslizante. Se fabrican as\u00ed miles de aspiradoras, pero en marzo de 2011 se vuelve a la antigua forma de aspirar.<\/p>\n<h4>Kirby Sentria II<\/h4>\n<p><strong>Esta Modelo Kirby se fabric\u00f3 entre 2012 y 2014<\/strong><\/p>\n<p>Este modelo lleva mucho retraso. Normalmente la compa\u00f1\u00eda Kirby saca un nuevo modelo cada 2-3 a\u00f1os, pero esta vez ha tardado seis a\u00f1os.<\/p>\n<p>\u00bfQu\u00e9 hay de nuevo? &#8211; NADA. Las grandes mejoras y los cambios radicales tan esperados se vuelven a retrasar unos a\u00f1os. Dentro de unos a\u00f1os, Kirby cumplir\u00e1 100 a\u00f1os, por lo que hoy parece inconcebible que no se trate de un dise\u00f1o totalmente nuevo, pero una vez m\u00e1s se demuestra que todos estamos equivocados. Esta vez, s\u00f3lo se trata del habitual nuevo estampado en el bolsillo exterior de tela y una nueva combinaci\u00f3n de colores, nada m\u00e1s.<\/p>\n<p>Kirby sigue siendo uno de los sistemas m\u00e1s potentes y duraderos, pero su falta de versatilidad es en parte culpable de que sea una de las aspiradoras m\u00e1s complicadas de usar. Por lo tanto, creemos que definitivamente hay margen de mejora.<\/p>\n<h4>Kirby 100 aniversario <a href=\"https:\/\/www.veltec.eu\/es\/product\/kirby-avalir-2-nl434366\/\">Kirby Avalir<\/a><\/h4>\n<p><strong>Esta Modelo Kirby se fabric\u00f3 entre 2014 y 2018<\/strong><\/p>\n<p>Esta es la aspiradora del 100 aniversario de Kirby, la flamante Kirby Avalir. Hay una serie de nuevos cambios en esta aspiradora, aunque el motor y el sistema principal parecen seguir siendo los mismos. El mayor cambio es el sistema de champ\u00fa que ahora se puede utilizar en alfombras y suelos duros, lo que lo hace m\u00e1s vers\u00e1til en una m\u00e1quina de limpieza para toda la casa.<\/p>\n<p>Hay nuevos rodillos de cepillo para la Kirby Avalir, parece que hay 4 nuevos rodillos de cepillo para suelos, alfombras, baldosas, etc.<\/p>\n<p>El estilo del mango ha cambiado un poco, un nuevo dise\u00f1o y con los logotipos del 100 aniversario y Kirby Avalir.<\/p>\n<p>Kirby sigue siendo uno de los sistemas m\u00e1s potentes y duraderos, pero su falta de versatilidad es en parte culpable de que sea una de las aspiradoras m\u00e1s complicadas de usar. Por lo tanto, creemos que definitivamente hay margen de mejora.<\/p>\n<h4><strong><a href=\"https:\/\/www.veltec.eu\/es\/comprar-kirby-avalir\/\">Kirby Avalir 2<\/a> (Avalir II)<\/strong><\/h4>\n<p>Como \u00faltimo modelo insignia de Kirby, el Avalir II, lanzado en 2019, ofrece una experiencia de limpieza inigualable dise\u00f1ada para satisfacer las necesidades de los hogares modernos. Con sus avanzadas tecnolog\u00edas de limpieza y su rendimiento mejorado, el Avalir II ofrece una experiencia de limpieza sin igual. Este modelo introduce caracter\u00edsticas como un motor m\u00e1s potente, tecnolog\u00eda de cepillado avanzada y un sistema de filtraci\u00f3n mejorado a trav\u00e9s de una nueva bolsa exterior patentada con silenciador para capturar incluso las part\u00edculas m\u00e1s peque\u00f1as.<\/p>\n<ul>\n<li><strong>Accesorios para aspiradoras:<\/strong> La Avalir II viene con una amplia gama de accesorios para satisfacer todas sus necesidades de limpieza, incluyendo un limpiador de colchones, un ambientador y un cepillo para muebles.<\/li>\n<li><strong>Rendimiento de limpieza:<\/strong> La Avalir II ofrece un rendimiento de limpieza excepcional gracias a su potente motor y a la avanzada tecnolog\u00eda de sus cepillos, haciendo que incluso las tareas de limpieza m\u00e1s dif\u00edciles se realicen sin esfuerzo.<\/li>\n<li><strong>Durabilidad y fiabilidad:<\/strong> Con su construcci\u00f3n robusta y su funcionamiento fiable, la Avalir II est\u00e1 dise\u00f1ada para resistir un uso prolongado, con unas necesidades de mantenimiento m\u00ednimas y la m\u00e1xima fiabilidad.<\/li>\n<li><strong>Facilidad de uso:<\/strong> Con su dise\u00f1o ergon\u00f3mico y controles intuitivos, la Avalir II es f\u00e1cil de usar y maniobrar, haciendo que la limpieza sea r\u00e1pida y f\u00e1cil, incluso para las tareas de limpieza m\u00e1s exigentes.<\/li>\n<\/ul>\n<\/div><\/section>\n","protected":false},"excerpt":{"rendered":"","protected":false},"author":1,"featured_media":0,"parent":0,"menu_order":0,"comment_status":"closed","ping_status":"closed","template":"","meta":{"_acf_changed":false,"footnotes":""},"class_list":["post-58402","page","type-page","status-publish","hentry"],"acf":[],"yoast_head":"<!-- This site is optimized with the Yoast SEO Premium plugin v27.1 (Yoast SEO v27.4) - https:\/\/yoast.com\/product\/yoast-seo-premium-wordpress\/ -->\n<title>Modelo Kirby - Veltec Kirby specialist<\/title>\n<meta name=\"description\" content=\"Modelo Kirby. Veltec ha sido proveedor de aspiradoras Kirby y piezas durante m\u00e1s de 25 a\u00f1os. Todos los accesorios para aspiradoras Kirby.\" \/>\n<meta name=\"robots\" content=\"index, follow, max-snippet:-1, max-image-preview:large, max-video-preview:-1\" \/>\n<link rel=\"canonical\" href=\"https:\/\/www.veltec.eu\/es\/modelo-kirby\/\" \/>\n<meta property=\"og:locale\" content=\"es_ES\" \/>\n<meta property=\"og:type\" content=\"article\" \/>\n<meta property=\"og:title\" content=\"Modelo Kirby\" \/>\n<meta property=\"og:url\" content=\"https:\/\/www.veltec.eu\/es\/modelo-kirby\/\" \/>\n<meta property=\"og:site_name\" content=\"Veltec Kirby specialist\" \/>\n<meta property=\"article:publisher\" content=\"https:\/\/www.facebook.com\/Veltec-Kirby-Specialist-236746293374877\/\" \/>\n<meta property=\"article:modified_time\" content=\"2026-03-26T08:19:03+00:00\" \/>\n<meta property=\"og:image\" content=\"https:\/\/www.veltec.eu\/wp-content\/uploads\/2024\/06\/Kirby-Stofzuiger-modellen.jpg\" \/>\n\t<meta property=\"og:image:width\" content=\"900\" \/>\n\t<meta property=\"og:image:height\" content=\"792\" \/>\n\t<meta property=\"og:image:type\" content=\"image\/jpeg\" \/>\n<meta name=\"twitter:card\" content=\"summary_large_image\" \/>\n<meta name=\"twitter:label1\" content=\"Tiempo de lectura\" \/>\n\t<meta name=\"twitter:data1\" content=\"12 minutos\" \/>\n<script type=\"application\/ld+json\" class=\"yoast-schema-graph\">{\"@context\":\"https:\\\/\\\/schema.org\",\"@graph\":[{\"@type\":\"WebPage\",\"@id\":\"https:\\\/\\\/www.veltec.eu\\\/es\\\/modelo-kirby\\\/\",\"url\":\"https:\\\/\\\/www.veltec.eu\\\/es\\\/modelo-kirby\\\/\",\"name\":\"Modelo Kirby - Veltec Kirby specialist\",\"isPartOf\":{\"@id\":\"https:\\\/\\\/www.veltec.eu\\\/en\\\/#website\"},\"primaryImageOfPage\":{\"@id\":\"https:\\\/\\\/www.veltec.eu\\\/es\\\/modelo-kirby\\\/#primaryimage\"},\"image\":{\"@id\":\"https:\\\/\\\/www.veltec.eu\\\/es\\\/modelo-kirby\\\/#primaryimage\"},\"thumbnailUrl\":\"https:\\\/\\\/www.veltec.eu\\\/wp-content\\\/uploads\\\/2024\\\/06\\\/Kirby-Stofzuiger-modellen.jpg\",\"datePublished\":\"2024-05-10T07:12:31+00:00\",\"dateModified\":\"2026-03-26T08:19:03+00:00\",\"description\":\"Modelo Kirby. Veltec ha sido proveedor de aspiradoras Kirby y piezas durante m\u00e1s de 25 a\u00f1os. Todos los accesorios para aspiradoras Kirby.\",\"breadcrumb\":{\"@id\":\"https:\\\/\\\/www.veltec.eu\\\/es\\\/modelo-kirby\\\/#breadcrumb\"},\"inLanguage\":\"es\",\"potentialAction\":[{\"@type\":\"ReadAction\",\"target\":[\"https:\\\/\\\/www.veltec.eu\\\/es\\\/modelo-kirby\\\/\"]}]},{\"@type\":\"ImageObject\",\"inLanguage\":\"es\",\"@id\":\"https:\\\/\\\/www.veltec.eu\\\/es\\\/modelo-kirby\\\/#primaryimage\",\"url\":\"https:\\\/\\\/www.veltec.eu\\\/wp-content\\\/uploads\\\/2024\\\/06\\\/Kirby-Stofzuiger-modellen.jpg\",\"contentUrl\":\"https:\\\/\\\/www.veltec.eu\\\/wp-content\\\/uploads\\\/2024\\\/06\\\/Kirby-Stofzuiger-modellen.jpg\"},{\"@type\":\"BreadcrumbList\",\"@id\":\"https:\\\/\\\/www.veltec.eu\\\/es\\\/modelo-kirby\\\/#breadcrumb\",\"itemListElement\":[{\"@type\":\"ListItem\",\"position\":1,\"name\":\"Home\",\"item\":\"https:\\\/\\\/www.veltec.eu\\\/es\\\/\"},{\"@type\":\"ListItem\",\"position\":2,\"name\":\"Modelo Kirby\"}]},{\"@type\":\"WebSite\",\"@id\":\"https:\\\/\\\/www.veltec.eu\\\/en\\\/#website\",\"url\":\"https:\\\/\\\/www.veltec.eu\\\/en\\\/\",\"name\":\"Veltec Kirby specialist\",\"description\":\"Kirby stofzuiger producten\",\"publisher\":{\"@id\":\"https:\\\/\\\/www.veltec.eu\\\/en\\\/#organization\"},\"potentialAction\":[{\"@type\":\"SearchAction\",\"target\":{\"@type\":\"EntryPoint\",\"urlTemplate\":\"https:\\\/\\\/www.veltec.eu\\\/en\\\/?s={search_term_string}\"},\"query-input\":{\"@type\":\"PropertyValueSpecification\",\"valueRequired\":true,\"valueName\":\"search_term_string\"}}],\"inLanguage\":\"es\"},{\"@type\":\"Organization\",\"@id\":\"https:\\\/\\\/www.veltec.eu\\\/en\\\/#organization\",\"name\":\"Veltec Kirby Specialist\",\"url\":\"https:\\\/\\\/www.veltec.eu\\\/en\\\/\",\"logo\":{\"@type\":\"ImageObject\",\"inLanguage\":\"es\",\"@id\":\"https:\\\/\\\/www.veltec.eu\\\/en\\\/#\\\/schema\\\/logo\\\/image\\\/\",\"url\":\"https:\\\/\\\/www.veltec.eu\\\/wp-content\\\/uploads\\\/2021\\\/12\\\/Veltec-log-groot-e1537260889125.png\",\"contentUrl\":\"https:\\\/\\\/www.veltec.eu\\\/wp-content\\\/uploads\\\/2021\\\/12\\\/Veltec-log-groot-e1537260889125.png\",\"width\":200,\"height\":60,\"caption\":\"Veltec Kirby Specialist\"},\"image\":{\"@id\":\"https:\\\/\\\/www.veltec.eu\\\/en\\\/#\\\/schema\\\/logo\\\/image\\\/\"},\"sameAs\":[\"https:\\\/\\\/www.facebook.com\\\/Veltec-Kirby-Specialist-236746293374877\\\/\",\"https:\\\/\\\/www.youtube.com\\\/user\\\/VeltecService\"]}]}<\/script>\n<!-- \/ Yoast SEO Premium plugin. -->","yoast_head_json":{"title":"Modelo Kirby - Veltec Kirby specialist","description":"Modelo Kirby. Veltec ha sido proveedor de aspiradoras Kirby y piezas durante m\u00e1s de 25 a\u00f1os. Todos los accesorios para aspiradoras Kirby.","robots":{"index":"index","follow":"follow","max-snippet":"max-snippet:-1","max-image-preview":"max-image-preview:large","max-video-preview":"max-video-preview:-1"},"canonical":"https:\/\/www.veltec.eu\/es\/modelo-kirby\/","og_locale":"es_ES","og_type":"article","og_title":"Modelo Kirby","og_url":"https:\/\/www.veltec.eu\/es\/modelo-kirby\/","og_site_name":"Veltec Kirby specialist","article_publisher":"https:\/\/www.facebook.com\/Veltec-Kirby-Specialist-236746293374877\/","article_modified_time":"2026-03-26T08:19:03+00:00","og_image":[{"width":900,"height":792,"url":"https:\/\/www.veltec.eu\/wp-content\/uploads\/2024\/06\/Kirby-Stofzuiger-modellen.jpg","type":"image\/jpeg"}],"twitter_card":"summary_large_image","twitter_misc":{"Tiempo de lectura":"12 minutos"},"schema":{"@context":"https:\/\/schema.org","@graph":[{"@type":"WebPage","@id":"https:\/\/www.veltec.eu\/es\/modelo-kirby\/","url":"https:\/\/www.veltec.eu\/es\/modelo-kirby\/","name":"Modelo Kirby - Veltec Kirby specialist","isPartOf":{"@id":"https:\/\/www.veltec.eu\/en\/#website"},"primaryImageOfPage":{"@id":"https:\/\/www.veltec.eu\/es\/modelo-kirby\/#primaryimage"},"image":{"@id":"https:\/\/www.veltec.eu\/es\/modelo-kirby\/#primaryimage"},"thumbnailUrl":"https:\/\/www.veltec.eu\/wp-content\/uploads\/2024\/06\/Kirby-Stofzuiger-modellen.jpg","datePublished":"2024-05-10T07:12:31+00:00","dateModified":"2026-03-26T08:19:03+00:00","description":"Modelo Kirby. Veltec ha sido proveedor de aspiradoras Kirby y piezas durante m\u00e1s de 25 a\u00f1os. Todos los accesorios para aspiradoras Kirby.","breadcrumb":{"@id":"https:\/\/www.veltec.eu\/es\/modelo-kirby\/#breadcrumb"},"inLanguage":"es","potentialAction":[{"@type":"ReadAction","target":["https:\/\/www.veltec.eu\/es\/modelo-kirby\/"]}]},{"@type":"ImageObject","inLanguage":"es","@id":"https:\/\/www.veltec.eu\/es\/modelo-kirby\/#primaryimage","url":"https:\/\/www.veltec.eu\/wp-content\/uploads\/2024\/06\/Kirby-Stofzuiger-modellen.jpg","contentUrl":"https:\/\/www.veltec.eu\/wp-content\/uploads\/2024\/06\/Kirby-Stofzuiger-modellen.jpg"},{"@type":"BreadcrumbList","@id":"https:\/\/www.veltec.eu\/es\/modelo-kirby\/#breadcrumb","itemListElement":[{"@type":"ListItem","position":1,"name":"Home","item":"https:\/\/www.veltec.eu\/es\/"},{"@type":"ListItem","position":2,"name":"Modelo Kirby"}]},{"@type":"WebSite","@id":"https:\/\/www.veltec.eu\/en\/#website","url":"https:\/\/www.veltec.eu\/en\/","name":"Veltec Kirby specialist","description":"Kirby stofzuiger producten","publisher":{"@id":"https:\/\/www.veltec.eu\/en\/#organization"},"potentialAction":[{"@type":"SearchAction","target":{"@type":"EntryPoint","urlTemplate":"https:\/\/www.veltec.eu\/en\/?s={search_term_string}"},"query-input":{"@type":"PropertyValueSpecification","valueRequired":true,"valueName":"search_term_string"}}],"inLanguage":"es"},{"@type":"Organization","@id":"https:\/\/www.veltec.eu\/en\/#organization","name":"Veltec Kirby Specialist","url":"https:\/\/www.veltec.eu\/en\/","logo":{"@type":"ImageObject","inLanguage":"es","@id":"https:\/\/www.veltec.eu\/en\/#\/schema\/logo\/image\/","url":"https:\/\/www.veltec.eu\/wp-content\/uploads\/2021\/12\/Veltec-log-groot-e1537260889125.png","contentUrl":"https:\/\/www.veltec.eu\/wp-content\/uploads\/2021\/12\/Veltec-log-groot-e1537260889125.png","width":200,"height":60,"caption":"Veltec Kirby Specialist"},"image":{"@id":"https:\/\/www.veltec.eu\/en\/#\/schema\/logo\/image\/"},"sameAs":["https:\/\/www.facebook.com\/Veltec-Kirby-Specialist-236746293374877\/","https:\/\/www.youtube.com\/user\/VeltecService"]}]}},"_links":{"self":[{"href":"https:\/\/www.veltec.eu\/es\/wp-json\/wp\/v2\/pages\/58402","targetHints":{"allow":["GET"]}}],"collection":[{"href":"https:\/\/www.veltec.eu\/es\/wp-json\/wp\/v2\/pages"}],"about":[{"href":"https:\/\/www.veltec.eu\/es\/wp-json\/wp\/v2\/types\/page"}],"author":[{"embeddable":true,"href":"https:\/\/www.veltec.eu\/es\/wp-json\/wp\/v2\/users\/1"}],"replies":[{"embeddable":true,"href":"https:\/\/www.veltec.eu\/es\/wp-json\/wp\/v2\/comments?post=58402"}],"version-history":[{"count":2,"href":"https:\/\/www.veltec.eu\/es\/wp-json\/wp\/v2\/pages\/58402\/revisions"}],"predecessor-version":[{"id":89765,"href":"https:\/\/www.veltec.eu\/es\/wp-json\/wp\/v2\/pages\/58402\/revisions\/89765"}],"wp:attachment":[{"href":"https:\/\/www.veltec.eu\/es\/wp-json\/wp\/v2\/media?parent=58402"}],"curies":[{"name":"wp","href":"https:\/\/api.w.org\/{rel}","templated":true}]}}