{"id":5197,"date":"2018-10-12T15:56:06","date_gmt":"2018-10-12T13:56:06","guid":{"rendered":"https:\/\/www.veltec.eu\/kirby-ultimate\/"},"modified":"2025-12-23T13:55:20","modified_gmt":"2025-12-23T11:55:20","slug":"comprar-kirby-ultimate","status":"publish","type":"page","link":"https:\/\/www.veltec.eu\/es\/comprar-kirby-ultimate\/","title":{"rendered":"Comprar Kirby Ultimate"},"content":{"rendered":"\n<style type=\"text\/css\" data-created_by=\"avia_inline_auto\" id=\"style-css-av-14wde4-d196b9cd96b587228346ade10b12c941\">\n.flex_column.av-14wde4-d196b9cd96b587228346ade10b12c941{\nborder-radius:0px 0px 0px 0px;\npadding:0px 0px 0px 0px;\n}\n<\/style>\n<div  class='flex_column av-14wde4-d196b9cd96b587228346ade10b12c941 av_one_full  avia-builder-el-0  el_before_av_two_fifth  avia-builder-el-first  first flex_column_div av-zero-column-padding  '     ><section  class='av_textblock_section av-jn4jo96k-1c87b2857ff45e05a928d5e60d2d76b1 '   itemscope=\"itemscope\" itemtype=\"https:\/\/schema.org\/CreativeWork\" ><div class='avia_textblock'  itemprop=\"text\" ><div class=\"page-title\">\n<h1>Comprar Kirby Ultimate<\/h1>\n<\/div>\n<div class=\"std\">\n<p>Comprar Kirby Ultimate significa elegir una aspiradora revisada en taller con gran potencia de succi\u00f3n, filtraci\u00f3n HEPA y 12 meses de garant\u00eda. Se entrega completa con accesorios para una limpieza profunda de todas las superficies.<\/p>\n<\/div>\n<\/div><\/section><\/div>\n<style type=\"text\/css\" data-created_by=\"avia_inline_auto\" id=\"style-css-av-prxus-172b3109df49160594a958d86b390692\">\n.flex_column.av-prxus-172b3109df49160594a958d86b390692{\nborder-radius:0px 0px 0px 0px;\npadding:0px 0px 0px 0px;\n}\n<\/style>\n<div  class='flex_column av-prxus-172b3109df49160594a958d86b390692 av_two_fifth  avia-builder-el-2  el_after_av_one_full  el_before_av_three_fifth  first flex_column_div av-zero-column-padding  column-top-margin'     ><style type=\"text\/css\" data-created_by=\"avia_inline_auto\" id=\"style-css-av-jn4jurct-41f7fbdc06bbb025e2dfa735acf93623\">\n.avia-image-container.av-jn4jurct-41f7fbdc06bbb025e2dfa735acf93623 img.avia_image{\nbox-shadow:none;\n}\n.avia-image-container.av-jn4jurct-41f7fbdc06bbb025e2dfa735acf93623 .av-image-caption-overlay-center{\ncolor:#ffffff;\n}\n<\/style>\n<div  class='avia-image-container av-jn4jurct-41f7fbdc06bbb025e2dfa735acf93623 av-styling- avia-align-center  avia-builder-el-3  avia-builder-el-no-sibling '   itemprop=\"image\" itemscope=\"itemscope\" itemtype=\"https:\/\/schema.org\/ImageObject\" ><div class=\"avia-image-container-inner\"><div class=\"avia-image-overlay-wrap\"><img decoding=\"async\" fetchpriority=\"high\" class='wp-image-4893 avia-img-lazy-loading-not-4893 avia_image ' src=\"https:\/\/www.veltec.eu\/wp-content\/uploads\/2018\/10\/kirby-ultimate.jpg\" alt='Kirby ultimate' title='kirby-ultimate'  height=\"594\" width=\"515\"  itemprop=\"thumbnailUrl\" srcset=\"https:\/\/www.veltec.eu\/wp-content\/uploads\/2018\/10\/kirby-ultimate.jpg 515w, https:\/\/www.veltec.eu\/wp-content\/uploads\/2018\/10\/kirby-ultimate-260x300.jpg 260w\" sizes=\"(max-width: 515px) 100vw, 515px\" \/><\/div><\/div><\/div><\/div><\/p>\n\n<style type=\"text\/css\" data-created_by=\"avia_inline_auto\" id=\"style-css-av-kb8u4-05332ba27edac3ed28c539461b526036\">\n.flex_column.av-kb8u4-05332ba27edac3ed28c539461b526036{\nborder-radius:0px 0px 0px 0px;\npadding:0px 0px 0px 0px;\n}\n<\/style>\n<div  class='flex_column av-kb8u4-05332ba27edac3ed28c539461b526036 av_three_fifth  avia-builder-el-4  el_after_av_two_fifth  el_before_av_two_third  flex_column_div av-zero-column-padding  column-top-margin'     ><section  class='av_textblock_section av-jn4jp9zz-6452e1eac04cc7d7b70840de9e787aa3 '   itemscope=\"itemscope\" itemtype=\"https:\/\/schema.org\/CreativeWork\" ><div class='avia_textblock'  itemprop=\"text\" ><h2>Comprar Kirby Ultimate: rendimiento potente con garant\u00eda<\/h2>\n<p>Si est\u00e1 buscando una aspiradora fiable y duradera, le recomendamos que compre la Kirby Ultimate. Esta potente m\u00e1quina viene con una garant\u00eda completa de 12 meses, lo que le ofrece tranquilidad al comprar una aspiradora de alta calidad. El modelo se fabric\u00f3 entre 2002 y 2004 y, desde entonces, se ha convertido en uno de los favoritos entre los amantes de la calidad y la eficiencia.<\/p>\n<h3>\u00bfPor qu\u00e9 elegir la Kirby Ultimate?<\/h3>\n<p>La Kirby Ultimate est\u00e1 equipada con un avanzado sistema de transmisi\u00f3n Tech Drive, que permite que la m\u00e1quina se mueva sin esfuerzo hacia adelante y hacia atr\u00e1s. Este sistema no solo facilita la limpieza, sino que tambi\u00e9n la hace m\u00e1s c\u00f3moda. Una diferencia importante con respecto a modelos anteriores como la Kirby G4 y la G5 es su dise\u00f1o m\u00e1s moderno y su mejor filtraci\u00f3n.<\/p>\n<p>Adem\u00e1s, la Kirby Ultimate ofrece un excelente sistema de filtrado HEPA. Esta tecnolog\u00eda retiene incluso las part\u00edculas de polvo m\u00e1s peque\u00f1as, lo que hace que el aparato sea ideal para personas con alergia al polvo o problemas respiratorios. El aire de la casa se vuelve notablemente m\u00e1s limpio, lo que mejora el clima interior.<\/p>\n<p>Aqu\u00ed encontrar\u00e1 m\u00e1s informaci\u00f3n sobre <a href=\"https:\/\/www.servicio-de-aspiradoras-kirby.es\/aspiradora-kirby\/\" target=\"_blank\" rel=\"noopener\">Todo lo que necesita saber sobre la potencia y la durabilidad de la aspiradora Kirby.<\/a><\/p>\n<h2>Eficiente y potente: ventajas de la Kirby Ultimate<\/h2>\n<p>El consumo energ\u00e9tico del Kirby Ultimate es sorprendentemente bajo. Con solo 600 vatios, esta aspiradora consume considerablemente menos energ\u00eda que los modelos convencionales. Esto no solo se traduce en una factura de electricidad m\u00e1s baja, sino que tambi\u00e9n convierte al Ultimate en una opci\u00f3n respetuosa con el medio ambiente.<\/p>\n<p>En cuanto al rendimiento, este aparato es conocido por su excelente potencia de succi\u00f3n y su larga vida \u00fatil. Muchos usuarios afirman que su aspiradora Kirby sigue funcionando perfectamente despu\u00e9s de a\u00f1os de uso intensivo. Esto hace que la inversi\u00f3n en una Kirby Ultimate sea muy rentable, sobre todo si se tiene en cuenta que el precio de venta original rondaba los 3000 \u20ac.<\/p>\n<p>Al adquirir una Kirby Ultimate revisada en taller a trav\u00e9s de nuestro servicio, puede ahorrar hasta un 80% respecto al precio original, haciendo que la alta calidad sea accesible para m\u00e1s personas.<\/p>\n<h2>Entrega completa con accesorios<\/h2>\n<p>Cuando decide comprar una Kirby Ultimate, recibe mucho m\u00e1s que una simple aspiradora. El suministro incluye de serie una caja de accesorios de 16 piezas, una boquilla ancha para limpiar alfombras y la bolsa para el polvo Kirby patentada con mango largo. Esta combinaci\u00f3n de accesorios le permite limpiar a fondo cualquier superficie, desde suelos y muebles hasta escaleras y colchones.<\/p>\n<p>Gracias a su dise\u00f1o modular, puede cambiar f\u00e1cilmente entre funciones, como aspirar, batir o incluso limpiar textiles y tapicer\u00edas.<\/p>\n<hr \/>\n<\/div><\/section><\/div>\n<style type=\"text\/css\" data-created_by=\"avia_inline_auto\" id=\"style-css-av-h6wus-36c739fdf94c10009643257da68601df\">\n.flex_column.av-h6wus-36c739fdf94c10009643257da68601df{\nborder-radius:0px 0px 0px 0px;\npadding:0px 0px 0px 0px;\n}\n<\/style>\n<div  class='flex_column av-h6wus-36c739fdf94c10009643257da68601df av_two_third  avia-builder-el-6  el_after_av_three_fifth  el_before_av_one_third  first flex_column_div av-zero-column-padding  '     ><section  class='av_textblock_section av-jn4jy9b7-65bd7d366831304636206fca2c942457 '   itemscope=\"itemscope\" itemtype=\"https:\/\/schema.org\/CreativeWork\" ><div class='avia_textblock'  itemprop=\"text\" ><hr \/>\n<h2>\u00bfQu\u00e9 significa \u201crevisado en taller\u201d en la Kirby Ultimate?\u00a0 \u00a0 \u00a0 <img decoding=\"async\" class=\"alignright wp-image-85976 size-square\" src=\"https:\/\/www.veltec.eu\/wp-content\/uploads\/2018\/09\/Kirby-refurbished-1-180x180.png\" alt=\"Comprar Kirby Ultimate\" width=\"180\" height=\"180\" srcset=\"https:\/\/www.veltec.eu\/wp-content\/uploads\/2018\/09\/Kirby-refurbished-1-180x180.png 180w, https:\/\/www.veltec.eu\/wp-content\/uploads\/2018\/09\/Kirby-refurbished-1-300x300.png 300w, https:\/\/www.veltec.eu\/wp-content\/uploads\/2018\/09\/Kirby-refurbished-1-80x80.png 80w, https:\/\/www.veltec.eu\/wp-content\/uploads\/2018\/09\/Kirby-refurbished-1-36x36.png 36w, https:\/\/www.veltec.eu\/wp-content\/uploads\/2018\/09\/Kirby-refurbished-1-120x120.png 120w, https:\/\/www.veltec.eu\/wp-content\/uploads\/2018\/09\/Kirby-refurbished-1-450x450.png 450w, https:\/\/www.veltec.eu\/wp-content\/uploads\/2018\/09\/Kirby-refurbished-1-600x600.png 600w, https:\/\/www.veltec.eu\/wp-content\/uploads\/2018\/09\/Kirby-refurbished-1-100x100.png 100w, https:\/\/www.veltec.eu\/wp-content\/uploads\/2018\/09\/Kirby-refurbished-1.png 626w\" sizes=\"(max-width: 180px) 100vw, 180px\" \/><\/h2>\n<p data-start=\"3421\" data-end=\"3735\">Todos los modelos de Kirby Ultimate que ofrecemos son importados desde el Reino Unido. Estas aspiradoras provienen de distribuidores oficiales de Kirby y se han utilizado principalmente para demostraciones. Aunque ya no vienen en su embalaje original, se encuentran en perfectas condiciones t\u00e9cnicas.<\/p>\n<p data-start=\"3737\" data-end=\"3937\">Al comprar en grandes vol\u00famenes, podemos mantener los precios atractivos. Cada Kirby Ultimate es revisada completamente en nuestro taller, donde se realiza una revisi\u00f3n t\u00e9cnica completa.<\/p>\n<h2>Revisi\u00f3n profesional de la Kirby Ultimate<\/h2>\n<p>Durante el proceso de revisi\u00f3n, se desmonta completamente el Kirby Ultimate. El motor el\u00e9ctrico se desmonta cuidadosamente y se limpian o sustituyen por separado piezas como la pala del rotor, el inducido, la bobina el\u00e9ctrica y el interruptor principal.<\/p>\n<p>A continuaci\u00f3n, se renuevan las escobillas de carb\u00f3n, se vuelve a afilar el inducido y se sustituyen los cojinetes delantero y trasero. Si es necesario, tambi\u00e9n se sustituyen la pala (hoja del rotor) y la luz delantera. Tras el montaje, cada Ultimate se somete a una prueba exhaustiva para garantizar su perfecto funcionamiento.<\/p>\n<p><a href=\"https:\/\/www.veltec.eu\/es\/modelo-kirby\/\" target=\"_blank\" rel=\"noopener\">Lea m\u00e1s sobre los diferentes modelos de aspiradoras Kirby aqu\u00ed.<\/a><\/p>\n<h3>Limpieza y revisi\u00f3n de la boquilla ancha<\/h3>\n<p>La boquilla ancha con cepillo, una pieza esencial del Kirby Ultimate, tambi\u00e9n se desmonta durante el servicio. Tanto el cepillo como el borde de goma se retiran, se limpian o se renuevan. La correa de transmisi\u00f3n tambi\u00e9n se sustituye de serie. De este modo, la boquilla vuelve a funcionar como nueva y garantiza una limpieza profunda de las alfombras.<\/p>\n<p>La Kirby Ultimate se entrega con caja de accesorios de 16 piezas, boquilla ancha y la bolsa exterior patentada Kirby con mango largo.<br data-start=\"5152\" data-end=\"5155\" \/>Ofrecemos 12 meses de garant\u00eda completa para todos los componentes del motor de la Ultimate.<\/p>\n<p><a href=\"https:\/\/www.veltec.eu\/es\/product\/kirby-ultimateg7-basico-nl3149\/\" target=\"_blank\" rel=\"noopener\">Usted puede ordenar la Kirby Ultimate(G7) B\u00e1sico en nuestra tienda online.<\/a><\/p>\n<hr \/>\n<\/div><\/section><\/div>\n<style type=\"text\/css\" data-created_by=\"avia_inline_auto\" id=\"style-css-av-xi0c-8e0e982ced5816440571f1063c11e631\">\n.flex_column.av-xi0c-8e0e982ced5816440571f1063c11e631{\nborder-radius:0px 0px 0px 0px;\npadding:0px 0px 0px 0px;\n}\n<\/style>\n<div  class='flex_column av-xi0c-8e0e982ced5816440571f1063c11e631 av_one_third  avia-builder-el-8  el_after_av_two_third  avia-builder-el-last  flex_column_div av-zero-column-padding  '     ><p>\n<style type=\"text\/css\" data-created_by=\"avia_inline_auto\" id=\"style-css-av-jn4jurct-767839a8a45f787e8b13367d75371270\">\n.avia-image-container.av-jn4jurct-767839a8a45f787e8b13367d75371270 img.avia_image{\nbox-shadow:none;\n}\n.avia-image-container.av-jn4jurct-767839a8a45f787e8b13367d75371270 .av-image-caption-overlay-center{\ncolor:#ffffff;\n}\n<\/style>\n<div  class='avia-image-container av-jn4jurct-767839a8a45f787e8b13367d75371270 av-styling- avia-align-center  avia-builder-el-9  el_before_av_slideshow  avia-builder-el-first '   itemprop=\"image\" itemscope=\"itemscope\" itemtype=\"https:\/\/schema.org\/ImageObject\" ><div class=\"avia-image-container-inner\"><div class=\"avia-image-overlay-wrap\"><img decoding=\"async\" fetchpriority=\"high\" class='wp-image-1796 avia-img-lazy-loading-not-1796 avia_image ' src=\"https:\/\/www.veltec.eu\/wp-content\/uploads\/2018\/09\/Onderdelen-Kirby.jpg\" alt='Comprar Kirby Ultimate' title='Onderdelen Kirby'  height=\"338\" width=\"473\"  itemprop=\"thumbnailUrl\" srcset=\"https:\/\/www.veltec.eu\/wp-content\/uploads\/2018\/09\/Onderdelen-Kirby.jpg 473w, https:\/\/www.veltec.eu\/wp-content\/uploads\/2018\/09\/Onderdelen-Kirby-300x214.jpg 300w, https:\/\/www.veltec.eu\/wp-content\/uploads\/2018\/09\/Onderdelen-Kirby-260x185.jpg 260w\" sizes=\"(max-width: 473px) 100vw, 473px\" \/><\/div><\/div><\/div><br \/>\n<div  class='avia-slideshow av-jn4k3gki-c4c52b680e5e4b5175d59f6e5e7fda12 avia-slideshow-featured av_slideshow avia-fade-slider  avia-builder-el-10  el_after_av_image  avia-builder-el-last  av-slideshow-ui av-control-default av-slideshow-autoplay av-loop-endless av-loop-manual-endless av-default-height-applied avia-slideshow-1' data-slideshow-options=\"{&quot;animation&quot;:&quot;fade&quot;,&quot;autoplay&quot;:true,&quot;loop_autoplay&quot;:&quot;endless&quot;,&quot;interval&quot;:2,&quot;loop_manual&quot;:&quot;manual-endless&quot;,&quot;autoplay_stopper&quot;:false,&quot;noNavigation&quot;:false,&quot;bg_slider&quot;:false,&quot;keep_padding&quot;:false,&quot;hoverpause&quot;:false,&quot;show_slide_delay&quot;:0}\"  itemprop=\"image\" itemscope=\"itemscope\" itemtype=\"https:\/\/schema.org\/ImageObject\" ><ul class='avia-slideshow-inner ' style='padding-bottom: 66.666666666667%;'><li  class='avia-slideshow-slide av-jn4k3gki-c4c52b680e5e4b5175d59f6e5e7fda12__0  slide-1 slide-odd'><div data-rel='slideshow-1' class='avia-slide-wrap '   ><img decoding=\"async\" fetchpriority=\"high\" class=\"wp-image-1781 avia-img-lazy-loading-not-1781\"  src=\"https:\/\/www.veltec.eu\/wp-content\/uploads\/2018\/09\/Before-Flitz-polish-2.jpg\" width=\"300\" height=\"200\" title='Before Flitz polish 2' alt='Before Flitz polish'  itemprop=\"thumbnailUrl\"   \/><\/div><\/li><li  class='avia-slideshow-slide av-jn4k3gki-c4c52b680e5e4b5175d59f6e5e7fda12__1  slide-2 slide-even'><div data-rel='slideshow-1' class='avia-slide-wrap '   ><img decoding=\"async\" fetchpriority=\"high\" class=\"wp-image-1786 avia-img-lazy-loading-not-1786\"  src=\"https:\/\/www.veltec.eu\/wp-content\/uploads\/2018\/09\/Afther-Flitz-Polish-2.jpg\" width=\"300\" height=\"200\" title='Afther Flitz Polish 2' alt='Afther Flitz Polish'  itemprop=\"thumbnailUrl\"   \/><\/div><\/li><li  class='avia-slideshow-slide av-jn4k3gki-c4c52b680e5e4b5175d59f6e5e7fda12__2  slide-3 slide-odd'><div data-rel='slideshow-1' class='avia-slide-wrap '   ><img decoding=\"async\" fetchpriority=\"high\" class=\"wp-image-1771 avia-img-lazy-loading-not-1771\"  src=\"https:\/\/www.veltec.eu\/wp-content\/uploads\/2018\/09\/Before-Flitz-polish-1.jpg\" width=\"300\" height=\"200\" title='Before Flitz polish 1' alt='Before Flitz polish'  itemprop=\"thumbnailUrl\"   \/><\/div><\/li><li  class='avia-slideshow-slide av-jn4k3gki-c4c52b680e5e4b5175d59f6e5e7fda12__3  slide-4 slide-even'><div data-rel='slideshow-1' class='avia-slide-wrap '   ><img decoding=\"async\" fetchpriority=\"high\" class=\"wp-image-1776 avia-img-lazy-loading-not-1776\"  src=\"https:\/\/www.veltec.eu\/wp-content\/uploads\/2018\/09\/Afther-Flitz-Polish-1.jpg\" width=\"300\" height=\"200\" title='Afther Flitz Polish 1' alt='Afther Flitz Polish'  itemprop=\"thumbnailUrl\"   \/><\/div><\/li><\/ul><div class='avia-slideshow-arrows avia-slideshow-controls' ><a href='#prev' class='prev-slide  avia-svg-icon avia-font-svg_entypo-fontello' data-av_svg_icon='left-open-big' data-av_iconset='svg_entypo-fontello' tabindex='-1' title=\"Anterior\"><svg version=\"1.1\" xmlns=\"http:\/\/www.w3.org\/2000\/svg\" width=\"15\" height=\"32\" viewBox=\"0 0 15 32\" preserveAspectRatio=\"xMidYMid meet\" aria-labelledby='av-svg-title-1' aria-describedby='av-svg-desc-1' role=\"graphics-symbol\" aria-hidden=\"true\">\n<title id='av-svg-title-1'>Anterior<\/title>\n<desc id='av-svg-desc-1'>Anterior<\/desc>\n<path d=\"M14.464 27.84q0.832 0.832 0 1.536-0.832 0.832-1.536 0l-12.544-12.608q-0.768-0.768 0-1.6l12.544-12.608q0.704-0.832 1.536 0 0.832 0.704 0 1.536l-11.456 11.904z\"><\/path>\n<\/svg><span class='avia_hidden_link_text'>Anterior<\/span><\/a><a href='#next' class='next-slide  avia-svg-icon avia-font-svg_entypo-fontello' data-av_svg_icon='right-open-big' data-av_iconset='svg_entypo-fontello' tabindex='-1' title=\"Posterior\"><svg version=\"1.1\" xmlns=\"http:\/\/www.w3.org\/2000\/svg\" width=\"15\" height=\"32\" viewBox=\"0 0 15 32\" preserveAspectRatio=\"xMidYMid meet\" aria-labelledby='av-svg-title-2' aria-describedby='av-svg-desc-2' role=\"graphics-symbol\" aria-hidden=\"true\">\n<title id='av-svg-title-2'>Posterior<\/title>\n<desc id='av-svg-desc-2'>Posterior<\/desc>\n<path d=\"M0.416 27.84l11.456-11.84-11.456-11.904q-0.832-0.832 0-1.536 0.832-0.832 1.536 0l12.544 12.608q0.768 0.832 0 1.6l-12.544 12.608q-0.704 0.832-1.536 0-0.832-0.704 0-1.536z\"><\/path>\n<\/svg><span class='avia_hidden_link_text'>Posterior<\/span><\/a><\/div><div class='avia-slideshow-dots avia-slideshow-controls'><a href='#1' class='goto-slide active' >1<\/a><a href='#2' class='goto-slide ' >2<\/a><a href='#3' class='goto-slide ' >3<\/a><a href='#4' class='goto-slide ' >4<\/a><\/div><\/div><\/p><\/div><\/p>\n","protected":false},"excerpt":{"rendered":"","protected":false},"author":1,"featured_media":0,"parent":0,"menu_order":0,"comment_status":"closed","ping_status":"closed","template":"","meta":{"footnotes":""},"class_list":["post-5197","page","type-page","status-publish","hentry"],"yoast_head":"<!-- This site is optimized with the Yoast SEO Premium plugin v27.1 (Yoast SEO v27.2) - https:\/\/yoast.com\/product\/yoast-seo-premium-wordpress\/ -->\n<title>Comprar Kirby Ultimate | Revisado en taller con garant\u00eda<\/title>\n<meta name=\"description\" content=\"Comprar Kirby Ultimate: aspiradora revisada en taller, potente, con filtro HEPA y 12 meses de garant\u00eda. Incluye accesorios .\" \/>\n<meta name=\"robots\" content=\"index, follow, max-snippet:-1, max-image-preview:large, max-video-preview:-1\" \/>\n<link rel=\"canonical\" href=\"https:\/\/www.veltec.eu\/nl\/kirby-ultimate-kopen\/\" \/>\n<meta property=\"og:locale\" content=\"es_ES\" \/>\n<meta property=\"og:type\" content=\"article\" \/>\n<meta property=\"og:title\" content=\"Comprar Kirby Ultimate\" \/>\n<meta property=\"og:url\" content=\"https:\/\/www.veltec.eu\/nl\/kirby-ultimate-kopen\/\" \/>\n<meta property=\"og:site_name\" content=\"Veltec Kirby specialist\" \/>\n<meta property=\"article:publisher\" content=\"https:\/\/www.facebook.com\/Veltec-Kirby-Specialist-236746293374877\/\" \/>\n<meta property=\"article:modified_time\" content=\"2025-12-23T11:55:20+00:00\" \/>\n<meta property=\"og:image\" content=\"https:\/\/www.veltec.eu\/wp-content\/uploads\/2018\/09\/Kirby-refurbished-1-180x180.png\" \/>\n<meta name=\"twitter:card\" content=\"summary_large_image\" \/>\n<meta name=\"twitter:label1\" content=\"Tiempo de lectura\" \/>\n\t<meta name=\"twitter:data1\" content=\"6 minutos\" \/>\n<script type=\"application\/ld+json\" class=\"yoast-schema-graph\">{\"@context\":\"https:\/\/schema.org\",\"@graph\":[{\"@type\":\"WebPage\",\"@id\":\"https:\/\/www.veltec.eu\/nl\/kirby-ultimate-kopen\/\",\"url\":\"https:\/\/www.veltec.eu\/nl\/kirby-ultimate-kopen\/\",\"name\":\"Comprar Kirby Ultimate | Revisado en taller con garant\u00eda\",\"isPartOf\":{\"@id\":\"https:\/\/www.veltec.eu\/en\/#website\"},\"primaryImageOfPage\":{\"@id\":\"https:\/\/www.veltec.eu\/nl\/kirby-ultimate-kopen\/#primaryimage\"},\"image\":{\"@id\":\"https:\/\/www.veltec.eu\/nl\/kirby-ultimate-kopen\/#primaryimage\"},\"thumbnailUrl\":\"https:\/\/www.veltec.eu\/wp-content\/uploads\/2018\/09\/Kirby-refurbished-1-180x180.png\",\"datePublished\":\"2018-10-12T13:56:06+00:00\",\"dateModified\":\"2025-12-23T11:55:20+00:00\",\"description\":\"Comprar Kirby Ultimate: aspiradora revisada en taller, potente, con filtro HEPA y 12 meses de garant\u00eda. Incluye accesorios .\",\"breadcrumb\":{\"@id\":\"https:\/\/www.veltec.eu\/nl\/kirby-ultimate-kopen\/#breadcrumb\"},\"inLanguage\":\"es\",\"potentialAction\":[{\"@type\":\"ReadAction\",\"target\":[\"https:\/\/www.veltec.eu\/nl\/kirby-ultimate-kopen\/\"]}]},{\"@type\":\"ImageObject\",\"inLanguage\":\"es\",\"@id\":\"https:\/\/www.veltec.eu\/nl\/kirby-ultimate-kopen\/#primaryimage\",\"url\":\"https:\/\/www.veltec.eu\/wp-content\/uploads\/2018\/09\/Kirby-refurbished-1-180x180.png\",\"contentUrl\":\"https:\/\/www.veltec.eu\/wp-content\/uploads\/2018\/09\/Kirby-refurbished-1-180x180.png\"},{\"@type\":\"BreadcrumbList\",\"@id\":\"https:\/\/www.veltec.eu\/nl\/kirby-ultimate-kopen\/#breadcrumb\",\"itemListElement\":[{\"@type\":\"ListItem\",\"position\":1,\"name\":\"Home\",\"item\":\"https:\/\/www.veltec.eu\/es\/\"},{\"@type\":\"ListItem\",\"position\":2,\"name\":\"Comprar Kirby Ultimate\"}]},{\"@type\":\"WebSite\",\"@id\":\"https:\/\/www.veltec.eu\/en\/#website\",\"url\":\"https:\/\/www.veltec.eu\/en\/\",\"name\":\"Veltec Kirby specialist\",\"description\":\"Kirby stofzuiger producten\",\"publisher\":{\"@id\":\"https:\/\/www.veltec.eu\/en\/#organization\"},\"potentialAction\":[{\"@type\":\"SearchAction\",\"target\":{\"@type\":\"EntryPoint\",\"urlTemplate\":\"https:\/\/www.veltec.eu\/en\/?s={search_term_string}\"},\"query-input\":{\"@type\":\"PropertyValueSpecification\",\"valueRequired\":true,\"valueName\":\"search_term_string\"}}],\"inLanguage\":\"es\"},{\"@type\":\"Organization\",\"@id\":\"https:\/\/www.veltec.eu\/en\/#organization\",\"name\":\"Veltec Kirby Specialist\",\"url\":\"https:\/\/www.veltec.eu\/en\/\",\"logo\":{\"@type\":\"ImageObject\",\"inLanguage\":\"es\",\"@id\":\"https:\/\/www.veltec.eu\/en\/#\/schema\/logo\/image\/\",\"url\":\"https:\/\/www.veltec.eu\/wp-content\/uploads\/2021\/12\/Veltec-log-groot-e1537260889125.png\",\"contentUrl\":\"https:\/\/www.veltec.eu\/wp-content\/uploads\/2021\/12\/Veltec-log-groot-e1537260889125.png\",\"width\":200,\"height\":60,\"caption\":\"Veltec Kirby Specialist\"},\"image\":{\"@id\":\"https:\/\/www.veltec.eu\/en\/#\/schema\/logo\/image\/\"},\"sameAs\":[\"https:\/\/www.facebook.com\/Veltec-Kirby-Specialist-236746293374877\/\",\"https:\/\/www.youtube.com\/user\/VeltecService\"]}]}<\/script>\n<!-- \/ Yoast SEO Premium plugin. -->","yoast_head_json":{"title":"Comprar Kirby Ultimate | Revisado en taller con garant\u00eda","description":"Comprar Kirby Ultimate: aspiradora revisada en taller, potente, con filtro HEPA y 12 meses de garant\u00eda. Incluye accesorios .","robots":{"index":"index","follow":"follow","max-snippet":"max-snippet:-1","max-image-preview":"max-image-preview:large","max-video-preview":"max-video-preview:-1"},"canonical":"https:\/\/www.veltec.eu\/nl\/kirby-ultimate-kopen\/","og_locale":"es_ES","og_type":"article","og_title":"Comprar Kirby Ultimate","og_url":"https:\/\/www.veltec.eu\/nl\/kirby-ultimate-kopen\/","og_site_name":"Veltec Kirby specialist","article_publisher":"https:\/\/www.facebook.com\/Veltec-Kirby-Specialist-236746293374877\/","article_modified_time":"2025-12-23T11:55:20+00:00","og_image":[{"url":"https:\/\/www.veltec.eu\/wp-content\/uploads\/2018\/09\/Kirby-refurbished-1-180x180.png","type":"","width":"","height":""}],"twitter_card":"summary_large_image","twitter_misc":{"Tiempo de lectura":"6 minutos"},"schema":{"@context":"https:\/\/schema.org","@graph":[{"@type":"WebPage","@id":"https:\/\/www.veltec.eu\/nl\/kirby-ultimate-kopen\/","url":"https:\/\/www.veltec.eu\/nl\/kirby-ultimate-kopen\/","name":"Comprar Kirby Ultimate | Revisado en taller con garant\u00eda","isPartOf":{"@id":"https:\/\/www.veltec.eu\/en\/#website"},"primaryImageOfPage":{"@id":"https:\/\/www.veltec.eu\/nl\/kirby-ultimate-kopen\/#primaryimage"},"image":{"@id":"https:\/\/www.veltec.eu\/nl\/kirby-ultimate-kopen\/#primaryimage"},"thumbnailUrl":"https:\/\/www.veltec.eu\/wp-content\/uploads\/2018\/09\/Kirby-refurbished-1-180x180.png","datePublished":"2018-10-12T13:56:06+00:00","dateModified":"2025-12-23T11:55:20+00:00","description":"Comprar Kirby Ultimate: aspiradora revisada en taller, potente, con filtro HEPA y 12 meses de garant\u00eda. Incluye accesorios .","breadcrumb":{"@id":"https:\/\/www.veltec.eu\/nl\/kirby-ultimate-kopen\/#breadcrumb"},"inLanguage":"es","potentialAction":[{"@type":"ReadAction","target":["https:\/\/www.veltec.eu\/nl\/kirby-ultimate-kopen\/"]}]},{"@type":"ImageObject","inLanguage":"es","@id":"https:\/\/www.veltec.eu\/nl\/kirby-ultimate-kopen\/#primaryimage","url":"https:\/\/www.veltec.eu\/wp-content\/uploads\/2018\/09\/Kirby-refurbished-1-180x180.png","contentUrl":"https:\/\/www.veltec.eu\/wp-content\/uploads\/2018\/09\/Kirby-refurbished-1-180x180.png"},{"@type":"BreadcrumbList","@id":"https:\/\/www.veltec.eu\/nl\/kirby-ultimate-kopen\/#breadcrumb","itemListElement":[{"@type":"ListItem","position":1,"name":"Home","item":"https:\/\/www.veltec.eu\/es\/"},{"@type":"ListItem","position":2,"name":"Comprar Kirby Ultimate"}]},{"@type":"WebSite","@id":"https:\/\/www.veltec.eu\/en\/#website","url":"https:\/\/www.veltec.eu\/en\/","name":"Veltec Kirby specialist","description":"Kirby stofzuiger producten","publisher":{"@id":"https:\/\/www.veltec.eu\/en\/#organization"},"potentialAction":[{"@type":"SearchAction","target":{"@type":"EntryPoint","urlTemplate":"https:\/\/www.veltec.eu\/en\/?s={search_term_string}"},"query-input":{"@type":"PropertyValueSpecification","valueRequired":true,"valueName":"search_term_string"}}],"inLanguage":"es"},{"@type":"Organization","@id":"https:\/\/www.veltec.eu\/en\/#organization","name":"Veltec Kirby Specialist","url":"https:\/\/www.veltec.eu\/en\/","logo":{"@type":"ImageObject","inLanguage":"es","@id":"https:\/\/www.veltec.eu\/en\/#\/schema\/logo\/image\/","url":"https:\/\/www.veltec.eu\/wp-content\/uploads\/2021\/12\/Veltec-log-groot-e1537260889125.png","contentUrl":"https:\/\/www.veltec.eu\/wp-content\/uploads\/2021\/12\/Veltec-log-groot-e1537260889125.png","width":200,"height":60,"caption":"Veltec Kirby Specialist"},"image":{"@id":"https:\/\/www.veltec.eu\/en\/#\/schema\/logo\/image\/"},"sameAs":["https:\/\/www.facebook.com\/Veltec-Kirby-Specialist-236746293374877\/","https:\/\/www.youtube.com\/user\/VeltecService"]}]}},"_links":{"self":[{"href":"https:\/\/www.veltec.eu\/es\/wp-json\/wp\/v2\/pages\/5197","targetHints":{"allow":["GET"]}}],"collection":[{"href":"https:\/\/www.veltec.eu\/es\/wp-json\/wp\/v2\/pages"}],"about":[{"href":"https:\/\/www.veltec.eu\/es\/wp-json\/wp\/v2\/types\/page"}],"author":[{"embeddable":true,"href":"https:\/\/www.veltec.eu\/es\/wp-json\/wp\/v2\/users\/1"}],"replies":[{"embeddable":true,"href":"https:\/\/www.veltec.eu\/es\/wp-json\/wp\/v2\/comments?post=5197"}],"version-history":[{"count":7,"href":"https:\/\/www.veltec.eu\/es\/wp-json\/wp\/v2\/pages\/5197\/revisions"}],"predecessor-version":[{"id":87281,"href":"https:\/\/www.veltec.eu\/es\/wp-json\/wp\/v2\/pages\/5197\/revisions\/87281"}],"wp:attachment":[{"href":"https:\/\/www.veltec.eu\/es\/wp-json\/wp\/v2\/media?parent=5197"}],"curies":[{"name":"wp","href":"https:\/\/api.w.org\/{rel}","templated":true}]}}