{"id":5176,"date":"2018-10-12T15:34:05","date_gmt":"2018-10-12T13:34:05","guid":{"rendered":"https:\/\/www.veltec.eu\/kirby-g6\/"},"modified":"2025-12-17T13:34:44","modified_gmt":"2025-12-17T11:34:44","slug":"comprar-kirby-g6","status":"publish","type":"page","link":"https:\/\/www.veltec.eu\/es\/comprar-kirby-g6\/","title":{"rendered":"Comprar Kirby G6"},"content":{"rendered":"\n<style type=\"text\/css\" data-created_by=\"avia_inline_auto\" id=\"style-css-av-1m17ev-33afe99811b948caf7905225f3aa25fb\">\n.flex_column.av-1m17ev-33afe99811b948caf7905225f3aa25fb{\nborder-radius:0px 0px 0px 0px;\npadding:0px 0px 0px 0px;\n}\n<\/style>\n<div  class='flex_column av-1m17ev-33afe99811b948caf7905225f3aa25fb av_one_full  avia-builder-el-0  el_before_av_two_fifth  avia-builder-el-first  first flex_column_div av-zero-column-padding  '     ><section  class='av_textblock_section av-jn4kbt2i-12e231b50f88f123e29c206738e935f7 '   itemscope=\"itemscope\" itemtype=\"https:\/\/schema.org\/CreativeWork\" ><div class='avia_textblock'  itemprop=\"text\" ><div class=\"page-title\">\n<h1>Comprar Kirby G6<\/h1>\n<\/div>\n<div class=\"std\">\n<p>Elegir una aspiradora potente significa comprar una Kirby G6 revisada en taller, equipada con filtro HEPA, un juego completo de accesorios y 12 meses de garant\u00eda.<\/p>\n<\/div>\n<\/div><\/section><\/div>\n\n<style type=\"text\/css\" data-created_by=\"avia_inline_auto\" id=\"style-css-av-1f4j93-6dbf902e0c86f645b7abdef3823964f1\">\n.flex_column.av-1f4j93-6dbf902e0c86f645b7abdef3823964f1{\nborder-radius:0px 0px 0px 0px;\npadding:0px 0px 0px 0px;\n}\n<\/style>\n<div  class='flex_column av-1f4j93-6dbf902e0c86f645b7abdef3823964f1 av_two_fifth  avia-builder-el-2  el_after_av_one_full  el_before_av_three_fifth  first flex_column_div av-zero-column-padding  column-top-margin'     ><style type=\"text\/css\" data-created_by=\"avia_inline_auto\" id=\"style-css-av-jn4kexpf-de1e0c6164cda45328ca361f68b9b502\">\n.avia-image-container.av-jn4kexpf-de1e0c6164cda45328ca361f68b9b502 img.avia_image{\nbox-shadow:none;\n}\n.avia-image-container.av-jn4kexpf-de1e0c6164cda45328ca361f68b9b502 .av-image-caption-overlay-center{\ncolor:#ffffff;\n}\n<\/style>\n<div  class='avia-image-container av-jn4kexpf-de1e0c6164cda45328ca361f68b9b502 av-styling- avia-align-center  avia-builder-el-3  avia-builder-el-no-sibling '   itemprop=\"image\" itemscope=\"itemscope\" itemtype=\"https:\/\/schema.org\/ImageObject\" ><div class=\"avia-image-container-inner\"><div class=\"avia-image-overlay-wrap\"><img decoding=\"async\" fetchpriority=\"high\" class='wp-image-4909 avia-img-lazy-loading-not-4909 avia_image ' src=\"https:\/\/www.veltec.eu\/wp-content\/uploads\/2018\/10\/kirby_g6.jpg\" alt='Kirby g6 compleet' title='Kirby G6 Aspiradora'  height=\"594\" width=\"515\"  itemprop=\"thumbnailUrl\" srcset=\"https:\/\/www.veltec.eu\/wp-content\/uploads\/2018\/10\/kirby_g6.jpg 515w, https:\/\/www.veltec.eu\/wp-content\/uploads\/2018\/10\/kirby_g6-260x300.jpg 260w\" sizes=\"(max-width: 515px) 100vw, 515px\" \/><\/div><\/div><\/div><\/div>\n\n<style type=\"text\/css\" data-created_by=\"avia_inline_auto\" id=\"style-css-av-191jrj-807d66fb4eb0be7ca62cf983928acc7c\">\n.flex_column.av-191jrj-807d66fb4eb0be7ca62cf983928acc7c{\nborder-radius:0px 0px 0px 0px;\npadding:0px 0px 0px 0px;\n}\n<\/style>\n<div  class='flex_column av-191jrj-807d66fb4eb0be7ca62cf983928acc7c av_three_fifth  avia-builder-el-4  el_after_av_two_fifth  el_before_av_two_third  flex_column_div av-zero-column-padding  column-top-margin'     ><section  class='av_textblock_section av-jn4kcz7i-e6c682ce0cc3e5343469a17ed67ae328 '   itemscope=\"itemscope\" itemtype=\"https:\/\/schema.org\/CreativeWork\" ><div class='avia_textblock'  itemprop=\"text\" ><h2>Comprar Kirby G6 \u2013 Aspiradora revisada en taller con servicio premium<\/h2>\n<h3>\u00bfPor qu\u00e9 elegir la aspiradora Kirby G6?<\/h3>\n<p>\u00bfBusca una aspiradora fiable y potente con un rendimiento excelente? Entonces, comprar la Kirby G6 es una elecci\u00f3n inteligente. Este modelo, conocido oficialmente como Kirby Generation 6, se fabric\u00f3 entre 1999 y 2002. El Kirby G6 es un sucesor avanzado del Kirby G5 y ofrece varias mejoras t\u00e9cnicas. Por ejemplo, este modelo cuenta con el conocido sistema de transmisi\u00f3n Tech Drive, que le permite avanzar y retroceder sin esfuerzo mientras aspira.<\/p>\n<p>Adem\u00e1s, Kirby ha optimizado el flujo de aire en el G6. Esto se traduce en una mayor potencia de succi\u00f3n y menos ruido durante el uso. Gracias a estas innovaciones, aspirar con el Kirby G6 no solo es m\u00e1s eficiente, sino tambi\u00e9n m\u00e1s agradable.<\/p>\n<p>Encuentre aqu\u00ed m\u00e1s informaci\u00f3n sobre <a href=\"https:\/\/www.servicio-de-aspiradoras-kirby.es\/aspiradora-kirby\/\" target=\"_blank\" rel=\"noopener\">Todo lo que necesita saber sobre la potencia y la durabilidad de la aspiradora Kirby.<\/a><\/p>\n<h3>Filtraci\u00f3n HEPA para un ambiente interior m\u00e1s saludable.<\/h3>\n<p>Una ventaja importante del Kirby G6 es su avanzado sistema de filtrado HEPA. A diferencia de muchas aspiradoras est\u00e1ndar, este sistema tambi\u00e9n captura las part\u00edculas de polvo m\u00e1s peque\u00f1as. Esto mejora notablemente la calidad del aire en el hogar. Por lo tanto, el Kirby G6 es una excelente opci\u00f3n para las personas con alergias o problemas respiratorios.<\/p>\n<p>Adem\u00e1s de su \u00f3ptima filtraci\u00f3n, este modelo se distingue por su bajo consumo energ\u00e9tico. Con un consumo de solo 600 vatios, el Kirby G6 es considerablemente m\u00e1s econ\u00f3mico que la aspiradora media. Esto no solo contribuye a la sostenibilidad, sino que tambi\u00e9n reduce la factura energ\u00e9tica.<\/p>\n<hr \/>\n<\/div><\/section><\/div>\n<style type=\"text\/css\" data-created_by=\"avia_inline_auto\" id=\"style-css-av-10zfbj-f221b7e20fd7287a30f6d0a551826b99\">\n.flex_column.av-10zfbj-f221b7e20fd7287a30f6d0a551826b99{\nborder-radius:0px 0px 0px 0px;\npadding:0px 0px 0px 0px;\n}\n<\/style>\n<div  class='flex_column av-10zfbj-f221b7e20fd7287a30f6d0a551826b99 av_two_third  avia-builder-el-6  el_after_av_three_fifth  el_before_av_one_third  first flex_column_div av-zero-column-padding  '     ><section  class='av_textblock_section av-jn4khrl3-14829d7c4588c08d8ffea0119a859525 '   itemscope=\"itemscope\" itemtype=\"https:\/\/schema.org\/CreativeWork\" ><div class='avia_textblock'  itemprop=\"text\" ><hr \/>\n<h2>Kirby G6 revisado en taller \u2013 Comprobado y profesionalmente restaurado\u00a0 \u00a0 \u00a0 \u00a0 \u00a0 \u00a0 \u00a0 \u00a0 \u00a0 \u00a0 \u00a0 \u00a0 \u00a0 \u00a0 \u00a0 \u00a0 \u00a0 <img decoding=\"async\" class=\"alignright wp-image-85976 size-square\" src=\"https:\/\/www.veltec.eu\/wp-content\/uploads\/2018\/09\/Kirby-refurbished-1-180x180.png\" alt=\"Comprar Kirby G6\" width=\"180\" height=\"180\" srcset=\"https:\/\/www.veltec.eu\/wp-content\/uploads\/2018\/09\/Kirby-refurbished-1-180x180.png 180w, https:\/\/www.veltec.eu\/wp-content\/uploads\/2018\/09\/Kirby-refurbished-1-300x300.png 300w, https:\/\/www.veltec.eu\/wp-content\/uploads\/2018\/09\/Kirby-refurbished-1-80x80.png 80w, https:\/\/www.veltec.eu\/wp-content\/uploads\/2018\/09\/Kirby-refurbished-1-36x36.png 36w, https:\/\/www.veltec.eu\/wp-content\/uploads\/2018\/09\/Kirby-refurbished-1-120x120.png 120w, https:\/\/www.veltec.eu\/wp-content\/uploads\/2018\/09\/Kirby-refurbished-1-450x450.png 450w, https:\/\/www.veltec.eu\/wp-content\/uploads\/2018\/09\/Kirby-refurbished-1-600x600.png 600w, https:\/\/www.veltec.eu\/wp-content\/uploads\/2018\/09\/Kirby-refurbished-1-100x100.png 100w, https:\/\/www.veltec.eu\/wp-content\/uploads\/2018\/09\/Kirby-refurbished-1.png 626w\" sizes=\"(max-width: 180px) 100vw, 180px\" \/><\/h2>\n<h3 data-start=\"2063\" data-end=\"2118\">\u00bfDe d\u00f3nde provienen nuestras aspiradoras Kirby G6?<\/h3>\n<p data-start=\"2119\" data-end=\"2448\">Nuestras aspiradoras revisadas en taller provienen de distribuidores brit\u00e1nicos que las utilizaron para demostraciones. Aunque ya no se encuentran en su embalaje original, se encuentran en excelente estado t\u00e9cnico. Gracias a nuestras compras en grandes vol\u00famenes, podemos mantener los precios bajos y garantizar alta calidad.<\/p>\n<h3 data-start=\"2450\" data-end=\"2518\">Revisado en taller, asequible y completamente equipado<\/h3>\n<p data-start=\"2519\" data-end=\"2840\">Para que el Kirby G6 sea accesible a un p\u00fablico m\u00e1s amplio, ofrecemos esta aspiradora revisada en taller a un precio competitivo. En muchos casos, este precio es hasta un 80% m\u00e1s bajo que el precio original. A pesar del precio reducido, ofrecemos un producto completamente reacondicionado y cuidadosamente comprobado.<\/p>\n<p data-start=\"2842\" data-end=\"3145\">Cada Kirby G6 revisado en taller se entrega con un set de accesorios de 16 piezas en una pr\u00e1ctica caja de almacenamiento. Este set incluye, entre otros, un cepillo de golpe ancho y la bolsa de polvo patentada de Kirby con mango largo. \u00a1Todo lo que necesita para una experiencia de limpieza completa!<\/p>\n<h3 data-start=\"3147\" data-end=\"3193\">\u00bfQu\u00e9 implica la restauraci\u00f3n del Kirby G6?<\/h3>\n<p data-start=\"3194\" data-end=\"3359\">Cada Kirby G6 se somete a un proceso completo en nuestro propio taller. Durante este proceso, el aparato recibe una inspecci\u00f3n intensiva y un mantenimiento completo:<\/p>\n<ul data-start=\"3361\" data-end=\"3788\">\n<li data-start=\"3361\" data-end=\"3401\">Desmontaje completo de la aspiradora<\/li>\n<li data-start=\"3402\" data-end=\"3472\">Retiro del motor el\u00e9ctrico, rotor, anclaje y interruptor principal<\/li>\n<li data-start=\"3473\" data-end=\"3514\">Limpieza profunda de todas las piezas<\/li>\n<li data-start=\"3515\" data-end=\"3612\">Sustituci\u00f3n de piezas desgastadas como escobillas de carb\u00f3n, rodamientos, rotor y luz frontal<\/li>\n<li data-start=\"3613\" data-end=\"3646\">Montaje y pruebas exhaustivas<\/li>\n<li data-start=\"3647\" data-end=\"3729\">Limpieza del cepillo de golpe, sustituci\u00f3n del cepillo y correa de transmisi\u00f3n<\/li>\n<li data-start=\"3730\" data-end=\"3788\">Pulido de la carcasa, dejando la aspiradora como nueva<\/li>\n<\/ul>\n<p data-start=\"3790\" data-end=\"4084\">La aspiradora se entrega con caja de almacenamiento de 16 piezas, que incluye el cepillo de golpe ancho y la bolsa de polvo patentada de Kirby con mango largo. Ofrecemos 12 meses de garant\u00eda completa sobre esta aspiradora. <a href=\"https:\/\/www.veltec.eu\/es\/product\/kirby-g6-basico-nl3148\/\" target=\"_blank\" rel=\"noopener\">Comprar Kirby G6 de manera econ\u00f3mica en nuestra tienda online.<\/a><\/p>\n<p data-start=\"4086\" data-end=\"4165\"><a href=\"https:\/\/www.veltec.eu\/es\/modelo-kirby\/\" target=\"_blank\" rel=\"noopener\">Vea aqu\u00ed m\u00e1s informaci\u00f3n sobre los diferentes modelos de aspiradoras Kirby<\/a><\/p>\n<\/div><\/section><\/div>\n<style type=\"text\/css\" data-created_by=\"avia_inline_auto\" id=\"style-css-av-vv2qv-a934e040467f9999223848f073c49270\">\n.flex_column.av-vv2qv-a934e040467f9999223848f073c49270{\nborder-radius:0px 0px 0px 0px;\npadding:0px 0px 0px 0px;\n}\n<\/style>\n<div  class='flex_column av-vv2qv-a934e040467f9999223848f073c49270 av_one_third  avia-builder-el-8  el_after_av_two_third  avia-builder-el-last  flex_column_div av-zero-column-padding  '     ><p>\n<style type=\"text\/css\" data-created_by=\"avia_inline_auto\" id=\"style-css-av-jn4ki417-2e5f961dea00cf7b3a482598b6dc8486\">\n.avia-image-container.av-jn4ki417-2e5f961dea00cf7b3a482598b6dc8486 img.avia_image{\nbox-shadow:none;\n}\n.avia-image-container.av-jn4ki417-2e5f961dea00cf7b3a482598b6dc8486 .av-image-caption-overlay-center{\ncolor:#ffffff;\n}\n<\/style>\n<div  class='avia-image-container av-jn4ki417-2e5f961dea00cf7b3a482598b6dc8486 av-styling- avia-align-center  avia-builder-el-9  el_before_av_slideshow  avia-builder-el-first '   itemprop=\"image\" itemscope=\"itemscope\" itemtype=\"https:\/\/schema.org\/ImageObject\" ><div class=\"avia-image-container-inner\"><div class=\"avia-image-overlay-wrap\"><img decoding=\"async\" fetchpriority=\"high\" class='wp-image-1796 avia-img-lazy-loading-not-1796 avia_image ' src=\"https:\/\/www.veltec.eu\/wp-content\/uploads\/2018\/09\/Onderdelen-Kirby.jpg\" alt='Comprar Kirby G6' title='Kirby G6 Aspiradora'  height=\"338\" width=\"473\"  itemprop=\"thumbnailUrl\" srcset=\"https:\/\/www.veltec.eu\/wp-content\/uploads\/2018\/09\/Onderdelen-Kirby.jpg 473w, https:\/\/www.veltec.eu\/wp-content\/uploads\/2018\/09\/Onderdelen-Kirby-300x214.jpg 300w, https:\/\/www.veltec.eu\/wp-content\/uploads\/2018\/09\/Onderdelen-Kirby-260x185.jpg 260w\" sizes=\"(max-width: 473px) 100vw, 473px\" \/><\/div><\/div><\/div><br \/>\n<div  class='avia-slideshow av-jn4kixdc-e0f66da995451088ade3364359761cc5 avia-slideshow-featured av_slideshow avia-fade-slider  avia-builder-el-10  el_after_av_image  avia-builder-el-last  av-slideshow-ui av-control-default av-slideshow-autoplay av-loop-endless av-loop-manual-endless av-default-height-applied avia-slideshow-1' data-slideshow-options=\"{&quot;animation&quot;:&quot;fade&quot;,&quot;autoplay&quot;:true,&quot;loop_autoplay&quot;:&quot;endless&quot;,&quot;interval&quot;:2,&quot;loop_manual&quot;:&quot;manual-endless&quot;,&quot;autoplay_stopper&quot;:false,&quot;noNavigation&quot;:false,&quot;bg_slider&quot;:false,&quot;keep_padding&quot;:false,&quot;hoverpause&quot;:false,&quot;show_slide_delay&quot;:0}\"  itemprop=\"image\" itemscope=\"itemscope\" itemtype=\"https:\/\/schema.org\/ImageObject\" ><ul class='avia-slideshow-inner ' style='padding-bottom: 66.666666666667%;'><li  class='avia-slideshow-slide av-jn4kixdc-e0f66da995451088ade3364359761cc5__0  slide-1 slide-odd'><div data-rel='slideshow-1' class='avia-slide-wrap '   ><img decoding=\"async\" fetchpriority=\"high\" class=\"wp-image-1781 avia-img-lazy-loading-not-1781\"  src=\"https:\/\/www.veltec.eu\/wp-content\/uploads\/2018\/09\/Before-Flitz-polish-2.jpg\" width=\"300\" height=\"200\" title='Before Flitz polish 2' alt='Before Flitz polish'  itemprop=\"thumbnailUrl\"   \/><\/div><\/li><li  class='avia-slideshow-slide av-jn4kixdc-e0f66da995451088ade3364359761cc5__1  slide-2 slide-even'><div data-rel='slideshow-1' class='avia-slide-wrap '   ><img decoding=\"async\" fetchpriority=\"high\" class=\"wp-image-1786 avia-img-lazy-loading-not-1786\"  src=\"https:\/\/www.veltec.eu\/wp-content\/uploads\/2018\/09\/Afther-Flitz-Polish-2.jpg\" width=\"300\" height=\"200\" title='Afther Flitz Polish 2' alt='Afther Flitz Polish'  itemprop=\"thumbnailUrl\"   \/><\/div><\/li><li  class='avia-slideshow-slide av-jn4kixdc-e0f66da995451088ade3364359761cc5__2  slide-3 slide-odd'><div data-rel='slideshow-1' class='avia-slide-wrap '   ><img decoding=\"async\" fetchpriority=\"high\" class=\"wp-image-1771 avia-img-lazy-loading-not-1771\"  src=\"https:\/\/www.veltec.eu\/wp-content\/uploads\/2018\/09\/Before-Flitz-polish-1.jpg\" width=\"300\" height=\"200\" title='Before Flitz polish 1' alt='Before Flitz polish'  itemprop=\"thumbnailUrl\"   \/><\/div><\/li><li  class='avia-slideshow-slide av-jn4kixdc-e0f66da995451088ade3364359761cc5__3  slide-4 slide-even'><div data-rel='slideshow-1' class='avia-slide-wrap '   ><img decoding=\"async\" fetchpriority=\"high\" class=\"wp-image-1776 avia-img-lazy-loading-not-1776\"  src=\"https:\/\/www.veltec.eu\/wp-content\/uploads\/2018\/09\/Afther-Flitz-Polish-1.jpg\" width=\"300\" height=\"200\" title='Afther Flitz Polish 1' alt='Afther Flitz Polish'  itemprop=\"thumbnailUrl\"   \/><\/div><\/li><\/ul><div class='avia-slideshow-arrows avia-slideshow-controls' ><a href='#prev' class='prev-slide  avia-svg-icon avia-font-svg_entypo-fontello' data-av_svg_icon='left-open-big' data-av_iconset='svg_entypo-fontello' tabindex='-1' title=\"Anterior\"><svg version=\"1.1\" xmlns=\"http:\/\/www.w3.org\/2000\/svg\" width=\"15\" height=\"32\" viewBox=\"0 0 15 32\" preserveAspectRatio=\"xMidYMid meet\" aria-labelledby='av-svg-title-1' aria-describedby='av-svg-desc-1' role=\"graphics-symbol\" aria-hidden=\"true\">\n<title id='av-svg-title-1'>Anterior<\/title>\n<desc id='av-svg-desc-1'>Anterior<\/desc>\n<path d=\"M14.464 27.84q0.832 0.832 0 1.536-0.832 0.832-1.536 0l-12.544-12.608q-0.768-0.768 0-1.6l12.544-12.608q0.704-0.832 1.536 0 0.832 0.704 0 1.536l-11.456 11.904z\"><\/path>\n<\/svg><span class='avia_hidden_link_text'>Anterior<\/span><\/a><a href='#next' class='next-slide  avia-svg-icon avia-font-svg_entypo-fontello' data-av_svg_icon='right-open-big' data-av_iconset='svg_entypo-fontello' tabindex='-1' title=\"Posterior\"><svg version=\"1.1\" xmlns=\"http:\/\/www.w3.org\/2000\/svg\" width=\"15\" height=\"32\" viewBox=\"0 0 15 32\" preserveAspectRatio=\"xMidYMid meet\" aria-labelledby='av-svg-title-2' aria-describedby='av-svg-desc-2' role=\"graphics-symbol\" aria-hidden=\"true\">\n<title id='av-svg-title-2'>Posterior<\/title>\n<desc id='av-svg-desc-2'>Posterior<\/desc>\n<path d=\"M0.416 27.84l11.456-11.84-11.456-11.904q-0.832-0.832 0-1.536 0.832-0.832 1.536 0l12.544 12.608q0.768 0.832 0 1.6l-12.544 12.608q-0.704 0.832-1.536 0-0.832-0.704 0-1.536z\"><\/path>\n<\/svg><span class='avia_hidden_link_text'>Posterior<\/span><\/a><\/div><div class='avia-slideshow-dots avia-slideshow-controls'><a href='#1' class='goto-slide active' >1<\/a><a href='#2' class='goto-slide ' >2<\/a><a href='#3' class='goto-slide ' >3<\/a><a href='#4' class='goto-slide ' >4<\/a><\/div><\/div><\/p><\/div><\/p>\n","protected":false},"excerpt":{"rendered":"","protected":false},"author":1,"featured_media":0,"parent":0,"menu_order":0,"comment_status":"closed","ping_status":"closed","template":"","meta":{"_acf_changed":false,"footnotes":""},"class_list":["post-5176","page","type-page","status-publish","hentry"],"acf":[],"yoast_head":"<!-- This site is optimized with the Yoast SEO Premium plugin v27.1 (Yoast SEO v27.5) - https:\/\/yoast.com\/product\/yoast-seo-premium-wordpress\/ -->\n<title>Comprar Kirby G6 \u2013 Aspiradora potente y revisada en taller<\/title>\n<meta name=\"description\" content=\"Comprar el Kirby G6 revisado en taller con HEPA, set de 16 accesorios y 12 meses de garant\u00eda. Potente, eficiente y confiable para tu hogar.\" \/>\n<meta name=\"robots\" content=\"index, follow, max-snippet:-1, max-image-preview:large, max-video-preview:-1\" \/>\n<link rel=\"canonical\" href=\"https:\/\/www.veltec.eu\/nl\/kirby-g6-kopen\/\" \/>\n<meta property=\"og:locale\" content=\"es_ES\" \/>\n<meta property=\"og:type\" content=\"article\" \/>\n<meta property=\"og:title\" content=\"Comprar Kirby G6\" \/>\n<meta property=\"og:url\" content=\"https:\/\/www.veltec.eu\/nl\/kirby-g6-kopen\/\" \/>\n<meta property=\"og:site_name\" content=\"Veltec Kirby specialist\" \/>\n<meta property=\"article:publisher\" content=\"https:\/\/www.facebook.com\/Veltec-Kirby-Specialist-236746293374877\/\" \/>\n<meta property=\"article:modified_time\" content=\"2025-12-17T11:34:44+00:00\" \/>\n<meta property=\"og:image\" content=\"https:\/\/www.veltec.eu\/wp-content\/uploads\/2018\/09\/Kirby-refurbished-1-180x180.png\" \/>\n<meta name=\"twitter:card\" content=\"summary_large_image\" \/>\n<meta name=\"twitter:label1\" content=\"Tiempo de lectura\" \/>\n\t<meta name=\"twitter:data1\" content=\"5 minutos\" \/>\n<script type=\"application\/ld+json\" class=\"yoast-schema-graph\">{\"@context\":\"https:\\\/\\\/schema.org\",\"@graph\":[{\"@type\":\"WebPage\",\"@id\":\"https:\\\/\\\/www.veltec.eu\\\/nl\\\/kirby-g6-kopen\\\/\",\"url\":\"https:\\\/\\\/www.veltec.eu\\\/nl\\\/kirby-g6-kopen\\\/\",\"name\":\"Comprar Kirby G6 \u2013 Aspiradora potente y revisada en taller\",\"isPartOf\":{\"@id\":\"https:\\\/\\\/www.veltec.eu\\\/en\\\/#website\"},\"primaryImageOfPage\":{\"@id\":\"https:\\\/\\\/www.veltec.eu\\\/nl\\\/kirby-g6-kopen\\\/#primaryimage\"},\"image\":{\"@id\":\"https:\\\/\\\/www.veltec.eu\\\/nl\\\/kirby-g6-kopen\\\/#primaryimage\"},\"thumbnailUrl\":\"https:\\\/\\\/www.veltec.eu\\\/wp-content\\\/uploads\\\/2018\\\/09\\\/Kirby-refurbished-1-180x180.png\",\"datePublished\":\"2018-10-12T13:34:05+00:00\",\"dateModified\":\"2025-12-17T11:34:44+00:00\",\"description\":\"Comprar el Kirby G6 revisado en taller con HEPA, set de 16 accesorios y 12 meses de garant\u00eda. Potente, eficiente y confiable para tu hogar.\",\"breadcrumb\":{\"@id\":\"https:\\\/\\\/www.veltec.eu\\\/nl\\\/kirby-g6-kopen\\\/#breadcrumb\"},\"inLanguage\":\"es\",\"potentialAction\":[{\"@type\":\"ReadAction\",\"target\":[\"https:\\\/\\\/www.veltec.eu\\\/nl\\\/kirby-g6-kopen\\\/\"]}]},{\"@type\":\"ImageObject\",\"inLanguage\":\"es\",\"@id\":\"https:\\\/\\\/www.veltec.eu\\\/nl\\\/kirby-g6-kopen\\\/#primaryimage\",\"url\":\"https:\\\/\\\/www.veltec.eu\\\/wp-content\\\/uploads\\\/2018\\\/09\\\/Kirby-refurbished-1-180x180.png\",\"contentUrl\":\"https:\\\/\\\/www.veltec.eu\\\/wp-content\\\/uploads\\\/2018\\\/09\\\/Kirby-refurbished-1-180x180.png\"},{\"@type\":\"BreadcrumbList\",\"@id\":\"https:\\\/\\\/www.veltec.eu\\\/nl\\\/kirby-g6-kopen\\\/#breadcrumb\",\"itemListElement\":[{\"@type\":\"ListItem\",\"position\":1,\"name\":\"Home\",\"item\":\"https:\\\/\\\/www.veltec.eu\\\/es\\\/pagina-de-inicio\\\/\"},{\"@type\":\"ListItem\",\"position\":2,\"name\":\"Comprar Kirby G6\"}]},{\"@type\":\"WebSite\",\"@id\":\"https:\\\/\\\/www.veltec.eu\\\/en\\\/#website\",\"url\":\"https:\\\/\\\/www.veltec.eu\\\/en\\\/\",\"name\":\"Veltec Kirby specialist\",\"description\":\"Kirby stofzuiger producten\",\"publisher\":{\"@id\":\"https:\\\/\\\/www.veltec.eu\\\/en\\\/#organization\"},\"potentialAction\":[{\"@type\":\"SearchAction\",\"target\":{\"@type\":\"EntryPoint\",\"urlTemplate\":\"https:\\\/\\\/www.veltec.eu\\\/en\\\/?s={search_term_string}\"},\"query-input\":{\"@type\":\"PropertyValueSpecification\",\"valueRequired\":true,\"valueName\":\"search_term_string\"}}],\"inLanguage\":\"es\"},{\"@type\":\"Organization\",\"@id\":\"https:\\\/\\\/www.veltec.eu\\\/en\\\/#organization\",\"name\":\"Veltec Kirby Specialist\",\"url\":\"https:\\\/\\\/www.veltec.eu\\\/en\\\/\",\"logo\":{\"@type\":\"ImageObject\",\"inLanguage\":\"es\",\"@id\":\"https:\\\/\\\/www.veltec.eu\\\/en\\\/#\\\/schema\\\/logo\\\/image\\\/\",\"url\":\"https:\\\/\\\/www.veltec.eu\\\/wp-content\\\/uploads\\\/2021\\\/12\\\/Veltec-log-groot-e1537260889125.png\",\"contentUrl\":\"https:\\\/\\\/www.veltec.eu\\\/wp-content\\\/uploads\\\/2021\\\/12\\\/Veltec-log-groot-e1537260889125.png\",\"width\":200,\"height\":60,\"caption\":\"Veltec Kirby Specialist\"},\"image\":{\"@id\":\"https:\\\/\\\/www.veltec.eu\\\/en\\\/#\\\/schema\\\/logo\\\/image\\\/\"},\"sameAs\":[\"https:\\\/\\\/www.facebook.com\\\/Veltec-Kirby-Specialist-236746293374877\\\/\",\"https:\\\/\\\/www.youtube.com\\\/user\\\/VeltecService\"]}]}<\/script>\n<!-- \/ Yoast SEO Premium plugin. -->","yoast_head_json":{"title":"Comprar Kirby G6 \u2013 Aspiradora potente y revisada en taller","description":"Comprar el Kirby G6 revisado en taller con HEPA, set de 16 accesorios y 12 meses de garant\u00eda. Potente, eficiente y confiable para tu hogar.","robots":{"index":"index","follow":"follow","max-snippet":"max-snippet:-1","max-image-preview":"max-image-preview:large","max-video-preview":"max-video-preview:-1"},"canonical":"https:\/\/www.veltec.eu\/nl\/kirby-g6-kopen\/","og_locale":"es_ES","og_type":"article","og_title":"Comprar Kirby G6","og_url":"https:\/\/www.veltec.eu\/nl\/kirby-g6-kopen\/","og_site_name":"Veltec Kirby specialist","article_publisher":"https:\/\/www.facebook.com\/Veltec-Kirby-Specialist-236746293374877\/","article_modified_time":"2025-12-17T11:34:44+00:00","og_image":[{"url":"https:\/\/www.veltec.eu\/wp-content\/uploads\/2018\/09\/Kirby-refurbished-1-180x180.png","type":"","width":"","height":""}],"twitter_card":"summary_large_image","twitter_misc":{"Tiempo de lectura":"5 minutos"},"schema":{"@context":"https:\/\/schema.org","@graph":[{"@type":"WebPage","@id":"https:\/\/www.veltec.eu\/nl\/kirby-g6-kopen\/","url":"https:\/\/www.veltec.eu\/nl\/kirby-g6-kopen\/","name":"Comprar Kirby G6 \u2013 Aspiradora potente y revisada en taller","isPartOf":{"@id":"https:\/\/www.veltec.eu\/en\/#website"},"primaryImageOfPage":{"@id":"https:\/\/www.veltec.eu\/nl\/kirby-g6-kopen\/#primaryimage"},"image":{"@id":"https:\/\/www.veltec.eu\/nl\/kirby-g6-kopen\/#primaryimage"},"thumbnailUrl":"https:\/\/www.veltec.eu\/wp-content\/uploads\/2018\/09\/Kirby-refurbished-1-180x180.png","datePublished":"2018-10-12T13:34:05+00:00","dateModified":"2025-12-17T11:34:44+00:00","description":"Comprar el Kirby G6 revisado en taller con HEPA, set de 16 accesorios y 12 meses de garant\u00eda. Potente, eficiente y confiable para tu hogar.","breadcrumb":{"@id":"https:\/\/www.veltec.eu\/nl\/kirby-g6-kopen\/#breadcrumb"},"inLanguage":"es","potentialAction":[{"@type":"ReadAction","target":["https:\/\/www.veltec.eu\/nl\/kirby-g6-kopen\/"]}]},{"@type":"ImageObject","inLanguage":"es","@id":"https:\/\/www.veltec.eu\/nl\/kirby-g6-kopen\/#primaryimage","url":"https:\/\/www.veltec.eu\/wp-content\/uploads\/2018\/09\/Kirby-refurbished-1-180x180.png","contentUrl":"https:\/\/www.veltec.eu\/wp-content\/uploads\/2018\/09\/Kirby-refurbished-1-180x180.png"},{"@type":"BreadcrumbList","@id":"https:\/\/www.veltec.eu\/nl\/kirby-g6-kopen\/#breadcrumb","itemListElement":[{"@type":"ListItem","position":1,"name":"Home","item":"https:\/\/www.veltec.eu\/es\/pagina-de-inicio\/"},{"@type":"ListItem","position":2,"name":"Comprar Kirby G6"}]},{"@type":"WebSite","@id":"https:\/\/www.veltec.eu\/en\/#website","url":"https:\/\/www.veltec.eu\/en\/","name":"Veltec Kirby specialist","description":"Kirby stofzuiger producten","publisher":{"@id":"https:\/\/www.veltec.eu\/en\/#organization"},"potentialAction":[{"@type":"SearchAction","target":{"@type":"EntryPoint","urlTemplate":"https:\/\/www.veltec.eu\/en\/?s={search_term_string}"},"query-input":{"@type":"PropertyValueSpecification","valueRequired":true,"valueName":"search_term_string"}}],"inLanguage":"es"},{"@type":"Organization","@id":"https:\/\/www.veltec.eu\/en\/#organization","name":"Veltec Kirby Specialist","url":"https:\/\/www.veltec.eu\/en\/","logo":{"@type":"ImageObject","inLanguage":"es","@id":"https:\/\/www.veltec.eu\/en\/#\/schema\/logo\/image\/","url":"https:\/\/www.veltec.eu\/wp-content\/uploads\/2021\/12\/Veltec-log-groot-e1537260889125.png","contentUrl":"https:\/\/www.veltec.eu\/wp-content\/uploads\/2021\/12\/Veltec-log-groot-e1537260889125.png","width":200,"height":60,"caption":"Veltec Kirby Specialist"},"image":{"@id":"https:\/\/www.veltec.eu\/en\/#\/schema\/logo\/image\/"},"sameAs":["https:\/\/www.facebook.com\/Veltec-Kirby-Specialist-236746293374877\/","https:\/\/www.youtube.com\/user\/VeltecService"]}]}},"_links":{"self":[{"href":"https:\/\/www.veltec.eu\/es\/wp-json\/wp\/v2\/pages\/5176","targetHints":{"allow":["GET"]}}],"collection":[{"href":"https:\/\/www.veltec.eu\/es\/wp-json\/wp\/v2\/pages"}],"about":[{"href":"https:\/\/www.veltec.eu\/es\/wp-json\/wp\/v2\/types\/page"}],"author":[{"embeddable":true,"href":"https:\/\/www.veltec.eu\/es\/wp-json\/wp\/v2\/users\/1"}],"replies":[{"embeddable":true,"href":"https:\/\/www.veltec.eu\/es\/wp-json\/wp\/v2\/comments?post=5176"}],"version-history":[{"count":8,"href":"https:\/\/www.veltec.eu\/es\/wp-json\/wp\/v2\/pages\/5176\/revisions"}],"predecessor-version":[{"id":87203,"href":"https:\/\/www.veltec.eu\/es\/wp-json\/wp\/v2\/pages\/5176\/revisions\/87203"}],"wp:attachment":[{"href":"https:\/\/www.veltec.eu\/es\/wp-json\/wp\/v2\/media?parent=5176"}],"curies":[{"name":"wp","href":"https:\/\/api.w.org\/{rel}","templated":true}]}}