{"id":45282,"date":"2022-01-10T13:44:28","date_gmt":"2022-01-10T11:44:28","guid":{"rendered":"https:\/\/www.veltec.eu\/kirby-nederland\/"},"modified":"2025-12-23T14:53:34","modified_gmt":"2025-12-23T12:53:34","slug":"kirby-espana","status":"publish","type":"page","link":"https:\/\/www.veltec.eu\/es\/kirby-espana\/","title":{"rendered":"Kirby Espa\u00f1a"},"content":{"rendered":"\n<style type=\"text\/css\" data-created_by=\"avia_inline_auto\" id=\"style-css-av-vedi-305b8b86727032f3ed0452aa9fa3cbc4\">\n.flex_column.av-vedi-305b8b86727032f3ed0452aa9fa3cbc4{\nborder-radius:0px 0px 0px 0px;\npadding:0px 0px 0px 0px;\n}\n<\/style>\n<div  class='flex_column av-vedi-305b8b86727032f3ed0452aa9fa3cbc4 av_one_full  avia-builder-el-0  el_before_av_two_fifth  avia-builder-el-first  first flex_column_div av-zero-column-padding  '     ><section  class='av_textblock_section av-jmby17c6-cab4d7a08811cbc31eae0a6b7ee91844 '   itemscope=\"itemscope\" itemtype=\"https:\/\/schema.org\/CreativeWork\" ><div class='avia_textblock'  itemprop=\"text\" ><h1>Kirby Espa\u00f1a &#8211; Venta y mantenimiento de aspiradoras Kirby<\/h1>\n<\/div><\/section><\/div>\n\n<style type=\"text\/css\" data-created_by=\"avia_inline_auto\" id=\"style-css-av-8x5pa-36a50ada888fdc2125691538afdf43f0\">\n.flex_column.av-8x5pa-36a50ada888fdc2125691538afdf43f0{\nborder-radius:0px 0px 0px 0px;\npadding:0px 0px 0px 0px;\n}\n<\/style>\n<div  class='flex_column av-8x5pa-36a50ada888fdc2125691538afdf43f0 av_two_fifth  avia-builder-el-2  el_after_av_one_full  el_before_av_three_fifth  first flex_column_div av-zero-column-padding  column-top-margin'     ><style type=\"text\/css\" data-created_by=\"avia_inline_auto\" id=\"style-css-av-jmbyg0k2-10ef97520ab23e6f3172dbe6983ac6d2\">\n.avia-image-container.av-jmbyg0k2-10ef97520ab23e6f3172dbe6983ac6d2 img.avia_image{\nbox-shadow:none;\n}\n.avia-image-container.av-jmbyg0k2-10ef97520ab23e6f3172dbe6983ac6d2 .av-image-caption-overlay-center{\ncolor:#ffffff;\n}\n<\/style>\n<div  class='avia-image-container av-jmbyg0k2-10ef97520ab23e6f3172dbe6983ac6d2 av-styling- avia-align-center  avia-builder-el-3  avia-builder-el-no-sibling '   itemprop=\"image\" itemscope=\"itemscope\" itemtype=\"https:\/\/schema.org\/ImageObject\" ><div class=\"avia-image-container-inner\"><div class=\"avia-image-overlay-wrap\"><img decoding=\"async\" fetchpriority=\"high\" class='wp-image-45339 avia-img-lazy-loading-not-45339 avia_image ' src=\"https:\/\/www.veltec.eu\/wp-content\/uploads\/2022\/01\/Kirby-Espan\u0303a-.png\" alt='' title='Kirby Nederland'  height=\"819\" width=\"1024\"  itemprop=\"thumbnailUrl\" srcset=\"https:\/\/www.veltec.eu\/wp-content\/uploads\/2022\/01\/Kirby-Espan\u0303a-.png 1024w, https:\/\/www.veltec.eu\/wp-content\/uploads\/2022\/01\/Kirby-Espan\u0303a--300x240.png 300w, https:\/\/www.veltec.eu\/wp-content\/uploads\/2022\/01\/Kirby-Espan\u0303a--768x614.png 768w, https:\/\/www.veltec.eu\/wp-content\/uploads\/2022\/01\/Kirby-Espan\u0303a--705x564.png 705w, https:\/\/www.veltec.eu\/wp-content\/uploads\/2022\/01\/Kirby-Espan\u0303a--600x480.png 600w\" sizes=\"(max-width: 1024px) 100vw, 1024px\" \/><\/div><\/div><\/div><\/div>\n\n<style type=\"text\/css\" data-created_by=\"avia_inline_auto\" id=\"style-css-av-aq7iu-1b87a7ec26f85512de677466925e0799\">\n.flex_column.av-aq7iu-1b87a7ec26f85512de677466925e0799{\nborder-radius:0px 0px 0px 0px;\npadding:0px 0px 0px 0px;\n}\n<\/style>\n<div  class='flex_column av-aq7iu-1b87a7ec26f85512de677466925e0799 av_three_fifth  avia-builder-el-4  el_after_av_two_fifth  avia-builder-el-last  flex_column_div av-zero-column-padding  column-top-margin'     ><section  class='av_textblock_section av-jmby2a5i-6259d29290d1c3ddf92065054c0417aa '   itemscope=\"itemscope\" itemtype=\"https:\/\/schema.org\/CreativeWork\" ><div class='avia_textblock'  itemprop=\"text\" ><h4>Veltec especialista en Kirby &#8211; Kirby Espa\u00f1a<\/h4>\n<p>La conocida aspiradora Kirby tambi\u00e9n est\u00e1 disponible en Espa\u00f1a.<br \/>\nLa famosa aspiradora Kirby tambi\u00e9n ha irrumpido en nuestro pa\u00eds y desde su llegada en 1989 se han vendido m\u00e1s de 200.000 Kirby. Veltec es el especialista en aspiradoras Kirby. Disponemos de m\u00e1s de 200 recambios originales Kirby en stock y si se piden hoy, se env\u00edan ma\u00f1ana.<\/p>\n<h4>S\u00f3lido y fiable<\/h4>\n<p>Veltec tiene m\u00e1s de 25 a\u00f1os de experiencia con los productos Kirby y est\u00e1 establecida en Andelst (Pa\u00edses Bajos) desde 1998. Gracias a nuestra independencia y a la importaci\u00f3n directa, podemos ofrecerle aspiradores Kirby mucho m\u00e1s baratos que a trav\u00e9s de un distribuidor. A menudo incluso hasta un 60% por debajo del precio nuevo. Entregamos todos los productos originales Kirby no s\u00f3lo en nuestro pa\u00eds, desde 2010 tambi\u00e9n entregamos en B\u00e9lgica, Alemania, Francia, Luxemburgo, Austria, Suiza, Italia, Espa\u00f1a y Portugal.<br \/>\nVeltec Kirby Espa\u00f1a es tambi\u00e9n el centro de servicio Kirby para todas las reparaciones y el mantenimiento.<br \/>\nPara las aspiradoras Kirby en los Pa\u00edses Bajos y B\u00e9lgica, consulte aqu\u00ed: Servicio Kirby.<\/p>\n<h4>Servicio Kirby directamente en su casa<\/h4>\n<p>Las reparaciones y servicios de Kirby se llevan a cabo simplemente en su casa despu\u00e9s de concertar una cita. Cuando su aspiradora Kirby tiene un defecto inesperado. O cuando quiera solicitar un servicio peri\u00f3dico de Kirby. Entonces iremos directamente a su casa despu\u00e9s de concertar una cita. As\u00ed que para nuestro <a href=\"https:\/\/www.veltec.eu\/es\/servicio-kirby-espana\/\">servicio Kirby<\/a> no necesita salir de su casa nunca m\u00e1s.<\/p>\n<h4>\u00bfPor qu\u00e9 una aspiradora Kirby?<\/h4>\n<p>Gracias a la inagotable potencia de succi\u00f3n y al modo profesional de limpieza, se eliminan por completo los pelos, las part\u00edculas de polvo e incluso los \u00e1caros del polvo dom\u00e9stico. Las reacciones al\u00e9rgicas pertenecen al pasado gracias a las aspiradoras Kirby. El uso de una aspiradora Kirby lo supera todo y garantiza que su casa y\/o sus locales comerciales est\u00e9n realmente limpios.<\/p>\n<h4>\u00bfQuiere saber m\u00e1s sobre las aspiradoras Kirby?<\/h4>\n<p>Por favor, consulte tambi\u00e9n nuestra tienda web para todos los productos que ofrecemos, como piezas de repuesto Kirby, bolsas para aspiradoras Kirby y accesorios.<br \/>\n\u00bfM\u00e1s informaci\u00f3n sobre Kirby? Ll\u00e1menos y estaremos encantados de ayudarle. Kirby Espa\u00f1a: 0031-(0)36 260 00 61<\/p>\n<p><a href=\"https:\/\/www.trustindex.io\/reviews\/www.veltec.eu?lang=es\">Lea c\u00f3mo nos valoran nuestros clientes <\/a><\/p>\n<h2><a href=\"https:\/\/www.veltec.eu\/es\/\">Ir directamente a la tienda web de Kirby &gt;&gt;<\/a><\/h2>\n<\/div><\/section><\/div>\n","protected":false},"excerpt":{"rendered":"","protected":false},"author":1,"featured_media":0,"parent":0,"menu_order":0,"comment_status":"closed","ping_status":"closed","template":"","meta":{"footnotes":""},"class_list":["post-45282","page","type-page","status-publish","hentry"],"yoast_head":"<!-- This site is optimized with the Yoast SEO Premium plugin v27.1 (Yoast SEO v27.3) - https:\/\/yoast.com\/product\/yoast-seo-premium-wordpress\/ -->\n<title>Kirby Espa\u00f1a | Servicio Kirby Espa\u00f1a - Veltec Kirby specialist<\/title>\n<meta name=\"description\" content=\"Veltec es el especialista en Kirby de Espa\u00f1a. Disponemos de una amplia gama de aspiradores y accesorios Kirby.\" \/>\n<meta name=\"robots\" content=\"index, follow, max-snippet:-1, max-image-preview:large, max-video-preview:-1\" \/>\n<link rel=\"canonical\" href=\"https:\/\/www.veltec.eu\/nl\/kirby-nederland\/\" \/>\n<meta property=\"og:locale\" content=\"es_ES\" \/>\n<meta property=\"og:type\" content=\"article\" \/>\n<meta property=\"og:title\" content=\"Kirby Espa\u00f1a\" \/>\n<meta property=\"og:url\" content=\"https:\/\/www.veltec.eu\/nl\/kirby-nederland\/\" \/>\n<meta property=\"og:site_name\" content=\"Veltec Kirby specialist\" \/>\n<meta property=\"article:publisher\" content=\"https:\/\/www.facebook.com\/Veltec-Kirby-Specialist-236746293374877\/\" \/>\n<meta property=\"article:modified_time\" content=\"2025-12-23T12:53:34+00:00\" \/>\n<meta name=\"twitter:card\" content=\"summary_large_image\" \/>\n<meta name=\"twitter:label1\" content=\"Tiempo de lectura\" \/>\n\t<meta name=\"twitter:data1\" content=\"3 minutos\" \/>\n<script type=\"application\/ld+json\" class=\"yoast-schema-graph\">{\"@context\":\"https:\\\/\\\/schema.org\",\"@graph\":[{\"@type\":\"WebPage\",\"@id\":\"https:\\\/\\\/www.veltec.eu\\\/nl\\\/kirby-nederland\\\/\",\"url\":\"https:\\\/\\\/www.veltec.eu\\\/nl\\\/kirby-nederland\\\/\",\"name\":\"Kirby Espa\u00f1a | Servicio Kirby Espa\u00f1a - Veltec Kirby specialist\",\"isPartOf\":{\"@id\":\"https:\\\/\\\/www.veltec.eu\\\/en\\\/#website\"},\"datePublished\":\"2022-01-10T11:44:28+00:00\",\"dateModified\":\"2025-12-23T12:53:34+00:00\",\"description\":\"Veltec es el especialista en Kirby de Espa\u00f1a. Disponemos de una amplia gama de aspiradores y accesorios Kirby.\",\"breadcrumb\":{\"@id\":\"https:\\\/\\\/www.veltec.eu\\\/nl\\\/kirby-nederland\\\/#breadcrumb\"},\"inLanguage\":\"es\",\"potentialAction\":[{\"@type\":\"ReadAction\",\"target\":[\"https:\\\/\\\/www.veltec.eu\\\/nl\\\/kirby-nederland\\\/\"]}]},{\"@type\":\"BreadcrumbList\",\"@id\":\"https:\\\/\\\/www.veltec.eu\\\/nl\\\/kirby-nederland\\\/#breadcrumb\",\"itemListElement\":[{\"@type\":\"ListItem\",\"position\":1,\"name\":\"Home\",\"item\":\"https:\\\/\\\/www.veltec.eu\\\/es\\\/\"},{\"@type\":\"ListItem\",\"position\":2,\"name\":\"Kirby Espa\u00f1a\"}]},{\"@type\":\"WebSite\",\"@id\":\"https:\\\/\\\/www.veltec.eu\\\/en\\\/#website\",\"url\":\"https:\\\/\\\/www.veltec.eu\\\/en\\\/\",\"name\":\"Veltec Kirby specialist\",\"description\":\"Kirby stofzuiger producten\",\"publisher\":{\"@id\":\"https:\\\/\\\/www.veltec.eu\\\/en\\\/#organization\"},\"potentialAction\":[{\"@type\":\"SearchAction\",\"target\":{\"@type\":\"EntryPoint\",\"urlTemplate\":\"https:\\\/\\\/www.veltec.eu\\\/en\\\/?s={search_term_string}\"},\"query-input\":{\"@type\":\"PropertyValueSpecification\",\"valueRequired\":true,\"valueName\":\"search_term_string\"}}],\"inLanguage\":\"es\"},{\"@type\":\"Organization\",\"@id\":\"https:\\\/\\\/www.veltec.eu\\\/en\\\/#organization\",\"name\":\"Veltec Kirby Specialist\",\"url\":\"https:\\\/\\\/www.veltec.eu\\\/en\\\/\",\"logo\":{\"@type\":\"ImageObject\",\"inLanguage\":\"es\",\"@id\":\"https:\\\/\\\/www.veltec.eu\\\/en\\\/#\\\/schema\\\/logo\\\/image\\\/\",\"url\":\"https:\\\/\\\/www.veltec.eu\\\/wp-content\\\/uploads\\\/2021\\\/12\\\/Veltec-log-groot-e1537260889125.png\",\"contentUrl\":\"https:\\\/\\\/www.veltec.eu\\\/wp-content\\\/uploads\\\/2021\\\/12\\\/Veltec-log-groot-e1537260889125.png\",\"width\":200,\"height\":60,\"caption\":\"Veltec Kirby Specialist\"},\"image\":{\"@id\":\"https:\\\/\\\/www.veltec.eu\\\/en\\\/#\\\/schema\\\/logo\\\/image\\\/\"},\"sameAs\":[\"https:\\\/\\\/www.facebook.com\\\/Veltec-Kirby-Specialist-236746293374877\\\/\",\"https:\\\/\\\/www.youtube.com\\\/user\\\/VeltecService\"]}]}<\/script>\n<!-- \/ Yoast SEO Premium plugin. -->","yoast_head_json":{"title":"Kirby Espa\u00f1a | Servicio Kirby Espa\u00f1a - Veltec Kirby specialist","description":"Veltec es el especialista en Kirby de Espa\u00f1a. Disponemos de una amplia gama de aspiradores y accesorios Kirby.","robots":{"index":"index","follow":"follow","max-snippet":"max-snippet:-1","max-image-preview":"max-image-preview:large","max-video-preview":"max-video-preview:-1"},"canonical":"https:\/\/www.veltec.eu\/nl\/kirby-nederland\/","og_locale":"es_ES","og_type":"article","og_title":"Kirby Espa\u00f1a","og_url":"https:\/\/www.veltec.eu\/nl\/kirby-nederland\/","og_site_name":"Veltec Kirby specialist","article_publisher":"https:\/\/www.facebook.com\/Veltec-Kirby-Specialist-236746293374877\/","article_modified_time":"2025-12-23T12:53:34+00:00","twitter_card":"summary_large_image","twitter_misc":{"Tiempo de lectura":"3 minutos"},"schema":{"@context":"https:\/\/schema.org","@graph":[{"@type":"WebPage","@id":"https:\/\/www.veltec.eu\/nl\/kirby-nederland\/","url":"https:\/\/www.veltec.eu\/nl\/kirby-nederland\/","name":"Kirby Espa\u00f1a | Servicio Kirby Espa\u00f1a - Veltec Kirby specialist","isPartOf":{"@id":"https:\/\/www.veltec.eu\/en\/#website"},"datePublished":"2022-01-10T11:44:28+00:00","dateModified":"2025-12-23T12:53:34+00:00","description":"Veltec es el especialista en Kirby de Espa\u00f1a. Disponemos de una amplia gama de aspiradores y accesorios Kirby.","breadcrumb":{"@id":"https:\/\/www.veltec.eu\/nl\/kirby-nederland\/#breadcrumb"},"inLanguage":"es","potentialAction":[{"@type":"ReadAction","target":["https:\/\/www.veltec.eu\/nl\/kirby-nederland\/"]}]},{"@type":"BreadcrumbList","@id":"https:\/\/www.veltec.eu\/nl\/kirby-nederland\/#breadcrumb","itemListElement":[{"@type":"ListItem","position":1,"name":"Home","item":"https:\/\/www.veltec.eu\/es\/"},{"@type":"ListItem","position":2,"name":"Kirby Espa\u00f1a"}]},{"@type":"WebSite","@id":"https:\/\/www.veltec.eu\/en\/#website","url":"https:\/\/www.veltec.eu\/en\/","name":"Veltec Kirby specialist","description":"Kirby stofzuiger producten","publisher":{"@id":"https:\/\/www.veltec.eu\/en\/#organization"},"potentialAction":[{"@type":"SearchAction","target":{"@type":"EntryPoint","urlTemplate":"https:\/\/www.veltec.eu\/en\/?s={search_term_string}"},"query-input":{"@type":"PropertyValueSpecification","valueRequired":true,"valueName":"search_term_string"}}],"inLanguage":"es"},{"@type":"Organization","@id":"https:\/\/www.veltec.eu\/en\/#organization","name":"Veltec Kirby Specialist","url":"https:\/\/www.veltec.eu\/en\/","logo":{"@type":"ImageObject","inLanguage":"es","@id":"https:\/\/www.veltec.eu\/en\/#\/schema\/logo\/image\/","url":"https:\/\/www.veltec.eu\/wp-content\/uploads\/2021\/12\/Veltec-log-groot-e1537260889125.png","contentUrl":"https:\/\/www.veltec.eu\/wp-content\/uploads\/2021\/12\/Veltec-log-groot-e1537260889125.png","width":200,"height":60,"caption":"Veltec Kirby Specialist"},"image":{"@id":"https:\/\/www.veltec.eu\/en\/#\/schema\/logo\/image\/"},"sameAs":["https:\/\/www.facebook.com\/Veltec-Kirby-Specialist-236746293374877\/","https:\/\/www.youtube.com\/user\/VeltecService"]}]}},"_links":{"self":[{"href":"https:\/\/www.veltec.eu\/es\/wp-json\/wp\/v2\/pages\/45282","targetHints":{"allow":["GET"]}}],"collection":[{"href":"https:\/\/www.veltec.eu\/es\/wp-json\/wp\/v2\/pages"}],"about":[{"href":"https:\/\/www.veltec.eu\/es\/wp-json\/wp\/v2\/types\/page"}],"author":[{"embeddable":true,"href":"https:\/\/www.veltec.eu\/es\/wp-json\/wp\/v2\/users\/1"}],"replies":[{"embeddable":true,"href":"https:\/\/www.veltec.eu\/es\/wp-json\/wp\/v2\/comments?post=45282"}],"version-history":[{"count":2,"href":"https:\/\/www.veltec.eu\/es\/wp-json\/wp\/v2\/pages\/45282\/revisions"}],"predecessor-version":[{"id":87295,"href":"https:\/\/www.veltec.eu\/es\/wp-json\/wp\/v2\/pages\/45282\/revisions\/87295"}],"wp:attachment":[{"href":"https:\/\/www.veltec.eu\/es\/wp-json\/wp\/v2\/media?parent=45282"}],"curies":[{"name":"wp","href":"https:\/\/api.w.org\/{rel}","templated":true}]}}