{"id":41721,"date":"2021-07-28T12:37:11","date_gmt":"2021-07-28T10:37:11","guid":{"rendered":"https:\/\/www.veltec.eu\/kirby-service-europe-send-it-yourself\/"},"modified":"2021-12-24T18:08:23","modified_gmt":"2021-12-24T16:08:23","slug":"el-servicio-kirby-europa-se-entrega-por-si-mismo","status":"publish","type":"page","link":"https:\/\/www.veltec.eu\/es\/el-servicio-kirby-europa-se-entrega-por-si-mismo\/","title":{"rendered":"El servicio Kirby Europa se entrega por s\u00ed mismo"},"content":{"rendered":"\n<style type=\"text\/css\" data-created_by=\"avia_inline_auto\" id=\"style-css-av-9eytay3-ae238bf3e741fe2a1beb0b102fc35941\">\n.flex_column.av-9eytay3-ae238bf3e741fe2a1beb0b102fc35941{\nborder-radius:0px 0px 0px 0px;\npadding:0px 0px 0px 0px;\n}\n<\/style>\n<div  class='flex_column av-9eytay3-ae238bf3e741fe2a1beb0b102fc35941 av_one_half  avia-builder-el-0  el_before_av_one_half  avia-builder-el-first  first flex_column_div av-zero-column-padding  '     ><style type=\"text\/css\" data-created_by=\"avia_inline_auto\" id=\"style-css-av-krn6n366-eb7d2927be8cdce7d86d7d574d4ba7ee\">\n.avia-image-container.av-krn6n366-eb7d2927be8cdce7d86d7d574d4ba7ee img.avia_image{\nbox-shadow:none;\n}\n.avia-image-container.av-krn6n366-eb7d2927be8cdce7d86d7d574d4ba7ee .av-image-caption-overlay-center{\ncolor:#ffffff;\n}\n<\/style>\n<div  class='avia-image-container av-krn6n366-eb7d2927be8cdce7d86d7d574d4ba7ee av-styling- avia-align-center  avia-builder-el-1  avia-builder-el-no-sibling '   itemprop=\"image\" itemscope=\"itemscope\" itemtype=\"https:\/\/schema.org\/ImageObject\" ><div class=\"avia-image-container-inner\"><div class=\"avia-image-overlay-wrap\"><img decoding=\"async\" fetchpriority=\"high\" class='wp-image-41661 avia-img-lazy-loading-not-41661 avia_image ' src=\"https:\/\/www.veltec.eu\/wp-content\/uploads\/2021\/07\/Kirby-service.jpg\" alt='' title='El servicio Kirby Europa se entrega por s\u00ed mismo'  height=\"680\" width=\"1020\"  itemprop=\"thumbnailUrl\" srcset=\"https:\/\/www.veltec.eu\/wp-content\/uploads\/2021\/07\/Kirby-service.jpg 1020w, https:\/\/www.veltec.eu\/wp-content\/uploads\/2021\/07\/Kirby-service-300x200.jpg 300w, https:\/\/www.veltec.eu\/wp-content\/uploads\/2021\/07\/Kirby-service-768x512.jpg 768w, https:\/\/www.veltec.eu\/wp-content\/uploads\/2021\/07\/Kirby-service-705x470.jpg 705w, https:\/\/www.veltec.eu\/wp-content\/uploads\/2021\/07\/Kirby-service-600x400.jpg 600w\" sizes=\"(max-width: 1020px) 100vw, 1020px\" \/><\/div><\/div><\/div><\/div>\n\n<style type=\"text\/css\" data-created_by=\"avia_inline_auto\" id=\"style-css-av-93na3d7-54067651fd4b23ca44b96dec296deb06\">\n.flex_column.av-93na3d7-54067651fd4b23ca44b96dec296deb06{\nborder-radius:0px 0px 0px 0px;\npadding:0px 0px 0px 0px;\n}\n<\/style>\n<div  class='flex_column av-93na3d7-54067651fd4b23ca44b96dec296deb06 av_one_half  avia-builder-el-2  el_after_av_one_half  el_before_av_one_third  flex_column_div av-zero-column-padding  '     ><section  class='av_textblock_section av-krn6owbr-fd33bea94b23df7042acfb0924fefd5d '   itemscope=\"itemscope\" itemtype=\"https:\/\/schema.org\/CreativeWork\" ><div class='avia_textblock'  itemprop=\"text\" ><h2>El servicio Kirby Europa se entrega por s\u00ed mismo.\u00a0 \u00bfCu\u00e1nto cuesta?<\/h2>\n<p>El servicio Kirby Europa se entrega por s\u00ed mismo.<\/p>\n<\/div><\/section><br \/>\n<div class='avia-data-table-wrap av-8jgdywb-e5d55aed4284e15ea7e219bc20de27ec avia_responsive_table avia-table-1'><table  class='avia-table avia-data-table avia_pricing_default  avia-builder-el-4  el_after_av_textblock  avia-builder-el-last '  itemscope=\"itemscope\" itemtype=\"https:\/\/schema.org\/Table\" ><tbody><tr class=''><td class=''>Coste de env\u00edo para nosotros<\/td><td class=''>&#8230;&#8230;..<\/td><\/tr><tr class=''><td class=''>Coste del servicio<\/td><td class=''>\u20ac 50,00<\/td><\/tr><tr class=''><td class=''>Coste de env\u00edo de devoluci\u00f3n<\/td><td class=''>GRATUITO<\/td><\/tr><tr class=''><td class=''>Precio total del servicio (sin repuestos)<\/td><td class=''>\u20ac 50,00<\/td><\/tr><\/tbody><\/table><\/div><\/p><\/div>\n\n<style type=\"text\/css\" data-created_by=\"avia_inline_auto\" id=\"style-css-av-2nuzpu3-f2fb2220160caf6b8225db4a5d31f059\">\n.flex_column.av-2nuzpu3-f2fb2220160caf6b8225db4a5d31f059{\nborder-radius:0px 0px 0px 0px;\npadding:0px 0px 0px 0px;\n}\n<\/style>\n<div  class='flex_column av-2nuzpu3-f2fb2220160caf6b8225db4a5d31f059 av_one_third  avia-builder-el-5  el_after_av_one_half  el_before_av_one_third  first flex_column_div av-zero-column-padding  column-top-margin'     ><section  class='av_textblock_section av-krn6i3mz-824836050d325233e61c87dfed2fee04 '   itemscope=\"itemscope\" itemtype=\"https:\/\/schema.org\/CreativeWork\" ><div class='avia_textblock'  itemprop=\"text\" ><h2>\u00bfC\u00f3mo nos lo env\u00edas?<\/h2>\n<p>Retire la horquilla del mango, la bolsa exterior y todos los accesorios de su <a href=\"https:\/\/www.kirby.com\/\">Kirby<\/a>. Lo que queda es el cuerpo de Kirby de la m\u00e1quina. Empaque el cuerpo de Kirby en una caja de cart\u00f3n grueso con muchos peri\u00f3dicos y env\u00edelo sin ning\u00fan archivo adjunto, incluido el formulario de servicio a;<\/p>\n<p>Veltec Kirby Specialist<br \/>\nWanraaij 29 M<br \/>\n6673 DM ANDELST<br \/>\nNETHERLANDS<\/p>\n\n<style type=\"text\/css\" data-created_by=\"avia_inline_auto\" id=\"style-css-av-29ghb3f-284a2e1fa6a3aa65cd56d87d438c2acc\">\n.av_font_icon.av-29ghb3f-284a2e1fa6a3aa65cd56d87d438c2acc .av-icon-char{\nfont-size:40px;\nline-height:40px;\n}\n<\/style>\n<span  class='av_font_icon av-29ghb3f-284a2e1fa6a3aa65cd56d87d438c2acc avia_animate_when_visible av-icon-style- avia-icon-pos-left avia-iconfont avia-font-entypo-fontello av-no-color avia-icon-animate'><span class='av-icon-char' data-av_icon='\ue823' data-av_iconfont='entypo-fontello' aria-hidden=\"true\" ><\/span><\/span>\n<p><a href=\"https:\/\/www.veltec.eu\/wp-content\/uploads\/2021\/07\/Invul-formulier-service.pdf\">rellenar el formulario<\/a><\/p>\n<\/div><\/section><\/div>\n\n<style type=\"text\/css\" data-created_by=\"avia_inline_auto\" id=\"style-css-av-1qesdor-3d66022e9ab0c5f75227071e300583ff\">\n.flex_column.av-1qesdor-3d66022e9ab0c5f75227071e300583ff{\nborder-radius:0px 0px 0px 0px;\npadding:0px 0px 0px 0px;\n}\n<\/style>\n<div  class='flex_column av-1qesdor-3d66022e9ab0c5f75227071e300583ff av_one_third  avia-builder-el-8  el_after_av_one_third  el_before_av_one_third  flex_column_div av-zero-column-padding  column-top-margin'     ><style type=\"text\/css\" data-created_by=\"avia_inline_auto\" id=\"style-css-av-krn6iza4-1bde8f4f94759445866aebc1ac8ca627\">\n.avia-image-container.av-krn6iza4-1bde8f4f94759445866aebc1ac8ca627 img.avia_image{\nbox-shadow:none;\n}\n.avia-image-container.av-krn6iza4-1bde8f4f94759445866aebc1ac8ca627 .av-image-caption-overlay-center{\ncolor:#ffffff;\n}\n<\/style>\n<div  class='avia-image-container av-krn6iza4-1bde8f4f94759445866aebc1ac8ca627 av-styling- avia-align-center  avia-builder-el-9  avia-builder-el-no-sibling '   itemprop=\"image\" itemscope=\"itemscope\" itemtype=\"https:\/\/schema.org\/ImageObject\" ><div class=\"avia-image-container-inner\"><div class=\"avia-image-overlay-wrap\"><img decoding=\"async\" fetchpriority=\"high\" class='wp-image-41649 avia-img-lazy-loading-not-41649 avia_image ' src=\"https:\/\/www.veltec.eu\/wp-content\/uploads\/2021\/07\/Kirby-voor-transport.jpg\" alt='' title='El servicio Kirby Europa se entrega por s\u00ed mismo'  height=\"407\" width=\"459\"  itemprop=\"thumbnailUrl\" srcset=\"https:\/\/www.veltec.eu\/wp-content\/uploads\/2021\/07\/Kirby-voor-transport.jpg 459w, https:\/\/www.veltec.eu\/wp-content\/uploads\/2021\/07\/Kirby-voor-transport-300x266.jpg 300w\" sizes=\"(max-width: 459px) 100vw, 459px\" \/><\/div><\/div><\/div><\/div>\n\n<style type=\"text\/css\" data-created_by=\"avia_inline_auto\" id=\"style-css-av-15i46q3-b569eff5f60aedadffbd789ae476214e\">\n.flex_column.av-15i46q3-b569eff5f60aedadffbd789ae476214e{\nborder-radius:0px 0px 0px 0px;\npadding:0px 0px 0px 0px;\n}\n<\/style>\n<div  class='flex_column av-15i46q3-b569eff5f60aedadffbd789ae476214e av_one_third  avia-builder-el-10  el_after_av_one_third  el_before_av_one_full  flex_column_div av-zero-column-padding  column-top-margin'     ><style type=\"text\/css\" data-created_by=\"avia_inline_auto\" id=\"style-css-av-krn6j8tl-2bf02399866c3d9ec9348367583712e5\">\n.avia-image-container.av-krn6j8tl-2bf02399866c3d9ec9348367583712e5 img.avia_image{\nbox-shadow:none;\n}\n.avia-image-container.av-krn6j8tl-2bf02399866c3d9ec9348367583712e5 .av-image-caption-overlay-center{\ncolor:#ffffff;\n}\n<\/style>\n<div  class='avia-image-container av-krn6j8tl-2bf02399866c3d9ec9348367583712e5 av-styling- avia-align-center  avia-builder-el-11  avia-builder-el-no-sibling '   itemprop=\"image\" itemscope=\"itemscope\" itemtype=\"https:\/\/schema.org\/ImageObject\" ><div class=\"avia-image-container-inner\"><div class=\"avia-image-overlay-wrap\"><img decoding=\"async\" fetchpriority=\"high\" class='wp-image-41655 avia-img-lazy-loading-not-41655 avia_image ' src=\"https:\/\/www.veltec.eu\/wp-content\/uploads\/2021\/07\/Doos-vooe-kirby-stofzuiger.jpg\" alt='' title='El servicio Kirby Europa se entrega por s\u00ed mismo'  height=\"400\" width=\"459\"  itemprop=\"thumbnailUrl\" srcset=\"https:\/\/www.veltec.eu\/wp-content\/uploads\/2021\/07\/Doos-vooe-kirby-stofzuiger.jpg 459w, https:\/\/www.veltec.eu\/wp-content\/uploads\/2021\/07\/Doos-vooe-kirby-stofzuiger-300x261.jpg 300w\" sizes=\"(max-width: 459px) 100vw, 459px\" \/><\/div><\/div><\/div><\/div>\n\n<style type=\"text\/css\" data-created_by=\"avia_inline_auto\" id=\"style-css-av-tt6q17-30a187fd6b4d79e519a7eafa22f4c58a\">\n.flex_column.av-tt6q17-30a187fd6b4d79e519a7eafa22f4c58a{\nborder-radius:0px 0px 0px 0px;\npadding:0px 0px 0px 0px;\n}\n<\/style>\n<div  class='flex_column av-tt6q17-30a187fd6b4d79e519a7eafa22f4c58a av_one_full  avia-builder-el-12  el_after_av_one_third  el_before_av_textblock  first flex_column_div av-zero-column-padding  column-top-margin'     ><section  class='av_textblock_section av-krn6vier-529738c96dda7356f6d9c660fab00ec3 '   itemscope=\"itemscope\" itemtype=\"https:\/\/schema.org\/CreativeWork\" ><div class='avia_textblock'  itemprop=\"text\" ><section class=\"av_textblock_section \">\n<div class=\"avia_textblock \">\n<h2>\u00bfC\u00f3mo lo hacemos?<\/h2>\n<ul>\n<li>Le enviamos un correo electr\u00f3nico el d\u00eda que recibimos su Kirby y comenzamos inmediatamente con el servicio.<\/li>\n<li>Despu\u00e9s de que hayamos revisado y reparado su Kirby, le enviamos un segundo correo electr\u00f3nico con la factura.<\/li>\n<li>Despu\u00e9s de que la pague, le enviaremos su Kirby de vuelta inmediatamente.<\/li>\n<li>Ofrecemos una garant\u00eda de dos a\u00f1os por la reparaci\u00f3n y las piezas de repuesto Kirby originales.<\/li>\n<\/ul>\n<\/div>\n<\/section>\n<\/div><\/section><\/div>\n<section  class='av_textblock_section av-kxkl7pux-e80c0ace24ce4c0c34f2dd9357b2bd18 '   itemscope=\"itemscope\" itemtype=\"https:\/\/schema.org\/CreativeWork\" ><div class='avia_textblock'  itemprop=\"text\" >\n<style type=\"text\/css\" data-created_by=\"avia_inline_auto\" id=\"style-css-av-6u01i-294e84c5e5ccbb05371eb2d59b098352\">\n#top .hr.hr-invisible.av-6u01i-294e84c5e5ccbb05371eb2d59b098352{\nheight:50px;\n}\n<\/style>\n<div  class='hr av-6u01i-294e84c5e5ccbb05371eb2d59b098352 hr-invisible  avia-builder-el-15  avia-builder-el-no-sibling '><span class='hr-inner '><span class=\"hr-inner-style\"><\/span><\/span><\/div>\n<p><img decoding=\"async\" class=\"aligncenter wp-image-44337 size-full\" src=\"https:\/\/www.veltec.eu\/wp-content\/uploads\/2021\/12\/Veltec-log-groot-e1537260889125.png\" alt=\"El servicio Kirby Europa se entrega por s\u00ed mismo\" width=\"200\" height=\"60\" \/><br \/>\n<!-- TrustBox widget - Starter --><\/p>\n<div class=\"trustpilot-widget\" data-locale=\"es-ES\" data-template-id=\"5613c9cde69ddc09340c6beb\" data-businessunit-id=\"4e1b158d00006400051028e4\" data-style-height=\"100%\" data-style-width=\"100%\" data-theme=\"light\"><a href=\"https:\/\/es.trustpilot.com\/review\/www.veltec.eu\" target=\"_blank\" rel=\"noopener noreferrer\">Trustpilot<\/a><\/div>\n<p><!-- End TrustBox widget --><\/p>\n<\/div><\/section>\n","protected":false},"excerpt":{"rendered":"","protected":false},"author":1,"featured_media":0,"parent":0,"menu_order":0,"comment_status":"closed","ping_status":"closed","template":"","meta":{"_acf_changed":false,"footnotes":""},"class_list":["post-41721","page","type-page","status-publish","hentry"],"acf":[],"yoast_head":"<!-- This site is optimized with the Yoast SEO Premium plugin v27.1 (Yoast SEO v27.5) - https:\/\/yoast.com\/product\/yoast-seo-premium-wordpress\/ -->\n<title>El servicio Kirby Europa se entrega por s\u00ed mismo - Veltec Kirby specialist<\/title>\n<meta name=\"description\" content=\"El servicio Kirby Europa se entrega por s\u00ed mismo. Veltec es uno de los mayores proveedores de aspiradoras y accesorios Kirby.\" \/>\n<meta name=\"robots\" content=\"index, follow, max-snippet:-1, max-image-preview:large, max-video-preview:-1\" \/>\n<link rel=\"canonical\" href=\"https:\/\/www.veltec.eu\/nl\/kirby-service-europe-verzend-zelf\/\" \/>\n<meta property=\"og:locale\" content=\"es_ES\" \/>\n<meta property=\"og:type\" content=\"article\" \/>\n<meta property=\"og:title\" content=\"El servicio Kirby Europa se entrega por s\u00ed mismo\" \/>\n<meta property=\"og:url\" content=\"https:\/\/www.veltec.eu\/nl\/kirby-service-europe-verzend-zelf\/\" \/>\n<meta property=\"og:site_name\" content=\"Veltec Kirby specialist\" \/>\n<meta property=\"article:publisher\" content=\"https:\/\/www.facebook.com\/Veltec-Kirby-Specialist-236746293374877\/\" \/>\n<meta property=\"article:modified_time\" content=\"2021-12-24T16:08:23+00:00\" \/>\n<meta property=\"og:image\" content=\"https:\/\/www.veltec.eu\/wp-content\/uploads\/2021\/12\/Veltec-log-groot-e1537260889125.png\" \/>\n<meta name=\"twitter:card\" content=\"summary_large_image\" \/>\n<meta name=\"twitter:label1\" content=\"Tiempo de lectura\" \/>\n\t<meta name=\"twitter:data1\" content=\"9 minutos\" \/>\n<script type=\"application\/ld+json\" class=\"yoast-schema-graph\">{\"@context\":\"https:\\\/\\\/schema.org\",\"@graph\":[{\"@type\":\"WebPage\",\"@id\":\"https:\\\/\\\/www.veltec.eu\\\/nl\\\/kirby-service-europe-verzend-zelf\\\/\",\"url\":\"https:\\\/\\\/www.veltec.eu\\\/nl\\\/kirby-service-europe-verzend-zelf\\\/\",\"name\":\"El servicio Kirby Europa se entrega por s\u00ed mismo - Veltec Kirby specialist\",\"isPartOf\":{\"@id\":\"https:\\\/\\\/www.veltec.eu\\\/en\\\/#website\"},\"primaryImageOfPage\":{\"@id\":\"https:\\\/\\\/www.veltec.eu\\\/nl\\\/kirby-service-europe-verzend-zelf\\\/#primaryimage\"},\"image\":{\"@id\":\"https:\\\/\\\/www.veltec.eu\\\/nl\\\/kirby-service-europe-verzend-zelf\\\/#primaryimage\"},\"thumbnailUrl\":\"https:\\\/\\\/www.veltec.eu\\\/wp-content\\\/uploads\\\/2021\\\/12\\\/Veltec-log-groot-e1537260889125.png\",\"datePublished\":\"2021-07-28T10:37:11+00:00\",\"dateModified\":\"2021-12-24T16:08:23+00:00\",\"description\":\"El servicio Kirby Europa se entrega por s\u00ed mismo. Veltec es uno de los mayores proveedores de aspiradoras y accesorios Kirby.\",\"breadcrumb\":{\"@id\":\"https:\\\/\\\/www.veltec.eu\\\/nl\\\/kirby-service-europe-verzend-zelf\\\/#breadcrumb\"},\"inLanguage\":\"es\",\"potentialAction\":[{\"@type\":\"ReadAction\",\"target\":[\"https:\\\/\\\/www.veltec.eu\\\/nl\\\/kirby-service-europe-verzend-zelf\\\/\"]}]},{\"@type\":\"ImageObject\",\"inLanguage\":\"es\",\"@id\":\"https:\\\/\\\/www.veltec.eu\\\/nl\\\/kirby-service-europe-verzend-zelf\\\/#primaryimage\",\"url\":\"https:\\\/\\\/www.veltec.eu\\\/wp-content\\\/uploads\\\/2021\\\/12\\\/Veltec-log-groot-e1537260889125.png\",\"contentUrl\":\"https:\\\/\\\/www.veltec.eu\\\/wp-content\\\/uploads\\\/2021\\\/12\\\/Veltec-log-groot-e1537260889125.png\"},{\"@type\":\"BreadcrumbList\",\"@id\":\"https:\\\/\\\/www.veltec.eu\\\/nl\\\/kirby-service-europe-verzend-zelf\\\/#breadcrumb\",\"itemListElement\":[{\"@type\":\"ListItem\",\"position\":1,\"name\":\"Home\",\"item\":\"https:\\\/\\\/www.veltec.eu\\\/es\\\/pagina-de-inicio\\\/\"},{\"@type\":\"ListItem\",\"position\":2,\"name\":\"El servicio Kirby Europa se entrega por s\u00ed mismo\"}]},{\"@type\":\"WebSite\",\"@id\":\"https:\\\/\\\/www.veltec.eu\\\/en\\\/#website\",\"url\":\"https:\\\/\\\/www.veltec.eu\\\/en\\\/\",\"name\":\"Veltec Kirby specialist\",\"description\":\"Kirby stofzuiger producten\",\"publisher\":{\"@id\":\"https:\\\/\\\/www.veltec.eu\\\/en\\\/#organization\"},\"potentialAction\":[{\"@type\":\"SearchAction\",\"target\":{\"@type\":\"EntryPoint\",\"urlTemplate\":\"https:\\\/\\\/www.veltec.eu\\\/en\\\/?s={search_term_string}\"},\"query-input\":{\"@type\":\"PropertyValueSpecification\",\"valueRequired\":true,\"valueName\":\"search_term_string\"}}],\"inLanguage\":\"es\"},{\"@type\":\"Organization\",\"@id\":\"https:\\\/\\\/www.veltec.eu\\\/en\\\/#organization\",\"name\":\"Veltec Kirby Specialist\",\"url\":\"https:\\\/\\\/www.veltec.eu\\\/en\\\/\",\"logo\":{\"@type\":\"ImageObject\",\"inLanguage\":\"es\",\"@id\":\"https:\\\/\\\/www.veltec.eu\\\/en\\\/#\\\/schema\\\/logo\\\/image\\\/\",\"url\":\"https:\\\/\\\/www.veltec.eu\\\/wp-content\\\/uploads\\\/2021\\\/12\\\/Veltec-log-groot-e1537260889125.png\",\"contentUrl\":\"https:\\\/\\\/www.veltec.eu\\\/wp-content\\\/uploads\\\/2021\\\/12\\\/Veltec-log-groot-e1537260889125.png\",\"width\":200,\"height\":60,\"caption\":\"Veltec Kirby Specialist\"},\"image\":{\"@id\":\"https:\\\/\\\/www.veltec.eu\\\/en\\\/#\\\/schema\\\/logo\\\/image\\\/\"},\"sameAs\":[\"https:\\\/\\\/www.facebook.com\\\/Veltec-Kirby-Specialist-236746293374877\\\/\",\"https:\\\/\\\/www.youtube.com\\\/user\\\/VeltecService\"]}]}<\/script>\n<!-- \/ Yoast SEO Premium plugin. -->","yoast_head_json":{"title":"El servicio Kirby Europa se entrega por s\u00ed mismo - Veltec Kirby specialist","description":"El servicio Kirby Europa se entrega por s\u00ed mismo. Veltec es uno de los mayores proveedores de aspiradoras y accesorios Kirby.","robots":{"index":"index","follow":"follow","max-snippet":"max-snippet:-1","max-image-preview":"max-image-preview:large","max-video-preview":"max-video-preview:-1"},"canonical":"https:\/\/www.veltec.eu\/nl\/kirby-service-europe-verzend-zelf\/","og_locale":"es_ES","og_type":"article","og_title":"El servicio Kirby Europa se entrega por s\u00ed mismo","og_url":"https:\/\/www.veltec.eu\/nl\/kirby-service-europe-verzend-zelf\/","og_site_name":"Veltec Kirby specialist","article_publisher":"https:\/\/www.facebook.com\/Veltec-Kirby-Specialist-236746293374877\/","article_modified_time":"2021-12-24T16:08:23+00:00","og_image":[{"url":"https:\/\/www.veltec.eu\/wp-content\/uploads\/2021\/12\/Veltec-log-groot-e1537260889125.png","type":"","width":"","height":""}],"twitter_card":"summary_large_image","twitter_misc":{"Tiempo de lectura":"9 minutos"},"schema":{"@context":"https:\/\/schema.org","@graph":[{"@type":"WebPage","@id":"https:\/\/www.veltec.eu\/nl\/kirby-service-europe-verzend-zelf\/","url":"https:\/\/www.veltec.eu\/nl\/kirby-service-europe-verzend-zelf\/","name":"El servicio Kirby Europa se entrega por s\u00ed mismo - Veltec Kirby specialist","isPartOf":{"@id":"https:\/\/www.veltec.eu\/en\/#website"},"primaryImageOfPage":{"@id":"https:\/\/www.veltec.eu\/nl\/kirby-service-europe-verzend-zelf\/#primaryimage"},"image":{"@id":"https:\/\/www.veltec.eu\/nl\/kirby-service-europe-verzend-zelf\/#primaryimage"},"thumbnailUrl":"https:\/\/www.veltec.eu\/wp-content\/uploads\/2021\/12\/Veltec-log-groot-e1537260889125.png","datePublished":"2021-07-28T10:37:11+00:00","dateModified":"2021-12-24T16:08:23+00:00","description":"El servicio Kirby Europa se entrega por s\u00ed mismo. Veltec es uno de los mayores proveedores de aspiradoras y accesorios Kirby.","breadcrumb":{"@id":"https:\/\/www.veltec.eu\/nl\/kirby-service-europe-verzend-zelf\/#breadcrumb"},"inLanguage":"es","potentialAction":[{"@type":"ReadAction","target":["https:\/\/www.veltec.eu\/nl\/kirby-service-europe-verzend-zelf\/"]}]},{"@type":"ImageObject","inLanguage":"es","@id":"https:\/\/www.veltec.eu\/nl\/kirby-service-europe-verzend-zelf\/#primaryimage","url":"https:\/\/www.veltec.eu\/wp-content\/uploads\/2021\/12\/Veltec-log-groot-e1537260889125.png","contentUrl":"https:\/\/www.veltec.eu\/wp-content\/uploads\/2021\/12\/Veltec-log-groot-e1537260889125.png"},{"@type":"BreadcrumbList","@id":"https:\/\/www.veltec.eu\/nl\/kirby-service-europe-verzend-zelf\/#breadcrumb","itemListElement":[{"@type":"ListItem","position":1,"name":"Home","item":"https:\/\/www.veltec.eu\/es\/pagina-de-inicio\/"},{"@type":"ListItem","position":2,"name":"El servicio Kirby Europa se entrega por s\u00ed mismo"}]},{"@type":"WebSite","@id":"https:\/\/www.veltec.eu\/en\/#website","url":"https:\/\/www.veltec.eu\/en\/","name":"Veltec Kirby specialist","description":"Kirby stofzuiger producten","publisher":{"@id":"https:\/\/www.veltec.eu\/en\/#organization"},"potentialAction":[{"@type":"SearchAction","target":{"@type":"EntryPoint","urlTemplate":"https:\/\/www.veltec.eu\/en\/?s={search_term_string}"},"query-input":{"@type":"PropertyValueSpecification","valueRequired":true,"valueName":"search_term_string"}}],"inLanguage":"es"},{"@type":"Organization","@id":"https:\/\/www.veltec.eu\/en\/#organization","name":"Veltec Kirby Specialist","url":"https:\/\/www.veltec.eu\/en\/","logo":{"@type":"ImageObject","inLanguage":"es","@id":"https:\/\/www.veltec.eu\/en\/#\/schema\/logo\/image\/","url":"https:\/\/www.veltec.eu\/wp-content\/uploads\/2021\/12\/Veltec-log-groot-e1537260889125.png","contentUrl":"https:\/\/www.veltec.eu\/wp-content\/uploads\/2021\/12\/Veltec-log-groot-e1537260889125.png","width":200,"height":60,"caption":"Veltec Kirby Specialist"},"image":{"@id":"https:\/\/www.veltec.eu\/en\/#\/schema\/logo\/image\/"},"sameAs":["https:\/\/www.facebook.com\/Veltec-Kirby-Specialist-236746293374877\/","https:\/\/www.youtube.com\/user\/VeltecService"]}]}},"_links":{"self":[{"href":"https:\/\/www.veltec.eu\/es\/wp-json\/wp\/v2\/pages\/41721","targetHints":{"allow":["GET"]}}],"collection":[{"href":"https:\/\/www.veltec.eu\/es\/wp-json\/wp\/v2\/pages"}],"about":[{"href":"https:\/\/www.veltec.eu\/es\/wp-json\/wp\/v2\/types\/page"}],"author":[{"embeddable":true,"href":"https:\/\/www.veltec.eu\/es\/wp-json\/wp\/v2\/users\/1"}],"replies":[{"embeddable":true,"href":"https:\/\/www.veltec.eu\/es\/wp-json\/wp\/v2\/comments?post=41721"}],"version-history":[{"count":0,"href":"https:\/\/www.veltec.eu\/es\/wp-json\/wp\/v2\/pages\/41721\/revisions"}],"wp:attachment":[{"href":"https:\/\/www.veltec.eu\/es\/wp-json\/wp\/v2\/media?parent=41721"}],"curies":[{"name":"wp","href":"https:\/\/api.w.org\/{rel}","templated":true}]}}