{"id":3740,"date":"2018-10-05T14:28:56","date_gmt":"2018-10-05T12:28:56","guid":{"rendered":"https:\/\/www.veltec.eu\/privacy-policy\/"},"modified":"2024-05-06T12:36:53","modified_gmt":"2024-05-06T10:36:53","slug":"politica-de-privacidad","status":"publish","type":"page","link":"https:\/\/www.veltec.eu\/es\/politica-de-privacidad\/","title":{"rendered":"Pol\u00edtica de privacidad"},"content":{"rendered":"\n<style type=\"text\/css\" data-created_by=\"avia_inline_auto\" id=\"style-css-av-22umy1-b536422a63e59c89c7bae0734c90a66c\">\n.flex_column.av-22umy1-b536422a63e59c89c7bae0734c90a66c{\nborder-radius:0px 0px 0px 0px;\npadding:0px 0px 0px 0px;\n}\n<\/style>\n<div  class='flex_column av-22umy1-b536422a63e59c89c7bae0734c90a66c av_one_full  avia-builder-el-0  avia-builder-el-no-sibling  first flex_column_div av-zero-column-padding  '     ><section  class='av_textblock_section av-jmbwzuva-efb4f30f546806dd489dd87b5dd2211a '   itemscope=\"itemscope\" itemtype=\"https:\/\/schema.org\/CreativeWork\" ><div class='avia_textblock'  itemprop=\"text\" ><div class=\"page-title\"><\/div>\n<div class=\"std\">\n<h1>Pol\u00edtica de privacidad &#8211; Veltec &#8211; Specialista Aspirapolvere Kirby<\/h1>\n<p>Los datos personales que se procesan<\/p>\n<p>Veltec Kirby especialista, a partir de ahora llamado Veltec puede procesar datos personales sobre usted, porque usted utiliza los servicios de Veltec, y \/ o porque usted proporciona Veltec con un formulario de contacto en el sitio web. Veltec puede procesar los siguientes datos personales:<\/p>\n<p>&#8211; Nombre y apellidos<\/p>\n<p>&#8211; Direcci\u00f3n<\/p>\n<p>&#8211; N\u00famero de tel\u00e9fono<\/p>\n<p>&#8211; Direcci\u00f3n de correo electr\u00f3nico<\/p>\n<p>&#8211; Direcci\u00f3n IP<\/p>\n<p>&#8211; N\u00famero de cuenta bancaria<\/p>\n<p><strong>Por qu\u00e9 Veltec necesita datos<\/strong><\/p>\n<p>Veltec utiliza sus datos personales en el contexto de la realizaci\u00f3n de un acuerdo de pedido con usted, que normalmente consiste en la venta en l\u00ednea de nuestros productos.<\/p>\n<p>Adem\u00e1s, Veltec puede procesar sus datos para poder ponerse en contacto con usted por tel\u00e9fono si as\u00ed lo solicita, y\/o para poder ponerse en contacto con usted por escrito (por correo electr\u00f3nico y\/o por correo postal) si no se le puede localizar por tel\u00e9fono.<\/p>\n<p><strong>Cu\u00e1nto tiempo almacena Veltec los datos<\/strong><\/p>\n<p>Veltec no almacena sus datos personales durante m\u00e1s tiempo del estrictamente necesario para alcanzar los objetivos para los que se recogen sus datos.<\/p>\n<p>&#8211; Debemos mantener nuestra administraci\u00f3n con sus datos de facturas, pagos y pedidos durante 7 a\u00f1os de las autoridades fiscales. Despu\u00e9s, s\u00f3lo utilizamos datos an\u00f3nimos para informes internos.<br \/>\n&#8211; Si se ha suscrito al bolet\u00edn de noticias o ha dado permiso para recibir mensajes personalizados, conservaremos ese permiso hasta que se d\u00e9 de baja. Incluso si decide en un momento dado que ya no desea recibir el bolet\u00edn o mensajes personalizados, conservaremos la retirada de su solicitud. Transcurrido ese plazo, s\u00f3lo utilizaremos sus datos de forma an\u00f3nima, para informes internos.<\/p>\n<p><strong>Datos de Google Analytics<\/strong><\/p>\n<p>El periodo est\u00e1ndar para los datos que se recopilan a partir de cookies o anuncios es de 26 meses. \u00bfDesea que sus datos se eliminen inmediatamente despu\u00e9s de haber visitado veltec.eu? P\u00f3ngase en contacto con nosotros a trav\u00e9s de info@veltec.eu. Una vez procesados los datos, pasar\u00e1n 24 horas antes de que sus datos sean efectivamente eliminados.<\/p>\n<p><strong>Compartir con otros<\/strong><\/p>\n<p>Veltec s\u00f3lo proporciona sus datos personales a terceros si es necesario para la ejecuci\u00f3n de un acuerdo con usted, para mapear las visitas al sitio web o para cumplir con una obligaci\u00f3n legal.<\/p>\n<p><strong>Mapa de visitas al sitio web<\/strong><\/p>\n<p>El sitio web de Veltec realiza un seguimiento de los datos generales de los visitantes, incluida la direcci\u00f3n IP de su ordenador y la hora de recuperaci\u00f3n y los datos que env\u00eda su navegador. Estos datos se utilizan para analizar el comportamiento de los visitantes y los clics en el sitio web. Veltec utiliza esta informaci\u00f3n para mejorar el funcionamiento del sitio web. Estos datos se anonimizan en la medida de lo posible y, si es necesario, se facilitan a terceros.<\/p>\n<p>Adem\u00e1s, nosotros y nuestras redes publicitarias y agencias de medios podemos mostrar sus anuncios. Esto se hace sobre la base de sus visitas anteriores a nuestros sitios web y a los sitios web de terceros. Nosotros y nuestras redes publicitarias y agencias de medios recopilamos su comportamiento de navegaci\u00f3n, b\u00fasqueda y compra bas\u00e1ndonos en t\u00e9cnicas de cookies, su direcci\u00f3n IP y el n\u00famero de publicidad que est\u00e1 vinculado al dispositivo con el que navega.<\/p>\n<p>Por \u00faltimo, existe la posibilidad de que Veltec facilite sus datos personales si Veltec se ve obligada a hacerlo como consecuencia de una orden judicial u otra obligaci\u00f3n legal, una citaci\u00f3n judicial o una demanda, o si as\u00ed se requiere legalmente de otro modo, o si creemos que es necesario para defender nuestros derechos, por ejemplo para prevenir o combatir actividades ilegales o infracciones de nuestras pol\u00edticas.<\/p>\n<p><strong>Cookiepolicy<\/strong><\/p>\n<p>El objetivo del registro de datos personales por parte de Veltec es trazar un mapa de las actividades y necesidades de nuestros clientes. Podemos utilizar esta informaci\u00f3n para mejorar nuestros productos y servicios. Facilitamos los datos a terceros, como agencias de medios, para que podamos ofrecer asesoramiento personal o mostrar anuncios dirigidos, por ejemplo, en funci\u00f3n de su inter\u00e9s por determinados productos.<\/p>\n<p><strong>\u00bfQu\u00e9 es una cookie?<\/strong><\/p>\n<p>Una cookie es un peque\u00f1o archivo de texto que se almacena en el navegador de su ordenador, tableta o smartphone cuando visita este sitio web por primera vez. Si est\u00e1 de acuerdo, el archivo se a\u00f1adir\u00e1 y la cookie ayudar\u00e1 a analizar el tr\u00e1fico de Internet o le permitir\u00e1 saber cu\u00e1ndo visita un sitio web concreto. En general, las cookies nos ayudan a ofrecerle un mejor sitio web al permitirnos controlar qu\u00e9 p\u00e1ginas encuentra \u00fatiles y cu\u00e1les no.<\/p>\n<p>Una cookie no nos da acceso a su ordenador ni a ninguna informaci\u00f3n sobre usted, salvo los datos que usted decida compartir con nosotros.<\/p>\n<p><strong>Qu\u00e9 cookies utilizamos?<\/strong><\/p>\n<p>Cookies funcionales o cookies necesarias.<br \/>\nEste tipo de cookies garantizan que nuestra tienda web funcione correctamente. Puedes pensar en funcionalidades como el carrito de la compra o el proceso de pago.<\/p>\n<p>Cookies publicitarias<br \/>\nLas cookies publicitarias nos permiten mostrarle ofertas relevantes de productos que le parecen interesantes o que ya ha visto. Adem\u00e1s, utilizamos estas cookies para hacer un seguimiento de los anuncios que ya ha visto.<\/p>\n<p>Cookies anal\u00edticas<br \/>\nCon estas cookies medimos estad\u00edsticas en nuestra tienda web. Los datos que surgen de estos an\u00e1lisis son completamente an\u00f3nimos. Por ejemplo, podemos ver cu\u00e1ntos visitantes tuvo nuestro sitio web en 1 d\u00eda, pero no qu\u00e9 personas lo visitaron.<\/p>\n<p><strong>\u00bfNo quiere que utilicemos sus cookies?<\/strong><\/p>\n<p>La mayor\u00eda de los navegadores aceptan autom\u00e1ticamente las cookies, pero normalmente puede cambiar la configuraci\u00f3n de su navegador para rechazarlas si lo prefiere. Esto puede impedirle aprovechar plenamente el sitio web.<\/p>\n<p>Vea aqu\u00ed por navegador c\u00f3mo cambiar la configuraci\u00f3n de las cookies:<\/p>\n<p>&#8211;\u00a0<a href=\"https:\/\/support.google.com\/chrome\/answer\/95647?hl=nl\">Chrome<\/a><br \/>\n&#8211;\u00a0<a href=\"https:\/\/support.mozilla.org\/nl\/kb\/cookies-verwijderen-gegevens-wissen-websites-opgeslagen\">Firefox<\/a><br \/>\n&#8211;\u00a0<a href=\"https:\/\/www.apple.com\/legal\/privacy\/nl\/cookies\/\">Safari<\/a><br \/>\n&#8211;\u00a0<a href=\"https:\/\/support.microsoft.com\/nl-nl\/help\/17442\/windows-internet-explorer-delete-manage-cookies\">Internet Explorer<\/a><\/p>\n<p><strong>Google Analytics<\/strong><\/p>\n<p>Veltec utiliza Google Analytics para realizar un seguimiento de c\u00f3mo los usuarios utilizan el sitio web y la eficacia de los anuncios de Veltec Adwords en las p\u00e1ginas de resultados de b\u00fasqueda de Google. La informaci\u00f3n as\u00ed obtenida, incluida la direcci\u00f3n de su ordenador (direcci\u00f3n IP), es transferida y almacenada por Google en servidores de Estados Unidos. Lea la pol\u00edtica de privacidad de Google para obtener m\u00e1s informaci\u00f3n. Tambi\u00e9n puede consultar la pol\u00edtica de privacidad de Google Analytics aqu\u00ed. Google utiliza esta informaci\u00f3n para hacer un seguimiento de c\u00f3mo se utiliza nuestro sitio web, para proporcionar informes sobre el sitio web a Veltec y para proporcionar a sus anunciantes informaci\u00f3n sobre la eficacia de sus campa\u00f1as. Google podr\u00e1 transmitir dicha informaci\u00f3n a terceros cuando as\u00ed se lo requiera la legislaci\u00f3n, o cuando dichos terceros procesen la informaci\u00f3n por cuenta de Google. Veltec no tiene ninguna influencia sobre esto. Veltec no ha concedido a Google permiso para utilizar la informaci\u00f3n de Analytics obtenida a trav\u00e9s de Veltec para otros servicios de Google.<\/p>\n<p><strong>Ver, modificar o suprimir datos<\/strong><\/p>\n<p>Tiene derecho a ver, rectificar o suprimir sus datos personales. Puede enviar una solicitud de acceso, rectificaci\u00f3n o supresi\u00f3n a info@veltec.eu. Veltec responder\u00e1 a su solicitud lo antes posible, pero en un plazo m\u00e1ximo de cuatro semanas.<\/p>\n<p><strong>Seguridad<\/strong><\/p>\n<p>Veltec se toma muy en serio la protecci\u00f3n de sus datos y adopta las medidas adecuadas para evitar el uso indebido, la p\u00e9rdida, el acceso no autorizado, la divulgaci\u00f3n no deseada y la modificaci\u00f3n no autorizada. El sitio web de Veltec utiliza un certificado SSL fiable para garantizar que sus datos personales no est\u00e1n en las manos equivocadas.<\/p>\n<p>Si tiene la impresi\u00f3n de que sus datos no est\u00e1n seguros o de que hay indicios de uso indebido, o si desea m\u00e1s informaci\u00f3n sobre la seguridad de los datos personales recogidos por Veltec, p\u00f3ngase en contacto con Veltec a trav\u00e9s de info@veltec.eu.<\/p>\n<p>Puede ponerse en contacto con Veltec de la siguiente manera<\/p>\n<p>Direcci\u00f3n: Wanraaij 29 M, 6673 DM, ANDELST<br \/>\nN\u00famero de la C\u00e1mara de Comercio (KVK): 39086156<br \/>\nTel\u00e9fono: +31 (0) 36 260 0061<br \/>\nCorreo electr\u00f3nico: info@veltec.eu<\/p>\n<\/div>\n<\/div><\/section><\/div>\n","protected":false},"excerpt":{"rendered":"","protected":false},"author":1,"featured_media":0,"parent":0,"menu_order":0,"comment_status":"closed","ping_status":"closed","template":"","meta":{"footnotes":""},"class_list":["post-3740","page","type-page","status-publish","hentry"],"yoast_head":"<!-- This site is optimized with the Yoast SEO Premium plugin v27.1 (Yoast SEO v27.4) - https:\/\/yoast.com\/product\/yoast-seo-premium-wordpress\/ -->\n<title>Pol\u00edtica de privacidad - Veltec Kirby specialist<\/title>\n<meta name=\"description\" content=\"Pol\u00edtica de privacidad - Todas las condiciones de privacidad del sitio web especializado de Veltec Kirby. Fiable desde hace 25 a\u00f1os.\" \/>\n<meta name=\"robots\" content=\"index, follow, max-snippet:-1, max-image-preview:large, max-video-preview:-1\" \/>\n<link rel=\"canonical\" href=\"https:\/\/www.veltec.eu\/es\/politica-de-privacidad\/\" \/>\n<meta property=\"og:locale\" content=\"es_ES\" \/>\n<meta property=\"og:type\" content=\"article\" \/>\n<meta property=\"og:title\" content=\"Pol\u00edtica de privacidad\" \/>\n<meta property=\"og:url\" content=\"https:\/\/www.veltec.eu\/es\/politica-de-privacidad\/\" \/>\n<meta property=\"og:site_name\" content=\"Veltec Kirby specialist\" \/>\n<meta property=\"article:publisher\" content=\"https:\/\/www.facebook.com\/Veltec-Kirby-Specialist-236746293374877\/\" \/>\n<meta property=\"article:modified_time\" content=\"2024-05-06T10:36:53+00:00\" \/>\n<meta name=\"twitter:card\" content=\"summary_large_image\" \/>\n<meta name=\"twitter:label1\" content=\"Tiempo de lectura\" \/>\n\t<meta name=\"twitter:data1\" content=\"7 minutos\" \/>\n<script type=\"application\/ld+json\" class=\"yoast-schema-graph\">{\"@context\":\"https:\\\/\\\/schema.org\",\"@graph\":[{\"@type\":\"WebPage\",\"@id\":\"https:\\\/\\\/www.veltec.eu\\\/es\\\/politica-de-privacidad\\\/\",\"url\":\"https:\\\/\\\/www.veltec.eu\\\/es\\\/politica-de-privacidad\\\/\",\"name\":\"Pol\u00edtica de privacidad - Veltec Kirby specialist\",\"isPartOf\":{\"@id\":\"https:\\\/\\\/www.veltec.eu\\\/en\\\/#website\"},\"datePublished\":\"2018-10-05T12:28:56+00:00\",\"dateModified\":\"2024-05-06T10:36:53+00:00\",\"description\":\"Pol\u00edtica de privacidad - Todas las condiciones de privacidad del sitio web especializado de Veltec Kirby. Fiable desde hace 25 a\u00f1os.\",\"breadcrumb\":{\"@id\":\"https:\\\/\\\/www.veltec.eu\\\/es\\\/politica-de-privacidad\\\/#breadcrumb\"},\"inLanguage\":\"es\",\"potentialAction\":[{\"@type\":\"ReadAction\",\"target\":[\"https:\\\/\\\/www.veltec.eu\\\/es\\\/politica-de-privacidad\\\/\"]}]},{\"@type\":\"BreadcrumbList\",\"@id\":\"https:\\\/\\\/www.veltec.eu\\\/es\\\/politica-de-privacidad\\\/#breadcrumb\",\"itemListElement\":[{\"@type\":\"ListItem\",\"position\":1,\"name\":\"Home\",\"item\":\"https:\\\/\\\/www.veltec.eu\\\/es\\\/\"},{\"@type\":\"ListItem\",\"position\":2,\"name\":\"Pol\u00edtica de privacidad\"}]},{\"@type\":\"WebSite\",\"@id\":\"https:\\\/\\\/www.veltec.eu\\\/en\\\/#website\",\"url\":\"https:\\\/\\\/www.veltec.eu\\\/en\\\/\",\"name\":\"Veltec Kirby specialist\",\"description\":\"Kirby stofzuiger producten\",\"publisher\":{\"@id\":\"https:\\\/\\\/www.veltec.eu\\\/en\\\/#organization\"},\"potentialAction\":[{\"@type\":\"SearchAction\",\"target\":{\"@type\":\"EntryPoint\",\"urlTemplate\":\"https:\\\/\\\/www.veltec.eu\\\/en\\\/?s={search_term_string}\"},\"query-input\":{\"@type\":\"PropertyValueSpecification\",\"valueRequired\":true,\"valueName\":\"search_term_string\"}}],\"inLanguage\":\"es\"},{\"@type\":\"Organization\",\"@id\":\"https:\\\/\\\/www.veltec.eu\\\/en\\\/#organization\",\"name\":\"Veltec Kirby Specialist\",\"url\":\"https:\\\/\\\/www.veltec.eu\\\/en\\\/\",\"logo\":{\"@type\":\"ImageObject\",\"inLanguage\":\"es\",\"@id\":\"https:\\\/\\\/www.veltec.eu\\\/en\\\/#\\\/schema\\\/logo\\\/image\\\/\",\"url\":\"https:\\\/\\\/www.veltec.eu\\\/wp-content\\\/uploads\\\/2021\\\/12\\\/Veltec-log-groot-e1537260889125.png\",\"contentUrl\":\"https:\\\/\\\/www.veltec.eu\\\/wp-content\\\/uploads\\\/2021\\\/12\\\/Veltec-log-groot-e1537260889125.png\",\"width\":200,\"height\":60,\"caption\":\"Veltec Kirby Specialist\"},\"image\":{\"@id\":\"https:\\\/\\\/www.veltec.eu\\\/en\\\/#\\\/schema\\\/logo\\\/image\\\/\"},\"sameAs\":[\"https:\\\/\\\/www.facebook.com\\\/Veltec-Kirby-Specialist-236746293374877\\\/\",\"https:\\\/\\\/www.youtube.com\\\/user\\\/VeltecService\"]}]}<\/script>\n<!-- \/ Yoast SEO Premium plugin. -->","yoast_head_json":{"title":"Pol\u00edtica de privacidad - Veltec Kirby specialist","description":"Pol\u00edtica de privacidad - Todas las condiciones de privacidad del sitio web especializado de Veltec Kirby. Fiable desde hace 25 a\u00f1os.","robots":{"index":"index","follow":"follow","max-snippet":"max-snippet:-1","max-image-preview":"max-image-preview:large","max-video-preview":"max-video-preview:-1"},"canonical":"https:\/\/www.veltec.eu\/es\/politica-de-privacidad\/","og_locale":"es_ES","og_type":"article","og_title":"Pol\u00edtica de privacidad","og_url":"https:\/\/www.veltec.eu\/es\/politica-de-privacidad\/","og_site_name":"Veltec Kirby specialist","article_publisher":"https:\/\/www.facebook.com\/Veltec-Kirby-Specialist-236746293374877\/","article_modified_time":"2024-05-06T10:36:53+00:00","twitter_card":"summary_large_image","twitter_misc":{"Tiempo de lectura":"7 minutos"},"schema":{"@context":"https:\/\/schema.org","@graph":[{"@type":"WebPage","@id":"https:\/\/www.veltec.eu\/es\/politica-de-privacidad\/","url":"https:\/\/www.veltec.eu\/es\/politica-de-privacidad\/","name":"Pol\u00edtica de privacidad - Veltec Kirby specialist","isPartOf":{"@id":"https:\/\/www.veltec.eu\/en\/#website"},"datePublished":"2018-10-05T12:28:56+00:00","dateModified":"2024-05-06T10:36:53+00:00","description":"Pol\u00edtica de privacidad - Todas las condiciones de privacidad del sitio web especializado de Veltec Kirby. Fiable desde hace 25 a\u00f1os.","breadcrumb":{"@id":"https:\/\/www.veltec.eu\/es\/politica-de-privacidad\/#breadcrumb"},"inLanguage":"es","potentialAction":[{"@type":"ReadAction","target":["https:\/\/www.veltec.eu\/es\/politica-de-privacidad\/"]}]},{"@type":"BreadcrumbList","@id":"https:\/\/www.veltec.eu\/es\/politica-de-privacidad\/#breadcrumb","itemListElement":[{"@type":"ListItem","position":1,"name":"Home","item":"https:\/\/www.veltec.eu\/es\/"},{"@type":"ListItem","position":2,"name":"Pol\u00edtica de privacidad"}]},{"@type":"WebSite","@id":"https:\/\/www.veltec.eu\/en\/#website","url":"https:\/\/www.veltec.eu\/en\/","name":"Veltec Kirby specialist","description":"Kirby stofzuiger producten","publisher":{"@id":"https:\/\/www.veltec.eu\/en\/#organization"},"potentialAction":[{"@type":"SearchAction","target":{"@type":"EntryPoint","urlTemplate":"https:\/\/www.veltec.eu\/en\/?s={search_term_string}"},"query-input":{"@type":"PropertyValueSpecification","valueRequired":true,"valueName":"search_term_string"}}],"inLanguage":"es"},{"@type":"Organization","@id":"https:\/\/www.veltec.eu\/en\/#organization","name":"Veltec Kirby Specialist","url":"https:\/\/www.veltec.eu\/en\/","logo":{"@type":"ImageObject","inLanguage":"es","@id":"https:\/\/www.veltec.eu\/en\/#\/schema\/logo\/image\/","url":"https:\/\/www.veltec.eu\/wp-content\/uploads\/2021\/12\/Veltec-log-groot-e1537260889125.png","contentUrl":"https:\/\/www.veltec.eu\/wp-content\/uploads\/2021\/12\/Veltec-log-groot-e1537260889125.png","width":200,"height":60,"caption":"Veltec Kirby Specialist"},"image":{"@id":"https:\/\/www.veltec.eu\/en\/#\/schema\/logo\/image\/"},"sameAs":["https:\/\/www.facebook.com\/Veltec-Kirby-Specialist-236746293374877\/","https:\/\/www.youtube.com\/user\/VeltecService"]}]}},"_links":{"self":[{"href":"https:\/\/www.veltec.eu\/es\/wp-json\/wp\/v2\/pages\/3740","targetHints":{"allow":["GET"]}}],"collection":[{"href":"https:\/\/www.veltec.eu\/es\/wp-json\/wp\/v2\/pages"}],"about":[{"href":"https:\/\/www.veltec.eu\/es\/wp-json\/wp\/v2\/types\/page"}],"author":[{"embeddable":true,"href":"https:\/\/www.veltec.eu\/es\/wp-json\/wp\/v2\/users\/1"}],"replies":[{"embeddable":true,"href":"https:\/\/www.veltec.eu\/es\/wp-json\/wp\/v2\/comments?post=3740"}],"version-history":[{"count":0,"href":"https:\/\/www.veltec.eu\/es\/wp-json\/wp\/v2\/pages\/3740\/revisions"}],"wp:attachment":[{"href":"https:\/\/www.veltec.eu\/es\/wp-json\/wp\/v2\/media?parent=3740"}],"curies":[{"name":"wp","href":"https:\/\/api.w.org\/{rel}","templated":true}]}}