{"id":3721,"date":"2018-10-05T14:21:41","date_gmt":"2018-10-05T12:21:41","guid":{"rendered":"https:\/\/www.veltec.eu\/politica-de-devolucion\/"},"modified":"2023-12-13T18:13:46","modified_gmt":"2023-12-13T16:13:46","slug":"politica-de-devolucion","status":"publish","type":"page","link":"https:\/\/www.veltec.eu\/es\/politica-de-devolucion\/","title":{"rendered":"Pol\u00edtica de devoluci\u00f3n"},"content":{"rendered":"\n<style type=\"text\/css\" data-created_by=\"avia_inline_auto\" id=\"style-css-av-9uxpx-24a82d43df3c26c45fb35d4e7e9a68c3\">\n.flex_column.av-9uxpx-24a82d43df3c26c45fb35d4e7e9a68c3{\nborder-radius:0px 0px 0px 0px;\npadding:0px 0px 0px 0px;\n}\n<\/style>\n<div  class='flex_column av-9uxpx-24a82d43df3c26c45fb35d4e7e9a68c3 av_one_fifth  avia-builder-el-0  el_before_av_four_fifth  avia-builder-el-first  first flex_column_div av-zero-column-padding  '     ><style type=\"text\/css\" data-created_by=\"avia_inline_auto\" id=\"style-css-av-jn39tm1r-0436aa48d75fc04529b763440e6edc3d\">\n.av_font_icon.av-jn39tm1r-0436aa48d75fc04529b763440e6edc3d{\ncolor:#6786a1;\nborder-color:#6786a1;\n}\n.avia-svg-icon.av-jn39tm1r-0436aa48d75fc04529b763440e6edc3d svg:first-child{\nstroke:#6786a1;\nfill:#6786a1;\n}\n.av_font_icon.av-jn39tm1r-0436aa48d75fc04529b763440e6edc3d .av-icon-char{\nfont-size:40px;\nline-height:40px;\nwidth:40px;\n}\n<\/style>\n<span  class='av_font_icon av-jn39tm1r-0436aa48d75fc04529b763440e6edc3d avia_animate_when_visible av-icon-style-border avia-icon-pos-left avia-iconfont avia-font-entypo-fontello avia-icon-animate'><span class='av-icon-char' data-av_icon='\ue891' data-av_iconfont='entypo-fontello' aria-hidden=\"true\" ><\/span><\/span><\/div>\n\n<style type=\"text\/css\" data-created_by=\"avia_inline_auto\" id=\"style-css-av-z0qt-53f6ea13528e2c4661c269cb63317c92\">\n.flex_column.av-z0qt-53f6ea13528e2c4661c269cb63317c92{\nborder-radius:0px 0px 0px 0px;\npadding:0px 0px 0px 0px;\n}\n<\/style>\n<div  class='flex_column av-z0qt-53f6ea13528e2c4661c269cb63317c92 av_four_fifth  avia-builder-el-2  el_after_av_one_fifth  el_before_av_one_full  flex_column_div av-zero-column-padding  '     ><section  class='av_textblock_section av-jmbr413g-1eb5c1b5de5c67641f7cf4dba23e26ef '   itemscope=\"itemscope\" itemtype=\"https:\/\/schema.org\/CreativeWork\" ><div class='avia_textblock'  itemprop=\"text\" ><h4 class=\"p1\"><strong>Pol\u00edtica de devoluci\u00f3n<\/strong><\/h4>\n<p class=\"p1\">En lo referente al marco de la ley de\u00a0\u00a0&#8216;Venta a distancia&#8217; usted tiene derecho a un periodo de enfriamiento tras haber realizado su compra con Veltec. En otras palabras, con la compra de productos el cliente cuenta con la posibilidad de desistirse del contrato sin indicaci\u00f3n de los motivos durante como m\u00ednimo catorce (14) d\u00edas h\u00e1biles. \u00c9ste t\u00e9rmino se inicia el d\u00eda despu\u00e9s de recibir el producto por o en nombre del cliente.<\/p>\n<p class=\"p1\">Durante este periodo el cliente deber\u00e1 tratar cuidadosamente el producto y el embalaje. No deber\u00e1 extraer el producto o utilizarlo para poder juzgar si desea quedarse con \u00e9l. Siempre que el cliente utilice su derecho de desistimiento, tendr\u00e1 que devolver el producto con todos los accesorios entregados en el estado original y embalaje a Veltec, seg\u00fan las instrucciones razonables concedidas por\u00a0\u00a0Veltec.<\/p>\n<h4>El cliente<\/h4>\n<p class=\"p1\">El cliente mantiene el derecho de devoluci\u00f3n de los productos entregados en el plazo m\u00e1ximo de catorce (14) d\u00edas h\u00e1biles despu\u00e9s de la entrega, sin se\u00f1alar ning\u00fan motivo a Veltec siempre que:<\/p>\n<p class=\"p1\">a. Los costes de devoluci\u00f3n corren a cargo del cliente, los paquetes franqueados incorrectamente no ser\u00e1n aceptados por <a href=\"https:\/\/www.veltec.eu\/es\/\">Veltec<\/a>.<\/p>\n<p class=\"p1\">b. El cliente es responsable de la forma de env\u00edo y el riesgo del paquete\u00a0\u00a0&#8211; \u00e9sta responsabilidad y el riesgo que conlleva son asumidos por el cliente- hasta que Veltec lo haya recibido.<\/p>\n<p class=\"p1\">c. \u00a1\u00a1\u00a1ATENCI\u00d3N !!! Las aspiradoras Kirby reacondicionadas no se pueden devolver).<br \/>\nEsto se debe a que estos son reacondicionados en el orden del comprador. Para ello se invierten horas de trabajo y se compran piezas de motor nuevas especialmente para este fin que luego se montan en la aspiradora Kirby pedida. Una vez montados, estos productos no se pueden desmontar. Se trata de un servicio totalmente ejecutado, para lo cual se aplica que antes de realizar su pedido usted ha aceptado expl\u00edcitamente el inicio del servicio, as\u00ed como el hecho de que no se puede cancelar despu\u00e9s de la plena ejecuci\u00f3n del acuerdo.<\/p>\n<p class=\"p1\">d. Los productos entregados se encuentran en el embalaje\u00a0\u00a0original no da\u00f1ado. (Paquetes originales que hayan sido abiertos \u00a1no se pueden devolver!)<\/p>\n<p class=\"p1\">La revocaci\u00f3n cuenta c\u00f3mo cl\u00e1usula de vencimiento por la cual el cliente tiene el derecho de\u00a0\u00a0reembolso de lo que se haya pagado.<\/p>\n<p>direcci\u00f3n del remitente<\/p>\n<p>Wanraaij 29M, 6673 DM, Andelst (Netherlands)<\/p>\n<\/div><\/section><\/div>\n<div  class='flex_column av-av_one_full-a93934ecd89fbb8a9566d39e89cd3725 av_one_full  avia-builder-el-4  el_after_av_four_fifth  avia-builder-el-last  first flex_column_div  '     ><section  class='av_textblock_section av-ky1c43sj-bd90f4acfa011243294ea4b83ecb7079 '   itemscope=\"itemscope\" itemtype=\"https:\/\/schema.org\/CreativeWork\" ><div class='avia_textblock'  itemprop=\"text\" >\n<style type=\"text\/css\" data-created_by=\"avia_inline_auto\" id=\"style-css-av-6u01i-294e84c5e5ccbb05371eb2d59b098352\">\n#top .hr.hr-invisible.av-6u01i-294e84c5e5ccbb05371eb2d59b098352{\nheight:50px;\n}\n<\/style>\n<div  class='hr av-6u01i-294e84c5e5ccbb05371eb2d59b098352 hr-invisible  avia-builder-el-6  avia-builder-el-no-sibling '><span class='hr-inner '><span class=\"hr-inner-style\"><\/span><\/span><\/div>\n<p><img decoding=\"async\" class=\"aligncenter wp-image-44337 size-full\" src=\"https:\/\/www.veltec.eu\/wp-content\/uploads\/2021\/12\/Veltec-log-groot-e1537260889125.png\" alt=\"Pol\u00edtica de devoluci\u00f3n\" width=\"200\" height=\"60\" \/><\/p>\n<p><!-- TrustBox widget - Starter --><\/p>\n<div class=\"trustpilot-widget\" data-locale=\"es-ES\" data-template-id=\"5613c9cde69ddc09340c6beb\" data-businessunit-id=\"4e1b158d00006400051028e4\" data-style-height=\"100%\" data-style-width=\"100%\" data-theme=\"light\"><a href=\"https:\/\/es.trustpilot.com\/review\/www.veltec.eu\" target=\"_blank\" rel=\"noopener\"><img decoding=\"async\" class=\"wp-image-55260 size-full aligncenter\" src=\"https:\/\/www.veltec.eu\/wp-content\/uploads\/2023\/12\/ES.jpg\" alt=\"\" width=\"700\" height=\"67\" srcset=\"https:\/\/www.veltec.eu\/wp-content\/uploads\/2023\/12\/ES.jpg 700w, https:\/\/www.veltec.eu\/wp-content\/uploads\/2023\/12\/ES-300x29.jpg 300w, https:\/\/www.veltec.eu\/wp-content\/uploads\/2023\/12\/ES-450x43.jpg 450w, https:\/\/www.veltec.eu\/wp-content\/uploads\/2023\/12\/ES-600x57.jpg 600w, https:\/\/www.veltec.eu\/wp-content\/uploads\/2023\/12\/ES-190x18.jpg 190w\" sizes=\"(max-width: 700px) 100vw, 700px\" \/><\/a><\/div>\n<div data-locale=\"es-ES\" data-template-id=\"5613c9cde69ddc09340c6beb\" data-businessunit-id=\"4e1b158d00006400051028e4\" data-style-height=\"100%\" data-style-width=\"100%\" data-theme=\"light\"><\/div>\n<div style=\"text-align: center;\" data-locale=\"es-ES\" data-template-id=\"5613c9cde69ddc09340c6beb\" data-businessunit-id=\"4e1b158d00006400051028e4\" data-style-height=\"100%\" data-style-width=\"100%\" data-theme=\"light\">Veltec es un importante proveedor de la gama m\u00e1s alta de aspiradoras y accesorios Kirby.<\/div>\n<p><!-- End TrustBox widget --><\/p>\n<\/div><\/section><\/div>\n","protected":false},"excerpt":{"rendered":"","protected":false},"author":1,"featured_media":0,"parent":0,"menu_order":0,"comment_status":"closed","ping_status":"closed","template":"","meta":{"_acf_changed":false,"footnotes":""},"class_list":["post-3721","page","type-page","status-publish","hentry"],"acf":[],"yoast_head":"<!-- This site is optimized with the Yoast SEO Premium plugin v27.1 (Yoast SEO v27.4) - https:\/\/yoast.com\/product\/yoast-seo-premium-wordpress\/ -->\n<title>Pol\u00edtica de devoluci\u00f3n - Veltec Kirby specialist<\/title>\n<meta name=\"description\" content=\"Pol\u00edtica de devoluci\u00f3n. Veltec es un importante proveedor de la gama m\u00e1s alta de aspiradoras y accesorios Kirby.\" \/>\n<meta name=\"robots\" content=\"index, follow, max-snippet:-1, max-image-preview:large, max-video-preview:-1\" \/>\n<link rel=\"canonical\" href=\"https:\/\/www.veltec.eu\/nl\/retourbeleid\/\" \/>\n<meta property=\"og:locale\" content=\"es_ES\" \/>\n<meta property=\"og:type\" content=\"article\" \/>\n<meta property=\"og:title\" content=\"Pol\u00edtica de devoluci\u00f3n\" \/>\n<meta property=\"og:url\" content=\"https:\/\/www.veltec.eu\/nl\/retourbeleid\/\" \/>\n<meta property=\"og:site_name\" content=\"Veltec Kirby specialist\" \/>\n<meta property=\"article:publisher\" content=\"https:\/\/www.facebook.com\/Veltec-Kirby-Specialist-236746293374877\/\" \/>\n<meta property=\"article:modified_time\" content=\"2023-12-13T16:13:46+00:00\" \/>\n<meta property=\"og:image\" content=\"https:\/\/www.veltec.eu\/wp-content\/uploads\/2021\/12\/Veltec-log-groot-e1537260889125.png\" \/>\n<meta name=\"twitter:card\" content=\"summary_large_image\" \/>\n<meta name=\"twitter:label1\" content=\"Tiempo de lectura\" \/>\n\t<meta name=\"twitter:data1\" content=\"4 minutos\" \/>\n<script type=\"application\/ld+json\" class=\"yoast-schema-graph\">{\"@context\":\"https:\\\/\\\/schema.org\",\"@graph\":[{\"@type\":\"WebPage\",\"@id\":\"https:\\\/\\\/www.veltec.eu\\\/nl\\\/retourbeleid\\\/\",\"url\":\"https:\\\/\\\/www.veltec.eu\\\/nl\\\/retourbeleid\\\/\",\"name\":\"Pol\u00edtica de devoluci\u00f3n - Veltec Kirby specialist\",\"isPartOf\":{\"@id\":\"https:\\\/\\\/www.veltec.eu\\\/en\\\/#website\"},\"primaryImageOfPage\":{\"@id\":\"https:\\\/\\\/www.veltec.eu\\\/nl\\\/retourbeleid\\\/#primaryimage\"},\"image\":{\"@id\":\"https:\\\/\\\/www.veltec.eu\\\/nl\\\/retourbeleid\\\/#primaryimage\"},\"thumbnailUrl\":\"https:\\\/\\\/www.veltec.eu\\\/wp-content\\\/uploads\\\/2021\\\/12\\\/Veltec-log-groot-e1537260889125.png\",\"datePublished\":\"2018-10-05T12:21:41+00:00\",\"dateModified\":\"2023-12-13T16:13:46+00:00\",\"description\":\"Pol\u00edtica de devoluci\u00f3n. Veltec es un importante proveedor de la gama m\u00e1s alta de aspiradoras y accesorios Kirby.\",\"breadcrumb\":{\"@id\":\"https:\\\/\\\/www.veltec.eu\\\/nl\\\/retourbeleid\\\/#breadcrumb\"},\"inLanguage\":\"es\",\"potentialAction\":[{\"@type\":\"ReadAction\",\"target\":[\"https:\\\/\\\/www.veltec.eu\\\/nl\\\/retourbeleid\\\/\"]}]},{\"@type\":\"ImageObject\",\"inLanguage\":\"es\",\"@id\":\"https:\\\/\\\/www.veltec.eu\\\/nl\\\/retourbeleid\\\/#primaryimage\",\"url\":\"https:\\\/\\\/www.veltec.eu\\\/wp-content\\\/uploads\\\/2021\\\/12\\\/Veltec-log-groot-e1537260889125.png\",\"contentUrl\":\"https:\\\/\\\/www.veltec.eu\\\/wp-content\\\/uploads\\\/2021\\\/12\\\/Veltec-log-groot-e1537260889125.png\"},{\"@type\":\"BreadcrumbList\",\"@id\":\"https:\\\/\\\/www.veltec.eu\\\/nl\\\/retourbeleid\\\/#breadcrumb\",\"itemListElement\":[{\"@type\":\"ListItem\",\"position\":1,\"name\":\"Home\",\"item\":\"https:\\\/\\\/www.veltec.eu\\\/es\\\/pagina-de-inicio\\\/\"},{\"@type\":\"ListItem\",\"position\":2,\"name\":\"Pol\u00edtica de devoluci\u00f3n\"}]},{\"@type\":\"WebSite\",\"@id\":\"https:\\\/\\\/www.veltec.eu\\\/en\\\/#website\",\"url\":\"https:\\\/\\\/www.veltec.eu\\\/en\\\/\",\"name\":\"Veltec Kirby specialist\",\"description\":\"Kirby stofzuiger producten\",\"publisher\":{\"@id\":\"https:\\\/\\\/www.veltec.eu\\\/en\\\/#organization\"},\"potentialAction\":[{\"@type\":\"SearchAction\",\"target\":{\"@type\":\"EntryPoint\",\"urlTemplate\":\"https:\\\/\\\/www.veltec.eu\\\/en\\\/?s={search_term_string}\"},\"query-input\":{\"@type\":\"PropertyValueSpecification\",\"valueRequired\":true,\"valueName\":\"search_term_string\"}}],\"inLanguage\":\"es\"},{\"@type\":\"Organization\",\"@id\":\"https:\\\/\\\/www.veltec.eu\\\/en\\\/#organization\",\"name\":\"Veltec Kirby Specialist\",\"url\":\"https:\\\/\\\/www.veltec.eu\\\/en\\\/\",\"logo\":{\"@type\":\"ImageObject\",\"inLanguage\":\"es\",\"@id\":\"https:\\\/\\\/www.veltec.eu\\\/en\\\/#\\\/schema\\\/logo\\\/image\\\/\",\"url\":\"https:\\\/\\\/www.veltec.eu\\\/wp-content\\\/uploads\\\/2021\\\/12\\\/Veltec-log-groot-e1537260889125.png\",\"contentUrl\":\"https:\\\/\\\/www.veltec.eu\\\/wp-content\\\/uploads\\\/2021\\\/12\\\/Veltec-log-groot-e1537260889125.png\",\"width\":200,\"height\":60,\"caption\":\"Veltec Kirby Specialist\"},\"image\":{\"@id\":\"https:\\\/\\\/www.veltec.eu\\\/en\\\/#\\\/schema\\\/logo\\\/image\\\/\"},\"sameAs\":[\"https:\\\/\\\/www.facebook.com\\\/Veltec-Kirby-Specialist-236746293374877\\\/\",\"https:\\\/\\\/www.youtube.com\\\/user\\\/VeltecService\"]}]}<\/script>\n<!-- \/ Yoast SEO Premium plugin. -->","yoast_head_json":{"title":"Pol\u00edtica de devoluci\u00f3n - Veltec Kirby specialist","description":"Pol\u00edtica de devoluci\u00f3n. Veltec es un importante proveedor de la gama m\u00e1s alta de aspiradoras y accesorios Kirby.","robots":{"index":"index","follow":"follow","max-snippet":"max-snippet:-1","max-image-preview":"max-image-preview:large","max-video-preview":"max-video-preview:-1"},"canonical":"https:\/\/www.veltec.eu\/nl\/retourbeleid\/","og_locale":"es_ES","og_type":"article","og_title":"Pol\u00edtica de devoluci\u00f3n","og_url":"https:\/\/www.veltec.eu\/nl\/retourbeleid\/","og_site_name":"Veltec Kirby specialist","article_publisher":"https:\/\/www.facebook.com\/Veltec-Kirby-Specialist-236746293374877\/","article_modified_time":"2023-12-13T16:13:46+00:00","og_image":[{"url":"https:\/\/www.veltec.eu\/wp-content\/uploads\/2021\/12\/Veltec-log-groot-e1537260889125.png","type":"","width":"","height":""}],"twitter_card":"summary_large_image","twitter_misc":{"Tiempo de lectura":"4 minutos"},"schema":{"@context":"https:\/\/schema.org","@graph":[{"@type":"WebPage","@id":"https:\/\/www.veltec.eu\/nl\/retourbeleid\/","url":"https:\/\/www.veltec.eu\/nl\/retourbeleid\/","name":"Pol\u00edtica de devoluci\u00f3n - Veltec Kirby specialist","isPartOf":{"@id":"https:\/\/www.veltec.eu\/en\/#website"},"primaryImageOfPage":{"@id":"https:\/\/www.veltec.eu\/nl\/retourbeleid\/#primaryimage"},"image":{"@id":"https:\/\/www.veltec.eu\/nl\/retourbeleid\/#primaryimage"},"thumbnailUrl":"https:\/\/www.veltec.eu\/wp-content\/uploads\/2021\/12\/Veltec-log-groot-e1537260889125.png","datePublished":"2018-10-05T12:21:41+00:00","dateModified":"2023-12-13T16:13:46+00:00","description":"Pol\u00edtica de devoluci\u00f3n. Veltec es un importante proveedor de la gama m\u00e1s alta de aspiradoras y accesorios Kirby.","breadcrumb":{"@id":"https:\/\/www.veltec.eu\/nl\/retourbeleid\/#breadcrumb"},"inLanguage":"es","potentialAction":[{"@type":"ReadAction","target":["https:\/\/www.veltec.eu\/nl\/retourbeleid\/"]}]},{"@type":"ImageObject","inLanguage":"es","@id":"https:\/\/www.veltec.eu\/nl\/retourbeleid\/#primaryimage","url":"https:\/\/www.veltec.eu\/wp-content\/uploads\/2021\/12\/Veltec-log-groot-e1537260889125.png","contentUrl":"https:\/\/www.veltec.eu\/wp-content\/uploads\/2021\/12\/Veltec-log-groot-e1537260889125.png"},{"@type":"BreadcrumbList","@id":"https:\/\/www.veltec.eu\/nl\/retourbeleid\/#breadcrumb","itemListElement":[{"@type":"ListItem","position":1,"name":"Home","item":"https:\/\/www.veltec.eu\/es\/pagina-de-inicio\/"},{"@type":"ListItem","position":2,"name":"Pol\u00edtica de devoluci\u00f3n"}]},{"@type":"WebSite","@id":"https:\/\/www.veltec.eu\/en\/#website","url":"https:\/\/www.veltec.eu\/en\/","name":"Veltec Kirby specialist","description":"Kirby stofzuiger producten","publisher":{"@id":"https:\/\/www.veltec.eu\/en\/#organization"},"potentialAction":[{"@type":"SearchAction","target":{"@type":"EntryPoint","urlTemplate":"https:\/\/www.veltec.eu\/en\/?s={search_term_string}"},"query-input":{"@type":"PropertyValueSpecification","valueRequired":true,"valueName":"search_term_string"}}],"inLanguage":"es"},{"@type":"Organization","@id":"https:\/\/www.veltec.eu\/en\/#organization","name":"Veltec Kirby Specialist","url":"https:\/\/www.veltec.eu\/en\/","logo":{"@type":"ImageObject","inLanguage":"es","@id":"https:\/\/www.veltec.eu\/en\/#\/schema\/logo\/image\/","url":"https:\/\/www.veltec.eu\/wp-content\/uploads\/2021\/12\/Veltec-log-groot-e1537260889125.png","contentUrl":"https:\/\/www.veltec.eu\/wp-content\/uploads\/2021\/12\/Veltec-log-groot-e1537260889125.png","width":200,"height":60,"caption":"Veltec Kirby Specialist"},"image":{"@id":"https:\/\/www.veltec.eu\/en\/#\/schema\/logo\/image\/"},"sameAs":["https:\/\/www.facebook.com\/Veltec-Kirby-Specialist-236746293374877\/","https:\/\/www.youtube.com\/user\/VeltecService"]}]}},"_links":{"self":[{"href":"https:\/\/www.veltec.eu\/es\/wp-json\/wp\/v2\/pages\/3721","targetHints":{"allow":["GET"]}}],"collection":[{"href":"https:\/\/www.veltec.eu\/es\/wp-json\/wp\/v2\/pages"}],"about":[{"href":"https:\/\/www.veltec.eu\/es\/wp-json\/wp\/v2\/types\/page"}],"author":[{"embeddable":true,"href":"https:\/\/www.veltec.eu\/es\/wp-json\/wp\/v2\/users\/1"}],"replies":[{"embeddable":true,"href":"https:\/\/www.veltec.eu\/es\/wp-json\/wp\/v2\/comments?post=3721"}],"version-history":[{"count":0,"href":"https:\/\/www.veltec.eu\/es\/wp-json\/wp\/v2\/pages\/3721\/revisions"}],"wp:attachment":[{"href":"https:\/\/www.veltec.eu\/es\/wp-json\/wp\/v2\/media?parent=3721"}],"curies":[{"name":"wp","href":"https:\/\/api.w.org\/{rel}","templated":true}]}}