{"id":3719,"date":"2018-10-05T14:19:13","date_gmt":"2018-10-05T12:19:13","guid":{"rendered":"https:\/\/www.veltec.eu\/servicio-al-cliente\/"},"modified":"2026-05-06T11:08:39","modified_gmt":"2026-05-06T09:08:39","slug":"servicio-al-cliente","status":"publish","type":"page","link":"https:\/\/www.veltec.eu\/es\/servicio-al-cliente\/","title":{"rendered":"Servicio al cliente"},"content":{"rendered":"\n<style type=\"text\/css\" data-created_by=\"avia_inline_auto\" id=\"style-css-av-7zxoi-9237fb34409ded3af3f5e8272d6b2973\">\n.flex_column.av-7zxoi-9237fb34409ded3af3f5e8272d6b2973{\nborder-radius:0px 0px 0px 0px;\npadding:0px 0px 0px 0px;\n}\n<\/style>\n<div  class='flex_column av-7zxoi-9237fb34409ded3af3f5e8272d6b2973 av_one_full  avia-builder-el-0  el_before_av_one_full  avia-builder-el-first  first flex_column_div av-zero-column-padding  '     ><style type=\"text\/css\" data-created_by=\"avia_inline_auto\" id=\"style-css-av-jn2rdjta-bc26aeb7ab6f07cee0c4d1162d993832\">\n.avia-image-container.av-jn2rdjta-bc26aeb7ab6f07cee0c4d1162d993832 img.avia_image{\nbox-shadow:none;\n}\n.avia-image-container.av-jn2rdjta-bc26aeb7ab6f07cee0c4d1162d993832 .av-caption-image-overlay-bg{\nopacity:0.4;\nbackground-color:#6786a1;\n}\n.avia-image-container.av-jn2rdjta-bc26aeb7ab6f07cee0c4d1162d993832 .av-image-caption-overlay-center{\ncolor:#ffffff;\n}\n<\/style>\n<div  class='avia-image-container av-jn2rdjta-bc26aeb7ab6f07cee0c4d1162d993832 av-styling- avia-align-center  avia-builder-el-1  avia-builder-el-no-sibling  noHover av-overlay-hover-deactivate'   itemprop=\"image\" itemscope=\"itemscope\" itemtype=\"https:\/\/schema.org\/ImageObject\" ><div class=\"avia-image-container-inner\"><div class=\"avia-image-overlay-wrap\"><div class=\"av-image-caption-overlay\"><div class=\"av-caption-image-overlay-bg\"><\/div><div class=\"av-image-caption-overlay-position\"><div class=\"av-image-caption-overlay-center\"><\/div><\/div><\/div><img decoding=\"async\" fetchpriority=\"high\" class='wp-image- avia-img-lazy-loading-not- avia_image ' src=\"https:\/\/www.veltec.eu\/wp-content\/uploads\/2018\/09\/hero_customer_services_3.jpg\" alt='' title=''   itemprop=\"thumbnailUrl\"  \/><\/div><\/div><\/div><\/div>\n\n<style type=\"text\/css\" data-created_by=\"avia_inline_auto\" id=\"style-css-av-9dtz6-1a9e29acae5b2e09e007b82897f3e1c4\">\n.flex_column.av-9dtz6-1a9e29acae5b2e09e007b82897f3e1c4{\nborder-radius:0px 0px 0px 0px;\npadding:0px 0px 0px 0px;\n}\n<\/style>\n<div  class='flex_column av-9dtz6-1a9e29acae5b2e09e007b82897f3e1c4 av_one_full  avia-builder-el-2  el_after_av_one_full  el_before_av_one_fifth  first flex_column_div av-zero-column-padding  column-top-margin'     ><section  class='av_textblock_section av-jmbr3ff1-71fd9b974755d908fb1aa5f583c0366e '   itemscope=\"itemscope\" itemtype=\"https:\/\/schema.org\/CreativeWork\" ><div class='avia_textblock'  itemprop=\"text\" ><h2>Veltec Kirby Especialista Servicio al Cliente<\/h2>\n<p>Servicio al cliente. Con habilidad y contenido.<\/p>\n<p>Veltec Kirby Especialista cuenta con su propio servicio al cliente. Aqu\u00ed hay un equipo entusiasta y profesional preparado para responder a todas sus preguntas.<br \/>\nCada miembro del equipo tiene su propio campo de especializaci\u00f3n, mediante el cual usted siempre tendr\u00e1 informaci\u00f3n detallada.<\/p>\n<p>Nuestros empleados est\u00e1n entrenados constantemente para ofrecerle la mejor informaci\u00f3n y asesoramiento. Las especializaciones se dividen en varios grupos.<br \/>\n(Servicio al Cliente General), (Servicio T\u00e9cnico), y (Servicio de Fallos).<\/p>\n<h2>Servicio<\/h2>\n<p>Nos encantar\u00eda o\u00edr de usted lo que va bien, pero tambi\u00e9n recomendaciones para mejorar, para \u00a0poder servirle mejor.<\/p>\n<p>Le estaremos esperando en los d\u00edas h\u00e1biles de 09:00 a las17:00 horas en los siguientes n\u00fameros telef\u00f3nicos.<br \/>\nPor supuesto usted tambi\u00e9n puede comunicarse con nosotros por correo electr\u00f3nico.<\/p>\n<p>Servicio al Cliente:\u00a0+31 0 36 260 00 61<\/p>\n<p>Direcci\u00f3n de env\u00edo: <span class=\"\">Wanraaij 29 M\u00a0 <\/span><span class=\"\">6673 DM ANDELST <\/span><span class=\"\">Netherlands<\/span><\/p>\n<\/div><\/section><\/div>\n\n<style type=\"text\/css\" data-created_by=\"avia_inline_auto\" id=\"style-css-av-gqa1e-223fcada78285c204eba15a49b23dd00\">\n.flex_column.av-gqa1e-223fcada78285c204eba15a49b23dd00{\nborder-radius:0px 0px 0px 0px;\npadding:0px 0px 0px 0px;\n}\n<\/style>\n<div  class='flex_column av-gqa1e-223fcada78285c204eba15a49b23dd00 av_one_fifth  avia-builder-el-4  el_after_av_one_full  el_before_av_four_fifth  first flex_column_div av-zero-column-padding  column-top-margin'     ><style type=\"text\/css\" data-created_by=\"avia_inline_auto\" id=\"style-css-av-jn3anh3w-623bce81d3d498d010134b0678b9fe01\">\n.av_font_icon.av-jn3anh3w-623bce81d3d498d010134b0678b9fe01{\ncolor:#6786a1;\nborder-color:#6786a1;\n}\n.avia-svg-icon.av-jn3anh3w-623bce81d3d498d010134b0678b9fe01 svg:first-child{\nstroke:#6786a1;\nfill:#6786a1;\n}\n.av_font_icon.av-jn3anh3w-623bce81d3d498d010134b0678b9fe01 .av-icon-char{\nfont-size:40px;\nline-height:40px;\nwidth:40px;\n}\n<\/style>\n<span  class='av_font_icon av-jn3anh3w-623bce81d3d498d010134b0678b9fe01 avia_animate_when_visible av-icon-style-border avia-icon-pos-right avia-iconfont avia-font-entypo-fontello'><span class='av-icon-char' data-av_icon='\ue854' data-av_iconfont='entypo-fontello' aria-hidden=\"true\" ><\/span><\/span><\/div>\n\n<style type=\"text\/css\" data-created_by=\"avia_inline_auto\" id=\"style-css-av-9ybmq-735723168ec1b63139f20fa9e3e5d66d\">\n.flex_column.av-9ybmq-735723168ec1b63139f20fa9e3e5d66d{\nborder-radius:0px 0px 0px 0px;\npadding:0px 0px 0px 0px;\n}\n<\/style>\n<div  class='flex_column av-9ybmq-735723168ec1b63139f20fa9e3e5d66d av_four_fifth  avia-builder-el-6  el_after_av_one_fifth  el_before_av_one_full  flex_column_div av-zero-column-padding  column-top-margin'     ><section  class='av_textblock_section av-jn3amtzv-53739c77c534023f4c3153a9fd5104a3 '   itemscope=\"itemscope\" itemtype=\"https:\/\/schema.org\/CreativeWork\" ><div class='avia_textblock'  itemprop=\"text\" ><p>Servicio al Cliente: \u00a0 <strong>\u00a0\u00a0\u00a0\u00a0 +31 (0)36 260 00 61\u00a0<\/strong><br \/>\nServicio t\u00e9cnico:<strong>\u00a0\u00a0\u00a0\u00a0\u00a0\u00a0\u00a0\u00a0\u00a0\u00a0\u00a0 +31 (0)36 540 20 40<\/strong><\/p>\n<p>E-mail:\u00a0\u00a0\u00a0\u00a0\u00a0\u00a0\u00a0\u00a0\u00a0\u00a0\u00a0\u00a0\u00a0\u00a0\u00a0\u00a0\u00a0\u00a0\u00a0\u00a0\u00a0 <strong><a href=\"mailto:info@veltec.eu\">info@veltec.eu<\/a><\/strong><\/p>\n<\/div><\/section><\/div>\n\n<style type=\"text\/css\" data-created_by=\"avia_inline_auto\" id=\"style-css-av-8ps8i-a4b47fbe51ea1572303b44b9b389825e\">\n.flex_column.av-8ps8i-a4b47fbe51ea1572303b44b9b389825e{\nborder-radius:0px 0px 0px 0px;\npadding:0px 0px 0px 0px;\n}\n<\/style>\n<div  class='flex_column av-8ps8i-a4b47fbe51ea1572303b44b9b389825e av_one_full  avia-builder-el-8  el_after_av_four_fifth  el_before_av_one_fifth  first flex_column_div av-zero-column-padding  '     ><\/div>\n\n<style type=\"text\/css\" data-created_by=\"avia_inline_auto\" id=\"style-css-av-gqa1e-223fcada78285c204eba15a49b23dd00\">\n.flex_column.av-gqa1e-223fcada78285c204eba15a49b23dd00{\nborder-radius:0px 0px 0px 0px;\npadding:0px 0px 0px 0px;\n}\n<\/style>\n<div  class='flex_column av-gqa1e-223fcada78285c204eba15a49b23dd00 av_one_fifth  avia-builder-el-9  el_after_av_one_full  el_before_av_four_fifth  first flex_column_div av-zero-column-padding  column-top-margin'     ><style type=\"text\/css\" data-created_by=\"avia_inline_auto\" id=\"style-css-av-jn3anh3w-fd83ccacdd58b37c45d6939fab3ea051\">\n.av_font_icon.av-jn3anh3w-fd83ccacdd58b37c45d6939fab3ea051{\ncolor:#6786a1;\nborder-color:#6786a1;\n}\n.avia-svg-icon.av-jn3anh3w-fd83ccacdd58b37c45d6939fab3ea051 svg:first-child{\nstroke:#6786a1;\nfill:#6786a1;\n}\n.av_font_icon.av-jn3anh3w-fd83ccacdd58b37c45d6939fab3ea051 .av-icon-char{\nfont-size:40px;\nline-height:40px;\nwidth:40px;\n}\n<\/style>\n<span  class='av_font_icon av-jn3anh3w-fd83ccacdd58b37c45d6939fab3ea051 avia_animate_when_visible av-icon-style-border avia-icon-pos-right avia-iconfont avia-font-entypo-fontello'><span class='av-icon-char' data-av_icon='\ue821' data-av_iconfont='entypo-fontello' aria-hidden=\"true\" ><\/span><\/span><\/div>\n\n<style type=\"text\/css\" data-created_by=\"avia_inline_auto\" id=\"style-css-av-9ybmq-735723168ec1b63139f20fa9e3e5d66d\">\n.flex_column.av-9ybmq-735723168ec1b63139f20fa9e3e5d66d{\nborder-radius:0px 0px 0px 0px;\npadding:0px 0px 0px 0px;\n}\n<\/style>\n<div  class='flex_column av-9ybmq-735723168ec1b63139f20fa9e3e5d66d av_four_fifth  avia-builder-el-11  el_after_av_one_fifth  el_before_av_hr  flex_column_div av-zero-column-padding  column-top-margin'     ><section  class='av_textblock_section av-jn3amtzv-8d8ef57d1acdd943f918a97d6d4dc495 '   itemscope=\"itemscope\" itemtype=\"https:\/\/schema.org\/CreativeWork\" ><div class='avia_textblock'  itemprop=\"text\" ><div class=\"\"><span class=\"\">Veltec Kirby specialist<\/span><\/div>\n<div class=\"\"><span class=\"\">Wanraaij 29 M<\/span><\/div>\n<div class=\"\"><span class=\"\">6673 DM ANDELST<\/span><\/div>\n<div class=\"\"><span class=\"\">Netherlands<\/span><\/div>\n<\/div><\/section><\/div>\n\n<style type=\"text\/css\" data-created_by=\"avia_inline_auto\" id=\"style-css-av-ky08cfr2-b1cf054a7437f6942e30404af0d9676b\">\n#top .hr.hr-invisible.av-ky08cfr2-b1cf054a7437f6942e30404af0d9676b{\nheight:50px;\n}\n<\/style>\n<div  class='hr av-ky08cfr2-b1cf054a7437f6942e30404af0d9676b hr-invisible  avia-builder-el-13  el_after_av_four_fifth  el_before_av_textblock '><span class='hr-inner '><span class=\"hr-inner-style\"><\/span><\/span><\/div>\n<section  class='av_textblock_section av-ky08zb0y-fcf4bd3bb5b5c49073f15621b6a86bfb '   itemscope=\"itemscope\" itemtype=\"https:\/\/schema.org\/CreativeWork\" ><div class='avia_textblock'  itemprop=\"text\" ><h4>Veltec<\/h4>\n<p>Veltec es un importante proveedor de la gama m\u00e1s alta de aspiradoras y accesorios Kirby. Hemos estado suministrando\u00a0<a href=\"https:\/\/www.veltec.eu\/es\/aspiradora-kirby\/\">aspiradoras Kirby<\/a> para particulares y empresas durante m\u00e1s de 25 a\u00f1os. La <a href=\"https:\/\/www.veltec.eu\/es\/tienda-kirby\/\">tienda virtual de aspiradoras Kirby<\/a> da servicio a todas las aspiradoras y accesorios Kirby originales y revisados. La tienda virtual de aspiradoras Kirby tiene en existencias m\u00e1s de 180 productos originales para aspiradoras. Por consiguiente, las bolsas para\u00a0aspiradoras Kirby, las aspiradoras profesionales Kirby y las piezas de repuesto originales Kirby nunca estar\u00e1n a m\u00e1s de unos pocos clics. Como servicio adicional, le ofrecemos los v\u00eddeos de instrucciones de aspiradoras Veltec Kirby m\u00e1s \u00fatiles. Todos los productos son f\u00e1ciles de comprar en la tienda virtual Kirby. Si pide su producto Kirby hoy, se le entregar\u00e1 en un plazo de 3 d\u00edas laborables.<\/p>\n\n<style type=\"text\/css\" data-created_by=\"avia_inline_auto\" id=\"style-css-av-6u01i-294e84c5e5ccbb05371eb2d59b098352\">\n#top .hr.hr-invisible.av-6u01i-294e84c5e5ccbb05371eb2d59b098352{\nheight:50px;\n}\n<\/style>\n<div  class='hr av-6u01i-294e84c5e5ccbb05371eb2d59b098352 hr-invisible  avia-builder-el-15  avia-builder-el-no-sibling '><span class='hr-inner '><span class=\"hr-inner-style\"><\/span><\/span><\/div>\n<p><img decoding=\"async\" class=\"aligncenter wp-image-44337 size-full\" src=\"https:\/\/www.veltec.eu\/wp-content\/uploads\/2021\/12\/Veltec-log-groot-e1537260889125.png\" alt=\"Servicio al cliente\" width=\"200\" height=\"60\" \/><\/p>\n<p><!-- TrustBox widget - Starter --><\/p>\n<div class=\"trustpilot-widget\" data-locale=\"es-ES\" data-template-id=\"5613c9cde69ddc09340c6beb\" data-businessunit-id=\"4e1b158d00006400051028e4\" data-style-height=\"100%\" data-style-width=\"100%\" data-theme=\"light\"><a href=\"https:\/\/es.trustpilot.com\/review\/www.veltec.eu\" target=\"_blank\" rel=\"noopener noreferrer\">Trustpilot<\/a><\/div>\n<p><!-- End TrustBox widget --><\/p>\n<\/div><\/section>\n","protected":false},"excerpt":{"rendered":"","protected":false},"author":1,"featured_media":0,"parent":0,"menu_order":0,"comment_status":"closed","ping_status":"closed","template":"","meta":{"_acf_changed":false,"footnotes":""},"class_list":["post-3719","page","type-page","status-publish","hentry"],"acf":[],"yoast_head":"<!-- This site is optimized with the Yoast SEO Premium plugin v27.1 (Yoast SEO v27.5) - https:\/\/yoast.com\/product\/yoast-seo-premium-wordpress\/ -->\n<title>Servicio al cliente - Veltec Kirby specialist<\/title>\n<meta name=\"description\" content=\"\u00bfTiene alguna pregunta? \u00bfHay algo que no cumple sus expectativas? O si necesita ayuda, utilice nuestro servicio de atenci\u00f3n al cliente.\" \/>\n<meta name=\"robots\" content=\"index, follow, max-snippet:-1, max-image-preview:large, max-video-preview:-1\" \/>\n<link rel=\"canonical\" href=\"https:\/\/www.veltec.eu\/es\/servicio-al-cliente\/\" \/>\n<meta property=\"og:locale\" content=\"es_ES\" \/>\n<meta property=\"og:type\" content=\"article\" \/>\n<meta property=\"og:title\" content=\"Servicio al cliente\" \/>\n<meta property=\"og:url\" content=\"https:\/\/www.veltec.eu\/es\/servicio-al-cliente\/\" \/>\n<meta property=\"og:site_name\" content=\"Veltec Kirby specialist\" \/>\n<meta property=\"article:publisher\" content=\"https:\/\/www.facebook.com\/Veltec-Kirby-Specialist-236746293374877\/\" \/>\n<meta property=\"article:modified_time\" content=\"2026-05-06T09:08:39+00:00\" \/>\n<meta property=\"og:image\" content=\"https:\/\/www.veltec.eu\/wp-content\/uploads\/2021\/12\/Veltec-log-groot-e1537260889125.png\" \/>\n<meta name=\"twitter:card\" content=\"summary_large_image\" \/>\n<meta name=\"twitter:label1\" content=\"Tiempo de lectura\" \/>\n\t<meta name=\"twitter:data1\" content=\"2 minutos\" \/>\n<script type=\"application\/ld+json\" class=\"yoast-schema-graph\">{\"@context\":\"https:\\\/\\\/schema.org\",\"@graph\":[{\"@type\":\"WebPage\",\"@id\":\"https:\\\/\\\/www.veltec.eu\\\/es\\\/servicio-al-cliente\\\/\",\"url\":\"https:\\\/\\\/www.veltec.eu\\\/es\\\/servicio-al-cliente\\\/\",\"name\":\"Servicio al cliente - Veltec Kirby specialist\",\"isPartOf\":{\"@id\":\"https:\\\/\\\/www.veltec.eu\\\/en\\\/#website\"},\"primaryImageOfPage\":{\"@id\":\"https:\\\/\\\/www.veltec.eu\\\/es\\\/servicio-al-cliente\\\/#primaryimage\"},\"image\":{\"@id\":\"https:\\\/\\\/www.veltec.eu\\\/es\\\/servicio-al-cliente\\\/#primaryimage\"},\"thumbnailUrl\":\"https:\\\/\\\/www.veltec.eu\\\/wp-content\\\/uploads\\\/2021\\\/12\\\/Veltec-log-groot-e1537260889125.png\",\"datePublished\":\"2018-10-05T12:19:13+00:00\",\"dateModified\":\"2026-05-06T09:08:39+00:00\",\"description\":\"\u00bfTiene alguna pregunta? \u00bfHay algo que no cumple sus expectativas? O si necesita ayuda, utilice nuestro servicio de atenci\u00f3n al cliente.\",\"breadcrumb\":{\"@id\":\"https:\\\/\\\/www.veltec.eu\\\/es\\\/servicio-al-cliente\\\/#breadcrumb\"},\"inLanguage\":\"es\",\"potentialAction\":[{\"@type\":\"ReadAction\",\"target\":[\"https:\\\/\\\/www.veltec.eu\\\/es\\\/servicio-al-cliente\\\/\"]}]},{\"@type\":\"ImageObject\",\"inLanguage\":\"es\",\"@id\":\"https:\\\/\\\/www.veltec.eu\\\/es\\\/servicio-al-cliente\\\/#primaryimage\",\"url\":\"https:\\\/\\\/www.veltec.eu\\\/wp-content\\\/uploads\\\/2021\\\/12\\\/Veltec-log-groot-e1537260889125.png\",\"contentUrl\":\"https:\\\/\\\/www.veltec.eu\\\/wp-content\\\/uploads\\\/2021\\\/12\\\/Veltec-log-groot-e1537260889125.png\"},{\"@type\":\"BreadcrumbList\",\"@id\":\"https:\\\/\\\/www.veltec.eu\\\/es\\\/servicio-al-cliente\\\/#breadcrumb\",\"itemListElement\":[{\"@type\":\"ListItem\",\"position\":1,\"name\":\"Home\",\"item\":\"https:\\\/\\\/www.veltec.eu\\\/es\\\/pagina-de-inicio\\\/\"},{\"@type\":\"ListItem\",\"position\":2,\"name\":\"Servicio al cliente\"}]},{\"@type\":\"WebSite\",\"@id\":\"https:\\\/\\\/www.veltec.eu\\\/en\\\/#website\",\"url\":\"https:\\\/\\\/www.veltec.eu\\\/en\\\/\",\"name\":\"Veltec Kirby specialist\",\"description\":\"Kirby stofzuiger producten\",\"publisher\":{\"@id\":\"https:\\\/\\\/www.veltec.eu\\\/en\\\/#organization\"},\"potentialAction\":[{\"@type\":\"SearchAction\",\"target\":{\"@type\":\"EntryPoint\",\"urlTemplate\":\"https:\\\/\\\/www.veltec.eu\\\/en\\\/?s={search_term_string}\"},\"query-input\":{\"@type\":\"PropertyValueSpecification\",\"valueRequired\":true,\"valueName\":\"search_term_string\"}}],\"inLanguage\":\"es\"},{\"@type\":\"Organization\",\"@id\":\"https:\\\/\\\/www.veltec.eu\\\/en\\\/#organization\",\"name\":\"Veltec Kirby Specialist\",\"url\":\"https:\\\/\\\/www.veltec.eu\\\/en\\\/\",\"logo\":{\"@type\":\"ImageObject\",\"inLanguage\":\"es\",\"@id\":\"https:\\\/\\\/www.veltec.eu\\\/en\\\/#\\\/schema\\\/logo\\\/image\\\/\",\"url\":\"https:\\\/\\\/www.veltec.eu\\\/wp-content\\\/uploads\\\/2021\\\/12\\\/Veltec-log-groot-e1537260889125.png\",\"contentUrl\":\"https:\\\/\\\/www.veltec.eu\\\/wp-content\\\/uploads\\\/2021\\\/12\\\/Veltec-log-groot-e1537260889125.png\",\"width\":200,\"height\":60,\"caption\":\"Veltec Kirby Specialist\"},\"image\":{\"@id\":\"https:\\\/\\\/www.veltec.eu\\\/en\\\/#\\\/schema\\\/logo\\\/image\\\/\"},\"sameAs\":[\"https:\\\/\\\/www.facebook.com\\\/Veltec-Kirby-Specialist-236746293374877\\\/\",\"https:\\\/\\\/www.youtube.com\\\/user\\\/VeltecService\"]}]}<\/script>\n<!-- \/ Yoast SEO Premium plugin. -->","yoast_head_json":{"title":"Servicio al cliente - Veltec Kirby specialist","description":"\u00bfTiene alguna pregunta? \u00bfHay algo que no cumple sus expectativas? O si necesita ayuda, utilice nuestro servicio de atenci\u00f3n al cliente.","robots":{"index":"index","follow":"follow","max-snippet":"max-snippet:-1","max-image-preview":"max-image-preview:large","max-video-preview":"max-video-preview:-1"},"canonical":"https:\/\/www.veltec.eu\/es\/servicio-al-cliente\/","og_locale":"es_ES","og_type":"article","og_title":"Servicio al cliente","og_url":"https:\/\/www.veltec.eu\/es\/servicio-al-cliente\/","og_site_name":"Veltec Kirby specialist","article_publisher":"https:\/\/www.facebook.com\/Veltec-Kirby-Specialist-236746293374877\/","article_modified_time":"2026-05-06T09:08:39+00:00","og_image":[{"url":"https:\/\/www.veltec.eu\/wp-content\/uploads\/2021\/12\/Veltec-log-groot-e1537260889125.png","type":"","width":"","height":""}],"twitter_card":"summary_large_image","twitter_misc":{"Tiempo de lectura":"2 minutos"},"schema":{"@context":"https:\/\/schema.org","@graph":[{"@type":"WebPage","@id":"https:\/\/www.veltec.eu\/es\/servicio-al-cliente\/","url":"https:\/\/www.veltec.eu\/es\/servicio-al-cliente\/","name":"Servicio al cliente - Veltec Kirby specialist","isPartOf":{"@id":"https:\/\/www.veltec.eu\/en\/#website"},"primaryImageOfPage":{"@id":"https:\/\/www.veltec.eu\/es\/servicio-al-cliente\/#primaryimage"},"image":{"@id":"https:\/\/www.veltec.eu\/es\/servicio-al-cliente\/#primaryimage"},"thumbnailUrl":"https:\/\/www.veltec.eu\/wp-content\/uploads\/2021\/12\/Veltec-log-groot-e1537260889125.png","datePublished":"2018-10-05T12:19:13+00:00","dateModified":"2026-05-06T09:08:39+00:00","description":"\u00bfTiene alguna pregunta? \u00bfHay algo que no cumple sus expectativas? O si necesita ayuda, utilice nuestro servicio de atenci\u00f3n al cliente.","breadcrumb":{"@id":"https:\/\/www.veltec.eu\/es\/servicio-al-cliente\/#breadcrumb"},"inLanguage":"es","potentialAction":[{"@type":"ReadAction","target":["https:\/\/www.veltec.eu\/es\/servicio-al-cliente\/"]}]},{"@type":"ImageObject","inLanguage":"es","@id":"https:\/\/www.veltec.eu\/es\/servicio-al-cliente\/#primaryimage","url":"https:\/\/www.veltec.eu\/wp-content\/uploads\/2021\/12\/Veltec-log-groot-e1537260889125.png","contentUrl":"https:\/\/www.veltec.eu\/wp-content\/uploads\/2021\/12\/Veltec-log-groot-e1537260889125.png"},{"@type":"BreadcrumbList","@id":"https:\/\/www.veltec.eu\/es\/servicio-al-cliente\/#breadcrumb","itemListElement":[{"@type":"ListItem","position":1,"name":"Home","item":"https:\/\/www.veltec.eu\/es\/pagina-de-inicio\/"},{"@type":"ListItem","position":2,"name":"Servicio al cliente"}]},{"@type":"WebSite","@id":"https:\/\/www.veltec.eu\/en\/#website","url":"https:\/\/www.veltec.eu\/en\/","name":"Veltec Kirby specialist","description":"Kirby stofzuiger producten","publisher":{"@id":"https:\/\/www.veltec.eu\/en\/#organization"},"potentialAction":[{"@type":"SearchAction","target":{"@type":"EntryPoint","urlTemplate":"https:\/\/www.veltec.eu\/en\/?s={search_term_string}"},"query-input":{"@type":"PropertyValueSpecification","valueRequired":true,"valueName":"search_term_string"}}],"inLanguage":"es"},{"@type":"Organization","@id":"https:\/\/www.veltec.eu\/en\/#organization","name":"Veltec Kirby Specialist","url":"https:\/\/www.veltec.eu\/en\/","logo":{"@type":"ImageObject","inLanguage":"es","@id":"https:\/\/www.veltec.eu\/en\/#\/schema\/logo\/image\/","url":"https:\/\/www.veltec.eu\/wp-content\/uploads\/2021\/12\/Veltec-log-groot-e1537260889125.png","contentUrl":"https:\/\/www.veltec.eu\/wp-content\/uploads\/2021\/12\/Veltec-log-groot-e1537260889125.png","width":200,"height":60,"caption":"Veltec Kirby Specialist"},"image":{"@id":"https:\/\/www.veltec.eu\/en\/#\/schema\/logo\/image\/"},"sameAs":["https:\/\/www.facebook.com\/Veltec-Kirby-Specialist-236746293374877\/","https:\/\/www.youtube.com\/user\/VeltecService"]}]}},"_links":{"self":[{"href":"https:\/\/www.veltec.eu\/es\/wp-json\/wp\/v2\/pages\/3719","targetHints":{"allow":["GET"]}}],"collection":[{"href":"https:\/\/www.veltec.eu\/es\/wp-json\/wp\/v2\/pages"}],"about":[{"href":"https:\/\/www.veltec.eu\/es\/wp-json\/wp\/v2\/types\/page"}],"author":[{"embeddable":true,"href":"https:\/\/www.veltec.eu\/es\/wp-json\/wp\/v2\/users\/1"}],"replies":[{"embeddable":true,"href":"https:\/\/www.veltec.eu\/es\/wp-json\/wp\/v2\/comments?post=3719"}],"version-history":[{"count":3,"href":"https:\/\/www.veltec.eu\/es\/wp-json\/wp\/v2\/pages\/3719\/revisions"}],"predecessor-version":[{"id":92577,"href":"https:\/\/www.veltec.eu\/es\/wp-json\/wp\/v2\/pages\/3719\/revisions\/92577"}],"wp:attachment":[{"href":"https:\/\/www.veltec.eu\/es\/wp-json\/wp\/v2\/media?parent=3719"}],"curies":[{"name":"wp","href":"https:\/\/api.w.org\/{rel}","templated":true}]}}